{"id":103790,"date":"2022-06-15T13:53:15","date_gmt":"2022-06-15T11:53:15","guid":{"rendered":"https:\/\/clair.si\/izdelek\/sedlo-norton-club-draft-za-hladnokrvne-konje\/"},"modified":"2025-09-24T10:51:30","modified_gmt":"2025-09-24T08:51:30","slug":"sedlo-norton-club-draft-za-hladnokrvne-konje","status":"publish","type":"product","link":"https:\/\/clair.si\/hr\/izdelek\/sedlo-norton-club-draft-za-hladnokrvne-konje\/","title":{"rendered":"Sedlo NORTON Club Draft za hladnokrvne konje"},"content":{"rendered":"<p id=\"tw-target-text\" class=\"tw-data-text tw-text-large tw-ta\" dir=\"ltr\" data-placeholder=\"Translation\"><span class=\"Y2IQFc\" lang=\"sl\"><strong>Sedlo NORTON Club Draft za hladnokrvne konje<\/strong> izra\u0111eno od kvalitetne ko\u017ee ima vrlo duge sedelne listove. <\/span><\/p>\n<p class=\"tw-data-text tw-text-large tw-ta\" dir=\"ltr\" data-placeholder=\"Translation\"><span class=\"Y2IQFc\" lang=\"sl\">Sedelna osnova kombinira drvo i metalna poja\u010danja. Sedi\u0161te je mekano podstavljeno i pro\u0161iveno. Podstavljeni nastavci za koljena pru\u017eaju dobru potporu jaha\u010devoj nozi.  <\/span><\/p>\n<p class=\"tw-data-text tw-text-large tw-ta\" dir=\"ltr\" data-placeholder=\"Translation\"><span class=\"Y2IQFc\" lang=\"sl\">Sedelne blazine punjene su pravom ov\u010djom vunom.<br \/>\n<\/span><\/p>\n","protected":false},"excerpt":{"rendered":"<p>Sedlo NORTON Club Draft za hladnokrvne konje izra\u0111eno od kvalitetne ko\u017ee ima vrlo duge sedelne listove. Sedelna osnova kombinira drvo<\/p>\n","protected":false},"featured_media":103792,"template":"","meta":{"footnotes":""},"product_brand":[],"product_cat":[5624,5940,6854],"product_tag":[],"class_list":{"0":"post-103790","1":"product","2":"type-product","3":"status-publish","4":"has-post-thumbnail","6":"product_cat-konj-hr","7":"product_cat-sedla-hr","8":"product_cat-visenamjenska-sedla","10":"first","11":"onbackorder","12":"sale","13":"shipping-taxable","14":"purchasable","15":"product-type-variable"},"yoast_head":"<!-- This site is optimized with the Yoast SEO plugin v27.3 - https:\/\/yoast.com\/product\/yoast-seo-wordpress\/ -->\n<title>Sedlo NORTON Club Draft za hladnokrvne konje - Clair<\/title>\n<meta name=\"description\" content=\"Sedlo NORTON Club Draft za hladnokrvne konje. Pogledajte i prona\u0111ite odgovaraju\u0107e sedlo za sebe i za svog konja u na\u0161oj web trgovini clair.si!\" \/>\n<meta name=\"robots\" content=\"index, follow, max-snippet:-1, max-image-preview:large, max-video-preview:-1\" \/>\n<link rel=\"canonical\" href=\"https:\/\/clair.si\/hr\/izdelek\/sedlo-norton-club-draft-za-hladnokrvne-konje\/\" \/>\n<meta property=\"og:locale\" content=\"hr_HR\" \/>\n<meta property=\"og:type\" content=\"article\" \/>\n<meta property=\"og:title\" content=\"Sedlo NORTON Club Draft za hladnokrvne konje - Clair\" \/>\n<meta property=\"og:description\" content=\"Sedlo NORTON Club Draft za hladnokrvne konje. Pogledajte i prona\u0111ite odgovaraju\u0107e sedlo za sebe i za svog konja u na\u0161oj web trgovini clair.si!\" \/>\n<meta property=\"og:url\" content=\"https:\/\/clair.si\/hr\/izdelek\/sedlo-norton-club-draft-za-hladnokrvne-konje\/\" \/>\n<meta property=\"og:site_name\" content=\"Clair\" \/>\n<meta property=\"article:publisher\" content=\"https:\/\/www.facebook.com\/TrgovinaClair\/\" \/>\n<meta property=\"article:modified_time\" content=\"2025-09-24T08:51:30+00:00\" \/>\n<meta property=\"og:image\" content=\"https:\/\/clair.si\/wp-content\/uploads\/2022\/06\/norton-club-sedlo-za-hladnokrvne-konje.jpg\" \/>\n\t<meta property=\"og:image:width\" content=\"800\" \/>\n\t<meta property=\"og:image:height\" content=\"800\" \/>\n\t<meta property=\"og:image:type\" content=\"image\/jpeg\" \/>\n<meta name=\"twitter:card\" content=\"summary_large_image\" \/>\n<script type=\"application\/ld+json\" class=\"yoast-schema-graph\">{\"@context\":\"https:\\\/\\\/schema.org\",\"@graph\":[{\"@type\":\"WebPage\",\"@id\":\"https:\\\/\\\/clair.si\\\/hr\\\/izdelek\\\/sedlo-norton-club-draft-za-hladnokrvne-konje\\\/\",\"url\":\"https:\\\/\\\/clair.si\\\/hr\\\/izdelek\\\/sedlo-norton-club-draft-za-hladnokrvne-konje\\\/\",\"name\":\"Sedlo NORTON Club Draft za hladnokrvne konje - Clair\",\"isPartOf\":{\"@id\":\"https:\\\/\\\/clair.si\\\/#website\"},\"primaryImageOfPage\":{\"@id\":\"https:\\\/\\\/clair.si\\\/hr\\\/izdelek\\\/sedlo-norton-club-draft-za-hladnokrvne-konje\\\/#primaryimage\"},\"image\":{\"@id\":\"https:\\\/\\\/clair.si\\\/hr\\\/izdelek\\\/sedlo-norton-club-draft-za-hladnokrvne-konje\\\/#primaryimage\"},\"thumbnailUrl\":\"https:\\\/\\\/clair.si\\\/wp-content\\\/uploads\\\/2022\\\/06\\\/norton-club-sedlo-za-hladnokrvne-konje.webp\",\"datePublished\":\"2022-06-15T11:53:15+00:00\",\"dateModified\":\"2025-09-24T08:51:30+00:00\",\"description\":\"Sedlo NORTON Club Draft za hladnokrvne konje. Pogledajte i prona\u0111ite odgovaraju\u0107e sedlo za sebe i za svog konja u na\u0161oj web trgovini clair.si!\",\"breadcrumb\":{\"@id\":\"https:\\\/\\\/clair.si\\\/hr\\\/izdelek\\\/sedlo-norton-club-draft-za-hladnokrvne-konje\\\/#breadcrumb\"},\"inLanguage\":\"hr\",\"potentialAction\":[{\"@type\":\"ReadAction\",\"target\":[\"https:\\\/\\\/clair.si\\\/hr\\\/izdelek\\\/sedlo-norton-club-draft-za-hladnokrvne-konje\\\/\"]}]},{\"@type\":\"ImageObject\",\"inLanguage\":\"hr\",\"@id\":\"https:\\\/\\\/clair.si\\\/hr\\\/izdelek\\\/sedlo-norton-club-draft-za-hladnokrvne-konje\\\/#primaryimage\",\"url\":\"https:\\\/\\\/clair.si\\\/wp-content\\\/uploads\\\/2022\\\/06\\\/norton-club-sedlo-za-hladnokrvne-konje.webp\",\"contentUrl\":\"https:\\\/\\\/clair.si\\\/wp-content\\\/uploads\\\/2022\\\/06\\\/norton-club-sedlo-za-hladnokrvne-konje.webp\",\"width\":800,\"height\":800,\"caption\":\"Sedlo za hladnokrvne konje Norton.\"},{\"@type\":\"BreadcrumbList\",\"@id\":\"https:\\\/\\\/clair.si\\\/hr\\\/izdelek\\\/sedlo-norton-club-draft-za-hladnokrvne-konje\\\/#breadcrumb\",\"itemListElement\":[{\"@type\":\"ListItem\",\"position\":1,\"name\":\"Home\",\"item\":\"https:\\\/\\\/clair.si\\\/hr\\\/\"},{\"@type\":\"ListItem\",\"position\":2,\"name\":\"Trgovina\",\"item\":\"https:\\\/\\\/clair.si\\\/trgovina\\\/\"},{\"@type\":\"ListItem\",\"position\":3,\"name\":\"Sedlo NORTON Club Draft za hladnokrvne konje\"}]},{\"@type\":\"WebSite\",\"@id\":\"https:\\\/\\\/clair.si\\\/#website\",\"url\":\"https:\\\/\\\/clair.si\\\/\",\"name\":\"Clair\",\"description\":\"Trgovina s konjeni\u0161ko opremo\",\"publisher\":{\"@id\":\"https:\\\/\\\/clair.si\\\/#organization\"},\"potentialAction\":[{\"@type\":\"SearchAction\",\"target\":{\"@type\":\"EntryPoint\",\"urlTemplate\":\"https:\\\/\\\/clair.si\\\/?s={search_term_string}\"},\"query-input\":{\"@type\":\"PropertyValueSpecification\",\"valueRequired\":true,\"valueName\":\"search_term_string\"}}],\"inLanguage\":\"hr\"},{\"@type\":\"Organization\",\"@id\":\"https:\\\/\\\/clair.si\\\/#organization\",\"name\":\"Clair\",\"url\":\"https:\\\/\\\/clair.si\\\/\",\"logo\":{\"@type\":\"ImageObject\",\"inLanguage\":\"hr\",\"@id\":\"https:\\\/\\\/clair.si\\\/#\\\/schema\\\/logo\\\/image\\\/\",\"url\":\"https:\\\/\\\/clair.si\\\/wp-content\\\/uploads\\\/2022\\\/11\\\/clair_logo_2022.jpg\",\"contentUrl\":\"https:\\\/\\\/clair.si\\\/wp-content\\\/uploads\\\/2022\\\/11\\\/clair_logo_2022.jpg\",\"width\":1920,\"height\":1920,\"caption\":\"Clair\"},\"image\":{\"@id\":\"https:\\\/\\\/clair.si\\\/#\\\/schema\\\/logo\\\/image\\\/\"},\"sameAs\":[\"https:\\\/\\\/www.facebook.com\\\/TrgovinaClair\\\/\"]}]}<\/script>\n<!-- \/ Yoast SEO plugin. -->","yoast_head_json":{"title":"Sedlo NORTON Club Draft za hladnokrvne konje - Clair","description":"Sedlo NORTON Club Draft za hladnokrvne konje. Pogledajte i prona\u0111ite odgovaraju\u0107e sedlo za sebe i za svog konja u na\u0161oj web trgovini clair.si!","robots":{"index":"index","follow":"follow","max-snippet":"max-snippet:-1","max-image-preview":"max-image-preview:large","max-video-preview":"max-video-preview:-1"},"canonical":"https:\/\/clair.si\/hr\/izdelek\/sedlo-norton-club-draft-za-hladnokrvne-konje\/","og_locale":"hr_HR","og_type":"article","og_title":"Sedlo NORTON Club Draft za hladnokrvne konje - Clair","og_description":"Sedlo NORTON Club Draft za hladnokrvne konje. Pogledajte i prona\u0111ite odgovaraju\u0107e sedlo za sebe i za svog konja u na\u0161oj web trgovini clair.si!","og_url":"https:\/\/clair.si\/hr\/izdelek\/sedlo-norton-club-draft-za-hladnokrvne-konje\/","og_site_name":"Clair","article_publisher":"https:\/\/www.facebook.com\/TrgovinaClair\/","article_modified_time":"2025-09-24T08:51:30+00:00","og_image":[{"width":800,"height":800,"url":"https:\/\/clair.si\/wp-content\/uploads\/2022\/06\/norton-club-sedlo-za-hladnokrvne-konje.jpg","type":"image\/jpeg"}],"twitter_card":"summary_large_image","schema":{"@context":"https:\/\/schema.org","@graph":[{"@type":"WebPage","@id":"https:\/\/clair.si\/hr\/izdelek\/sedlo-norton-club-draft-za-hladnokrvne-konje\/","url":"https:\/\/clair.si\/hr\/izdelek\/sedlo-norton-club-draft-za-hladnokrvne-konje\/","name":"Sedlo NORTON Club Draft za hladnokrvne konje - Clair","isPartOf":{"@id":"https:\/\/clair.si\/#website"},"primaryImageOfPage":{"@id":"https:\/\/clair.si\/hr\/izdelek\/sedlo-norton-club-draft-za-hladnokrvne-konje\/#primaryimage"},"image":{"@id":"https:\/\/clair.si\/hr\/izdelek\/sedlo-norton-club-draft-za-hladnokrvne-konje\/#primaryimage"},"thumbnailUrl":"https:\/\/clair.si\/wp-content\/uploads\/2022\/06\/norton-club-sedlo-za-hladnokrvne-konje.webp","datePublished":"2022-06-15T11:53:15+00:00","dateModified":"2025-09-24T08:51:30+00:00","description":"Sedlo NORTON Club Draft za hladnokrvne konje. Pogledajte i prona\u0111ite odgovaraju\u0107e sedlo za sebe i za svog konja u na\u0161oj web trgovini clair.si!","breadcrumb":{"@id":"https:\/\/clair.si\/hr\/izdelek\/sedlo-norton-club-draft-za-hladnokrvne-konje\/#breadcrumb"},"inLanguage":"hr","potentialAction":[{"@type":"ReadAction","target":["https:\/\/clair.si\/hr\/izdelek\/sedlo-norton-club-draft-za-hladnokrvne-konje\/"]}]},{"@type":"ImageObject","inLanguage":"hr","@id":"https:\/\/clair.si\/hr\/izdelek\/sedlo-norton-club-draft-za-hladnokrvne-konje\/#primaryimage","url":"https:\/\/clair.si\/wp-content\/uploads\/2022\/06\/norton-club-sedlo-za-hladnokrvne-konje.webp","contentUrl":"https:\/\/clair.si\/wp-content\/uploads\/2022\/06\/norton-club-sedlo-za-hladnokrvne-konje.webp","width":800,"height":800,"caption":"Sedlo za hladnokrvne konje Norton."},{"@type":"BreadcrumbList","@id":"https:\/\/clair.si\/hr\/izdelek\/sedlo-norton-club-draft-za-hladnokrvne-konje\/#breadcrumb","itemListElement":[{"@type":"ListItem","position":1,"name":"Home","item":"https:\/\/clair.si\/hr\/"},{"@type":"ListItem","position":2,"name":"Trgovina","item":"https:\/\/clair.si\/trgovina\/"},{"@type":"ListItem","position":3,"name":"Sedlo NORTON Club Draft za hladnokrvne konje"}]},{"@type":"WebSite","@id":"https:\/\/clair.si\/#website","url":"https:\/\/clair.si\/","name":"Clair","description":"Trgovina s konjeni\u0161ko opremo","publisher":{"@id":"https:\/\/clair.si\/#organization"},"potentialAction":[{"@type":"SearchAction","target":{"@type":"EntryPoint","urlTemplate":"https:\/\/clair.si\/?s={search_term_string}"},"query-input":{"@type":"PropertyValueSpecification","valueRequired":true,"valueName":"search_term_string"}}],"inLanguage":"hr"},{"@type":"Organization","@id":"https:\/\/clair.si\/#organization","name":"Clair","url":"https:\/\/clair.si\/","logo":{"@type":"ImageObject","inLanguage":"hr","@id":"https:\/\/clair.si\/#\/schema\/logo\/image\/","url":"https:\/\/clair.si\/wp-content\/uploads\/2022\/11\/clair_logo_2022.jpg","contentUrl":"https:\/\/clair.si\/wp-content\/uploads\/2022\/11\/clair_logo_2022.jpg","width":1920,"height":1920,"caption":"Clair"},"image":{"@id":"https:\/\/clair.si\/#\/schema\/logo\/image\/"},"sameAs":["https:\/\/www.facebook.com\/TrgovinaClair\/"]}]}},"_links":{"self":[{"href":"https:\/\/clair.si\/hr\/wp-json\/wp\/v2\/product\/103790","targetHints":{"allow":["GET"]}}],"collection":[{"href":"https:\/\/clair.si\/hr\/wp-json\/wp\/v2\/product"}],"about":[{"href":"https:\/\/clair.si\/hr\/wp-json\/wp\/v2\/types\/product"}],"version-history":[{"count":0,"href":"https:\/\/clair.si\/hr\/wp-json\/wp\/v2\/product\/103790\/revisions"}],"wp:featuredmedia":[{"embeddable":true,"href":"https:\/\/clair.si\/hr\/wp-json\/wp\/v2\/media\/103792"}],"wp:attachment":[{"href":"https:\/\/clair.si\/hr\/wp-json\/wp\/v2\/media?parent=103790"}],"wp:term":[{"taxonomy":"product_brand","embeddable":true,"href":"https:\/\/clair.si\/hr\/wp-json\/wp\/v2\/product_brand?post=103790"},{"taxonomy":"product_cat","embeddable":true,"href":"https:\/\/clair.si\/hr\/wp-json\/wp\/v2\/product_cat?post=103790"},{"taxonomy":"product_tag","embeddable":true,"href":"https:\/\/clair.si\/hr\/wp-json\/wp\/v2\/product_tag?post=103790"}],"curies":[{"name":"wp","href":"https:\/\/api.w.org\/{rel}","templated":true}]}}