{"id":103800,"date":"2022-06-15T13:01:34","date_gmt":"2022-06-15T11:01:34","guid":{"rendered":"https:\/\/clair.si\/izdelek\/elektricne-skare-za-konje-heiniger-xperience-2\/"},"modified":"2025-08-27T13:38:22","modified_gmt":"2025-08-27T11:38:22","slug":"elektricne-skare-za-konje-heiniger-xperience-2","status":"publish","type":"product","link":"https:\/\/clair.si\/hr\/izdelek\/elektricne-skare-za-konje-heiniger-xperience-2\/","title":{"rendered":"Elektri\u010dne \u0161kare za konje Heiniger Xperience 2"},"content":{"rendered":"<p><strong>Elektri\u010dne \u0161kare za konje Heiniger Xperience 2<\/strong> omogu\u0107uju visoku brzinu rezanja i omogu\u0107uju odabir dvije razine: 2600 ili 2900 dvostrukih zamaha u minuti.<\/p>\n<p>Zbog svog sna\u017enog i izdr\u017eljivog elektromotora omogu\u0107uju nam brzo \u0161i\u0161anje na\u0161ih konja. Tako omogu\u0107uju brzo i jednostavno \u0161i\u0161anje<strong>.<\/strong> <\/p>\n<p><strong>Elektri\u010dne \u0161kare Heiniger Xperience 2<\/strong> su<\/p>\n<ul>\n<li>vrlo sna\u017ene<\/li>\n<li>tihe<\/li>\n<li>zape\u010da\u0107ene, ne dolazi do curenja zraka.<\/li>\n<\/ul>\n<p>Ku\u0107i\u0161te je oja\u010dano staklenim vlaknima. Jedinstvena veza izme\u0111u ku\u0107i\u0161ta i glave elektri\u010dnih \u0161kara prenosi manji broj vibracija. <\/p>\n<p>No\u017eevi 31\/23<\/p>\n<p><strong>Uklju\u010deno u isporuku:<\/strong><\/p>\n<ul>\n<li>prakti\u010dan kov\u010deg<\/li>\n<li><strong>Elektri\u010dne \u0161kare za goveda i konje Heiniger Xperience 2<\/strong><\/li>\n<li>odvija\u010d<\/li>\n<li>ulje za elektri\u010dne \u0161kare Heiniger<\/li>\n<li>\u010detka za \u010di\u0161\u0107enje<\/li>\n<li>upute za upotrebu<\/li>\n<\/ul>\n<p>&nbsp;<\/p>\n","protected":false},"excerpt":{"rendered":"<p>Elektri\u010dne \u0161kare za konje Heiniger Xperience 2 omogu\u0107uju visoku brzinu rezanja i omogu\u0107uju odabir dvije razine: 2600 ili 2900 dvostrukih<\/p>\n","protected":false},"featured_media":103805,"template":"","meta":{"footnotes":""},"product_brand":[],"product_cat":[6176,6175,5627],"product_tag":[],"class_list":{"0":"post-103800","1":"product","2":"type-product","3":"status-publish","4":"has-post-thumbnail","6":"product_cat-elektricne-skare","7":"product_cat-heiniger-hr","8":"product_cat-stala-i-pasnjak","10":"first","11":"instock","12":"shipping-taxable","13":"purchasable","14":"product-type-simple"},"yoast_head":"<!-- This site is optimized with the Yoast SEO plugin v27.3 - https:\/\/yoast.com\/product\/yoast-seo-wordpress\/ -->\n<title>Elektri\u010dne \u0161kare za konje Heiniger Xperience 2 - Clair<\/title>\n<meta name=\"description\" content=\"Elektri\u010dne \u0161kare za konje Heiniger Xperience 2 su elektri\u010dne \u0161kare koje tra\u017eite za svog konja. Provjerite ponudu na webu!\" \/>\n<meta name=\"robots\" content=\"index, follow, max-snippet:-1, max-image-preview:large, max-video-preview:-1\" \/>\n<link rel=\"canonical\" href=\"https:\/\/clair.si\/hr\/izdelek\/elektricne-skare-za-konje-heiniger-xperience-2\/\" \/>\n<meta property=\"og:locale\" content=\"hr_HR\" \/>\n<meta property=\"og:type\" content=\"article\" \/>\n<meta property=\"og:title\" content=\"Elektri\u010dne \u0161kare za konje Heiniger Xperience 2 - Clair\" \/>\n<meta property=\"og:description\" content=\"Elektri\u010dne \u0161kare za konje Heiniger Xperience 2 su elektri\u010dne \u0161kare koje tra\u017eite za svog konja. Provjerite ponudu na webu!\" \/>\n<meta property=\"og:url\" content=\"https:\/\/clair.si\/hr\/izdelek\/elektricne-skare-za-konje-heiniger-xperience-2\/\" \/>\n<meta property=\"og:site_name\" content=\"Clair\" \/>\n<meta property=\"article:publisher\" content=\"https:\/\/www.facebook.com\/TrgovinaClair\/\" \/>\n<meta property=\"article:modified_time\" content=\"2025-08-27T11:38:22+00:00\" \/>\n<meta property=\"og:image\" content=\"https:\/\/clair.si\/wp-content\/uploads\/2022\/06\/Elektricne-skarje-za-govedo-in-konje-Xperience-2-Heiniger.jpeg\" \/>\n\t<meta property=\"og:image:width\" content=\"800\" \/>\n\t<meta property=\"og:image:height\" content=\"800\" \/>\n\t<meta property=\"og:image:type\" content=\"image\/jpeg\" \/>\n<meta name=\"twitter:card\" content=\"summary_large_image\" \/>\n<meta name=\"twitter:label1\" content=\"Procijenjeno vrijeme \u010ditanja\" \/>\n\t<meta name=\"twitter:data1\" content=\"1 minuta\" \/>\n<script type=\"application\/ld+json\" class=\"yoast-schema-graph\">{\"@context\":\"https:\\\/\\\/schema.org\",\"@graph\":[{\"@type\":\"WebPage\",\"@id\":\"https:\\\/\\\/clair.si\\\/hr\\\/izdelek\\\/elektricne-skare-za-konje-heiniger-xperience-2\\\/\",\"url\":\"https:\\\/\\\/clair.si\\\/hr\\\/izdelek\\\/elektricne-skare-za-konje-heiniger-xperience-2\\\/\",\"name\":\"Elektri\u010dne \u0161kare za konje Heiniger Xperience 2 - Clair\",\"isPartOf\":{\"@id\":\"https:\\\/\\\/clair.si\\\/#website\"},\"primaryImageOfPage\":{\"@id\":\"https:\\\/\\\/clair.si\\\/hr\\\/izdelek\\\/elektricne-skare-za-konje-heiniger-xperience-2\\\/#primaryimage\"},\"image\":{\"@id\":\"https:\\\/\\\/clair.si\\\/hr\\\/izdelek\\\/elektricne-skare-za-konje-heiniger-xperience-2\\\/#primaryimage\"},\"thumbnailUrl\":\"https:\\\/\\\/clair.si\\\/wp-content\\\/uploads\\\/2022\\\/06\\\/Elektricne-skarje-za-govedo-in-konje-Xperience-2-Heiniger.webp\",\"datePublished\":\"2022-06-15T11:01:34+00:00\",\"dateModified\":\"2025-08-27T11:38:22+00:00\",\"description\":\"Elektri\u010dne \u0161kare za konje Heiniger Xperience 2 su elektri\u010dne \u0161kare koje tra\u017eite za svog konja. Provjerite ponudu na webu!\",\"breadcrumb\":{\"@id\":\"https:\\\/\\\/clair.si\\\/hr\\\/izdelek\\\/elektricne-skare-za-konje-heiniger-xperience-2\\\/#breadcrumb\"},\"inLanguage\":\"hr\",\"potentialAction\":[{\"@type\":\"ReadAction\",\"target\":[\"https:\\\/\\\/clair.si\\\/hr\\\/izdelek\\\/elektricne-skare-za-konje-heiniger-xperience-2\\\/\"]}]},{\"@type\":\"ImageObject\",\"inLanguage\":\"hr\",\"@id\":\"https:\\\/\\\/clair.si\\\/hr\\\/izdelek\\\/elektricne-skare-za-konje-heiniger-xperience-2\\\/#primaryimage\",\"url\":\"https:\\\/\\\/clair.si\\\/wp-content\\\/uploads\\\/2022\\\/06\\\/Elektricne-skarje-za-govedo-in-konje-Xperience-2-Heiniger.webp\",\"contentUrl\":\"https:\\\/\\\/clair.si\\\/wp-content\\\/uploads\\\/2022\\\/06\\\/Elektricne-skarje-za-govedo-in-konje-Xperience-2-Heiniger.webp\",\"width\":800,\"height\":800,\"caption\":\"Elektri\u010dne \u0161karje za konje\"},{\"@type\":\"BreadcrumbList\",\"@id\":\"https:\\\/\\\/clair.si\\\/hr\\\/izdelek\\\/elektricne-skare-za-konje-heiniger-xperience-2\\\/#breadcrumb\",\"itemListElement\":[{\"@type\":\"ListItem\",\"position\":1,\"name\":\"Home\",\"item\":\"https:\\\/\\\/clair.si\\\/hr\\\/\"},{\"@type\":\"ListItem\",\"position\":2,\"name\":\"Trgovina\",\"item\":\"https:\\\/\\\/clair.si\\\/trgovina\\\/\"},{\"@type\":\"ListItem\",\"position\":3,\"name\":\"Elektri\u010dne \u0161kare za konje Heiniger Xperience 2\"}]},{\"@type\":\"WebSite\",\"@id\":\"https:\\\/\\\/clair.si\\\/#website\",\"url\":\"https:\\\/\\\/clair.si\\\/\",\"name\":\"Clair\",\"description\":\"Trgovina s konjeni\u0161ko opremo\",\"publisher\":{\"@id\":\"https:\\\/\\\/clair.si\\\/#organization\"},\"potentialAction\":[{\"@type\":\"SearchAction\",\"target\":{\"@type\":\"EntryPoint\",\"urlTemplate\":\"https:\\\/\\\/clair.si\\\/?s={search_term_string}\"},\"query-input\":{\"@type\":\"PropertyValueSpecification\",\"valueRequired\":true,\"valueName\":\"search_term_string\"}}],\"inLanguage\":\"hr\"},{\"@type\":\"Organization\",\"@id\":\"https:\\\/\\\/clair.si\\\/#organization\",\"name\":\"Clair\",\"url\":\"https:\\\/\\\/clair.si\\\/\",\"logo\":{\"@type\":\"ImageObject\",\"inLanguage\":\"hr\",\"@id\":\"https:\\\/\\\/clair.si\\\/#\\\/schema\\\/logo\\\/image\\\/\",\"url\":\"https:\\\/\\\/clair.si\\\/wp-content\\\/uploads\\\/2022\\\/11\\\/clair_logo_2022.jpg\",\"contentUrl\":\"https:\\\/\\\/clair.si\\\/wp-content\\\/uploads\\\/2022\\\/11\\\/clair_logo_2022.jpg\",\"width\":1920,\"height\":1920,\"caption\":\"Clair\"},\"image\":{\"@id\":\"https:\\\/\\\/clair.si\\\/#\\\/schema\\\/logo\\\/image\\\/\"},\"sameAs\":[\"https:\\\/\\\/www.facebook.com\\\/TrgovinaClair\\\/\"]}]}<\/script>\n<!-- \/ Yoast SEO plugin. -->","yoast_head_json":{"title":"Elektri\u010dne \u0161kare za konje Heiniger Xperience 2 - Clair","description":"Elektri\u010dne \u0161kare za konje Heiniger Xperience 2 su elektri\u010dne \u0161kare koje tra\u017eite za svog konja. Provjerite ponudu na webu!","robots":{"index":"index","follow":"follow","max-snippet":"max-snippet:-1","max-image-preview":"max-image-preview:large","max-video-preview":"max-video-preview:-1"},"canonical":"https:\/\/clair.si\/hr\/izdelek\/elektricne-skare-za-konje-heiniger-xperience-2\/","og_locale":"hr_HR","og_type":"article","og_title":"Elektri\u010dne \u0161kare za konje Heiniger Xperience 2 - Clair","og_description":"Elektri\u010dne \u0161kare za konje Heiniger Xperience 2 su elektri\u010dne \u0161kare koje tra\u017eite za svog konja. Provjerite ponudu na webu!","og_url":"https:\/\/clair.si\/hr\/izdelek\/elektricne-skare-za-konje-heiniger-xperience-2\/","og_site_name":"Clair","article_publisher":"https:\/\/www.facebook.com\/TrgovinaClair\/","article_modified_time":"2025-08-27T11:38:22+00:00","og_image":[{"width":800,"height":800,"url":"https:\/\/clair.si\/wp-content\/uploads\/2022\/06\/Elektricne-skarje-za-govedo-in-konje-Xperience-2-Heiniger.jpeg","type":"image\/jpeg"}],"twitter_card":"summary_large_image","twitter_misc":{"Procijenjeno vrijeme \u010ditanja":"1 minuta"},"schema":{"@context":"https:\/\/schema.org","@graph":[{"@type":"WebPage","@id":"https:\/\/clair.si\/hr\/izdelek\/elektricne-skare-za-konje-heiniger-xperience-2\/","url":"https:\/\/clair.si\/hr\/izdelek\/elektricne-skare-za-konje-heiniger-xperience-2\/","name":"Elektri\u010dne \u0161kare za konje Heiniger Xperience 2 - Clair","isPartOf":{"@id":"https:\/\/clair.si\/#website"},"primaryImageOfPage":{"@id":"https:\/\/clair.si\/hr\/izdelek\/elektricne-skare-za-konje-heiniger-xperience-2\/#primaryimage"},"image":{"@id":"https:\/\/clair.si\/hr\/izdelek\/elektricne-skare-za-konje-heiniger-xperience-2\/#primaryimage"},"thumbnailUrl":"https:\/\/clair.si\/wp-content\/uploads\/2022\/06\/Elektricne-skarje-za-govedo-in-konje-Xperience-2-Heiniger.webp","datePublished":"2022-06-15T11:01:34+00:00","dateModified":"2025-08-27T11:38:22+00:00","description":"Elektri\u010dne \u0161kare za konje Heiniger Xperience 2 su elektri\u010dne \u0161kare koje tra\u017eite za svog konja. Provjerite ponudu na webu!","breadcrumb":{"@id":"https:\/\/clair.si\/hr\/izdelek\/elektricne-skare-za-konje-heiniger-xperience-2\/#breadcrumb"},"inLanguage":"hr","potentialAction":[{"@type":"ReadAction","target":["https:\/\/clair.si\/hr\/izdelek\/elektricne-skare-za-konje-heiniger-xperience-2\/"]}]},{"@type":"ImageObject","inLanguage":"hr","@id":"https:\/\/clair.si\/hr\/izdelek\/elektricne-skare-za-konje-heiniger-xperience-2\/#primaryimage","url":"https:\/\/clair.si\/wp-content\/uploads\/2022\/06\/Elektricne-skarje-za-govedo-in-konje-Xperience-2-Heiniger.webp","contentUrl":"https:\/\/clair.si\/wp-content\/uploads\/2022\/06\/Elektricne-skarje-za-govedo-in-konje-Xperience-2-Heiniger.webp","width":800,"height":800,"caption":"Elektri\u010dne \u0161karje za konje"},{"@type":"BreadcrumbList","@id":"https:\/\/clair.si\/hr\/izdelek\/elektricne-skare-za-konje-heiniger-xperience-2\/#breadcrumb","itemListElement":[{"@type":"ListItem","position":1,"name":"Home","item":"https:\/\/clair.si\/hr\/"},{"@type":"ListItem","position":2,"name":"Trgovina","item":"https:\/\/clair.si\/trgovina\/"},{"@type":"ListItem","position":3,"name":"Elektri\u010dne \u0161kare za konje Heiniger Xperience 2"}]},{"@type":"WebSite","@id":"https:\/\/clair.si\/#website","url":"https:\/\/clair.si\/","name":"Clair","description":"Trgovina s konjeni\u0161ko opremo","publisher":{"@id":"https:\/\/clair.si\/#organization"},"potentialAction":[{"@type":"SearchAction","target":{"@type":"EntryPoint","urlTemplate":"https:\/\/clair.si\/?s={search_term_string}"},"query-input":{"@type":"PropertyValueSpecification","valueRequired":true,"valueName":"search_term_string"}}],"inLanguage":"hr"},{"@type":"Organization","@id":"https:\/\/clair.si\/#organization","name":"Clair","url":"https:\/\/clair.si\/","logo":{"@type":"ImageObject","inLanguage":"hr","@id":"https:\/\/clair.si\/#\/schema\/logo\/image\/","url":"https:\/\/clair.si\/wp-content\/uploads\/2022\/11\/clair_logo_2022.jpg","contentUrl":"https:\/\/clair.si\/wp-content\/uploads\/2022\/11\/clair_logo_2022.jpg","width":1920,"height":1920,"caption":"Clair"},"image":{"@id":"https:\/\/clair.si\/#\/schema\/logo\/image\/"},"sameAs":["https:\/\/www.facebook.com\/TrgovinaClair\/"]}]}},"_links":{"self":[{"href":"https:\/\/clair.si\/hr\/wp-json\/wp\/v2\/product\/103800","targetHints":{"allow":["GET"]}}],"collection":[{"href":"https:\/\/clair.si\/hr\/wp-json\/wp\/v2\/product"}],"about":[{"href":"https:\/\/clair.si\/hr\/wp-json\/wp\/v2\/types\/product"}],"version-history":[{"count":0,"href":"https:\/\/clair.si\/hr\/wp-json\/wp\/v2\/product\/103800\/revisions"}],"wp:featuredmedia":[{"embeddable":true,"href":"https:\/\/clair.si\/hr\/wp-json\/wp\/v2\/media\/103805"}],"wp:attachment":[{"href":"https:\/\/clair.si\/hr\/wp-json\/wp\/v2\/media?parent=103800"}],"wp:term":[{"taxonomy":"product_brand","embeddable":true,"href":"https:\/\/clair.si\/hr\/wp-json\/wp\/v2\/product_brand?post=103800"},{"taxonomy":"product_cat","embeddable":true,"href":"https:\/\/clair.si\/hr\/wp-json\/wp\/v2\/product_cat?post=103800"},{"taxonomy":"product_tag","embeddable":true,"href":"https:\/\/clair.si\/hr\/wp-json\/wp\/v2\/product_tag?post=103800"}],"curies":[{"name":"wp","href":"https:\/\/api.w.org\/{rel}","templated":true}]}}