{"id":103802,"date":"2022-06-15T13:19:01","date_gmt":"2022-06-15T11:19:01","guid":{"rendered":"https:\/\/clair.si\/izdelek\/visenamjensko-sedlo-wintec-2000-mixte-hart-wide\/"},"modified":"2025-08-28T06:53:24","modified_gmt":"2025-08-28T04:53:24","slug":"visenamjensko-sedlo-wintec-2000-mixte-hart-wide","status":"publish","type":"product","link":"https:\/\/clair.si\/hr\/izdelek\/visenamjensko-sedlo-wintec-2000-mixte-hart-wide\/","title":{"rendered":"Vi\u0161enamjensko sedlo WINTEC 2000 Mixte HART Wide"},"content":{"rendered":"<p id=\"tw-target-text\" class=\"tw-data-text tw-text-large tw-ta\" dir=\"ltr\" data-placeholder=\"Translation\"><span class=\"Y2IQFc\" lang=\"sl\">Novi model &#8211; <strong>vi\u0161enamjensko sinteti\u010dko sedlo WINTEC 2000 Mixte HART Wide<\/strong> &#8211; dizajnirano posebno za konje \u0161irokog okvira.<br \/>\n<\/span><\/p>\n<p class=\"tw-data-text tw-text-large tw-ta\" dir=\"ltr\" data-placeholder=\"Translation\"><span class=\"Y2IQFc\" lang=\"sl\">Vi\u0161enamjensko sedlo WINTEC 2000 Mixte HART Wide jaha\u010du nudi iznimnu udobnost i potporu s prianjaju\u0107im materijalom na sjedalu te profinjenim dizajnom. Materijal kojim je prekriven sjedni dio sedla osigurava osje\u0107aj bliskog kontakta, \u0161to omogu\u0107uje lagan polo\u017eaj nogu i savr\u0161enu ravnote\u017eu.  <\/span><\/p>\n<p class=\"tw-data-text tw-text-large tw-ta\" dir=\"ltr\" data-placeholder=\"Translation\"><span class=\"Y2IQFc\" lang=\"sl\">Konji \u0161irokog okvira u\u017eivat \u0107e u super mekanim sedlenim jastucima, koji se prilago\u0111avaju le\u0111nim mi\u0161i\u0107ima s tehnologijom CAIR. Za tje\u0161nje i stabilnije prianjanje sedla konju brine Fleksibilno a \u010dvrsto sedleno deblo sa sustavom ElastiFlex.<br \/>\n<\/span><\/p>\n<p dir=\"ltr\" data-placeholder=\"Translation\">\u0160irinu sedla u predjelu ple\u0107ke mo\u017eete kad god promijeniti i prilagoditi sa sustavom Easy-Change Fit Solution.<\/p>\n<p><strong>Elastiflex sedlena osnova<\/strong> \u2013 zamislite udobnost sedlene osnove sa sposobno\u0161\u0107u savijanja i pomicanja sa svakim konjevim korakom. Kralje\u017enica va\u0161eg konja za\u0161ti\u0107ena je od udarnih sila, dok bo\u010dna fleksija omogu\u0107uje da le\u0111a va\u0161eg konja zanji\u0161u i kre\u0107u se neometano i prirodno. Elastiflex sedlena osnova izra\u0111ena je od simetri\u010dnih materijala, izuzetno je lagana i sna\u017ena te za\u0161ti\u0107ena od loma ili uvijanja.   S HART tehnologijom ste u sigurnim rukama u sedlu.<\/p>\n<p><strong>Sustav sedlenih jastuka CAIR<\/strong> \u2013 vjerujte jednostavno u najbolju za\u0161titu koju mo\u017eete ponuditi svom konju. Super mekani zra\u010dni jastuci u stalnom su kontaktu s gibljivim le\u0111nim mi\u0161i\u0107ima va\u0161eg konja. Pru\u017eaju potpunu udobnost zbog ravnomjernog i ni\u017eeg pritiska u kombinaciji s najboljom apsorpcijom udaraca.   S CAIR sustavom va\u0161 \u0107e konj reagirati sa slobodom kretanja koju mo\u017eete osjetiti.<\/p>\n<p><strong>EASY-CHANGE Fit Solution<\/strong> \u2013 Kada je va\u0161 konj va\u0161 svijet, razumijemo va\u0161u potrebu za potpunim jamstvom o savr\u0161enom rje\u0161enju sada i u budu\u0107nosti. Opustite se s povjerenjem u potpunu prilagodljivost sedla. S najve\u0107im opsegom prilago\u0111avanja, koji je mjerljiv, simetri\u010dan i potpuno reverzibilan, znate da svom konju dajete sve s rje\u0161enjem zamjenjivih sedlenih lukova.  <\/p>\n<p><strong>S tehnologijom HART ste vi i va\u0161 konj u sigurnim rukama.<\/strong><\/p>\n","protected":false},"excerpt":{"rendered":"<p><span class=\"Y2IQFc\" lang=\"sl\"><strong>Vi\u0161enamjensko sedlo dizajnirano posebno za \u0161iroke konje<\/strong> i njihove jaha\u010de, kako bi zajedno mogli u\u017eivati u vrhunskom udobju!<\/span><\/p>\n","protected":false},"featured_media":103809,"template":"","meta":{"footnotes":""},"product_brand":[],"product_cat":[5624,5940,6854],"product_tag":[],"class_list":{"0":"post-103802","1":"product","2":"type-product","3":"status-publish","4":"has-post-thumbnail","6":"product_cat-konj-hr","7":"product_cat-sedla-hr","8":"product_cat-visenamjenska-sedla","10":"first","11":"onbackorder","12":"shipping-taxable","13":"purchasable","14":"product-type-variable"},"yoast_head":"<!-- This site is optimized with the Yoast SEO plugin v27.3 - https:\/\/yoast.com\/product\/yoast-seo-wordpress\/ -->\n<title>Vi\u0161enamjensko sedlo WINTEC 2000 Mixte HART Wide<\/title>\n<meta name=\"description\" content=\"Vi\u0161enamjensko sedlo WINTEC 2000 Mixte HART Wide dizajnirano je posebno za \u0161iroke konje i njihove jaha\u010de, kako bi zajedno mogli u\u017eivati u vrhunskoj udobnosti!\" \/>\n<meta name=\"robots\" content=\"index, follow, max-snippet:-1, max-image-preview:large, max-video-preview:-1\" \/>\n<link rel=\"canonical\" href=\"https:\/\/clair.si\/hr\/izdelek\/visenamjensko-sedlo-wintec-2000-mixte-hart-wide\/\" \/>\n<meta property=\"og:locale\" content=\"hr_HR\" \/>\n<meta property=\"og:type\" content=\"article\" \/>\n<meta property=\"og:title\" content=\"Vi\u0161enamjensko sedlo WINTEC 2000 Mixte HART Wide\" \/>\n<meta property=\"og:description\" content=\"Vi\u0161enamjensko sedlo WINTEC 2000 Mixte HART Wide dizajnirano je posebno za \u0161iroke konje i njihove jaha\u010de, kako bi zajedno mogli u\u017eivati u vrhunskoj udobnosti!\" \/>\n<meta property=\"og:url\" content=\"https:\/\/clair.si\/hr\/izdelek\/visenamjensko-sedlo-wintec-2000-mixte-hart-wide\/\" \/>\n<meta property=\"og:site_name\" content=\"Clair\" \/>\n<meta property=\"article:publisher\" content=\"https:\/\/www.facebook.com\/TrgovinaClair\/\" \/>\n<meta property=\"article:modified_time\" content=\"2025-08-28T04:53:24+00:00\" \/>\n<meta property=\"og:image\" content=\"https:\/\/clair.si\/wp-content\/uploads\/2022\/06\/wintec-2000-mixte-hart-xl-sedlo.jpg\" \/>\n\t<meta property=\"og:image:width\" content=\"800\" \/>\n\t<meta property=\"og:image:height\" content=\"800\" \/>\n\t<meta property=\"og:image:type\" content=\"image\/jpeg\" \/>\n<meta name=\"twitter:card\" content=\"summary_large_image\" \/>\n<meta name=\"twitter:label1\" content=\"Procijenjeno vrijeme \u010ditanja\" \/>\n\t<meta name=\"twitter:data1\" content=\"2 minute\" \/>\n<script type=\"application\/ld+json\" class=\"yoast-schema-graph\">{\"@context\":\"https:\\\/\\\/schema.org\",\"@graph\":[{\"@type\":\"WebPage\",\"@id\":\"https:\\\/\\\/clair.si\\\/hr\\\/izdelek\\\/visenamjensko-sedlo-wintec-2000-mixte-hart-wide\\\/\",\"url\":\"https:\\\/\\\/clair.si\\\/hr\\\/izdelek\\\/visenamjensko-sedlo-wintec-2000-mixte-hart-wide\\\/\",\"name\":\"Vi\u0161enamjensko sedlo WINTEC 2000 Mixte HART Wide\",\"isPartOf\":{\"@id\":\"https:\\\/\\\/clair.si\\\/#website\"},\"primaryImageOfPage\":{\"@id\":\"https:\\\/\\\/clair.si\\\/hr\\\/izdelek\\\/visenamjensko-sedlo-wintec-2000-mixte-hart-wide\\\/#primaryimage\"},\"image\":{\"@id\":\"https:\\\/\\\/clair.si\\\/hr\\\/izdelek\\\/visenamjensko-sedlo-wintec-2000-mixte-hart-wide\\\/#primaryimage\"},\"thumbnailUrl\":\"https:\\\/\\\/clair.si\\\/wp-content\\\/uploads\\\/2022\\\/06\\\/wintec-2000-mixte-hart-xl-sedlo.webp\",\"datePublished\":\"2022-06-15T11:19:01+00:00\",\"dateModified\":\"2025-08-28T04:53:24+00:00\",\"description\":\"Vi\u0161enamjensko sedlo WINTEC 2000 Mixte HART Wide dizajnirano je posebno za \u0161iroke konje i njihove jaha\u010de, kako bi zajedno mogli u\u017eivati u vrhunskoj udobnosti!\",\"breadcrumb\":{\"@id\":\"https:\\\/\\\/clair.si\\\/hr\\\/izdelek\\\/visenamjensko-sedlo-wintec-2000-mixte-hart-wide\\\/#breadcrumb\"},\"inLanguage\":\"hr\",\"potentialAction\":[{\"@type\":\"ReadAction\",\"target\":[\"https:\\\/\\\/clair.si\\\/hr\\\/izdelek\\\/visenamjensko-sedlo-wintec-2000-mixte-hart-wide\\\/\"]}]},{\"@type\":\"ImageObject\",\"inLanguage\":\"hr\",\"@id\":\"https:\\\/\\\/clair.si\\\/hr\\\/izdelek\\\/visenamjensko-sedlo-wintec-2000-mixte-hart-wide\\\/#primaryimage\",\"url\":\"https:\\\/\\\/clair.si\\\/wp-content\\\/uploads\\\/2022\\\/06\\\/wintec-2000-mixte-hart-xl-sedlo.webp\",\"contentUrl\":\"https:\\\/\\\/clair.si\\\/wp-content\\\/uploads\\\/2022\\\/06\\\/wintec-2000-mixte-hart-xl-sedlo.webp\",\"width\":800,\"height\":800,\"caption\":\"Ve\u010dnamensko sedlo za \u0161iroke konje Wintec 2000.\"},{\"@type\":\"BreadcrumbList\",\"@id\":\"https:\\\/\\\/clair.si\\\/hr\\\/izdelek\\\/visenamjensko-sedlo-wintec-2000-mixte-hart-wide\\\/#breadcrumb\",\"itemListElement\":[{\"@type\":\"ListItem\",\"position\":1,\"name\":\"Home\",\"item\":\"https:\\\/\\\/clair.si\\\/hr\\\/\"},{\"@type\":\"ListItem\",\"position\":2,\"name\":\"Trgovina\",\"item\":\"https:\\\/\\\/clair.si\\\/trgovina\\\/\"},{\"@type\":\"ListItem\",\"position\":3,\"name\":\"Vi\u0161enamjensko sedlo WINTEC 2000 Mixte HART Wide\"}]},{\"@type\":\"WebSite\",\"@id\":\"https:\\\/\\\/clair.si\\\/#website\",\"url\":\"https:\\\/\\\/clair.si\\\/\",\"name\":\"Clair\",\"description\":\"Trgovina s konjeni\u0161ko opremo\",\"publisher\":{\"@id\":\"https:\\\/\\\/clair.si\\\/#organization\"},\"potentialAction\":[{\"@type\":\"SearchAction\",\"target\":{\"@type\":\"EntryPoint\",\"urlTemplate\":\"https:\\\/\\\/clair.si\\\/?s={search_term_string}\"},\"query-input\":{\"@type\":\"PropertyValueSpecification\",\"valueRequired\":true,\"valueName\":\"search_term_string\"}}],\"inLanguage\":\"hr\"},{\"@type\":\"Organization\",\"@id\":\"https:\\\/\\\/clair.si\\\/#organization\",\"name\":\"Clair\",\"url\":\"https:\\\/\\\/clair.si\\\/\",\"logo\":{\"@type\":\"ImageObject\",\"inLanguage\":\"hr\",\"@id\":\"https:\\\/\\\/clair.si\\\/#\\\/schema\\\/logo\\\/image\\\/\",\"url\":\"https:\\\/\\\/clair.si\\\/wp-content\\\/uploads\\\/2022\\\/11\\\/clair_logo_2022.jpg\",\"contentUrl\":\"https:\\\/\\\/clair.si\\\/wp-content\\\/uploads\\\/2022\\\/11\\\/clair_logo_2022.jpg\",\"width\":1920,\"height\":1920,\"caption\":\"Clair\"},\"image\":{\"@id\":\"https:\\\/\\\/clair.si\\\/#\\\/schema\\\/logo\\\/image\\\/\"},\"sameAs\":[\"https:\\\/\\\/www.facebook.com\\\/TrgovinaClair\\\/\"]}]}<\/script>\n<!-- \/ Yoast SEO plugin. -->","yoast_head_json":{"title":"Vi\u0161enamjensko sedlo WINTEC 2000 Mixte HART Wide","description":"Vi\u0161enamjensko sedlo WINTEC 2000 Mixte HART Wide dizajnirano je posebno za \u0161iroke konje i njihove jaha\u010de, kako bi zajedno mogli u\u017eivati u vrhunskoj udobnosti!","robots":{"index":"index","follow":"follow","max-snippet":"max-snippet:-1","max-image-preview":"max-image-preview:large","max-video-preview":"max-video-preview:-1"},"canonical":"https:\/\/clair.si\/hr\/izdelek\/visenamjensko-sedlo-wintec-2000-mixte-hart-wide\/","og_locale":"hr_HR","og_type":"article","og_title":"Vi\u0161enamjensko sedlo WINTEC 2000 Mixte HART Wide","og_description":"Vi\u0161enamjensko sedlo WINTEC 2000 Mixte HART Wide dizajnirano je posebno za \u0161iroke konje i njihove jaha\u010de, kako bi zajedno mogli u\u017eivati u vrhunskoj udobnosti!","og_url":"https:\/\/clair.si\/hr\/izdelek\/visenamjensko-sedlo-wintec-2000-mixte-hart-wide\/","og_site_name":"Clair","article_publisher":"https:\/\/www.facebook.com\/TrgovinaClair\/","article_modified_time":"2025-08-28T04:53:24+00:00","og_image":[{"width":800,"height":800,"url":"https:\/\/clair.si\/wp-content\/uploads\/2022\/06\/wintec-2000-mixte-hart-xl-sedlo.jpg","type":"image\/jpeg"}],"twitter_card":"summary_large_image","twitter_misc":{"Procijenjeno vrijeme \u010ditanja":"2 minute"},"schema":{"@context":"https:\/\/schema.org","@graph":[{"@type":"WebPage","@id":"https:\/\/clair.si\/hr\/izdelek\/visenamjensko-sedlo-wintec-2000-mixte-hart-wide\/","url":"https:\/\/clair.si\/hr\/izdelek\/visenamjensko-sedlo-wintec-2000-mixte-hart-wide\/","name":"Vi\u0161enamjensko sedlo WINTEC 2000 Mixte HART Wide","isPartOf":{"@id":"https:\/\/clair.si\/#website"},"primaryImageOfPage":{"@id":"https:\/\/clair.si\/hr\/izdelek\/visenamjensko-sedlo-wintec-2000-mixte-hart-wide\/#primaryimage"},"image":{"@id":"https:\/\/clair.si\/hr\/izdelek\/visenamjensko-sedlo-wintec-2000-mixte-hart-wide\/#primaryimage"},"thumbnailUrl":"https:\/\/clair.si\/wp-content\/uploads\/2022\/06\/wintec-2000-mixte-hart-xl-sedlo.webp","datePublished":"2022-06-15T11:19:01+00:00","dateModified":"2025-08-28T04:53:24+00:00","description":"Vi\u0161enamjensko sedlo WINTEC 2000 Mixte HART Wide dizajnirano je posebno za \u0161iroke konje i njihove jaha\u010de, kako bi zajedno mogli u\u017eivati u vrhunskoj udobnosti!","breadcrumb":{"@id":"https:\/\/clair.si\/hr\/izdelek\/visenamjensko-sedlo-wintec-2000-mixte-hart-wide\/#breadcrumb"},"inLanguage":"hr","potentialAction":[{"@type":"ReadAction","target":["https:\/\/clair.si\/hr\/izdelek\/visenamjensko-sedlo-wintec-2000-mixte-hart-wide\/"]}]},{"@type":"ImageObject","inLanguage":"hr","@id":"https:\/\/clair.si\/hr\/izdelek\/visenamjensko-sedlo-wintec-2000-mixte-hart-wide\/#primaryimage","url":"https:\/\/clair.si\/wp-content\/uploads\/2022\/06\/wintec-2000-mixte-hart-xl-sedlo.webp","contentUrl":"https:\/\/clair.si\/wp-content\/uploads\/2022\/06\/wintec-2000-mixte-hart-xl-sedlo.webp","width":800,"height":800,"caption":"Ve\u010dnamensko sedlo za \u0161iroke konje Wintec 2000."},{"@type":"BreadcrumbList","@id":"https:\/\/clair.si\/hr\/izdelek\/visenamjensko-sedlo-wintec-2000-mixte-hart-wide\/#breadcrumb","itemListElement":[{"@type":"ListItem","position":1,"name":"Home","item":"https:\/\/clair.si\/hr\/"},{"@type":"ListItem","position":2,"name":"Trgovina","item":"https:\/\/clair.si\/trgovina\/"},{"@type":"ListItem","position":3,"name":"Vi\u0161enamjensko sedlo WINTEC 2000 Mixte HART Wide"}]},{"@type":"WebSite","@id":"https:\/\/clair.si\/#website","url":"https:\/\/clair.si\/","name":"Clair","description":"Trgovina s konjeni\u0161ko opremo","publisher":{"@id":"https:\/\/clair.si\/#organization"},"potentialAction":[{"@type":"SearchAction","target":{"@type":"EntryPoint","urlTemplate":"https:\/\/clair.si\/?s={search_term_string}"},"query-input":{"@type":"PropertyValueSpecification","valueRequired":true,"valueName":"search_term_string"}}],"inLanguage":"hr"},{"@type":"Organization","@id":"https:\/\/clair.si\/#organization","name":"Clair","url":"https:\/\/clair.si\/","logo":{"@type":"ImageObject","inLanguage":"hr","@id":"https:\/\/clair.si\/#\/schema\/logo\/image\/","url":"https:\/\/clair.si\/wp-content\/uploads\/2022\/11\/clair_logo_2022.jpg","contentUrl":"https:\/\/clair.si\/wp-content\/uploads\/2022\/11\/clair_logo_2022.jpg","width":1920,"height":1920,"caption":"Clair"},"image":{"@id":"https:\/\/clair.si\/#\/schema\/logo\/image\/"},"sameAs":["https:\/\/www.facebook.com\/TrgovinaClair\/"]}]}},"_links":{"self":[{"href":"https:\/\/clair.si\/hr\/wp-json\/wp\/v2\/product\/103802","targetHints":{"allow":["GET"]}}],"collection":[{"href":"https:\/\/clair.si\/hr\/wp-json\/wp\/v2\/product"}],"about":[{"href":"https:\/\/clair.si\/hr\/wp-json\/wp\/v2\/types\/product"}],"version-history":[{"count":0,"href":"https:\/\/clair.si\/hr\/wp-json\/wp\/v2\/product\/103802\/revisions"}],"wp:featuredmedia":[{"embeddable":true,"href":"https:\/\/clair.si\/hr\/wp-json\/wp\/v2\/media\/103809"}],"wp:attachment":[{"href":"https:\/\/clair.si\/hr\/wp-json\/wp\/v2\/media?parent=103802"}],"wp:term":[{"taxonomy":"product_brand","embeddable":true,"href":"https:\/\/clair.si\/hr\/wp-json\/wp\/v2\/product_brand?post=103802"},{"taxonomy":"product_cat","embeddable":true,"href":"https:\/\/clair.si\/hr\/wp-json\/wp\/v2\/product_cat?post=103802"},{"taxonomy":"product_tag","embeddable":true,"href":"https:\/\/clair.si\/hr\/wp-json\/wp\/v2\/product_tag?post=103802"}],"curies":[{"name":"wp","href":"https:\/\/api.w.org\/{rel}","templated":true}]}}