{"id":103836,"date":"2022-06-15T09:12:02","date_gmt":"2022-06-15T07:12:02","guid":{"rendered":"https:\/\/clair.si\/izdelek\/visenamjensko-sedlo-norton-rexine-evol\/"},"modified":"2026-04-12T08:09:11","modified_gmt":"2026-04-12T06:09:11","slug":"visenamjensko-sedlo-norton-rexine-evol","status":"publish","type":"product","link":"https:\/\/clair.si\/hr\/izdelek\/visenamjensko-sedlo-norton-rexine-evol\/","title":{"rendered":"Vi\u0161enamjensko sedlo NORTON Rexine Evol"},"content":{"rendered":"<div id=\"tw-target-text-container\" class=\"tw-ta-container F0azHf tw-nfl\" tabindex=\"0\">\n<p id=\"tw-target-text\" class=\"tw-data-text tw-text-large tw-ta\" dir=\"ltr\" data-placeholder=\"Translation\"><span class=\"Y2IQFc\" lang=\"sl\"><strong>Vi\u0161enamjensko sedlo Norton Rexine Evol<\/strong> izra\u0111eno od visoko otpornog materijala koji ne klizi (sinteti\u010dka ko\u017ea, rexine, EVA i laminirana sinteti\u010dka tkanina). Sjedalo ima sjajni crni obrub kod crnog sedla i sjajni sme\u0111i obrub kod sme\u0111eg sedla.  <\/span><\/p>\n<p class=\"tw-data-text tw-text-large tw-ta\" dir=\"ltr\" data-placeholder=\"Translation\"><span class=\"Y2IQFc\" lang=\"sl\"> Brizgana plasti\u010dna sedlasta osnova s mogu\u0107no\u0161\u0107u izmjene sedlastih lukova za potpunu prilagodbu visine i \u0161irine grebena te ramenog podru\u010dja va\u0161eg konja omogu\u0107uje individualnu prilagodbu ovog sedla, kad god i to obavimo vrlo brzo. Standardno je vi\u0161enamjensko sedlo Norton Rexine Evol opremljeno srednje velikim grebenskim lukom (plavi).  Sedlaste jastu\u010di\u0107i su punjeni vunom.<\/span><\/p>\n<p class=\"tw-data-text tw-text-large tw-ta\" dir=\"ltr\" data-placeholder=\"Translation\"><span class=\"Y2IQFc\" lang=\"sl\"> Oslonci za nogu su \u200b\u200bpremjestivi pomo\u0107u Velcro \u010di\u010daka i mo\u017eemo ih prilagoditi dr\u017eanju svoje noge. <\/span><\/p>\n<p class=\"tw-data-text tw-text-large tw-ta\" dir=\"ltr\" data-placeholder=\"Translation\"><span class=\"Y2IQFc\" lang=\"sl\">Remeni za pri\u010dvr\u0161\u0107ivanje sedlastog remena su od PVC materijala i mogu se zamijeniti ako se istro\u0161e. Sedlo ima u\u0161iven i prsten za pri\u010dvr\u0161\u0107ivanje podrepnika.  <\/span><\/p>\n<\/div>\n","protected":false},"excerpt":{"rendered":"<p><span class=\"Y2IQFc\" lang=\"sl\">Brizgana plasti\u010dna sedlasta osnova s mogu\u0107no\u0161\u0107u izmjene sedlastih lukova za potpunu prilagodbu visine i \u0161irine grebena te ramenog podru\u010dja va\u0161eg konja omogu\u0107uje individualnu prilagodbu ovog sedla<\/span>.<\/p>\n","protected":false},"featured_media":103858,"template":"","meta":{"footnotes":""},"product_brand":[],"product_cat":[5624,5940,6854],"product_tag":[],"class_list":{"0":"post-103836","1":"product","2":"type-product","3":"status-publish","4":"has-post-thumbnail","6":"product_cat-konj-hr","7":"product_cat-sedla-hr","8":"product_cat-visenamjenska-sedla","10":"first","11":"instock","12":"sale","13":"shipping-taxable","14":"purchasable","15":"product-type-variable"},"yoast_head":"<!-- This site is optimized with the Yoast SEO plugin v27.4 - https:\/\/yoast.com\/product\/yoast-seo-wordpress\/ -->\n<title>Vi\u0161enamjensko sedlo NORTON Rexine Evol - Clair<\/title>\n<meta name=\"description\" content=\"Sedlasta osnova s mogu\u0107no\u0161\u0107u izmjene sedlastih lukova za prilagodbu \u0161irine grebena va\u0161eg konja. Ovo je vi\u0161enamjensko sedlo NORTON Rexine Evol!\" \/>\n<meta name=\"robots\" content=\"index, follow, max-snippet:-1, max-image-preview:large, max-video-preview:-1\" \/>\n<link rel=\"canonical\" href=\"https:\/\/clair.si\/hr\/izdelek\/visenamjensko-sedlo-norton-rexine-evol\/\" \/>\n<meta property=\"og:locale\" content=\"hr_HR\" \/>\n<meta property=\"og:type\" content=\"article\" \/>\n<meta property=\"og:title\" content=\"Vi\u0161enamjensko sedlo NORTON Rexine Evol - Clair\" \/>\n<meta property=\"og:description\" content=\"Sedlasta osnova s mogu\u0107no\u0161\u0107u izmjene sedlastih lukova za prilagodbu \u0161irine grebena va\u0161eg konja. Ovo je vi\u0161enamjensko sedlo NORTON Rexine Evol!\" \/>\n<meta property=\"og:url\" content=\"https:\/\/clair.si\/hr\/izdelek\/visenamjensko-sedlo-norton-rexine-evol\/\" \/>\n<meta property=\"og:site_name\" content=\"Clair\" \/>\n<meta property=\"article:publisher\" content=\"https:\/\/www.facebook.com\/TrgovinaClair\/\" \/>\n<meta property=\"article:modified_time\" content=\"2026-04-12T06:09:11+00:00\" \/>\n<meta property=\"og:image\" content=\"https:\/\/clair.si\/wp-content\/uploads\/2022\/06\/norton-club-rexine-evol-vecnamensko-sedlo-za-konja.jpg\" \/>\n\t<meta property=\"og:image:width\" content=\"800\" \/>\n\t<meta property=\"og:image:height\" content=\"800\" \/>\n\t<meta property=\"og:image:type\" content=\"image\/jpeg\" \/>\n<meta name=\"twitter:card\" content=\"summary_large_image\" \/>\n<meta name=\"twitter:label1\" content=\"Procijenjeno vrijeme \u010ditanja\" \/>\n\t<meta name=\"twitter:data1\" content=\"1 minuta\" \/>\n<script type=\"application\/ld+json\" class=\"yoast-schema-graph\">{\"@context\":\"https:\\\/\\\/schema.org\",\"@graph\":[{\"@type\":\"WebPage\",\"@id\":\"https:\\\/\\\/clair.si\\\/hr\\\/izdelek\\\/visenamjensko-sedlo-norton-rexine-evol\\\/\",\"url\":\"https:\\\/\\\/clair.si\\\/hr\\\/izdelek\\\/visenamjensko-sedlo-norton-rexine-evol\\\/\",\"name\":\"Vi\u0161enamjensko sedlo NORTON Rexine Evol - Clair\",\"isPartOf\":{\"@id\":\"https:\\\/\\\/clair.si\\\/#website\"},\"primaryImageOfPage\":{\"@id\":\"https:\\\/\\\/clair.si\\\/hr\\\/izdelek\\\/visenamjensko-sedlo-norton-rexine-evol\\\/#primaryimage\"},\"image\":{\"@id\":\"https:\\\/\\\/clair.si\\\/hr\\\/izdelek\\\/visenamjensko-sedlo-norton-rexine-evol\\\/#primaryimage\"},\"thumbnailUrl\":\"https:\\\/\\\/clair.si\\\/wp-content\\\/uploads\\\/2022\\\/06\\\/norton-club-rexine-evol-vecnamensko-sedlo-za-konja.webp\",\"datePublished\":\"2022-06-15T07:12:02+00:00\",\"dateModified\":\"2026-04-12T06:09:11+00:00\",\"description\":\"Sedlasta osnova s mogu\u0107no\u0161\u0107u izmjene sedlastih lukova za prilagodbu \u0161irine grebena va\u0161eg konja. Ovo je vi\u0161enamjensko sedlo NORTON Rexine Evol!\",\"breadcrumb\":{\"@id\":\"https:\\\/\\\/clair.si\\\/hr\\\/izdelek\\\/visenamjensko-sedlo-norton-rexine-evol\\\/#breadcrumb\"},\"inLanguage\":\"hr\",\"potentialAction\":[{\"@type\":\"ReadAction\",\"target\":[\"https:\\\/\\\/clair.si\\\/hr\\\/izdelek\\\/visenamjensko-sedlo-norton-rexine-evol\\\/\"]}]},{\"@type\":\"ImageObject\",\"inLanguage\":\"hr\",\"@id\":\"https:\\\/\\\/clair.si\\\/hr\\\/izdelek\\\/visenamjensko-sedlo-norton-rexine-evol\\\/#primaryimage\",\"url\":\"https:\\\/\\\/clair.si\\\/wp-content\\\/uploads\\\/2022\\\/06\\\/norton-club-rexine-evol-vecnamensko-sedlo-za-konja.webp\",\"contentUrl\":\"https:\\\/\\\/clair.si\\\/wp-content\\\/uploads\\\/2022\\\/06\\\/norton-club-rexine-evol-vecnamensko-sedlo-za-konja.webp\",\"width\":800,\"height\":800,\"caption\":\"Ve\u010dnamensko sedlo Norton Rexine Evol, rjave barve.\"},{\"@type\":\"BreadcrumbList\",\"@id\":\"https:\\\/\\\/clair.si\\\/hr\\\/izdelek\\\/visenamjensko-sedlo-norton-rexine-evol\\\/#breadcrumb\",\"itemListElement\":[{\"@type\":\"ListItem\",\"position\":1,\"name\":\"Home\",\"item\":\"https:\\\/\\\/clair.si\\\/hr\\\/\"},{\"@type\":\"ListItem\",\"position\":2,\"name\":\"Trgovina\",\"item\":\"https:\\\/\\\/clair.si\\\/trgovina\\\/\"},{\"@type\":\"ListItem\",\"position\":3,\"name\":\"Vi\u0161enamjensko sedlo NORTON Rexine Evol\"}]},{\"@type\":\"WebSite\",\"@id\":\"https:\\\/\\\/clair.si\\\/#website\",\"url\":\"https:\\\/\\\/clair.si\\\/\",\"name\":\"Clair\",\"description\":\"Trgovina s konjeni\u0161ko opremo\",\"publisher\":{\"@id\":\"https:\\\/\\\/clair.si\\\/#organization\"},\"potentialAction\":[{\"@type\":\"SearchAction\",\"target\":{\"@type\":\"EntryPoint\",\"urlTemplate\":\"https:\\\/\\\/clair.si\\\/?s={search_term_string}\"},\"query-input\":{\"@type\":\"PropertyValueSpecification\",\"valueRequired\":true,\"valueName\":\"search_term_string\"}}],\"inLanguage\":\"hr\"},{\"@type\":\"Organization\",\"@id\":\"https:\\\/\\\/clair.si\\\/#organization\",\"name\":\"Clair\",\"url\":\"https:\\\/\\\/clair.si\\\/\",\"logo\":{\"@type\":\"ImageObject\",\"inLanguage\":\"hr\",\"@id\":\"https:\\\/\\\/clair.si\\\/#\\\/schema\\\/logo\\\/image\\\/\",\"url\":\"https:\\\/\\\/clair.si\\\/wp-content\\\/uploads\\\/2022\\\/11\\\/clair_logo_2022.jpg\",\"contentUrl\":\"https:\\\/\\\/clair.si\\\/wp-content\\\/uploads\\\/2022\\\/11\\\/clair_logo_2022.jpg\",\"width\":1920,\"height\":1920,\"caption\":\"Clair\"},\"image\":{\"@id\":\"https:\\\/\\\/clair.si\\\/#\\\/schema\\\/logo\\\/image\\\/\"},\"sameAs\":[\"https:\\\/\\\/www.facebook.com\\\/TrgovinaClair\\\/\"]}]}<\/script>\n<!-- \/ Yoast SEO plugin. -->","yoast_head_json":{"title":"Vi\u0161enamjensko sedlo NORTON Rexine Evol - Clair","description":"Sedlasta osnova s mogu\u0107no\u0161\u0107u izmjene sedlastih lukova za prilagodbu \u0161irine grebena va\u0161eg konja. Ovo je vi\u0161enamjensko sedlo NORTON Rexine Evol!","robots":{"index":"index","follow":"follow","max-snippet":"max-snippet:-1","max-image-preview":"max-image-preview:large","max-video-preview":"max-video-preview:-1"},"canonical":"https:\/\/clair.si\/hr\/izdelek\/visenamjensko-sedlo-norton-rexine-evol\/","og_locale":"hr_HR","og_type":"article","og_title":"Vi\u0161enamjensko sedlo NORTON Rexine Evol - Clair","og_description":"Sedlasta osnova s mogu\u0107no\u0161\u0107u izmjene sedlastih lukova za prilagodbu \u0161irine grebena va\u0161eg konja. Ovo je vi\u0161enamjensko sedlo NORTON Rexine Evol!","og_url":"https:\/\/clair.si\/hr\/izdelek\/visenamjensko-sedlo-norton-rexine-evol\/","og_site_name":"Clair","article_publisher":"https:\/\/www.facebook.com\/TrgovinaClair\/","article_modified_time":"2026-04-12T06:09:11+00:00","og_image":[{"width":800,"height":800,"url":"https:\/\/clair.si\/wp-content\/uploads\/2022\/06\/norton-club-rexine-evol-vecnamensko-sedlo-za-konja.jpg","type":"image\/jpeg"}],"twitter_card":"summary_large_image","twitter_misc":{"Procijenjeno vrijeme \u010ditanja":"1 minuta"},"schema":{"@context":"https:\/\/schema.org","@graph":[{"@type":"WebPage","@id":"https:\/\/clair.si\/hr\/izdelek\/visenamjensko-sedlo-norton-rexine-evol\/","url":"https:\/\/clair.si\/hr\/izdelek\/visenamjensko-sedlo-norton-rexine-evol\/","name":"Vi\u0161enamjensko sedlo NORTON Rexine Evol - Clair","isPartOf":{"@id":"https:\/\/clair.si\/#website"},"primaryImageOfPage":{"@id":"https:\/\/clair.si\/hr\/izdelek\/visenamjensko-sedlo-norton-rexine-evol\/#primaryimage"},"image":{"@id":"https:\/\/clair.si\/hr\/izdelek\/visenamjensko-sedlo-norton-rexine-evol\/#primaryimage"},"thumbnailUrl":"https:\/\/clair.si\/wp-content\/uploads\/2022\/06\/norton-club-rexine-evol-vecnamensko-sedlo-za-konja.webp","datePublished":"2022-06-15T07:12:02+00:00","dateModified":"2026-04-12T06:09:11+00:00","description":"Sedlasta osnova s mogu\u0107no\u0161\u0107u izmjene sedlastih lukova za prilagodbu \u0161irine grebena va\u0161eg konja. Ovo je vi\u0161enamjensko sedlo NORTON Rexine Evol!","breadcrumb":{"@id":"https:\/\/clair.si\/hr\/izdelek\/visenamjensko-sedlo-norton-rexine-evol\/#breadcrumb"},"inLanguage":"hr","potentialAction":[{"@type":"ReadAction","target":["https:\/\/clair.si\/hr\/izdelek\/visenamjensko-sedlo-norton-rexine-evol\/"]}]},{"@type":"ImageObject","inLanguage":"hr","@id":"https:\/\/clair.si\/hr\/izdelek\/visenamjensko-sedlo-norton-rexine-evol\/#primaryimage","url":"https:\/\/clair.si\/wp-content\/uploads\/2022\/06\/norton-club-rexine-evol-vecnamensko-sedlo-za-konja.webp","contentUrl":"https:\/\/clair.si\/wp-content\/uploads\/2022\/06\/norton-club-rexine-evol-vecnamensko-sedlo-za-konja.webp","width":800,"height":800,"caption":"Ve\u010dnamensko sedlo Norton Rexine Evol, rjave barve."},{"@type":"BreadcrumbList","@id":"https:\/\/clair.si\/hr\/izdelek\/visenamjensko-sedlo-norton-rexine-evol\/#breadcrumb","itemListElement":[{"@type":"ListItem","position":1,"name":"Home","item":"https:\/\/clair.si\/hr\/"},{"@type":"ListItem","position":2,"name":"Trgovina","item":"https:\/\/clair.si\/trgovina\/"},{"@type":"ListItem","position":3,"name":"Vi\u0161enamjensko sedlo NORTON Rexine Evol"}]},{"@type":"WebSite","@id":"https:\/\/clair.si\/#website","url":"https:\/\/clair.si\/","name":"Clair","description":"Trgovina s konjeni\u0161ko opremo","publisher":{"@id":"https:\/\/clair.si\/#organization"},"potentialAction":[{"@type":"SearchAction","target":{"@type":"EntryPoint","urlTemplate":"https:\/\/clair.si\/?s={search_term_string}"},"query-input":{"@type":"PropertyValueSpecification","valueRequired":true,"valueName":"search_term_string"}}],"inLanguage":"hr"},{"@type":"Organization","@id":"https:\/\/clair.si\/#organization","name":"Clair","url":"https:\/\/clair.si\/","logo":{"@type":"ImageObject","inLanguage":"hr","@id":"https:\/\/clair.si\/#\/schema\/logo\/image\/","url":"https:\/\/clair.si\/wp-content\/uploads\/2022\/11\/clair_logo_2022.jpg","contentUrl":"https:\/\/clair.si\/wp-content\/uploads\/2022\/11\/clair_logo_2022.jpg","width":1920,"height":1920,"caption":"Clair"},"image":{"@id":"https:\/\/clair.si\/#\/schema\/logo\/image\/"},"sameAs":["https:\/\/www.facebook.com\/TrgovinaClair\/"]}]}},"_links":{"self":[{"href":"https:\/\/clair.si\/hr\/wp-json\/wp\/v2\/product\/103836","targetHints":{"allow":["GET"]}}],"collection":[{"href":"https:\/\/clair.si\/hr\/wp-json\/wp\/v2\/product"}],"about":[{"href":"https:\/\/clair.si\/hr\/wp-json\/wp\/v2\/types\/product"}],"version-history":[{"count":0,"href":"https:\/\/clair.si\/hr\/wp-json\/wp\/v2\/product\/103836\/revisions"}],"wp:featuredmedia":[{"embeddable":true,"href":"https:\/\/clair.si\/hr\/wp-json\/wp\/v2\/media\/103858"}],"wp:attachment":[{"href":"https:\/\/clair.si\/hr\/wp-json\/wp\/v2\/media?parent=103836"}],"wp:term":[{"taxonomy":"product_brand","embeddable":true,"href":"https:\/\/clair.si\/hr\/wp-json\/wp\/v2\/product_brand?post=103836"},{"taxonomy":"product_cat","embeddable":true,"href":"https:\/\/clair.si\/hr\/wp-json\/wp\/v2\/product_cat?post=103836"},{"taxonomy":"product_tag","embeddable":true,"href":"https:\/\/clair.si\/hr\/wp-json\/wp\/v2\/product_tag?post=103836"}],"curies":[{"name":"wp","href":"https:\/\/api.w.org\/{rel}","templated":true}]}}