{"id":103868,"date":"2022-06-14T15:45:01","date_gmt":"2022-06-14T13:45:01","guid":{"rendered":"https:\/\/clair.si\/izdelek\/visenamjensko-sedlo-wintec-mixte-250\/"},"modified":"2025-08-28T06:54:45","modified_gmt":"2025-08-28T04:54:45","slug":"visenamjensko-sedlo-wintec-mixte-250","status":"publish","type":"product","link":"https:\/\/clair.si\/hr\/izdelek\/visenamjensko-sedlo-wintec-mixte-250\/","title":{"rendered":"Vi\u0161enamjensko sedlo WINTEC Mixte 250"},"content":{"rendered":"<p id=\"tw-target-text\" class=\"tw-data-text tw-text-large tw-ta\" dir=\"ltr\" data-placeholder=\"Translation\"><span class=\"Y2IQFc\" lang=\"sl\"><strong>Vi\u0161enamjensko sinteti\u010dko sedlo WINTEC Mixte 250<\/strong> &#8211; jaha\u010di se s njim mogu uputiti na planinarske staze ili s lako\u0107om zapo\u010deti s treningom &#8211; u svestranom sedlu po pristupa\u010dnoj cijeni! <\/span><\/p>\n<p class=\"tw-data-text tw-text-large tw-ta\" dir=\"ltr\" data-placeholder=\"Translation\"><span class=\"Y2IQFc\" lang=\"sl\">Jaha\u010di \u0107e u\u017eivati u otvorenom sjedalu koje nudi slobodu kretanja, bez obzira natje\u010du li se ili ja\u0161u samo rekreativno. <\/span><\/p>\n<p class=\"tw-data-text tw-text-large tw-ta\" dir=\"ltr\" data-placeholder=\"Translation\"><span class=\"Y2IQFc\" lang=\"sl\">Konju je ovo sedlo mogu\u0107e prilagoditi tako da odgovara njihovoj gra\u0111i s tradicionalnim Elastiflex sedlastim okvirom i sustavom EASY-CHANGE.<\/span><\/p>\n<p dir=\"ltr\" data-placeholder=\"Translation\"><strong>Tehnologija HART:<\/strong><\/p>\n<p><strong>Elastiflex sedlena osnova<\/strong> \u2013 zamislite udobnost sedlene osnove sa sposobno\u0161\u0107u savijanja i pomicanja sa svakim konjevim korakom. Kralje\u017enica va\u0161eg konja za\u0161ti\u0107ena je od udarnih sila, dok bo\u010dna fleksija omogu\u0107uje da le\u0111a va\u0161eg konja zanji\u0161u i kre\u0107u se neometano i prirodno. Elastiflex sedlena osnova izra\u0111ena je od simetri\u010dnih materijala, izuzetno je lagana i sna\u017ena te za\u0161ti\u0107ena od loma ili uvijanja.  <\/p>\n<p><strong>Sustav sedlenih jastuka CAIR<\/strong> \u2013 vjerujte jednostavno u najbolju za\u0161titu koju mo\u017eete ponuditi svom konju. Super mekani zra\u010dni jastuci u stalnom su kontaktu s gibljivim le\u0111nim mi\u0161i\u0107ima va\u0161eg konja. Pru\u017eaju potpunu udobnost zbog ravnomjernog i ni\u017eeg pritiska u kombinaciji s najboljom apsorpcijom udaraca.   S CAIR sustavom va\u0161 \u0107e konj reagirati sa slobodom kretanja koju mo\u017eete osjetiti.<\/p>\n<p><strong>EASY-CHANGE Fit Solution<\/strong> \u2013 Kada je va\u0161 konj va\u0161 svijet, razumijemo va\u0161u potrebu za potpunim jamstvom o savr\u0161enom rje\u0161enju sada i u budu\u0107nosti. Opustite se s povjerenjem u potpunu prilagodljivost sedla. S najve\u0107im opsegom prilago\u0111avanja, koji je mjerljiv, simetri\u010dan i potpuno reverzibilan, znate da svom konju dajete sve s rje\u0161enjem zamjenjivih sedlenih lukova.  <\/p>\n","protected":false},"excerpt":{"rendered":"<p><span class=\"Y2IQFc\" lang=\"sl\"><strong>Vi\u0161enamjensko sedlo WINTEC Mixte 250<\/strong> &#8211; jaha\u010di se s njim mogu uputiti na planinarske staze ili s lako\u0107om zapo\u010deti s treningom &#8211; u svestranom sedlu po pristupa\u010dnoj cijeni! <\/span><\/p>\n","protected":false},"featured_media":103880,"template":"","meta":{"footnotes":""},"product_brand":[],"product_cat":[5624,5940,6854],"product_tag":[],"class_list":{"0":"post-103868","1":"product","2":"type-product","3":"status-publish","4":"has-post-thumbnail","6":"product_cat-konj-hr","7":"product_cat-sedla-hr","8":"product_cat-visenamjenska-sedla","10":"first","11":"onbackorder","12":"sale","13":"shipping-taxable","14":"purchasable","15":"product-type-variable"},"yoast_head":"<!-- This site is optimized with the Yoast SEO plugin v27.4 - https:\/\/yoast.com\/product\/yoast-seo-wordpress\/ -->\n<title>Vi\u0161enamjensko sedlo WINTEC Mixte 250 - Clair<\/title>\n<meta name=\"description\" content=\"Vi\u0161enamjensko sedlo WINTEC Mixte 250 - jaha\u010di se s njim mogu uputiti na planinarske staze ili zapo\u010deti s treningom - u sedlu po pristupa\u010dnoj cijeni!\" \/>\n<meta name=\"robots\" content=\"index, follow, max-snippet:-1, max-image-preview:large, max-video-preview:-1\" \/>\n<link rel=\"canonical\" href=\"https:\/\/clair.si\/hr\/izdelek\/visenamjensko-sedlo-wintec-mixte-250\/\" \/>\n<meta property=\"og:locale\" content=\"hr_HR\" \/>\n<meta property=\"og:type\" content=\"article\" \/>\n<meta property=\"og:title\" content=\"Vi\u0161enamjensko sedlo WINTEC Mixte 250 - Clair\" \/>\n<meta property=\"og:description\" content=\"Vi\u0161enamjensko sedlo WINTEC Mixte 250 - jaha\u010di se s njim mogu uputiti na planinarske staze ili zapo\u010deti s treningom - u sedlu po pristupa\u010dnoj cijeni!\" \/>\n<meta property=\"og:url\" content=\"https:\/\/clair.si\/hr\/izdelek\/visenamjensko-sedlo-wintec-mixte-250\/\" \/>\n<meta property=\"og:site_name\" content=\"Clair\" \/>\n<meta property=\"article:publisher\" content=\"https:\/\/www.facebook.com\/TrgovinaClair\/\" \/>\n<meta property=\"article:modified_time\" content=\"2025-08-28T04:54:45+00:00\" \/>\n<meta property=\"og:image\" content=\"https:\/\/clair.si\/wp-content\/uploads\/2022\/06\/wintec-250-mixte-vecnamensko-sedlo-za-konja.jpg\" \/>\n\t<meta property=\"og:image:width\" content=\"800\" \/>\n\t<meta property=\"og:image:height\" content=\"800\" \/>\n\t<meta property=\"og:image:type\" content=\"image\/jpeg\" \/>\n<meta name=\"twitter:card\" content=\"summary_large_image\" \/>\n<meta name=\"twitter:label1\" content=\"Procijenjeno vrijeme \u010ditanja\" \/>\n\t<meta name=\"twitter:data1\" content=\"1 minuta\" \/>\n<script type=\"application\/ld+json\" class=\"yoast-schema-graph\">{\"@context\":\"https:\\\/\\\/schema.org\",\"@graph\":[{\"@type\":\"WebPage\",\"@id\":\"https:\\\/\\\/clair.si\\\/hr\\\/izdelek\\\/visenamjensko-sedlo-wintec-mixte-250\\\/\",\"url\":\"https:\\\/\\\/clair.si\\\/hr\\\/izdelek\\\/visenamjensko-sedlo-wintec-mixte-250\\\/\",\"name\":\"Vi\u0161enamjensko sedlo WINTEC Mixte 250 - Clair\",\"isPartOf\":{\"@id\":\"https:\\\/\\\/clair.si\\\/#website\"},\"primaryImageOfPage\":{\"@id\":\"https:\\\/\\\/clair.si\\\/hr\\\/izdelek\\\/visenamjensko-sedlo-wintec-mixte-250\\\/#primaryimage\"},\"image\":{\"@id\":\"https:\\\/\\\/clair.si\\\/hr\\\/izdelek\\\/visenamjensko-sedlo-wintec-mixte-250\\\/#primaryimage\"},\"thumbnailUrl\":\"https:\\\/\\\/clair.si\\\/wp-content\\\/uploads\\\/2022\\\/06\\\/wintec-250-mixte-vecnamensko-sedlo-za-konja.webp\",\"datePublished\":\"2022-06-14T13:45:01+00:00\",\"dateModified\":\"2025-08-28T04:54:45+00:00\",\"description\":\"Vi\u0161enamjensko sedlo WINTEC Mixte 250 - jaha\u010di se s njim mogu uputiti na planinarske staze ili zapo\u010deti s treningom - u sedlu po pristupa\u010dnoj cijeni!\",\"breadcrumb\":{\"@id\":\"https:\\\/\\\/clair.si\\\/hr\\\/izdelek\\\/visenamjensko-sedlo-wintec-mixte-250\\\/#breadcrumb\"},\"inLanguage\":\"hr\",\"potentialAction\":[{\"@type\":\"ReadAction\",\"target\":[\"https:\\\/\\\/clair.si\\\/hr\\\/izdelek\\\/visenamjensko-sedlo-wintec-mixte-250\\\/\"]}]},{\"@type\":\"ImageObject\",\"inLanguage\":\"hr\",\"@id\":\"https:\\\/\\\/clair.si\\\/hr\\\/izdelek\\\/visenamjensko-sedlo-wintec-mixte-250\\\/#primaryimage\",\"url\":\"https:\\\/\\\/clair.si\\\/wp-content\\\/uploads\\\/2022\\\/06\\\/wintec-250-mixte-vecnamensko-sedlo-za-konja.webp\",\"contentUrl\":\"https:\\\/\\\/clair.si\\\/wp-content\\\/uploads\\\/2022\\\/06\\\/wintec-250-mixte-vecnamensko-sedlo-za-konja.webp\",\"width\":800,\"height\":800,\"caption\":\"Ve\u010dnamensko sedlo Wintec Mixte 250.\"},{\"@type\":\"BreadcrumbList\",\"@id\":\"https:\\\/\\\/clair.si\\\/hr\\\/izdelek\\\/visenamjensko-sedlo-wintec-mixte-250\\\/#breadcrumb\",\"itemListElement\":[{\"@type\":\"ListItem\",\"position\":1,\"name\":\"Home\",\"item\":\"https:\\\/\\\/clair.si\\\/hr\\\/\"},{\"@type\":\"ListItem\",\"position\":2,\"name\":\"Trgovina\",\"item\":\"https:\\\/\\\/clair.si\\\/trgovina\\\/\"},{\"@type\":\"ListItem\",\"position\":3,\"name\":\"Vi\u0161enamjensko sedlo WINTEC Mixte 250\"}]},{\"@type\":\"WebSite\",\"@id\":\"https:\\\/\\\/clair.si\\\/#website\",\"url\":\"https:\\\/\\\/clair.si\\\/\",\"name\":\"Clair\",\"description\":\"Trgovina s konjeni\u0161ko opremo\",\"publisher\":{\"@id\":\"https:\\\/\\\/clair.si\\\/#organization\"},\"potentialAction\":[{\"@type\":\"SearchAction\",\"target\":{\"@type\":\"EntryPoint\",\"urlTemplate\":\"https:\\\/\\\/clair.si\\\/?s={search_term_string}\"},\"query-input\":{\"@type\":\"PropertyValueSpecification\",\"valueRequired\":true,\"valueName\":\"search_term_string\"}}],\"inLanguage\":\"hr\"},{\"@type\":\"Organization\",\"@id\":\"https:\\\/\\\/clair.si\\\/#organization\",\"name\":\"Clair\",\"url\":\"https:\\\/\\\/clair.si\\\/\",\"logo\":{\"@type\":\"ImageObject\",\"inLanguage\":\"hr\",\"@id\":\"https:\\\/\\\/clair.si\\\/#\\\/schema\\\/logo\\\/image\\\/\",\"url\":\"https:\\\/\\\/clair.si\\\/wp-content\\\/uploads\\\/2022\\\/11\\\/clair_logo_2022.jpg\",\"contentUrl\":\"https:\\\/\\\/clair.si\\\/wp-content\\\/uploads\\\/2022\\\/11\\\/clair_logo_2022.jpg\",\"width\":1920,\"height\":1920,\"caption\":\"Clair\"},\"image\":{\"@id\":\"https:\\\/\\\/clair.si\\\/#\\\/schema\\\/logo\\\/image\\\/\"},\"sameAs\":[\"https:\\\/\\\/www.facebook.com\\\/TrgovinaClair\\\/\"]}]}<\/script>\n<!-- \/ Yoast SEO plugin. -->","yoast_head_json":{"title":"Vi\u0161enamjensko sedlo WINTEC Mixte 250 - Clair","description":"Vi\u0161enamjensko sedlo WINTEC Mixte 250 - jaha\u010di se s njim mogu uputiti na planinarske staze ili zapo\u010deti s treningom - u sedlu po pristupa\u010dnoj cijeni!","robots":{"index":"index","follow":"follow","max-snippet":"max-snippet:-1","max-image-preview":"max-image-preview:large","max-video-preview":"max-video-preview:-1"},"canonical":"https:\/\/clair.si\/hr\/izdelek\/visenamjensko-sedlo-wintec-mixte-250\/","og_locale":"hr_HR","og_type":"article","og_title":"Vi\u0161enamjensko sedlo WINTEC Mixte 250 - Clair","og_description":"Vi\u0161enamjensko sedlo WINTEC Mixte 250 - jaha\u010di se s njim mogu uputiti na planinarske staze ili zapo\u010deti s treningom - u sedlu po pristupa\u010dnoj cijeni!","og_url":"https:\/\/clair.si\/hr\/izdelek\/visenamjensko-sedlo-wintec-mixte-250\/","og_site_name":"Clair","article_publisher":"https:\/\/www.facebook.com\/TrgovinaClair\/","article_modified_time":"2025-08-28T04:54:45+00:00","og_image":[{"width":800,"height":800,"url":"https:\/\/clair.si\/wp-content\/uploads\/2022\/06\/wintec-250-mixte-vecnamensko-sedlo-za-konja.jpg","type":"image\/jpeg"}],"twitter_card":"summary_large_image","twitter_misc":{"Procijenjeno vrijeme \u010ditanja":"1 minuta"},"schema":{"@context":"https:\/\/schema.org","@graph":[{"@type":"WebPage","@id":"https:\/\/clair.si\/hr\/izdelek\/visenamjensko-sedlo-wintec-mixte-250\/","url":"https:\/\/clair.si\/hr\/izdelek\/visenamjensko-sedlo-wintec-mixte-250\/","name":"Vi\u0161enamjensko sedlo WINTEC Mixte 250 - Clair","isPartOf":{"@id":"https:\/\/clair.si\/#website"},"primaryImageOfPage":{"@id":"https:\/\/clair.si\/hr\/izdelek\/visenamjensko-sedlo-wintec-mixte-250\/#primaryimage"},"image":{"@id":"https:\/\/clair.si\/hr\/izdelek\/visenamjensko-sedlo-wintec-mixte-250\/#primaryimage"},"thumbnailUrl":"https:\/\/clair.si\/wp-content\/uploads\/2022\/06\/wintec-250-mixte-vecnamensko-sedlo-za-konja.webp","datePublished":"2022-06-14T13:45:01+00:00","dateModified":"2025-08-28T04:54:45+00:00","description":"Vi\u0161enamjensko sedlo WINTEC Mixte 250 - jaha\u010di se s njim mogu uputiti na planinarske staze ili zapo\u010deti s treningom - u sedlu po pristupa\u010dnoj cijeni!","breadcrumb":{"@id":"https:\/\/clair.si\/hr\/izdelek\/visenamjensko-sedlo-wintec-mixte-250\/#breadcrumb"},"inLanguage":"hr","potentialAction":[{"@type":"ReadAction","target":["https:\/\/clair.si\/hr\/izdelek\/visenamjensko-sedlo-wintec-mixte-250\/"]}]},{"@type":"ImageObject","inLanguage":"hr","@id":"https:\/\/clair.si\/hr\/izdelek\/visenamjensko-sedlo-wintec-mixte-250\/#primaryimage","url":"https:\/\/clair.si\/wp-content\/uploads\/2022\/06\/wintec-250-mixte-vecnamensko-sedlo-za-konja.webp","contentUrl":"https:\/\/clair.si\/wp-content\/uploads\/2022\/06\/wintec-250-mixte-vecnamensko-sedlo-za-konja.webp","width":800,"height":800,"caption":"Ve\u010dnamensko sedlo Wintec Mixte 250."},{"@type":"BreadcrumbList","@id":"https:\/\/clair.si\/hr\/izdelek\/visenamjensko-sedlo-wintec-mixte-250\/#breadcrumb","itemListElement":[{"@type":"ListItem","position":1,"name":"Home","item":"https:\/\/clair.si\/hr\/"},{"@type":"ListItem","position":2,"name":"Trgovina","item":"https:\/\/clair.si\/trgovina\/"},{"@type":"ListItem","position":3,"name":"Vi\u0161enamjensko sedlo WINTEC Mixte 250"}]},{"@type":"WebSite","@id":"https:\/\/clair.si\/#website","url":"https:\/\/clair.si\/","name":"Clair","description":"Trgovina s konjeni\u0161ko opremo","publisher":{"@id":"https:\/\/clair.si\/#organization"},"potentialAction":[{"@type":"SearchAction","target":{"@type":"EntryPoint","urlTemplate":"https:\/\/clair.si\/?s={search_term_string}"},"query-input":{"@type":"PropertyValueSpecification","valueRequired":true,"valueName":"search_term_string"}}],"inLanguage":"hr"},{"@type":"Organization","@id":"https:\/\/clair.si\/#organization","name":"Clair","url":"https:\/\/clair.si\/","logo":{"@type":"ImageObject","inLanguage":"hr","@id":"https:\/\/clair.si\/#\/schema\/logo\/image\/","url":"https:\/\/clair.si\/wp-content\/uploads\/2022\/11\/clair_logo_2022.jpg","contentUrl":"https:\/\/clair.si\/wp-content\/uploads\/2022\/11\/clair_logo_2022.jpg","width":1920,"height":1920,"caption":"Clair"},"image":{"@id":"https:\/\/clair.si\/#\/schema\/logo\/image\/"},"sameAs":["https:\/\/www.facebook.com\/TrgovinaClair\/"]}]}},"_links":{"self":[{"href":"https:\/\/clair.si\/hr\/wp-json\/wp\/v2\/product\/103868","targetHints":{"allow":["GET"]}}],"collection":[{"href":"https:\/\/clair.si\/hr\/wp-json\/wp\/v2\/product"}],"about":[{"href":"https:\/\/clair.si\/hr\/wp-json\/wp\/v2\/types\/product"}],"version-history":[{"count":0,"href":"https:\/\/clair.si\/hr\/wp-json\/wp\/v2\/product\/103868\/revisions"}],"wp:featuredmedia":[{"embeddable":true,"href":"https:\/\/clair.si\/hr\/wp-json\/wp\/v2\/media\/103880"}],"wp:attachment":[{"href":"https:\/\/clair.si\/hr\/wp-json\/wp\/v2\/media?parent=103868"}],"wp:term":[{"taxonomy":"product_brand","embeddable":true,"href":"https:\/\/clair.si\/hr\/wp-json\/wp\/v2\/product_brand?post=103868"},{"taxonomy":"product_cat","embeddable":true,"href":"https:\/\/clair.si\/hr\/wp-json\/wp\/v2\/product_cat?post=103868"},{"taxonomy":"product_tag","embeddable":true,"href":"https:\/\/clair.si\/hr\/wp-json\/wp\/v2\/product_tag?post=103868"}],"curies":[{"name":"wp","href":"https:\/\/api.w.org\/{rel}","templated":true}]}}