{"id":103944,"date":"2022-06-15T12:11:07","date_gmt":"2022-06-15T10:11:07","guid":{"rendered":"https:\/\/clair.si\/izdelek\/sisac-za-konje-i-male-zivotinje-heiniger-saphir-basic\/"},"modified":"2025-08-28T07:32:16","modified_gmt":"2025-08-28T05:32:16","slug":"sisac-za-konje-i-male-zivotinje-heiniger-saphir-basic","status":"publish","type":"product","link":"https:\/\/clair.si\/hr\/izdelek\/sisac-za-konje-i-male-zivotinje-heiniger-saphir-basic\/","title":{"rendered":"\u0160i\u0161a\u010d za konje i male \u017eivotinje Heiniger Saphir Basic"},"content":{"rendered":"<p><strong>\u0160i\u0161a\u010di za konje i male \u017eivotinje Heiniger Saphir Basic<\/strong> imaju sna\u017ean motor od 35 W s punjivom baterijom. Punjiva Li-ion baterija ima visoku u\u010dinkovitost i osigurava do 2 sata neprekidnog \u0161i\u0161anja. <\/p>\n<p>Prednosti <strong>\u0161i\u0161a\u010da Heiniger Saphir Basic<\/strong> su:<\/p>\n<ul>\n<li>optimalna raspodjela te\u017eine za lak\u0161e \u0161i\u0161anje<\/li>\n<li>savr\u0161en izbor za po\u010detnike<\/li>\n<li>izuzetna kvaliteta i u\u010dinkovitost<\/li>\n<li>izuzetno lagane<\/li>\n<li>tihe, stoga idealne za \u0161i\u0161anje konja ili ostalih osjetljivih \u017eivotinja.<\/li>\n<\/ul>\n<p>Mo\u017ee se upotrijebiti za oblikovanje osjetljivijih podru\u010dja (na primjer oko glave).<\/p>\n<p>\u0160kare Heiniger kompatibilne su s velikim izborom o\u0161trica: Andis, Moser, Oster i Wahl.<\/p>\n<p><strong>Uklju\u010deno u isporuku:<\/strong><\/p>\n<ul>\n<li>Li-Ion punjiva baterija<\/li>\n<li>set za punjenje (adapter, punja\u010d)<\/li>\n<li>o\u0161trica 10<\/li>\n<li>odvija\u010d<\/li>\n<li>ulje za elektri\u010dne \u0161kare Heiniger<\/li>\n<li>\u010detka za \u010di\u0161\u0107enje<\/li>\n<li>upute za uporabu<\/li>\n<\/ul>\n","protected":false},"excerpt":{"rendered":"<p>\u0160i\u0161a\u010di za konje i male \u017eivotinje Heiniger Saphir Basic imaju sna\u017ean motor od 35 W s punjivom baterijom. Punjiva Li-ion<\/p>\n","protected":false},"featured_media":103954,"template":"","meta":{"footnotes":""},"product_brand":[],"product_cat":[6176,6175,5657,5846,5769,5987,5627],"product_tag":[],"class_list":{"0":"post-103944","1":"product","2":"type-product","3":"status-publish","4":"has-post-thumbnail","6":"product_cat-elektricne-skare","7":"product_cat-heiniger-hr","8":"product_cat-kategorije-hr","9":"product_cat-male-zivotinje","10":"product_cat-must-have","11":"product_cat-sisaci-za-male-zivotinje","12":"product_cat-stala-i-pasnjak","14":"first","15":"instock","16":"shipping-taxable","17":"purchasable","18":"product-type-simple"},"yoast_head":"<!-- This site is optimized with the Yoast SEO plugin v27.3 - https:\/\/yoast.com\/product\/yoast-seo-wordpress\/ -->\n<title>\u0160i\u0161a\u010d za konje i male \u017eivotinje Heiniger Saphir Basic - Clair<\/title>\n<meta name=\"description\" content=\"\u0160i\u0161a\u010d Heiniger Saphir Basic prikladan je za oblikovanje osjetljivijih podru\u010dja, na primjer oko glave. Provjerite ponudu!\" \/>\n<meta name=\"robots\" content=\"index, follow, max-snippet:-1, max-image-preview:large, max-video-preview:-1\" \/>\n<link rel=\"canonical\" href=\"https:\/\/clair.si\/hr\/izdelek\/sisac-za-konje-i-male-zivotinje-heiniger-saphir-basic\/\" \/>\n<meta property=\"og:locale\" content=\"hr_HR\" \/>\n<meta property=\"og:type\" content=\"article\" \/>\n<meta property=\"og:title\" content=\"\u0160i\u0161a\u010d za konje i male \u017eivotinje Heiniger Saphir Basic - Clair\" \/>\n<meta property=\"og:description\" content=\"\u0160i\u0161a\u010d Heiniger Saphir Basic prikladan je za oblikovanje osjetljivijih podru\u010dja, na primjer oko glave. Provjerite ponudu!\" \/>\n<meta property=\"og:url\" content=\"https:\/\/clair.si\/hr\/izdelek\/sisac-za-konje-i-male-zivotinje-heiniger-saphir-basic\/\" \/>\n<meta property=\"og:site_name\" content=\"Clair\" \/>\n<meta property=\"article:publisher\" content=\"https:\/\/www.facebook.com\/TrgovinaClair\/\" \/>\n<meta property=\"article:modified_time\" content=\"2025-08-28T05:32:16+00:00\" \/>\n<meta property=\"og:image\" content=\"https:\/\/clair.si\/wp-content\/uploads\/2022\/06\/Elektricne-skarje-za-male-zivali-Heiniger-Saphir-Basic.jpeg\" \/>\n\t<meta property=\"og:image:width\" content=\"1920\" \/>\n\t<meta property=\"og:image:height\" content=\"1920\" \/>\n\t<meta property=\"og:image:type\" content=\"image\/jpeg\" \/>\n<meta name=\"twitter:card\" content=\"summary_large_image\" \/>\n<meta name=\"twitter:label1\" content=\"Procijenjeno vrijeme \u010ditanja\" \/>\n\t<meta name=\"twitter:data1\" content=\"1 minuta\" \/>\n<script type=\"application\/ld+json\" class=\"yoast-schema-graph\">{\"@context\":\"https:\\\/\\\/schema.org\",\"@graph\":[{\"@type\":\"WebPage\",\"@id\":\"https:\\\/\\\/clair.si\\\/hr\\\/izdelek\\\/sisac-za-konje-i-male-zivotinje-heiniger-saphir-basic\\\/\",\"url\":\"https:\\\/\\\/clair.si\\\/hr\\\/izdelek\\\/sisac-za-konje-i-male-zivotinje-heiniger-saphir-basic\\\/\",\"name\":\"\u0160i\u0161a\u010d za konje i male \u017eivotinje Heiniger Saphir Basic - Clair\",\"isPartOf\":{\"@id\":\"https:\\\/\\\/clair.si\\\/#website\"},\"primaryImageOfPage\":{\"@id\":\"https:\\\/\\\/clair.si\\\/hr\\\/izdelek\\\/sisac-za-konje-i-male-zivotinje-heiniger-saphir-basic\\\/#primaryimage\"},\"image\":{\"@id\":\"https:\\\/\\\/clair.si\\\/hr\\\/izdelek\\\/sisac-za-konje-i-male-zivotinje-heiniger-saphir-basic\\\/#primaryimage\"},\"thumbnailUrl\":\"https:\\\/\\\/clair.si\\\/wp-content\\\/uploads\\\/2022\\\/06\\\/Elektricne-skarje-za-male-zivali-Heiniger-Saphir-Basic.webp\",\"datePublished\":\"2022-06-15T10:11:07+00:00\",\"dateModified\":\"2025-08-28T05:32:16+00:00\",\"description\":\"\u0160i\u0161a\u010d Heiniger Saphir Basic prikladan je za oblikovanje osjetljivijih podru\u010dja, na primjer oko glave. Provjerite ponudu!\",\"breadcrumb\":{\"@id\":\"https:\\\/\\\/clair.si\\\/hr\\\/izdelek\\\/sisac-za-konje-i-male-zivotinje-heiniger-saphir-basic\\\/#breadcrumb\"},\"inLanguage\":\"hr\",\"potentialAction\":[{\"@type\":\"ReadAction\",\"target\":[\"https:\\\/\\\/clair.si\\\/hr\\\/izdelek\\\/sisac-za-konje-i-male-zivotinje-heiniger-saphir-basic\\\/\"]}]},{\"@type\":\"ImageObject\",\"inLanguage\":\"hr\",\"@id\":\"https:\\\/\\\/clair.si\\\/hr\\\/izdelek\\\/sisac-za-konje-i-male-zivotinje-heiniger-saphir-basic\\\/#primaryimage\",\"url\":\"https:\\\/\\\/clair.si\\\/wp-content\\\/uploads\\\/2022\\\/06\\\/Elektricne-skarje-za-male-zivali-Heiniger-Saphir-Basic.webp\",\"contentUrl\":\"https:\\\/\\\/clair.si\\\/wp-content\\\/uploads\\\/2022\\\/06\\\/Elektricne-skarje-za-male-zivali-Heiniger-Saphir-Basic.webp\",\"width\":1920,\"height\":1920,\"caption\":\"Elektri\u010dne \u0161karje za konje\"},{\"@type\":\"BreadcrumbList\",\"@id\":\"https:\\\/\\\/clair.si\\\/hr\\\/izdelek\\\/sisac-za-konje-i-male-zivotinje-heiniger-saphir-basic\\\/#breadcrumb\",\"itemListElement\":[{\"@type\":\"ListItem\",\"position\":1,\"name\":\"Home\",\"item\":\"https:\\\/\\\/clair.si\\\/hr\\\/\"},{\"@type\":\"ListItem\",\"position\":2,\"name\":\"Trgovina\",\"item\":\"https:\\\/\\\/clair.si\\\/trgovina\\\/\"},{\"@type\":\"ListItem\",\"position\":3,\"name\":\"\u0160i\u0161a\u010d za konje i male \u017eivotinje Heiniger Saphir Basic\"}]},{\"@type\":\"WebSite\",\"@id\":\"https:\\\/\\\/clair.si\\\/#website\",\"url\":\"https:\\\/\\\/clair.si\\\/\",\"name\":\"Clair\",\"description\":\"Trgovina s konjeni\u0161ko opremo\",\"publisher\":{\"@id\":\"https:\\\/\\\/clair.si\\\/#organization\"},\"potentialAction\":[{\"@type\":\"SearchAction\",\"target\":{\"@type\":\"EntryPoint\",\"urlTemplate\":\"https:\\\/\\\/clair.si\\\/?s={search_term_string}\"},\"query-input\":{\"@type\":\"PropertyValueSpecification\",\"valueRequired\":true,\"valueName\":\"search_term_string\"}}],\"inLanguage\":\"hr\"},{\"@type\":\"Organization\",\"@id\":\"https:\\\/\\\/clair.si\\\/#organization\",\"name\":\"Clair\",\"url\":\"https:\\\/\\\/clair.si\\\/\",\"logo\":{\"@type\":\"ImageObject\",\"inLanguage\":\"hr\",\"@id\":\"https:\\\/\\\/clair.si\\\/#\\\/schema\\\/logo\\\/image\\\/\",\"url\":\"https:\\\/\\\/clair.si\\\/wp-content\\\/uploads\\\/2022\\\/11\\\/clair_logo_2022.jpg\",\"contentUrl\":\"https:\\\/\\\/clair.si\\\/wp-content\\\/uploads\\\/2022\\\/11\\\/clair_logo_2022.jpg\",\"width\":1920,\"height\":1920,\"caption\":\"Clair\"},\"image\":{\"@id\":\"https:\\\/\\\/clair.si\\\/#\\\/schema\\\/logo\\\/image\\\/\"},\"sameAs\":[\"https:\\\/\\\/www.facebook.com\\\/TrgovinaClair\\\/\"]}]}<\/script>\n<!-- \/ Yoast SEO plugin. -->","yoast_head_json":{"title":"\u0160i\u0161a\u010d za konje i male \u017eivotinje Heiniger Saphir Basic - Clair","description":"\u0160i\u0161a\u010d Heiniger Saphir Basic prikladan je za oblikovanje osjetljivijih podru\u010dja, na primjer oko glave. Provjerite ponudu!","robots":{"index":"index","follow":"follow","max-snippet":"max-snippet:-1","max-image-preview":"max-image-preview:large","max-video-preview":"max-video-preview:-1"},"canonical":"https:\/\/clair.si\/hr\/izdelek\/sisac-za-konje-i-male-zivotinje-heiniger-saphir-basic\/","og_locale":"hr_HR","og_type":"article","og_title":"\u0160i\u0161a\u010d za konje i male \u017eivotinje Heiniger Saphir Basic - Clair","og_description":"\u0160i\u0161a\u010d Heiniger Saphir Basic prikladan je za oblikovanje osjetljivijih podru\u010dja, na primjer oko glave. Provjerite ponudu!","og_url":"https:\/\/clair.si\/hr\/izdelek\/sisac-za-konje-i-male-zivotinje-heiniger-saphir-basic\/","og_site_name":"Clair","article_publisher":"https:\/\/www.facebook.com\/TrgovinaClair\/","article_modified_time":"2025-08-28T05:32:16+00:00","og_image":[{"width":1920,"height":1920,"url":"https:\/\/clair.si\/wp-content\/uploads\/2022\/06\/Elektricne-skarje-za-male-zivali-Heiniger-Saphir-Basic.jpeg","type":"image\/jpeg"}],"twitter_card":"summary_large_image","twitter_misc":{"Procijenjeno vrijeme \u010ditanja":"1 minuta"},"schema":{"@context":"https:\/\/schema.org","@graph":[{"@type":"WebPage","@id":"https:\/\/clair.si\/hr\/izdelek\/sisac-za-konje-i-male-zivotinje-heiniger-saphir-basic\/","url":"https:\/\/clair.si\/hr\/izdelek\/sisac-za-konje-i-male-zivotinje-heiniger-saphir-basic\/","name":"\u0160i\u0161a\u010d za konje i male \u017eivotinje Heiniger Saphir Basic - Clair","isPartOf":{"@id":"https:\/\/clair.si\/#website"},"primaryImageOfPage":{"@id":"https:\/\/clair.si\/hr\/izdelek\/sisac-za-konje-i-male-zivotinje-heiniger-saphir-basic\/#primaryimage"},"image":{"@id":"https:\/\/clair.si\/hr\/izdelek\/sisac-za-konje-i-male-zivotinje-heiniger-saphir-basic\/#primaryimage"},"thumbnailUrl":"https:\/\/clair.si\/wp-content\/uploads\/2022\/06\/Elektricne-skarje-za-male-zivali-Heiniger-Saphir-Basic.webp","datePublished":"2022-06-15T10:11:07+00:00","dateModified":"2025-08-28T05:32:16+00:00","description":"\u0160i\u0161a\u010d Heiniger Saphir Basic prikladan je za oblikovanje osjetljivijih podru\u010dja, na primjer oko glave. Provjerite ponudu!","breadcrumb":{"@id":"https:\/\/clair.si\/hr\/izdelek\/sisac-za-konje-i-male-zivotinje-heiniger-saphir-basic\/#breadcrumb"},"inLanguage":"hr","potentialAction":[{"@type":"ReadAction","target":["https:\/\/clair.si\/hr\/izdelek\/sisac-za-konje-i-male-zivotinje-heiniger-saphir-basic\/"]}]},{"@type":"ImageObject","inLanguage":"hr","@id":"https:\/\/clair.si\/hr\/izdelek\/sisac-za-konje-i-male-zivotinje-heiniger-saphir-basic\/#primaryimage","url":"https:\/\/clair.si\/wp-content\/uploads\/2022\/06\/Elektricne-skarje-za-male-zivali-Heiniger-Saphir-Basic.webp","contentUrl":"https:\/\/clair.si\/wp-content\/uploads\/2022\/06\/Elektricne-skarje-za-male-zivali-Heiniger-Saphir-Basic.webp","width":1920,"height":1920,"caption":"Elektri\u010dne \u0161karje za konje"},{"@type":"BreadcrumbList","@id":"https:\/\/clair.si\/hr\/izdelek\/sisac-za-konje-i-male-zivotinje-heiniger-saphir-basic\/#breadcrumb","itemListElement":[{"@type":"ListItem","position":1,"name":"Home","item":"https:\/\/clair.si\/hr\/"},{"@type":"ListItem","position":2,"name":"Trgovina","item":"https:\/\/clair.si\/trgovina\/"},{"@type":"ListItem","position":3,"name":"\u0160i\u0161a\u010d za konje i male \u017eivotinje Heiniger Saphir Basic"}]},{"@type":"WebSite","@id":"https:\/\/clair.si\/#website","url":"https:\/\/clair.si\/","name":"Clair","description":"Trgovina s konjeni\u0161ko opremo","publisher":{"@id":"https:\/\/clair.si\/#organization"},"potentialAction":[{"@type":"SearchAction","target":{"@type":"EntryPoint","urlTemplate":"https:\/\/clair.si\/?s={search_term_string}"},"query-input":{"@type":"PropertyValueSpecification","valueRequired":true,"valueName":"search_term_string"}}],"inLanguage":"hr"},{"@type":"Organization","@id":"https:\/\/clair.si\/#organization","name":"Clair","url":"https:\/\/clair.si\/","logo":{"@type":"ImageObject","inLanguage":"hr","@id":"https:\/\/clair.si\/#\/schema\/logo\/image\/","url":"https:\/\/clair.si\/wp-content\/uploads\/2022\/11\/clair_logo_2022.jpg","contentUrl":"https:\/\/clair.si\/wp-content\/uploads\/2022\/11\/clair_logo_2022.jpg","width":1920,"height":1920,"caption":"Clair"},"image":{"@id":"https:\/\/clair.si\/#\/schema\/logo\/image\/"},"sameAs":["https:\/\/www.facebook.com\/TrgovinaClair\/"]}]}},"_links":{"self":[{"href":"https:\/\/clair.si\/hr\/wp-json\/wp\/v2\/product\/103944","targetHints":{"allow":["GET"]}}],"collection":[{"href":"https:\/\/clair.si\/hr\/wp-json\/wp\/v2\/product"}],"about":[{"href":"https:\/\/clair.si\/hr\/wp-json\/wp\/v2\/types\/product"}],"version-history":[{"count":0,"href":"https:\/\/clair.si\/hr\/wp-json\/wp\/v2\/product\/103944\/revisions"}],"wp:featuredmedia":[{"embeddable":true,"href":"https:\/\/clair.si\/hr\/wp-json\/wp\/v2\/media\/103954"}],"wp:attachment":[{"href":"https:\/\/clair.si\/hr\/wp-json\/wp\/v2\/media?parent=103944"}],"wp:term":[{"taxonomy":"product_brand","embeddable":true,"href":"https:\/\/clair.si\/hr\/wp-json\/wp\/v2\/product_brand?post=103944"},{"taxonomy":"product_cat","embeddable":true,"href":"https:\/\/clair.si\/hr\/wp-json\/wp\/v2\/product_cat?post=103944"},{"taxonomy":"product_tag","embeddable":true,"href":"https:\/\/clair.si\/hr\/wp-json\/wp\/v2\/product_tag?post=103944"}],"curies":[{"name":"wp","href":"https:\/\/api.w.org\/{rel}","templated":true}]}}