{"id":103981,"date":"2022-06-13T15:22:52","date_gmt":"2022-06-13T13:22:52","guid":{"rendered":"https:\/\/clair.si\/izdelek\/dresurno-sedlo-norton-pro\/"},"modified":"2026-04-12T08:21:00","modified_gmt":"2026-04-12T06:21:00","slug":"dresurno-sedlo-norton-pro","status":"publish","type":"product","link":"https:\/\/clair.si\/hr\/izdelek\/dresurno-sedlo-norton-pro\/","title":{"rendered":"Dresurno sedlo NORTON PRO"},"content":{"rendered":"<div id=\"tw-target-text-container\" class=\"tw-ta-container F0azHf tw-nfl\" tabindex=\"0\">\n<p id=\"tw-target-text\" class=\"tw-data-text tw-text-large tw-ta\" dir=\"ltr\" data-placeholder=\"Translation\"><span class=\"Y2IQFc\" lang=\"sl\"><strong>Dresurno sedlo NORTON PRO<\/strong> od Clarino materijala sa sjajnim crnim rubovima. <\/span><\/p>\n<p class=\"tw-data-text tw-text-large tw-ta\" dir=\"ltr\" data-placeholder=\"Translation\"><span class=\"Y2IQFc\" lang=\"sl\">Sjedi\u0161te je podstavljeno pjenom visoke gusto\u0107e. Samoprijemljive, pomi\u010dne i uklonjive potpore za koljena mogu se prilagoditi polo\u017eaju noge.  <\/span><\/p>\n<p class=\"tw-data-text tw-text-large tw-ta\" dir=\"ltr\" data-placeholder=\"Translation\"><span class=\"Y2IQFc\" lang=\"sl\">Okvir sedla izra\u0111en je od polipropilena i s mogu\u0107no\u0161\u0107u zamjene luka sedla, ovisno o \u0161irini i visini ramenog dijela konja. Lukove sedla i mjera\u010d mo\u017eete prona\u0107i u na\u0161oj web trgovini.<br \/>\n<\/span><\/p>\n<p class=\"tw-data-text tw-text-large tw-ta\" dir=\"ltr\" data-placeholder=\"Translation\"><span class=\"Y2IQFc\" lang=\"sl\">Jastu\u010di\u0107i sedla punjeni su pravom i sinteti\u010dkom vunom.<\/span><\/p>\n<p class=\"tw-data-text tw-text-large tw-ta\" dir=\"ltr\" data-placeholder=\"Translation\"><span class=\"Y2IQFc\" lang=\"sl\"> <strong>Dresurno sedlo NORTON PRO<\/strong> s 3-godi\u0161njom garancijom na okvir sedla i 7-godi\u0161njom garancijom na Clarino materijal!<br \/>\n<\/span><\/p>\n<\/div>\n<div id=\"tw-target-rmn-container\" class=\"tw-target-rmn tw-ta-container F0azHf tw-nfl\">\n<pre id=\"tw-target-rmn\" class=\"tw-data-placeholder tw-text-small tw-ta\" dir=\"ltr\" data-placeholder=\"\"><\/pre>\n<\/div>\n","protected":false},"excerpt":{"rendered":"<p>Dresurno sedlo NORTON PRO od Clarino materijala sa sjajnim crnim rubovima. Sjedi\u0161te je podstavljeno pjenom visoke gusto\u0107e. Samoprijemljive, pomi\u010dne i<\/p>\n","protected":false},"featured_media":103983,"template":"","meta":{"footnotes":""},"product_brand":[],"product_cat":[6876,5624,5940],"product_tag":[],"class_list":{"0":"post-103981","1":"product","2":"type-product","3":"status-publish","4":"has-post-thumbnail","6":"product_cat-dresurna-sedla-hr-2","7":"product_cat-konj-hr","8":"product_cat-sedla-hr","10":"first","11":"instock","12":"shipping-taxable","13":"purchasable","14":"product-type-variable"},"yoast_head":"<!-- This site is optimized with the Yoast SEO plugin v27.4 - https:\/\/yoast.com\/product\/yoast-seo-wordpress\/ -->\n<title>Dresurno sedlo NORTON PRO - Clair<\/title>\n<meta name=\"description\" content=\"Dresurno sedlo NORTON PRO od Clarino materijala sa sjajnim crnim rubovima. Odli\u010dan omjer cijene i garancije koju nudi!\" \/>\n<meta name=\"robots\" content=\"index, follow, max-snippet:-1, max-image-preview:large, max-video-preview:-1\" \/>\n<link rel=\"canonical\" href=\"https:\/\/clair.si\/hr\/izdelek\/dresurno-sedlo-norton-pro\/\" \/>\n<meta property=\"og:locale\" content=\"hr_HR\" \/>\n<meta property=\"og:type\" content=\"article\" \/>\n<meta property=\"og:title\" content=\"Dresurno sedlo NORTON PRO - Clair\" \/>\n<meta property=\"og:description\" content=\"Dresurno sedlo NORTON PRO od Clarino materijala sa sjajnim crnim rubovima. Odli\u010dan omjer cijene i garancije koju nudi!\" \/>\n<meta property=\"og:url\" content=\"https:\/\/clair.si\/hr\/izdelek\/dresurno-sedlo-norton-pro\/\" \/>\n<meta property=\"og:site_name\" content=\"Clair\" \/>\n<meta property=\"article:publisher\" content=\"https:\/\/www.facebook.com\/TrgovinaClair\/\" \/>\n<meta property=\"article:modified_time\" content=\"2026-04-12T06:21:00+00:00\" \/>\n<meta property=\"og:image\" content=\"https:\/\/clair.si\/wp-content\/uploads\/2022\/06\/norton-pro-dresurno-sedlo.jpg\" \/>\n\t<meta property=\"og:image:width\" content=\"800\" \/>\n\t<meta property=\"og:image:height\" content=\"800\" \/>\n\t<meta property=\"og:image:type\" content=\"image\/jpeg\" \/>\n<meta name=\"twitter:card\" content=\"summary_large_image\" \/>\n<script type=\"application\/ld+json\" class=\"yoast-schema-graph\">{\"@context\":\"https:\\\/\\\/schema.org\",\"@graph\":[{\"@type\":\"WebPage\",\"@id\":\"https:\\\/\\\/clair.si\\\/hr\\\/izdelek\\\/dresurno-sedlo-norton-pro\\\/\",\"url\":\"https:\\\/\\\/clair.si\\\/hr\\\/izdelek\\\/dresurno-sedlo-norton-pro\\\/\",\"name\":\"Dresurno sedlo NORTON PRO - Clair\",\"isPartOf\":{\"@id\":\"https:\\\/\\\/clair.si\\\/#website\"},\"primaryImageOfPage\":{\"@id\":\"https:\\\/\\\/clair.si\\\/hr\\\/izdelek\\\/dresurno-sedlo-norton-pro\\\/#primaryimage\"},\"image\":{\"@id\":\"https:\\\/\\\/clair.si\\\/hr\\\/izdelek\\\/dresurno-sedlo-norton-pro\\\/#primaryimage\"},\"thumbnailUrl\":\"https:\\\/\\\/clair.si\\\/wp-content\\\/uploads\\\/2022\\\/06\\\/norton-pro-dresurno-sedlo.webp\",\"datePublished\":\"2022-06-13T13:22:52+00:00\",\"dateModified\":\"2026-04-12T06:21:00+00:00\",\"description\":\"Dresurno sedlo NORTON PRO od Clarino materijala sa sjajnim crnim rubovima. Odli\u010dan omjer cijene i garancije koju nudi!\",\"breadcrumb\":{\"@id\":\"https:\\\/\\\/clair.si\\\/hr\\\/izdelek\\\/dresurno-sedlo-norton-pro\\\/#breadcrumb\"},\"inLanguage\":\"hr\",\"potentialAction\":[{\"@type\":\"ReadAction\",\"target\":[\"https:\\\/\\\/clair.si\\\/hr\\\/izdelek\\\/dresurno-sedlo-norton-pro\\\/\"]}]},{\"@type\":\"ImageObject\",\"inLanguage\":\"hr\",\"@id\":\"https:\\\/\\\/clair.si\\\/hr\\\/izdelek\\\/dresurno-sedlo-norton-pro\\\/#primaryimage\",\"url\":\"https:\\\/\\\/clair.si\\\/wp-content\\\/uploads\\\/2022\\\/06\\\/norton-pro-dresurno-sedlo.webp\",\"contentUrl\":\"https:\\\/\\\/clair.si\\\/wp-content\\\/uploads\\\/2022\\\/06\\\/norton-pro-dresurno-sedlo.webp\",\"width\":800,\"height\":800,\"caption\":\"Dresurno sedlo Norton Pro.\"},{\"@type\":\"BreadcrumbList\",\"@id\":\"https:\\\/\\\/clair.si\\\/hr\\\/izdelek\\\/dresurno-sedlo-norton-pro\\\/#breadcrumb\",\"itemListElement\":[{\"@type\":\"ListItem\",\"position\":1,\"name\":\"Home\",\"item\":\"https:\\\/\\\/clair.si\\\/hr\\\/\"},{\"@type\":\"ListItem\",\"position\":2,\"name\":\"Trgovina\",\"item\":\"https:\\\/\\\/clair.si\\\/trgovina\\\/\"},{\"@type\":\"ListItem\",\"position\":3,\"name\":\"Dresurno sedlo NORTON PRO\"}]},{\"@type\":\"WebSite\",\"@id\":\"https:\\\/\\\/clair.si\\\/#website\",\"url\":\"https:\\\/\\\/clair.si\\\/\",\"name\":\"Clair\",\"description\":\"Trgovina s konjeni\u0161ko opremo\",\"publisher\":{\"@id\":\"https:\\\/\\\/clair.si\\\/#organization\"},\"potentialAction\":[{\"@type\":\"SearchAction\",\"target\":{\"@type\":\"EntryPoint\",\"urlTemplate\":\"https:\\\/\\\/clair.si\\\/?s={search_term_string}\"},\"query-input\":{\"@type\":\"PropertyValueSpecification\",\"valueRequired\":true,\"valueName\":\"search_term_string\"}}],\"inLanguage\":\"hr\"},{\"@type\":\"Organization\",\"@id\":\"https:\\\/\\\/clair.si\\\/#organization\",\"name\":\"Clair\",\"url\":\"https:\\\/\\\/clair.si\\\/\",\"logo\":{\"@type\":\"ImageObject\",\"inLanguage\":\"hr\",\"@id\":\"https:\\\/\\\/clair.si\\\/#\\\/schema\\\/logo\\\/image\\\/\",\"url\":\"https:\\\/\\\/clair.si\\\/wp-content\\\/uploads\\\/2022\\\/11\\\/clair_logo_2022.jpg\",\"contentUrl\":\"https:\\\/\\\/clair.si\\\/wp-content\\\/uploads\\\/2022\\\/11\\\/clair_logo_2022.jpg\",\"width\":1920,\"height\":1920,\"caption\":\"Clair\"},\"image\":{\"@id\":\"https:\\\/\\\/clair.si\\\/#\\\/schema\\\/logo\\\/image\\\/\"},\"sameAs\":[\"https:\\\/\\\/www.facebook.com\\\/TrgovinaClair\\\/\"]}]}<\/script>\n<!-- \/ Yoast SEO plugin. -->","yoast_head_json":{"title":"Dresurno sedlo NORTON PRO - Clair","description":"Dresurno sedlo NORTON PRO od Clarino materijala sa sjajnim crnim rubovima. Odli\u010dan omjer cijene i garancije koju nudi!","robots":{"index":"index","follow":"follow","max-snippet":"max-snippet:-1","max-image-preview":"max-image-preview:large","max-video-preview":"max-video-preview:-1"},"canonical":"https:\/\/clair.si\/hr\/izdelek\/dresurno-sedlo-norton-pro\/","og_locale":"hr_HR","og_type":"article","og_title":"Dresurno sedlo NORTON PRO - Clair","og_description":"Dresurno sedlo NORTON PRO od Clarino materijala sa sjajnim crnim rubovima. Odli\u010dan omjer cijene i garancije koju nudi!","og_url":"https:\/\/clair.si\/hr\/izdelek\/dresurno-sedlo-norton-pro\/","og_site_name":"Clair","article_publisher":"https:\/\/www.facebook.com\/TrgovinaClair\/","article_modified_time":"2026-04-12T06:21:00+00:00","og_image":[{"width":800,"height":800,"url":"https:\/\/clair.si\/wp-content\/uploads\/2022\/06\/norton-pro-dresurno-sedlo.jpg","type":"image\/jpeg"}],"twitter_card":"summary_large_image","schema":{"@context":"https:\/\/schema.org","@graph":[{"@type":"WebPage","@id":"https:\/\/clair.si\/hr\/izdelek\/dresurno-sedlo-norton-pro\/","url":"https:\/\/clair.si\/hr\/izdelek\/dresurno-sedlo-norton-pro\/","name":"Dresurno sedlo NORTON PRO - Clair","isPartOf":{"@id":"https:\/\/clair.si\/#website"},"primaryImageOfPage":{"@id":"https:\/\/clair.si\/hr\/izdelek\/dresurno-sedlo-norton-pro\/#primaryimage"},"image":{"@id":"https:\/\/clair.si\/hr\/izdelek\/dresurno-sedlo-norton-pro\/#primaryimage"},"thumbnailUrl":"https:\/\/clair.si\/wp-content\/uploads\/2022\/06\/norton-pro-dresurno-sedlo.webp","datePublished":"2022-06-13T13:22:52+00:00","dateModified":"2026-04-12T06:21:00+00:00","description":"Dresurno sedlo NORTON PRO od Clarino materijala sa sjajnim crnim rubovima. Odli\u010dan omjer cijene i garancije koju nudi!","breadcrumb":{"@id":"https:\/\/clair.si\/hr\/izdelek\/dresurno-sedlo-norton-pro\/#breadcrumb"},"inLanguage":"hr","potentialAction":[{"@type":"ReadAction","target":["https:\/\/clair.si\/hr\/izdelek\/dresurno-sedlo-norton-pro\/"]}]},{"@type":"ImageObject","inLanguage":"hr","@id":"https:\/\/clair.si\/hr\/izdelek\/dresurno-sedlo-norton-pro\/#primaryimage","url":"https:\/\/clair.si\/wp-content\/uploads\/2022\/06\/norton-pro-dresurno-sedlo.webp","contentUrl":"https:\/\/clair.si\/wp-content\/uploads\/2022\/06\/norton-pro-dresurno-sedlo.webp","width":800,"height":800,"caption":"Dresurno sedlo Norton Pro."},{"@type":"BreadcrumbList","@id":"https:\/\/clair.si\/hr\/izdelek\/dresurno-sedlo-norton-pro\/#breadcrumb","itemListElement":[{"@type":"ListItem","position":1,"name":"Home","item":"https:\/\/clair.si\/hr\/"},{"@type":"ListItem","position":2,"name":"Trgovina","item":"https:\/\/clair.si\/trgovina\/"},{"@type":"ListItem","position":3,"name":"Dresurno sedlo NORTON PRO"}]},{"@type":"WebSite","@id":"https:\/\/clair.si\/#website","url":"https:\/\/clair.si\/","name":"Clair","description":"Trgovina s konjeni\u0161ko opremo","publisher":{"@id":"https:\/\/clair.si\/#organization"},"potentialAction":[{"@type":"SearchAction","target":{"@type":"EntryPoint","urlTemplate":"https:\/\/clair.si\/?s={search_term_string}"},"query-input":{"@type":"PropertyValueSpecification","valueRequired":true,"valueName":"search_term_string"}}],"inLanguage":"hr"},{"@type":"Organization","@id":"https:\/\/clair.si\/#organization","name":"Clair","url":"https:\/\/clair.si\/","logo":{"@type":"ImageObject","inLanguage":"hr","@id":"https:\/\/clair.si\/#\/schema\/logo\/image\/","url":"https:\/\/clair.si\/wp-content\/uploads\/2022\/11\/clair_logo_2022.jpg","contentUrl":"https:\/\/clair.si\/wp-content\/uploads\/2022\/11\/clair_logo_2022.jpg","width":1920,"height":1920,"caption":"Clair"},"image":{"@id":"https:\/\/clair.si\/#\/schema\/logo\/image\/"},"sameAs":["https:\/\/www.facebook.com\/TrgovinaClair\/"]}]}},"_links":{"self":[{"href":"https:\/\/clair.si\/hr\/wp-json\/wp\/v2\/product\/103981","targetHints":{"allow":["GET"]}}],"collection":[{"href":"https:\/\/clair.si\/hr\/wp-json\/wp\/v2\/product"}],"about":[{"href":"https:\/\/clair.si\/hr\/wp-json\/wp\/v2\/types\/product"}],"version-history":[{"count":0,"href":"https:\/\/clair.si\/hr\/wp-json\/wp\/v2\/product\/103981\/revisions"}],"wp:featuredmedia":[{"embeddable":true,"href":"https:\/\/clair.si\/hr\/wp-json\/wp\/v2\/media\/103983"}],"wp:attachment":[{"href":"https:\/\/clair.si\/hr\/wp-json\/wp\/v2\/media?parent=103981"}],"wp:term":[{"taxonomy":"product_brand","embeddable":true,"href":"https:\/\/clair.si\/hr\/wp-json\/wp\/v2\/product_brand?post=103981"},{"taxonomy":"product_cat","embeddable":true,"href":"https:\/\/clair.si\/hr\/wp-json\/wp\/v2\/product_cat?post=103981"},{"taxonomy":"product_tag","embeddable":true,"href":"https:\/\/clair.si\/hr\/wp-json\/wp\/v2\/product_tag?post=103981"}],"curies":[{"name":"wp","href":"https:\/\/api.w.org\/{rel}","templated":true}]}}