{"id":103991,"date":"2022-06-13T14:52:56","date_gmt":"2022-06-13T12:52:56","guid":{"rendered":"https:\/\/clair.si\/izdelek\/pony-sedlo-evolution-educative\/"},"modified":"2025-09-24T10:53:48","modified_gmt":"2025-09-24T08:53:48","slug":"pony-sedlo-evolution-educative","status":"publish","type":"product","link":"https:\/\/clair.si\/hr\/izdelek\/pony-sedlo-evolution-educative\/","title":{"rendered":"Pony sedlo Evolution Educative"},"content":{"rendered":"<p><span class=\"VIiyi\" lang=\"sl\"><span class=\"JLqJ4b\" data-language-for-alternatives=\"sl\" data-language-to-translate-into=\"en\" data-phrase-index=\"0\" data-number-of-phrases=\"1\"><span class=\"Q4iAWc\"><strong>Pony sedlo Evolution Educative<\/strong> kombinira sve elemente jastu\u010di\u0107a za jahanje i sedla koje je GUY CANTIN razvijao zajedno s mladim jaha\u010dem. <\/span><\/span><\/span><\/p>\n<p><span class=\"VIiyi\" lang=\"sl\"><span class=\"JLqJ4b\" data-language-for-alternatives=\"sl\" data-language-to-translate-into=\"en\" data-phrase-index=\"0\" data-number-of-phrases=\"1\"><span class=\"Q4iAWc\">Ovo je sedlo dizajnirano da se savr\u0161eno prilagodi razli\u010ditim tipovima tijela ponija i njihovim mladim jaha\u010dima. Sjedalo, krila sedla i jastu\u010di\u0107i za koljena izra\u0111eni su od sna\u017ene pune ko\u017ee. Ovo ultra lagano (2,6 kg) sedlo vrlo je udobno za ponija i ima otvor za greben u obliku polumjeseca, \u0161to sprje\u010dava ozljede u tom podru\u010dju. Razmak izme\u0111u jastu\u010di\u0107a sedla \u0161titi kralje\u017enicu konja (osloba\u0111anjem kralje\u017eaka) i sprje\u010dava klizanje sedla u stranu.    <\/span><\/span><\/span><\/p>\n<p><span class=\"VIiyi\" lang=\"sl\"><span class=\"JLqJ4b\" data-language-for-alternatives=\"sl\" data-language-to-translate-into=\"en\" data-phrase-index=\"0\" data-number-of-phrases=\"1\"><span class=\"Q4iAWc\"><strong>Pony sedlo Evolution Educative<\/strong> omogu\u0107uje mladim jaha\u010dima da od samog po\u010detka steknu pravu ravnote\u017eu. Sjedalo je dizajnirano za optimalnu udobnost i poti\u010de dijete da brzo prona\u0111e pravilan polo\u017eaj zahvaljuju\u0107i potporama na sedlu. Sedlo Evolution Educative osigurava stabilnost. Ko\u017ena ru\u010dka doprinosi sigurnosti. Jastu\u010di\u0107i za koljena i bedra poma\u017eu u odr\u017eavanju mirnih nogu.     <\/span><\/span><\/span><\/p>\n<p><span class=\"VIiyi\" lang=\"sl\"><span class=\"JLqJ4b\" data-language-for-alternatives=\"sl\" data-language-to-translate-into=\"en\" data-phrase-index=\"0\" data-number-of-phrases=\"1\"><span class=\"Q4iAWc\">Upute za njegu: novo sedlo nauljite uljem za ko\u017eu. Redovito \u010distite glicerinskim sapunom. Njegujte balzamom ili ma\u0161\u0107u za ko\u017eu.  <\/span><\/span><\/span><\/p>\n","protected":false},"excerpt":{"rendered":"<p><span class=\"VIiyi\" lang=\"sl\"><span class=\"JLqJ4b\" data-language-for-alternatives=\"sl\" data-language-to-translate-into=\"en\" data-phrase-index=\"0\" data-number-of-phrases=\"1\"><span class=\"Q4iAWc\"><strong>Pony sedlo Evolution Educative<\/strong> omogu\u0107uje mladim jaha\u010dima da od samog po\u010detka steknu pravu ravnote\u017eu. Sjedalo je dizajnirano za optimalnu udobnost i poti\u010de dijete da brzo zauzme pravilan polo\u017eaj.<br \/>\n<\/span><\/span><\/span><\/p>\n","protected":false},"featured_media":103992,"template":"","meta":{"footnotes":""},"product_brand":[],"product_cat":[5657,5624,5940,6024],"product_tag":[],"class_list":{"0":"post-103991","1":"product","2":"type-product","3":"status-publish","4":"has-post-thumbnail","6":"product_cat-kategorije-hr","7":"product_cat-konj-hr","8":"product_cat-sedla-hr","9":"product_cat-sedla-za-ponije-hr","11":"first","12":"onbackorder","13":"sale","14":"shipping-taxable","15":"purchasable","16":"product-type-variable"},"yoast_head":"<!-- This site is optimized with the Yoast SEO plugin v27.4 - https:\/\/yoast.com\/product\/yoast-seo-wordpress\/ -->\n<title>Pony sedlo Evolution Educative - Clair<\/title>\n<meta name=\"description\" content=\"Pony sedlo Evolution Educative kombinira sve elemente jastu\u010di\u0107a za jahanje i sedla koje je GUY CANTIN razvijao zajedno s mladim jaha\u010dem.\" \/>\n<meta name=\"robots\" content=\"index, follow, max-snippet:-1, max-image-preview:large, max-video-preview:-1\" \/>\n<link rel=\"canonical\" href=\"https:\/\/clair.si\/hr\/izdelek\/pony-sedlo-evolution-educative\/\" \/>\n<meta property=\"og:locale\" content=\"hr_HR\" \/>\n<meta property=\"og:type\" content=\"article\" \/>\n<meta property=\"og:title\" content=\"Pony sedlo Evolution Educative - Clair\" \/>\n<meta property=\"og:description\" content=\"Pony sedlo Evolution Educative kombinira sve elemente jastu\u010di\u0107a za jahanje i sedla koje je GUY CANTIN razvijao zajedno s mladim jaha\u010dem.\" \/>\n<meta property=\"og:url\" content=\"https:\/\/clair.si\/hr\/izdelek\/pony-sedlo-evolution-educative\/\" \/>\n<meta property=\"og:site_name\" content=\"Clair\" \/>\n<meta property=\"article:publisher\" content=\"https:\/\/www.facebook.com\/TrgovinaClair\/\" \/>\n<meta property=\"article:modified_time\" content=\"2025-09-24T08:53:48+00:00\" \/>\n<meta property=\"og:image\" content=\"https:\/\/clair.si\/wp-content\/uploads\/2022\/06\/guy-cantin-evolution-educative-pony-sedlo-rjava.jpg\" \/>\n\t<meta property=\"og:image:width\" content=\"800\" \/>\n\t<meta property=\"og:image:height\" content=\"800\" \/>\n\t<meta property=\"og:image:type\" content=\"image\/jpeg\" \/>\n<meta name=\"twitter:card\" content=\"summary_large_image\" \/>\n<meta name=\"twitter:label1\" content=\"Procijenjeno vrijeme \u010ditanja\" \/>\n\t<meta name=\"twitter:data1\" content=\"1 minuta\" \/>\n<script type=\"application\/ld+json\" class=\"yoast-schema-graph\">{\"@context\":\"https:\\\/\\\/schema.org\",\"@graph\":[{\"@type\":\"WebPage\",\"@id\":\"https:\\\/\\\/clair.si\\\/hr\\\/izdelek\\\/pony-sedlo-evolution-educative\\\/\",\"url\":\"https:\\\/\\\/clair.si\\\/hr\\\/izdelek\\\/pony-sedlo-evolution-educative\\\/\",\"name\":\"Pony sedlo Evolution Educative - Clair\",\"isPartOf\":{\"@id\":\"https:\\\/\\\/clair.si\\\/#website\"},\"primaryImageOfPage\":{\"@id\":\"https:\\\/\\\/clair.si\\\/hr\\\/izdelek\\\/pony-sedlo-evolution-educative\\\/#primaryimage\"},\"image\":{\"@id\":\"https:\\\/\\\/clair.si\\\/hr\\\/izdelek\\\/pony-sedlo-evolution-educative\\\/#primaryimage\"},\"thumbnailUrl\":\"https:\\\/\\\/clair.si\\\/wp-content\\\/uploads\\\/2022\\\/06\\\/guy-cantin-evolution-educative-pony-sedlo-rjava.webp\",\"datePublished\":\"2022-06-13T12:52:56+00:00\",\"dateModified\":\"2025-09-24T08:53:48+00:00\",\"description\":\"Pony sedlo Evolution Educative kombinira sve elemente jastu\u010di\u0107a za jahanje i sedla koje je GUY CANTIN razvijao zajedno s mladim jaha\u010dem.\",\"breadcrumb\":{\"@id\":\"https:\\\/\\\/clair.si\\\/hr\\\/izdelek\\\/pony-sedlo-evolution-educative\\\/#breadcrumb\"},\"inLanguage\":\"hr\",\"potentialAction\":[{\"@type\":\"ReadAction\",\"target\":[\"https:\\\/\\\/clair.si\\\/hr\\\/izdelek\\\/pony-sedlo-evolution-educative\\\/\"]}]},{\"@type\":\"ImageObject\",\"inLanguage\":\"hr\",\"@id\":\"https:\\\/\\\/clair.si\\\/hr\\\/izdelek\\\/pony-sedlo-evolution-educative\\\/#primaryimage\",\"url\":\"https:\\\/\\\/clair.si\\\/wp-content\\\/uploads\\\/2022\\\/06\\\/guy-cantin-evolution-educative-pony-sedlo-rjava.webp\",\"contentUrl\":\"https:\\\/\\\/clair.si\\\/wp-content\\\/uploads\\\/2022\\\/06\\\/guy-cantin-evolution-educative-pony-sedlo-rjava.webp\",\"width\":800,\"height\":800,\"caption\":\"Poni sedlo educative evolution.\"},{\"@type\":\"BreadcrumbList\",\"@id\":\"https:\\\/\\\/clair.si\\\/hr\\\/izdelek\\\/pony-sedlo-evolution-educative\\\/#breadcrumb\",\"itemListElement\":[{\"@type\":\"ListItem\",\"position\":1,\"name\":\"Home\",\"item\":\"https:\\\/\\\/clair.si\\\/hr\\\/\"},{\"@type\":\"ListItem\",\"position\":2,\"name\":\"Trgovina\",\"item\":\"https:\\\/\\\/clair.si\\\/trgovina\\\/\"},{\"@type\":\"ListItem\",\"position\":3,\"name\":\"Pony sedlo Evolution Educative\"}]},{\"@type\":\"WebSite\",\"@id\":\"https:\\\/\\\/clair.si\\\/#website\",\"url\":\"https:\\\/\\\/clair.si\\\/\",\"name\":\"Clair\",\"description\":\"Trgovina s konjeni\u0161ko opremo\",\"publisher\":{\"@id\":\"https:\\\/\\\/clair.si\\\/#organization\"},\"potentialAction\":[{\"@type\":\"SearchAction\",\"target\":{\"@type\":\"EntryPoint\",\"urlTemplate\":\"https:\\\/\\\/clair.si\\\/?s={search_term_string}\"},\"query-input\":{\"@type\":\"PropertyValueSpecification\",\"valueRequired\":true,\"valueName\":\"search_term_string\"}}],\"inLanguage\":\"hr\"},{\"@type\":\"Organization\",\"@id\":\"https:\\\/\\\/clair.si\\\/#organization\",\"name\":\"Clair\",\"url\":\"https:\\\/\\\/clair.si\\\/\",\"logo\":{\"@type\":\"ImageObject\",\"inLanguage\":\"hr\",\"@id\":\"https:\\\/\\\/clair.si\\\/#\\\/schema\\\/logo\\\/image\\\/\",\"url\":\"https:\\\/\\\/clair.si\\\/wp-content\\\/uploads\\\/2022\\\/11\\\/clair_logo_2022.jpg\",\"contentUrl\":\"https:\\\/\\\/clair.si\\\/wp-content\\\/uploads\\\/2022\\\/11\\\/clair_logo_2022.jpg\",\"width\":1920,\"height\":1920,\"caption\":\"Clair\"},\"image\":{\"@id\":\"https:\\\/\\\/clair.si\\\/#\\\/schema\\\/logo\\\/image\\\/\"},\"sameAs\":[\"https:\\\/\\\/www.facebook.com\\\/TrgovinaClair\\\/\"]}]}<\/script>\n<!-- \/ Yoast SEO plugin. -->","yoast_head_json":{"title":"Pony sedlo Evolution Educative - Clair","description":"Pony sedlo Evolution Educative kombinira sve elemente jastu\u010di\u0107a za jahanje i sedla koje je GUY CANTIN razvijao zajedno s mladim jaha\u010dem.","robots":{"index":"index","follow":"follow","max-snippet":"max-snippet:-1","max-image-preview":"max-image-preview:large","max-video-preview":"max-video-preview:-1"},"canonical":"https:\/\/clair.si\/hr\/izdelek\/pony-sedlo-evolution-educative\/","og_locale":"hr_HR","og_type":"article","og_title":"Pony sedlo Evolution Educative - Clair","og_description":"Pony sedlo Evolution Educative kombinira sve elemente jastu\u010di\u0107a za jahanje i sedla koje je GUY CANTIN razvijao zajedno s mladim jaha\u010dem.","og_url":"https:\/\/clair.si\/hr\/izdelek\/pony-sedlo-evolution-educative\/","og_site_name":"Clair","article_publisher":"https:\/\/www.facebook.com\/TrgovinaClair\/","article_modified_time":"2025-09-24T08:53:48+00:00","og_image":[{"width":800,"height":800,"url":"https:\/\/clair.si\/wp-content\/uploads\/2022\/06\/guy-cantin-evolution-educative-pony-sedlo-rjava.jpg","type":"image\/jpeg"}],"twitter_card":"summary_large_image","twitter_misc":{"Procijenjeno vrijeme \u010ditanja":"1 minuta"},"schema":{"@context":"https:\/\/schema.org","@graph":[{"@type":"WebPage","@id":"https:\/\/clair.si\/hr\/izdelek\/pony-sedlo-evolution-educative\/","url":"https:\/\/clair.si\/hr\/izdelek\/pony-sedlo-evolution-educative\/","name":"Pony sedlo Evolution Educative - Clair","isPartOf":{"@id":"https:\/\/clair.si\/#website"},"primaryImageOfPage":{"@id":"https:\/\/clair.si\/hr\/izdelek\/pony-sedlo-evolution-educative\/#primaryimage"},"image":{"@id":"https:\/\/clair.si\/hr\/izdelek\/pony-sedlo-evolution-educative\/#primaryimage"},"thumbnailUrl":"https:\/\/clair.si\/wp-content\/uploads\/2022\/06\/guy-cantin-evolution-educative-pony-sedlo-rjava.webp","datePublished":"2022-06-13T12:52:56+00:00","dateModified":"2025-09-24T08:53:48+00:00","description":"Pony sedlo Evolution Educative kombinira sve elemente jastu\u010di\u0107a za jahanje i sedla koje je GUY CANTIN razvijao zajedno s mladim jaha\u010dem.","breadcrumb":{"@id":"https:\/\/clair.si\/hr\/izdelek\/pony-sedlo-evolution-educative\/#breadcrumb"},"inLanguage":"hr","potentialAction":[{"@type":"ReadAction","target":["https:\/\/clair.si\/hr\/izdelek\/pony-sedlo-evolution-educative\/"]}]},{"@type":"ImageObject","inLanguage":"hr","@id":"https:\/\/clair.si\/hr\/izdelek\/pony-sedlo-evolution-educative\/#primaryimage","url":"https:\/\/clair.si\/wp-content\/uploads\/2022\/06\/guy-cantin-evolution-educative-pony-sedlo-rjava.webp","contentUrl":"https:\/\/clair.si\/wp-content\/uploads\/2022\/06\/guy-cantin-evolution-educative-pony-sedlo-rjava.webp","width":800,"height":800,"caption":"Poni sedlo educative evolution."},{"@type":"BreadcrumbList","@id":"https:\/\/clair.si\/hr\/izdelek\/pony-sedlo-evolution-educative\/#breadcrumb","itemListElement":[{"@type":"ListItem","position":1,"name":"Home","item":"https:\/\/clair.si\/hr\/"},{"@type":"ListItem","position":2,"name":"Trgovina","item":"https:\/\/clair.si\/trgovina\/"},{"@type":"ListItem","position":3,"name":"Pony sedlo Evolution Educative"}]},{"@type":"WebSite","@id":"https:\/\/clair.si\/#website","url":"https:\/\/clair.si\/","name":"Clair","description":"Trgovina s konjeni\u0161ko opremo","publisher":{"@id":"https:\/\/clair.si\/#organization"},"potentialAction":[{"@type":"SearchAction","target":{"@type":"EntryPoint","urlTemplate":"https:\/\/clair.si\/?s={search_term_string}"},"query-input":{"@type":"PropertyValueSpecification","valueRequired":true,"valueName":"search_term_string"}}],"inLanguage":"hr"},{"@type":"Organization","@id":"https:\/\/clair.si\/#organization","name":"Clair","url":"https:\/\/clair.si\/","logo":{"@type":"ImageObject","inLanguage":"hr","@id":"https:\/\/clair.si\/#\/schema\/logo\/image\/","url":"https:\/\/clair.si\/wp-content\/uploads\/2022\/11\/clair_logo_2022.jpg","contentUrl":"https:\/\/clair.si\/wp-content\/uploads\/2022\/11\/clair_logo_2022.jpg","width":1920,"height":1920,"caption":"Clair"},"image":{"@id":"https:\/\/clair.si\/#\/schema\/logo\/image\/"},"sameAs":["https:\/\/www.facebook.com\/TrgovinaClair\/"]}]}},"_links":{"self":[{"href":"https:\/\/clair.si\/hr\/wp-json\/wp\/v2\/product\/103991","targetHints":{"allow":["GET"]}}],"collection":[{"href":"https:\/\/clair.si\/hr\/wp-json\/wp\/v2\/product"}],"about":[{"href":"https:\/\/clair.si\/hr\/wp-json\/wp\/v2\/types\/product"}],"version-history":[{"count":0,"href":"https:\/\/clair.si\/hr\/wp-json\/wp\/v2\/product\/103991\/revisions"}],"wp:featuredmedia":[{"embeddable":true,"href":"https:\/\/clair.si\/hr\/wp-json\/wp\/v2\/media\/103992"}],"wp:attachment":[{"href":"https:\/\/clair.si\/hr\/wp-json\/wp\/v2\/media?parent=103991"}],"wp:term":[{"taxonomy":"product_brand","embeddable":true,"href":"https:\/\/clair.si\/hr\/wp-json\/wp\/v2\/product_brand?post=103991"},{"taxonomy":"product_cat","embeddable":true,"href":"https:\/\/clair.si\/hr\/wp-json\/wp\/v2\/product_cat?post=103991"},{"taxonomy":"product_tag","embeddable":true,"href":"https:\/\/clair.si\/hr\/wp-json\/wp\/v2\/product_tag?post=103991"}],"curies":[{"name":"wp","href":"https:\/\/api.w.org\/{rel}","templated":true}]}}