{"id":104018,"date":"2022-07-27T14:51:43","date_gmt":"2022-07-27T12:51:43","guid":{"rendered":"https:\/\/clair.si\/izdelek\/podlozene-stremenice-norton-synthetic\/"},"modified":"2025-09-24T10:55:05","modified_gmt":"2025-09-24T08:55:05","slug":"podlozene-stremeni-remeni-norton-synthetic","status":"publish","type":"product","link":"https:\/\/clair.si\/hr\/izdelek\/podlozene-stremeni-remeni-norton-synthetic\/","title":{"rendered":"Podlo\u017eeni uzengijski remeni Norton Synthetic"},"content":{"rendered":"<p><strong>Sinteti\u010dki uzengijski remeni Norton Synthetic <\/strong><\/p>\n<ul>\n<li>s visoko otpornom unutra\u0161njosti od najlona.<\/li>\n<li>Dvostruki \u0161avovi<\/li>\n<li>Kop\u010de od nehr\u0111aju\u0107eg \u010delika<\/li>\n<li>U sme\u0111oj i crnoj boji<\/li>\n<li>Dostupno u razli\u010ditim veli\u010dinama: 125, 145, 152 cm<\/li>\n<\/ul>\n<p>&nbsp;<\/p>\n","protected":false},"excerpt":{"rendered":"<p>Sinteti\u010dki uzengijski remeni Norton Synthetic s visoko otpornom unutra\u0161njosti od najlona. Dvostruki \u0161avovi Kop\u010de od nehr\u0111aju\u0107eg \u010delika U sme\u0111oj i<\/p>\n","protected":false},"featured_media":104019,"template":"","meta":{"footnotes":""},"product_brand":[],"product_cat":[5624,5930,5931],"product_tag":[],"class_list":{"0":"post-104018","1":"product","2":"type-product","3":"status-publish","4":"has-post-thumbnail","6":"product_cat-konj-hr","7":"product_cat-uzengle-i-uzengijski-remeni-remeni","8":"product_cat-stremeni-remeni","10":"first","11":"instock","12":"sale","13":"shipping-taxable","14":"purchasable","15":"product-type-variable"},"yoast_head":"<!-- This site is optimized with the Yoast SEO plugin v27.4 - https:\/\/yoast.com\/product\/yoast-seo-wordpress\/ -->\n<title>Podlo\u017eeni uzengijski remeni Norton Synthetic - Clair<\/title>\n<meta name=\"description\" content=\"Sinteti\u010dke stremenice Norton Synthetic s visoko otpornom unutra\u0161njosti od najlona i kop\u010dama od nehr\u0111aju\u0107eg \u010delika. Provjerite u na\u0161oj web trgovini Clair.\" \/>\n<meta name=\"robots\" content=\"index, follow, max-snippet:-1, max-image-preview:large, max-video-preview:-1\" \/>\n<link rel=\"canonical\" href=\"https:\/\/clair.si\/izdelek\/podlozena-stremenica-norton-synthetic\/\" \/>\n<meta property=\"og:locale\" content=\"hr_HR\" \/>\n<meta property=\"og:type\" content=\"article\" \/>\n<meta property=\"og:title\" content=\"Podlo\u017eeni uzengijski remeni Norton Synthetic - Clair\" \/>\n<meta property=\"og:description\" content=\"Sinteti\u010dke stremenice Norton Synthetic s visoko otpornom unutra\u0161njosti od najlona i kop\u010dama od nehr\u0111aju\u0107eg \u010delika. Provjerite u na\u0161oj web trgovini Clair.\" \/>\n<meta property=\"og:url\" content=\"https:\/\/clair.si\/izdelek\/podlozena-stremenica-norton-synthetic\/\" \/>\n<meta property=\"og:site_name\" content=\"Clair\" \/>\n<meta property=\"article:publisher\" content=\"https:\/\/www.facebook.com\/TrgovinaClair\/\" \/>\n<meta property=\"article:modified_time\" content=\"2025-09-24T08:55:05+00:00\" \/>\n<meta property=\"og:image\" content=\"https:\/\/clair.si\/wp-content\/uploads\/2022\/07\/Podlozena-stremenica-Norton-iz-umetnega-usnja.jpg\" \/>\n\t<meta property=\"og:image:width\" content=\"800\" \/>\n\t<meta property=\"og:image:height\" content=\"800\" \/>\n\t<meta property=\"og:image:type\" content=\"image\/jpeg\" \/>\n<meta name=\"twitter:card\" content=\"summary_large_image\" \/>\n<meta name=\"twitter:label1\" content=\"Procijenjeno vrijeme \u010ditanja\" \/>\n\t<meta name=\"twitter:data1\" content=\"1 minuta\" \/>\n<script type=\"application\/ld+json\" class=\"yoast-schema-graph\">{\"@context\":\"https:\\\/\\\/schema.org\",\"@graph\":[{\"@type\":\"WebPage\",\"@id\":\"https:\\\/\\\/clair.si\\\/izdelek\\\/podlozena-stremenica-norton-synthetic\\\/\",\"url\":\"https:\\\/\\\/clair.si\\\/izdelek\\\/podlozena-stremenica-norton-synthetic\\\/\",\"name\":\"Podlo\u017eeni uzengijski remeni Norton Synthetic - Clair\",\"isPartOf\":{\"@id\":\"https:\\\/\\\/clair.si\\\/#website\"},\"primaryImageOfPage\":{\"@id\":\"https:\\\/\\\/clair.si\\\/izdelek\\\/podlozena-stremenica-norton-synthetic\\\/#primaryimage\"},\"image\":{\"@id\":\"https:\\\/\\\/clair.si\\\/izdelek\\\/podlozena-stremenica-norton-synthetic\\\/#primaryimage\"},\"thumbnailUrl\":\"https:\\\/\\\/clair.si\\\/wp-content\\\/uploads\\\/2022\\\/07\\\/Podlozena-stremenica-Norton-iz-umetnega-usnja.webp\",\"datePublished\":\"2022-07-27T12:51:43+00:00\",\"dateModified\":\"2025-09-24T08:55:05+00:00\",\"description\":\"Sinteti\u010dke stremenice Norton Synthetic s visoko otpornom unutra\u0161njosti od najlona i kop\u010dama od nehr\u0111aju\u0107eg \u010delika. Provjerite u na\u0161oj web trgovini Clair.\",\"breadcrumb\":{\"@id\":\"https:\\\/\\\/clair.si\\\/izdelek\\\/podlozena-stremenica-norton-synthetic\\\/#breadcrumb\"},\"inLanguage\":\"hr\",\"potentialAction\":[{\"@type\":\"ReadAction\",\"target\":[\"https:\\\/\\\/clair.si\\\/izdelek\\\/podlozena-stremenica-norton-synthetic\\\/\"]}]},{\"@type\":\"ImageObject\",\"inLanguage\":\"hr\",\"@id\":\"https:\\\/\\\/clair.si\\\/izdelek\\\/podlozena-stremenica-norton-synthetic\\\/#primaryimage\",\"url\":\"https:\\\/\\\/clair.si\\\/wp-content\\\/uploads\\\/2022\\\/07\\\/Podlozena-stremenica-Norton-iz-umetnega-usnja.webp\",\"contentUrl\":\"https:\\\/\\\/clair.si\\\/wp-content\\\/uploads\\\/2022\\\/07\\\/Podlozena-stremenica-Norton-iz-umetnega-usnja.webp\",\"width\":800,\"height\":800,\"caption\":\"Podlo\u017eena stremenica Norton sythetic.\"},{\"@type\":\"BreadcrumbList\",\"@id\":\"https:\\\/\\\/clair.si\\\/izdelek\\\/podlozena-stremenica-norton-synthetic\\\/#breadcrumb\",\"itemListElement\":[{\"@type\":\"ListItem\",\"position\":1,\"name\":\"Home\",\"item\":\"https:\\\/\\\/clair.si\\\/hr\\\/\"},{\"@type\":\"ListItem\",\"position\":2,\"name\":\"Trgovina\",\"item\":\"https:\\\/\\\/clair.si\\\/trgovina\\\/\"},{\"@type\":\"ListItem\",\"position\":3,\"name\":\"Podlo\u017eeni uzengijski remeni Norton Synthetic\"}]},{\"@type\":\"WebSite\",\"@id\":\"https:\\\/\\\/clair.si\\\/#website\",\"url\":\"https:\\\/\\\/clair.si\\\/\",\"name\":\"Clair\",\"description\":\"Trgovina s konjeni\u0161ko opremo\",\"publisher\":{\"@id\":\"https:\\\/\\\/clair.si\\\/#organization\"},\"potentialAction\":[{\"@type\":\"SearchAction\",\"target\":{\"@type\":\"EntryPoint\",\"urlTemplate\":\"https:\\\/\\\/clair.si\\\/?s={search_term_string}\"},\"query-input\":{\"@type\":\"PropertyValueSpecification\",\"valueRequired\":true,\"valueName\":\"search_term_string\"}}],\"inLanguage\":\"hr\"},{\"@type\":\"Organization\",\"@id\":\"https:\\\/\\\/clair.si\\\/#organization\",\"name\":\"Clair\",\"url\":\"https:\\\/\\\/clair.si\\\/\",\"logo\":{\"@type\":\"ImageObject\",\"inLanguage\":\"hr\",\"@id\":\"https:\\\/\\\/clair.si\\\/#\\\/schema\\\/logo\\\/image\\\/\",\"url\":\"https:\\\/\\\/clair.si\\\/wp-content\\\/uploads\\\/2022\\\/11\\\/clair_logo_2022.jpg\",\"contentUrl\":\"https:\\\/\\\/clair.si\\\/wp-content\\\/uploads\\\/2022\\\/11\\\/clair_logo_2022.jpg\",\"width\":1920,\"height\":1920,\"caption\":\"Clair\"},\"image\":{\"@id\":\"https:\\\/\\\/clair.si\\\/#\\\/schema\\\/logo\\\/image\\\/\"},\"sameAs\":[\"https:\\\/\\\/www.facebook.com\\\/TrgovinaClair\\\/\"]}]}<\/script>\n<!-- \/ Yoast SEO plugin. -->","yoast_head_json":{"title":"Podlo\u017eeni uzengijski remeni Norton Synthetic - Clair","description":"Sinteti\u010dke stremenice Norton Synthetic s visoko otpornom unutra\u0161njosti od najlona i kop\u010dama od nehr\u0111aju\u0107eg \u010delika. Provjerite u na\u0161oj web trgovini Clair.","robots":{"index":"index","follow":"follow","max-snippet":"max-snippet:-1","max-image-preview":"max-image-preview:large","max-video-preview":"max-video-preview:-1"},"canonical":"https:\/\/clair.si\/izdelek\/podlozena-stremenica-norton-synthetic\/","og_locale":"hr_HR","og_type":"article","og_title":"Podlo\u017eeni uzengijski remeni Norton Synthetic - Clair","og_description":"Sinteti\u010dke stremenice Norton Synthetic s visoko otpornom unutra\u0161njosti od najlona i kop\u010dama od nehr\u0111aju\u0107eg \u010delika. Provjerite u na\u0161oj web trgovini Clair.","og_url":"https:\/\/clair.si\/izdelek\/podlozena-stremenica-norton-synthetic\/","og_site_name":"Clair","article_publisher":"https:\/\/www.facebook.com\/TrgovinaClair\/","article_modified_time":"2025-09-24T08:55:05+00:00","og_image":[{"width":800,"height":800,"url":"https:\/\/clair.si\/wp-content\/uploads\/2022\/07\/Podlozena-stremenica-Norton-iz-umetnega-usnja.jpg","type":"image\/jpeg"}],"twitter_card":"summary_large_image","twitter_misc":{"Procijenjeno vrijeme \u010ditanja":"1 minuta"},"schema":{"@context":"https:\/\/schema.org","@graph":[{"@type":"WebPage","@id":"https:\/\/clair.si\/izdelek\/podlozena-stremenica-norton-synthetic\/","url":"https:\/\/clair.si\/izdelek\/podlozena-stremenica-norton-synthetic\/","name":"Podlo\u017eeni uzengijski remeni Norton Synthetic - Clair","isPartOf":{"@id":"https:\/\/clair.si\/#website"},"primaryImageOfPage":{"@id":"https:\/\/clair.si\/izdelek\/podlozena-stremenica-norton-synthetic\/#primaryimage"},"image":{"@id":"https:\/\/clair.si\/izdelek\/podlozena-stremenica-norton-synthetic\/#primaryimage"},"thumbnailUrl":"https:\/\/clair.si\/wp-content\/uploads\/2022\/07\/Podlozena-stremenica-Norton-iz-umetnega-usnja.webp","datePublished":"2022-07-27T12:51:43+00:00","dateModified":"2025-09-24T08:55:05+00:00","description":"Sinteti\u010dke stremenice Norton Synthetic s visoko otpornom unutra\u0161njosti od najlona i kop\u010dama od nehr\u0111aju\u0107eg \u010delika. Provjerite u na\u0161oj web trgovini Clair.","breadcrumb":{"@id":"https:\/\/clair.si\/izdelek\/podlozena-stremenica-norton-synthetic\/#breadcrumb"},"inLanguage":"hr","potentialAction":[{"@type":"ReadAction","target":["https:\/\/clair.si\/izdelek\/podlozena-stremenica-norton-synthetic\/"]}]},{"@type":"ImageObject","inLanguage":"hr","@id":"https:\/\/clair.si\/izdelek\/podlozena-stremenica-norton-synthetic\/#primaryimage","url":"https:\/\/clair.si\/wp-content\/uploads\/2022\/07\/Podlozena-stremenica-Norton-iz-umetnega-usnja.webp","contentUrl":"https:\/\/clair.si\/wp-content\/uploads\/2022\/07\/Podlozena-stremenica-Norton-iz-umetnega-usnja.webp","width":800,"height":800,"caption":"Podlo\u017eena stremenica Norton sythetic."},{"@type":"BreadcrumbList","@id":"https:\/\/clair.si\/izdelek\/podlozena-stremenica-norton-synthetic\/#breadcrumb","itemListElement":[{"@type":"ListItem","position":1,"name":"Home","item":"https:\/\/clair.si\/hr\/"},{"@type":"ListItem","position":2,"name":"Trgovina","item":"https:\/\/clair.si\/trgovina\/"},{"@type":"ListItem","position":3,"name":"Podlo\u017eeni uzengijski remeni Norton Synthetic"}]},{"@type":"WebSite","@id":"https:\/\/clair.si\/#website","url":"https:\/\/clair.si\/","name":"Clair","description":"Trgovina s konjeni\u0161ko opremo","publisher":{"@id":"https:\/\/clair.si\/#organization"},"potentialAction":[{"@type":"SearchAction","target":{"@type":"EntryPoint","urlTemplate":"https:\/\/clair.si\/?s={search_term_string}"},"query-input":{"@type":"PropertyValueSpecification","valueRequired":true,"valueName":"search_term_string"}}],"inLanguage":"hr"},{"@type":"Organization","@id":"https:\/\/clair.si\/#organization","name":"Clair","url":"https:\/\/clair.si\/","logo":{"@type":"ImageObject","inLanguage":"hr","@id":"https:\/\/clair.si\/#\/schema\/logo\/image\/","url":"https:\/\/clair.si\/wp-content\/uploads\/2022\/11\/clair_logo_2022.jpg","contentUrl":"https:\/\/clair.si\/wp-content\/uploads\/2022\/11\/clair_logo_2022.jpg","width":1920,"height":1920,"caption":"Clair"},"image":{"@id":"https:\/\/clair.si\/#\/schema\/logo\/image\/"},"sameAs":["https:\/\/www.facebook.com\/TrgovinaClair\/"]}]}},"_links":{"self":[{"href":"https:\/\/clair.si\/hr\/wp-json\/wp\/v2\/product\/104018","targetHints":{"allow":["GET"]}}],"collection":[{"href":"https:\/\/clair.si\/hr\/wp-json\/wp\/v2\/product"}],"about":[{"href":"https:\/\/clair.si\/hr\/wp-json\/wp\/v2\/types\/product"}],"version-history":[{"count":0,"href":"https:\/\/clair.si\/hr\/wp-json\/wp\/v2\/product\/104018\/revisions"}],"wp:featuredmedia":[{"embeddable":true,"href":"https:\/\/clair.si\/hr\/wp-json\/wp\/v2\/media\/104019"}],"wp:attachment":[{"href":"https:\/\/clair.si\/hr\/wp-json\/wp\/v2\/media?parent=104018"}],"wp:term":[{"taxonomy":"product_brand","embeddable":true,"href":"https:\/\/clair.si\/hr\/wp-json\/wp\/v2\/product_brand?post=104018"},{"taxonomy":"product_cat","embeddable":true,"href":"https:\/\/clair.si\/hr\/wp-json\/wp\/v2\/product_cat?post=104018"},{"taxonomy":"product_tag","embeddable":true,"href":"https:\/\/clair.si\/hr\/wp-json\/wp\/v2\/product_tag?post=104018"}],"curies":[{"name":"wp","href":"https:\/\/api.w.org\/{rel}","templated":true}]}}