{"id":104025,"date":"2022-07-27T16:09:49","date_gmt":"2022-07-27T14:09:49","guid":{"rendered":"https:\/\/clair.si\/izdelek\/sinteticke-stremenice-norton\/"},"modified":"2025-09-24T10:55:13","modified_gmt":"2025-09-24T08:55:13","slug":"sinteticke-stremeni-remeni-norton","status":"publish","type":"product","link":"https:\/\/clair.si\/hr\/izdelek\/sinteticke-stremeni-remeni-norton\/","title":{"rendered":"Sinteti\u010dki uzengijski remeni NORTON"},"content":{"rendered":"<p><strong>Sinteti\u010dki uzengijski remeni NORTON<\/strong> izra\u0111ene od sna\u017enog polipropilena. Dostupne dje\u010dje i za odrasle, ovisno o du\u017eini i \u0161irini.<\/p>\n<ul>\n<li>du\u017eina 91 cm, \u0161irina 18 mm<\/li>\n<li>du\u017eina 140 cm, \u0161irina 25 mm<\/li>\n<\/ul>\n","protected":false},"excerpt":{"rendered":"<p>Sinteti\u010dki uzengijski remeni NORTON izra\u0111ene od sna\u017enog polipropilena. Dostupne dje\u010dje i za odrasle, ovisno o du\u017eini i \u0161irini. du\u017eina 91<\/p>\n","protected":false},"featured_media":104026,"template":"","meta":{"footnotes":""},"product_brand":[],"product_cat":[5624,5930,5931],"product_tag":[],"class_list":{"0":"post-104025","1":"product","2":"type-product","3":"status-publish","4":"has-post-thumbnail","6":"product_cat-konj-hr","7":"product_cat-uzengle-i-uzengijski-remeni-remeni","8":"product_cat-stremeni-remeni","10":"first","11":"instock","12":"sale","13":"shipping-taxable","14":"purchasable","15":"product-type-variable"},"yoast_head":"<!-- This site is optimized with the Yoast SEO plugin v27.4 - https:\/\/yoast.com\/product\/yoast-seo-wordpress\/ -->\n<title>Sinteti\u010dki uzengijski remeni NORTON - Clair<\/title>\n<meta name=\"description\" content=\"Sinteti\u010dki uzengijski remeni NORTON izra\u0111ene od sna\u017enog polipropilena. Dostupne dje\u010dje i za odrasle, ovisno o du\u017eini i \u0161irini. du\u017eina 91 cm, \u0161irina 18 mm\" \/>\n<meta name=\"robots\" content=\"index, follow, max-snippet:-1, max-image-preview:large, max-video-preview:-1\" \/>\n<link rel=\"canonical\" href=\"https:\/\/clair.si\/izdelek\/sinteticne-stremenice-norton\/\" \/>\n<meta property=\"og:locale\" content=\"hr_HR\" \/>\n<meta property=\"og:type\" content=\"article\" \/>\n<meta property=\"og:title\" content=\"Sinteti\u010dki uzengijski remeni NORTON - Clair\" \/>\n<meta property=\"og:description\" content=\"Sinteti\u010dki uzengijski remeni NORTON izra\u0111ene od sna\u017enog polipropilena. Dostupne dje\u010dje i za odrasle, ovisno o du\u017eini i \u0161irini. du\u017eina 91 cm, \u0161irina 18 mm\" \/>\n<meta property=\"og:url\" content=\"https:\/\/clair.si\/izdelek\/sinteticne-stremenice-norton\/\" \/>\n<meta property=\"og:site_name\" content=\"Clair\" \/>\n<meta property=\"article:publisher\" content=\"https:\/\/www.facebook.com\/TrgovinaClair\/\" \/>\n<meta property=\"article:modified_time\" content=\"2025-09-24T08:55:13+00:00\" \/>\n<meta property=\"og:image\" content=\"https:\/\/clair.si\/wp-content\/uploads\/2022\/07\/norton-synthetic-stremenice.jpg\" \/>\n\t<meta property=\"og:image:width\" content=\"800\" \/>\n\t<meta property=\"og:image:height\" content=\"800\" \/>\n\t<meta property=\"og:image:type\" content=\"image\/jpeg\" \/>\n<meta name=\"twitter:card\" content=\"summary_large_image\" \/>\n<meta name=\"twitter:label1\" content=\"Procijenjeno vrijeme \u010ditanja\" \/>\n\t<meta name=\"twitter:data1\" content=\"1 minuta\" \/>\n<script type=\"application\/ld+json\" class=\"yoast-schema-graph\">{\"@context\":\"https:\\\/\\\/schema.org\",\"@graph\":[{\"@type\":\"WebPage\",\"@id\":\"https:\\\/\\\/clair.si\\\/izdelek\\\/sinteticne-stremenice-norton\\\/\",\"url\":\"https:\\\/\\\/clair.si\\\/izdelek\\\/sinteticne-stremenice-norton\\\/\",\"name\":\"Sinteti\u010dki uzengijski remeni NORTON - Clair\",\"isPartOf\":{\"@id\":\"https:\\\/\\\/clair.si\\\/#website\"},\"primaryImageOfPage\":{\"@id\":\"https:\\\/\\\/clair.si\\\/izdelek\\\/sinteticne-stremenice-norton\\\/#primaryimage\"},\"image\":{\"@id\":\"https:\\\/\\\/clair.si\\\/izdelek\\\/sinteticne-stremenice-norton\\\/#primaryimage\"},\"thumbnailUrl\":\"https:\\\/\\\/clair.si\\\/wp-content\\\/uploads\\\/2022\\\/07\\\/norton-synthetic-stremenice.webp\",\"datePublished\":\"2022-07-27T14:09:49+00:00\",\"dateModified\":\"2025-09-24T08:55:13+00:00\",\"description\":\"Sinteti\u010dki uzengijski remeni NORTON izra\u0111ene od sna\u017enog polipropilena. Dostupne dje\u010dje i za odrasle, ovisno o du\u017eini i \u0161irini. du\u017eina 91 cm, \u0161irina 18 mm\",\"breadcrumb\":{\"@id\":\"https:\\\/\\\/clair.si\\\/izdelek\\\/sinteticne-stremenice-norton\\\/#breadcrumb\"},\"inLanguage\":\"hr\",\"potentialAction\":[{\"@type\":\"ReadAction\",\"target\":[\"https:\\\/\\\/clair.si\\\/izdelek\\\/sinteticne-stremenice-norton\\\/\"]}]},{\"@type\":\"ImageObject\",\"inLanguage\":\"hr\",\"@id\":\"https:\\\/\\\/clair.si\\\/izdelek\\\/sinteticne-stremenice-norton\\\/#primaryimage\",\"url\":\"https:\\\/\\\/clair.si\\\/wp-content\\\/uploads\\\/2022\\\/07\\\/norton-synthetic-stremenice.webp\",\"contentUrl\":\"https:\\\/\\\/clair.si\\\/wp-content\\\/uploads\\\/2022\\\/07\\\/norton-synthetic-stremenice.webp\",\"width\":800,\"height\":800,\"caption\":\"Sinteti\u010dne stremenice Norton.\"},{\"@type\":\"BreadcrumbList\",\"@id\":\"https:\\\/\\\/clair.si\\\/izdelek\\\/sinteticne-stremenice-norton\\\/#breadcrumb\",\"itemListElement\":[{\"@type\":\"ListItem\",\"position\":1,\"name\":\"Home\",\"item\":\"https:\\\/\\\/clair.si\\\/hr\\\/\"},{\"@type\":\"ListItem\",\"position\":2,\"name\":\"Trgovina\",\"item\":\"https:\\\/\\\/clair.si\\\/trgovina\\\/\"},{\"@type\":\"ListItem\",\"position\":3,\"name\":\"Sinteti\u010dki uzengijski remeni NORTON\"}]},{\"@type\":\"WebSite\",\"@id\":\"https:\\\/\\\/clair.si\\\/#website\",\"url\":\"https:\\\/\\\/clair.si\\\/\",\"name\":\"Clair\",\"description\":\"Trgovina s konjeni\u0161ko opremo\",\"publisher\":{\"@id\":\"https:\\\/\\\/clair.si\\\/#organization\"},\"potentialAction\":[{\"@type\":\"SearchAction\",\"target\":{\"@type\":\"EntryPoint\",\"urlTemplate\":\"https:\\\/\\\/clair.si\\\/?s={search_term_string}\"},\"query-input\":{\"@type\":\"PropertyValueSpecification\",\"valueRequired\":true,\"valueName\":\"search_term_string\"}}],\"inLanguage\":\"hr\"},{\"@type\":\"Organization\",\"@id\":\"https:\\\/\\\/clair.si\\\/#organization\",\"name\":\"Clair\",\"url\":\"https:\\\/\\\/clair.si\\\/\",\"logo\":{\"@type\":\"ImageObject\",\"inLanguage\":\"hr\",\"@id\":\"https:\\\/\\\/clair.si\\\/#\\\/schema\\\/logo\\\/image\\\/\",\"url\":\"https:\\\/\\\/clair.si\\\/wp-content\\\/uploads\\\/2022\\\/11\\\/clair_logo_2022.jpg\",\"contentUrl\":\"https:\\\/\\\/clair.si\\\/wp-content\\\/uploads\\\/2022\\\/11\\\/clair_logo_2022.jpg\",\"width\":1920,\"height\":1920,\"caption\":\"Clair\"},\"image\":{\"@id\":\"https:\\\/\\\/clair.si\\\/#\\\/schema\\\/logo\\\/image\\\/\"},\"sameAs\":[\"https:\\\/\\\/www.facebook.com\\\/TrgovinaClair\\\/\"]}]}<\/script>\n<!-- \/ Yoast SEO plugin. -->","yoast_head_json":{"title":"Sinteti\u010dki uzengijski remeni NORTON - Clair","description":"Sinteti\u010dki uzengijski remeni NORTON izra\u0111ene od sna\u017enog polipropilena. Dostupne dje\u010dje i za odrasle, ovisno o du\u017eini i \u0161irini. du\u017eina 91 cm, \u0161irina 18 mm","robots":{"index":"index","follow":"follow","max-snippet":"max-snippet:-1","max-image-preview":"max-image-preview:large","max-video-preview":"max-video-preview:-1"},"canonical":"https:\/\/clair.si\/izdelek\/sinteticne-stremenice-norton\/","og_locale":"hr_HR","og_type":"article","og_title":"Sinteti\u010dki uzengijski remeni NORTON - Clair","og_description":"Sinteti\u010dki uzengijski remeni NORTON izra\u0111ene od sna\u017enog polipropilena. Dostupne dje\u010dje i za odrasle, ovisno o du\u017eini i \u0161irini. du\u017eina 91 cm, \u0161irina 18 mm","og_url":"https:\/\/clair.si\/izdelek\/sinteticne-stremenice-norton\/","og_site_name":"Clair","article_publisher":"https:\/\/www.facebook.com\/TrgovinaClair\/","article_modified_time":"2025-09-24T08:55:13+00:00","og_image":[{"width":800,"height":800,"url":"https:\/\/clair.si\/wp-content\/uploads\/2022\/07\/norton-synthetic-stremenice.jpg","type":"image\/jpeg"}],"twitter_card":"summary_large_image","twitter_misc":{"Procijenjeno vrijeme \u010ditanja":"1 minuta"},"schema":{"@context":"https:\/\/schema.org","@graph":[{"@type":"WebPage","@id":"https:\/\/clair.si\/izdelek\/sinteticne-stremenice-norton\/","url":"https:\/\/clair.si\/izdelek\/sinteticne-stremenice-norton\/","name":"Sinteti\u010dki uzengijski remeni NORTON - Clair","isPartOf":{"@id":"https:\/\/clair.si\/#website"},"primaryImageOfPage":{"@id":"https:\/\/clair.si\/izdelek\/sinteticne-stremenice-norton\/#primaryimage"},"image":{"@id":"https:\/\/clair.si\/izdelek\/sinteticne-stremenice-norton\/#primaryimage"},"thumbnailUrl":"https:\/\/clair.si\/wp-content\/uploads\/2022\/07\/norton-synthetic-stremenice.webp","datePublished":"2022-07-27T14:09:49+00:00","dateModified":"2025-09-24T08:55:13+00:00","description":"Sinteti\u010dki uzengijski remeni NORTON izra\u0111ene od sna\u017enog polipropilena. Dostupne dje\u010dje i za odrasle, ovisno o du\u017eini i \u0161irini. du\u017eina 91 cm, \u0161irina 18 mm","breadcrumb":{"@id":"https:\/\/clair.si\/izdelek\/sinteticne-stremenice-norton\/#breadcrumb"},"inLanguage":"hr","potentialAction":[{"@type":"ReadAction","target":["https:\/\/clair.si\/izdelek\/sinteticne-stremenice-norton\/"]}]},{"@type":"ImageObject","inLanguage":"hr","@id":"https:\/\/clair.si\/izdelek\/sinteticne-stremenice-norton\/#primaryimage","url":"https:\/\/clair.si\/wp-content\/uploads\/2022\/07\/norton-synthetic-stremenice.webp","contentUrl":"https:\/\/clair.si\/wp-content\/uploads\/2022\/07\/norton-synthetic-stremenice.webp","width":800,"height":800,"caption":"Sinteti\u010dne stremenice Norton."},{"@type":"BreadcrumbList","@id":"https:\/\/clair.si\/izdelek\/sinteticne-stremenice-norton\/#breadcrumb","itemListElement":[{"@type":"ListItem","position":1,"name":"Home","item":"https:\/\/clair.si\/hr\/"},{"@type":"ListItem","position":2,"name":"Trgovina","item":"https:\/\/clair.si\/trgovina\/"},{"@type":"ListItem","position":3,"name":"Sinteti\u010dki uzengijski remeni NORTON"}]},{"@type":"WebSite","@id":"https:\/\/clair.si\/#website","url":"https:\/\/clair.si\/","name":"Clair","description":"Trgovina s konjeni\u0161ko opremo","publisher":{"@id":"https:\/\/clair.si\/#organization"},"potentialAction":[{"@type":"SearchAction","target":{"@type":"EntryPoint","urlTemplate":"https:\/\/clair.si\/?s={search_term_string}"},"query-input":{"@type":"PropertyValueSpecification","valueRequired":true,"valueName":"search_term_string"}}],"inLanguage":"hr"},{"@type":"Organization","@id":"https:\/\/clair.si\/#organization","name":"Clair","url":"https:\/\/clair.si\/","logo":{"@type":"ImageObject","inLanguage":"hr","@id":"https:\/\/clair.si\/#\/schema\/logo\/image\/","url":"https:\/\/clair.si\/wp-content\/uploads\/2022\/11\/clair_logo_2022.jpg","contentUrl":"https:\/\/clair.si\/wp-content\/uploads\/2022\/11\/clair_logo_2022.jpg","width":1920,"height":1920,"caption":"Clair"},"image":{"@id":"https:\/\/clair.si\/#\/schema\/logo\/image\/"},"sameAs":["https:\/\/www.facebook.com\/TrgovinaClair\/"]}]}},"_links":{"self":[{"href":"https:\/\/clair.si\/hr\/wp-json\/wp\/v2\/product\/104025","targetHints":{"allow":["GET"]}}],"collection":[{"href":"https:\/\/clair.si\/hr\/wp-json\/wp\/v2\/product"}],"about":[{"href":"https:\/\/clair.si\/hr\/wp-json\/wp\/v2\/types\/product"}],"version-history":[{"count":0,"href":"https:\/\/clair.si\/hr\/wp-json\/wp\/v2\/product\/104025\/revisions"}],"wp:featuredmedia":[{"embeddable":true,"href":"https:\/\/clair.si\/hr\/wp-json\/wp\/v2\/media\/104026"}],"wp:attachment":[{"href":"https:\/\/clair.si\/hr\/wp-json\/wp\/v2\/media?parent=104025"}],"wp:term":[{"taxonomy":"product_brand","embeddable":true,"href":"https:\/\/clair.si\/hr\/wp-json\/wp\/v2\/product_brand?post=104025"},{"taxonomy":"product_cat","embeddable":true,"href":"https:\/\/clair.si\/hr\/wp-json\/wp\/v2\/product_cat?post=104025"},{"taxonomy":"product_tag","embeddable":true,"href":"https:\/\/clair.si\/hr\/wp-json\/wp\/v2\/product_tag?post=104025"}],"curies":[{"name":"wp","href":"https:\/\/api.w.org\/{rel}","templated":true}]}}