{"id":104039,"date":"2022-07-28T10:12:42","date_gmt":"2022-07-28T08:12:42","guid":{"rendered":"https:\/\/clair.si\/izdelek\/slama-lenabox\/"},"modified":"2025-08-28T19:47:48","modified_gmt":"2025-08-28T17:47:48","slug":"slama-lenabox","status":"publish","type":"product","link":"https:\/\/clair.si\/hr\/izdelek\/slama-lenabox\/","title":{"rendered":"Slama Lenabox"},"content":{"rendered":"<p><strong>Rezane i otpra\u0161ene Lenabox slama!<\/strong><\/p>\n<p>Lenabox Slama je potpuno prirodan proizvod, pakiran u prakti\u010dno pakiranje. P\u0161eni\u010dnu slamu, dobivenu s sun\u010danih polja na obroncima Panonske nizine, na modernoj proizvodnoj liniji fino meljemo, re\u017eemo i otpra\u0161ujemo. Tako dobivamo proizvod najvi\u0161e kvalitete, koji zapakiramo u bale, koje vam omogu\u0107uju jednostavno hranjenje i kori\u0161tenje. Lenabox \u2013 Slama je prikladna kao stelja za konje ili kao dodatak u krmnom obroku.<\/p>\n<p>S proizvodom Lenabox \u2013 Slama dobit \u0107ete vrhunski proizvod za sva podru\u010dja uporabe.<\/p>\n<p>&nbsp;<\/p>\n<table width=\"455\">\n<tbody>\n<tr>\n<td><strong>Prednosti otpra\u0161ene i rezane slame Lenabox<\/strong><\/p>\n<ul>\n<li class=\"firstItem\">Potpuno prirodan proizvod<\/li>\n<li>Pobolj\u0161ani uvjeti za zdravlje konja<\/li>\n<li>Smanjena koli\u010dina stelje<\/li>\n<li>Ve\u0107a upojnost vlage<\/li>\n<li>Smanjenje mirisa (pobolj\u0161anje klimatskih uvjeta u staji)<\/li>\n<li>Pove\u0107ava probavljivost<\/li>\n<li class=\"lastItem\">Jednostavno odlaganje \u2013 uporaba kao gnojivo<\/li>\n<\/ul>\n<\/td>\n<\/tr>\n<\/tbody>\n<\/table>\n","protected":false},"excerpt":{"rendered":"<p><strong>Za ovaj proizvod se zbog dimenzija ili te\u017eine napla\u0107uju dodatni tro\u0161kovi dostave u iznosu od 15 \u20ac \/ kom.<\/strong><\/p>\n","protected":false},"featured_media":104040,"template":"","meta":{"footnotes":""},"product_brand":[],"product_cat":[6322,5627],"product_tag":[],"class_list":{"0":"post-104039","1":"product","2":"type-product","3":"status-publish","4":"has-post-thumbnail","6":"product_cat-podloga","7":"product_cat-stala-i-pasnjak","8":"product_shipping_class-marstall-hr","10":"first","11":"instock","12":"shipping-taxable","13":"purchasable","14":"product-type-simple"},"yoast_head":"<!-- This site is optimized with the Yoast SEO plugin v27.3 - https:\/\/yoast.com\/product\/yoast-seo-wordpress\/ -->\n<title>Slama Lenabox - Clair<\/title>\n<meta name=\"description\" content=\"Lenabox slama je odli\u010dna stelja za konje. Kvalitetna je i prikladna za konje koji imaju problema s pra\u0161inom. Provjerite u na\u0161oj web trgovini.\" \/>\n<meta name=\"robots\" content=\"index, follow, max-snippet:-1, max-image-preview:large, max-video-preview:-1\" \/>\n<link rel=\"canonical\" href=\"https:\/\/clair.si\/izdelek\/lenabox-slama\/\" \/>\n<meta property=\"og:locale\" content=\"hr_HR\" \/>\n<meta property=\"og:type\" content=\"article\" \/>\n<meta property=\"og:title\" content=\"Slama Lenabox - Clair\" \/>\n<meta property=\"og:description\" content=\"Lenabox slama je odli\u010dna stelja za konje. Kvalitetna je i prikladna za konje koji imaju problema s pra\u0161inom. Provjerite u na\u0161oj web trgovini.\" \/>\n<meta property=\"og:url\" content=\"https:\/\/clair.si\/izdelek\/lenabox-slama\/\" \/>\n<meta property=\"og:site_name\" content=\"Clair\" \/>\n<meta property=\"article:publisher\" content=\"https:\/\/www.facebook.com\/TrgovinaClair\/\" \/>\n<meta property=\"article:modified_time\" content=\"2025-08-28T17:47:48+00:00\" \/>\n<meta property=\"og:image\" content=\"https:\/\/clair.si\/wp-content\/uploads\/2022\/07\/SLAMA-Lenabox-20-kg-1804006.png.jpg\" \/>\n\t<meta property=\"og:image:width\" content=\"1017\" \/>\n\t<meta property=\"og:image:height\" content=\"1017\" \/>\n\t<meta property=\"og:image:type\" content=\"image\/jpeg\" \/>\n<meta name=\"twitter:card\" content=\"summary_large_image\" \/>\n<meta name=\"twitter:label1\" content=\"Procijenjeno vrijeme \u010ditanja\" \/>\n\t<meta name=\"twitter:data1\" content=\"1 minuta\" \/>\n<script type=\"application\/ld+json\" class=\"yoast-schema-graph\">{\"@context\":\"https:\\\/\\\/schema.org\",\"@graph\":[{\"@type\":\"WebPage\",\"@id\":\"https:\\\/\\\/clair.si\\\/izdelek\\\/lenabox-slama\\\/\",\"url\":\"https:\\\/\\\/clair.si\\\/izdelek\\\/lenabox-slama\\\/\",\"name\":\"Slama Lenabox - Clair\",\"isPartOf\":{\"@id\":\"https:\\\/\\\/clair.si\\\/#website\"},\"primaryImageOfPage\":{\"@id\":\"https:\\\/\\\/clair.si\\\/izdelek\\\/lenabox-slama\\\/#primaryimage\"},\"image\":{\"@id\":\"https:\\\/\\\/clair.si\\\/izdelek\\\/lenabox-slama\\\/#primaryimage\"},\"thumbnailUrl\":\"https:\\\/\\\/clair.si\\\/wp-content\\\/uploads\\\/2022\\\/07\\\/SLAMA-Lenabox-20-kg-1804006.png.webp\",\"datePublished\":\"2022-07-28T08:12:42+00:00\",\"dateModified\":\"2025-08-28T17:47:48+00:00\",\"description\":\"Lenabox slama je odli\u010dna stelja za konje. Kvalitetna je i prikladna za konje koji imaju problema s pra\u0161inom. Provjerite u na\u0161oj web trgovini.\",\"breadcrumb\":{\"@id\":\"https:\\\/\\\/clair.si\\\/izdelek\\\/lenabox-slama\\\/#breadcrumb\"},\"inLanguage\":\"hr\",\"potentialAction\":[{\"@type\":\"ReadAction\",\"target\":[\"https:\\\/\\\/clair.si\\\/izdelek\\\/lenabox-slama\\\/\"]}]},{\"@type\":\"ImageObject\",\"inLanguage\":\"hr\",\"@id\":\"https:\\\/\\\/clair.si\\\/izdelek\\\/lenabox-slama\\\/#primaryimage\",\"url\":\"https:\\\/\\\/clair.si\\\/wp-content\\\/uploads\\\/2022\\\/07\\\/SLAMA-Lenabox-20-kg-1804006.png.webp\",\"contentUrl\":\"https:\\\/\\\/clair.si\\\/wp-content\\\/uploads\\\/2022\\\/07\\\/SLAMA-Lenabox-20-kg-1804006.png.webp\",\"width\":1017,\"height\":1017,\"caption\":\"Slama Lenabox\"},{\"@type\":\"BreadcrumbList\",\"@id\":\"https:\\\/\\\/clair.si\\\/izdelek\\\/lenabox-slama\\\/#breadcrumb\",\"itemListElement\":[{\"@type\":\"ListItem\",\"position\":1,\"name\":\"Home\",\"item\":\"https:\\\/\\\/clair.si\\\/hr\\\/\"},{\"@type\":\"ListItem\",\"position\":2,\"name\":\"Trgovina\",\"item\":\"https:\\\/\\\/clair.si\\\/trgovina\\\/\"},{\"@type\":\"ListItem\",\"position\":3,\"name\":\"Slama Lenabox\"}]},{\"@type\":\"WebSite\",\"@id\":\"https:\\\/\\\/clair.si\\\/#website\",\"url\":\"https:\\\/\\\/clair.si\\\/\",\"name\":\"Clair\",\"description\":\"Trgovina s konjeni\u0161ko opremo\",\"publisher\":{\"@id\":\"https:\\\/\\\/clair.si\\\/#organization\"},\"potentialAction\":[{\"@type\":\"SearchAction\",\"target\":{\"@type\":\"EntryPoint\",\"urlTemplate\":\"https:\\\/\\\/clair.si\\\/?s={search_term_string}\"},\"query-input\":{\"@type\":\"PropertyValueSpecification\",\"valueRequired\":true,\"valueName\":\"search_term_string\"}}],\"inLanguage\":\"hr\"},{\"@type\":\"Organization\",\"@id\":\"https:\\\/\\\/clair.si\\\/#organization\",\"name\":\"Clair\",\"url\":\"https:\\\/\\\/clair.si\\\/\",\"logo\":{\"@type\":\"ImageObject\",\"inLanguage\":\"hr\",\"@id\":\"https:\\\/\\\/clair.si\\\/#\\\/schema\\\/logo\\\/image\\\/\",\"url\":\"https:\\\/\\\/clair.si\\\/wp-content\\\/uploads\\\/2022\\\/11\\\/clair_logo_2022.jpg\",\"contentUrl\":\"https:\\\/\\\/clair.si\\\/wp-content\\\/uploads\\\/2022\\\/11\\\/clair_logo_2022.jpg\",\"width\":1920,\"height\":1920,\"caption\":\"Clair\"},\"image\":{\"@id\":\"https:\\\/\\\/clair.si\\\/#\\\/schema\\\/logo\\\/image\\\/\"},\"sameAs\":[\"https:\\\/\\\/www.facebook.com\\\/TrgovinaClair\\\/\"]}]}<\/script>\n<!-- \/ Yoast SEO plugin. -->","yoast_head_json":{"title":"Slama Lenabox - Clair","description":"Lenabox slama je odli\u010dna stelja za konje. Kvalitetna je i prikladna za konje koji imaju problema s pra\u0161inom. Provjerite u na\u0161oj web trgovini.","robots":{"index":"index","follow":"follow","max-snippet":"max-snippet:-1","max-image-preview":"max-image-preview:large","max-video-preview":"max-video-preview:-1"},"canonical":"https:\/\/clair.si\/izdelek\/lenabox-slama\/","og_locale":"hr_HR","og_type":"article","og_title":"Slama Lenabox - Clair","og_description":"Lenabox slama je odli\u010dna stelja za konje. Kvalitetna je i prikladna za konje koji imaju problema s pra\u0161inom. Provjerite u na\u0161oj web trgovini.","og_url":"https:\/\/clair.si\/izdelek\/lenabox-slama\/","og_site_name":"Clair","article_publisher":"https:\/\/www.facebook.com\/TrgovinaClair\/","article_modified_time":"2025-08-28T17:47:48+00:00","og_image":[{"width":1017,"height":1017,"url":"https:\/\/clair.si\/wp-content\/uploads\/2022\/07\/SLAMA-Lenabox-20-kg-1804006.png.jpg","type":"image\/jpeg"}],"twitter_card":"summary_large_image","twitter_misc":{"Procijenjeno vrijeme \u010ditanja":"1 minuta"},"schema":{"@context":"https:\/\/schema.org","@graph":[{"@type":"WebPage","@id":"https:\/\/clair.si\/izdelek\/lenabox-slama\/","url":"https:\/\/clair.si\/izdelek\/lenabox-slama\/","name":"Slama Lenabox - Clair","isPartOf":{"@id":"https:\/\/clair.si\/#website"},"primaryImageOfPage":{"@id":"https:\/\/clair.si\/izdelek\/lenabox-slama\/#primaryimage"},"image":{"@id":"https:\/\/clair.si\/izdelek\/lenabox-slama\/#primaryimage"},"thumbnailUrl":"https:\/\/clair.si\/wp-content\/uploads\/2022\/07\/SLAMA-Lenabox-20-kg-1804006.png.webp","datePublished":"2022-07-28T08:12:42+00:00","dateModified":"2025-08-28T17:47:48+00:00","description":"Lenabox slama je odli\u010dna stelja za konje. Kvalitetna je i prikladna za konje koji imaju problema s pra\u0161inom. Provjerite u na\u0161oj web trgovini.","breadcrumb":{"@id":"https:\/\/clair.si\/izdelek\/lenabox-slama\/#breadcrumb"},"inLanguage":"hr","potentialAction":[{"@type":"ReadAction","target":["https:\/\/clair.si\/izdelek\/lenabox-slama\/"]}]},{"@type":"ImageObject","inLanguage":"hr","@id":"https:\/\/clair.si\/izdelek\/lenabox-slama\/#primaryimage","url":"https:\/\/clair.si\/wp-content\/uploads\/2022\/07\/SLAMA-Lenabox-20-kg-1804006.png.webp","contentUrl":"https:\/\/clair.si\/wp-content\/uploads\/2022\/07\/SLAMA-Lenabox-20-kg-1804006.png.webp","width":1017,"height":1017,"caption":"Slama Lenabox"},{"@type":"BreadcrumbList","@id":"https:\/\/clair.si\/izdelek\/lenabox-slama\/#breadcrumb","itemListElement":[{"@type":"ListItem","position":1,"name":"Home","item":"https:\/\/clair.si\/hr\/"},{"@type":"ListItem","position":2,"name":"Trgovina","item":"https:\/\/clair.si\/trgovina\/"},{"@type":"ListItem","position":3,"name":"Slama Lenabox"}]},{"@type":"WebSite","@id":"https:\/\/clair.si\/#website","url":"https:\/\/clair.si\/","name":"Clair","description":"Trgovina s konjeni\u0161ko opremo","publisher":{"@id":"https:\/\/clair.si\/#organization"},"potentialAction":[{"@type":"SearchAction","target":{"@type":"EntryPoint","urlTemplate":"https:\/\/clair.si\/?s={search_term_string}"},"query-input":{"@type":"PropertyValueSpecification","valueRequired":true,"valueName":"search_term_string"}}],"inLanguage":"hr"},{"@type":"Organization","@id":"https:\/\/clair.si\/#organization","name":"Clair","url":"https:\/\/clair.si\/","logo":{"@type":"ImageObject","inLanguage":"hr","@id":"https:\/\/clair.si\/#\/schema\/logo\/image\/","url":"https:\/\/clair.si\/wp-content\/uploads\/2022\/11\/clair_logo_2022.jpg","contentUrl":"https:\/\/clair.si\/wp-content\/uploads\/2022\/11\/clair_logo_2022.jpg","width":1920,"height":1920,"caption":"Clair"},"image":{"@id":"https:\/\/clair.si\/#\/schema\/logo\/image\/"},"sameAs":["https:\/\/www.facebook.com\/TrgovinaClair\/"]}]}},"_links":{"self":[{"href":"https:\/\/clair.si\/hr\/wp-json\/wp\/v2\/product\/104039","targetHints":{"allow":["GET"]}}],"collection":[{"href":"https:\/\/clair.si\/hr\/wp-json\/wp\/v2\/product"}],"about":[{"href":"https:\/\/clair.si\/hr\/wp-json\/wp\/v2\/types\/product"}],"version-history":[{"count":0,"href":"https:\/\/clair.si\/hr\/wp-json\/wp\/v2\/product\/104039\/revisions"}],"wp:featuredmedia":[{"embeddable":true,"href":"https:\/\/clair.si\/hr\/wp-json\/wp\/v2\/media\/104040"}],"wp:attachment":[{"href":"https:\/\/clair.si\/hr\/wp-json\/wp\/v2\/media?parent=104039"}],"wp:term":[{"taxonomy":"product_brand","embeddable":true,"href":"https:\/\/clair.si\/hr\/wp-json\/wp\/v2\/product_brand?post=104039"},{"taxonomy":"product_cat","embeddable":true,"href":"https:\/\/clair.si\/hr\/wp-json\/wp\/v2\/product_cat?post=104039"},{"taxonomy":"product_tag","embeddable":true,"href":"https:\/\/clair.si\/hr\/wp-json\/wp\/v2\/product_tag?post=104039"}],"curies":[{"name":"wp","href":"https:\/\/api.w.org\/{rel}","templated":true}]}}