{"id":104050,"date":"2022-07-27T14:01:57","date_gmt":"2022-07-27T12:01:57","guid":{"rendered":"https:\/\/clair.si\/izdelek\/djecje-stremene-compositi-bardette\/"},"modified":"2025-09-08T07:55:47","modified_gmt":"2025-09-08T05:55:47","slug":"djecje-uzengije-compositi-bardette","status":"publish","type":"product","link":"https:\/\/clair.si\/hr\/izdelek\/djecje-uzengije-compositi-bardette\/","title":{"rendered":"Dje\u010dje uzengije Compositi Bardette"},"content":{"rendered":"<p><strong>Uzengije Compositi Bardette<\/strong> je <strong>idealan za malu djecu<\/strong> koja ja\u0161u ponije.<\/p>\n<p>Oblik uzengije je dizajniran tako da sprje\u010dava uklje\u0161tenje stopala u slu\u010daju pada. Donji dio stremena je profiliran, da se dijete navikne na pravilan polo\u017eaj stopala u stremenu.<\/p>\n<p><strong>Prednosti dje\u010djih uzengije Compositi Bardette:<\/strong><\/p>\n<ul>\n<li>Ergonomska<\/li>\n<li>Laka<\/li>\n<li>Izuzetno kvalitetna (vla\u010dna \u010dvrsto\u0107a &gt; 500 kg)<\/li>\n<li>Jednostavna za odr\u017eavanje<\/li>\n<li>Otporna na udarce i vlagu, \u010dak i pri niskim temperaturama<\/li>\n<\/ul>\n<p>&nbsp;<\/p>\n","protected":false},"excerpt":{"rendered":"<p><img loading=\"lazy\" decoding=\"async\" class=\"alignnone size-full wp-image-28462\" src=\"https:\/\/clair.si\/wp-content\/uploads\/2022\/07\/lowimpact.webp\" alt=\"\" width=\"150\" height=\"150\" \/><\/p>\n","protected":false},"featured_media":104051,"template":"","meta":{"footnotes":""},"product_brand":[],"product_cat":[5624,5930,6155],"product_tag":[],"class_list":{"0":"post-104050","1":"product","2":"type-product","3":"status-publish","4":"has-post-thumbnail","6":"product_cat-konj-hr","7":"product_cat-uzengle-i-uzengijski-remeni-remeni","8":"product_cat-uzengije","10":"first","11":"instock","12":"shipping-taxable","13":"purchasable","14":"product-type-simple"},"yoast_head":"<!-- This site is optimized with the Yoast SEO plugin v27.3 - https:\/\/yoast.com\/product\/yoast-seo-wordpress\/ -->\n<title>Dje\u010dje uzengije Compositi Bardette - Clair<\/title>\n<meta name=\"description\" content=\"Dje\u010dje stremene Compositi Bardette su stremene za malu djecu koja ja\u0161u ponije. Sprje\u010davaju uklje\u0161tenje stopala i omogu\u0107uju pravilan polo\u017eaj stopala.\" \/>\n<meta name=\"robots\" content=\"index, follow, max-snippet:-1, max-image-preview:large, max-video-preview:-1\" \/>\n<link rel=\"canonical\" href=\"https:\/\/clair.si\/izdelek\/otroska-stremena-compositi-bardette\/\" \/>\n<meta property=\"og:locale\" content=\"hr_HR\" \/>\n<meta property=\"og:type\" content=\"article\" \/>\n<meta property=\"og:title\" content=\"Dje\u010dje uzengije Compositi Bardette - Clair\" \/>\n<meta property=\"og:description\" content=\"Dje\u010dje stremene Compositi Bardette su stremene za malu djecu koja ja\u0161u ponije. Sprje\u010davaju uklje\u0161tenje stopala i omogu\u0107uju pravilan polo\u017eaj stopala.\" \/>\n<meta property=\"og:url\" content=\"https:\/\/clair.si\/izdelek\/otroska-stremena-compositi-bardette\/\" \/>\n<meta property=\"og:site_name\" content=\"Clair\" \/>\n<meta property=\"article:publisher\" content=\"https:\/\/www.facebook.com\/TrgovinaClair\/\" \/>\n<meta property=\"article:modified_time\" content=\"2025-09-08T05:55:47+00:00\" \/>\n<meta property=\"og:image\" content=\"https:\/\/clair.si\/wp-content\/uploads\/2022\/07\/compositi-bardette-streme-za-otroke.webp\" \/>\n\t<meta property=\"og:image:width\" content=\"499\" \/>\n\t<meta property=\"og:image:height\" content=\"499\" \/>\n\t<meta property=\"og:image:type\" content=\"image\/jpeg\" \/>\n<meta name=\"twitter:card\" content=\"summary_large_image\" \/>\n<meta name=\"twitter:label1\" content=\"Procijenjeno vrijeme \u010ditanja\" \/>\n\t<meta name=\"twitter:data1\" content=\"1 minuta\" \/>\n<script type=\"application\/ld+json\" class=\"yoast-schema-graph\">{\"@context\":\"https:\\\/\\\/schema.org\",\"@graph\":[{\"@type\":\"WebPage\",\"@id\":\"https:\\\/\\\/clair.si\\\/izdelek\\\/otroska-stremena-compositi-bardette\\\/\",\"url\":\"https:\\\/\\\/clair.si\\\/izdelek\\\/otroska-stremena-compositi-bardette\\\/\",\"name\":\"Dje\u010dje uzengije Compositi Bardette - Clair\",\"isPartOf\":{\"@id\":\"https:\\\/\\\/clair.si\\\/#website\"},\"primaryImageOfPage\":{\"@id\":\"https:\\\/\\\/clair.si\\\/izdelek\\\/otroska-stremena-compositi-bardette\\\/#primaryimage\"},\"image\":{\"@id\":\"https:\\\/\\\/clair.si\\\/izdelek\\\/otroska-stremena-compositi-bardette\\\/#primaryimage\"},\"thumbnailUrl\":\"https:\\\/\\\/clair.si\\\/wp-content\\\/uploads\\\/2022\\\/07\\\/compositi-bardette-streme-za-otroke.webp\",\"datePublished\":\"2022-07-27T12:01:57+00:00\",\"dateModified\":\"2025-09-08T05:55:47+00:00\",\"description\":\"Dje\u010dje stremene Compositi Bardette su stremene za malu djecu koja ja\u0161u ponije. Sprje\u010davaju uklje\u0161tenje stopala i omogu\u0107uju pravilan polo\u017eaj stopala.\",\"breadcrumb\":{\"@id\":\"https:\\\/\\\/clair.si\\\/izdelek\\\/otroska-stremena-compositi-bardette\\\/#breadcrumb\"},\"inLanguage\":\"hr\",\"potentialAction\":[{\"@type\":\"ReadAction\",\"target\":[\"https:\\\/\\\/clair.si\\\/izdelek\\\/otroska-stremena-compositi-bardette\\\/\"]}]},{\"@type\":\"ImageObject\",\"inLanguage\":\"hr\",\"@id\":\"https:\\\/\\\/clair.si\\\/izdelek\\\/otroska-stremena-compositi-bardette\\\/#primaryimage\",\"url\":\"https:\\\/\\\/clair.si\\\/wp-content\\\/uploads\\\/2022\\\/07\\\/compositi-bardette-streme-za-otroke.webp\",\"contentUrl\":\"https:\\\/\\\/clair.si\\\/wp-content\\\/uploads\\\/2022\\\/07\\\/compositi-bardette-streme-za-otroke.webp\",\"width\":499,\"height\":499,\"caption\":\"Streme za otroke.\"},{\"@type\":\"BreadcrumbList\",\"@id\":\"https:\\\/\\\/clair.si\\\/izdelek\\\/otroska-stremena-compositi-bardette\\\/#breadcrumb\",\"itemListElement\":[{\"@type\":\"ListItem\",\"position\":1,\"name\":\"Home\",\"item\":\"https:\\\/\\\/clair.si\\\/hr\\\/\"},{\"@type\":\"ListItem\",\"position\":2,\"name\":\"Trgovina\",\"item\":\"https:\\\/\\\/clair.si\\\/trgovina\\\/\"},{\"@type\":\"ListItem\",\"position\":3,\"name\":\"Dje\u010dje uzengije Compositi Bardette\"}]},{\"@type\":\"WebSite\",\"@id\":\"https:\\\/\\\/clair.si\\\/#website\",\"url\":\"https:\\\/\\\/clair.si\\\/\",\"name\":\"Clair\",\"description\":\"Trgovina s konjeni\u0161ko opremo\",\"publisher\":{\"@id\":\"https:\\\/\\\/clair.si\\\/#organization\"},\"potentialAction\":[{\"@type\":\"SearchAction\",\"target\":{\"@type\":\"EntryPoint\",\"urlTemplate\":\"https:\\\/\\\/clair.si\\\/?s={search_term_string}\"},\"query-input\":{\"@type\":\"PropertyValueSpecification\",\"valueRequired\":true,\"valueName\":\"search_term_string\"}}],\"inLanguage\":\"hr\"},{\"@type\":\"Organization\",\"@id\":\"https:\\\/\\\/clair.si\\\/#organization\",\"name\":\"Clair\",\"url\":\"https:\\\/\\\/clair.si\\\/\",\"logo\":{\"@type\":\"ImageObject\",\"inLanguage\":\"hr\",\"@id\":\"https:\\\/\\\/clair.si\\\/#\\\/schema\\\/logo\\\/image\\\/\",\"url\":\"https:\\\/\\\/clair.si\\\/wp-content\\\/uploads\\\/2022\\\/11\\\/clair_logo_2022.jpg\",\"contentUrl\":\"https:\\\/\\\/clair.si\\\/wp-content\\\/uploads\\\/2022\\\/11\\\/clair_logo_2022.jpg\",\"width\":1920,\"height\":1920,\"caption\":\"Clair\"},\"image\":{\"@id\":\"https:\\\/\\\/clair.si\\\/#\\\/schema\\\/logo\\\/image\\\/\"},\"sameAs\":[\"https:\\\/\\\/www.facebook.com\\\/TrgovinaClair\\\/\"]}]}<\/script>\n<!-- \/ Yoast SEO plugin. -->","yoast_head_json":{"title":"Dje\u010dje uzengije Compositi Bardette - Clair","description":"Dje\u010dje stremene Compositi Bardette su stremene za malu djecu koja ja\u0161u ponije. Sprje\u010davaju uklje\u0161tenje stopala i omogu\u0107uju pravilan polo\u017eaj stopala.","robots":{"index":"index","follow":"follow","max-snippet":"max-snippet:-1","max-image-preview":"max-image-preview:large","max-video-preview":"max-video-preview:-1"},"canonical":"https:\/\/clair.si\/izdelek\/otroska-stremena-compositi-bardette\/","og_locale":"hr_HR","og_type":"article","og_title":"Dje\u010dje uzengije Compositi Bardette - Clair","og_description":"Dje\u010dje stremene Compositi Bardette su stremene za malu djecu koja ja\u0161u ponije. Sprje\u010davaju uklje\u0161tenje stopala i omogu\u0107uju pravilan polo\u017eaj stopala.","og_url":"https:\/\/clair.si\/izdelek\/otroska-stremena-compositi-bardette\/","og_site_name":"Clair","article_publisher":"https:\/\/www.facebook.com\/TrgovinaClair\/","article_modified_time":"2025-09-08T05:55:47+00:00","og_image":[{"width":499,"height":499,"url":"https:\/\/clair.si\/wp-content\/uploads\/2022\/07\/compositi-bardette-streme-za-otroke.webp","type":"image\/jpeg"}],"twitter_card":"summary_large_image","twitter_misc":{"Procijenjeno vrijeme \u010ditanja":"1 minuta"},"schema":{"@context":"https:\/\/schema.org","@graph":[{"@type":"WebPage","@id":"https:\/\/clair.si\/izdelek\/otroska-stremena-compositi-bardette\/","url":"https:\/\/clair.si\/izdelek\/otroska-stremena-compositi-bardette\/","name":"Dje\u010dje uzengije Compositi Bardette - Clair","isPartOf":{"@id":"https:\/\/clair.si\/#website"},"primaryImageOfPage":{"@id":"https:\/\/clair.si\/izdelek\/otroska-stremena-compositi-bardette\/#primaryimage"},"image":{"@id":"https:\/\/clair.si\/izdelek\/otroska-stremena-compositi-bardette\/#primaryimage"},"thumbnailUrl":"https:\/\/clair.si\/wp-content\/uploads\/2022\/07\/compositi-bardette-streme-za-otroke.webp","datePublished":"2022-07-27T12:01:57+00:00","dateModified":"2025-09-08T05:55:47+00:00","description":"Dje\u010dje stremene Compositi Bardette su stremene za malu djecu koja ja\u0161u ponije. Sprje\u010davaju uklje\u0161tenje stopala i omogu\u0107uju pravilan polo\u017eaj stopala.","breadcrumb":{"@id":"https:\/\/clair.si\/izdelek\/otroska-stremena-compositi-bardette\/#breadcrumb"},"inLanguage":"hr","potentialAction":[{"@type":"ReadAction","target":["https:\/\/clair.si\/izdelek\/otroska-stremena-compositi-bardette\/"]}]},{"@type":"ImageObject","inLanguage":"hr","@id":"https:\/\/clair.si\/izdelek\/otroska-stremena-compositi-bardette\/#primaryimage","url":"https:\/\/clair.si\/wp-content\/uploads\/2022\/07\/compositi-bardette-streme-za-otroke.webp","contentUrl":"https:\/\/clair.si\/wp-content\/uploads\/2022\/07\/compositi-bardette-streme-za-otroke.webp","width":499,"height":499,"caption":"Streme za otroke."},{"@type":"BreadcrumbList","@id":"https:\/\/clair.si\/izdelek\/otroska-stremena-compositi-bardette\/#breadcrumb","itemListElement":[{"@type":"ListItem","position":1,"name":"Home","item":"https:\/\/clair.si\/hr\/"},{"@type":"ListItem","position":2,"name":"Trgovina","item":"https:\/\/clair.si\/trgovina\/"},{"@type":"ListItem","position":3,"name":"Dje\u010dje uzengije Compositi Bardette"}]},{"@type":"WebSite","@id":"https:\/\/clair.si\/#website","url":"https:\/\/clair.si\/","name":"Clair","description":"Trgovina s konjeni\u0161ko opremo","publisher":{"@id":"https:\/\/clair.si\/#organization"},"potentialAction":[{"@type":"SearchAction","target":{"@type":"EntryPoint","urlTemplate":"https:\/\/clair.si\/?s={search_term_string}"},"query-input":{"@type":"PropertyValueSpecification","valueRequired":true,"valueName":"search_term_string"}}],"inLanguage":"hr"},{"@type":"Organization","@id":"https:\/\/clair.si\/#organization","name":"Clair","url":"https:\/\/clair.si\/","logo":{"@type":"ImageObject","inLanguage":"hr","@id":"https:\/\/clair.si\/#\/schema\/logo\/image\/","url":"https:\/\/clair.si\/wp-content\/uploads\/2022\/11\/clair_logo_2022.jpg","contentUrl":"https:\/\/clair.si\/wp-content\/uploads\/2022\/11\/clair_logo_2022.jpg","width":1920,"height":1920,"caption":"Clair"},"image":{"@id":"https:\/\/clair.si\/#\/schema\/logo\/image\/"},"sameAs":["https:\/\/www.facebook.com\/TrgovinaClair\/"]}]}},"_links":{"self":[{"href":"https:\/\/clair.si\/hr\/wp-json\/wp\/v2\/product\/104050","targetHints":{"allow":["GET"]}}],"collection":[{"href":"https:\/\/clair.si\/hr\/wp-json\/wp\/v2\/product"}],"about":[{"href":"https:\/\/clair.si\/hr\/wp-json\/wp\/v2\/types\/product"}],"version-history":[{"count":0,"href":"https:\/\/clair.si\/hr\/wp-json\/wp\/v2\/product\/104050\/revisions"}],"wp:featuredmedia":[{"embeddable":true,"href":"https:\/\/clair.si\/hr\/wp-json\/wp\/v2\/media\/104051"}],"wp:attachment":[{"href":"https:\/\/clair.si\/hr\/wp-json\/wp\/v2\/media?parent=104050"}],"wp:term":[{"taxonomy":"product_brand","embeddable":true,"href":"https:\/\/clair.si\/hr\/wp-json\/wp\/v2\/product_brand?post=104050"},{"taxonomy":"product_cat","embeddable":true,"href":"https:\/\/clair.si\/hr\/wp-json\/wp\/v2\/product_cat?post=104050"},{"taxonomy":"product_tag","embeddable":true,"href":"https:\/\/clair.si\/hr\/wp-json\/wp\/v2\/product_tag?post=104050"}],"curies":[{"name":"wp","href":"https:\/\/api.w.org\/{rel}","templated":true}]}}