{"id":104086,"date":"2022-06-03T11:02:23","date_gmt":"2022-06-03T09:02:23","guid":{"rendered":"https:\/\/clair.si\/izdelek\/effol-sprej-za-rascesljavanje-grive-i-repa\/"},"modified":"2026-04-12T09:31:01","modified_gmt":"2026-04-12T07:31:01","slug":"effol-sprej-za-rascesljavanje-grive-i-repa","status":"publish","type":"product","link":"https:\/\/clair.si\/hr\/izdelek\/effol-sprej-za-rascesljavanje-grive-i-repa\/","title":{"rendered":"Effol sprej za ra\u0161\u010de\u0161ljavanje grive i repa"},"content":{"rendered":"<p><span class=\"VIiyi\" lang=\"sl\"><span class=\"JLqJ4b ChMk0b\" data-language-for-alternatives=\"sl\" data-language-to-translate-into=\"en\" data-phrase-index=\"0\" data-number-of-phrases=\"7\"><span class=\"Q4iAWc\"><strong>Effol sprej za ra\u0161\u010de\u0161ljavanje grive i repa<\/strong> sadr\u017ei posebna kozmeti\u010dka ulja koja sprje\u010davaju isu\u0161ivanje vrhova repa i grive.<\/span><\/span> <\/span><\/p>\n<p><span class=\"VIiyi\" lang=\"sl\"><span class=\"JLqJ4b ChMk0b\" data-language-for-alternatives=\"sl\" data-language-to-translate-into=\"en\" data-phrase-index=\"1\" data-number-of-phrases=\"7\"><span class=\"Q4iAWc\">Vidljiva puno\u0107a i lak\u0161e ra\u0161\u010de\u0161ljavanje grive i repa su zajam\u010deni zahvaljuju\u0107i silikonskim uljima koja se ina\u010de koriste i u humanoj kozmetici.<\/span><\/span> <span class=\"JLqJ4b ChMk0b\" data-language-for-alternatives=\"sl\" data-language-to-translate-into=\"en\" data-phrase-index=\"2\" data-number-of-phrases=\"7\"><span class=\"Q4iAWc\">Neguju\u0107a ulja ja\u010daju grivu i sprje\u010davaju isu\u0161ivanje.<\/span><\/span> <\/span><\/p>\n<p><span class=\"VIiyi\" lang=\"sl\"><span class=\"JLqJ4b ChMk0b\" data-language-for-alternatives=\"sl\" data-language-to-translate-into=\"en\" data-phrase-index=\"4\" data-number-of-phrases=\"7\"><span class=\"Q4iAWc\"><strong>Uporaba<\/strong>: Jednostavno nanesite na grivu i rep, pustite da po\u010dne djelovati, zatim ga raspetljajte i ra\u0161\u010de\u0161ljajte.<\/span><\/span> <\/span><\/p>\n<p><span class=\"VIiyi\" lang=\"sl\"><span class=\"JLqJ4b ChMk0b\" data-language-for-alternatives=\"sl\" data-language-to-translate-into=\"en\" data-phrase-index=\"6\" data-number-of-phrases=\"7\"><span class=\"Q4iAWc\"><strong>Sastav:<\/strong> <em>humana kozmeti\u010dka silikonska ulja.<\/em><\/span><\/span><\/span><\/p>\n","protected":false},"excerpt":{"rendered":"<p><span class=\"VIiyi\" lang=\"sl\"><strong><span class=\"JLqJ4b ChMk0b\" data-language-for-alternatives=\"sl\" data-language-to-translate-into=\"en\" data-phrase-index=\"0\" data-number-of-phrases=\"7\"><span class=\"Q4iAWc\">Ve\u0107i volumen za grivu i rep<\/span><\/span><\/strong> <\/span><\/p>\n<ul>\n<li><span class=\"VIiyi\" lang=\"sl\"><span class=\"JLqJ4b ChMk0b\" data-language-for-alternatives=\"sl\" data-language-to-translate-into=\"en\" data-phrase-index=\"2\" data-number-of-phrases=\"7\"><span class=\"Q4iAWc\">ja\u010da dlaku<\/span><\/span><\/span><\/li>\n<li><span class=\"VIiyi\" lang=\"sl\"><span class=\"JLqJ4b ChMk0b\" data-language-for-alternatives=\"sl\" data-language-to-translate-into=\"en\" data-phrase-index=\"4\" data-number-of-phrases=\"7\"><span class=\"Q4iAWc\">sprje\u010dava isu\u0161ivanje dlake<\/span><\/span><\/span><\/li>\n<li><span class=\"VIiyi\" lang=\"sl\"><span class=\"JLqJ4b ChMk0b\" data-language-for-alternatives=\"sl\" data-language-to-translate-into=\"en\" data-phrase-index=\"6\" data-number-of-phrases=\"7\"><span class=\"Q4iAWc\"> zajam\u010dena je vidljiva puno\u0107a i lak\u0161e ra\u0161\u010de\u0161ljavanje grive i repa<\/span><\/span><\/span><\/li>\n<\/ul>\n<p><strong>Koli\u010dina: 500 ml<\/strong><\/p>\n","protected":false},"featured_media":104087,"template":"","meta":{"footnotes":""},"product_brand":[],"product_cat":[5624,5675,5677,5625,5865,5777,5627],"product_tag":[],"class_list":{"0":"post-104086","1":"product","2":"type-product","3":"status-publish","4":"has-post-thumbnail","6":"product_cat-konj-hr","7":"product_cat-kozmetika-za-konje-hr","8":"product_cat-kozmetika-za-konje-hr-2","9":"product_cat-njega-konja","10":"product_cat-rascesljavanje-grive-i-repa","11":"product_cat-sjaj-dlake-i-grive","12":"product_cat-stala-i-pasnjak","14":"first","15":"instock","16":"shipping-taxable","17":"purchasable","18":"product-type-simple"},"yoast_head":"<!-- This site is optimized with the Yoast SEO plugin v27.3 - https:\/\/yoast.com\/product\/yoast-seo-wordpress\/ -->\n<title>Effol sprej za ra\u0161\u010de\u0161ljavanje grive i repa - Clair<\/title>\n<meta name=\"description\" content=\"Effol sprej za ra\u0161\u010de\u0161ljavanje grive i repa sadr\u017ei posebna kozmeti\u010dka ulja koja sprje\u010davaju isu\u0161ivanje vrhova repa i grive.\" \/>\n<meta name=\"robots\" content=\"index, follow, max-snippet:-1, max-image-preview:large, max-video-preview:-1\" \/>\n<link rel=\"canonical\" href=\"https:\/\/clair.si\/hr\/izdelek\/effol-sprej-za-rascesljavanje-grive-i-repa\/\" \/>\n<meta property=\"og:locale\" content=\"hr_HR\" \/>\n<meta property=\"og:type\" content=\"article\" \/>\n<meta property=\"og:title\" content=\"Effol sprej za ra\u0161\u010de\u0161ljavanje grive i repa - Clair\" \/>\n<meta property=\"og:description\" content=\"Effol sprej za ra\u0161\u010de\u0161ljavanje grive i repa sadr\u017ei posebna kozmeti\u010dka ulja koja sprje\u010davaju isu\u0161ivanje vrhova repa i grive.\" \/>\n<meta property=\"og:url\" content=\"https:\/\/clair.si\/hr\/izdelek\/effol-sprej-za-rascesljavanje-grive-i-repa\/\" \/>\n<meta property=\"og:site_name\" content=\"Clair\" \/>\n<meta property=\"article:publisher\" content=\"https:\/\/www.facebook.com\/TrgovinaClair\/\" \/>\n<meta property=\"article:modified_time\" content=\"2026-04-12T07:31:01+00:00\" \/>\n<meta property=\"og:image\" content=\"https:\/\/clair.si\/wp-content\/uploads\/2022\/06\/Effol-sprej-za-razcesavanje-grive-in-repa.jpg\" \/>\n\t<meta property=\"og:image:width\" content=\"2000\" \/>\n\t<meta property=\"og:image:height\" content=\"2000\" \/>\n\t<meta property=\"og:image:type\" content=\"image\/jpeg\" \/>\n<meta name=\"twitter:card\" content=\"summary_large_image\" \/>\n<script type=\"application\/ld+json\" class=\"yoast-schema-graph\">{\"@context\":\"https:\\\/\\\/schema.org\",\"@graph\":[{\"@type\":\"WebPage\",\"@id\":\"https:\\\/\\\/clair.si\\\/hr\\\/izdelek\\\/effol-sprej-za-rascesljavanje-grive-i-repa\\\/\",\"url\":\"https:\\\/\\\/clair.si\\\/hr\\\/izdelek\\\/effol-sprej-za-rascesljavanje-grive-i-repa\\\/\",\"name\":\"Effol sprej za ra\u0161\u010de\u0161ljavanje grive i repa - Clair\",\"isPartOf\":{\"@id\":\"https:\\\/\\\/clair.si\\\/#website\"},\"primaryImageOfPage\":{\"@id\":\"https:\\\/\\\/clair.si\\\/hr\\\/izdelek\\\/effol-sprej-za-rascesljavanje-grive-i-repa\\\/#primaryimage\"},\"image\":{\"@id\":\"https:\\\/\\\/clair.si\\\/hr\\\/izdelek\\\/effol-sprej-za-rascesljavanje-grive-i-repa\\\/#primaryimage\"},\"thumbnailUrl\":\"https:\\\/\\\/clair.si\\\/wp-content\\\/uploads\\\/2022\\\/06\\\/Effol-sprej-za-razcesavanje-grive-in-repa.webp\",\"datePublished\":\"2022-06-03T09:02:23+00:00\",\"dateModified\":\"2026-04-12T07:31:01+00:00\",\"description\":\"Effol sprej za ra\u0161\u010de\u0161ljavanje grive i repa sadr\u017ei posebna kozmeti\u010dka ulja koja sprje\u010davaju isu\u0161ivanje vrhova repa i grive.\",\"breadcrumb\":{\"@id\":\"https:\\\/\\\/clair.si\\\/hr\\\/izdelek\\\/effol-sprej-za-rascesljavanje-grive-i-repa\\\/#breadcrumb\"},\"inLanguage\":\"hr\",\"potentialAction\":[{\"@type\":\"ReadAction\",\"target\":[\"https:\\\/\\\/clair.si\\\/hr\\\/izdelek\\\/effol-sprej-za-rascesljavanje-grive-i-repa\\\/\"]}]},{\"@type\":\"ImageObject\",\"inLanguage\":\"hr\",\"@id\":\"https:\\\/\\\/clair.si\\\/hr\\\/izdelek\\\/effol-sprej-za-rascesljavanje-grive-i-repa\\\/#primaryimage\",\"url\":\"https:\\\/\\\/clair.si\\\/wp-content\\\/uploads\\\/2022\\\/06\\\/Effol-sprej-za-razcesavanje-grive-in-repa.webp\",\"contentUrl\":\"https:\\\/\\\/clair.si\\\/wp-content\\\/uploads\\\/2022\\\/06\\\/Effol-sprej-za-razcesavanje-grive-in-repa.webp\",\"width\":2000,\"height\":2000,\"caption\":\"Effol sprej za raz\u010desavanje grive in repa.\"},{\"@type\":\"BreadcrumbList\",\"@id\":\"https:\\\/\\\/clair.si\\\/hr\\\/izdelek\\\/effol-sprej-za-rascesljavanje-grive-i-repa\\\/#breadcrumb\",\"itemListElement\":[{\"@type\":\"ListItem\",\"position\":1,\"name\":\"Home\",\"item\":\"https:\\\/\\\/clair.si\\\/hr\\\/\"},{\"@type\":\"ListItem\",\"position\":2,\"name\":\"Trgovina\",\"item\":\"https:\\\/\\\/clair.si\\\/trgovina\\\/\"},{\"@type\":\"ListItem\",\"position\":3,\"name\":\"Effol sprej za ra\u0161\u010de\u0161ljavanje grive i repa\"}]},{\"@type\":\"WebSite\",\"@id\":\"https:\\\/\\\/clair.si\\\/#website\",\"url\":\"https:\\\/\\\/clair.si\\\/\",\"name\":\"Clair\",\"description\":\"Trgovina s konjeni\u0161ko opremo\",\"publisher\":{\"@id\":\"https:\\\/\\\/clair.si\\\/#organization\"},\"potentialAction\":[{\"@type\":\"SearchAction\",\"target\":{\"@type\":\"EntryPoint\",\"urlTemplate\":\"https:\\\/\\\/clair.si\\\/?s={search_term_string}\"},\"query-input\":{\"@type\":\"PropertyValueSpecification\",\"valueRequired\":true,\"valueName\":\"search_term_string\"}}],\"inLanguage\":\"hr\"},{\"@type\":\"Organization\",\"@id\":\"https:\\\/\\\/clair.si\\\/#organization\",\"name\":\"Clair\",\"url\":\"https:\\\/\\\/clair.si\\\/\",\"logo\":{\"@type\":\"ImageObject\",\"inLanguage\":\"hr\",\"@id\":\"https:\\\/\\\/clair.si\\\/#\\\/schema\\\/logo\\\/image\\\/\",\"url\":\"https:\\\/\\\/clair.si\\\/wp-content\\\/uploads\\\/2022\\\/11\\\/clair_logo_2022.jpg\",\"contentUrl\":\"https:\\\/\\\/clair.si\\\/wp-content\\\/uploads\\\/2022\\\/11\\\/clair_logo_2022.jpg\",\"width\":1920,\"height\":1920,\"caption\":\"Clair\"},\"image\":{\"@id\":\"https:\\\/\\\/clair.si\\\/#\\\/schema\\\/logo\\\/image\\\/\"},\"sameAs\":[\"https:\\\/\\\/www.facebook.com\\\/TrgovinaClair\\\/\"]}]}<\/script>\n<!-- \/ Yoast SEO plugin. -->","yoast_head_json":{"title":"Effol sprej za ra\u0161\u010de\u0161ljavanje grive i repa - Clair","description":"Effol sprej za ra\u0161\u010de\u0161ljavanje grive i repa sadr\u017ei posebna kozmeti\u010dka ulja koja sprje\u010davaju isu\u0161ivanje vrhova repa i grive.","robots":{"index":"index","follow":"follow","max-snippet":"max-snippet:-1","max-image-preview":"max-image-preview:large","max-video-preview":"max-video-preview:-1"},"canonical":"https:\/\/clair.si\/hr\/izdelek\/effol-sprej-za-rascesljavanje-grive-i-repa\/","og_locale":"hr_HR","og_type":"article","og_title":"Effol sprej za ra\u0161\u010de\u0161ljavanje grive i repa - Clair","og_description":"Effol sprej za ra\u0161\u010de\u0161ljavanje grive i repa sadr\u017ei posebna kozmeti\u010dka ulja koja sprje\u010davaju isu\u0161ivanje vrhova repa i grive.","og_url":"https:\/\/clair.si\/hr\/izdelek\/effol-sprej-za-rascesljavanje-grive-i-repa\/","og_site_name":"Clair","article_publisher":"https:\/\/www.facebook.com\/TrgovinaClair\/","article_modified_time":"2026-04-12T07:31:01+00:00","og_image":[{"width":2000,"height":2000,"url":"https:\/\/clair.si\/wp-content\/uploads\/2022\/06\/Effol-sprej-za-razcesavanje-grive-in-repa.jpg","type":"image\/jpeg"}],"twitter_card":"summary_large_image","schema":{"@context":"https:\/\/schema.org","@graph":[{"@type":"WebPage","@id":"https:\/\/clair.si\/hr\/izdelek\/effol-sprej-za-rascesljavanje-grive-i-repa\/","url":"https:\/\/clair.si\/hr\/izdelek\/effol-sprej-za-rascesljavanje-grive-i-repa\/","name":"Effol sprej za ra\u0161\u010de\u0161ljavanje grive i repa - Clair","isPartOf":{"@id":"https:\/\/clair.si\/#website"},"primaryImageOfPage":{"@id":"https:\/\/clair.si\/hr\/izdelek\/effol-sprej-za-rascesljavanje-grive-i-repa\/#primaryimage"},"image":{"@id":"https:\/\/clair.si\/hr\/izdelek\/effol-sprej-za-rascesljavanje-grive-i-repa\/#primaryimage"},"thumbnailUrl":"https:\/\/clair.si\/wp-content\/uploads\/2022\/06\/Effol-sprej-za-razcesavanje-grive-in-repa.webp","datePublished":"2022-06-03T09:02:23+00:00","dateModified":"2026-04-12T07:31:01+00:00","description":"Effol sprej za ra\u0161\u010de\u0161ljavanje grive i repa sadr\u017ei posebna kozmeti\u010dka ulja koja sprje\u010davaju isu\u0161ivanje vrhova repa i grive.","breadcrumb":{"@id":"https:\/\/clair.si\/hr\/izdelek\/effol-sprej-za-rascesljavanje-grive-i-repa\/#breadcrumb"},"inLanguage":"hr","potentialAction":[{"@type":"ReadAction","target":["https:\/\/clair.si\/hr\/izdelek\/effol-sprej-za-rascesljavanje-grive-i-repa\/"]}]},{"@type":"ImageObject","inLanguage":"hr","@id":"https:\/\/clair.si\/hr\/izdelek\/effol-sprej-za-rascesljavanje-grive-i-repa\/#primaryimage","url":"https:\/\/clair.si\/wp-content\/uploads\/2022\/06\/Effol-sprej-za-razcesavanje-grive-in-repa.webp","contentUrl":"https:\/\/clair.si\/wp-content\/uploads\/2022\/06\/Effol-sprej-za-razcesavanje-grive-in-repa.webp","width":2000,"height":2000,"caption":"Effol sprej za raz\u010desavanje grive in repa."},{"@type":"BreadcrumbList","@id":"https:\/\/clair.si\/hr\/izdelek\/effol-sprej-za-rascesljavanje-grive-i-repa\/#breadcrumb","itemListElement":[{"@type":"ListItem","position":1,"name":"Home","item":"https:\/\/clair.si\/hr\/"},{"@type":"ListItem","position":2,"name":"Trgovina","item":"https:\/\/clair.si\/trgovina\/"},{"@type":"ListItem","position":3,"name":"Effol sprej za ra\u0161\u010de\u0161ljavanje grive i repa"}]},{"@type":"WebSite","@id":"https:\/\/clair.si\/#website","url":"https:\/\/clair.si\/","name":"Clair","description":"Trgovina s konjeni\u0161ko opremo","publisher":{"@id":"https:\/\/clair.si\/#organization"},"potentialAction":[{"@type":"SearchAction","target":{"@type":"EntryPoint","urlTemplate":"https:\/\/clair.si\/?s={search_term_string}"},"query-input":{"@type":"PropertyValueSpecification","valueRequired":true,"valueName":"search_term_string"}}],"inLanguage":"hr"},{"@type":"Organization","@id":"https:\/\/clair.si\/#organization","name":"Clair","url":"https:\/\/clair.si\/","logo":{"@type":"ImageObject","inLanguage":"hr","@id":"https:\/\/clair.si\/#\/schema\/logo\/image\/","url":"https:\/\/clair.si\/wp-content\/uploads\/2022\/11\/clair_logo_2022.jpg","contentUrl":"https:\/\/clair.si\/wp-content\/uploads\/2022\/11\/clair_logo_2022.jpg","width":1920,"height":1920,"caption":"Clair"},"image":{"@id":"https:\/\/clair.si\/#\/schema\/logo\/image\/"},"sameAs":["https:\/\/www.facebook.com\/TrgovinaClair\/"]}]}},"_links":{"self":[{"href":"https:\/\/clair.si\/hr\/wp-json\/wp\/v2\/product\/104086","targetHints":{"allow":["GET"]}}],"collection":[{"href":"https:\/\/clair.si\/hr\/wp-json\/wp\/v2\/product"}],"about":[{"href":"https:\/\/clair.si\/hr\/wp-json\/wp\/v2\/types\/product"}],"version-history":[{"count":0,"href":"https:\/\/clair.si\/hr\/wp-json\/wp\/v2\/product\/104086\/revisions"}],"wp:featuredmedia":[{"embeddable":true,"href":"https:\/\/clair.si\/hr\/wp-json\/wp\/v2\/media\/104087"}],"wp:attachment":[{"href":"https:\/\/clair.si\/hr\/wp-json\/wp\/v2\/media?parent=104086"}],"wp:term":[{"taxonomy":"product_brand","embeddable":true,"href":"https:\/\/clair.si\/hr\/wp-json\/wp\/v2\/product_brand?post=104086"},{"taxonomy":"product_cat","embeddable":true,"href":"https:\/\/clair.si\/hr\/wp-json\/wp\/v2\/product_cat?post=104086"},{"taxonomy":"product_tag","embeddable":true,"href":"https:\/\/clair.si\/hr\/wp-json\/wp\/v2\/product_tag?post=104086"}],"curies":[{"name":"wp","href":"https:\/\/api.w.org\/{rel}","templated":true}]}}