{"id":104089,"date":"2022-06-02T15:46:18","date_gmt":"2022-06-02T13:46:18","guid":{"rendered":"https:\/\/clair.si\/izdelek\/effol-mint-stars-poslastice-za-konje\/"},"modified":"2025-08-27T15:03:37","modified_gmt":"2025-08-27T13:03:37","slug":"effol-mint-stars-poslastice-za-konje","status":"publish","type":"product","link":"https:\/\/clair.si\/hr\/izdelek\/effol-mint-stars-poslastice-za-konje\/","title":{"rendered":"Effol Mint Stars poslastice za konje"},"content":{"rendered":"<p><span class=\"VIiyi\" lang=\"sl\">Effol Mint Stars poslastice za konje, <span class=\"JLqJ4b ChMk0b\" data-language-for-alternatives=\"sl\" data-language-to-translate-into=\"en\" data-phrase-index=\"2\" data-number-of-phrases=\"9\"><span class=\"Q4iAWc\">koje nisu samo ukusne, ve\u0107 sadr\u017ee<\/span><\/span> <span class=\"JLqJ4b ChMk0b\" data-language-for-alternatives=\"sl\" data-language-to-translate-into=\"en\" data-phrase-index=\"3\" data-number-of-phrases=\"9\"><span class=\"Q4iAWc\">puno vlakana, vitamina i minerala.<\/span><\/span> <\/span><\/p>\n<p><span class=\"VIiyi\" lang=\"sl\"><span class=\"JLqJ4b ChMk0b\" data-language-for-alternatives=\"sl\" data-language-to-translate-into=\"en\" data-phrase-index=\"4\" data-number-of-phrases=\"9\"><span class=\"Q4iAWc\">Da\u0161ak melase od \u0161e\u0107erne trske \u010dini ih zaista ukusnima, a razli\u010diti prirodni okusi osiguravaju raznolikost.<\/span><\/span> <\/span><\/p>\n<p><span class=\"VIiyi\" lang=\"sl\"><strong>Sastav Effol Mint Stars poslastica za konje: <\/strong><span class=\"JLqJ4b ChMk0b\" data-language-for-alternatives=\"sl\" data-language-to-translate-into=\"en\" data-phrase-index=\"8\" data-number-of-phrases=\"9\"><span class=\"Q4iAWc\"><br \/>\n<\/span><\/span><\/span><\/p>\n<p><em>p\u0161enica (13,3%), lucerna (4,0%), slatka sirutka u prahu (2,5%), kukuruz (74%), biljna ulja (2,5 kg), kalcijev karbonat (1,2%), paprena metvica (1,0%).<br \/>\n<\/em><\/p>\n","protected":false},"excerpt":{"rendered":"<div class=\"woocommerce-product-details__short-description\">\n<p><strong><span class=\"VIiyi\" lang=\"sl\"><span class=\"JLqJ4b ChMk0b\" data-language-for-alternatives=\"sl\" data-language-to-translate-into=\"en\" data-phrase-index=\"0\" data-number-of-phrases=\"7\"><span class=\"Q4iAWc\">Dobri prijatelji zaslu\u017euju nagradu<\/span><\/span>.<\/span><\/strong><\/p>\n<ul>\n<li><span class=\"VIiyi\" lang=\"sl\"><span class=\"JLqJ4b ChMk0b\" data-language-for-alternatives=\"sl\" data-language-to-translate-into=\"en\" data-phrase-index=\"2\" data-number-of-phrases=\"7\"><span class=\"Q4iAWc\">s okusom svje\u017ee metvice<\/span><\/span><\/span><\/li>\n<li><span class=\"VIiyi\" lang=\"sl\"><span class=\"JLqJ4b ChMk0b\" data-language-for-alternatives=\"sl\" data-language-to-translate-into=\"en\" data-phrase-index=\"4\" data-number-of-phrases=\"7\"><span class=\"Q4iAWc\">proizvedeno od zdravih \u017eitarica s puno vlakana, vitamina i minerala<\/span><\/span> <\/span><\/li>\n<li><span class=\"VIiyi\" lang=\"sl\"><span class=\"JLqJ4b ChMk0b\" data-language-for-alternatives=\"sl\" data-language-to-translate-into=\"en\" data-phrase-index=\"6\" data-number-of-phrases=\"7\"><span class=\"Q4iAWc\">Effol keksi su najljep\u0161i na\u010din da nagradite svog konja<\/span><\/span><\/span><\/li>\n<\/ul>\n<p><strong>Koli\u010dina: 0,5 kg<\/strong><\/p>\n<\/div>\n","protected":false},"featured_media":106347,"template":"","meta":{"footnotes":""},"product_brand":[],"product_cat":[5782,5710,5712],"product_tag":[],"class_list":{"0":"post-104089","1":"product","2":"type-product","3":"status-publish","4":"has-post-thumbnail","6":"product_cat-kolacici-i-kamenje-soli","7":"product_cat-hrana-za-konje-hr","8":"product_cat-prehrambeni-dodaci","10":"first","11":"instock","12":"sale","13":"shipping-taxable","14":"purchasable","15":"product-type-simple"},"yoast_head":"<!-- This site is optimized with the Yoast SEO plugin v27.4 - https:\/\/yoast.com\/product\/yoast-seo-wordpress\/ -->\n<title>Effol Mint Stars poslastice za konje - Clair<\/title>\n<meta name=\"description\" content=\"Effol Mint Stars poslastice za konje, koje nisu samo ukusne, ve\u0107 sadr\u017ee puno vlakana, vitamina i minerala.\" \/>\n<meta name=\"robots\" content=\"index, follow, max-snippet:-1, max-image-preview:large, max-video-preview:-1\" \/>\n<link rel=\"canonical\" href=\"https:\/\/clair.si\/hr\/izdelek\/effol-mint-stars-poslastice-za-konje\/\" \/>\n<meta property=\"og:locale\" content=\"hr_HR\" \/>\n<meta property=\"og:type\" content=\"article\" \/>\n<meta property=\"og:title\" content=\"Effol Mint Stars poslastice za konje - Clair\" \/>\n<meta property=\"og:description\" content=\"Effol Mint Stars poslastice za konje, koje nisu samo ukusne, ve\u0107 sadr\u017ee puno vlakana, vitamina i minerala.\" \/>\n<meta property=\"og:url\" content=\"https:\/\/clair.si\/hr\/izdelek\/effol-mint-stars-poslastice-za-konje\/\" \/>\n<meta property=\"og:site_name\" content=\"Clair\" \/>\n<meta property=\"article:publisher\" content=\"https:\/\/www.facebook.com\/TrgovinaClair\/\" \/>\n<meta property=\"article:modified_time\" content=\"2025-08-27T13:03:37+00:00\" \/>\n<meta property=\"og:image\" content=\"https:\/\/clair.si\/wp-content\/uploads\/2022\/06\/effol-Mint-Stars-priboljski-za-konje.jpg\" \/>\n\t<meta property=\"og:image:width\" content=\"800\" \/>\n\t<meta property=\"og:image:height\" content=\"800\" \/>\n\t<meta property=\"og:image:type\" content=\"image\/jpeg\" \/>\n<meta name=\"twitter:card\" content=\"summary_large_image\" \/>\n<script type=\"application\/ld+json\" class=\"yoast-schema-graph\">{\"@context\":\"https:\\\/\\\/schema.org\",\"@graph\":[{\"@type\":\"WebPage\",\"@id\":\"https:\\\/\\\/clair.si\\\/hr\\\/izdelek\\\/effol-mint-stars-poslastice-za-konje\\\/\",\"url\":\"https:\\\/\\\/clair.si\\\/hr\\\/izdelek\\\/effol-mint-stars-poslastice-za-konje\\\/\",\"name\":\"Effol Mint Stars poslastice za konje - Clair\",\"isPartOf\":{\"@id\":\"https:\\\/\\\/clair.si\\\/#website\"},\"primaryImageOfPage\":{\"@id\":\"https:\\\/\\\/clair.si\\\/hr\\\/izdelek\\\/effol-mint-stars-poslastice-za-konje\\\/#primaryimage\"},\"image\":{\"@id\":\"https:\\\/\\\/clair.si\\\/hr\\\/izdelek\\\/effol-mint-stars-poslastice-za-konje\\\/#primaryimage\"},\"thumbnailUrl\":\"https:\\\/\\\/clair.si\\\/wp-content\\\/uploads\\\/2022\\\/06\\\/effol-Mint-Stars-priboljski-za-konje.webp\",\"datePublished\":\"2022-06-02T13:46:18+00:00\",\"dateModified\":\"2025-08-27T13:03:37+00:00\",\"description\":\"Effol Mint Stars poslastice za konje, koje nisu samo ukusne, ve\u0107 sadr\u017ee puno vlakana, vitamina i minerala.\",\"breadcrumb\":{\"@id\":\"https:\\\/\\\/clair.si\\\/hr\\\/izdelek\\\/effol-mint-stars-poslastice-za-konje\\\/#breadcrumb\"},\"inLanguage\":\"hr\",\"potentialAction\":[{\"@type\":\"ReadAction\",\"target\":[\"https:\\\/\\\/clair.si\\\/hr\\\/izdelek\\\/effol-mint-stars-poslastice-za-konje\\\/\"]}]},{\"@type\":\"ImageObject\",\"inLanguage\":\"hr\",\"@id\":\"https:\\\/\\\/clair.si\\\/hr\\\/izdelek\\\/effol-mint-stars-poslastice-za-konje\\\/#primaryimage\",\"url\":\"https:\\\/\\\/clair.si\\\/wp-content\\\/uploads\\\/2022\\\/06\\\/effol-Mint-Stars-priboljski-za-konje.webp\",\"contentUrl\":\"https:\\\/\\\/clair.si\\\/wp-content\\\/uploads\\\/2022\\\/06\\\/effol-Mint-Stars-priboljski-za-konje.webp\",\"width\":800,\"height\":800,\"caption\":\"Effol Mint Stars pribolj\u0161ki za konje.\"},{\"@type\":\"BreadcrumbList\",\"@id\":\"https:\\\/\\\/clair.si\\\/hr\\\/izdelek\\\/effol-mint-stars-poslastice-za-konje\\\/#breadcrumb\",\"itemListElement\":[{\"@type\":\"ListItem\",\"position\":1,\"name\":\"Home\",\"item\":\"https:\\\/\\\/clair.si\\\/hr\\\/\"},{\"@type\":\"ListItem\",\"position\":2,\"name\":\"Trgovina\",\"item\":\"https:\\\/\\\/clair.si\\\/trgovina\\\/\"},{\"@type\":\"ListItem\",\"position\":3,\"name\":\"Effol Mint Stars poslastice za konje\"}]},{\"@type\":\"WebSite\",\"@id\":\"https:\\\/\\\/clair.si\\\/#website\",\"url\":\"https:\\\/\\\/clair.si\\\/\",\"name\":\"Clair\",\"description\":\"Trgovina s konjeni\u0161ko opremo\",\"publisher\":{\"@id\":\"https:\\\/\\\/clair.si\\\/#organization\"},\"potentialAction\":[{\"@type\":\"SearchAction\",\"target\":{\"@type\":\"EntryPoint\",\"urlTemplate\":\"https:\\\/\\\/clair.si\\\/?s={search_term_string}\"},\"query-input\":{\"@type\":\"PropertyValueSpecification\",\"valueRequired\":true,\"valueName\":\"search_term_string\"}}],\"inLanguage\":\"hr\"},{\"@type\":\"Organization\",\"@id\":\"https:\\\/\\\/clair.si\\\/#organization\",\"name\":\"Clair\",\"url\":\"https:\\\/\\\/clair.si\\\/\",\"logo\":{\"@type\":\"ImageObject\",\"inLanguage\":\"hr\",\"@id\":\"https:\\\/\\\/clair.si\\\/#\\\/schema\\\/logo\\\/image\\\/\",\"url\":\"https:\\\/\\\/clair.si\\\/wp-content\\\/uploads\\\/2022\\\/11\\\/clair_logo_2022.jpg\",\"contentUrl\":\"https:\\\/\\\/clair.si\\\/wp-content\\\/uploads\\\/2022\\\/11\\\/clair_logo_2022.jpg\",\"width\":1920,\"height\":1920,\"caption\":\"Clair\"},\"image\":{\"@id\":\"https:\\\/\\\/clair.si\\\/#\\\/schema\\\/logo\\\/image\\\/\"},\"sameAs\":[\"https:\\\/\\\/www.facebook.com\\\/TrgovinaClair\\\/\"]}]}<\/script>\n<!-- \/ Yoast SEO plugin. -->","yoast_head_json":{"title":"Effol Mint Stars poslastice za konje - Clair","description":"Effol Mint Stars poslastice za konje, koje nisu samo ukusne, ve\u0107 sadr\u017ee puno vlakana, vitamina i minerala.","robots":{"index":"index","follow":"follow","max-snippet":"max-snippet:-1","max-image-preview":"max-image-preview:large","max-video-preview":"max-video-preview:-1"},"canonical":"https:\/\/clair.si\/hr\/izdelek\/effol-mint-stars-poslastice-za-konje\/","og_locale":"hr_HR","og_type":"article","og_title":"Effol Mint Stars poslastice za konje - Clair","og_description":"Effol Mint Stars poslastice za konje, koje nisu samo ukusne, ve\u0107 sadr\u017ee puno vlakana, vitamina i minerala.","og_url":"https:\/\/clair.si\/hr\/izdelek\/effol-mint-stars-poslastice-za-konje\/","og_site_name":"Clair","article_publisher":"https:\/\/www.facebook.com\/TrgovinaClair\/","article_modified_time":"2025-08-27T13:03:37+00:00","og_image":[{"width":800,"height":800,"url":"https:\/\/clair.si\/wp-content\/uploads\/2022\/06\/effol-Mint-Stars-priboljski-za-konje.jpg","type":"image\/jpeg"}],"twitter_card":"summary_large_image","schema":{"@context":"https:\/\/schema.org","@graph":[{"@type":"WebPage","@id":"https:\/\/clair.si\/hr\/izdelek\/effol-mint-stars-poslastice-za-konje\/","url":"https:\/\/clair.si\/hr\/izdelek\/effol-mint-stars-poslastice-za-konje\/","name":"Effol Mint Stars poslastice za konje - Clair","isPartOf":{"@id":"https:\/\/clair.si\/#website"},"primaryImageOfPage":{"@id":"https:\/\/clair.si\/hr\/izdelek\/effol-mint-stars-poslastice-za-konje\/#primaryimage"},"image":{"@id":"https:\/\/clair.si\/hr\/izdelek\/effol-mint-stars-poslastice-za-konje\/#primaryimage"},"thumbnailUrl":"https:\/\/clair.si\/wp-content\/uploads\/2022\/06\/effol-Mint-Stars-priboljski-za-konje.webp","datePublished":"2022-06-02T13:46:18+00:00","dateModified":"2025-08-27T13:03:37+00:00","description":"Effol Mint Stars poslastice za konje, koje nisu samo ukusne, ve\u0107 sadr\u017ee puno vlakana, vitamina i minerala.","breadcrumb":{"@id":"https:\/\/clair.si\/hr\/izdelek\/effol-mint-stars-poslastice-za-konje\/#breadcrumb"},"inLanguage":"hr","potentialAction":[{"@type":"ReadAction","target":["https:\/\/clair.si\/hr\/izdelek\/effol-mint-stars-poslastice-za-konje\/"]}]},{"@type":"ImageObject","inLanguage":"hr","@id":"https:\/\/clair.si\/hr\/izdelek\/effol-mint-stars-poslastice-za-konje\/#primaryimage","url":"https:\/\/clair.si\/wp-content\/uploads\/2022\/06\/effol-Mint-Stars-priboljski-za-konje.webp","contentUrl":"https:\/\/clair.si\/wp-content\/uploads\/2022\/06\/effol-Mint-Stars-priboljski-za-konje.webp","width":800,"height":800,"caption":"Effol Mint Stars pribolj\u0161ki za konje."},{"@type":"BreadcrumbList","@id":"https:\/\/clair.si\/hr\/izdelek\/effol-mint-stars-poslastice-za-konje\/#breadcrumb","itemListElement":[{"@type":"ListItem","position":1,"name":"Home","item":"https:\/\/clair.si\/hr\/"},{"@type":"ListItem","position":2,"name":"Trgovina","item":"https:\/\/clair.si\/trgovina\/"},{"@type":"ListItem","position":3,"name":"Effol Mint Stars poslastice za konje"}]},{"@type":"WebSite","@id":"https:\/\/clair.si\/#website","url":"https:\/\/clair.si\/","name":"Clair","description":"Trgovina s konjeni\u0161ko opremo","publisher":{"@id":"https:\/\/clair.si\/#organization"},"potentialAction":[{"@type":"SearchAction","target":{"@type":"EntryPoint","urlTemplate":"https:\/\/clair.si\/?s={search_term_string}"},"query-input":{"@type":"PropertyValueSpecification","valueRequired":true,"valueName":"search_term_string"}}],"inLanguage":"hr"},{"@type":"Organization","@id":"https:\/\/clair.si\/#organization","name":"Clair","url":"https:\/\/clair.si\/","logo":{"@type":"ImageObject","inLanguage":"hr","@id":"https:\/\/clair.si\/#\/schema\/logo\/image\/","url":"https:\/\/clair.si\/wp-content\/uploads\/2022\/11\/clair_logo_2022.jpg","contentUrl":"https:\/\/clair.si\/wp-content\/uploads\/2022\/11\/clair_logo_2022.jpg","width":1920,"height":1920,"caption":"Clair"},"image":{"@id":"https:\/\/clair.si\/#\/schema\/logo\/image\/"},"sameAs":["https:\/\/www.facebook.com\/TrgovinaClair\/"]}]}},"_links":{"self":[{"href":"https:\/\/clair.si\/hr\/wp-json\/wp\/v2\/product\/104089","targetHints":{"allow":["GET"]}}],"collection":[{"href":"https:\/\/clair.si\/hr\/wp-json\/wp\/v2\/product"}],"about":[{"href":"https:\/\/clair.si\/hr\/wp-json\/wp\/v2\/types\/product"}],"version-history":[{"count":0,"href":"https:\/\/clair.si\/hr\/wp-json\/wp\/v2\/product\/104089\/revisions"}],"wp:featuredmedia":[{"embeddable":true,"href":"https:\/\/clair.si\/hr\/wp-json\/wp\/v2\/media\/106347"}],"wp:attachment":[{"href":"https:\/\/clair.si\/hr\/wp-json\/wp\/v2\/media?parent=104089"}],"wp:term":[{"taxonomy":"product_brand","embeddable":true,"href":"https:\/\/clair.si\/hr\/wp-json\/wp\/v2\/product_brand?post=104089"},{"taxonomy":"product_cat","embeddable":true,"href":"https:\/\/clair.si\/hr\/wp-json\/wp\/v2\/product_cat?post=104089"},{"taxonomy":"product_tag","embeddable":true,"href":"https:\/\/clair.si\/hr\/wp-json\/wp\/v2\/product_tag?post=104089"}],"curies":[{"name":"wp","href":"https:\/\/api.w.org\/{rel}","templated":true}]}}