{"id":104100,"date":"2022-06-03T12:24:58","date_gmt":"2022-06-03T10:24:58","guid":{"rendered":"https:\/\/clair.si\/izdelek\/effol-white-star-sampon-za-bijele-konje\/"},"modified":"2026-02-13T00:09:11","modified_gmt":"2026-02-12T23:09:11","slug":"effol-white-star-sampon-za-bijele-konje","status":"publish","type":"product","link":"https:\/\/clair.si\/hr\/izdelek\/effol-white-star-sampon-za-bijele-konje\/","title":{"rendered":"Effol White Star \u0161ampon za bijele konje"},"content":{"rendered":"<p><span class=\"VIiyi\" lang=\"sl\"><span class=\"JLqJ4b ChMk0b\" data-language-for-alternatives=\"sl\" data-language-to-translate-into=\"en\" data-phrase-index=\"0\" data-number-of-phrases=\"8\"><span class=\"Q4iAWc\"><strong>Effol White Star \u0161ampon za bijele konje<\/strong> je \u0161ampon jednostavan za kori\u0161tenje s raspr\u0161iva\u010dem, posebno dizajniran za sive i druge svijetle boje konja.<\/span><\/span><\/span><\/p>\n<p><span class=\"VIiyi\" lang=\"sl\"><span class=\"JLqJ4b ChMk0b\" data-language-for-alternatives=\"sl\" data-language-to-translate-into=\"en\" data-phrase-index=\"0\" data-number-of-phrases=\"8\"><span class=\"Q4iAWc\"> Visokokvalitetna formula uklanja i tvrdokornu prljav\u0161tinu, a posebni dodaci neutraliziraju \u017eute mrlje.<\/span><\/span> <span class=\"JLqJ4b ChMk0b\" data-language-for-alternatives=\"sl\" data-language-to-translate-into=\"en\" data-phrase-index=\"2\" data-number-of-phrases=\"8\"><span class=\"Q4iAWc\">Ekstrakti cvjetova kamilice ja\u010daju za\u0161titnu funkciju ko\u017ee, a pantenol \u010dini ko\u017eu i dlaku sjajnom i glatkom.<\/span><\/span> <\/span><\/p>\n<p><span class=\"VIiyi\" lang=\"sl\"><span class=\"JLqJ4b ChMk0b\" data-language-for-alternatives=\"sl\" data-language-to-translate-into=\"en\" data-phrase-index=\"4\" data-number-of-phrases=\"8\"><span class=\"Q4iAWc\"><strong>Upotreba<\/strong>: Jednostavno raspr\u0161ite na vla\u017enu dlaku, utrljajte, isperite \u010distom vodom i na kraju uklonite vi\u0161ak vode sa strgalom za znoj.<\/span><\/span> Va\u0161 sivac je ponovno biserno bijel! <\/span><\/p>\n<p><span class=\"VIiyi\" lang=\"sl\"><span class=\"JLqJ4b ChMk0b\" data-language-for-alternatives=\"sl\" data-language-to-translate-into=\"en\" data-phrase-index=\"7\" data-number-of-phrases=\"8\"><span class=\"Q4iAWc\"><strong>Sastav:<\/strong> <em>pantenol, ekstrakt kamilice, blage povr\u0161inski aktivne tvari.<\/em><\/span><\/span><\/span><\/p>\n","protected":false},"excerpt":{"rendered":"<p><span class=\"VIiyi\" lang=\"sl\"><strong><span class=\"JLqJ4b ChMk0b\" data-language-for-alternatives=\"sl\" data-language-to-translate-into=\"en\" data-phrase-index=\"0\" data-number-of-phrases=\"9\"><span class=\"Q4iAWc\">Izra\u0111en posebno za bijele konje<\/span><\/span>!<\/strong> <\/span><\/p>\n<ul>\n<li><span class=\"VIiyi\" lang=\"sl\"><span class=\"JLqJ4b ChMk0b\" data-language-for-alternatives=\"sl\" data-language-to-translate-into=\"en\" data-phrase-index=\"2\" data-number-of-phrases=\"9\"><span class=\"Q4iAWc\">za blistavo \u010distu i bijelu dlaku<\/span><\/span><\/span><\/li>\n<li><span class=\"VIiyi\" lang=\"sl\"><span class=\"JLqJ4b ChMk0b\" data-language-for-alternatives=\"sl\" data-language-to-translate-into=\"en\" data-phrase-index=\"6\" data-number-of-phrases=\"9\"><span class=\"Q4iAWc\">ja\u010da za\u0161titnu funkciju ko\u017ee<\/span><\/span> <\/span><\/li>\n<li><span class=\"VIiyi\" lang=\"sl\"><span class=\"JLqJ4b ChMk0b\" data-language-for-alternatives=\"sl\" data-language-to-translate-into=\"en\" data-phrase-index=\"8\" data-number-of-phrases=\"9\"><span class=\"Q4iAWc\">uklanja tvrdokornu prljav\u0161tinu i neutralizira \u017eute mrlje<\/span><\/span><\/span><\/li>\n<\/ul>\n<p><strong>Koli\u010dina: 500 ml<\/strong><\/p>\n","protected":false},"featured_media":104103,"template":"","meta":{"footnotes":""},"product_brand":[],"product_cat":[5624,5675,5677,5625,5714,5627,5852],"product_tag":[],"class_list":{"0":"post-104100","1":"product","2":"type-product","3":"status-publish","4":"has-post-thumbnail","6":"product_cat-konj-hr","7":"product_cat-kozmetika-za-konje-hr","8":"product_cat-kozmetika-za-konje-hr-2","9":"product_cat-njega-konja","10":"product_cat-samponi-i-sapuni","11":"product_cat-stala-i-pasnjak","12":"product_cat-uklanjanje-mrlja","14":"first","15":"instock","16":"shipping-taxable","17":"purchasable","18":"product-type-simple"},"yoast_head":"<!-- This site is optimized with the Yoast SEO plugin v27.3 - https:\/\/yoast.com\/product\/yoast-seo-wordpress\/ -->\n<title>Effol White Star \u0161ampon za bijele konje - Clair<\/title>\n<meta name=\"description\" content=\"Izra\u0111en posebno za bijele konje!   za blistavo \u010distu i bijelu dlaku  ja\u010da za\u0161titnu funkciju ko\u017ee  uklanja tvrdokornu prljav\u0161tinu i neutralizira \u017eute mrlje Koli\u010dina: 500 ml\" \/>\n<meta name=\"robots\" content=\"index, follow, max-snippet:-1, max-image-preview:large, max-video-preview:-1\" \/>\n<link rel=\"canonical\" href=\"https:\/\/clair.si\/hr\/izdelek\/effol-white-star-sampon-za-bijele-konje\/\" \/>\n<meta property=\"og:locale\" content=\"hr_HR\" \/>\n<meta property=\"og:type\" content=\"article\" \/>\n<meta property=\"og:title\" content=\"Effol White Star \u0161ampon za bijele konje - Clair\" \/>\n<meta property=\"og:description\" content=\"Izra\u0111en posebno za bijele konje!   za blistavo \u010distu i bijelu dlaku  ja\u010da za\u0161titnu funkciju ko\u017ee  uklanja tvrdokornu prljav\u0161tinu i neutralizira \u017eute mrlje Koli\u010dina: 500 ml\" \/>\n<meta property=\"og:url\" content=\"https:\/\/clair.si\/hr\/izdelek\/effol-white-star-sampon-za-bijele-konje\/\" \/>\n<meta property=\"og:site_name\" content=\"Clair\" \/>\n<meta property=\"article:publisher\" content=\"https:\/\/www.facebook.com\/TrgovinaClair\/\" \/>\n<meta property=\"article:modified_time\" content=\"2026-02-12T23:09:11+00:00\" \/>\n<meta property=\"og:image\" content=\"https:\/\/clair.si\/wp-content\/uploads\/2022\/06\/effol-white-star-sampon-za-bele-konje.jpg\" \/>\n\t<meta property=\"og:image:width\" content=\"452\" \/>\n\t<meta property=\"og:image:height\" content=\"452\" \/>\n\t<meta property=\"og:image:type\" content=\"image\/jpeg\" \/>\n<meta name=\"twitter:card\" content=\"summary_large_image\" \/>\n<script type=\"application\/ld+json\" class=\"yoast-schema-graph\">{\"@context\":\"https:\\\/\\\/schema.org\",\"@graph\":[{\"@type\":\"WebPage\",\"@id\":\"https:\\\/\\\/clair.si\\\/hr\\\/izdelek\\\/effol-white-star-sampon-za-bijele-konje\\\/\",\"url\":\"https:\\\/\\\/clair.si\\\/hr\\\/izdelek\\\/effol-white-star-sampon-za-bijele-konje\\\/\",\"name\":\"Effol White Star \u0161ampon za bijele konje - Clair\",\"isPartOf\":{\"@id\":\"https:\\\/\\\/clair.si\\\/#website\"},\"primaryImageOfPage\":{\"@id\":\"https:\\\/\\\/clair.si\\\/hr\\\/izdelek\\\/effol-white-star-sampon-za-bijele-konje\\\/#primaryimage\"},\"image\":{\"@id\":\"https:\\\/\\\/clair.si\\\/hr\\\/izdelek\\\/effol-white-star-sampon-za-bijele-konje\\\/#primaryimage\"},\"thumbnailUrl\":\"https:\\\/\\\/clair.si\\\/wp-content\\\/uploads\\\/2022\\\/06\\\/effol-white-star-sampon-za-bele-konje.webp\",\"datePublished\":\"2022-06-03T10:24:58+00:00\",\"dateModified\":\"2026-02-12T23:09:11+00:00\",\"description\":\"Izra\u0111en posebno za bijele konje! za blistavo \u010distu i bijelu dlaku ja\u010da za\u0161titnu funkciju ko\u017ee uklanja tvrdokornu prljav\u0161tinu i neutralizira \u017eute mrlje Koli\u010dina: 500 ml\",\"breadcrumb\":{\"@id\":\"https:\\\/\\\/clair.si\\\/hr\\\/izdelek\\\/effol-white-star-sampon-za-bijele-konje\\\/#breadcrumb\"},\"inLanguage\":\"hr\",\"potentialAction\":[{\"@type\":\"ReadAction\",\"target\":[\"https:\\\/\\\/clair.si\\\/hr\\\/izdelek\\\/effol-white-star-sampon-za-bijele-konje\\\/\"]}]},{\"@type\":\"ImageObject\",\"inLanguage\":\"hr\",\"@id\":\"https:\\\/\\\/clair.si\\\/hr\\\/izdelek\\\/effol-white-star-sampon-za-bijele-konje\\\/#primaryimage\",\"url\":\"https:\\\/\\\/clair.si\\\/wp-content\\\/uploads\\\/2022\\\/06\\\/effol-white-star-sampon-za-bele-konje.webp\",\"contentUrl\":\"https:\\\/\\\/clair.si\\\/wp-content\\\/uploads\\\/2022\\\/06\\\/effol-white-star-sampon-za-bele-konje.webp\",\"width\":452,\"height\":452,\"caption\":\"Effol White Star \u0161ampon za bele konje.\"},{\"@type\":\"BreadcrumbList\",\"@id\":\"https:\\\/\\\/clair.si\\\/hr\\\/izdelek\\\/effol-white-star-sampon-za-bijele-konje\\\/#breadcrumb\",\"itemListElement\":[{\"@type\":\"ListItem\",\"position\":1,\"name\":\"Home\",\"item\":\"https:\\\/\\\/clair.si\\\/hr\\\/\"},{\"@type\":\"ListItem\",\"position\":2,\"name\":\"Trgovina\",\"item\":\"https:\\\/\\\/clair.si\\\/trgovina\\\/\"},{\"@type\":\"ListItem\",\"position\":3,\"name\":\"Effol White Star \u0161ampon za bijele konje\"}]},{\"@type\":\"WebSite\",\"@id\":\"https:\\\/\\\/clair.si\\\/#website\",\"url\":\"https:\\\/\\\/clair.si\\\/\",\"name\":\"Clair\",\"description\":\"Trgovina s konjeni\u0161ko opremo\",\"publisher\":{\"@id\":\"https:\\\/\\\/clair.si\\\/#organization\"},\"potentialAction\":[{\"@type\":\"SearchAction\",\"target\":{\"@type\":\"EntryPoint\",\"urlTemplate\":\"https:\\\/\\\/clair.si\\\/?s={search_term_string}\"},\"query-input\":{\"@type\":\"PropertyValueSpecification\",\"valueRequired\":true,\"valueName\":\"search_term_string\"}}],\"inLanguage\":\"hr\"},{\"@type\":\"Organization\",\"@id\":\"https:\\\/\\\/clair.si\\\/#organization\",\"name\":\"Clair\",\"url\":\"https:\\\/\\\/clair.si\\\/\",\"logo\":{\"@type\":\"ImageObject\",\"inLanguage\":\"hr\",\"@id\":\"https:\\\/\\\/clair.si\\\/#\\\/schema\\\/logo\\\/image\\\/\",\"url\":\"https:\\\/\\\/clair.si\\\/wp-content\\\/uploads\\\/2022\\\/11\\\/clair_logo_2022.jpg\",\"contentUrl\":\"https:\\\/\\\/clair.si\\\/wp-content\\\/uploads\\\/2022\\\/11\\\/clair_logo_2022.jpg\",\"width\":1920,\"height\":1920,\"caption\":\"Clair\"},\"image\":{\"@id\":\"https:\\\/\\\/clair.si\\\/#\\\/schema\\\/logo\\\/image\\\/\"},\"sameAs\":[\"https:\\\/\\\/www.facebook.com\\\/TrgovinaClair\\\/\"]}]}<\/script>\n<!-- \/ Yoast SEO plugin. -->","yoast_head_json":{"title":"Effol White Star \u0161ampon za bijele konje - Clair","description":"Izra\u0111en posebno za bijele konje!   za blistavo \u010distu i bijelu dlaku  ja\u010da za\u0161titnu funkciju ko\u017ee  uklanja tvrdokornu prljav\u0161tinu i neutralizira \u017eute mrlje Koli\u010dina: 500 ml","robots":{"index":"index","follow":"follow","max-snippet":"max-snippet:-1","max-image-preview":"max-image-preview:large","max-video-preview":"max-video-preview:-1"},"canonical":"https:\/\/clair.si\/hr\/izdelek\/effol-white-star-sampon-za-bijele-konje\/","og_locale":"hr_HR","og_type":"article","og_title":"Effol White Star \u0161ampon za bijele konje - Clair","og_description":"Izra\u0111en posebno za bijele konje!   za blistavo \u010distu i bijelu dlaku  ja\u010da za\u0161titnu funkciju ko\u017ee  uklanja tvrdokornu prljav\u0161tinu i neutralizira \u017eute mrlje Koli\u010dina: 500 ml","og_url":"https:\/\/clair.si\/hr\/izdelek\/effol-white-star-sampon-za-bijele-konje\/","og_site_name":"Clair","article_publisher":"https:\/\/www.facebook.com\/TrgovinaClair\/","article_modified_time":"2026-02-12T23:09:11+00:00","og_image":[{"width":452,"height":452,"url":"https:\/\/clair.si\/wp-content\/uploads\/2022\/06\/effol-white-star-sampon-za-bele-konje.jpg","type":"image\/jpeg"}],"twitter_card":"summary_large_image","schema":{"@context":"https:\/\/schema.org","@graph":[{"@type":"WebPage","@id":"https:\/\/clair.si\/hr\/izdelek\/effol-white-star-sampon-za-bijele-konje\/","url":"https:\/\/clair.si\/hr\/izdelek\/effol-white-star-sampon-za-bijele-konje\/","name":"Effol White Star \u0161ampon za bijele konje - Clair","isPartOf":{"@id":"https:\/\/clair.si\/#website"},"primaryImageOfPage":{"@id":"https:\/\/clair.si\/hr\/izdelek\/effol-white-star-sampon-za-bijele-konje\/#primaryimage"},"image":{"@id":"https:\/\/clair.si\/hr\/izdelek\/effol-white-star-sampon-za-bijele-konje\/#primaryimage"},"thumbnailUrl":"https:\/\/clair.si\/wp-content\/uploads\/2022\/06\/effol-white-star-sampon-za-bele-konje.webp","datePublished":"2022-06-03T10:24:58+00:00","dateModified":"2026-02-12T23:09:11+00:00","description":"Izra\u0111en posebno za bijele konje! za blistavo \u010distu i bijelu dlaku ja\u010da za\u0161titnu funkciju ko\u017ee uklanja tvrdokornu prljav\u0161tinu i neutralizira \u017eute mrlje Koli\u010dina: 500 ml","breadcrumb":{"@id":"https:\/\/clair.si\/hr\/izdelek\/effol-white-star-sampon-za-bijele-konje\/#breadcrumb"},"inLanguage":"hr","potentialAction":[{"@type":"ReadAction","target":["https:\/\/clair.si\/hr\/izdelek\/effol-white-star-sampon-za-bijele-konje\/"]}]},{"@type":"ImageObject","inLanguage":"hr","@id":"https:\/\/clair.si\/hr\/izdelek\/effol-white-star-sampon-za-bijele-konje\/#primaryimage","url":"https:\/\/clair.si\/wp-content\/uploads\/2022\/06\/effol-white-star-sampon-za-bele-konje.webp","contentUrl":"https:\/\/clair.si\/wp-content\/uploads\/2022\/06\/effol-white-star-sampon-za-bele-konje.webp","width":452,"height":452,"caption":"Effol White Star \u0161ampon za bele konje."},{"@type":"BreadcrumbList","@id":"https:\/\/clair.si\/hr\/izdelek\/effol-white-star-sampon-za-bijele-konje\/#breadcrumb","itemListElement":[{"@type":"ListItem","position":1,"name":"Home","item":"https:\/\/clair.si\/hr\/"},{"@type":"ListItem","position":2,"name":"Trgovina","item":"https:\/\/clair.si\/trgovina\/"},{"@type":"ListItem","position":3,"name":"Effol White Star \u0161ampon za bijele konje"}]},{"@type":"WebSite","@id":"https:\/\/clair.si\/#website","url":"https:\/\/clair.si\/","name":"Clair","description":"Trgovina s konjeni\u0161ko opremo","publisher":{"@id":"https:\/\/clair.si\/#organization"},"potentialAction":[{"@type":"SearchAction","target":{"@type":"EntryPoint","urlTemplate":"https:\/\/clair.si\/?s={search_term_string}"},"query-input":{"@type":"PropertyValueSpecification","valueRequired":true,"valueName":"search_term_string"}}],"inLanguage":"hr"},{"@type":"Organization","@id":"https:\/\/clair.si\/#organization","name":"Clair","url":"https:\/\/clair.si\/","logo":{"@type":"ImageObject","inLanguage":"hr","@id":"https:\/\/clair.si\/#\/schema\/logo\/image\/","url":"https:\/\/clair.si\/wp-content\/uploads\/2022\/11\/clair_logo_2022.jpg","contentUrl":"https:\/\/clair.si\/wp-content\/uploads\/2022\/11\/clair_logo_2022.jpg","width":1920,"height":1920,"caption":"Clair"},"image":{"@id":"https:\/\/clair.si\/#\/schema\/logo\/image\/"},"sameAs":["https:\/\/www.facebook.com\/TrgovinaClair\/"]}]}},"_links":{"self":[{"href":"https:\/\/clair.si\/hr\/wp-json\/wp\/v2\/product\/104100","targetHints":{"allow":["GET"]}}],"collection":[{"href":"https:\/\/clair.si\/hr\/wp-json\/wp\/v2\/product"}],"about":[{"href":"https:\/\/clair.si\/hr\/wp-json\/wp\/v2\/types\/product"}],"version-history":[{"count":0,"href":"https:\/\/clair.si\/hr\/wp-json\/wp\/v2\/product\/104100\/revisions"}],"wp:featuredmedia":[{"embeddable":true,"href":"https:\/\/clair.si\/hr\/wp-json\/wp\/v2\/media\/104103"}],"wp:attachment":[{"href":"https:\/\/clair.si\/hr\/wp-json\/wp\/v2\/media?parent=104100"}],"wp:term":[{"taxonomy":"product_brand","embeddable":true,"href":"https:\/\/clair.si\/hr\/wp-json\/wp\/v2\/product_brand?post=104100"},{"taxonomy":"product_cat","embeddable":true,"href":"https:\/\/clair.si\/hr\/wp-json\/wp\/v2\/product_cat?post=104100"},{"taxonomy":"product_tag","embeddable":true,"href":"https:\/\/clair.si\/hr\/wp-json\/wp\/v2\/product_tag?post=104100"}],"curies":[{"name":"wp","href":"https:\/\/api.w.org\/{rel}","templated":true}]}}