{"id":104104,"date":"2022-06-06T12:19:04","date_gmt":"2022-06-06T10:19:04","guid":{"rendered":"https:\/\/clair.si\/izdelek\/effax-mast-za-kozu-bezbojna\/"},"modified":"2026-01-05T21:59:35","modified_gmt":"2026-01-05T20:59:35","slug":"effax-mast-za-kozu-bezbojna","status":"publish","type":"product","link":"https:\/\/clair.si\/hr\/izdelek\/effax-mast-za-kozu-bezbojna\/","title":{"rendered":"Effax mast za ko\u017eu &#8211; bezbojna"},"content":{"rendered":"<p><span class=\"VIiyi\" lang=\"sl\"><span class=\"JLqJ4b ChMk0b\" data-language-for-alternatives=\"sl\" data-language-to-translate-into=\"en\" data-phrase-index=\"2\" data-number-of-phrases=\"14\"><span class=\"Q4iAWc\"><strong>Bezbojnu Effax mast za ko\u017eu<\/strong> jednostavno nanesite na ko\u017eu nakon \u010di\u0161\u0107enja.<\/span><\/span> <span class=\"JLqJ4b ChMk0b\" data-language-for-alternatives=\"sl\" data-language-to-translate-into=\"en\" data-phrase-index=\"3\" data-number-of-phrases=\"14\"><span class=\"Q4iAWc\">Zbog prirodnih sirovina ima obnavljaju\u0107i u\u010dinak.<\/span><\/span> <\/span><\/p>\n<p><span class=\"VIiyi\" lang=\"sl\"><span class=\"JLqJ4b ChMk0b\" data-language-for-alternatives=\"sl\" data-language-to-translate-into=\"en\" data-phrase-index=\"13\" data-number-of-phrases=\"14\"><span class=\"Q4iAWc\"><strong>Sastav:<\/strong> <em>masti, voskovi, ulje.<\/em><\/span><\/span><\/span><\/p>\n","protected":false},"excerpt":{"rendered":"<p><span class=\"VIiyi\" lang=\"sl\"><span class=\"JLqJ4b ChMk0b\" data-language-for-alternatives=\"sl\" data-language-to-translate-into=\"en\" data-phrase-index=\"0\" data-number-of-phrases=\"14\"><span class=\"Q4iAWc\"><strong>Popularni klasi\u010dni proizvod za njegu ko\u017ee<\/strong><br \/>\n<\/span><\/span><\/span><\/p>\n<ul>\n<li><span class=\"VIiyi\" lang=\"sl\"><span class=\"JLqJ4b ChMk0b\" data-language-for-alternatives=\"sl\" data-language-to-translate-into=\"en\" data-phrase-index=\"5\" data-number-of-phrases=\"14\"><span class=\"Q4iAWc\">bez silikona<\/span><\/span> <\/span><\/li>\n<li><span class=\"VIiyi\" lang=\"sl\"><span class=\"JLqJ4b ChMk0b\" data-language-for-alternatives=\"sl\" data-language-to-translate-into=\"en\" data-phrase-index=\"7\" data-number-of-phrases=\"14\"><span class=\"Q4iAWc\">bez parabena<\/span><\/span>  <\/span><\/li>\n<li><span class=\"VIiyi\" lang=\"sl\"><span class=\"JLqJ4b ChMk0b\" data-language-for-alternatives=\"sl\" data-language-to-translate-into=\"en\" data-phrase-index=\"9\" data-number-of-phrases=\"14\"><span class=\"Q4iAWc\">bez mikroplastike<\/span><\/span> <\/span><\/li>\n<\/ul>\n<p><strong>Koli\u010dina: 500 ml<\/strong><\/p>\n","protected":false},"featured_media":104106,"template":"","meta":{"footnotes":""},"product_brand":[],"product_cat":[5867,5627],"product_tag":[],"class_list":{"0":"post-104104","1":"product","2":"type-product","3":"status-publish","4":"has-post-thumbnail","6":"product_cat-njega-koze","7":"product_cat-stala-i-pasnjak","9":"first","10":"instock","11":"shipping-taxable","12":"purchasable","13":"product-type-simple"},"yoast_head":"<!-- This site is optimized with the Yoast SEO plugin v27.4 - https:\/\/yoast.com\/product\/yoast-seo-wordpress\/ -->\n<title>Effax mast za ko\u017eu - bezbojna - Clair<\/title>\n<meta name=\"description\" content=\"Jednostavno nanesite bezbojnu Effax mast za ko\u017eu nakon \u010di\u0161\u0107enja na ko\u017eu. Zbog prirodnih sirovina ima obnavljaju\u0107i u\u010dinak.\" \/>\n<meta name=\"robots\" content=\"index, follow, max-snippet:-1, max-image-preview:large, max-video-preview:-1\" \/>\n<link rel=\"canonical\" href=\"https:\/\/clair.si\/hr\/izdelek\/effax-mast-za-kozu-bezbojna\/\" \/>\n<meta property=\"og:locale\" content=\"hr_HR\" \/>\n<meta property=\"og:type\" content=\"article\" \/>\n<meta property=\"og:title\" content=\"Effax mast za ko\u017eu - bezbojna - Clair\" \/>\n<meta property=\"og:description\" content=\"Jednostavno nanesite bezbojnu Effax mast za ko\u017eu nakon \u010di\u0161\u0107enja na ko\u017eu. Zbog prirodnih sirovina ima obnavljaju\u0107i u\u010dinak.\" \/>\n<meta property=\"og:url\" content=\"https:\/\/clair.si\/hr\/izdelek\/effax-mast-za-kozu-bezbojna\/\" \/>\n<meta property=\"og:site_name\" content=\"Clair\" \/>\n<meta property=\"article:publisher\" content=\"https:\/\/www.facebook.com\/TrgovinaClair\/\" \/>\n<meta property=\"article:modified_time\" content=\"2026-01-05T20:59:35+00:00\" \/>\n<meta property=\"og:image\" content=\"https:\/\/clair.si\/wp-content\/uploads\/2022\/06\/mast-za-usnje-Effax-za-nego.jpg\" \/>\n\t<meta property=\"og:image:width\" content=\"1000\" \/>\n\t<meta property=\"og:image:height\" content=\"1000\" \/>\n\t<meta property=\"og:image:type\" content=\"image\/jpeg\" \/>\n<meta name=\"twitter:card\" content=\"summary_large_image\" \/>\n<script type=\"application\/ld+json\" class=\"yoast-schema-graph\">{\"@context\":\"https:\\\/\\\/schema.org\",\"@graph\":[{\"@type\":\"WebPage\",\"@id\":\"https:\\\/\\\/clair.si\\\/hr\\\/izdelek\\\/effax-mast-za-kozu-bezbojna\\\/\",\"url\":\"https:\\\/\\\/clair.si\\\/hr\\\/izdelek\\\/effax-mast-za-kozu-bezbojna\\\/\",\"name\":\"Effax mast za ko\u017eu - bezbojna - Clair\",\"isPartOf\":{\"@id\":\"https:\\\/\\\/clair.si\\\/#website\"},\"primaryImageOfPage\":{\"@id\":\"https:\\\/\\\/clair.si\\\/hr\\\/izdelek\\\/effax-mast-za-kozu-bezbojna\\\/#primaryimage\"},\"image\":{\"@id\":\"https:\\\/\\\/clair.si\\\/hr\\\/izdelek\\\/effax-mast-za-kozu-bezbojna\\\/#primaryimage\"},\"thumbnailUrl\":\"https:\\\/\\\/clair.si\\\/wp-content\\\/uploads\\\/2022\\\/06\\\/mast-za-usnje-Effax-za-nego.webp\",\"datePublished\":\"2022-06-06T10:19:04+00:00\",\"dateModified\":\"2026-01-05T20:59:35+00:00\",\"description\":\"Jednostavno nanesite bezbojnu Effax mast za ko\u017eu nakon \u010di\u0161\u0107enja na ko\u017eu. Zbog prirodnih sirovina ima obnavljaju\u0107i u\u010dinak.\",\"breadcrumb\":{\"@id\":\"https:\\\/\\\/clair.si\\\/hr\\\/izdelek\\\/effax-mast-za-kozu-bezbojna\\\/#breadcrumb\"},\"inLanguage\":\"hr\",\"potentialAction\":[{\"@type\":\"ReadAction\",\"target\":[\"https:\\\/\\\/clair.si\\\/hr\\\/izdelek\\\/effax-mast-za-kozu-bezbojna\\\/\"]}]},{\"@type\":\"ImageObject\",\"inLanguage\":\"hr\",\"@id\":\"https:\\\/\\\/clair.si\\\/hr\\\/izdelek\\\/effax-mast-za-kozu-bezbojna\\\/#primaryimage\",\"url\":\"https:\\\/\\\/clair.si\\\/wp-content\\\/uploads\\\/2022\\\/06\\\/mast-za-usnje-Effax-za-nego.webp\",\"contentUrl\":\"https:\\\/\\\/clair.si\\\/wp-content\\\/uploads\\\/2022\\\/06\\\/mast-za-usnje-Effax-za-nego.webp\",\"width\":1000,\"height\":1000,\"caption\":\"Mast za nego usnja, effax.\"},{\"@type\":\"BreadcrumbList\",\"@id\":\"https:\\\/\\\/clair.si\\\/hr\\\/izdelek\\\/effax-mast-za-kozu-bezbojna\\\/#breadcrumb\",\"itemListElement\":[{\"@type\":\"ListItem\",\"position\":1,\"name\":\"Home\",\"item\":\"https:\\\/\\\/clair.si\\\/hr\\\/\"},{\"@type\":\"ListItem\",\"position\":2,\"name\":\"Trgovina\",\"item\":\"https:\\\/\\\/clair.si\\\/trgovina\\\/\"},{\"@type\":\"ListItem\",\"position\":3,\"name\":\"Effax mast za ko\u017eu &#8211; bezbojna\"}]},{\"@type\":\"WebSite\",\"@id\":\"https:\\\/\\\/clair.si\\\/#website\",\"url\":\"https:\\\/\\\/clair.si\\\/\",\"name\":\"Clair\",\"description\":\"Trgovina s konjeni\u0161ko opremo\",\"publisher\":{\"@id\":\"https:\\\/\\\/clair.si\\\/#organization\"},\"potentialAction\":[{\"@type\":\"SearchAction\",\"target\":{\"@type\":\"EntryPoint\",\"urlTemplate\":\"https:\\\/\\\/clair.si\\\/?s={search_term_string}\"},\"query-input\":{\"@type\":\"PropertyValueSpecification\",\"valueRequired\":true,\"valueName\":\"search_term_string\"}}],\"inLanguage\":\"hr\"},{\"@type\":\"Organization\",\"@id\":\"https:\\\/\\\/clair.si\\\/#organization\",\"name\":\"Clair\",\"url\":\"https:\\\/\\\/clair.si\\\/\",\"logo\":{\"@type\":\"ImageObject\",\"inLanguage\":\"hr\",\"@id\":\"https:\\\/\\\/clair.si\\\/#\\\/schema\\\/logo\\\/image\\\/\",\"url\":\"https:\\\/\\\/clair.si\\\/wp-content\\\/uploads\\\/2022\\\/11\\\/clair_logo_2022.jpg\",\"contentUrl\":\"https:\\\/\\\/clair.si\\\/wp-content\\\/uploads\\\/2022\\\/11\\\/clair_logo_2022.jpg\",\"width\":1920,\"height\":1920,\"caption\":\"Clair\"},\"image\":{\"@id\":\"https:\\\/\\\/clair.si\\\/#\\\/schema\\\/logo\\\/image\\\/\"},\"sameAs\":[\"https:\\\/\\\/www.facebook.com\\\/TrgovinaClair\\\/\"]}]}<\/script>\n<!-- \/ Yoast SEO plugin. -->","yoast_head_json":{"title":"Effax mast za ko\u017eu - bezbojna - Clair","description":"Jednostavno nanesite bezbojnu Effax mast za ko\u017eu nakon \u010di\u0161\u0107enja na ko\u017eu. Zbog prirodnih sirovina ima obnavljaju\u0107i u\u010dinak.","robots":{"index":"index","follow":"follow","max-snippet":"max-snippet:-1","max-image-preview":"max-image-preview:large","max-video-preview":"max-video-preview:-1"},"canonical":"https:\/\/clair.si\/hr\/izdelek\/effax-mast-za-kozu-bezbojna\/","og_locale":"hr_HR","og_type":"article","og_title":"Effax mast za ko\u017eu - bezbojna - Clair","og_description":"Jednostavno nanesite bezbojnu Effax mast za ko\u017eu nakon \u010di\u0161\u0107enja na ko\u017eu. Zbog prirodnih sirovina ima obnavljaju\u0107i u\u010dinak.","og_url":"https:\/\/clair.si\/hr\/izdelek\/effax-mast-za-kozu-bezbojna\/","og_site_name":"Clair","article_publisher":"https:\/\/www.facebook.com\/TrgovinaClair\/","article_modified_time":"2026-01-05T20:59:35+00:00","og_image":[{"width":1000,"height":1000,"url":"https:\/\/clair.si\/wp-content\/uploads\/2022\/06\/mast-za-usnje-Effax-za-nego.jpg","type":"image\/jpeg"}],"twitter_card":"summary_large_image","schema":{"@context":"https:\/\/schema.org","@graph":[{"@type":"WebPage","@id":"https:\/\/clair.si\/hr\/izdelek\/effax-mast-za-kozu-bezbojna\/","url":"https:\/\/clair.si\/hr\/izdelek\/effax-mast-za-kozu-bezbojna\/","name":"Effax mast za ko\u017eu - bezbojna - Clair","isPartOf":{"@id":"https:\/\/clair.si\/#website"},"primaryImageOfPage":{"@id":"https:\/\/clair.si\/hr\/izdelek\/effax-mast-za-kozu-bezbojna\/#primaryimage"},"image":{"@id":"https:\/\/clair.si\/hr\/izdelek\/effax-mast-za-kozu-bezbojna\/#primaryimage"},"thumbnailUrl":"https:\/\/clair.si\/wp-content\/uploads\/2022\/06\/mast-za-usnje-Effax-za-nego.webp","datePublished":"2022-06-06T10:19:04+00:00","dateModified":"2026-01-05T20:59:35+00:00","description":"Jednostavno nanesite bezbojnu Effax mast za ko\u017eu nakon \u010di\u0161\u0107enja na ko\u017eu. Zbog prirodnih sirovina ima obnavljaju\u0107i u\u010dinak.","breadcrumb":{"@id":"https:\/\/clair.si\/hr\/izdelek\/effax-mast-za-kozu-bezbojna\/#breadcrumb"},"inLanguage":"hr","potentialAction":[{"@type":"ReadAction","target":["https:\/\/clair.si\/hr\/izdelek\/effax-mast-za-kozu-bezbojna\/"]}]},{"@type":"ImageObject","inLanguage":"hr","@id":"https:\/\/clair.si\/hr\/izdelek\/effax-mast-za-kozu-bezbojna\/#primaryimage","url":"https:\/\/clair.si\/wp-content\/uploads\/2022\/06\/mast-za-usnje-Effax-za-nego.webp","contentUrl":"https:\/\/clair.si\/wp-content\/uploads\/2022\/06\/mast-za-usnje-Effax-za-nego.webp","width":1000,"height":1000,"caption":"Mast za nego usnja, effax."},{"@type":"BreadcrumbList","@id":"https:\/\/clair.si\/hr\/izdelek\/effax-mast-za-kozu-bezbojna\/#breadcrumb","itemListElement":[{"@type":"ListItem","position":1,"name":"Home","item":"https:\/\/clair.si\/hr\/"},{"@type":"ListItem","position":2,"name":"Trgovina","item":"https:\/\/clair.si\/trgovina\/"},{"@type":"ListItem","position":3,"name":"Effax mast za ko\u017eu &#8211; bezbojna"}]},{"@type":"WebSite","@id":"https:\/\/clair.si\/#website","url":"https:\/\/clair.si\/","name":"Clair","description":"Trgovina s konjeni\u0161ko opremo","publisher":{"@id":"https:\/\/clair.si\/#organization"},"potentialAction":[{"@type":"SearchAction","target":{"@type":"EntryPoint","urlTemplate":"https:\/\/clair.si\/?s={search_term_string}"},"query-input":{"@type":"PropertyValueSpecification","valueRequired":true,"valueName":"search_term_string"}}],"inLanguage":"hr"},{"@type":"Organization","@id":"https:\/\/clair.si\/#organization","name":"Clair","url":"https:\/\/clair.si\/","logo":{"@type":"ImageObject","inLanguage":"hr","@id":"https:\/\/clair.si\/#\/schema\/logo\/image\/","url":"https:\/\/clair.si\/wp-content\/uploads\/2022\/11\/clair_logo_2022.jpg","contentUrl":"https:\/\/clair.si\/wp-content\/uploads\/2022\/11\/clair_logo_2022.jpg","width":1920,"height":1920,"caption":"Clair"},"image":{"@id":"https:\/\/clair.si\/#\/schema\/logo\/image\/"},"sameAs":["https:\/\/www.facebook.com\/TrgovinaClair\/"]}]}},"_links":{"self":[{"href":"https:\/\/clair.si\/hr\/wp-json\/wp\/v2\/product\/104104","targetHints":{"allow":["GET"]}}],"collection":[{"href":"https:\/\/clair.si\/hr\/wp-json\/wp\/v2\/product"}],"about":[{"href":"https:\/\/clair.si\/hr\/wp-json\/wp\/v2\/types\/product"}],"version-history":[{"count":0,"href":"https:\/\/clair.si\/hr\/wp-json\/wp\/v2\/product\/104104\/revisions"}],"wp:featuredmedia":[{"embeddable":true,"href":"https:\/\/clair.si\/hr\/wp-json\/wp\/v2\/media\/104106"}],"wp:attachment":[{"href":"https:\/\/clair.si\/hr\/wp-json\/wp\/v2\/media?parent=104104"}],"wp:term":[{"taxonomy":"product_brand","embeddable":true,"href":"https:\/\/clair.si\/hr\/wp-json\/wp\/v2\/product_brand?post=104104"},{"taxonomy":"product_cat","embeddable":true,"href":"https:\/\/clair.si\/hr\/wp-json\/wp\/v2\/product_cat?post=104104"},{"taxonomy":"product_tag","embeddable":true,"href":"https:\/\/clair.si\/hr\/wp-json\/wp\/v2\/product_tag?post=104104"}],"curies":[{"name":"wp","href":"https:\/\/api.w.org\/{rel}","templated":true}]}}