{"id":104118,"date":"2022-05-24T10:36:39","date_gmt":"2022-05-24T08:36:39","guid":{"rendered":"https:\/\/clair.si\/izdelek\/marstall-western-struktur-musli\/"},"modified":"2026-04-09T09:22:29","modified_gmt":"2026-04-09T07:22:29","slug":"marstall-western-struktur-musli","status":"publish","type":"product","link":"https:\/\/clair.si\/hr\/izdelek\/marstall-western-struktur-musli\/","title":{"rendered":"Marstall Western Struktur-M\u00fcsli"},"content":{"rendered":"<p><span class=\"VIiyi\" lang=\"sl\"><span class=\"JLqJ4b\" data-language-for-alternatives=\"sl\" data-language-to-translate-into=\"en\" data-phrase-index=\"0\" data-number-of-phrases=\"1\"><span class=\"Q4iAWc\">Zbog dodatka esencijalnih aminokiselina, <strong>Marstall<\/strong> <strong>Western Struktur-M\u00fcsli<\/strong> idealan je za pasmine s vi\u0161e mi\u0161i\u0107a. Lako probavljivi ugljikohidrati iz termi\u010dki obra\u0111enog kukuruza i je\u010dmenih pahuljica osiguravaju snagu koja im je potrebna. Antioksidans vitamin E i selen poma\u017eu tijelu smanjiti slobodne radikale i za\u0161tititi mi\u0161i\u0107ne stanice. <\/span><\/span><\/span><\/p>\n<p><span class=\"VIiyi\" lang=\"sl\"><span class=\"JLqJ4b\" data-language-for-alternatives=\"sl\" data-language-to-translate-into=\"en\" data-phrase-index=\"0\" data-number-of-phrases=\"1\"><span class=\"Q4iAWc\"><strong>Marstall Western Struktur-M\u00fcsli<\/strong> podr\u017eava izgradnju mi\u0161i\u0107a i njihovu u\u010dinkovitost. Kako bi se osigurale dovoljne koli\u010dine hranjivih tvari za rad konja, potrebne su im posebno visokokvalitetne bjelan\u010devine. Op\u0107enito, konju su dostupne samo aminokiseline koje se probavljaju i apsorbiraju u prednjem dijelu crijeva. <\/span><\/span><\/span><\/p>\n<p><span class=\"VIiyi\" lang=\"sl\"><span class=\"JLqJ4b\" data-language-for-alternatives=\"sl\" data-language-to-translate-into=\"en\" data-phrase-index=\"0\" data-number-of-phrases=\"1\"><span class=\"Q4iAWc\"><strong>Marstall Western Struktur-M\u00fcsli<\/strong> sadr\u017ei posebno visoke razine ovih esencijalnih aminokiselina, koje se probavljaju u prednjem crijevu, kao \u0161to su lizin, metionin i treonin. To ne samo da osigurava zdrav rast mi\u0161i\u0107a, ve\u0107 i podr\u017eava performanse tijekom rada i obnovu mi\u0161i\u0107nih vlakana. <\/span><\/span><\/span><\/p>\n<p><span class=\"VIiyi\" lang=\"sl\"><span class=\"JLqJ4b\" data-language-for-alternatives=\"sl\" data-language-to-translate-into=\"en\" data-phrase-index=\"0\" data-number-of-phrases=\"1\"><span class=\"Q4iAWc\">Kada mi\u0161i\u0107i naporno rade, pove\u0107avaju se razine slobodnih radikala, koje moraju neutralizirati antioksidansi. Stoga je marstall Western Struktur-M\u00fcsli oboga\u0107en vitaminom E i selenom. Ovi antioksidansi poma\u017eu tijelu smanjiti slobodne radikale i za\u0161tititi mi\u0161i\u0107ne stanice. <\/span><\/span><\/span><\/p>\n<p><span class=\"VIiyi\" lang=\"sl\"><span class=\"JLqJ4b\" data-language-for-alternatives=\"sl\" data-language-to-translate-into=\"en\" data-phrase-index=\"0\" data-number-of-phrases=\"1\"><span class=\"Q4iAWc\">Musli tako\u0111er va\u0161em konju osigurava sve bitne minerale, elemente u tragovima i vitamine. Hidrotermalno obra\u0111ene kukuruzne i je\u010dmene pahuljice te vrhunska biljna ulja, puna omega-3 masnih kiselina, osiguravaju koncentriranu energiju za snagu i izdr\u017eljivost, koje su konjima potrebne za trening. Mje\u0161avini je dodana sjeckana lucerna, koja poti\u010de \u017evakanje i slinjenje, \u0161to pozitivno utje\u010de na probavu. Ukusna jabu\u010dna ka\u0161a i hrskave pahuljice gra\u0161ka upotpunjuju recept. <\/span><\/span><\/span><\/p>\n<p><strong>Sastav:<\/strong><\/p>\n<p><em><span class=\"VIiyi\" lang=\"sl\"><span class=\"JLqJ4b ChMk0b\" data-language-for-alternatives=\"sl\" data-language-to-translate-into=\"en\" data-phrase-index=\"0\" data-number-of-phrases=\"2\"><span class=\"Q4iAWc\">Je\u010dmene pahuljice (40,00 %), kukuruzne pahuljice (20,00 %), trava, su\u0161ena na visokoj temperaturi, mekinje, melasirana pulpa \u0161e\u0107erne repe, su\u0161ena, melasa \u0161e\u0107erne repe, lucerna, su\u0161ena na visokim temperaturama (3,00 %), pahuljice gra\u0161ka (2,00 %<\/span><\/span> <span class=\"JLqJ4b ChMk0b\" data-language-for-alternatives=\"sl\" data-language-to-translate-into=\"en\" data-phrase-index=\"1\" data-number-of-phrases=\"2\"><span class=\"Q4iAWc\">), ulje repice, rafinirano (1,60 %), kalcijev karbonat, p\u0161eni\u010dna smjesa, natrijev klorid, gro\u017e\u0111ani trop, su\u0161eno, obrano mlijeko u prahu, monokalcijev fosfat, magnezijev oksid, pivski kvasac<\/span><\/span><\/span>.<\/em><\/p>\n<p>Analiti\u010dki sastav: sirove bjelan\u010devine (SB): 11,00 %, probavljive sirove bjelan\u010devine (PSB): 9,30 %, sirova mast (SM): 5,00 %, sirova vlaknina (SV): 8,00 %, sirovi pepeo (SP): 5,60 %, energija (DE): 12,00 MJ\/kg, energija (ME) GfE 2014: 11,00 MJ\/kg, kalcij: 0,75 %, fosfor: 0,40 %, natrij: 0,30 %, magnezij: 0,25 %. Amino-kiseline lizin: 0,70 %, metionin: 0,55 %, treonin: 0,70 %.<br \/>\nNutritivni dodaci (na 1 kg):<br \/>\nU mastima topljivi vitamini: vitamin A (E 672) 21.500,00 I.E., vitamin D3 (E 671) 950,00 I.E., vitamin E 550,00 mg, vitamin K3 5,00 mg.<br \/>\nU vodi topljivi vitamini: vitamin C (3a312) 60,00 mg, vitamin B1 (3a821) 18,00 mg, vitamin B2 (riboflavin) 5,00 mg, vitamin B6 (piridoksin hidroklorid (3a831)) 14,00 mg, vitamin B12 (cianokobalamin) 75,00 \u00b5g, biotin (3a880) 450,00 \u00b5g, folna kislina (3a316) 9,00 mg, kolin klorid (3a890) 240,00 mg, kalcijev D-pantotenat (3a841) 18,00 mg, niacin (3a314) 25,00 mg.<br \/>\nElementi u tragovima: \u017eeljezo kao \u017eeljezov (II) sulfat, monohidrat (E1) 180,00 mg, bakar kao bakrov sulfat, pentahidrat (E4) 42,00 mg, cink kao cinkov oksid (E 6) 300,00 mg, mangan kao manganov (II) oksid (E 5) 140,00 mg, jod kao bezvodni kalcijev jodat (E 2) 0,95 mg, selen kao natrijev selenit (E 8) 0,95 mg<\/p>\n","protected":false},"excerpt":{"rendered":"<p><strong>Za ovaj proizvod se zbog dimenzija ili te\u017eine obra\u010dunavaju dodatni tro\u0161kovi po\u0161tarine u vrijednosti 15\u20ac \/ kom.<\/strong><\/p>\n<p>&nbsp;<\/p>\n<p><strong>M\u00fcsli za mi\u0161i\u0107e<\/strong><\/p>\n<ul>\n<li><span class=\"VIiyi\" lang=\"sl\"><span class=\"JLqJ4b ChMk0b\" data-language-for-alternatives=\"sl\" data-language-to-translate-into=\"en\" data-phrase-index=\"2\" data-number-of-phrases=\"9\"><span class=\"Q4iAWc\">bez zobi<\/span><\/span> <\/span><\/li>\n<li><span class=\"VIiyi\" lang=\"sl\"><span class=\"JLqJ4b ChMk0b\" data-language-for-alternatives=\"sl\" data-language-to-translate-into=\"en\" data-phrase-index=\"4\" data-number-of-phrases=\"9\"><span class=\"Q4iAWc\">s \u010distim aminokiselinama<\/span><\/span> <\/span><\/li>\n<li><span class=\"VIiyi\" lang=\"sl\"><span class=\"JLqJ4b ChMk0b\" data-language-for-alternatives=\"sl\" data-language-to-translate-into=\"en\" data-phrase-index=\"6\" data-number-of-phrases=\"9\"><span class=\"Q4iAWc\">s lucernom<\/span><\/span> <\/span><\/li>\n<li><span class=\"VIiyi\" lang=\"sl\"><span class=\"JLqJ4b ChMk0b\" data-language-for-alternatives=\"sl\" data-language-to-translate-into=\"en\" data-phrase-index=\"8\" data-number-of-phrases=\"9\"><span class=\"Q4iAWc\">s visokim udjelom vitamina i minerala<\/span><\/span><\/span><\/li>\n<\/ul>\n<p><strong>Koli\u010dina: 20 kg<\/strong><\/p>\n","protected":false},"featured_media":104124,"template":"","meta":{"footnotes":""},"product_brand":[],"product_cat":[6895,5710,6089],"product_tag":[],"class_list":{"0":"post-104118","1":"product","2":"type-product","3":"status-publish","4":"has-post-thumbnail","6":"product_cat-individualna-linija","7":"product_cat-hrana-za-konje-hr","8":"product_cat-marstall-hr","9":"product_shipping_class-marstall-hr","11":"first","12":"instock","13":"sale","14":"shipping-taxable","15":"purchasable","16":"product-type-simple"},"yoast_head":"<!-- This site is optimized with the Yoast SEO plugin v27.4 - https:\/\/yoast.com\/product\/yoast-seo-wordpress\/ -->\n<title>Marstall Western Struktur-M\u00fcsli - Clair<\/title>\n<meta name=\"description\" content=\"Marstall Western Struktur-M\u00fcsli je idealna hrana za pasmine konja s vi\u0161e mi\u0161i\u0107a. Tako\u0111er podr\u017eava rast mi\u0161i\u0107a kod va\u0161eg konja. Provjerite ponudu!\" \/>\n<meta name=\"robots\" content=\"index, follow, max-snippet:-1, max-image-preview:large, max-video-preview:-1\" \/>\n<link rel=\"canonical\" href=\"https:\/\/clair.si\/hr\/izdelek\/marstall-western-struktur-musli\/\" \/>\n<meta property=\"og:locale\" content=\"hr_HR\" \/>\n<meta property=\"og:type\" content=\"article\" \/>\n<meta property=\"og:title\" content=\"Marstall Western Struktur-M\u00fcsli - Clair\" \/>\n<meta property=\"og:description\" content=\"Marstall Western Struktur-M\u00fcsli je idealna hrana za pasmine konja s vi\u0161e mi\u0161i\u0107a. Tako\u0111er podr\u017eava rast mi\u0161i\u0107a kod va\u0161eg konja. Provjerite ponudu!\" \/>\n<meta property=\"og:url\" content=\"https:\/\/clair.si\/hr\/izdelek\/marstall-western-struktur-musli\/\" \/>\n<meta property=\"og:site_name\" content=\"Clair\" \/>\n<meta property=\"article:publisher\" content=\"https:\/\/www.facebook.com\/TrgovinaClair\/\" \/>\n<meta property=\"article:modified_time\" content=\"2026-04-09T07:22:29+00:00\" \/>\n<meta property=\"og:image\" content=\"https:\/\/clair.si\/wp-content\/uploads\/2022\/05\/MARSTALL-WESTERN-HRANA-ZA-KONJE-211-jpg.avif\" \/>\n\t<meta property=\"og:image:width\" content=\"800\" \/>\n\t<meta property=\"og:image:height\" content=\"800\" \/>\n\t<meta property=\"og:image:type\" content=\"image\/jpeg\" \/>\n<meta name=\"twitter:card\" content=\"summary_large_image\" \/>\n<meta name=\"twitter:label1\" content=\"Procijenjeno vrijeme \u010ditanja\" \/>\n\t<meta name=\"twitter:data1\" content=\"3 minute\" \/>\n<script type=\"application\/ld+json\" class=\"yoast-schema-graph\">{\"@context\":\"https:\\\/\\\/schema.org\",\"@graph\":[{\"@type\":\"WebPage\",\"@id\":\"https:\\\/\\\/clair.si\\\/hr\\\/izdelek\\\/marstall-western-struktur-musli\\\/\",\"url\":\"https:\\\/\\\/clair.si\\\/hr\\\/izdelek\\\/marstall-western-struktur-musli\\\/\",\"name\":\"Marstall Western Struktur-M\u00fcsli - Clair\",\"isPartOf\":{\"@id\":\"https:\\\/\\\/clair.si\\\/#website\"},\"primaryImageOfPage\":{\"@id\":\"https:\\\/\\\/clair.si\\\/hr\\\/izdelek\\\/marstall-western-struktur-musli\\\/#primaryimage\"},\"image\":{\"@id\":\"https:\\\/\\\/clair.si\\\/hr\\\/izdelek\\\/marstall-western-struktur-musli\\\/#primaryimage\"},\"thumbnailUrl\":\"https:\\\/\\\/clair.si\\\/wp-content\\\/uploads\\\/2022\\\/05\\\/MARSTALL-WESTERN-HRANA-ZA-KONJE-211-jpg.avif\",\"datePublished\":\"2022-05-24T08:36:39+00:00\",\"dateModified\":\"2026-04-09T07:22:29+00:00\",\"description\":\"Marstall Western Struktur-M\u00fcsli je idealna hrana za pasmine konja s vi\u0161e mi\u0161i\u0107a. Tako\u0111er podr\u017eava rast mi\u0161i\u0107a kod va\u0161eg konja. Provjerite ponudu!\",\"breadcrumb\":{\"@id\":\"https:\\\/\\\/clair.si\\\/hr\\\/izdelek\\\/marstall-western-struktur-musli\\\/#breadcrumb\"},\"inLanguage\":\"hr\",\"potentialAction\":[{\"@type\":\"ReadAction\",\"target\":[\"https:\\\/\\\/clair.si\\\/hr\\\/izdelek\\\/marstall-western-struktur-musli\\\/\"]}]},{\"@type\":\"ImageObject\",\"inLanguage\":\"hr\",\"@id\":\"https:\\\/\\\/clair.si\\\/hr\\\/izdelek\\\/marstall-western-struktur-musli\\\/#primaryimage\",\"url\":\"https:\\\/\\\/clair.si\\\/wp-content\\\/uploads\\\/2022\\\/05\\\/MARSTALL-WESTERN-HRANA-ZA-KONJE-211-jpg.avif\",\"contentUrl\":\"https:\\\/\\\/clair.si\\\/wp-content\\\/uploads\\\/2022\\\/05\\\/MARSTALL-WESTERN-HRANA-ZA-KONJE-211-jpg.avif\",\"width\":800,\"height\":800},{\"@type\":\"BreadcrumbList\",\"@id\":\"https:\\\/\\\/clair.si\\\/hr\\\/izdelek\\\/marstall-western-struktur-musli\\\/#breadcrumb\",\"itemListElement\":[{\"@type\":\"ListItem\",\"position\":1,\"name\":\"Home\",\"item\":\"https:\\\/\\\/clair.si\\\/hr\\\/\"},{\"@type\":\"ListItem\",\"position\":2,\"name\":\"Trgovina\",\"item\":\"https:\\\/\\\/clair.si\\\/trgovina\\\/\"},{\"@type\":\"ListItem\",\"position\":3,\"name\":\"Marstall Western Struktur-M\u00fcsli\"}]},{\"@type\":\"WebSite\",\"@id\":\"https:\\\/\\\/clair.si\\\/#website\",\"url\":\"https:\\\/\\\/clair.si\\\/\",\"name\":\"Clair\",\"description\":\"Trgovina s konjeni\u0161ko opremo\",\"publisher\":{\"@id\":\"https:\\\/\\\/clair.si\\\/#organization\"},\"potentialAction\":[{\"@type\":\"SearchAction\",\"target\":{\"@type\":\"EntryPoint\",\"urlTemplate\":\"https:\\\/\\\/clair.si\\\/?s={search_term_string}\"},\"query-input\":{\"@type\":\"PropertyValueSpecification\",\"valueRequired\":true,\"valueName\":\"search_term_string\"}}],\"inLanguage\":\"hr\"},{\"@type\":\"Organization\",\"@id\":\"https:\\\/\\\/clair.si\\\/#organization\",\"name\":\"Clair\",\"url\":\"https:\\\/\\\/clair.si\\\/\",\"logo\":{\"@type\":\"ImageObject\",\"inLanguage\":\"hr\",\"@id\":\"https:\\\/\\\/clair.si\\\/#\\\/schema\\\/logo\\\/image\\\/\",\"url\":\"https:\\\/\\\/clair.si\\\/wp-content\\\/uploads\\\/2022\\\/11\\\/clair_logo_2022.jpg\",\"contentUrl\":\"https:\\\/\\\/clair.si\\\/wp-content\\\/uploads\\\/2022\\\/11\\\/clair_logo_2022.jpg\",\"width\":1920,\"height\":1920,\"caption\":\"Clair\"},\"image\":{\"@id\":\"https:\\\/\\\/clair.si\\\/#\\\/schema\\\/logo\\\/image\\\/\"},\"sameAs\":[\"https:\\\/\\\/www.facebook.com\\\/TrgovinaClair\\\/\"]}]}<\/script>\n<!-- \/ Yoast SEO plugin. -->","yoast_head_json":{"title":"Marstall Western Struktur-M\u00fcsli - Clair","description":"Marstall Western Struktur-M\u00fcsli je idealna hrana za pasmine konja s vi\u0161e mi\u0161i\u0107a. Tako\u0111er podr\u017eava rast mi\u0161i\u0107a kod va\u0161eg konja. Provjerite ponudu!","robots":{"index":"index","follow":"follow","max-snippet":"max-snippet:-1","max-image-preview":"max-image-preview:large","max-video-preview":"max-video-preview:-1"},"canonical":"https:\/\/clair.si\/hr\/izdelek\/marstall-western-struktur-musli\/","og_locale":"hr_HR","og_type":"article","og_title":"Marstall Western Struktur-M\u00fcsli - Clair","og_description":"Marstall Western Struktur-M\u00fcsli je idealna hrana za pasmine konja s vi\u0161e mi\u0161i\u0107a. Tako\u0111er podr\u017eava rast mi\u0161i\u0107a kod va\u0161eg konja. Provjerite ponudu!","og_url":"https:\/\/clair.si\/hr\/izdelek\/marstall-western-struktur-musli\/","og_site_name":"Clair","article_publisher":"https:\/\/www.facebook.com\/TrgovinaClair\/","article_modified_time":"2026-04-09T07:22:29+00:00","og_image":[{"width":800,"height":800,"url":"https:\/\/clair.si\/wp-content\/uploads\/2022\/05\/MARSTALL-WESTERN-HRANA-ZA-KONJE-211-jpg.avif","type":"image\/jpeg"}],"twitter_card":"summary_large_image","twitter_misc":{"Procijenjeno vrijeme \u010ditanja":"3 minute"},"schema":{"@context":"https:\/\/schema.org","@graph":[{"@type":"WebPage","@id":"https:\/\/clair.si\/hr\/izdelek\/marstall-western-struktur-musli\/","url":"https:\/\/clair.si\/hr\/izdelek\/marstall-western-struktur-musli\/","name":"Marstall Western Struktur-M\u00fcsli - Clair","isPartOf":{"@id":"https:\/\/clair.si\/#website"},"primaryImageOfPage":{"@id":"https:\/\/clair.si\/hr\/izdelek\/marstall-western-struktur-musli\/#primaryimage"},"image":{"@id":"https:\/\/clair.si\/hr\/izdelek\/marstall-western-struktur-musli\/#primaryimage"},"thumbnailUrl":"https:\/\/clair.si\/wp-content\/uploads\/2022\/05\/MARSTALL-WESTERN-HRANA-ZA-KONJE-211-jpg.avif","datePublished":"2022-05-24T08:36:39+00:00","dateModified":"2026-04-09T07:22:29+00:00","description":"Marstall Western Struktur-M\u00fcsli je idealna hrana za pasmine konja s vi\u0161e mi\u0161i\u0107a. Tako\u0111er podr\u017eava rast mi\u0161i\u0107a kod va\u0161eg konja. Provjerite ponudu!","breadcrumb":{"@id":"https:\/\/clair.si\/hr\/izdelek\/marstall-western-struktur-musli\/#breadcrumb"},"inLanguage":"hr","potentialAction":[{"@type":"ReadAction","target":["https:\/\/clair.si\/hr\/izdelek\/marstall-western-struktur-musli\/"]}]},{"@type":"ImageObject","inLanguage":"hr","@id":"https:\/\/clair.si\/hr\/izdelek\/marstall-western-struktur-musli\/#primaryimage","url":"https:\/\/clair.si\/wp-content\/uploads\/2022\/05\/MARSTALL-WESTERN-HRANA-ZA-KONJE-211-jpg.avif","contentUrl":"https:\/\/clair.si\/wp-content\/uploads\/2022\/05\/MARSTALL-WESTERN-HRANA-ZA-KONJE-211-jpg.avif","width":800,"height":800},{"@type":"BreadcrumbList","@id":"https:\/\/clair.si\/hr\/izdelek\/marstall-western-struktur-musli\/#breadcrumb","itemListElement":[{"@type":"ListItem","position":1,"name":"Home","item":"https:\/\/clair.si\/hr\/"},{"@type":"ListItem","position":2,"name":"Trgovina","item":"https:\/\/clair.si\/trgovina\/"},{"@type":"ListItem","position":3,"name":"Marstall Western Struktur-M\u00fcsli"}]},{"@type":"WebSite","@id":"https:\/\/clair.si\/#website","url":"https:\/\/clair.si\/","name":"Clair","description":"Trgovina s konjeni\u0161ko opremo","publisher":{"@id":"https:\/\/clair.si\/#organization"},"potentialAction":[{"@type":"SearchAction","target":{"@type":"EntryPoint","urlTemplate":"https:\/\/clair.si\/?s={search_term_string}"},"query-input":{"@type":"PropertyValueSpecification","valueRequired":true,"valueName":"search_term_string"}}],"inLanguage":"hr"},{"@type":"Organization","@id":"https:\/\/clair.si\/#organization","name":"Clair","url":"https:\/\/clair.si\/","logo":{"@type":"ImageObject","inLanguage":"hr","@id":"https:\/\/clair.si\/#\/schema\/logo\/image\/","url":"https:\/\/clair.si\/wp-content\/uploads\/2022\/11\/clair_logo_2022.jpg","contentUrl":"https:\/\/clair.si\/wp-content\/uploads\/2022\/11\/clair_logo_2022.jpg","width":1920,"height":1920,"caption":"Clair"},"image":{"@id":"https:\/\/clair.si\/#\/schema\/logo\/image\/"},"sameAs":["https:\/\/www.facebook.com\/TrgovinaClair\/"]}]}},"_links":{"self":[{"href":"https:\/\/clair.si\/hr\/wp-json\/wp\/v2\/product\/104118","targetHints":{"allow":["GET"]}}],"collection":[{"href":"https:\/\/clair.si\/hr\/wp-json\/wp\/v2\/product"}],"about":[{"href":"https:\/\/clair.si\/hr\/wp-json\/wp\/v2\/types\/product"}],"version-history":[{"count":1,"href":"https:\/\/clair.si\/hr\/wp-json\/wp\/v2\/product\/104118\/revisions"}],"predecessor-version":[{"id":133696,"href":"https:\/\/clair.si\/hr\/wp-json\/wp\/v2\/product\/104118\/revisions\/133696"}],"wp:featuredmedia":[{"embeddable":true,"href":"https:\/\/clair.si\/hr\/wp-json\/wp\/v2\/media\/104124"}],"wp:attachment":[{"href":"https:\/\/clair.si\/hr\/wp-json\/wp\/v2\/media?parent=104118"}],"wp:term":[{"taxonomy":"product_brand","embeddable":true,"href":"https:\/\/clair.si\/hr\/wp-json\/wp\/v2\/product_brand?post=104118"},{"taxonomy":"product_cat","embeddable":true,"href":"https:\/\/clair.si\/hr\/wp-json\/wp\/v2\/product_cat?post=104118"},{"taxonomy":"product_tag","embeddable":true,"href":"https:\/\/clair.si\/hr\/wp-json\/wp\/v2\/product_tag?post=104118"}],"curies":[{"name":"wp","href":"https:\/\/api.w.org\/{rel}","templated":true}]}}