{"id":104142,"date":"2022-05-24T12:30:04","date_gmt":"2022-05-24T10:30:04","guid":{"rendered":"https:\/\/clair.si\/izdelek\/marstall-mash\/"},"modified":"2025-11-28T19:44:18","modified_gmt":"2025-11-28T18:44:18","slug":"marstall-mash","status":"publish","type":"product","link":"https:\/\/clair.si\/hr\/izdelek\/marstall-mash\/","title":{"rendered":"Marstall Mash"},"content":{"rendered":"<p><span class=\"VIiyi\" lang=\"sl\"><span class=\"JLqJ4b\" data-language-for-alternatives=\"sl\" data-language-to-translate-into=\"en\" data-phrase-index=\"0\" data-number-of-phrases=\"1\"><span class=\"Q4iAWc\"><strong>Marstall Mash<\/strong> je prakti\u010dna hrana za konje, za zdravu probavu i lijepu sjajnu dlaku.<\/span><\/span><\/span><\/p>\n<p><span class=\"VIiyi\" lang=\"sl\"><span class=\"JLqJ4b\" data-language-for-alternatives=\"sl\" data-language-to-translate-into=\"en\" data-phrase-index=\"0\" data-number-of-phrases=\"1\"><span class=\"Q4iAWc\"> <strong> Marstall Mash<\/strong> poti\u010de apetit i probavu, stoga je idealan izbor za konje koji te\u0161ko dobivaju na te\u017eini. <\/span><\/span><\/span><\/p>\n<p><span class=\"VIiyi\" lang=\"sl\"><span class=\"JLqJ4b\" data-language-for-alternatives=\"sl\" data-language-to-translate-into=\"en\" data-phrase-index=\"0\" data-number-of-phrases=\"1\"><span class=\"Q4iAWc\"><strong>Marstall Mash<\/strong> je posebno primjeren za upotrebu kao regeneracijska hrana za konje nakon fizi\u010dkog i psihi\u010dkog napora. Najve\u0107a prednost je njegova jednostavna priprema i kratko vrijeme namakanja! <\/span><\/span><\/span><\/p>\n<p><span class=\"VIiyi\" lang=\"sl\"><span class=\"JLqJ4b\" data-language-for-alternatives=\"sl\" data-language-to-translate-into=\"en\" data-phrase-index=\"0\" data-number-of-phrases=\"1\"><span class=\"Q4iAWc\"> Marstall Mash je preporu\u010dljiva i smislena izbora hrane, posebno u slu\u010dajevima zatvora, nakon kolika, operacija, nakon \u017edrijebljenja ili kod promjene vremena ili hrane, tijekom izmjene dlake i u svim stresnim situacijama. Ova lako probavljiva mje\u0161avina poti\u010de apetit, rad crijeva i metabolizam, a visoke razine nezasi\u0107enih masnih kiselina poma\u017eu i pri postizanju prekrasne sjajne dlake. Ne sadr\u017ei \u0161e\u0107er, melasu, eteri\u010dna ulja i konzervanse. Tako\u0111er, nisu dodani vitamini i minerali &#8211; tako da Marstall Mash mo\u017eemo kombinirati s bilo kojom hranom i tijekom bilo kakvog veterinarskog lije\u010denja. <\/span><\/span><\/span><\/p>\n<p><span class=\"VIiyi\" lang=\"sl\"><span class=\"JLqJ4b\" data-language-for-alternatives=\"sl\" data-language-to-translate-into=\"en\" data-phrase-index=\"0\" data-number-of-phrases=\"1\"><span class=\"Q4iAWc\">Svi kori\u0161teni sastojci su odabrani za pomo\u0107 pri probavi: sluz, koju proizvodi \u017euto-zlatno laneno sjeme, ima pozitivan i regenerativni u\u010dinak na sluznicu \u017eeluca i crijeva. Pektini iz ukusne jabu\u010dne ka\u0161e, mekinje s visokim udjelom vlakana i brojne druge komponente poma\u017eu za\u0161tititi crijeva. Uravnote\u017een omjer Ca:P zna\u010di da se Marstall Mash mo\u017ee koristiti i kao zamjena koncentrirane hrane. Me\u0111utim, u takvim slu\u010dajevima preporu\u010dujemo upotrebu mineralnih dodataka, kao \u0161to je Marstall Force.<br \/>\n<\/span><\/span><\/span><\/p>\n<p><strong>Sastav Marstall Mash:<\/strong><\/p>\n<p><em><span class=\"VIiyi\" lang=\"sl\"><span class=\"JLqJ4b ChMk0b\" data-language-for-alternatives=\"sl\" data-language-to-translate-into=\"en\" data-phrase-index=\"2\" data-number-of-phrases=\"4\"><span class=\"Q4iAWc\">Je\u010dmene pahuljice (50,00 %), p\u0161eni\u010dne mekinje (15,00 %), laneno sjeme (10,00 %), ekstrahirano laneno sjeme (10,00 %), jabu\u010dna ka\u0161a, su\u0161ena (10,00 %), ulje repice, rafinirano (2,00 %), kalcijev karbonat<\/span><\/span>, natrijev <span class=\"JLqJ4b ChMk0b\" data-language-for-alternatives=\"sl\" data-language-to-translate-into=\"en\" data-phrase-index=\"3\" data-number-of-phrases=\"4\"><span class=\"Q4iAWc\">klorid, piskavica, listovi stevije (narezani i osu\u0161eni).<\/span><\/span><\/span><\/em><\/p>\n<p><em>skladno s FEI EADCM* Equine Anti-Doping and Controlled Medication Regulations<\/em><\/p>\n<p>Analiti\u010dki sastav: sirove bjelan\u010devine (SB): 13,50 %, probavljive sirove bjelan\u010devine (PSB): 9,50 %, sirova mast (SM): 7,50 %, sirova vlaknina (SV): 8,30 %, sirovi pepeo (SP): 5,20 %, energija (DE): 12,50 MJ, energija (ME) GfE 2014: 11,20 MJ, kalcij: 0,80 %, fosfor: 0,40 %, natrij: 0,30 %, magnezij: 0,20 %.<\/p>\n","protected":false},"excerpt":{"rendered":"<p><strong>Za ovaj proizvod se zbog dimenzija ili te\u017eine obra\u010dunavaju dodatni tro\u0161kovi po\u0161tarine u vrijednosti 15\u20ac \/ kom.<\/strong><\/p>\n<p>&nbsp;<\/p>\n<p><span class=\"VIiyi\" lang=\"sl\"><strong><span class=\"JLqJ4b ChMk0b\" data-language-for-alternatives=\"sl\" data-language-to-translate-into=\"en\" data-phrase-index=\"0\" data-number-of-phrases=\"9\"><span class=\"Q4iAWc\">Regulator probave<\/span><\/span><\/strong> <\/span><\/p>\n<ul>\n<li><span class=\"VIiyi\" lang=\"sl\"><span class=\"JLqJ4b ChMk0b\" data-language-for-alternatives=\"sl\" data-language-to-translate-into=\"en\" data-phrase-index=\"2\" data-number-of-phrases=\"9\"><span class=\"Q4iAWc\">uravnote\u017euje rad crijeva<\/span><\/span> <\/span><\/li>\n<li><span class=\"VIiyi\" lang=\"sl\"><span class=\"JLqJ4b ChMk0b\" data-language-for-alternatives=\"sl\" data-language-to-translate-into=\"en\" data-phrase-index=\"4\" data-number-of-phrases=\"9\"><span class=\"Q4iAWc\">brza priprema<\/span><\/span><\/span><\/li>\n<li><span class=\"VIiyi\" lang=\"sl\"> <span class=\"JLqJ4b ChMk0b\" data-language-for-alternatives=\"sl\" data-language-to-translate-into=\"en\" data-phrase-index=\"6\" data-number-of-phrases=\"9\"><span class=\"Q4iAWc\">idealan za dopunu bilo koje hrane<\/span><\/span> <\/span><\/li>\n<li><span class=\"VIiyi\" lang=\"sl\"><span class=\"JLqJ4b ChMk0b\" data-language-for-alternatives=\"sl\" data-language-to-translate-into=\"en\" data-phrase-index=\"8\" data-number-of-phrases=\"9\"><span class=\"Q4iAWc\">bez melase<\/span><\/span><\/span><\/li>\n<\/ul>\n<p><strong>Koli\u010dina: 15 kg<\/strong><\/p>\n","protected":false},"featured_media":119628,"template":"","meta":{"footnotes":""},"product_brand":[],"product_cat":[5710,6906,6089],"product_tag":[],"class_list":{"0":"post-104142","1":"product","2":"type-product","3":"status-publish","4":"has-post-thumbnail","6":"product_cat-hrana-za-konje-hr","7":"product_cat-linija-plus","8":"product_cat-marstall-hr","9":"product_shipping_class-marstall-hr","11":"first","12":"instock","13":"sale","14":"shipping-taxable","15":"purchasable","16":"product-type-simple"},"yoast_head":"<!-- This site is optimized with the Yoast SEO plugin v27.4 - https:\/\/yoast.com\/product\/yoast-seo-wordpress\/ -->\n<title>Marstall Mash - Clair<\/title>\n<meta name=\"description\" content=\"Marstall Mash je prakti\u010dna hrana za konje, za zdravu probavu i lijepu sjajnu dlaku. Najve\u0107a prednost je njegova brza i jednostavna priprema!\" \/>\n<meta name=\"robots\" content=\"index, follow, max-snippet:-1, max-image-preview:large, max-video-preview:-1\" \/>\n<link rel=\"canonical\" href=\"https:\/\/clair.si\/izdelek\/marstall-mash\/\" \/>\n<meta property=\"og:locale\" content=\"hr_HR\" \/>\n<meta property=\"og:type\" content=\"article\" \/>\n<meta property=\"og:title\" content=\"Marstall Mash - Clair\" \/>\n<meta property=\"og:description\" content=\"Marstall Mash je prakti\u010dna hrana za konje, za zdravu probavu i lijepu sjajnu dlaku. Najve\u0107a prednost je njegova brza i jednostavna priprema!\" \/>\n<meta property=\"og:url\" content=\"https:\/\/clair.si\/izdelek\/marstall-mash\/\" \/>\n<meta property=\"og:site_name\" content=\"Clair\" \/>\n<meta property=\"article:publisher\" content=\"https:\/\/www.facebook.com\/TrgovinaClair\/\" \/>\n<meta property=\"article:modified_time\" content=\"2025-11-28T18:44:18+00:00\" \/>\n<meta property=\"og:image\" content=\"https:\/\/clair.si\/wp-content\/uploads\/2022\/05\/mash-marstall-za-konje-hrana-kasa.jpg\" \/>\n\t<meta property=\"og:image:width\" content=\"800\" \/>\n\t<meta property=\"og:image:height\" content=\"800\" \/>\n\t<meta property=\"og:image:type\" content=\"image\/jpeg\" \/>\n<meta name=\"twitter:card\" content=\"summary_large_image\" \/>\n<meta name=\"twitter:label1\" content=\"Procijenjeno vrijeme \u010ditanja\" \/>\n\t<meta name=\"twitter:data1\" content=\"2 minute\" \/>\n<script type=\"application\/ld+json\" class=\"yoast-schema-graph\">{\"@context\":\"https:\\\/\\\/schema.org\",\"@graph\":[{\"@type\":\"WebPage\",\"@id\":\"https:\\\/\\\/clair.si\\\/izdelek\\\/marstall-mash\\\/\",\"url\":\"https:\\\/\\\/clair.si\\\/izdelek\\\/marstall-mash\\\/\",\"name\":\"Marstall Mash - Clair\",\"isPartOf\":{\"@id\":\"https:\\\/\\\/clair.si\\\/#website\"},\"primaryImageOfPage\":{\"@id\":\"https:\\\/\\\/clair.si\\\/izdelek\\\/marstall-mash\\\/#primaryimage\"},\"image\":{\"@id\":\"https:\\\/\\\/clair.si\\\/izdelek\\\/marstall-mash\\\/#primaryimage\"},\"thumbnailUrl\":\"https:\\\/\\\/clair.si\\\/wp-content\\\/uploads\\\/2022\\\/05\\\/Mash.webp\",\"datePublished\":\"2022-05-24T10:30:04+00:00\",\"dateModified\":\"2025-11-28T18:44:18+00:00\",\"description\":\"Marstall Mash je prakti\u010dna hrana za konje, za zdravu probavu i lijepu sjajnu dlaku. Najve\u0107a prednost je njegova brza i jednostavna priprema!\",\"breadcrumb\":{\"@id\":\"https:\\\/\\\/clair.si\\\/izdelek\\\/marstall-mash\\\/#breadcrumb\"},\"inLanguage\":\"hr\",\"potentialAction\":[{\"@type\":\"ReadAction\",\"target\":[\"https:\\\/\\\/clair.si\\\/izdelek\\\/marstall-mash\\\/\"]}]},{\"@type\":\"ImageObject\",\"inLanguage\":\"hr\",\"@id\":\"https:\\\/\\\/clair.si\\\/izdelek\\\/marstall-mash\\\/#primaryimage\",\"url\":\"https:\\\/\\\/clair.si\\\/wp-content\\\/uploads\\\/2022\\\/05\\\/Mash.webp\",\"contentUrl\":\"https:\\\/\\\/clair.si\\\/wp-content\\\/uploads\\\/2022\\\/05\\\/Mash.webp\",\"width\":800,\"height\":800},{\"@type\":\"BreadcrumbList\",\"@id\":\"https:\\\/\\\/clair.si\\\/izdelek\\\/marstall-mash\\\/#breadcrumb\",\"itemListElement\":[{\"@type\":\"ListItem\",\"position\":1,\"name\":\"Home\",\"item\":\"https:\\\/\\\/clair.si\\\/hr\\\/\"},{\"@type\":\"ListItem\",\"position\":2,\"name\":\"Trgovina\",\"item\":\"https:\\\/\\\/clair.si\\\/trgovina\\\/\"},{\"@type\":\"ListItem\",\"position\":3,\"name\":\"Marstall Mash\"}]},{\"@type\":\"WebSite\",\"@id\":\"https:\\\/\\\/clair.si\\\/#website\",\"url\":\"https:\\\/\\\/clair.si\\\/\",\"name\":\"Clair\",\"description\":\"Trgovina s konjeni\u0161ko opremo\",\"publisher\":{\"@id\":\"https:\\\/\\\/clair.si\\\/#organization\"},\"potentialAction\":[{\"@type\":\"SearchAction\",\"target\":{\"@type\":\"EntryPoint\",\"urlTemplate\":\"https:\\\/\\\/clair.si\\\/?s={search_term_string}\"},\"query-input\":{\"@type\":\"PropertyValueSpecification\",\"valueRequired\":true,\"valueName\":\"search_term_string\"}}],\"inLanguage\":\"hr\"},{\"@type\":\"Organization\",\"@id\":\"https:\\\/\\\/clair.si\\\/#organization\",\"name\":\"Clair\",\"url\":\"https:\\\/\\\/clair.si\\\/\",\"logo\":{\"@type\":\"ImageObject\",\"inLanguage\":\"hr\",\"@id\":\"https:\\\/\\\/clair.si\\\/#\\\/schema\\\/logo\\\/image\\\/\",\"url\":\"https:\\\/\\\/clair.si\\\/wp-content\\\/uploads\\\/2022\\\/11\\\/clair_logo_2022.jpg\",\"contentUrl\":\"https:\\\/\\\/clair.si\\\/wp-content\\\/uploads\\\/2022\\\/11\\\/clair_logo_2022.jpg\",\"width\":1920,\"height\":1920,\"caption\":\"Clair\"},\"image\":{\"@id\":\"https:\\\/\\\/clair.si\\\/#\\\/schema\\\/logo\\\/image\\\/\"},\"sameAs\":[\"https:\\\/\\\/www.facebook.com\\\/TrgovinaClair\\\/\"]}]}<\/script>\n<!-- \/ Yoast SEO plugin. -->","yoast_head_json":{"title":"Marstall Mash - Clair","description":"Marstall Mash je prakti\u010dna hrana za konje, za zdravu probavu i lijepu sjajnu dlaku. Najve\u0107a prednost je njegova brza i jednostavna priprema!","robots":{"index":"index","follow":"follow","max-snippet":"max-snippet:-1","max-image-preview":"max-image-preview:large","max-video-preview":"max-video-preview:-1"},"canonical":"https:\/\/clair.si\/izdelek\/marstall-mash\/","og_locale":"hr_HR","og_type":"article","og_title":"Marstall Mash - Clair","og_description":"Marstall Mash je prakti\u010dna hrana za konje, za zdravu probavu i lijepu sjajnu dlaku. Najve\u0107a prednost je njegova brza i jednostavna priprema!","og_url":"https:\/\/clair.si\/izdelek\/marstall-mash\/","og_site_name":"Clair","article_publisher":"https:\/\/www.facebook.com\/TrgovinaClair\/","article_modified_time":"2025-11-28T18:44:18+00:00","og_image":[{"width":800,"height":800,"url":"https:\/\/clair.si\/wp-content\/uploads\/2022\/05\/mash-marstall-za-konje-hrana-kasa.jpg","type":"image\/jpeg"}],"twitter_card":"summary_large_image","twitter_misc":{"Procijenjeno vrijeme \u010ditanja":"2 minute"},"schema":{"@context":"https:\/\/schema.org","@graph":[{"@type":"WebPage","@id":"https:\/\/clair.si\/izdelek\/marstall-mash\/","url":"https:\/\/clair.si\/izdelek\/marstall-mash\/","name":"Marstall Mash - Clair","isPartOf":{"@id":"https:\/\/clair.si\/#website"},"primaryImageOfPage":{"@id":"https:\/\/clair.si\/izdelek\/marstall-mash\/#primaryimage"},"image":{"@id":"https:\/\/clair.si\/izdelek\/marstall-mash\/#primaryimage"},"thumbnailUrl":"https:\/\/clair.si\/wp-content\/uploads\/2022\/05\/Mash.webp","datePublished":"2022-05-24T10:30:04+00:00","dateModified":"2025-11-28T18:44:18+00:00","description":"Marstall Mash je prakti\u010dna hrana za konje, za zdravu probavu i lijepu sjajnu dlaku. Najve\u0107a prednost je njegova brza i jednostavna priprema!","breadcrumb":{"@id":"https:\/\/clair.si\/izdelek\/marstall-mash\/#breadcrumb"},"inLanguage":"hr","potentialAction":[{"@type":"ReadAction","target":["https:\/\/clair.si\/izdelek\/marstall-mash\/"]}]},{"@type":"ImageObject","inLanguage":"hr","@id":"https:\/\/clair.si\/izdelek\/marstall-mash\/#primaryimage","url":"https:\/\/clair.si\/wp-content\/uploads\/2022\/05\/Mash.webp","contentUrl":"https:\/\/clair.si\/wp-content\/uploads\/2022\/05\/Mash.webp","width":800,"height":800},{"@type":"BreadcrumbList","@id":"https:\/\/clair.si\/izdelek\/marstall-mash\/#breadcrumb","itemListElement":[{"@type":"ListItem","position":1,"name":"Home","item":"https:\/\/clair.si\/hr\/"},{"@type":"ListItem","position":2,"name":"Trgovina","item":"https:\/\/clair.si\/trgovina\/"},{"@type":"ListItem","position":3,"name":"Marstall Mash"}]},{"@type":"WebSite","@id":"https:\/\/clair.si\/#website","url":"https:\/\/clair.si\/","name":"Clair","description":"Trgovina s konjeni\u0161ko opremo","publisher":{"@id":"https:\/\/clair.si\/#organization"},"potentialAction":[{"@type":"SearchAction","target":{"@type":"EntryPoint","urlTemplate":"https:\/\/clair.si\/?s={search_term_string}"},"query-input":{"@type":"PropertyValueSpecification","valueRequired":true,"valueName":"search_term_string"}}],"inLanguage":"hr"},{"@type":"Organization","@id":"https:\/\/clair.si\/#organization","name":"Clair","url":"https:\/\/clair.si\/","logo":{"@type":"ImageObject","inLanguage":"hr","@id":"https:\/\/clair.si\/#\/schema\/logo\/image\/","url":"https:\/\/clair.si\/wp-content\/uploads\/2022\/11\/clair_logo_2022.jpg","contentUrl":"https:\/\/clair.si\/wp-content\/uploads\/2022\/11\/clair_logo_2022.jpg","width":1920,"height":1920,"caption":"Clair"},"image":{"@id":"https:\/\/clair.si\/#\/schema\/logo\/image\/"},"sameAs":["https:\/\/www.facebook.com\/TrgovinaClair\/"]}]}},"_links":{"self":[{"href":"https:\/\/clair.si\/hr\/wp-json\/wp\/v2\/product\/104142","targetHints":{"allow":["GET"]}}],"collection":[{"href":"https:\/\/clair.si\/hr\/wp-json\/wp\/v2\/product"}],"about":[{"href":"https:\/\/clair.si\/hr\/wp-json\/wp\/v2\/types\/product"}],"version-history":[{"count":0,"href":"https:\/\/clair.si\/hr\/wp-json\/wp\/v2\/product\/104142\/revisions"}],"wp:featuredmedia":[{"embeddable":true,"href":"https:\/\/clair.si\/hr\/wp-json\/wp\/v2\/media\/119628"}],"wp:attachment":[{"href":"https:\/\/clair.si\/hr\/wp-json\/wp\/v2\/media?parent=104142"}],"wp:term":[{"taxonomy":"product_brand","embeddable":true,"href":"https:\/\/clair.si\/hr\/wp-json\/wp\/v2\/product_brand?post=104142"},{"taxonomy":"product_cat","embeddable":true,"href":"https:\/\/clair.si\/hr\/wp-json\/wp\/v2\/product_cat?post=104142"},{"taxonomy":"product_tag","embeddable":true,"href":"https:\/\/clair.si\/hr\/wp-json\/wp\/v2\/product_tag?post=104142"}],"curies":[{"name":"wp","href":"https:\/\/api.w.org\/{rel}","templated":true}]}}