{"id":104146,"date":"2022-05-24T12:48:35","date_gmt":"2022-05-24T10:48:35","guid":{"rendered":"https:\/\/clair.si\/izdelek\/marstall-force\/"},"modified":"2026-03-27T10:00:13","modified_gmt":"2026-03-27T09:00:13","slug":"marstall-force","status":"publish","type":"product","link":"https:\/\/clair.si\/hr\/izdelek\/marstall-force\/","title":{"rendered":"Marstall Force"},"content":{"rendered":"<p><span class=\"VIiyi\" lang=\"sl\"><span class=\"JLqJ4b\" data-language-for-alternatives=\"sl\" data-language-to-translate-into=\"en\" data-phrase-index=\"0\" data-number-of-phrases=\"1\"><span class=\"Q4iAWc\"><strong>Marstall Force<\/strong> je krmni dodatak s koncentriranim sadr\u017eajem minerala, vitamina i elemenata u tragovima.<\/span><\/span><\/span><\/p>\n<p><span class=\"VIiyi\" lang=\"sl\"><span class=\"JLqJ4b\" data-language-for-alternatives=\"sl\" data-language-to-translate-into=\"en\" data-phrase-index=\"0\" data-number-of-phrases=\"1\"><span class=\"Q4iAWc\"> Izuzetno mali peleti su odli\u010dnog okusa i sadr\u017ee dragocjeni pivski kvasac, ali bez \u017eitarica. Marstall Force opskrbljuje konje za slobodno vrijeme i sport klju\u010dnim mineralima, koji \u010desto nedostaju u obi\u010dnoj krmi sastavljenoj od sijena i \u017eitarica. <\/span><\/span><\/span><\/p>\n<p><span class=\"VIiyi\" lang=\"sl\"><span class=\"JLqJ4b\" data-language-for-alternatives=\"sl\" data-language-to-translate-into=\"en\" data-phrase-index=\"0\" data-number-of-phrases=\"1\"><span class=\"Q4iAWc\">Potrebe za energijom i bjelan\u010devinama svakog konja se vrlo razlikuju i uvijek ovise o obavljenom poslu i konstituciji konja. Razlikuju se i potrebe za mineralima, elementima u tragovima i vitaminima. Budu\u0107i da je ve\u0107ina pa\u0161njaka i ko\u0161nih travnjaka siroma\u0161na raznoliko\u0161\u0107u biljnih vrsta, gotovo svi konji bi trebali primati mineralnu krmu ili mineralizirani dodatak, kako bi nadoknadili hranjive tvari koje nedostaju u njihovoj krmi. <\/span><\/span><\/span><\/p>\n<p><span class=\"VIiyi\" lang=\"sl\"><span class=\"JLqJ4b\" data-language-for-alternatives=\"sl\" data-language-to-translate-into=\"en\" data-phrase-index=\"0\" data-number-of-phrases=\"1\"><span class=\"Q4iAWc\"><strong>Marstall Force<\/strong> je posebno kvalitetna mineralna hrana za sve konje svih dobi i pasmina. Marstall Force ima \u0161irok omjer Ca:P, zbog \u010dega je idealan za uravnote\u017eenje prehrane s \u010distim sijenom i \u017eitaricama, iako ga se mo\u017ee kombinirati i s drugim krmivima. To se posebno preporu\u010duje ako konj dobiva manje koli\u010dine krme od preporu\u010denih. <\/span><\/span><\/span><\/p>\n<p><span class=\"VIiyi\" lang=\"sl\"><span class=\"JLqJ4b\" data-language-for-alternatives=\"sl\" data-language-to-translate-into=\"en\" data-phrase-index=\"0\" data-number-of-phrases=\"1\"><span class=\"Q4iAWc\"><strong>Marstall Force<\/strong> sadr\u017ei sve klju\u010dne minerale, vitamine i elemente u tragovima, kao \u0161to su selen, bakar i cink. To u potpunosti dopunjuje i uravnote\u017euje krmu sa sijenom i \u017eitom. Vrlo je ukusan, pa ga konji lako prihva\u0107aju. <\/span><\/span><\/span><\/p>\n<p><span class=\"VIiyi\" lang=\"sl\"><span class=\"JLqJ4b\" data-language-for-alternatives=\"sl\" data-language-to-translate-into=\"en\" data-phrase-index=\"0\" data-number-of-phrases=\"1\"><span class=\"Q4iAWc\"><strong>Marstall Force<\/strong> je bez \u017eitarica i stoga je prikladan za sve konje koji ne podnose \u017eitarice ili imaju metaboli\u010dke probleme, kao \u0161to su EMS ili Cushingova bolest.<\/span><\/span><\/span><\/p>\n<p>&nbsp;<\/p>\n<p><strong>Sastav:<\/strong><\/p>\n<p><em><span class=\"VIiyi\" lang=\"sl\"><span class=\"JLqJ4b ChMk0b\" data-language-for-alternatives=\"sl\" data-language-to-translate-into=\"en\" data-phrase-index=\"0\" data-number-of-phrases=\"2\"><span class=\"Q4iAWc\">Trava, su\u0161ena pri visokoj temperaturi (26,00 %), suhe gro\u017e\u0111ane tropine (20,00 %), natrijev klorid (15,00 %), kalcijev karbonat (12,00 %), monokalcijev fosfat (8,00 %), magnezijev oksid (6,00 %),<\/span><\/span> <span class=\"JLqJ4b ChMk0b\" data-language-for-alternatives=\"sl\" data-language-to-translate-into=\"en\" data-phrase-index=\"1\" data-number-of-phrases=\"2\"><span class=\"Q4iAWc\">(4,00 %), repi\u010dino ulje, rafinirano (2,00 %).<\/span><\/span><\/span><\/em><\/p>\n<p>Analiti\u010dki sastav: sirove bjelan\u010devine (SB): 4,30 %, probavljive sirove bjelan\u010devine (PSB): 3,30 %, sirova mast (SM): 3,90 %, sirova vlaknina (SV): 12,00 %, sirovi pepeo (SP): 48,00 %, energija (DE): 3,40 MJ\/kg, energija (ME) GfE 2014: 3,20 MJ\/kg, \u0161krob: 0,15 %, \u0161e\u0107eri: 5,00 %, kalcij: 6,00 %, fosfor: 2,00 %, natrij: 5,80 %, magnezij: 4,50 %.Nutritivni dodaci (na 1 kg): U masti topljivi vitamini: vitamin A (E 672) 480.000,00 I.E., vitamin D3 (E 671) 20.000,00 I.E., vitamin E 6.500,00 mg, vitamin K3 80,00 mg. U vodi topljivi vitamini: vitamin C (3a312) 1.500,00 mg, vitamin B1 (3a821) 300,00 mg, vitamin B2 (riboflavin) 120,00 mg, vitamin B6 (piridoksin hidroklorid (3a831)) 250,00 mg, vitamin B12 (cianokobalamin) 2.000,00 \u00b5g, biotin (3a880) 12.000,00 \u00b5g, folna kiselina (3a316) 200,00 mg, holin klorid (3a890) 5.100,00 mg, kalcijev D-pantotenat (3a841) 270,00 mg, niacin (3a314) 440,00 mg. Elementi u tragovima: \u017eeljezo kao \u017eeljezov (II) sulfat, monohidrat (E1) 2.800,00 mg, bakar kao bakrov sulfat, pentahidrat (E4) 700,00 mg, cink kao cinkov oksid (E 6) 5.000,00 mg, mangan kao manganov (II) oksid (E 5) 2.000,00 mg, jod kao bezvodni kalcijev jodat (E 2) 17,00 mg, selen kao natrijev selenit (E 8) 16,10 mg.<\/p>\n<p>\u010cuvati na \u010distom, suhom i hladnom mjestu.<\/p>\n","protected":false},"excerpt":{"rendered":"<p><span class=\"VIiyi\" lang=\"sl\"><span class=\"JLqJ4b ChMk0b\" data-language-for-alternatives=\"sl\" data-language-to-translate-into=\"en\" data-phrase-index=\"0\" data-number-of-phrases=\"9\"><span class=\"Q4iAWc\"><strong>Mineralno-vitaminski dodatak<\/strong> <\/span><\/span><\/span><\/p>\n<ul>\n<li><span class=\"VIiyi\" lang=\"sl\"> <span class=\"JLqJ4b ChMk0b\" data-language-for-alternatives=\"sl\" data-language-to-translate-into=\"en\" data-phrase-index=\"2\" data-number-of-phrases=\"9\"><span class=\"Q4iAWc\">bez \u017eitarica i melase<\/span><\/span> <\/span><\/li>\n<li><span class=\"VIiyi\" lang=\"sl\"><span class=\"JLqJ4b ChMk0b\" data-language-for-alternatives=\"sl\" data-language-to-translate-into=\"en\" data-phrase-index=\"4\" data-number-of-phrases=\"9\"><span class=\"Q4iAWc\">minerali<\/span><\/span><\/span><\/li>\n<li><span class=\"VIiyi\" lang=\"sl\"><span class=\"JLqJ4b ChMk0b\" data-language-for-alternatives=\"sl\" data-language-to-translate-into=\"en\" data-phrase-index=\"4\" data-number-of-phrases=\"9\"><span class=\"Q4iAWc\">elementi u tragovima<\/span><\/span><\/span><\/li>\n<li><span class=\"VIiyi\" lang=\"sl\"><span class=\"JLqJ4b ChMk0b\" data-language-for-alternatives=\"sl\" data-language-to-translate-into=\"en\" data-phrase-index=\"4\" data-number-of-phrases=\"9\"><span class=\"Q4iAWc\">vitamini<\/span><\/span> <\/span><\/li>\n<li><span class=\"VIiyi\" lang=\"sl\"> <span class=\"JLqJ4b ChMk0b\" data-language-for-alternatives=\"sl\" data-language-to-translate-into=\"en\" data-phrase-index=\"8\" data-number-of-phrases=\"9\"><span class=\"Q4iAWc\">\u0161irok omjer Ca:P<\/span><\/span><\/span><\/li>\n<\/ul>\n","protected":false},"featured_media":119604,"template":"","meta":{"footnotes":""},"product_brand":[],"product_cat":[580,590,564,1965],"product_tag":[],"class_list":{"0":"post-104146","1":"product","2":"type-product","3":"status-publish","4":"has-post-thumbnail","6":"product_cat-hrana-za-konje","7":"product_cat-marstall-plus-linija-prehrane-za-konje","8":"product_cat-marstall-hrana-za-konje","9":"product_cat-prehranski-dodatki","11":"first","12":"instock","13":"featured","14":"shipping-taxable","15":"purchasable","16":"product-type-variable"},"yoast_head":"<!-- This site is optimized with the Yoast SEO plugin v27.3 - https:\/\/yoast.com\/product\/yoast-seo-wordpress\/ -->\n<title>Marstall Force - Clair<\/title>\n<meta name=\"description\" content=\"Marstall Force opskrbljuje konja potrebnim vitaminima i mineralima. Osigurajte svom konju kvalitetne dodatke priznate marke Marstall.\" \/>\n<meta name=\"robots\" content=\"index, follow, max-snippet:-1, max-image-preview:large, max-video-preview:-1\" \/>\n<link rel=\"canonical\" href=\"https:\/\/clair.si\/izdelek\/marstall-force\/\" \/>\n<meta property=\"og:locale\" content=\"hr_HR\" \/>\n<meta property=\"og:type\" content=\"article\" \/>\n<meta property=\"og:title\" content=\"Marstall Force - Clair\" \/>\n<meta property=\"og:description\" content=\"Marstall Force opskrbljuje konja potrebnim vitaminima i mineralima. Osigurajte svom konju kvalitetne dodatke priznate marke Marstall.\" \/>\n<meta property=\"og:url\" content=\"https:\/\/clair.si\/izdelek\/marstall-force\/\" \/>\n<meta property=\"og:site_name\" content=\"Clair\" \/>\n<meta property=\"article:publisher\" content=\"https:\/\/www.facebook.com\/TrgovinaClair\/\" \/>\n<meta property=\"article:modified_time\" content=\"2026-03-27T09:00:13+00:00\" \/>\n<meta property=\"og:image\" content=\"https:\/\/clair.si\/wp-content\/uploads\/2022\/05\/marstall-force-minerali-in-vitamini-za-konja.jpg\" \/>\n\t<meta property=\"og:image:width\" content=\"800\" \/>\n\t<meta property=\"og:image:height\" content=\"800\" \/>\n\t<meta property=\"og:image:type\" content=\"image\/jpeg\" \/>\n<meta name=\"twitter:card\" content=\"summary_large_image\" \/>\n<meta name=\"twitter:label1\" content=\"Procijenjeno vrijeme \u010ditanja\" \/>\n\t<meta name=\"twitter:data1\" content=\"3 minute\" \/>\n<script type=\"application\/ld+json\" class=\"yoast-schema-graph\">{\"@context\":\"https:\\\/\\\/schema.org\",\"@graph\":[{\"@type\":\"WebPage\",\"@id\":\"https:\\\/\\\/clair.si\\\/izdelek\\\/marstall-force\\\/\",\"url\":\"https:\\\/\\\/clair.si\\\/izdelek\\\/marstall-force\\\/\",\"name\":\"Marstall Force - Clair\",\"isPartOf\":{\"@id\":\"https:\\\/\\\/clair.si\\\/#website\"},\"primaryImageOfPage\":{\"@id\":\"https:\\\/\\\/clair.si\\\/izdelek\\\/marstall-force\\\/#primaryimage\"},\"image\":{\"@id\":\"https:\\\/\\\/clair.si\\\/izdelek\\\/marstall-force\\\/#primaryimage\"},\"thumbnailUrl\":\"https:\\\/\\\/clair.si\\\/wp-content\\\/uploads\\\/2022\\\/05\\\/Force-35kg-1.webp\",\"datePublished\":\"2022-05-24T10:48:35+00:00\",\"dateModified\":\"2026-03-27T09:00:13+00:00\",\"description\":\"Marstall Force opskrbljuje konja potrebnim vitaminima i mineralima. Osigurajte svom konju kvalitetne dodatke priznate marke Marstall.\",\"breadcrumb\":{\"@id\":\"https:\\\/\\\/clair.si\\\/izdelek\\\/marstall-force\\\/#breadcrumb\"},\"inLanguage\":\"hr\",\"potentialAction\":[{\"@type\":\"ReadAction\",\"target\":[\"https:\\\/\\\/clair.si\\\/izdelek\\\/marstall-force\\\/\"]}]},{\"@type\":\"ImageObject\",\"inLanguage\":\"hr\",\"@id\":\"https:\\\/\\\/clair.si\\\/izdelek\\\/marstall-force\\\/#primaryimage\",\"url\":\"https:\\\/\\\/clair.si\\\/wp-content\\\/uploads\\\/2022\\\/05\\\/Force-35kg-1.webp\",\"contentUrl\":\"https:\\\/\\\/clair.si\\\/wp-content\\\/uploads\\\/2022\\\/05\\\/Force-35kg-1.webp\",\"width\":800,\"height\":800},{\"@type\":\"BreadcrumbList\",\"@id\":\"https:\\\/\\\/clair.si\\\/izdelek\\\/marstall-force\\\/#breadcrumb\",\"itemListElement\":[{\"@type\":\"ListItem\",\"position\":1,\"name\":\"Home\",\"item\":\"https:\\\/\\\/clair.si\\\/hr\\\/\"},{\"@type\":\"ListItem\",\"position\":2,\"name\":\"Trgovina\",\"item\":\"https:\\\/\\\/clair.si\\\/trgovina\\\/\"},{\"@type\":\"ListItem\",\"position\":3,\"name\":\"Marstall Force\"}]},{\"@type\":\"WebSite\",\"@id\":\"https:\\\/\\\/clair.si\\\/#website\",\"url\":\"https:\\\/\\\/clair.si\\\/\",\"name\":\"Clair\",\"description\":\"Trgovina s konjeni\u0161ko opremo\",\"publisher\":{\"@id\":\"https:\\\/\\\/clair.si\\\/#organization\"},\"potentialAction\":[{\"@type\":\"SearchAction\",\"target\":{\"@type\":\"EntryPoint\",\"urlTemplate\":\"https:\\\/\\\/clair.si\\\/?s={search_term_string}\"},\"query-input\":{\"@type\":\"PropertyValueSpecification\",\"valueRequired\":true,\"valueName\":\"search_term_string\"}}],\"inLanguage\":\"hr\"},{\"@type\":\"Organization\",\"@id\":\"https:\\\/\\\/clair.si\\\/#organization\",\"name\":\"Clair\",\"url\":\"https:\\\/\\\/clair.si\\\/\",\"logo\":{\"@type\":\"ImageObject\",\"inLanguage\":\"hr\",\"@id\":\"https:\\\/\\\/clair.si\\\/#\\\/schema\\\/logo\\\/image\\\/\",\"url\":\"https:\\\/\\\/clair.si\\\/wp-content\\\/uploads\\\/2022\\\/11\\\/clair_logo_2022.jpg\",\"contentUrl\":\"https:\\\/\\\/clair.si\\\/wp-content\\\/uploads\\\/2022\\\/11\\\/clair_logo_2022.jpg\",\"width\":1920,\"height\":1920,\"caption\":\"Clair\"},\"image\":{\"@id\":\"https:\\\/\\\/clair.si\\\/#\\\/schema\\\/logo\\\/image\\\/\"},\"sameAs\":[\"https:\\\/\\\/www.facebook.com\\\/TrgovinaClair\\\/\"]}]}<\/script>\n<!-- \/ Yoast SEO plugin. -->","yoast_head_json":{"title":"Marstall Force - Clair","description":"Marstall Force opskrbljuje konja potrebnim vitaminima i mineralima. Osigurajte svom konju kvalitetne dodatke priznate marke Marstall.","robots":{"index":"index","follow":"follow","max-snippet":"max-snippet:-1","max-image-preview":"max-image-preview:large","max-video-preview":"max-video-preview:-1"},"canonical":"https:\/\/clair.si\/izdelek\/marstall-force\/","og_locale":"hr_HR","og_type":"article","og_title":"Marstall Force - Clair","og_description":"Marstall Force opskrbljuje konja potrebnim vitaminima i mineralima. Osigurajte svom konju kvalitetne dodatke priznate marke Marstall.","og_url":"https:\/\/clair.si\/izdelek\/marstall-force\/","og_site_name":"Clair","article_publisher":"https:\/\/www.facebook.com\/TrgovinaClair\/","article_modified_time":"2026-03-27T09:00:13+00:00","og_image":[{"width":800,"height":800,"url":"https:\/\/clair.si\/wp-content\/uploads\/2022\/05\/marstall-force-minerali-in-vitamini-za-konja.jpg","type":"image\/jpeg"}],"twitter_card":"summary_large_image","twitter_misc":{"Procijenjeno vrijeme \u010ditanja":"3 minute"},"schema":{"@context":"https:\/\/schema.org","@graph":[{"@type":"WebPage","@id":"https:\/\/clair.si\/izdelek\/marstall-force\/","url":"https:\/\/clair.si\/izdelek\/marstall-force\/","name":"Marstall Force - Clair","isPartOf":{"@id":"https:\/\/clair.si\/#website"},"primaryImageOfPage":{"@id":"https:\/\/clair.si\/izdelek\/marstall-force\/#primaryimage"},"image":{"@id":"https:\/\/clair.si\/izdelek\/marstall-force\/#primaryimage"},"thumbnailUrl":"https:\/\/clair.si\/wp-content\/uploads\/2022\/05\/Force-35kg-1.webp","datePublished":"2022-05-24T10:48:35+00:00","dateModified":"2026-03-27T09:00:13+00:00","description":"Marstall Force opskrbljuje konja potrebnim vitaminima i mineralima. Osigurajte svom konju kvalitetne dodatke priznate marke Marstall.","breadcrumb":{"@id":"https:\/\/clair.si\/izdelek\/marstall-force\/#breadcrumb"},"inLanguage":"hr","potentialAction":[{"@type":"ReadAction","target":["https:\/\/clair.si\/izdelek\/marstall-force\/"]}]},{"@type":"ImageObject","inLanguage":"hr","@id":"https:\/\/clair.si\/izdelek\/marstall-force\/#primaryimage","url":"https:\/\/clair.si\/wp-content\/uploads\/2022\/05\/Force-35kg-1.webp","contentUrl":"https:\/\/clair.si\/wp-content\/uploads\/2022\/05\/Force-35kg-1.webp","width":800,"height":800},{"@type":"BreadcrumbList","@id":"https:\/\/clair.si\/izdelek\/marstall-force\/#breadcrumb","itemListElement":[{"@type":"ListItem","position":1,"name":"Home","item":"https:\/\/clair.si\/hr\/"},{"@type":"ListItem","position":2,"name":"Trgovina","item":"https:\/\/clair.si\/trgovina\/"},{"@type":"ListItem","position":3,"name":"Marstall Force"}]},{"@type":"WebSite","@id":"https:\/\/clair.si\/#website","url":"https:\/\/clair.si\/","name":"Clair","description":"Trgovina s konjeni\u0161ko opremo","publisher":{"@id":"https:\/\/clair.si\/#organization"},"potentialAction":[{"@type":"SearchAction","target":{"@type":"EntryPoint","urlTemplate":"https:\/\/clair.si\/?s={search_term_string}"},"query-input":{"@type":"PropertyValueSpecification","valueRequired":true,"valueName":"search_term_string"}}],"inLanguage":"hr"},{"@type":"Organization","@id":"https:\/\/clair.si\/#organization","name":"Clair","url":"https:\/\/clair.si\/","logo":{"@type":"ImageObject","inLanguage":"hr","@id":"https:\/\/clair.si\/#\/schema\/logo\/image\/","url":"https:\/\/clair.si\/wp-content\/uploads\/2022\/11\/clair_logo_2022.jpg","contentUrl":"https:\/\/clair.si\/wp-content\/uploads\/2022\/11\/clair_logo_2022.jpg","width":1920,"height":1920,"caption":"Clair"},"image":{"@id":"https:\/\/clair.si\/#\/schema\/logo\/image\/"},"sameAs":["https:\/\/www.facebook.com\/TrgovinaClair\/"]}]}},"_links":{"self":[{"href":"https:\/\/clair.si\/hr\/wp-json\/wp\/v2\/product\/104146","targetHints":{"allow":["GET"]}}],"collection":[{"href":"https:\/\/clair.si\/hr\/wp-json\/wp\/v2\/product"}],"about":[{"href":"https:\/\/clair.si\/hr\/wp-json\/wp\/v2\/types\/product"}],"version-history":[{"count":2,"href":"https:\/\/clair.si\/hr\/wp-json\/wp\/v2\/product\/104146\/revisions"}],"predecessor-version":[{"id":119521,"href":"https:\/\/clair.si\/hr\/wp-json\/wp\/v2\/product\/104146\/revisions\/119521"}],"wp:featuredmedia":[{"embeddable":true,"href":"https:\/\/clair.si\/hr\/wp-json\/wp\/v2\/media\/119604"}],"wp:attachment":[{"href":"https:\/\/clair.si\/hr\/wp-json\/wp\/v2\/media?parent=104146"}],"wp:term":[{"taxonomy":"product_brand","embeddable":true,"href":"https:\/\/clair.si\/hr\/wp-json\/wp\/v2\/product_brand?post=104146"},{"taxonomy":"product_cat","embeddable":true,"href":"https:\/\/clair.si\/hr\/wp-json\/wp\/v2\/product_cat?post=104146"},{"taxonomy":"product_tag","embeddable":true,"href":"https:\/\/clair.si\/hr\/wp-json\/wp\/v2\/product_tag?post=104146"}],"curies":[{"name":"wp","href":"https:\/\/api.w.org\/{rel}","templated":true}]}}