{"id":104172,"date":"2022-05-24T13:37:28","date_gmt":"2022-05-24T11:37:28","guid":{"rendered":"https:\/\/clair.si\/izdelek\/marstall-huf-regulator\/"},"modified":"2025-08-27T15:03:49","modified_gmt":"2025-08-27T13:03:49","slug":"marstall-huf-regulator","status":"publish","type":"product","link":"https:\/\/clair.si\/hr\/izdelek\/marstall-huf-regulator\/","title":{"rendered":"Marstall Huf-Regulator"},"content":{"rendered":"<p><span class=\"VIiyi\" lang=\"sl\"><span class=\"JLqJ4b\" data-language-for-alternatives=\"sl\" data-language-to-translate-into=\"en\" data-phrase-index=\"0\" data-number-of-phrases=\"1\"><span class=\"Q4iAWc\"><strong>Marstall Huf-Regulator<\/strong> podr\u017eava regeneraciju o\u0161te\u0107enih kopita i poti\u010de rast sna\u017ene, zdrave ro\u017eine. Marstall Huf-Regulator je idealan za konje s krhkim i mekanim kopitima.  <\/span><\/span><\/span><\/p>\n<p><span class=\"VIiyi\" lang=\"sl\"><span class=\"JLqJ4b\" data-language-for-alternatives=\"sl\" data-language-to-translate-into=\"en\" data-phrase-index=\"0\" data-number-of-phrases=\"1\"><span class=\"Q4iAWc\">Za razliku od tradicionalnih dodataka za kopita, koji se temelje na visokoj razini biotina, sadr\u017ei organske elemente u tragovima i vi\u0161e prirodnih sastojaka, kao \u0161to su bilje za ja\u010danje krvnog optoka. To zna\u010di da je primjeren i kao potporni krmni dodatak za konje s laminitisom.  <\/span><\/span><\/span><\/p>\n<p><span class=\"VIiyi\" lang=\"sl\"><span class=\"JLqJ4b\" data-language-for-alternatives=\"sl\" data-language-to-translate-into=\"en\" data-phrase-index=\"0\" data-number-of-phrases=\"1\"><span class=\"Q4iAWc\">Dermalne stanice lamela u kopitu primaju bolju opskrbu hranjivim tvarima, \u0161to poti\u010de stani\u010dni metabolizam i nastanak novih stanica. Marstall Huf-Regulator ima smisla hraniti ako su kopita ve\u0107 o\u0161te\u0107ena ili ako \u017eelite pobolj\u0161ati op\u0107u kvalitetu ro\u017eine. U slu\u010dajevima laminitisa razli\u010diti \u010dimbenici uzrokuju lan\u010danu reakciju, koja uvijek dovodi do problema s cirkulacijom krvi u lamelama. Kao negativan rezultat, plo\u010de, koje tvore elasti\u010dnu potporu za kopitnu kost, se odvajaju. To odvajanje omogu\u0107uje rotaciju kopitnice i u najgorem slu\u010daju mo\u017ee probiti potplat.    <\/span><\/span><\/span><\/p>\n<p>&nbsp;<\/p>\n<p><strong>Sastav Marstall Huf-Regulator:<\/strong><\/p>\n<div>Trava, su\u0161ena pri visokoj temperaturi, lanena poga\u010da, jabu\u010dna pulpa, su\u0161ena, aromati\u010dno bilje (kopriva, kamilica, korijen masla\u010dka, mati\u010dnjak, bilje ma\u0107uhice, listovi trpuca, listovi oraha) (10,00 %), pivski kvasac, morske alge, kurkuma (3,00 %), \u010de\u0161njak, su\u0161en (granuliran), ulje uljane repice rafinirano<\/div>\n<div>\n<p>Sirove bjelan\u010devine: 15,50 %, probavljive sirove bjelan\u010devine: 125,00 g, sirove masti: 2,60 %, sirova vlakna: 8,80 %, sirovi pepeo: 19,00 %, energija (DE): 9,30 MJ, energija (ME): 8,40 MJ, kalcij: 3,40 %, fosfor: 0,30 %, natrij: 0,05 %, magnezij: 0,60 %, lizin: 0,45 %, aminokiseline sumpora (metionin + cistein): 6,70 %, treonin: 0,40 %, vitamin E: 12.000,00 mg, biotin: 675,00 \u00b5g, bakrov kelat s glicinom, hidrat: 400,00 mg, cinkov kelat s glicinom, hidrat: 2.800,00 mg, DL-metionin: 6,40 %, dijatomejska zemlja: 80,00 g.<\/p>\n<\/div>\n<div><\/div>\n","protected":false},"excerpt":{"rendered":"<ul>\n<li>formula bez \u017eitarica na prirodnoj osnovi<\/li>\n<li>pobolj\u0161ava dugoro\u010dnu kvalitetu i rast ro\u017eine<\/li>\n<li>bogato mineralima, vitaminima, aminokiselinama i biljem korisnim za kopita<\/li>\n<li>sadr\u017ei 100 % korisni metionin<\/li>\n<li>ne temelji se na vi\u0161kovima biotina kao ve\u0107ina sli\u010dnih proizvoda<\/li>\n<\/ul>\n","protected":false},"featured_media":104180,"template":"","meta":{"footnotes":""},"product_brand":[],"product_cat":[6090,5710,6089,6091,5712],"product_tag":[],"class_list":{"0":"post-104172","1":"product","2":"type-product","3":"status-publish","4":"has-post-thumbnail","6":"product_cat-bez-zitarica","7":"product_cat-hrana-za-konje-hr","8":"product_cat-marstall-hr","9":"product_cat-marstall-special-hr","10":"product_cat-prehrambeni-dodaci","12":"first","13":"instock","14":"shipping-taxable","15":"purchasable","16":"product-type-variable"},"yoast_head":"<!-- This site is optimized with the Yoast SEO plugin v27.3 - https:\/\/yoast.com\/product\/yoast-seo-wordpress\/ -->\n<title>Marstall Huf-Regulator - Clair<\/title>\n<meta name=\"description\" content=\"Marstall Huf-Regulator podr\u017eava regeneraciju o\u0161te\u0107enih kopita i poti\u010de rast sna\u017ene, zdrave ro\u017eine. Pogledajte ponudu hrane Marstall!\" \/>\n<meta name=\"robots\" content=\"index, follow, max-snippet:-1, max-image-preview:large, max-video-preview:-1\" \/>\n<link rel=\"canonical\" href=\"https:\/\/clair.si\/hr\/izdelek\/marstall-huf-regulator\/\" \/>\n<meta property=\"og:locale\" content=\"hr_HR\" \/>\n<meta property=\"og:type\" content=\"article\" \/>\n<meta property=\"og:title\" content=\"Marstall Huf-Regulator - Clair\" \/>\n<meta property=\"og:description\" content=\"Marstall Huf-Regulator podr\u017eava regeneraciju o\u0161te\u0107enih kopita i poti\u010de rast sna\u017ene, zdrave ro\u017eine. Pogledajte ponudu hrane Marstall!\" \/>\n<meta property=\"og:url\" content=\"https:\/\/clair.si\/hr\/izdelek\/marstall-huf-regulator\/\" \/>\n<meta property=\"og:site_name\" content=\"Clair\" \/>\n<meta property=\"article:publisher\" content=\"https:\/\/www.facebook.com\/TrgovinaClair\/\" \/>\n<meta property=\"article:modified_time\" content=\"2025-08-27T13:03:49+00:00\" \/>\n<meta property=\"og:image\" content=\"https:\/\/clair.si\/wp-content\/uploads\/2022\/05\/Marstall-Huf-Regulator-za-kopita.jpg\" \/>\n\t<meta property=\"og:image:width\" content=\"800\" \/>\n\t<meta property=\"og:image:height\" content=\"800\" \/>\n\t<meta property=\"og:image:type\" content=\"image\/jpeg\" \/>\n<meta name=\"twitter:card\" content=\"summary_large_image\" \/>\n<meta name=\"twitter:label1\" content=\"Procijenjeno vrijeme \u010ditanja\" \/>\n\t<meta name=\"twitter:data1\" content=\"1 minuta\" \/>\n<script type=\"application\/ld+json\" class=\"yoast-schema-graph\">{\"@context\":\"https:\\\/\\\/schema.org\",\"@graph\":[{\"@type\":\"WebPage\",\"@id\":\"https:\\\/\\\/clair.si\\\/hr\\\/izdelek\\\/marstall-huf-regulator\\\/\",\"url\":\"https:\\\/\\\/clair.si\\\/hr\\\/izdelek\\\/marstall-huf-regulator\\\/\",\"name\":\"Marstall Huf-Regulator - Clair\",\"isPartOf\":{\"@id\":\"https:\\\/\\\/clair.si\\\/#website\"},\"primaryImageOfPage\":{\"@id\":\"https:\\\/\\\/clair.si\\\/hr\\\/izdelek\\\/marstall-huf-regulator\\\/#primaryimage\"},\"image\":{\"@id\":\"https:\\\/\\\/clair.si\\\/hr\\\/izdelek\\\/marstall-huf-regulator\\\/#primaryimage\"},\"thumbnailUrl\":\"https:\\\/\\\/clair.si\\\/wp-content\\\/uploads\\\/2022\\\/05\\\/Marstall-Huf-Regulator-za-kopita.webp\",\"datePublished\":\"2022-05-24T11:37:28+00:00\",\"dateModified\":\"2025-08-27T13:03:49+00:00\",\"description\":\"Marstall Huf-Regulator podr\u017eava regeneraciju o\u0161te\u0107enih kopita i poti\u010de rast sna\u017ene, zdrave ro\u017eine. Pogledajte ponudu hrane Marstall!\",\"breadcrumb\":{\"@id\":\"https:\\\/\\\/clair.si\\\/hr\\\/izdelek\\\/marstall-huf-regulator\\\/#breadcrumb\"},\"inLanguage\":\"hr\",\"potentialAction\":[{\"@type\":\"ReadAction\",\"target\":[\"https:\\\/\\\/clair.si\\\/hr\\\/izdelek\\\/marstall-huf-regulator\\\/\"]}]},{\"@type\":\"ImageObject\",\"inLanguage\":\"hr\",\"@id\":\"https:\\\/\\\/clair.si\\\/hr\\\/izdelek\\\/marstall-huf-regulator\\\/#primaryimage\",\"url\":\"https:\\\/\\\/clair.si\\\/wp-content\\\/uploads\\\/2022\\\/05\\\/Marstall-Huf-Regulator-za-kopita.webp\",\"contentUrl\":\"https:\\\/\\\/clair.si\\\/wp-content\\\/uploads\\\/2022\\\/05\\\/Marstall-Huf-Regulator-za-kopita.webp\",\"width\":800,\"height\":800},{\"@type\":\"BreadcrumbList\",\"@id\":\"https:\\\/\\\/clair.si\\\/hr\\\/izdelek\\\/marstall-huf-regulator\\\/#breadcrumb\",\"itemListElement\":[{\"@type\":\"ListItem\",\"position\":1,\"name\":\"Home\",\"item\":\"https:\\\/\\\/clair.si\\\/hr\\\/\"},{\"@type\":\"ListItem\",\"position\":2,\"name\":\"Trgovina\",\"item\":\"https:\\\/\\\/clair.si\\\/trgovina\\\/\"},{\"@type\":\"ListItem\",\"position\":3,\"name\":\"Marstall Huf-Regulator\"}]},{\"@type\":\"WebSite\",\"@id\":\"https:\\\/\\\/clair.si\\\/#website\",\"url\":\"https:\\\/\\\/clair.si\\\/\",\"name\":\"Clair\",\"description\":\"Trgovina s konjeni\u0161ko opremo\",\"publisher\":{\"@id\":\"https:\\\/\\\/clair.si\\\/#organization\"},\"potentialAction\":[{\"@type\":\"SearchAction\",\"target\":{\"@type\":\"EntryPoint\",\"urlTemplate\":\"https:\\\/\\\/clair.si\\\/?s={search_term_string}\"},\"query-input\":{\"@type\":\"PropertyValueSpecification\",\"valueRequired\":true,\"valueName\":\"search_term_string\"}}],\"inLanguage\":\"hr\"},{\"@type\":\"Organization\",\"@id\":\"https:\\\/\\\/clair.si\\\/#organization\",\"name\":\"Clair\",\"url\":\"https:\\\/\\\/clair.si\\\/\",\"logo\":{\"@type\":\"ImageObject\",\"inLanguage\":\"hr\",\"@id\":\"https:\\\/\\\/clair.si\\\/#\\\/schema\\\/logo\\\/image\\\/\",\"url\":\"https:\\\/\\\/clair.si\\\/wp-content\\\/uploads\\\/2022\\\/11\\\/clair_logo_2022.jpg\",\"contentUrl\":\"https:\\\/\\\/clair.si\\\/wp-content\\\/uploads\\\/2022\\\/11\\\/clair_logo_2022.jpg\",\"width\":1920,\"height\":1920,\"caption\":\"Clair\"},\"image\":{\"@id\":\"https:\\\/\\\/clair.si\\\/#\\\/schema\\\/logo\\\/image\\\/\"},\"sameAs\":[\"https:\\\/\\\/www.facebook.com\\\/TrgovinaClair\\\/\"]}]}<\/script>\n<!-- \/ Yoast SEO plugin. -->","yoast_head_json":{"title":"Marstall Huf-Regulator - Clair","description":"Marstall Huf-Regulator podr\u017eava regeneraciju o\u0161te\u0107enih kopita i poti\u010de rast sna\u017ene, zdrave ro\u017eine. Pogledajte ponudu hrane Marstall!","robots":{"index":"index","follow":"follow","max-snippet":"max-snippet:-1","max-image-preview":"max-image-preview:large","max-video-preview":"max-video-preview:-1"},"canonical":"https:\/\/clair.si\/hr\/izdelek\/marstall-huf-regulator\/","og_locale":"hr_HR","og_type":"article","og_title":"Marstall Huf-Regulator - Clair","og_description":"Marstall Huf-Regulator podr\u017eava regeneraciju o\u0161te\u0107enih kopita i poti\u010de rast sna\u017ene, zdrave ro\u017eine. Pogledajte ponudu hrane Marstall!","og_url":"https:\/\/clair.si\/hr\/izdelek\/marstall-huf-regulator\/","og_site_name":"Clair","article_publisher":"https:\/\/www.facebook.com\/TrgovinaClair\/","article_modified_time":"2025-08-27T13:03:49+00:00","og_image":[{"width":800,"height":800,"url":"https:\/\/clair.si\/wp-content\/uploads\/2022\/05\/Marstall-Huf-Regulator-za-kopita.jpg","type":"image\/jpeg"}],"twitter_card":"summary_large_image","twitter_misc":{"Procijenjeno vrijeme \u010ditanja":"1 minuta"},"schema":{"@context":"https:\/\/schema.org","@graph":[{"@type":"WebPage","@id":"https:\/\/clair.si\/hr\/izdelek\/marstall-huf-regulator\/","url":"https:\/\/clair.si\/hr\/izdelek\/marstall-huf-regulator\/","name":"Marstall Huf-Regulator - Clair","isPartOf":{"@id":"https:\/\/clair.si\/#website"},"primaryImageOfPage":{"@id":"https:\/\/clair.si\/hr\/izdelek\/marstall-huf-regulator\/#primaryimage"},"image":{"@id":"https:\/\/clair.si\/hr\/izdelek\/marstall-huf-regulator\/#primaryimage"},"thumbnailUrl":"https:\/\/clair.si\/wp-content\/uploads\/2022\/05\/Marstall-Huf-Regulator-za-kopita.webp","datePublished":"2022-05-24T11:37:28+00:00","dateModified":"2025-08-27T13:03:49+00:00","description":"Marstall Huf-Regulator podr\u017eava regeneraciju o\u0161te\u0107enih kopita i poti\u010de rast sna\u017ene, zdrave ro\u017eine. Pogledajte ponudu hrane Marstall!","breadcrumb":{"@id":"https:\/\/clair.si\/hr\/izdelek\/marstall-huf-regulator\/#breadcrumb"},"inLanguage":"hr","potentialAction":[{"@type":"ReadAction","target":["https:\/\/clair.si\/hr\/izdelek\/marstall-huf-regulator\/"]}]},{"@type":"ImageObject","inLanguage":"hr","@id":"https:\/\/clair.si\/hr\/izdelek\/marstall-huf-regulator\/#primaryimage","url":"https:\/\/clair.si\/wp-content\/uploads\/2022\/05\/Marstall-Huf-Regulator-za-kopita.webp","contentUrl":"https:\/\/clair.si\/wp-content\/uploads\/2022\/05\/Marstall-Huf-Regulator-za-kopita.webp","width":800,"height":800},{"@type":"BreadcrumbList","@id":"https:\/\/clair.si\/hr\/izdelek\/marstall-huf-regulator\/#breadcrumb","itemListElement":[{"@type":"ListItem","position":1,"name":"Home","item":"https:\/\/clair.si\/hr\/"},{"@type":"ListItem","position":2,"name":"Trgovina","item":"https:\/\/clair.si\/trgovina\/"},{"@type":"ListItem","position":3,"name":"Marstall Huf-Regulator"}]},{"@type":"WebSite","@id":"https:\/\/clair.si\/#website","url":"https:\/\/clair.si\/","name":"Clair","description":"Trgovina s konjeni\u0161ko opremo","publisher":{"@id":"https:\/\/clair.si\/#organization"},"potentialAction":[{"@type":"SearchAction","target":{"@type":"EntryPoint","urlTemplate":"https:\/\/clair.si\/?s={search_term_string}"},"query-input":{"@type":"PropertyValueSpecification","valueRequired":true,"valueName":"search_term_string"}}],"inLanguage":"hr"},{"@type":"Organization","@id":"https:\/\/clair.si\/#organization","name":"Clair","url":"https:\/\/clair.si\/","logo":{"@type":"ImageObject","inLanguage":"hr","@id":"https:\/\/clair.si\/#\/schema\/logo\/image\/","url":"https:\/\/clair.si\/wp-content\/uploads\/2022\/11\/clair_logo_2022.jpg","contentUrl":"https:\/\/clair.si\/wp-content\/uploads\/2022\/11\/clair_logo_2022.jpg","width":1920,"height":1920,"caption":"Clair"},"image":{"@id":"https:\/\/clair.si\/#\/schema\/logo\/image\/"},"sameAs":["https:\/\/www.facebook.com\/TrgovinaClair\/"]}]}},"_links":{"self":[{"href":"https:\/\/clair.si\/hr\/wp-json\/wp\/v2\/product\/104172","targetHints":{"allow":["GET"]}}],"collection":[{"href":"https:\/\/clair.si\/hr\/wp-json\/wp\/v2\/product"}],"about":[{"href":"https:\/\/clair.si\/hr\/wp-json\/wp\/v2\/types\/product"}],"version-history":[{"count":0,"href":"https:\/\/clair.si\/hr\/wp-json\/wp\/v2\/product\/104172\/revisions"}],"wp:featuredmedia":[{"embeddable":true,"href":"https:\/\/clair.si\/hr\/wp-json\/wp\/v2\/media\/104180"}],"wp:attachment":[{"href":"https:\/\/clair.si\/hr\/wp-json\/wp\/v2\/media?parent=104172"}],"wp:term":[{"taxonomy":"product_brand","embeddable":true,"href":"https:\/\/clair.si\/hr\/wp-json\/wp\/v2\/product_brand?post=104172"},{"taxonomy":"product_cat","embeddable":true,"href":"https:\/\/clair.si\/hr\/wp-json\/wp\/v2\/product_cat?post=104172"},{"taxonomy":"product_tag","embeddable":true,"href":"https:\/\/clair.si\/hr\/wp-json\/wp\/v2\/product_tag?post=104172"}],"curies":[{"name":"wp","href":"https:\/\/api.w.org\/{rel}","templated":true}]}}