{"id":104183,"date":"2022-05-27T10:39:43","date_gmt":"2022-05-27T08:39:43","guid":{"rendered":"https:\/\/clair.si\/izdelek\/marstall-magnezij\/"},"modified":"2025-12-17T08:58:59","modified_gmt":"2025-12-17T07:58:59","slug":"marstall-magnezij","status":"publish","type":"product","link":"https:\/\/clair.si\/hr\/izdelek\/marstall-magnezij\/","title":{"rendered":"Marstall Magnezij"},"content":{"rendered":"<p><span class=\"VIiyi\" lang=\"sl\"><span class=\"JLqJ4b ChMk0b\" data-language-for-alternatives=\"sl\" data-language-to-translate-into=\"en\" data-phrase-index=\"0\" data-number-of-phrases=\"10\"><span class=\"Q4iAWc\"><strong>Marstall Magnezij<\/strong> je visokokvalitetni dodatak prehrani za borbu protiv nedostatka magnezija i osiguravanje smirenih \u017eivaca, fleksibilnih mi\u0161i\u0107a i brzog oporavka nakon napora.<\/span><\/span> <\/span><\/p>\n<p><span class=\"VIiyi\" lang=\"sl\"><span class=\"JLqJ4b ChMk0b\" data-language-for-alternatives=\"sl\" data-language-to-translate-into=\"en\" data-phrase-index=\"2\" data-number-of-phrases=\"10\"><span class=\"Q4iAWc\">Marstall Magnezij poma\u017ee konju da se opusti, kako psihi\u010dki tako i fizi\u010dki.<\/span><\/span> <span class=\"JLqJ4b ChMk0b\" data-language-for-alternatives=\"sl\" data-language-to-translate-into=\"en\" data-phrase-index=\"4\" data-number-of-phrases=\"10\"><span class=\"Q4iAWc\">Ako tijelu nedostaje magnezija, to mo\u017ee uzrokovati napetost, tjeskobu i gr\u010deve.<\/span><\/span> <span class=\"JLqJ4b ChMk0b\" data-language-for-alternatives=\"sl\" data-language-to-translate-into=\"en\" data-phrase-index=\"5\" data-number-of-phrases=\"10\"><span class=\"Q4iAWc\">Ciljano dodavanje magnezija mo\u017ee sprije\u010diti te posljedice, jer magnezij poma\u017ee mi\u0161i\u0107ima da se opuste.<\/span><\/span> <\/span><\/p>\n<p><span class=\"VIiyi\" lang=\"sl\"><strong>M<\/strong><span class=\"JLqJ4b ChMk0b\" data-language-for-alternatives=\"sl\" data-language-to-translate-into=\"en\" data-phrase-index=\"6\" data-number-of-phrases=\"10\"><span class=\"Q4iAWc\"><strong>arstall Magnezij<\/strong> sadr\u017ei organski oblik, magnezijev fumarat, koji tijelo posebno lako apsorbira, zajedno s vitaminima B i E, kalcijem i selenom.<\/span><\/span> <span class=\"JLqJ4b ChMk0b\" data-language-for-alternatives=\"sl\" data-language-to-translate-into=\"en\" data-phrase-index=\"7\" data-number-of-phrases=\"10\"><span class=\"Q4iAWc\">Ova kombinacija poma\u017ee razgraditi slobodne radikale i optimizirati metabolizam energije i opskrbu mi\u0161i\u0107nih stanica kisikom.<\/span><\/span><\/span><\/p>\n<p><span class=\"VIiyi\" lang=\"sl\"> <span class=\"JLqJ4b ChMk0b\" data-language-for-alternatives=\"sl\" data-language-to-translate-into=\"en\" data-phrase-index=\"9\" data-number-of-phrases=\"10\"><span class=\"Q4iAWc\">Marstall Magnezij, uz pomo\u0107 organskih magnezijevih spojeva, umiruje \u017eiv\u010dani sustav i podr\u017eava brzi oporavak nakon napora.<\/span><\/span><\/span><\/p>\n<p>&nbsp;<\/p>\n<p><strong>Sastav Marstall Magnezija:<\/strong><\/p>\n<p><em><span class=\"VIiyi\" lang=\"sl\"><span class=\"JLqJ4b ChMk0b\" data-language-for-alternatives=\"sl\" data-language-to-translate-into=\"en\" data-phrase-index=\"0\" data-number-of-phrases=\"1\"><span class=\"Q4iAWc\">Trava, su\u0161ena na visokoj temperaturi (iz Allg\u00e4ua), ekstrahirana lanena zrna, pivovarska zrna, magnezijev oksid (16,30 %), kalcijev karbonat, pivski kvasac, magnezijev fumarat (1,40 %).<\/span><\/span><\/span><\/em><\/p>\n<p>Analiti\u010dki sastav: sirove bjelan\u010devine (SB): 13,8 %, sirova mast (SM): 6,9 %, sirovi pepeo (SP): 40,4 %, kalcij: 8,50 %, magnezij: 8,20 %, fosfor: 0,4 %, natrij: 0,1 %.<br \/>\nNutritivni dodaci (na 1 kg):<br \/>\nU mastima topljivi vitamini: vitamin E 42.000,00 mg.<br \/>\nU vodi topljivi vitamini: vitamin B1 (3a821) 600,00 mg, vitamin B12 (cijanokobalamin) 83.000,00 \u00b5g.<\/p>\n","protected":false},"excerpt":{"rendered":"<p><span class=\"VIiyi\" lang=\"sl\"><strong><span class=\"JLqJ4b ChMk0b\" data-language-for-alternatives=\"sl\" data-language-to-translate-into=\"en\" data-phrase-index=\"0\" data-number-of-phrases=\"7\"><span class=\"Q4iAWc\">Za smirenje i opu\u0161tanje<\/span><\/span><\/strong> <\/span><\/p>\n<ul>\n<li><span class=\"VIiyi\" lang=\"sl\"><span class=\"JLqJ4b ChMk0b\" data-language-for-alternatives=\"sl\" data-language-to-translate-into=\"en\" data-phrase-index=\"2\" data-number-of-phrases=\"7\"><span class=\"Q4iAWc\">s organskim magnezijem <\/span><\/span><\/span><\/li>\n<li><span class=\"VIiyi\" lang=\"sl\"><span class=\"JLqJ4b ChMk0b\" data-language-for-alternatives=\"sl\" data-language-to-translate-into=\"en\" data-phrase-index=\"2\" data-number-of-phrases=\"7\"><span class=\"Q4iAWc\">sa selenom te vitaminima B i vitaminom E<\/span><\/span> <\/span><\/li>\n<li><span class=\"VIiyi\" lang=\"sl\"><span class=\"JLqJ4b ChMk0b\" data-language-for-alternatives=\"sl\" data-language-to-translate-into=\"en\" data-phrase-index=\"4\" data-number-of-phrases=\"7\"><span class=\"Q4iAWc\">za smanjenje stresnih reakcija<\/span><\/span> <\/span><\/li>\n<li><span class=\"VIiyi\" lang=\"sl\"><span class=\"JLqJ4b ChMk0b\" data-language-for-alternatives=\"sl\" data-language-to-translate-into=\"en\" data-phrase-index=\"6\" data-number-of-phrases=\"7\"><span class=\"Q4iAWc\">peletirana dijetalna hrana bez \u017eitarica<\/span><\/span><\/span><\/li>\n<\/ul>\n","protected":false},"featured_media":104185,"template":"","meta":{"footnotes":""},"product_brand":[],"product_cat":[5710,6089,6091,5712],"product_tag":[],"class_list":{"0":"post-104183","1":"product","2":"type-product","3":"status-publish","4":"has-post-thumbnail","6":"product_cat-hrana-za-konje-hr","7":"product_cat-marstall-hr","8":"product_cat-marstall-special-hr","9":"product_cat-prehrambeni-dodaci","11":"first","12":"instock","13":"sale","14":"shipping-taxable","15":"purchasable","16":"product-type-variable"},"yoast_head":"<!-- This site is optimized with the Yoast SEO plugin v27.4 - https:\/\/yoast.com\/product\/yoast-seo-wordpress\/ -->\n<title>Marstall Magnezij - Clair<\/title>\n<meta name=\"description\" content=\"Marstall Magnezij je visokokvalitetni dodatak za borbu protiv nedostatka magnezija i osiguravanje smirenih \u017eivaca. Provjerite na na\u0161oj web stranici!\" \/>\n<meta name=\"robots\" content=\"index, follow, max-snippet:-1, max-image-preview:large, max-video-preview:-1\" \/>\n<link rel=\"canonical\" href=\"https:\/\/clair.si\/hr\/izdelek\/marstall-magnezij\/\" \/>\n<meta property=\"og:locale\" content=\"hr_HR\" \/>\n<meta property=\"og:type\" content=\"article\" \/>\n<meta property=\"og:title\" content=\"Marstall Magnezij - Clair\" \/>\n<meta property=\"og:description\" content=\"Marstall Magnezij je visokokvalitetni dodatak za borbu protiv nedostatka magnezija i osiguravanje smirenih \u017eivaca. Provjerite na na\u0161oj web stranici!\" \/>\n<meta property=\"og:url\" content=\"https:\/\/clair.si\/hr\/izdelek\/marstall-magnezij\/\" \/>\n<meta property=\"og:site_name\" content=\"Clair\" \/>\n<meta property=\"article:publisher\" content=\"https:\/\/www.facebook.com\/TrgovinaClair\/\" \/>\n<meta property=\"article:modified_time\" content=\"2025-12-17T07:58:59+00:00\" \/>\n<meta property=\"og:image\" content=\"https:\/\/clair.si\/wp-content\/uploads\/2022\/05\/Marstall-magnesium-hrana-za-konje-1kg.jpg\" \/>\n\t<meta property=\"og:image:width\" content=\"1500\" \/>\n\t<meta property=\"og:image:height\" content=\"1500\" \/>\n\t<meta property=\"og:image:type\" content=\"image\/jpeg\" \/>\n<meta name=\"twitter:card\" content=\"summary_large_image\" \/>\n<meta name=\"twitter:label1\" content=\"Procijenjeno vrijeme \u010ditanja\" \/>\n\t<meta name=\"twitter:data1\" content=\"1 minuta\" \/>\n<script type=\"application\/ld+json\" class=\"yoast-schema-graph\">{\"@context\":\"https:\\\/\\\/schema.org\",\"@graph\":[{\"@type\":\"WebPage\",\"@id\":\"https:\\\/\\\/clair.si\\\/hr\\\/izdelek\\\/marstall-magnezij\\\/\",\"url\":\"https:\\\/\\\/clair.si\\\/hr\\\/izdelek\\\/marstall-magnezij\\\/\",\"name\":\"Marstall Magnezij - Clair\",\"isPartOf\":{\"@id\":\"https:\\\/\\\/clair.si\\\/#website\"},\"primaryImageOfPage\":{\"@id\":\"https:\\\/\\\/clair.si\\\/hr\\\/izdelek\\\/marstall-magnezij\\\/#primaryimage\"},\"image\":{\"@id\":\"https:\\\/\\\/clair.si\\\/hr\\\/izdelek\\\/marstall-magnezij\\\/#primaryimage\"},\"thumbnailUrl\":\"https:\\\/\\\/clair.si\\\/wp-content\\\/uploads\\\/2022\\\/05\\\/Marstall-magnesium-hrana-za-konje-1kg.webp\",\"datePublished\":\"2022-05-27T08:39:43+00:00\",\"dateModified\":\"2025-12-17T07:58:59+00:00\",\"description\":\"Marstall Magnezij je visokokvalitetni dodatak za borbu protiv nedostatka magnezija i osiguravanje smirenih \u017eivaca. Provjerite na na\u0161oj web stranici!\",\"breadcrumb\":{\"@id\":\"https:\\\/\\\/clair.si\\\/hr\\\/izdelek\\\/marstall-magnezij\\\/#breadcrumb\"},\"inLanguage\":\"hr\",\"potentialAction\":[{\"@type\":\"ReadAction\",\"target\":[\"https:\\\/\\\/clair.si\\\/hr\\\/izdelek\\\/marstall-magnezij\\\/\"]}]},{\"@type\":\"ImageObject\",\"inLanguage\":\"hr\",\"@id\":\"https:\\\/\\\/clair.si\\\/hr\\\/izdelek\\\/marstall-magnezij\\\/#primaryimage\",\"url\":\"https:\\\/\\\/clair.si\\\/wp-content\\\/uploads\\\/2022\\\/05\\\/Marstall-magnesium-hrana-za-konje-1kg.webp\",\"contentUrl\":\"https:\\\/\\\/clair.si\\\/wp-content\\\/uploads\\\/2022\\\/05\\\/Marstall-magnesium-hrana-za-konje-1kg.webp\",\"width\":1500,\"height\":1500,\"caption\":\"Marstall Magnesium hrana za konje.\"},{\"@type\":\"BreadcrumbList\",\"@id\":\"https:\\\/\\\/clair.si\\\/hr\\\/izdelek\\\/marstall-magnezij\\\/#breadcrumb\",\"itemListElement\":[{\"@type\":\"ListItem\",\"position\":1,\"name\":\"Home\",\"item\":\"https:\\\/\\\/clair.si\\\/hr\\\/\"},{\"@type\":\"ListItem\",\"position\":2,\"name\":\"Trgovina\",\"item\":\"https:\\\/\\\/clair.si\\\/trgovina\\\/\"},{\"@type\":\"ListItem\",\"position\":3,\"name\":\"Marstall Magnezij\"}]},{\"@type\":\"WebSite\",\"@id\":\"https:\\\/\\\/clair.si\\\/#website\",\"url\":\"https:\\\/\\\/clair.si\\\/\",\"name\":\"Clair\",\"description\":\"Trgovina s konjeni\u0161ko opremo\",\"publisher\":{\"@id\":\"https:\\\/\\\/clair.si\\\/#organization\"},\"potentialAction\":[{\"@type\":\"SearchAction\",\"target\":{\"@type\":\"EntryPoint\",\"urlTemplate\":\"https:\\\/\\\/clair.si\\\/?s={search_term_string}\"},\"query-input\":{\"@type\":\"PropertyValueSpecification\",\"valueRequired\":true,\"valueName\":\"search_term_string\"}}],\"inLanguage\":\"hr\"},{\"@type\":\"Organization\",\"@id\":\"https:\\\/\\\/clair.si\\\/#organization\",\"name\":\"Clair\",\"url\":\"https:\\\/\\\/clair.si\\\/\",\"logo\":{\"@type\":\"ImageObject\",\"inLanguage\":\"hr\",\"@id\":\"https:\\\/\\\/clair.si\\\/#\\\/schema\\\/logo\\\/image\\\/\",\"url\":\"https:\\\/\\\/clair.si\\\/wp-content\\\/uploads\\\/2022\\\/11\\\/clair_logo_2022.jpg\",\"contentUrl\":\"https:\\\/\\\/clair.si\\\/wp-content\\\/uploads\\\/2022\\\/11\\\/clair_logo_2022.jpg\",\"width\":1920,\"height\":1920,\"caption\":\"Clair\"},\"image\":{\"@id\":\"https:\\\/\\\/clair.si\\\/#\\\/schema\\\/logo\\\/image\\\/\"},\"sameAs\":[\"https:\\\/\\\/www.facebook.com\\\/TrgovinaClair\\\/\"]}]}<\/script>\n<!-- \/ Yoast SEO plugin. -->","yoast_head_json":{"title":"Marstall Magnezij - Clair","description":"Marstall Magnezij je visokokvalitetni dodatak za borbu protiv nedostatka magnezija i osiguravanje smirenih \u017eivaca. Provjerite na na\u0161oj web stranici!","robots":{"index":"index","follow":"follow","max-snippet":"max-snippet:-1","max-image-preview":"max-image-preview:large","max-video-preview":"max-video-preview:-1"},"canonical":"https:\/\/clair.si\/hr\/izdelek\/marstall-magnezij\/","og_locale":"hr_HR","og_type":"article","og_title":"Marstall Magnezij - Clair","og_description":"Marstall Magnezij je visokokvalitetni dodatak za borbu protiv nedostatka magnezija i osiguravanje smirenih \u017eivaca. Provjerite na na\u0161oj web stranici!","og_url":"https:\/\/clair.si\/hr\/izdelek\/marstall-magnezij\/","og_site_name":"Clair","article_publisher":"https:\/\/www.facebook.com\/TrgovinaClair\/","article_modified_time":"2025-12-17T07:58:59+00:00","og_image":[{"width":1500,"height":1500,"url":"https:\/\/clair.si\/wp-content\/uploads\/2022\/05\/Marstall-magnesium-hrana-za-konje-1kg.jpg","type":"image\/jpeg"}],"twitter_card":"summary_large_image","twitter_misc":{"Procijenjeno vrijeme \u010ditanja":"1 minuta"},"schema":{"@context":"https:\/\/schema.org","@graph":[{"@type":"WebPage","@id":"https:\/\/clair.si\/hr\/izdelek\/marstall-magnezij\/","url":"https:\/\/clair.si\/hr\/izdelek\/marstall-magnezij\/","name":"Marstall Magnezij - Clair","isPartOf":{"@id":"https:\/\/clair.si\/#website"},"primaryImageOfPage":{"@id":"https:\/\/clair.si\/hr\/izdelek\/marstall-magnezij\/#primaryimage"},"image":{"@id":"https:\/\/clair.si\/hr\/izdelek\/marstall-magnezij\/#primaryimage"},"thumbnailUrl":"https:\/\/clair.si\/wp-content\/uploads\/2022\/05\/Marstall-magnesium-hrana-za-konje-1kg.webp","datePublished":"2022-05-27T08:39:43+00:00","dateModified":"2025-12-17T07:58:59+00:00","description":"Marstall Magnezij je visokokvalitetni dodatak za borbu protiv nedostatka magnezija i osiguravanje smirenih \u017eivaca. Provjerite na na\u0161oj web stranici!","breadcrumb":{"@id":"https:\/\/clair.si\/hr\/izdelek\/marstall-magnezij\/#breadcrumb"},"inLanguage":"hr","potentialAction":[{"@type":"ReadAction","target":["https:\/\/clair.si\/hr\/izdelek\/marstall-magnezij\/"]}]},{"@type":"ImageObject","inLanguage":"hr","@id":"https:\/\/clair.si\/hr\/izdelek\/marstall-magnezij\/#primaryimage","url":"https:\/\/clair.si\/wp-content\/uploads\/2022\/05\/Marstall-magnesium-hrana-za-konje-1kg.webp","contentUrl":"https:\/\/clair.si\/wp-content\/uploads\/2022\/05\/Marstall-magnesium-hrana-za-konje-1kg.webp","width":1500,"height":1500,"caption":"Marstall Magnesium hrana za konje."},{"@type":"BreadcrumbList","@id":"https:\/\/clair.si\/hr\/izdelek\/marstall-magnezij\/#breadcrumb","itemListElement":[{"@type":"ListItem","position":1,"name":"Home","item":"https:\/\/clair.si\/hr\/"},{"@type":"ListItem","position":2,"name":"Trgovina","item":"https:\/\/clair.si\/trgovina\/"},{"@type":"ListItem","position":3,"name":"Marstall Magnezij"}]},{"@type":"WebSite","@id":"https:\/\/clair.si\/#website","url":"https:\/\/clair.si\/","name":"Clair","description":"Trgovina s konjeni\u0161ko opremo","publisher":{"@id":"https:\/\/clair.si\/#organization"},"potentialAction":[{"@type":"SearchAction","target":{"@type":"EntryPoint","urlTemplate":"https:\/\/clair.si\/?s={search_term_string}"},"query-input":{"@type":"PropertyValueSpecification","valueRequired":true,"valueName":"search_term_string"}}],"inLanguage":"hr"},{"@type":"Organization","@id":"https:\/\/clair.si\/#organization","name":"Clair","url":"https:\/\/clair.si\/","logo":{"@type":"ImageObject","inLanguage":"hr","@id":"https:\/\/clair.si\/#\/schema\/logo\/image\/","url":"https:\/\/clair.si\/wp-content\/uploads\/2022\/11\/clair_logo_2022.jpg","contentUrl":"https:\/\/clair.si\/wp-content\/uploads\/2022\/11\/clair_logo_2022.jpg","width":1920,"height":1920,"caption":"Clair"},"image":{"@id":"https:\/\/clair.si\/#\/schema\/logo\/image\/"},"sameAs":["https:\/\/www.facebook.com\/TrgovinaClair\/"]}]}},"_links":{"self":[{"href":"https:\/\/clair.si\/hr\/wp-json\/wp\/v2\/product\/104183","targetHints":{"allow":["GET"]}}],"collection":[{"href":"https:\/\/clair.si\/hr\/wp-json\/wp\/v2\/product"}],"about":[{"href":"https:\/\/clair.si\/hr\/wp-json\/wp\/v2\/types\/product"}],"version-history":[{"count":0,"href":"https:\/\/clair.si\/hr\/wp-json\/wp\/v2\/product\/104183\/revisions"}],"wp:featuredmedia":[{"embeddable":true,"href":"https:\/\/clair.si\/hr\/wp-json\/wp\/v2\/media\/104185"}],"wp:attachment":[{"href":"https:\/\/clair.si\/hr\/wp-json\/wp\/v2\/media?parent=104183"}],"wp:term":[{"taxonomy":"product_brand","embeddable":true,"href":"https:\/\/clair.si\/hr\/wp-json\/wp\/v2\/product_brand?post=104183"},{"taxonomy":"product_cat","embeddable":true,"href":"https:\/\/clair.si\/hr\/wp-json\/wp\/v2\/product_cat?post=104183"},{"taxonomy":"product_tag","embeddable":true,"href":"https:\/\/clair.si\/hr\/wp-json\/wp\/v2\/product_tag?post=104183"}],"curies":[{"name":"wp","href":"https:\/\/api.w.org\/{rel}","templated":true}]}}