{"id":104199,"date":"2022-05-27T09:27:03","date_gmt":"2022-05-27T07:27:03","guid":{"rendered":"https:\/\/clair.si\/izdelek\/marstall-darm-regulator\/"},"modified":"2025-08-27T15:04:54","modified_gmt":"2025-08-27T13:04:54","slug":"marstall-darm-regulator","status":"publish","type":"product","link":"https:\/\/clair.si\/hr\/izdelek\/marstall-darm-regulator\/","title":{"rendered":"Marstall Darm-Regulator"},"content":{"rendered":"<p><span class=\"VIiyi\" lang=\"sl\"><span class=\"JLqJ4b\" data-language-for-alternatives=\"sl\" data-language-to-translate-into=\"en\" data-phrase-index=\"0\" data-number-of-phrases=\"1\"><span class=\"Q4iAWc\"><strong>Marstall Darm-Regulator<\/strong> je dodatak prehrani za konje s problemima s vodenastim izmetom. <\/span><\/span><\/span><\/p>\n<p><span class=\"VIiyi\" lang=\"sl\"><span class=\"JLqJ4b\" data-language-for-alternatives=\"sl\" data-language-to-translate-into=\"en\" data-phrase-index=\"0\" data-number-of-phrases=\"1\"><span class=\"Q4iAWc\">Marstall Darm-Regulator djeluje tako da ve\u017ee vodu, dodaje prebiotike i stimulira crijeva. Napravljen je od \u010distih prirodnih sastojaka i ima trostruki u\u010dinak protiv vodenastog izmeta i proljeva. Prvo se stabilizira ravnote\u017ea vode i elektrolita. Drugo, flora stra\u017enjeg dijela crijeva je regulirana i podr\u017eana. Na kraju, biom crijeva uravnavaju umiruju\u0107e biljke i posebna mje\u0161avina crijevima prijateljskih, prebioti\u010dkih prehrambenih vlakana, Marstall Previta vlakana.     <\/span><\/span><\/span><\/p>\n<p><span class=\"VIiyi\" lang=\"sl\"><span class=\"JLqJ4b\" data-language-for-alternatives=\"sl\" data-language-to-translate-into=\"en\" data-phrase-index=\"0\" data-number-of-phrases=\"1\"><span class=\"Q4iAWc\">Marstall Darm-Regulator idealan je za nje\u017enu obnovu crijevne flore, na primjer nakon lije\u010denja lijekovima protiv unutarnjih parazita ili antibioticima. Vodenasti izmet nije posebna bolest, ve\u0107 pojava koja se posljednjih godina sve \u010de\u0161\u0107e pojavljuje kod konja. Uzroci su za svaki slu\u010daj razli\u010diti i \u010desto nisu jasni. Jedino \u0161to je sigurno jest da je vodenasti izmet iznimno neugodan, kako za konja, tako i za vlasnika, a konj treba vi\u0161e njege i umivanja.   <\/span><\/span><\/span><\/p>\n<p>&nbsp;<\/p>\n<p><strong>Sastav Marstall Darm-Regulator:<\/strong><\/p>\n<div><em><span class=\"VIiyi\" lang=\"sl\"><span class=\"JLqJ4b ChMk0b\" data-language-for-alternatives=\"sl\" data-language-to-translate-into=\"en\" data-phrase-index=\"0\" data-number-of-phrases=\"2\"><span class=\"Q4iAWc\">Lignoceluloza (dobivena iz smreke) (48,00 %), trava, su\u0161ena pri visokoj temperaturi (12,70 %), su\u0161ena pulpa cikorije (6,00 %), ulje repice, rafinirano (4,50 %), pulpa \u0161e\u0107erne repe, melasirana (3,60 %), aromati\u010dno bilje<\/span><\/span> <span class=\"JLqJ4b ChMk0b\" data-language-for-alternatives=\"sl\" data-language-to-translate-into=\"en\" data-phrase-index=\"1\" data-number-of-phrases=\"2\"><span class=\"Q4iAWc\">(sjemenke pjegavog badlja, rezana biljka koprive, narezan korijen masla\u010dka, listovi gloga s cvjetovima, mljeveni listovi ru\u017emarina, mljeveni kim (1,00 %)).<\/span><\/span><\/span><\/em><\/div>\n<div><\/div>\n<div>Analiti\u010dki sastav: sirove bjelan\u010devine (SB): 3,20 %, probavljive sirove bjelan\u010devine (PSB): 0,50 %, sirova mast (SM): 2,20 %, sirova vlaknina (SV): 36,80 %, sirovi pepeo (SP): 21,30 %, energija (DE): 3,50 MJ\/kg, energija (ME) GfE 2014: 3,50 MJ\/kg, kalcij: 2,00 %, fosfor: 0,01 %, natrij: 0,01 %.<br \/>\nTehnolo\u0161ki dodaci (na 1 kg): Kieselguhr (E 551 c) 195,00 g, pektin iz jabuka (E 440) 50,00 g.<br \/>\nZootehni\u010dki dodaci (na 1 kg): Saccharomyces cerevisiae CBS 493.94 10,2 x 1010 KBE.<\/div>\n","protected":false},"excerpt":{"rendered":"<p><span class=\"VIiyi\" lang=\"sl\"><span class=\"JLqJ4b ChMk0b\" data-language-for-alternatives=\"sl\" data-language-to-translate-into=\"en\" data-phrase-index=\"0\" data-number-of-phrases=\"9\"><span class=\"Q4iAWc\"><strong>Trostruka formula za borbu protiv vodenastog izmeta<\/strong><\/span><\/span><\/span><\/p>\n<ul>\n<li><span class=\"VIiyi\" lang=\"sl\"><span class=\"JLqJ4b ChMk0b\" data-language-for-alternatives=\"sl\" data-language-to-translate-into=\"en\" data-phrase-index=\"2\" data-number-of-phrases=\"9\"><span class=\"Q4iAWc\">  crijevima prijateljska vlakna <\/span><\/span><\/span><\/li>\n<li><span class=\"VIiyi\" lang=\"sl\"> <span class=\"JLqJ4b ChMk0b\" data-language-for-alternatives=\"sl\" data-language-to-translate-into=\"en\" data-phrase-index=\"4\" data-number-of-phrases=\"9\"><span class=\"Q4iAWc\">za zdravu crijevnu floru<\/span><\/span> <\/span><\/li>\n<li><span class=\"VIiyi\" lang=\"sl\"><span class=\"JLqJ4b ChMk0b\" data-language-for-alternatives=\"sl\" data-language-to-translate-into=\"en\" data-phrase-index=\"6\" data-number-of-phrases=\"9\"><span class=\"Q4iAWc\">stabilizira biom crijeva<\/span><\/span> <\/span><\/li>\n<li><span class=\"VIiyi\" lang=\"sl\"><span class=\"JLqJ4b ChMk0b\" data-language-for-alternatives=\"sl\" data-language-to-translate-into=\"en\" data-phrase-index=\"8\" data-number-of-phrases=\"9\"><span class=\"Q4iAWc\">ve\u017ee vodu<\/span><\/span><\/span><\/li>\n<\/ul>\n<p><strong>Koli\u010dina: 3,5 kg<\/strong><\/p>\n","protected":false},"featured_media":104201,"template":"","meta":{"footnotes":""},"product_brand":[],"product_cat":[5710,6089,6091,5712],"product_tag":[],"class_list":{"0":"post-104199","1":"product","2":"type-product","3":"status-publish","4":"has-post-thumbnail","6":"product_cat-hrana-za-konje-hr","7":"product_cat-marstall-hr","8":"product_cat-marstall-special-hr","9":"product_cat-prehrambeni-dodaci","11":"first","12":"instock","13":"sale","14":"shipping-taxable","15":"purchasable","16":"product-type-simple"},"yoast_head":"<!-- This site is optimized with the Yoast SEO plugin v27.4 - https:\/\/yoast.com\/product\/yoast-seo-wordpress\/ -->\n<title>Marstall Darm-Regulator - Clair<\/title>\n<meta name=\"description\" content=\"Marstall Darm-Regulator djeluje tako da ve\u017ee vodu, dodaje prebiotike i stimulira crijeva te je primjeren za konje s vodenastim izmetom. Provjerite ponudu!\" \/>\n<meta name=\"robots\" content=\"index, follow, max-snippet:-1, max-image-preview:large, max-video-preview:-1\" \/>\n<link rel=\"canonical\" href=\"https:\/\/clair.si\/hr\/izdelek\/marstall-darm-regulator\/\" \/>\n<meta property=\"og:locale\" content=\"hr_HR\" \/>\n<meta property=\"og:type\" content=\"article\" \/>\n<meta property=\"og:title\" content=\"Marstall Darm-Regulator - Clair\" \/>\n<meta property=\"og:description\" content=\"Marstall Darm-Regulator djeluje tako da ve\u017ee vodu, dodaje prebiotike i stimulira crijeva te je primjeren za konje s vodenastim izmetom. Provjerite ponudu!\" \/>\n<meta property=\"og:url\" content=\"https:\/\/clair.si\/hr\/izdelek\/marstall-darm-regulator\/\" \/>\n<meta property=\"og:site_name\" content=\"Clair\" \/>\n<meta property=\"article:publisher\" content=\"https:\/\/www.facebook.com\/TrgovinaClair\/\" \/>\n<meta property=\"article:modified_time\" content=\"2025-08-27T13:04:54+00:00\" \/>\n<meta property=\"og:image\" content=\"https:\/\/clair.si\/wp-content\/uploads\/2022\/05\/marstall-darmregulator-prehranski-dodatek-za-konje.jpg\" \/>\n\t<meta property=\"og:image:width\" content=\"800\" \/>\n\t<meta property=\"og:image:height\" content=\"800\" \/>\n\t<meta property=\"og:image:type\" content=\"image\/jpeg\" \/>\n<meta name=\"twitter:card\" content=\"summary_large_image\" \/>\n<meta name=\"twitter:label1\" content=\"Procijenjeno vrijeme \u010ditanja\" \/>\n\t<meta name=\"twitter:data1\" content=\"1 minuta\" \/>\n<script type=\"application\/ld+json\" class=\"yoast-schema-graph\">{\"@context\":\"https:\\\/\\\/schema.org\",\"@graph\":[{\"@type\":\"WebPage\",\"@id\":\"https:\\\/\\\/clair.si\\\/hr\\\/izdelek\\\/marstall-darm-regulator\\\/\",\"url\":\"https:\\\/\\\/clair.si\\\/hr\\\/izdelek\\\/marstall-darm-regulator\\\/\",\"name\":\"Marstall Darm-Regulator - Clair\",\"isPartOf\":{\"@id\":\"https:\\\/\\\/clair.si\\\/#website\"},\"primaryImageOfPage\":{\"@id\":\"https:\\\/\\\/clair.si\\\/hr\\\/izdelek\\\/marstall-darm-regulator\\\/#primaryimage\"},\"image\":{\"@id\":\"https:\\\/\\\/clair.si\\\/hr\\\/izdelek\\\/marstall-darm-regulator\\\/#primaryimage\"},\"thumbnailUrl\":\"https:\\\/\\\/clair.si\\\/wp-content\\\/uploads\\\/2022\\\/05\\\/marstall-darmregulator-prehranski-dodatek-za-konje.webp\",\"datePublished\":\"2022-05-27T07:27:03+00:00\",\"dateModified\":\"2025-08-27T13:04:54+00:00\",\"description\":\"Marstall Darm-Regulator djeluje tako da ve\u017ee vodu, dodaje prebiotike i stimulira crijeva te je primjeren za konje s vodenastim izmetom. Provjerite ponudu!\",\"breadcrumb\":{\"@id\":\"https:\\\/\\\/clair.si\\\/hr\\\/izdelek\\\/marstall-darm-regulator\\\/#breadcrumb\"},\"inLanguage\":\"hr\",\"potentialAction\":[{\"@type\":\"ReadAction\",\"target\":[\"https:\\\/\\\/clair.si\\\/hr\\\/izdelek\\\/marstall-darm-regulator\\\/\"]}]},{\"@type\":\"ImageObject\",\"inLanguage\":\"hr\",\"@id\":\"https:\\\/\\\/clair.si\\\/hr\\\/izdelek\\\/marstall-darm-regulator\\\/#primaryimage\",\"url\":\"https:\\\/\\\/clair.si\\\/wp-content\\\/uploads\\\/2022\\\/05\\\/marstall-darmregulator-prehranski-dodatek-za-konje.webp\",\"contentUrl\":\"https:\\\/\\\/clair.si\\\/wp-content\\\/uploads\\\/2022\\\/05\\\/marstall-darmregulator-prehranski-dodatek-za-konje.webp\",\"width\":800,\"height\":800,\"caption\":\"Marstall Darm Regulator prehranski dodatek za konje.\"},{\"@type\":\"BreadcrumbList\",\"@id\":\"https:\\\/\\\/clair.si\\\/hr\\\/izdelek\\\/marstall-darm-regulator\\\/#breadcrumb\",\"itemListElement\":[{\"@type\":\"ListItem\",\"position\":1,\"name\":\"Home\",\"item\":\"https:\\\/\\\/clair.si\\\/hr\\\/\"},{\"@type\":\"ListItem\",\"position\":2,\"name\":\"Trgovina\",\"item\":\"https:\\\/\\\/clair.si\\\/trgovina\\\/\"},{\"@type\":\"ListItem\",\"position\":3,\"name\":\"Marstall Darm-Regulator\"}]},{\"@type\":\"WebSite\",\"@id\":\"https:\\\/\\\/clair.si\\\/#website\",\"url\":\"https:\\\/\\\/clair.si\\\/\",\"name\":\"Clair\",\"description\":\"Trgovina s konjeni\u0161ko opremo\",\"publisher\":{\"@id\":\"https:\\\/\\\/clair.si\\\/#organization\"},\"potentialAction\":[{\"@type\":\"SearchAction\",\"target\":{\"@type\":\"EntryPoint\",\"urlTemplate\":\"https:\\\/\\\/clair.si\\\/?s={search_term_string}\"},\"query-input\":{\"@type\":\"PropertyValueSpecification\",\"valueRequired\":true,\"valueName\":\"search_term_string\"}}],\"inLanguage\":\"hr\"},{\"@type\":\"Organization\",\"@id\":\"https:\\\/\\\/clair.si\\\/#organization\",\"name\":\"Clair\",\"url\":\"https:\\\/\\\/clair.si\\\/\",\"logo\":{\"@type\":\"ImageObject\",\"inLanguage\":\"hr\",\"@id\":\"https:\\\/\\\/clair.si\\\/#\\\/schema\\\/logo\\\/image\\\/\",\"url\":\"https:\\\/\\\/clair.si\\\/wp-content\\\/uploads\\\/2022\\\/11\\\/clair_logo_2022.jpg\",\"contentUrl\":\"https:\\\/\\\/clair.si\\\/wp-content\\\/uploads\\\/2022\\\/11\\\/clair_logo_2022.jpg\",\"width\":1920,\"height\":1920,\"caption\":\"Clair\"},\"image\":{\"@id\":\"https:\\\/\\\/clair.si\\\/#\\\/schema\\\/logo\\\/image\\\/\"},\"sameAs\":[\"https:\\\/\\\/www.facebook.com\\\/TrgovinaClair\\\/\"]}]}<\/script>\n<!-- \/ Yoast SEO plugin. -->","yoast_head_json":{"title":"Marstall Darm-Regulator - Clair","description":"Marstall Darm-Regulator djeluje tako da ve\u017ee vodu, dodaje prebiotike i stimulira crijeva te je primjeren za konje s vodenastim izmetom. Provjerite ponudu!","robots":{"index":"index","follow":"follow","max-snippet":"max-snippet:-1","max-image-preview":"max-image-preview:large","max-video-preview":"max-video-preview:-1"},"canonical":"https:\/\/clair.si\/hr\/izdelek\/marstall-darm-regulator\/","og_locale":"hr_HR","og_type":"article","og_title":"Marstall Darm-Regulator - Clair","og_description":"Marstall Darm-Regulator djeluje tako da ve\u017ee vodu, dodaje prebiotike i stimulira crijeva te je primjeren za konje s vodenastim izmetom. Provjerite ponudu!","og_url":"https:\/\/clair.si\/hr\/izdelek\/marstall-darm-regulator\/","og_site_name":"Clair","article_publisher":"https:\/\/www.facebook.com\/TrgovinaClair\/","article_modified_time":"2025-08-27T13:04:54+00:00","og_image":[{"width":800,"height":800,"url":"https:\/\/clair.si\/wp-content\/uploads\/2022\/05\/marstall-darmregulator-prehranski-dodatek-za-konje.jpg","type":"image\/jpeg"}],"twitter_card":"summary_large_image","twitter_misc":{"Procijenjeno vrijeme \u010ditanja":"1 minuta"},"schema":{"@context":"https:\/\/schema.org","@graph":[{"@type":"WebPage","@id":"https:\/\/clair.si\/hr\/izdelek\/marstall-darm-regulator\/","url":"https:\/\/clair.si\/hr\/izdelek\/marstall-darm-regulator\/","name":"Marstall Darm-Regulator - Clair","isPartOf":{"@id":"https:\/\/clair.si\/#website"},"primaryImageOfPage":{"@id":"https:\/\/clair.si\/hr\/izdelek\/marstall-darm-regulator\/#primaryimage"},"image":{"@id":"https:\/\/clair.si\/hr\/izdelek\/marstall-darm-regulator\/#primaryimage"},"thumbnailUrl":"https:\/\/clair.si\/wp-content\/uploads\/2022\/05\/marstall-darmregulator-prehranski-dodatek-za-konje.webp","datePublished":"2022-05-27T07:27:03+00:00","dateModified":"2025-08-27T13:04:54+00:00","description":"Marstall Darm-Regulator djeluje tako da ve\u017ee vodu, dodaje prebiotike i stimulira crijeva te je primjeren za konje s vodenastim izmetom. Provjerite ponudu!","breadcrumb":{"@id":"https:\/\/clair.si\/hr\/izdelek\/marstall-darm-regulator\/#breadcrumb"},"inLanguage":"hr","potentialAction":[{"@type":"ReadAction","target":["https:\/\/clair.si\/hr\/izdelek\/marstall-darm-regulator\/"]}]},{"@type":"ImageObject","inLanguage":"hr","@id":"https:\/\/clair.si\/hr\/izdelek\/marstall-darm-regulator\/#primaryimage","url":"https:\/\/clair.si\/wp-content\/uploads\/2022\/05\/marstall-darmregulator-prehranski-dodatek-za-konje.webp","contentUrl":"https:\/\/clair.si\/wp-content\/uploads\/2022\/05\/marstall-darmregulator-prehranski-dodatek-za-konje.webp","width":800,"height":800,"caption":"Marstall Darm Regulator prehranski dodatek za konje."},{"@type":"BreadcrumbList","@id":"https:\/\/clair.si\/hr\/izdelek\/marstall-darm-regulator\/#breadcrumb","itemListElement":[{"@type":"ListItem","position":1,"name":"Home","item":"https:\/\/clair.si\/hr\/"},{"@type":"ListItem","position":2,"name":"Trgovina","item":"https:\/\/clair.si\/trgovina\/"},{"@type":"ListItem","position":3,"name":"Marstall Darm-Regulator"}]},{"@type":"WebSite","@id":"https:\/\/clair.si\/#website","url":"https:\/\/clair.si\/","name":"Clair","description":"Trgovina s konjeni\u0161ko opremo","publisher":{"@id":"https:\/\/clair.si\/#organization"},"potentialAction":[{"@type":"SearchAction","target":{"@type":"EntryPoint","urlTemplate":"https:\/\/clair.si\/?s={search_term_string}"},"query-input":{"@type":"PropertyValueSpecification","valueRequired":true,"valueName":"search_term_string"}}],"inLanguage":"hr"},{"@type":"Organization","@id":"https:\/\/clair.si\/#organization","name":"Clair","url":"https:\/\/clair.si\/","logo":{"@type":"ImageObject","inLanguage":"hr","@id":"https:\/\/clair.si\/#\/schema\/logo\/image\/","url":"https:\/\/clair.si\/wp-content\/uploads\/2022\/11\/clair_logo_2022.jpg","contentUrl":"https:\/\/clair.si\/wp-content\/uploads\/2022\/11\/clair_logo_2022.jpg","width":1920,"height":1920,"caption":"Clair"},"image":{"@id":"https:\/\/clair.si\/#\/schema\/logo\/image\/"},"sameAs":["https:\/\/www.facebook.com\/TrgovinaClair\/"]}]}},"_links":{"self":[{"href":"https:\/\/clair.si\/hr\/wp-json\/wp\/v2\/product\/104199","targetHints":{"allow":["GET"]}}],"collection":[{"href":"https:\/\/clair.si\/hr\/wp-json\/wp\/v2\/product"}],"about":[{"href":"https:\/\/clair.si\/hr\/wp-json\/wp\/v2\/types\/product"}],"version-history":[{"count":0,"href":"https:\/\/clair.si\/hr\/wp-json\/wp\/v2\/product\/104199\/revisions"}],"wp:featuredmedia":[{"embeddable":true,"href":"https:\/\/clair.si\/hr\/wp-json\/wp\/v2\/media\/104201"}],"wp:attachment":[{"href":"https:\/\/clair.si\/hr\/wp-json\/wp\/v2\/media?parent=104199"}],"wp:term":[{"taxonomy":"product_brand","embeddable":true,"href":"https:\/\/clair.si\/hr\/wp-json\/wp\/v2\/product_brand?post=104199"},{"taxonomy":"product_cat","embeddable":true,"href":"https:\/\/clair.si\/hr\/wp-json\/wp\/v2\/product_cat?post=104199"},{"taxonomy":"product_tag","embeddable":true,"href":"https:\/\/clair.si\/hr\/wp-json\/wp\/v2\/product_tag?post=104199"}],"curies":[{"name":"wp","href":"https:\/\/api.w.org\/{rel}","templated":true}]}}