{"id":104203,"date":"2022-05-27T09:57:00","date_gmt":"2022-05-27T07:57:00","guid":{"rendered":"https:\/\/clair.si\/izdelek\/marstall-amino-muskel-plus\/"},"modified":"2025-08-27T15:05:20","modified_gmt":"2025-08-27T13:05:20","slug":"marstall-amino-muskel-plus","status":"publish","type":"product","link":"https:\/\/clair.si\/hr\/izdelek\/marstall-amino-muskel-plus\/","title":{"rendered":"Marstall Amino-Muskel Plus"},"content":{"rendered":"<p><span class=\"VIiyi\" lang=\"sl\"><span class=\"JLqJ4b\" data-language-for-alternatives=\"sl\" data-language-to-translate-into=\"en\" data-phrase-index=\"0\" data-number-of-phrases=\"1\"><span class=\"Q4iAWc\"><strong>Marstall Amino-Muskel Plus<\/strong> dodatak prehrani za konje nudi sportskim ili rekreacijskim konjima \u010diste esencijalne aminokiseline u koncentriranom obliku, bez \u017eitarica.<\/span><\/span><\/span><\/p>\n<p><span class=\"VIiyi\" lang=\"sl\"><span class=\"JLqJ4b\" data-language-for-alternatives=\"sl\" data-language-to-translate-into=\"en\" data-phrase-index=\"0\" data-number-of-phrases=\"1\"><span class=\"Q4iAWc\">Poti\u010de brzu izgradnju mi\u0161i\u0107a i skra\u0107uje razdoblja oporavka. Tijelo mo\u017ee funkcionirati i pravilno stvarati novo tkivo samo ako ima sve potrebne aminokiseline u pravim omjerima i dovoljnim koli\u010dinama. \u010cak i jedna aminokiselina koja nedostaje mo\u017ee usporiti ili smanjiti izgradnju mi\u0161i\u0107a. Uostalom, esencijalne aminokiseline su izvor hranjivih tvari za mi\u0161i\u0107e. Tako\u0111er, kod konja koji gube na te\u017eini ili se hrane samo sijenom, \u010desto je dobro hraniti visokokvalitetni dodatak s aminokiselinama. Isto vrijedi i za konje koji imaju posebne potrebe, na primjer zato \u0161to imaju po prirodi veliku mi\u0161i\u0107nu masu, jake kosti i zglobove ili vrlo bujnu dlaku.      <\/span><\/span><\/span><\/p>\n<p><span class=\"VIiyi\" lang=\"sl\"><span class=\"JLqJ4b\" data-language-for-alternatives=\"sl\" data-language-to-translate-into=\"en\" data-phrase-index=\"0\" data-number-of-phrases=\"1\"><span class=\"Q4iAWc\">Marstall Amino-Muskel Plus osigurava tijelu sve esencijalne aminokiseline koje su mu potrebne. Amino-Muskel Plus pobolj\u0161ava izgradnju mi\u0161i\u0107a i brzo oporavak nakon napora. Kod sportskih konja slu\u017ei i kao opskrba energijom za mi\u0161i\u0107e i jetru, pobolj\u0161ava rad mi\u0161i\u0107a i smanjuje umor mi\u0161i\u0107a.   <\/span><\/span><\/span><\/p>\n<p><span class=\"VIiyi\" lang=\"sl\"><span class=\"JLqJ4b\" data-language-for-alternatives=\"sl\" data-language-to-translate-into=\"en\" data-phrase-index=\"0\" data-number-of-phrases=\"1\"><span class=\"Q4iAWc\"><strong>Sastav Marstall Amino-Muskel Plus:<\/strong><br \/>\n<\/span><\/span><\/span><\/p>\n<p><em><span class=\"VIiyi\" lang=\"sl\"><span class=\"JLqJ4b ChMk0b\" data-language-for-alternatives=\"sl\" data-language-to-translate-into=\"en\" data-phrase-index=\"0\" data-number-of-phrases=\"2\"><span class=\"Q4iAWc\">Trava, su\u0161ena pri visokoj temperaturi, suhi gro\u017e\u0111ani trop, protein gra\u0161ka, lanena poga\u010da, rafinirano ulje repice.<\/span><\/span><\/span><\/em><\/p>\n<p>Sirove bjelan\u010devine: 41,00 %, probavljive sirove bjelan\u010devine: 360,00 g, sirove masti: 3,80 %, sirova vlakna: 9,50 %, sirovi pepeo: 5,80 %, energija (DE): 12,50 MJ, energija (ME): 8,80 MJ, kalcij: 0,20 %, fosfor: 0,15 %, natrij: 0,02 %, magnezij: 0,15 %, \u0161krob: 5,50 %, \u0161e\u0107er: 4,20 %, lizin: 10,00 %, treonin: 12,20 %, sumporne aminokiseline (metionin + cistein): 8,20 %, triptofan: 0,50 %, valin: 3,30 %, vitamin E: 5.000,00 mg, L-lizin monohidroklorid: 9,40 %, DL-metionin: 8,00 %, L-treonin: 11,80 %, L-triptofan: 0,40 %, L-valin: 3,00 %.<\/p>\n<p><em>skladno s FEI EADCM* Equine Anti-Doping and Controlled Medication Regulations<\/em><\/p>\n","protected":false},"excerpt":{"rendered":"<ul>\n<li><span class=\"VIiyi\" lang=\"sl\"><span class=\"JLqJ4b ChMk0b\" data-language-for-alternatives=\"sl\" data-language-to-translate-into=\"en\" data-phrase-index=\"2\" data-number-of-phrases=\"7\"><span class=\"Q4iAWc\">100 % pokrivene sve zahtjeve s \u010distim aminokiselinama<\/span><\/span> <\/span><\/li>\n<li><span class=\"VIiyi\" lang=\"sl\"><span class=\"JLqJ4b ChMk0b\" data-language-for-alternatives=\"sl\" data-language-to-translate-into=\"en\" data-phrase-index=\"4\" data-number-of-phrases=\"7\"><span class=\"Q4iAWc\">BEZ \u017dITARICA<\/span><\/span><\/span><\/li>\n<li><span class=\"VIiyi\" lang=\"sl\"><span class=\"JLqJ4b ChMk0b\" data-language-for-alternatives=\"sl\" data-language-to-translate-into=\"en\" data-phrase-index=\"6\" data-number-of-phrases=\"7\"><span class=\"Q4iAWc\">za optimalnu podr\u0161ku dlaci i ko\u017ei<\/span><\/span><\/span><\/li>\n<li>mo\u017ee se dodavati samo sijenu ili kombinirati s drugim krmivima<\/li>\n<\/ul>\n<p>&nbsp;<\/p>\n","protected":false},"featured_media":104211,"template":"","meta":{"footnotes":""},"product_brand":[],"product_cat":[6090,5710,6089,6091,5712],"product_tag":[],"class_list":{"0":"post-104203","1":"product","2":"type-product","3":"status-publish","4":"has-post-thumbnail","6":"product_cat-bez-zitarica","7":"product_cat-hrana-za-konje-hr","8":"product_cat-marstall-hr","9":"product_cat-marstall-special-hr","10":"product_cat-prehrambeni-dodaci","12":"first","13":"instock","14":"sale","15":"shipping-taxable","16":"purchasable","17":"product-type-variable"},"yoast_head":"<!-- This site is optimized with the Yoast SEO plugin v27.4 - https:\/\/yoast.com\/product\/yoast-seo-wordpress\/ -->\n<title>Marstall Amino-Muskel Plus - Clair<\/title>\n<meta name=\"description\" content=\"Marstall Amino-Muskel Plus jedan je od kvalitetnih dodataka marke Marstall. Provjerite na\u0161u ponudu u na\u0161oj web trgovini!\" \/>\n<meta name=\"robots\" content=\"index, follow, max-snippet:-1, max-image-preview:large, max-video-preview:-1\" \/>\n<link rel=\"canonical\" href=\"https:\/\/clair.si\/hr\/izdelek\/marstall-amino-muskel-plus\/\" \/>\n<meta property=\"og:locale\" content=\"hr_HR\" \/>\n<meta property=\"og:type\" content=\"article\" \/>\n<meta property=\"og:title\" content=\"Marstall Amino-Muskel Plus - Clair\" \/>\n<meta property=\"og:description\" content=\"Marstall Amino-Muskel Plus jedan je od kvalitetnih dodataka marke Marstall. Provjerite na\u0161u ponudu u na\u0161oj web trgovini!\" \/>\n<meta property=\"og:url\" content=\"https:\/\/clair.si\/hr\/izdelek\/marstall-amino-muskel-plus\/\" \/>\n<meta property=\"og:site_name\" content=\"Clair\" \/>\n<meta property=\"article:publisher\" content=\"https:\/\/www.facebook.com\/TrgovinaClair\/\" \/>\n<meta property=\"article:modified_time\" content=\"2025-08-27T13:05:20+00:00\" \/>\n<meta property=\"og:image\" content=\"https:\/\/clair.si\/wp-content\/uploads\/2022\/05\/marstall-aminomuskelplus-prehransko-dopolnilo-za-konje.jpg\" \/>\n\t<meta property=\"og:image:width\" content=\"800\" \/>\n\t<meta property=\"og:image:height\" content=\"800\" \/>\n\t<meta property=\"og:image:type\" content=\"image\/jpeg\" \/>\n<meta name=\"twitter:card\" content=\"summary_large_image\" \/>\n<meta name=\"twitter:label1\" content=\"Procijenjeno vrijeme \u010ditanja\" \/>\n\t<meta name=\"twitter:data1\" content=\"1 minuta\" \/>\n<script type=\"application\/ld+json\" class=\"yoast-schema-graph\">{\"@context\":\"https:\\\/\\\/schema.org\",\"@graph\":[{\"@type\":\"WebPage\",\"@id\":\"https:\\\/\\\/clair.si\\\/hr\\\/izdelek\\\/marstall-amino-muskel-plus\\\/\",\"url\":\"https:\\\/\\\/clair.si\\\/hr\\\/izdelek\\\/marstall-amino-muskel-plus\\\/\",\"name\":\"Marstall Amino-Muskel Plus - Clair\",\"isPartOf\":{\"@id\":\"https:\\\/\\\/clair.si\\\/#website\"},\"primaryImageOfPage\":{\"@id\":\"https:\\\/\\\/clair.si\\\/hr\\\/izdelek\\\/marstall-amino-muskel-plus\\\/#primaryimage\"},\"image\":{\"@id\":\"https:\\\/\\\/clair.si\\\/hr\\\/izdelek\\\/marstall-amino-muskel-plus\\\/#primaryimage\"},\"thumbnailUrl\":\"https:\\\/\\\/clair.si\\\/wp-content\\\/uploads\\\/2022\\\/05\\\/marstall-aminomuskelplus-prehransko-dopolnilo-za-konje.webp\",\"datePublished\":\"2022-05-27T07:57:00+00:00\",\"dateModified\":\"2025-08-27T13:05:20+00:00\",\"description\":\"Marstall Amino-Muskel Plus jedan je od kvalitetnih dodataka marke Marstall. Provjerite na\u0161u ponudu u na\u0161oj web trgovini!\",\"breadcrumb\":{\"@id\":\"https:\\\/\\\/clair.si\\\/hr\\\/izdelek\\\/marstall-amino-muskel-plus\\\/#breadcrumb\"},\"inLanguage\":\"hr\",\"potentialAction\":[{\"@type\":\"ReadAction\",\"target\":[\"https:\\\/\\\/clair.si\\\/hr\\\/izdelek\\\/marstall-amino-muskel-plus\\\/\"]}]},{\"@type\":\"ImageObject\",\"inLanguage\":\"hr\",\"@id\":\"https:\\\/\\\/clair.si\\\/hr\\\/izdelek\\\/marstall-amino-muskel-plus\\\/#primaryimage\",\"url\":\"https:\\\/\\\/clair.si\\\/wp-content\\\/uploads\\\/2022\\\/05\\\/marstall-aminomuskelplus-prehransko-dopolnilo-za-konje.webp\",\"contentUrl\":\"https:\\\/\\\/clair.si\\\/wp-content\\\/uploads\\\/2022\\\/05\\\/marstall-aminomuskelplus-prehransko-dopolnilo-za-konje.webp\",\"width\":800,\"height\":800,\"caption\":\"Marstall Amino-Muskel Plus prehransko dopolnilo za konje.\"},{\"@type\":\"BreadcrumbList\",\"@id\":\"https:\\\/\\\/clair.si\\\/hr\\\/izdelek\\\/marstall-amino-muskel-plus\\\/#breadcrumb\",\"itemListElement\":[{\"@type\":\"ListItem\",\"position\":1,\"name\":\"Home\",\"item\":\"https:\\\/\\\/clair.si\\\/hr\\\/\"},{\"@type\":\"ListItem\",\"position\":2,\"name\":\"Trgovina\",\"item\":\"https:\\\/\\\/clair.si\\\/trgovina\\\/\"},{\"@type\":\"ListItem\",\"position\":3,\"name\":\"Marstall Amino-Muskel Plus\"}]},{\"@type\":\"WebSite\",\"@id\":\"https:\\\/\\\/clair.si\\\/#website\",\"url\":\"https:\\\/\\\/clair.si\\\/\",\"name\":\"Clair\",\"description\":\"Trgovina s konjeni\u0161ko opremo\",\"publisher\":{\"@id\":\"https:\\\/\\\/clair.si\\\/#organization\"},\"potentialAction\":[{\"@type\":\"SearchAction\",\"target\":{\"@type\":\"EntryPoint\",\"urlTemplate\":\"https:\\\/\\\/clair.si\\\/?s={search_term_string}\"},\"query-input\":{\"@type\":\"PropertyValueSpecification\",\"valueRequired\":true,\"valueName\":\"search_term_string\"}}],\"inLanguage\":\"hr\"},{\"@type\":\"Organization\",\"@id\":\"https:\\\/\\\/clair.si\\\/#organization\",\"name\":\"Clair\",\"url\":\"https:\\\/\\\/clair.si\\\/\",\"logo\":{\"@type\":\"ImageObject\",\"inLanguage\":\"hr\",\"@id\":\"https:\\\/\\\/clair.si\\\/#\\\/schema\\\/logo\\\/image\\\/\",\"url\":\"https:\\\/\\\/clair.si\\\/wp-content\\\/uploads\\\/2022\\\/11\\\/clair_logo_2022.jpg\",\"contentUrl\":\"https:\\\/\\\/clair.si\\\/wp-content\\\/uploads\\\/2022\\\/11\\\/clair_logo_2022.jpg\",\"width\":1920,\"height\":1920,\"caption\":\"Clair\"},\"image\":{\"@id\":\"https:\\\/\\\/clair.si\\\/#\\\/schema\\\/logo\\\/image\\\/\"},\"sameAs\":[\"https:\\\/\\\/www.facebook.com\\\/TrgovinaClair\\\/\"]}]}<\/script>\n<!-- \/ Yoast SEO plugin. -->","yoast_head_json":{"title":"Marstall Amino-Muskel Plus - Clair","description":"Marstall Amino-Muskel Plus jedan je od kvalitetnih dodataka marke Marstall. Provjerite na\u0161u ponudu u na\u0161oj web trgovini!","robots":{"index":"index","follow":"follow","max-snippet":"max-snippet:-1","max-image-preview":"max-image-preview:large","max-video-preview":"max-video-preview:-1"},"canonical":"https:\/\/clair.si\/hr\/izdelek\/marstall-amino-muskel-plus\/","og_locale":"hr_HR","og_type":"article","og_title":"Marstall Amino-Muskel Plus - Clair","og_description":"Marstall Amino-Muskel Plus jedan je od kvalitetnih dodataka marke Marstall. Provjerite na\u0161u ponudu u na\u0161oj web trgovini!","og_url":"https:\/\/clair.si\/hr\/izdelek\/marstall-amino-muskel-plus\/","og_site_name":"Clair","article_publisher":"https:\/\/www.facebook.com\/TrgovinaClair\/","article_modified_time":"2025-08-27T13:05:20+00:00","og_image":[{"width":800,"height":800,"url":"https:\/\/clair.si\/wp-content\/uploads\/2022\/05\/marstall-aminomuskelplus-prehransko-dopolnilo-za-konje.jpg","type":"image\/jpeg"}],"twitter_card":"summary_large_image","twitter_misc":{"Procijenjeno vrijeme \u010ditanja":"1 minuta"},"schema":{"@context":"https:\/\/schema.org","@graph":[{"@type":"WebPage","@id":"https:\/\/clair.si\/hr\/izdelek\/marstall-amino-muskel-plus\/","url":"https:\/\/clair.si\/hr\/izdelek\/marstall-amino-muskel-plus\/","name":"Marstall Amino-Muskel Plus - Clair","isPartOf":{"@id":"https:\/\/clair.si\/#website"},"primaryImageOfPage":{"@id":"https:\/\/clair.si\/hr\/izdelek\/marstall-amino-muskel-plus\/#primaryimage"},"image":{"@id":"https:\/\/clair.si\/hr\/izdelek\/marstall-amino-muskel-plus\/#primaryimage"},"thumbnailUrl":"https:\/\/clair.si\/wp-content\/uploads\/2022\/05\/marstall-aminomuskelplus-prehransko-dopolnilo-za-konje.webp","datePublished":"2022-05-27T07:57:00+00:00","dateModified":"2025-08-27T13:05:20+00:00","description":"Marstall Amino-Muskel Plus jedan je od kvalitetnih dodataka marke Marstall. Provjerite na\u0161u ponudu u na\u0161oj web trgovini!","breadcrumb":{"@id":"https:\/\/clair.si\/hr\/izdelek\/marstall-amino-muskel-plus\/#breadcrumb"},"inLanguage":"hr","potentialAction":[{"@type":"ReadAction","target":["https:\/\/clair.si\/hr\/izdelek\/marstall-amino-muskel-plus\/"]}]},{"@type":"ImageObject","inLanguage":"hr","@id":"https:\/\/clair.si\/hr\/izdelek\/marstall-amino-muskel-plus\/#primaryimage","url":"https:\/\/clair.si\/wp-content\/uploads\/2022\/05\/marstall-aminomuskelplus-prehransko-dopolnilo-za-konje.webp","contentUrl":"https:\/\/clair.si\/wp-content\/uploads\/2022\/05\/marstall-aminomuskelplus-prehransko-dopolnilo-za-konje.webp","width":800,"height":800,"caption":"Marstall Amino-Muskel Plus prehransko dopolnilo za konje."},{"@type":"BreadcrumbList","@id":"https:\/\/clair.si\/hr\/izdelek\/marstall-amino-muskel-plus\/#breadcrumb","itemListElement":[{"@type":"ListItem","position":1,"name":"Home","item":"https:\/\/clair.si\/hr\/"},{"@type":"ListItem","position":2,"name":"Trgovina","item":"https:\/\/clair.si\/trgovina\/"},{"@type":"ListItem","position":3,"name":"Marstall Amino-Muskel Plus"}]},{"@type":"WebSite","@id":"https:\/\/clair.si\/#website","url":"https:\/\/clair.si\/","name":"Clair","description":"Trgovina s konjeni\u0161ko opremo","publisher":{"@id":"https:\/\/clair.si\/#organization"},"potentialAction":[{"@type":"SearchAction","target":{"@type":"EntryPoint","urlTemplate":"https:\/\/clair.si\/?s={search_term_string}"},"query-input":{"@type":"PropertyValueSpecification","valueRequired":true,"valueName":"search_term_string"}}],"inLanguage":"hr"},{"@type":"Organization","@id":"https:\/\/clair.si\/#organization","name":"Clair","url":"https:\/\/clair.si\/","logo":{"@type":"ImageObject","inLanguage":"hr","@id":"https:\/\/clair.si\/#\/schema\/logo\/image\/","url":"https:\/\/clair.si\/wp-content\/uploads\/2022\/11\/clair_logo_2022.jpg","contentUrl":"https:\/\/clair.si\/wp-content\/uploads\/2022\/11\/clair_logo_2022.jpg","width":1920,"height":1920,"caption":"Clair"},"image":{"@id":"https:\/\/clair.si\/#\/schema\/logo\/image\/"},"sameAs":["https:\/\/www.facebook.com\/TrgovinaClair\/"]}]}},"_links":{"self":[{"href":"https:\/\/clair.si\/hr\/wp-json\/wp\/v2\/product\/104203","targetHints":{"allow":["GET"]}}],"collection":[{"href":"https:\/\/clair.si\/hr\/wp-json\/wp\/v2\/product"}],"about":[{"href":"https:\/\/clair.si\/hr\/wp-json\/wp\/v2\/types\/product"}],"version-history":[{"count":0,"href":"https:\/\/clair.si\/hr\/wp-json\/wp\/v2\/product\/104203\/revisions"}],"wp:featuredmedia":[{"embeddable":true,"href":"https:\/\/clair.si\/hr\/wp-json\/wp\/v2\/media\/104211"}],"wp:attachment":[{"href":"https:\/\/clair.si\/hr\/wp-json\/wp\/v2\/media?parent=104203"}],"wp:term":[{"taxonomy":"product_brand","embeddable":true,"href":"https:\/\/clair.si\/hr\/wp-json\/wp\/v2\/product_brand?post=104203"},{"taxonomy":"product_cat","embeddable":true,"href":"https:\/\/clair.si\/hr\/wp-json\/wp\/v2\/product_cat?post=104203"},{"taxonomy":"product_tag","embeddable":true,"href":"https:\/\/clair.si\/hr\/wp-json\/wp\/v2\/product_tag?post=104203"}],"curies":[{"name":"wp","href":"https:\/\/api.w.org\/{rel}","templated":true}]}}