{"id":104215,"date":"2022-06-03T15:42:46","date_gmt":"2022-06-03T13:42:46","guid":{"rendered":"https:\/\/clair.si\/izdelek\/effol-dragons-blood-zastita-za-rane\/"},"modified":"2025-08-27T20:47:42","modified_gmt":"2025-08-27T18:47:42","slug":"effol-dragons-blood-zastita-za-rane","status":"publish","type":"product","link":"https:\/\/clair.si\/hr\/izdelek\/effol-dragons-blood-zastita-za-rane\/","title":{"rendered":"Effol Dragons Blood za\u0161tita za rane"},"content":{"rendered":"<p><span class=\"VIiyi\" lang=\"sl\"><span class=\"JLqJ4b ChMk0b\" data-language-for-alternatives=\"sl\" data-language-to-translate-into=\"en\" data-phrase-index=\"0\" data-number-of-phrases=\"6\"><span class=\"Q4iAWc\"><strong>Effol Dragons Blood za\u0161tita za rane<\/strong> predstavlja inovativnu formulu koja tvori vanjski zra\u010dni higijenski film, a on \u0161titi ranu od prljav\u0161tine, urina i znoja.<\/span><\/span> <\/span><\/p>\n<p><span class=\"VIiyi\" lang=\"sl\"><span class=\"JLqJ4b ChMk0b\" data-language-for-alternatives=\"sl\" data-language-to-translate-into=\"en\" data-phrase-index=\"1\" data-number-of-phrases=\"6\"><span class=\"Q4iAWc\">Regeneracija ko\u017ee i stvaranje novih stanica tako mogu te\u0107i bez prekida.<\/span><\/span> <span class=\"JLqJ4b ChMk0b\" data-language-for-alternatives=\"sl\" data-language-to-translate-into=\"en\" data-phrase-index=\"2\" data-number-of-phrases=\"6\"><span class=\"Q4iAWc\">Mlije\u010dna kiselina, alantoin i bigvanid podr\u017eavaju higijenu vla\u017enih rana te odr\u017eavaju ko\u017eu podatnom i elasti\u010dnom.<\/span><\/span> <span class=\"JLqJ4b ChMk0b\" data-language-for-alternatives=\"sl\" data-language-to-translate-into=\"en\" data-phrase-index=\"3\" data-number-of-phrases=\"6\"><span class=\"Q4iAWc\">Formula se temelji na prirodnom lateksu zmajevog drveta i zamjenjuje bolno nano\u0161enje alkohola u svrhu dezinfekcije rana.<\/span><\/span> <\/span><\/p>\n<p><span class=\"VIiyi\" lang=\"sl\"><span class=\"JLqJ4b ChMk0b\" data-language-for-alternatives=\"sl\" data-language-to-translate-into=\"en\" data-phrase-index=\"5\" data-number-of-phrases=\"6\"><span class=\"Q4iAWc\"><strong>Sastav:<\/strong><em> mlije\u010dna kiselina, alantoin, bigvanid, krv zmajevog drveta.<\/em><br \/>\n<\/span><\/span><\/span><\/p>\n","protected":false},"excerpt":{"rendered":"<p><strong><span class=\"VIiyi\" lang=\"sl\"><span class=\"JLqJ4b ChMk0b\" data-language-for-alternatives=\"sl\" data-language-to-translate-into=\"en\" data-phrase-index=\"0\" data-number-of-phrases=\"9\"><span class=\"Q4iAWc\">Za\u0161titni film<\/span><\/span> za rane<\/span><\/strong><\/p>\n<ul>\n<li><span class=\"VIiyi\" lang=\"sl\"><span class=\"JLqJ4b ChMk0b\" data-language-for-alternatives=\"sl\" data-language-to-translate-into=\"en\" data-phrase-index=\"4\" data-number-of-phrases=\"9\"><span class=\"Q4iAWc\">obnavlja ko\u017eu i pospje\u0161uje stvaranje novih stanica<\/span><\/span> <\/span><\/li>\n<li><span class=\"VIiyi\" lang=\"sl\"><span class=\"JLqJ4b ChMk0b\" data-language-for-alternatives=\"sl\" data-language-to-translate-into=\"en\" data-phrase-index=\"6\" data-number-of-phrases=\"9\"><span class=\"Q4iAWc\"> za dezinfekciju rana<\/span><\/span> <\/span><\/li>\n<li><span class=\"VIiyi\" lang=\"sl\"><span class=\"JLqJ4b ChMk0b\" data-language-for-alternatives=\"sl\" data-language-to-translate-into=\"en\" data-phrase-index=\"8\" data-number-of-phrases=\"9\"><span class=\"Q4iAWc\">osigurava vanjski zra\u010dni higijenski film koji \u0161titi ranu od vanjskih utjecaja<br \/>\n<\/span><\/span><\/span><\/li>\n<\/ul>\n<p><strong>Koli\u010dina: 250 ml<\/strong><\/p>\n","protected":false},"featured_media":104216,"template":"","meta":{"footnotes":""},"product_brand":[],"product_cat":[5624,5677,5675,5625,5678,5627],"product_tag":[],"class_list":{"0":"post-104215","1":"product","2":"type-product","3":"status-publish","4":"has-post-thumbnail","6":"product_cat-konj-hr","7":"product_cat-kozmetika-za-konje-hr-2","8":"product_cat-kozmetika-za-konje-hr","9":"product_cat-njega-konja","10":"product_cat-problemi-s-kozom","11":"product_cat-stala-i-pasnjak","13":"first","14":"instock","15":"shipping-taxable","16":"purchasable","17":"product-type-simple"},"yoast_head":"<!-- This site is optimized with the Yoast SEO plugin v27.3 - https:\/\/yoast.com\/product\/yoast-seo-wordpress\/ -->\n<title>Effol Dragons Blood za\u0161tita za rane - Clair<\/title>\n<meta name=\"description\" content=\"Effol Dragons Blood za\u0161tita za rane predstavlja inovativnu formulu koja tvori vanjski zra\u010dni higijenski film, a on \u0161titi ranu od prljav\u0161tine, urina i znoja.\" \/>\n<meta name=\"robots\" content=\"index, follow, max-snippet:-1, max-image-preview:large, max-video-preview:-1\" \/>\n<link rel=\"canonical\" href=\"https:\/\/clair.si\/hr\/izdelek\/effol-dragons-blood-zastita-za-rane\/\" \/>\n<meta property=\"og:locale\" content=\"hr_HR\" \/>\n<meta property=\"og:type\" content=\"article\" \/>\n<meta property=\"og:title\" content=\"Effol Dragons Blood za\u0161tita za rane - Clair\" \/>\n<meta property=\"og:description\" content=\"Effol Dragons Blood za\u0161tita za rane predstavlja inovativnu formulu koja tvori vanjski zra\u010dni higijenski film, a on \u0161titi ranu od prljav\u0161tine, urina i znoja.\" \/>\n<meta property=\"og:url\" content=\"https:\/\/clair.si\/hr\/izdelek\/effol-dragons-blood-zastita-za-rane\/\" \/>\n<meta property=\"og:site_name\" content=\"Clair\" \/>\n<meta property=\"article:publisher\" content=\"https:\/\/www.facebook.com\/TrgovinaClair\/\" \/>\n<meta property=\"article:modified_time\" content=\"2025-08-27T18:47:42+00:00\" \/>\n<meta property=\"og:image\" content=\"https:\/\/clair.si\/wp-content\/uploads\/2022\/06\/effol-dragons-blood-zascita-za-rane.jpg\" \/>\n\t<meta property=\"og:image:width\" content=\"860\" \/>\n\t<meta property=\"og:image:height\" content=\"860\" \/>\n\t<meta property=\"og:image:type\" content=\"image\/jpeg\" \/>\n<meta name=\"twitter:card\" content=\"summary_large_image\" \/>\n<script type=\"application\/ld+json\" class=\"yoast-schema-graph\">{\"@context\":\"https:\\\/\\\/schema.org\",\"@graph\":[{\"@type\":\"WebPage\",\"@id\":\"https:\\\/\\\/clair.si\\\/hr\\\/izdelek\\\/effol-dragons-blood-zastita-za-rane\\\/\",\"url\":\"https:\\\/\\\/clair.si\\\/hr\\\/izdelek\\\/effol-dragons-blood-zastita-za-rane\\\/\",\"name\":\"Effol Dragons Blood za\u0161tita za rane - Clair\",\"isPartOf\":{\"@id\":\"https:\\\/\\\/clair.si\\\/#website\"},\"primaryImageOfPage\":{\"@id\":\"https:\\\/\\\/clair.si\\\/hr\\\/izdelek\\\/effol-dragons-blood-zastita-za-rane\\\/#primaryimage\"},\"image\":{\"@id\":\"https:\\\/\\\/clair.si\\\/hr\\\/izdelek\\\/effol-dragons-blood-zastita-za-rane\\\/#primaryimage\"},\"thumbnailUrl\":\"https:\\\/\\\/clair.si\\\/wp-content\\\/uploads\\\/2022\\\/06\\\/effol-dragons-blood-zascita-za-rane.webp\",\"datePublished\":\"2022-06-03T13:42:46+00:00\",\"dateModified\":\"2025-08-27T18:47:42+00:00\",\"description\":\"Effol Dragons Blood za\u0161tita za rane predstavlja inovativnu formulu koja tvori vanjski zra\u010dni higijenski film, a on \u0161titi ranu od prljav\u0161tine, urina i znoja.\",\"breadcrumb\":{\"@id\":\"https:\\\/\\\/clair.si\\\/hr\\\/izdelek\\\/effol-dragons-blood-zastita-za-rane\\\/#breadcrumb\"},\"inLanguage\":\"hr\",\"potentialAction\":[{\"@type\":\"ReadAction\",\"target\":[\"https:\\\/\\\/clair.si\\\/hr\\\/izdelek\\\/effol-dragons-blood-zastita-za-rane\\\/\"]}]},{\"@type\":\"ImageObject\",\"inLanguage\":\"hr\",\"@id\":\"https:\\\/\\\/clair.si\\\/hr\\\/izdelek\\\/effol-dragons-blood-zastita-za-rane\\\/#primaryimage\",\"url\":\"https:\\\/\\\/clair.si\\\/wp-content\\\/uploads\\\/2022\\\/06\\\/effol-dragons-blood-zascita-za-rane.webp\",\"contentUrl\":\"https:\\\/\\\/clair.si\\\/wp-content\\\/uploads\\\/2022\\\/06\\\/effol-dragons-blood-zascita-za-rane.webp\",\"width\":860,\"height\":860,\"caption\":\"Effol za\u0161\u010dita za rane.\"},{\"@type\":\"BreadcrumbList\",\"@id\":\"https:\\\/\\\/clair.si\\\/hr\\\/izdelek\\\/effol-dragons-blood-zastita-za-rane\\\/#breadcrumb\",\"itemListElement\":[{\"@type\":\"ListItem\",\"position\":1,\"name\":\"Home\",\"item\":\"https:\\\/\\\/clair.si\\\/hr\\\/\"},{\"@type\":\"ListItem\",\"position\":2,\"name\":\"Trgovina\",\"item\":\"https:\\\/\\\/clair.si\\\/trgovina\\\/\"},{\"@type\":\"ListItem\",\"position\":3,\"name\":\"Effol Dragons Blood za\u0161tita za rane\"}]},{\"@type\":\"WebSite\",\"@id\":\"https:\\\/\\\/clair.si\\\/#website\",\"url\":\"https:\\\/\\\/clair.si\\\/\",\"name\":\"Clair\",\"description\":\"Trgovina s konjeni\u0161ko opremo\",\"publisher\":{\"@id\":\"https:\\\/\\\/clair.si\\\/#organization\"},\"potentialAction\":[{\"@type\":\"SearchAction\",\"target\":{\"@type\":\"EntryPoint\",\"urlTemplate\":\"https:\\\/\\\/clair.si\\\/?s={search_term_string}\"},\"query-input\":{\"@type\":\"PropertyValueSpecification\",\"valueRequired\":true,\"valueName\":\"search_term_string\"}}],\"inLanguage\":\"hr\"},{\"@type\":\"Organization\",\"@id\":\"https:\\\/\\\/clair.si\\\/#organization\",\"name\":\"Clair\",\"url\":\"https:\\\/\\\/clair.si\\\/\",\"logo\":{\"@type\":\"ImageObject\",\"inLanguage\":\"hr\",\"@id\":\"https:\\\/\\\/clair.si\\\/#\\\/schema\\\/logo\\\/image\\\/\",\"url\":\"https:\\\/\\\/clair.si\\\/wp-content\\\/uploads\\\/2022\\\/11\\\/clair_logo_2022.jpg\",\"contentUrl\":\"https:\\\/\\\/clair.si\\\/wp-content\\\/uploads\\\/2022\\\/11\\\/clair_logo_2022.jpg\",\"width\":1920,\"height\":1920,\"caption\":\"Clair\"},\"image\":{\"@id\":\"https:\\\/\\\/clair.si\\\/#\\\/schema\\\/logo\\\/image\\\/\"},\"sameAs\":[\"https:\\\/\\\/www.facebook.com\\\/TrgovinaClair\\\/\"]}]}<\/script>\n<!-- \/ Yoast SEO plugin. -->","yoast_head_json":{"title":"Effol Dragons Blood za\u0161tita za rane - Clair","description":"Effol Dragons Blood za\u0161tita za rane predstavlja inovativnu formulu koja tvori vanjski zra\u010dni higijenski film, a on \u0161titi ranu od prljav\u0161tine, urina i znoja.","robots":{"index":"index","follow":"follow","max-snippet":"max-snippet:-1","max-image-preview":"max-image-preview:large","max-video-preview":"max-video-preview:-1"},"canonical":"https:\/\/clair.si\/hr\/izdelek\/effol-dragons-blood-zastita-za-rane\/","og_locale":"hr_HR","og_type":"article","og_title":"Effol Dragons Blood za\u0161tita za rane - Clair","og_description":"Effol Dragons Blood za\u0161tita za rane predstavlja inovativnu formulu koja tvori vanjski zra\u010dni higijenski film, a on \u0161titi ranu od prljav\u0161tine, urina i znoja.","og_url":"https:\/\/clair.si\/hr\/izdelek\/effol-dragons-blood-zastita-za-rane\/","og_site_name":"Clair","article_publisher":"https:\/\/www.facebook.com\/TrgovinaClair\/","article_modified_time":"2025-08-27T18:47:42+00:00","og_image":[{"width":860,"height":860,"url":"https:\/\/clair.si\/wp-content\/uploads\/2022\/06\/effol-dragons-blood-zascita-za-rane.jpg","type":"image\/jpeg"}],"twitter_card":"summary_large_image","schema":{"@context":"https:\/\/schema.org","@graph":[{"@type":"WebPage","@id":"https:\/\/clair.si\/hr\/izdelek\/effol-dragons-blood-zastita-za-rane\/","url":"https:\/\/clair.si\/hr\/izdelek\/effol-dragons-blood-zastita-za-rane\/","name":"Effol Dragons Blood za\u0161tita za rane - Clair","isPartOf":{"@id":"https:\/\/clair.si\/#website"},"primaryImageOfPage":{"@id":"https:\/\/clair.si\/hr\/izdelek\/effol-dragons-blood-zastita-za-rane\/#primaryimage"},"image":{"@id":"https:\/\/clair.si\/hr\/izdelek\/effol-dragons-blood-zastita-za-rane\/#primaryimage"},"thumbnailUrl":"https:\/\/clair.si\/wp-content\/uploads\/2022\/06\/effol-dragons-blood-zascita-za-rane.webp","datePublished":"2022-06-03T13:42:46+00:00","dateModified":"2025-08-27T18:47:42+00:00","description":"Effol Dragons Blood za\u0161tita za rane predstavlja inovativnu formulu koja tvori vanjski zra\u010dni higijenski film, a on \u0161titi ranu od prljav\u0161tine, urina i znoja.","breadcrumb":{"@id":"https:\/\/clair.si\/hr\/izdelek\/effol-dragons-blood-zastita-za-rane\/#breadcrumb"},"inLanguage":"hr","potentialAction":[{"@type":"ReadAction","target":["https:\/\/clair.si\/hr\/izdelek\/effol-dragons-blood-zastita-za-rane\/"]}]},{"@type":"ImageObject","inLanguage":"hr","@id":"https:\/\/clair.si\/hr\/izdelek\/effol-dragons-blood-zastita-za-rane\/#primaryimage","url":"https:\/\/clair.si\/wp-content\/uploads\/2022\/06\/effol-dragons-blood-zascita-za-rane.webp","contentUrl":"https:\/\/clair.si\/wp-content\/uploads\/2022\/06\/effol-dragons-blood-zascita-za-rane.webp","width":860,"height":860,"caption":"Effol za\u0161\u010dita za rane."},{"@type":"BreadcrumbList","@id":"https:\/\/clair.si\/hr\/izdelek\/effol-dragons-blood-zastita-za-rane\/#breadcrumb","itemListElement":[{"@type":"ListItem","position":1,"name":"Home","item":"https:\/\/clair.si\/hr\/"},{"@type":"ListItem","position":2,"name":"Trgovina","item":"https:\/\/clair.si\/trgovina\/"},{"@type":"ListItem","position":3,"name":"Effol Dragons Blood za\u0161tita za rane"}]},{"@type":"WebSite","@id":"https:\/\/clair.si\/#website","url":"https:\/\/clair.si\/","name":"Clair","description":"Trgovina s konjeni\u0161ko opremo","publisher":{"@id":"https:\/\/clair.si\/#organization"},"potentialAction":[{"@type":"SearchAction","target":{"@type":"EntryPoint","urlTemplate":"https:\/\/clair.si\/?s={search_term_string}"},"query-input":{"@type":"PropertyValueSpecification","valueRequired":true,"valueName":"search_term_string"}}],"inLanguage":"hr"},{"@type":"Organization","@id":"https:\/\/clair.si\/#organization","name":"Clair","url":"https:\/\/clair.si\/","logo":{"@type":"ImageObject","inLanguage":"hr","@id":"https:\/\/clair.si\/#\/schema\/logo\/image\/","url":"https:\/\/clair.si\/wp-content\/uploads\/2022\/11\/clair_logo_2022.jpg","contentUrl":"https:\/\/clair.si\/wp-content\/uploads\/2022\/11\/clair_logo_2022.jpg","width":1920,"height":1920,"caption":"Clair"},"image":{"@id":"https:\/\/clair.si\/#\/schema\/logo\/image\/"},"sameAs":["https:\/\/www.facebook.com\/TrgovinaClair\/"]}]}},"_links":{"self":[{"href":"https:\/\/clair.si\/hr\/wp-json\/wp\/v2\/product\/104215","targetHints":{"allow":["GET"]}}],"collection":[{"href":"https:\/\/clair.si\/hr\/wp-json\/wp\/v2\/product"}],"about":[{"href":"https:\/\/clair.si\/hr\/wp-json\/wp\/v2\/types\/product"}],"version-history":[{"count":0,"href":"https:\/\/clair.si\/hr\/wp-json\/wp\/v2\/product\/104215\/revisions"}],"wp:featuredmedia":[{"embeddable":true,"href":"https:\/\/clair.si\/hr\/wp-json\/wp\/v2\/media\/104216"}],"wp:attachment":[{"href":"https:\/\/clair.si\/hr\/wp-json\/wp\/v2\/media?parent=104215"}],"wp:term":[{"taxonomy":"product_brand","embeddable":true,"href":"https:\/\/clair.si\/hr\/wp-json\/wp\/v2\/product_brand?post=104215"},{"taxonomy":"product_cat","embeddable":true,"href":"https:\/\/clair.si\/hr\/wp-json\/wp\/v2\/product_cat?post=104215"},{"taxonomy":"product_tag","embeddable":true,"href":"https:\/\/clair.si\/hr\/wp-json\/wp\/v2\/product_tag?post=104215"}],"curies":[{"name":"wp","href":"https:\/\/api.w.org\/{rel}","templated":true}]}}