{"id":104223,"date":"2022-05-24T12:36:16","date_gmt":"2022-05-24T10:36:16","guid":{"rendered":"https:\/\/clair.si\/izdelek\/marstall-sinfonie\/"},"modified":"2025-08-28T19:47:55","modified_gmt":"2025-08-28T17:47:55","slug":"marstall-sinfonie","status":"publish","type":"product","link":"https:\/\/clair.si\/hr\/izdelek\/marstall-sinfonie\/","title":{"rendered":"Marstall Sinfonie"},"content":{"rendered":"<p><span class=\"VIiyi\" lang=\"sl\"><span class=\"JLqJ4b\" data-language-for-alternatives=\"sl\" data-language-to-translate-into=\"en\" data-phrase-index=\"0\" data-number-of-phrases=\"1\"><span class=\"Q4iAWc\"><strong>Marstall Sinfonie<\/strong> hrana za konje s osvje\u017eavaju\u0107im i okrepljuju\u0107im biljem za sve konje, bez zobi. <\/span><\/span><\/span><\/p>\n<p><span class=\"VIiyi\" lang=\"sl\"><span class=\"JLqJ4b\" data-language-for-alternatives=\"sl\" data-language-to-translate-into=\"en\" data-phrase-index=\"0\" data-number-of-phrases=\"1\"><span class=\"Q4iAWc\">Brojna aromati\u010dna bilja osiguravaju vitalnost, dobrobit i \u010diste di\u0161ne puteve. \u0160tovi\u0161e, Marstall Sinfonie regulira cirkulaciju i metabolizam te pove\u0107ava atletsku sposobnost. <\/span><\/span><\/span><\/p>\n<p><span class=\"VIiyi\" lang=\"sl\"><span class=\"JLqJ4b\" data-language-for-alternatives=\"sl\" data-language-to-translate-into=\"en\" data-phrase-index=\"0\" data-number-of-phrases=\"1\"><span class=\"Q4iAWc\"> Zbog toga je idealan za dopunu krme za sportske konje i za podr\u0161ku veteranima i konjima koji ka\u0161lju. <\/span><\/span><\/span><\/p>\n<p><span class=\"VIiyi\" lang=\"sl\"><span class=\"JLqJ4b\" data-language-for-alternatives=\"sl\" data-language-to-translate-into=\"en\" data-phrase-index=\"0\" data-number-of-phrases=\"1\"><span class=\"Q4iAWc\">Tradicionalno znanje o bilju uklju\u010deno je u recept i Marstall je stvorio aromati\u010dni biljni musli bez zobi. Ujedinjuje najbolje \u0161to nudi biljni vrt u svom prirodnom obliku. Eteri\u010dna ulja o\u017eivljavaju sr\u010dani i krvo\u017eilni sustav te poti\u010du metabolizam, pove\u0107avaju dobrobit i sposobnost konja. Osim toga, bilje u Marstall Sinfonie otvara di\u0161ne puteve i ima antioksidativna, protuupalna, imunomodulacijska i diureti\u010dka svojstva. Vitamin E i selen \u0161tite stani\u010dne membrane od slobodnih radikala \u2013 visoko reaktivnih kisikovih spojeva koji napadaju stanice \u2013 i nude istinski poticaj za stvaranje i odr\u017eavanje atletske mi\u0161i\u0107ne sposobnosti. Zbog tih svojstava ovaj je biljni m\u00fcsli idealan prehrambeni partner za sportske konje, veterane ili konje koji imaju problema s di\u0161nim sustavom. Uz bilje, recept sadr\u017ei i niz drugih sastojaka za pove\u0107anje vitalnosti, kao \u0161to su pivski kvasac, mineralne pelete, laneno sjeme i lucernu za teksturu \u2013 sve lako probavljive sastojke koji poti\u010du crijeva i daju dlaci sjaj. <\/span><\/span><\/span><\/p>\n<p><span class=\"VIiyi\" lang=\"sl\"><span class=\"JLqJ4b\" data-language-for-alternatives=\"sl\" data-language-to-translate-into=\"en\" data-phrase-index=\"0\" data-number-of-phrases=\"1\"><span class=\"Q4iAWc\"> <strong>Marstall Sinfonie<\/strong> je toliko ukusan da mo\u017ee pobolj\u0161ati svaku krmu, bilo zob ili potpunu krmnu smjesu, \u0161to poma\u017ee potaknuti hranjenje i najizbirljivije konje. Jedna ili dvije \u0161ake su sve \u0161to trebate. <\/span><\/span><\/span><\/p>\n<p><span class=\"VIiyi\" lang=\"sl\"><span class=\"JLqJ4b\" data-language-for-alternatives=\"sl\" data-language-to-translate-into=\"en\" data-phrase-index=\"0\" data-number-of-phrases=\"1\"><span class=\"Q4iAWc\"> Bilje u Marstall Sinfonie razvija punu snagu i otvara di\u0161ne puteve kada ga se namo\u010di u vru\u0107u vodu. To konju omogu\u0107uje da tijekom hranjenja udahne eteri\u010dna ulja u pari. <\/span><\/span><\/span><\/p>\n<p>&nbsp;<\/p>\n<p><span class=\"VIiyi\" lang=\"sl\"><strong><span class=\"JLqJ4b ChMk0b\" data-language-for-alternatives=\"sl\" data-language-to-translate-into=\"en\" data-phrase-index=\"0\" data-number-of-phrases=\"6\"><span class=\"Q4iAWc\">Sastav Marstall Sinfonie:<\/span><\/span> <\/strong><\/span><\/p>\n<p><em><span class=\"VIiyi\" lang=\"sl\"><span class=\"JLqJ4b ChMk0b\" data-language-for-alternatives=\"sl\" data-language-to-translate-into=\"en\" data-phrase-index=\"2\" data-number-of-phrases=\"6\"><span class=\"Q4iAWc\">Je\u010dmene pahuljice (34,00 %), kukuruzne pahuljice (13,00 %), trava, su\u0161ena na visokoj temperaturi (10,00 %), posije (9,00 %), su\u0161ena repina pulpa, melasirana (9,00 %), repina melasa (7,50 %), lucerna<\/span><\/span> <span class=\"JLqJ4b ChMk0b\" data-language-for-alternatives=\"sl\" data-language-to-translate-into=\"en\" data-phrase-index=\"3\" data-number-of-phrases=\"6\"><span class=\"Q4iAWc\">su\u0161ena na visokoj temperaturi (5,00 %), aromati\u010dno bilje (kopriva, eukaliptus, korijander, sjemenke komora\u010da, listovi bijelog sljeza, timijan, kamilica, piskavica, brezovi listovi, anis, smrekove iglice, kadulja, kim, kadulja, borovica,<\/span><\/span> <span class=\"JLqJ4b ChMk0b\" data-language-for-alternatives=\"sl\" data-language-to-translate-into=\"en\" data-phrase-index=\"4\" data-number-of-phrases=\"6\"><span class=\"Q4iAWc\">zrnca \u010de\u0161njaka) (4,00 %), laneno sjeme (3,00 %), kalcijev karbonat (1,30 %), pivski kvasac (0,75 %), natrijev klorid (0,50 %), suhi gro\u017e\u0111ani trop (0,60 %), monokalcijev fosfat (0,25 %),<\/span><\/span> <span class=\"JLqJ4b ChMk0b\" data-language-for-alternatives=\"sl\" data-language-to-translate-into=\"en\" data-phrase-index=\"5\" data-number-of-phrases=\"6\"><span class=\"Q4iAWc\">magnezijev oksid (0,20 %).<\/span><\/span><\/span><\/em><\/p>\n<p><em>skladno s FEI EADCM* Equine Anti-Doping and Controlled Medication Regulations<\/em><\/p>\n<p>Analiti\u010dki sastav: sirove bjelan\u010devine (SB): 9,60 %, probavljive sirove bjelan\u010devine (PSB): 7,40 %, sirova mast (SM): 4,30 %, sirova vlaknina (SV): 9,20 %, sirovi pepeo (SP): 6,80 %, energija (DE): 11,50 MJ\/kg, energija (ME) GfE 2014: 10,00 MJ\/kg, kalcij: 0,90 %, fosfor: 0,40 %, natrij: 0,30 %, magnezij: 0,25 %.<br \/>\nNutritivni dodaci (na 1 kg):<br \/>\nU mastima topljivi vitamini: vitamin A (E 672) 25.700,00 I.E., vitamin D3 (E 671) 1.100,00 I.E., vitamin E 450,00 mg, vitamin K3 6,40 mg.<br \/>\nU vodi topljivi vitamini: vitamin C (3a312) 68,00 mg, vitamin B1 (3a821) 21,70 mg, vitamin B2 (riboflavin) 6,80 mg, vitamin B6 (piridoksin hidroklorid (3a831)) 16,00 mg, vitamin B12 (cijanokobalamin) 83,00 \u00b5g, biotin (3a880) 505,00 \u00b5g, folna kiselina (3a316) 10,30 mg, kolin klorid (3a890) 300,00 mg, kalcijev D-pantotenat (3a841) 22,00 mg, niacin (3a314) 35,00 mg.<br \/>\nElementi u tragovima: \u017eeljezo kao \u017eeljezov (II) sulfat, monohidrat (E1) 150,00 mg, bakar kao bakrov sulfat, pentahidrat (E4) 43,00 mg, cink kao cinkov oksid (E 6) 285,00 mg, mangan kao manganov (II) oksid (E 5) 154,00 mg, jod kao bezvodni kalcijev jodat (E 2) 1,00 mg, selen kao natrijev selenit (E 8) 0,80 mg.<\/p>\n","protected":false},"excerpt":{"rendered":"<p><strong>Za ovaj proizvod se zbog dimenzija ili te\u017eine obra\u010dunavaju dodatni tro\u0161kovi po\u0161tarine u vrijednosti 15\u20ac \/ kom.<\/strong><\/p>\n<p>&nbsp;<\/p>\n<p><strong><span class=\"VIiyi\" lang=\"sl\"><span class=\"JLqJ4b ChMk0b\" data-language-for-alternatives=\"sl\" data-language-to-translate-into=\"en\" data-phrase-index=\"0\" data-number-of-phrases=\"11\"><span class=\"Q4iAWc\">Prirodni biljni m\u00fcsli<\/span><\/span> <\/span><\/strong><\/p>\n<ul>\n<li><span class=\"VIiyi\" lang=\"sl\"><span class=\"JLqJ4b ChMk0b\" data-language-for-alternatives=\"sl\" data-language-to-translate-into=\"en\" data-phrase-index=\"2\" data-number-of-phrases=\"11\"><span class=\"Q4iAWc\">s 16 prirodnih biljaka<\/span><\/span> <\/span><\/li>\n<li><span class=\"VIiyi\" lang=\"sl\"><span class=\"JLqJ4b ChMk0b\" data-language-for-alternatives=\"sl\" data-language-to-translate-into=\"en\" data-phrase-index=\"4\" data-number-of-phrases=\"11\"><span class=\"Q4iAWc\">korisno za di\u0161ne puteve<\/span><\/span> <\/span><\/li>\n<li><span class=\"VIiyi\" lang=\"sl\"><span class=\"JLqJ4b ChMk0b\" data-language-for-alternatives=\"sl\" data-language-to-translate-into=\"en\" data-phrase-index=\"6\" data-number-of-phrases=\"11\"><span class=\"Q4iAWc\">s dodatnim vitaminom E i selenom<\/span><\/span> <\/span><\/li>\n<li><span class=\"VIiyi\" lang=\"sl\"><span class=\"JLqJ4b ChMk0b\" data-language-for-alternatives=\"sl\" data-language-to-translate-into=\"en\" data-phrase-index=\"8\" data-number-of-phrases=\"11\"><span class=\"Q4iAWc\">puno teksture<\/span><\/span> <\/span><\/li>\n<\/ul>\n<p><strong>Koli\u010dina: 15 kg<\/strong><\/p>\n","protected":false},"featured_media":130749,"template":"","meta":{"footnotes":""},"product_brand":[],"product_cat":[5710,6906,6089],"product_tag":[],"class_list":{"0":"post-104223","1":"product","2":"type-product","3":"status-publish","4":"has-post-thumbnail","6":"product_cat-hrana-za-konje-hr","7":"product_cat-linija-plus","8":"product_cat-marstall-hr","9":"product_shipping_class-marstall-hr","11":"first","12":"instock","13":"sale","14":"featured","15":"shipping-taxable","16":"purchasable","17":"product-type-simple"},"yoast_head":"<!-- This site is optimized with the Yoast SEO plugin v27.4 - https:\/\/yoast.com\/product\/yoast-seo-wordpress\/ -->\n<title>Marstall Sinfonie - Clair<\/title>\n<meta name=\"description\" content=\"Marstall Sinfonie hrana za konje s osvje\u017eavaju\u0107im i okrepljuju\u0107im biljem. Poma\u017ee konju o\u010distiti di\u0161ne puteve. Provjerite na\u0161u \u0161iroku ponudu!\" \/>\n<meta name=\"robots\" content=\"index, follow, max-snippet:-1, max-image-preview:large, max-video-preview:-1\" \/>\n<link rel=\"canonical\" href=\"https:\/\/clair.si\/izdelek\/marstall-sinfonie\/\" \/>\n<meta property=\"og:locale\" content=\"hr_HR\" \/>\n<meta property=\"og:type\" content=\"article\" \/>\n<meta property=\"og:title\" content=\"Marstall Sinfonie - Clair\" \/>\n<meta property=\"og:description\" content=\"Marstall Sinfonie hrana za konje s osvje\u017eavaju\u0107im i okrepljuju\u0107im biljem. Poma\u017ee konju o\u010distiti di\u0161ne puteve. Provjerite na\u0161u \u0161iroku ponudu!\" \/>\n<meta property=\"og:url\" content=\"https:\/\/clair.si\/izdelek\/marstall-sinfonie\/\" \/>\n<meta property=\"og:site_name\" content=\"Clair\" \/>\n<meta property=\"article:publisher\" content=\"https:\/\/www.facebook.com\/TrgovinaClair\/\" \/>\n<meta property=\"article:modified_time\" content=\"2025-08-28T17:47:55+00:00\" \/>\n<meta property=\"og:image\" content=\"https:\/\/clair.si\/wp-content\/uploads\/2022\/05\/marstall-sinfonie-krma-za-konje.jpg\" \/>\n\t<meta property=\"og:image:width\" content=\"800\" \/>\n\t<meta property=\"og:image:height\" content=\"800\" \/>\n\t<meta property=\"og:image:type\" content=\"image\/jpeg\" \/>\n<meta name=\"twitter:card\" content=\"summary_large_image\" \/>\n<meta name=\"twitter:label1\" content=\"Procijenjeno vrijeme \u010ditanja\" \/>\n\t<meta name=\"twitter:data1\" content=\"4 minute\" \/>\n<script type=\"application\/ld+json\" class=\"yoast-schema-graph\">{\"@context\":\"https:\\\/\\\/schema.org\",\"@graph\":[{\"@type\":\"WebPage\",\"@id\":\"https:\\\/\\\/clair.si\\\/izdelek\\\/marstall-sinfonie\\\/\",\"url\":\"https:\\\/\\\/clair.si\\\/izdelek\\\/marstall-sinfonie\\\/\",\"name\":\"Marstall Sinfonie - Clair\",\"isPartOf\":{\"@id\":\"https:\\\/\\\/clair.si\\\/#website\"},\"primaryImageOfPage\":{\"@id\":\"https:\\\/\\\/clair.si\\\/izdelek\\\/marstall-sinfonie\\\/#primaryimage\"},\"image\":{\"@id\":\"https:\\\/\\\/clair.si\\\/izdelek\\\/marstall-sinfonie\\\/#primaryimage\"},\"thumbnailUrl\":\"https:\\\/\\\/clair.si\\\/wp-content\\\/uploads\\\/2022\\\/05\\\/novi-sinfonie.webp\",\"datePublished\":\"2022-05-24T10:36:16+00:00\",\"dateModified\":\"2025-08-28T17:47:55+00:00\",\"description\":\"Marstall Sinfonie hrana za konje s osvje\u017eavaju\u0107im i okrepljuju\u0107im biljem. Poma\u017ee konju o\u010distiti di\u0161ne puteve. Provjerite na\u0161u \u0161iroku ponudu!\",\"breadcrumb\":{\"@id\":\"https:\\\/\\\/clair.si\\\/izdelek\\\/marstall-sinfonie\\\/#breadcrumb\"},\"inLanguage\":\"hr\",\"potentialAction\":[{\"@type\":\"ReadAction\",\"target\":[\"https:\\\/\\\/clair.si\\\/izdelek\\\/marstall-sinfonie\\\/\"]}]},{\"@type\":\"ImageObject\",\"inLanguage\":\"hr\",\"@id\":\"https:\\\/\\\/clair.si\\\/izdelek\\\/marstall-sinfonie\\\/#primaryimage\",\"url\":\"https:\\\/\\\/clair.si\\\/wp-content\\\/uploads\\\/2022\\\/05\\\/novi-sinfonie.webp\",\"contentUrl\":\"https:\\\/\\\/clair.si\\\/wp-content\\\/uploads\\\/2022\\\/05\\\/novi-sinfonie.webp\",\"width\":800,\"height\":800},{\"@type\":\"BreadcrumbList\",\"@id\":\"https:\\\/\\\/clair.si\\\/izdelek\\\/marstall-sinfonie\\\/#breadcrumb\",\"itemListElement\":[{\"@type\":\"ListItem\",\"position\":1,\"name\":\"Home\",\"item\":\"https:\\\/\\\/clair.si\\\/hr\\\/\"},{\"@type\":\"ListItem\",\"position\":2,\"name\":\"Trgovina\",\"item\":\"https:\\\/\\\/clair.si\\\/trgovina\\\/\"},{\"@type\":\"ListItem\",\"position\":3,\"name\":\"Marstall Sinfonie\"}]},{\"@type\":\"WebSite\",\"@id\":\"https:\\\/\\\/clair.si\\\/#website\",\"url\":\"https:\\\/\\\/clair.si\\\/\",\"name\":\"Clair\",\"description\":\"Trgovina s konjeni\u0161ko opremo\",\"publisher\":{\"@id\":\"https:\\\/\\\/clair.si\\\/#organization\"},\"potentialAction\":[{\"@type\":\"SearchAction\",\"target\":{\"@type\":\"EntryPoint\",\"urlTemplate\":\"https:\\\/\\\/clair.si\\\/?s={search_term_string}\"},\"query-input\":{\"@type\":\"PropertyValueSpecification\",\"valueRequired\":true,\"valueName\":\"search_term_string\"}}],\"inLanguage\":\"hr\"},{\"@type\":\"Organization\",\"@id\":\"https:\\\/\\\/clair.si\\\/#organization\",\"name\":\"Clair\",\"url\":\"https:\\\/\\\/clair.si\\\/\",\"logo\":{\"@type\":\"ImageObject\",\"inLanguage\":\"hr\",\"@id\":\"https:\\\/\\\/clair.si\\\/#\\\/schema\\\/logo\\\/image\\\/\",\"url\":\"https:\\\/\\\/clair.si\\\/wp-content\\\/uploads\\\/2022\\\/11\\\/clair_logo_2022.jpg\",\"contentUrl\":\"https:\\\/\\\/clair.si\\\/wp-content\\\/uploads\\\/2022\\\/11\\\/clair_logo_2022.jpg\",\"width\":1920,\"height\":1920,\"caption\":\"Clair\"},\"image\":{\"@id\":\"https:\\\/\\\/clair.si\\\/#\\\/schema\\\/logo\\\/image\\\/\"},\"sameAs\":[\"https:\\\/\\\/www.facebook.com\\\/TrgovinaClair\\\/\"]}]}<\/script>\n<!-- \/ Yoast SEO plugin. -->","yoast_head_json":{"title":"Marstall Sinfonie - Clair","description":"Marstall Sinfonie hrana za konje s osvje\u017eavaju\u0107im i okrepljuju\u0107im biljem. Poma\u017ee konju o\u010distiti di\u0161ne puteve. Provjerite na\u0161u \u0161iroku ponudu!","robots":{"index":"index","follow":"follow","max-snippet":"max-snippet:-1","max-image-preview":"max-image-preview:large","max-video-preview":"max-video-preview:-1"},"canonical":"https:\/\/clair.si\/izdelek\/marstall-sinfonie\/","og_locale":"hr_HR","og_type":"article","og_title":"Marstall Sinfonie - Clair","og_description":"Marstall Sinfonie hrana za konje s osvje\u017eavaju\u0107im i okrepljuju\u0107im biljem. Poma\u017ee konju o\u010distiti di\u0161ne puteve. Provjerite na\u0161u \u0161iroku ponudu!","og_url":"https:\/\/clair.si\/izdelek\/marstall-sinfonie\/","og_site_name":"Clair","article_publisher":"https:\/\/www.facebook.com\/TrgovinaClair\/","article_modified_time":"2025-08-28T17:47:55+00:00","og_image":[{"width":800,"height":800,"url":"https:\/\/clair.si\/wp-content\/uploads\/2022\/05\/marstall-sinfonie-krma-za-konje.jpg","type":"image\/jpeg"}],"twitter_card":"summary_large_image","twitter_misc":{"Procijenjeno vrijeme \u010ditanja":"4 minute"},"schema":{"@context":"https:\/\/schema.org","@graph":[{"@type":"WebPage","@id":"https:\/\/clair.si\/izdelek\/marstall-sinfonie\/","url":"https:\/\/clair.si\/izdelek\/marstall-sinfonie\/","name":"Marstall Sinfonie - Clair","isPartOf":{"@id":"https:\/\/clair.si\/#website"},"primaryImageOfPage":{"@id":"https:\/\/clair.si\/izdelek\/marstall-sinfonie\/#primaryimage"},"image":{"@id":"https:\/\/clair.si\/izdelek\/marstall-sinfonie\/#primaryimage"},"thumbnailUrl":"https:\/\/clair.si\/wp-content\/uploads\/2022\/05\/novi-sinfonie.webp","datePublished":"2022-05-24T10:36:16+00:00","dateModified":"2025-08-28T17:47:55+00:00","description":"Marstall Sinfonie hrana za konje s osvje\u017eavaju\u0107im i okrepljuju\u0107im biljem. Poma\u017ee konju o\u010distiti di\u0161ne puteve. Provjerite na\u0161u \u0161iroku ponudu!","breadcrumb":{"@id":"https:\/\/clair.si\/izdelek\/marstall-sinfonie\/#breadcrumb"},"inLanguage":"hr","potentialAction":[{"@type":"ReadAction","target":["https:\/\/clair.si\/izdelek\/marstall-sinfonie\/"]}]},{"@type":"ImageObject","inLanguage":"hr","@id":"https:\/\/clair.si\/izdelek\/marstall-sinfonie\/#primaryimage","url":"https:\/\/clair.si\/wp-content\/uploads\/2022\/05\/novi-sinfonie.webp","contentUrl":"https:\/\/clair.si\/wp-content\/uploads\/2022\/05\/novi-sinfonie.webp","width":800,"height":800},{"@type":"BreadcrumbList","@id":"https:\/\/clair.si\/izdelek\/marstall-sinfonie\/#breadcrumb","itemListElement":[{"@type":"ListItem","position":1,"name":"Home","item":"https:\/\/clair.si\/hr\/"},{"@type":"ListItem","position":2,"name":"Trgovina","item":"https:\/\/clair.si\/trgovina\/"},{"@type":"ListItem","position":3,"name":"Marstall Sinfonie"}]},{"@type":"WebSite","@id":"https:\/\/clair.si\/#website","url":"https:\/\/clair.si\/","name":"Clair","description":"Trgovina s konjeni\u0161ko opremo","publisher":{"@id":"https:\/\/clair.si\/#organization"},"potentialAction":[{"@type":"SearchAction","target":{"@type":"EntryPoint","urlTemplate":"https:\/\/clair.si\/?s={search_term_string}"},"query-input":{"@type":"PropertyValueSpecification","valueRequired":true,"valueName":"search_term_string"}}],"inLanguage":"hr"},{"@type":"Organization","@id":"https:\/\/clair.si\/#organization","name":"Clair","url":"https:\/\/clair.si\/","logo":{"@type":"ImageObject","inLanguage":"hr","@id":"https:\/\/clair.si\/#\/schema\/logo\/image\/","url":"https:\/\/clair.si\/wp-content\/uploads\/2022\/11\/clair_logo_2022.jpg","contentUrl":"https:\/\/clair.si\/wp-content\/uploads\/2022\/11\/clair_logo_2022.jpg","width":1920,"height":1920,"caption":"Clair"},"image":{"@id":"https:\/\/clair.si\/#\/schema\/logo\/image\/"},"sameAs":["https:\/\/www.facebook.com\/TrgovinaClair\/"]}]}},"_links":{"self":[{"href":"https:\/\/clair.si\/hr\/wp-json\/wp\/v2\/product\/104223","targetHints":{"allow":["GET"]}}],"collection":[{"href":"https:\/\/clair.si\/hr\/wp-json\/wp\/v2\/product"}],"about":[{"href":"https:\/\/clair.si\/hr\/wp-json\/wp\/v2\/types\/product"}],"version-history":[{"count":0,"href":"https:\/\/clair.si\/hr\/wp-json\/wp\/v2\/product\/104223\/revisions"}],"wp:featuredmedia":[{"embeddable":true,"href":"https:\/\/clair.si\/hr\/wp-json\/wp\/v2\/media\/130749"}],"wp:attachment":[{"href":"https:\/\/clair.si\/hr\/wp-json\/wp\/v2\/media?parent=104223"}],"wp:term":[{"taxonomy":"product_brand","embeddable":true,"href":"https:\/\/clair.si\/hr\/wp-json\/wp\/v2\/product_brand?post=104223"},{"taxonomy":"product_cat","embeddable":true,"href":"https:\/\/clair.si\/hr\/wp-json\/wp\/v2\/product_cat?post=104223"},{"taxonomy":"product_tag","embeddable":true,"href":"https:\/\/clair.si\/hr\/wp-json\/wp\/v2\/product_tag?post=104223"}],"curies":[{"name":"wp","href":"https:\/\/api.w.org\/{rel}","templated":true}]}}