{"id":104226,"date":"2022-06-24T14:35:48","date_gmt":"2022-06-24T12:35:48","guid":{"rendered":"https:\/\/clair.si\/izdelek\/univerzalna-hranilica-za-konje-14-l-turnir-s-ruckom\/"},"modified":"2025-08-27T15:37:39","modified_gmt":"2025-08-27T13:37:39","slug":"univerzalna-hranilica-za-konje-14-l-turnir-s-ruckom","status":"publish","type":"product","link":"https:\/\/clair.si\/hr\/izdelek\/univerzalna-hranilica-za-konje-14-l-turnir-s-ruckom\/","title":{"rendered":"Univerzalna hranilica za konje 14 L Turnir s ru\u010dkom"},"content":{"rendered":"<p><strong>Univerzalna hranilica za konje 14 L Turnir <\/strong>savr\u0161ena je za transport.<\/p>\n<p><strong>Zna\u010dajke:<\/strong><\/p>\n<ul>\n<li>Izuzetno otporan na udarce s dugim vijekom trajanja<\/li>\n<li>Ima zaobljene rubove za ve\u0107u sigurnost<\/li>\n<li>Brzo i sigurno hranjenje na pa\u0161njaku, u \u0161tali i na natjecanjima<\/li>\n<li>Ima prakti\u010dnu ru\u010dku<\/li>\n<li>Uz kupnju dr\u017ea\u010da za hranilicu, prikladna je za vje\u0161anje na vrata i ogradu<\/li>\n<li>Dr\u017ea\u010di se jednostavno pri\u010dvr\u0161\u0107uju i uklanjaju<\/li>\n<\/ul>\n","protected":false},"excerpt":{"rendered":"<p>Univerzalna hranilica za konje 14 L Turnir savr\u0161ena je za transport. Zna\u010dajke: Izuzetno otporan na udarce s dugim vijekom trajanja<\/p>\n","protected":false},"featured_media":104228,"template":"","meta":{"footnotes":""},"product_brand":[],"product_cat":[5824,5627],"product_tag":[],"class_list":{"0":"post-104226","1":"product","2":"type-product","3":"status-publish","4":"has-post-thumbnail","6":"product_cat-hranilice","7":"product_cat-stala-i-pasnjak","9":"first","10":"instock","11":"sale","12":"shipping-taxable","13":"purchasable","14":"product-type-simple"},"yoast_head":"<!-- This site is optimized with the Yoast SEO plugin v27.4 - https:\/\/yoast.com\/product\/yoast-seo-wordpress\/ -->\n<title>Univerzalna hranilica za konje Turnir s ru\u010dkom - Clair<\/title>\n<meta name=\"description\" content=\"Univerzalna hranilica za konje Turnir s ru\u010dkom jednostavna je za no\u0161enje. Provjerite ponudu u na\u0161oj web trgovini.\" \/>\n<meta name=\"robots\" content=\"index, follow, max-snippet:-1, max-image-preview:large, max-video-preview:-1\" \/>\n<link rel=\"canonical\" href=\"https:\/\/clair.si\/hr\/izdelek\/univerzalna-hranilica-za-konje-14-l-turnir-s-ruckom\/\" \/>\n<meta property=\"og:locale\" content=\"hr_HR\" \/>\n<meta property=\"og:type\" content=\"article\" \/>\n<meta property=\"og:title\" content=\"Univerzalna hranilica za konje Turnir s ru\u010dkom - Clair\" \/>\n<meta property=\"og:description\" content=\"Univerzalna hranilica za konje Turnir s ru\u010dkom jednostavna je za no\u0161enje. Provjerite ponudu u na\u0161oj web trgovini.\" \/>\n<meta property=\"og:url\" content=\"https:\/\/clair.si\/hr\/izdelek\/univerzalna-hranilica-za-konje-14-l-turnir-s-ruckom\/\" \/>\n<meta property=\"og:site_name\" content=\"Clair\" \/>\n<meta property=\"article:publisher\" content=\"https:\/\/www.facebook.com\/TrgovinaClair\/\" \/>\n<meta property=\"article:modified_time\" content=\"2025-08-27T13:37:39+00:00\" \/>\n<meta property=\"og:image\" content=\"https:\/\/clair.si\/wp-content\/uploads\/2022\/06\/1253022.jpeg\" \/>\n\t<meta property=\"og:image:width\" content=\"600\" \/>\n\t<meta property=\"og:image:height\" content=\"600\" \/>\n\t<meta property=\"og:image:type\" content=\"image\/jpeg\" \/>\n<meta name=\"twitter:card\" content=\"summary_large_image\" \/>\n<script type=\"application\/ld+json\" class=\"yoast-schema-graph\">{\"@context\":\"https:\\\/\\\/schema.org\",\"@graph\":[{\"@type\":\"WebPage\",\"@id\":\"https:\\\/\\\/clair.si\\\/hr\\\/izdelek\\\/univerzalna-hranilica-za-konje-14-l-turnir-s-ruckom\\\/\",\"url\":\"https:\\\/\\\/clair.si\\\/hr\\\/izdelek\\\/univerzalna-hranilica-za-konje-14-l-turnir-s-ruckom\\\/\",\"name\":\"Univerzalna hranilica za konje Turnir s ru\u010dkom - Clair\",\"isPartOf\":{\"@id\":\"https:\\\/\\\/clair.si\\\/#website\"},\"primaryImageOfPage\":{\"@id\":\"https:\\\/\\\/clair.si\\\/hr\\\/izdelek\\\/univerzalna-hranilica-za-konje-14-l-turnir-s-ruckom\\\/#primaryimage\"},\"image\":{\"@id\":\"https:\\\/\\\/clair.si\\\/hr\\\/izdelek\\\/univerzalna-hranilica-za-konje-14-l-turnir-s-ruckom\\\/#primaryimage\"},\"thumbnailUrl\":\"https:\\\/\\\/clair.si\\\/wp-content\\\/uploads\\\/2022\\\/06\\\/1253022.webp\",\"datePublished\":\"2022-06-24T12:35:48+00:00\",\"dateModified\":\"2025-08-27T13:37:39+00:00\",\"description\":\"Univerzalna hranilica za konje Turnir s ru\u010dkom jednostavna je za no\u0161enje. Provjerite ponudu u na\u0161oj web trgovini.\",\"breadcrumb\":{\"@id\":\"https:\\\/\\\/clair.si\\\/hr\\\/izdelek\\\/univerzalna-hranilica-za-konje-14-l-turnir-s-ruckom\\\/#breadcrumb\"},\"inLanguage\":\"hr\",\"potentialAction\":[{\"@type\":\"ReadAction\",\"target\":[\"https:\\\/\\\/clair.si\\\/hr\\\/izdelek\\\/univerzalna-hranilica-za-konje-14-l-turnir-s-ruckom\\\/\"]}]},{\"@type\":\"ImageObject\",\"inLanguage\":\"hr\",\"@id\":\"https:\\\/\\\/clair.si\\\/hr\\\/izdelek\\\/univerzalna-hranilica-za-konje-14-l-turnir-s-ruckom\\\/#primaryimage\",\"url\":\"https:\\\/\\\/clair.si\\\/wp-content\\\/uploads\\\/2022\\\/06\\\/1253022.webp\",\"contentUrl\":\"https:\\\/\\\/clair.si\\\/wp-content\\\/uploads\\\/2022\\\/06\\\/1253022.webp\",\"width\":600,\"height\":600,\"caption\":\"Krmilnik za konje z ro\u010dajem\"},{\"@type\":\"BreadcrumbList\",\"@id\":\"https:\\\/\\\/clair.si\\\/hr\\\/izdelek\\\/univerzalna-hranilica-za-konje-14-l-turnir-s-ruckom\\\/#breadcrumb\",\"itemListElement\":[{\"@type\":\"ListItem\",\"position\":1,\"name\":\"Home\",\"item\":\"https:\\\/\\\/clair.si\\\/hr\\\/\"},{\"@type\":\"ListItem\",\"position\":2,\"name\":\"Trgovina\",\"item\":\"https:\\\/\\\/clair.si\\\/trgovina\\\/\"},{\"@type\":\"ListItem\",\"position\":3,\"name\":\"Univerzalna hranilica za konje 14 L Turnir s ru\u010dkom\"}]},{\"@type\":\"WebSite\",\"@id\":\"https:\\\/\\\/clair.si\\\/#website\",\"url\":\"https:\\\/\\\/clair.si\\\/\",\"name\":\"Clair\",\"description\":\"Trgovina s konjeni\u0161ko opremo\",\"publisher\":{\"@id\":\"https:\\\/\\\/clair.si\\\/#organization\"},\"potentialAction\":[{\"@type\":\"SearchAction\",\"target\":{\"@type\":\"EntryPoint\",\"urlTemplate\":\"https:\\\/\\\/clair.si\\\/?s={search_term_string}\"},\"query-input\":{\"@type\":\"PropertyValueSpecification\",\"valueRequired\":true,\"valueName\":\"search_term_string\"}}],\"inLanguage\":\"hr\"},{\"@type\":\"Organization\",\"@id\":\"https:\\\/\\\/clair.si\\\/#organization\",\"name\":\"Clair\",\"url\":\"https:\\\/\\\/clair.si\\\/\",\"logo\":{\"@type\":\"ImageObject\",\"inLanguage\":\"hr\",\"@id\":\"https:\\\/\\\/clair.si\\\/#\\\/schema\\\/logo\\\/image\\\/\",\"url\":\"https:\\\/\\\/clair.si\\\/wp-content\\\/uploads\\\/2022\\\/11\\\/clair_logo_2022.jpg\",\"contentUrl\":\"https:\\\/\\\/clair.si\\\/wp-content\\\/uploads\\\/2022\\\/11\\\/clair_logo_2022.jpg\",\"width\":1920,\"height\":1920,\"caption\":\"Clair\"},\"image\":{\"@id\":\"https:\\\/\\\/clair.si\\\/#\\\/schema\\\/logo\\\/image\\\/\"},\"sameAs\":[\"https:\\\/\\\/www.facebook.com\\\/TrgovinaClair\\\/\"]}]}<\/script>\n<!-- \/ Yoast SEO plugin. -->","yoast_head_json":{"title":"Univerzalna hranilica za konje Turnir s ru\u010dkom - Clair","description":"Univerzalna hranilica za konje Turnir s ru\u010dkom jednostavna je za no\u0161enje. Provjerite ponudu u na\u0161oj web trgovini.","robots":{"index":"index","follow":"follow","max-snippet":"max-snippet:-1","max-image-preview":"max-image-preview:large","max-video-preview":"max-video-preview:-1"},"canonical":"https:\/\/clair.si\/hr\/izdelek\/univerzalna-hranilica-za-konje-14-l-turnir-s-ruckom\/","og_locale":"hr_HR","og_type":"article","og_title":"Univerzalna hranilica za konje Turnir s ru\u010dkom - Clair","og_description":"Univerzalna hranilica za konje Turnir s ru\u010dkom jednostavna je za no\u0161enje. Provjerite ponudu u na\u0161oj web trgovini.","og_url":"https:\/\/clair.si\/hr\/izdelek\/univerzalna-hranilica-za-konje-14-l-turnir-s-ruckom\/","og_site_name":"Clair","article_publisher":"https:\/\/www.facebook.com\/TrgovinaClair\/","article_modified_time":"2025-08-27T13:37:39+00:00","og_image":[{"width":600,"height":600,"url":"https:\/\/clair.si\/wp-content\/uploads\/2022\/06\/1253022.jpeg","type":"image\/jpeg"}],"twitter_card":"summary_large_image","schema":{"@context":"https:\/\/schema.org","@graph":[{"@type":"WebPage","@id":"https:\/\/clair.si\/hr\/izdelek\/univerzalna-hranilica-za-konje-14-l-turnir-s-ruckom\/","url":"https:\/\/clair.si\/hr\/izdelek\/univerzalna-hranilica-za-konje-14-l-turnir-s-ruckom\/","name":"Univerzalna hranilica za konje Turnir s ru\u010dkom - Clair","isPartOf":{"@id":"https:\/\/clair.si\/#website"},"primaryImageOfPage":{"@id":"https:\/\/clair.si\/hr\/izdelek\/univerzalna-hranilica-za-konje-14-l-turnir-s-ruckom\/#primaryimage"},"image":{"@id":"https:\/\/clair.si\/hr\/izdelek\/univerzalna-hranilica-za-konje-14-l-turnir-s-ruckom\/#primaryimage"},"thumbnailUrl":"https:\/\/clair.si\/wp-content\/uploads\/2022\/06\/1253022.webp","datePublished":"2022-06-24T12:35:48+00:00","dateModified":"2025-08-27T13:37:39+00:00","description":"Univerzalna hranilica za konje Turnir s ru\u010dkom jednostavna je za no\u0161enje. Provjerite ponudu u na\u0161oj web trgovini.","breadcrumb":{"@id":"https:\/\/clair.si\/hr\/izdelek\/univerzalna-hranilica-za-konje-14-l-turnir-s-ruckom\/#breadcrumb"},"inLanguage":"hr","potentialAction":[{"@type":"ReadAction","target":["https:\/\/clair.si\/hr\/izdelek\/univerzalna-hranilica-za-konje-14-l-turnir-s-ruckom\/"]}]},{"@type":"ImageObject","inLanguage":"hr","@id":"https:\/\/clair.si\/hr\/izdelek\/univerzalna-hranilica-za-konje-14-l-turnir-s-ruckom\/#primaryimage","url":"https:\/\/clair.si\/wp-content\/uploads\/2022\/06\/1253022.webp","contentUrl":"https:\/\/clair.si\/wp-content\/uploads\/2022\/06\/1253022.webp","width":600,"height":600,"caption":"Krmilnik za konje z ro\u010dajem"},{"@type":"BreadcrumbList","@id":"https:\/\/clair.si\/hr\/izdelek\/univerzalna-hranilica-za-konje-14-l-turnir-s-ruckom\/#breadcrumb","itemListElement":[{"@type":"ListItem","position":1,"name":"Home","item":"https:\/\/clair.si\/hr\/"},{"@type":"ListItem","position":2,"name":"Trgovina","item":"https:\/\/clair.si\/trgovina\/"},{"@type":"ListItem","position":3,"name":"Univerzalna hranilica za konje 14 L Turnir s ru\u010dkom"}]},{"@type":"WebSite","@id":"https:\/\/clair.si\/#website","url":"https:\/\/clair.si\/","name":"Clair","description":"Trgovina s konjeni\u0161ko opremo","publisher":{"@id":"https:\/\/clair.si\/#organization"},"potentialAction":[{"@type":"SearchAction","target":{"@type":"EntryPoint","urlTemplate":"https:\/\/clair.si\/?s={search_term_string}"},"query-input":{"@type":"PropertyValueSpecification","valueRequired":true,"valueName":"search_term_string"}}],"inLanguage":"hr"},{"@type":"Organization","@id":"https:\/\/clair.si\/#organization","name":"Clair","url":"https:\/\/clair.si\/","logo":{"@type":"ImageObject","inLanguage":"hr","@id":"https:\/\/clair.si\/#\/schema\/logo\/image\/","url":"https:\/\/clair.si\/wp-content\/uploads\/2022\/11\/clair_logo_2022.jpg","contentUrl":"https:\/\/clair.si\/wp-content\/uploads\/2022\/11\/clair_logo_2022.jpg","width":1920,"height":1920,"caption":"Clair"},"image":{"@id":"https:\/\/clair.si\/#\/schema\/logo\/image\/"},"sameAs":["https:\/\/www.facebook.com\/TrgovinaClair\/"]}]}},"_links":{"self":[{"href":"https:\/\/clair.si\/hr\/wp-json\/wp\/v2\/product\/104226","targetHints":{"allow":["GET"]}}],"collection":[{"href":"https:\/\/clair.si\/hr\/wp-json\/wp\/v2\/product"}],"about":[{"href":"https:\/\/clair.si\/hr\/wp-json\/wp\/v2\/types\/product"}],"version-history":[{"count":0,"href":"https:\/\/clair.si\/hr\/wp-json\/wp\/v2\/product\/104226\/revisions"}],"wp:featuredmedia":[{"embeddable":true,"href":"https:\/\/clair.si\/hr\/wp-json\/wp\/v2\/media\/104228"}],"wp:attachment":[{"href":"https:\/\/clair.si\/hr\/wp-json\/wp\/v2\/media?parent=104226"}],"wp:term":[{"taxonomy":"product_brand","embeddable":true,"href":"https:\/\/clair.si\/hr\/wp-json\/wp\/v2\/product_brand?post=104226"},{"taxonomy":"product_cat","embeddable":true,"href":"https:\/\/clair.si\/hr\/wp-json\/wp\/v2\/product_cat?post=104226"},{"taxonomy":"product_tag","embeddable":true,"href":"https:\/\/clair.si\/hr\/wp-json\/wp\/v2\/product_tag?post=104226"}],"curies":[{"name":"wp","href":"https:\/\/api.w.org\/{rel}","templated":true}]}}