{"id":104265,"date":"2022-06-20T10:57:37","date_gmt":"2022-06-20T08:57:37","guid":{"rendered":"https:\/\/clair.si\/izdelek\/set-nozeva-za-elektricne-skare-heiniger-za-konje\/"},"modified":"2025-08-27T14:52:35","modified_gmt":"2025-08-27T12:52:35","slug":"set-nozeva-za-elektricne-skare-heiniger-za-konje","status":"publish","type":"product","link":"https:\/\/clair.si\/hr\/izdelek\/set-nozeva-za-elektricne-skare-heiniger-za-konje\/","title":{"rendered":"Set no\u017eeva za elektri\u010dne \u0161kare Heiniger za konje"},"content":{"rendered":"<p><strong>Set <a href=\"https:\/\/clair.si\/hr\/kategorija\/stala-i-pasnjak\/heiniger-hr\/nozevi-za-elektricne-skare\/\">no\u017eeva za elektri\u010dne \u0161kare<\/a> Heiniger za konje<\/strong><\/p>\n<p>31\/23<\/p>\n<p>Standardni set no\u017eeva primjeren je za \u0161i\u0161anje \u010diste dlake do du\u017eine 2-4 mm.<\/p>\n","protected":false},"excerpt":{"rendered":"<p>Set no\u017eeva za elektri\u010dne \u0161kare Heiniger za konje 31\/23 Standardni set no\u017eeva primjeren je za \u0161i\u0161anje \u010diste dlake do du\u017eine<\/p>\n","protected":false},"featured_media":104267,"template":"","meta":{"footnotes":""},"product_brand":[],"product_cat":[6175,6838,5627],"product_tag":[],"class_list":{"0":"post-104265","1":"product","2":"type-product","3":"status-publish","4":"has-post-thumbnail","6":"product_cat-heiniger-hr","7":"product_cat-nozevi-za-elektricne-skare","8":"product_cat-stala-i-pasnjak","10":"first","11":"outofstock","12":"shipping-taxable","13":"purchasable","14":"product-type-simple"},"yoast_head":"<!-- This site is optimized with the Yoast SEO plugin v27.4 - https:\/\/yoast.com\/product\/yoast-seo-wordpress\/ -->\n<title>Set no\u017eeva za elektri\u010dne \u0161kare Heiniger za konje - Clair<\/title>\n<meta name=\"description\" content=\"Set no\u017eeva za elektri\u010dne \u0161kare Heiniger za konje vam je potreban kako bi va\u0161 konj izgledao \u0161to urednije. Provjerite na webu!\" \/>\n<meta name=\"robots\" content=\"index, follow, max-snippet:-1, max-image-preview:large, max-video-preview:-1\" \/>\n<link rel=\"canonical\" href=\"https:\/\/clair.si\/hr\/izdelek\/set-nozeva-za-elektricne-skare-heiniger-za-konje\/\" \/>\n<meta property=\"og:locale\" content=\"hr_HR\" \/>\n<meta property=\"og:type\" content=\"article\" \/>\n<meta property=\"og:title\" content=\"Set no\u017eeva za elektri\u010dne \u0161kare Heiniger za konje - Clair\" \/>\n<meta property=\"og:description\" content=\"Set no\u017eeva za elektri\u010dne \u0161kare Heiniger za konje vam je potreban kako bi va\u0161 konj izgledao \u0161to urednije. Provjerite na webu!\" \/>\n<meta property=\"og:url\" content=\"https:\/\/clair.si\/hr\/izdelek\/set-nozeva-za-elektricne-skare-heiniger-za-konje\/\" \/>\n<meta property=\"og:site_name\" content=\"Clair\" \/>\n<meta property=\"article:publisher\" content=\"https:\/\/www.facebook.com\/TrgovinaClair\/\" \/>\n<meta property=\"article:modified_time\" content=\"2025-08-27T12:52:35+00:00\" \/>\n<meta property=\"og:image\" content=\"https:\/\/clair.si\/wp-content\/uploads\/2022\/06\/set-nozev-za-elektricne-skarje-heiniger.jpeg\" \/>\n\t<meta property=\"og:image:width\" content=\"700\" \/>\n\t<meta property=\"og:image:height\" content=\"700\" \/>\n\t<meta property=\"og:image:type\" content=\"image\/jpeg\" \/>\n<meta name=\"twitter:card\" content=\"summary_large_image\" \/>\n<script type=\"application\/ld+json\" class=\"yoast-schema-graph\">{\"@context\":\"https:\\\/\\\/schema.org\",\"@graph\":[{\"@type\":\"WebPage\",\"@id\":\"https:\\\/\\\/clair.si\\\/hr\\\/izdelek\\\/set-nozeva-za-elektricne-skare-heiniger-za-konje\\\/\",\"url\":\"https:\\\/\\\/clair.si\\\/hr\\\/izdelek\\\/set-nozeva-za-elektricne-skare-heiniger-za-konje\\\/\",\"name\":\"Set no\u017eeva za elektri\u010dne \u0161kare Heiniger za konje - Clair\",\"isPartOf\":{\"@id\":\"https:\\\/\\\/clair.si\\\/#website\"},\"primaryImageOfPage\":{\"@id\":\"https:\\\/\\\/clair.si\\\/hr\\\/izdelek\\\/set-nozeva-za-elektricne-skare-heiniger-za-konje\\\/#primaryimage\"},\"image\":{\"@id\":\"https:\\\/\\\/clair.si\\\/hr\\\/izdelek\\\/set-nozeva-za-elektricne-skare-heiniger-za-konje\\\/#primaryimage\"},\"thumbnailUrl\":\"https:\\\/\\\/clair.si\\\/wp-content\\\/uploads\\\/2022\\\/06\\\/set-nozev-za-elektricne-skarje-heiniger.webp\",\"datePublished\":\"2022-06-20T08:57:37+00:00\",\"dateModified\":\"2025-08-27T12:52:35+00:00\",\"description\":\"Set no\u017eeva za elektri\u010dne \u0161kare Heiniger za konje vam je potreban kako bi va\u0161 konj izgledao \u0161to urednije. Provjerite na webu!\",\"breadcrumb\":{\"@id\":\"https:\\\/\\\/clair.si\\\/hr\\\/izdelek\\\/set-nozeva-za-elektricne-skare-heiniger-za-konje\\\/#breadcrumb\"},\"inLanguage\":\"hr\",\"potentialAction\":[{\"@type\":\"ReadAction\",\"target\":[\"https:\\\/\\\/clair.si\\\/hr\\\/izdelek\\\/set-nozeva-za-elektricne-skare-heiniger-za-konje\\\/\"]}]},{\"@type\":\"ImageObject\",\"inLanguage\":\"hr\",\"@id\":\"https:\\\/\\\/clair.si\\\/hr\\\/izdelek\\\/set-nozeva-za-elektricne-skare-heiniger-za-konje\\\/#primaryimage\",\"url\":\"https:\\\/\\\/clair.si\\\/wp-content\\\/uploads\\\/2022\\\/06\\\/set-nozev-za-elektricne-skarje-heiniger.webp\",\"contentUrl\":\"https:\\\/\\\/clair.si\\\/wp-content\\\/uploads\\\/2022\\\/06\\\/set-nozev-za-elektricne-skarje-heiniger.webp\",\"width\":700,\"height\":700,\"caption\":\"No\u017ei za elektri\u010dne \u0161karje\"},{\"@type\":\"BreadcrumbList\",\"@id\":\"https:\\\/\\\/clair.si\\\/hr\\\/izdelek\\\/set-nozeva-za-elektricne-skare-heiniger-za-konje\\\/#breadcrumb\",\"itemListElement\":[{\"@type\":\"ListItem\",\"position\":1,\"name\":\"Home\",\"item\":\"https:\\\/\\\/clair.si\\\/hr\\\/\"},{\"@type\":\"ListItem\",\"position\":2,\"name\":\"Trgovina\",\"item\":\"https:\\\/\\\/clair.si\\\/trgovina\\\/\"},{\"@type\":\"ListItem\",\"position\":3,\"name\":\"Set no\u017eeva za elektri\u010dne \u0161kare Heiniger za konje\"}]},{\"@type\":\"WebSite\",\"@id\":\"https:\\\/\\\/clair.si\\\/#website\",\"url\":\"https:\\\/\\\/clair.si\\\/\",\"name\":\"Clair\",\"description\":\"Trgovina s konjeni\u0161ko opremo\",\"publisher\":{\"@id\":\"https:\\\/\\\/clair.si\\\/#organization\"},\"potentialAction\":[{\"@type\":\"SearchAction\",\"target\":{\"@type\":\"EntryPoint\",\"urlTemplate\":\"https:\\\/\\\/clair.si\\\/?s={search_term_string}\"},\"query-input\":{\"@type\":\"PropertyValueSpecification\",\"valueRequired\":true,\"valueName\":\"search_term_string\"}}],\"inLanguage\":\"hr\"},{\"@type\":\"Organization\",\"@id\":\"https:\\\/\\\/clair.si\\\/#organization\",\"name\":\"Clair\",\"url\":\"https:\\\/\\\/clair.si\\\/\",\"logo\":{\"@type\":\"ImageObject\",\"inLanguage\":\"hr\",\"@id\":\"https:\\\/\\\/clair.si\\\/#\\\/schema\\\/logo\\\/image\\\/\",\"url\":\"https:\\\/\\\/clair.si\\\/wp-content\\\/uploads\\\/2022\\\/11\\\/clair_logo_2022.jpg\",\"contentUrl\":\"https:\\\/\\\/clair.si\\\/wp-content\\\/uploads\\\/2022\\\/11\\\/clair_logo_2022.jpg\",\"width\":1920,\"height\":1920,\"caption\":\"Clair\"},\"image\":{\"@id\":\"https:\\\/\\\/clair.si\\\/#\\\/schema\\\/logo\\\/image\\\/\"},\"sameAs\":[\"https:\\\/\\\/www.facebook.com\\\/TrgovinaClair\\\/\"]}]}<\/script>\n<!-- \/ Yoast SEO plugin. -->","yoast_head_json":{"title":"Set no\u017eeva za elektri\u010dne \u0161kare Heiniger za konje - Clair","description":"Set no\u017eeva za elektri\u010dne \u0161kare Heiniger za konje vam je potreban kako bi va\u0161 konj izgledao \u0161to urednije. Provjerite na webu!","robots":{"index":"index","follow":"follow","max-snippet":"max-snippet:-1","max-image-preview":"max-image-preview:large","max-video-preview":"max-video-preview:-1"},"canonical":"https:\/\/clair.si\/hr\/izdelek\/set-nozeva-za-elektricne-skare-heiniger-za-konje\/","og_locale":"hr_HR","og_type":"article","og_title":"Set no\u017eeva za elektri\u010dne \u0161kare Heiniger za konje - Clair","og_description":"Set no\u017eeva za elektri\u010dne \u0161kare Heiniger za konje vam je potreban kako bi va\u0161 konj izgledao \u0161to urednije. Provjerite na webu!","og_url":"https:\/\/clair.si\/hr\/izdelek\/set-nozeva-za-elektricne-skare-heiniger-za-konje\/","og_site_name":"Clair","article_publisher":"https:\/\/www.facebook.com\/TrgovinaClair\/","article_modified_time":"2025-08-27T12:52:35+00:00","og_image":[{"width":700,"height":700,"url":"https:\/\/clair.si\/wp-content\/uploads\/2022\/06\/set-nozev-za-elektricne-skarje-heiniger.jpeg","type":"image\/jpeg"}],"twitter_card":"summary_large_image","schema":{"@context":"https:\/\/schema.org","@graph":[{"@type":"WebPage","@id":"https:\/\/clair.si\/hr\/izdelek\/set-nozeva-za-elektricne-skare-heiniger-za-konje\/","url":"https:\/\/clair.si\/hr\/izdelek\/set-nozeva-za-elektricne-skare-heiniger-za-konje\/","name":"Set no\u017eeva za elektri\u010dne \u0161kare Heiniger za konje - Clair","isPartOf":{"@id":"https:\/\/clair.si\/#website"},"primaryImageOfPage":{"@id":"https:\/\/clair.si\/hr\/izdelek\/set-nozeva-za-elektricne-skare-heiniger-za-konje\/#primaryimage"},"image":{"@id":"https:\/\/clair.si\/hr\/izdelek\/set-nozeva-za-elektricne-skare-heiniger-za-konje\/#primaryimage"},"thumbnailUrl":"https:\/\/clair.si\/wp-content\/uploads\/2022\/06\/set-nozev-za-elektricne-skarje-heiniger.webp","datePublished":"2022-06-20T08:57:37+00:00","dateModified":"2025-08-27T12:52:35+00:00","description":"Set no\u017eeva za elektri\u010dne \u0161kare Heiniger za konje vam je potreban kako bi va\u0161 konj izgledao \u0161to urednije. Provjerite na webu!","breadcrumb":{"@id":"https:\/\/clair.si\/hr\/izdelek\/set-nozeva-za-elektricne-skare-heiniger-za-konje\/#breadcrumb"},"inLanguage":"hr","potentialAction":[{"@type":"ReadAction","target":["https:\/\/clair.si\/hr\/izdelek\/set-nozeva-za-elektricne-skare-heiniger-za-konje\/"]}]},{"@type":"ImageObject","inLanguage":"hr","@id":"https:\/\/clair.si\/hr\/izdelek\/set-nozeva-za-elektricne-skare-heiniger-za-konje\/#primaryimage","url":"https:\/\/clair.si\/wp-content\/uploads\/2022\/06\/set-nozev-za-elektricne-skarje-heiniger.webp","contentUrl":"https:\/\/clair.si\/wp-content\/uploads\/2022\/06\/set-nozev-za-elektricne-skarje-heiniger.webp","width":700,"height":700,"caption":"No\u017ei za elektri\u010dne \u0161karje"},{"@type":"BreadcrumbList","@id":"https:\/\/clair.si\/hr\/izdelek\/set-nozeva-za-elektricne-skare-heiniger-za-konje\/#breadcrumb","itemListElement":[{"@type":"ListItem","position":1,"name":"Home","item":"https:\/\/clair.si\/hr\/"},{"@type":"ListItem","position":2,"name":"Trgovina","item":"https:\/\/clair.si\/trgovina\/"},{"@type":"ListItem","position":3,"name":"Set no\u017eeva za elektri\u010dne \u0161kare Heiniger za konje"}]},{"@type":"WebSite","@id":"https:\/\/clair.si\/#website","url":"https:\/\/clair.si\/","name":"Clair","description":"Trgovina s konjeni\u0161ko opremo","publisher":{"@id":"https:\/\/clair.si\/#organization"},"potentialAction":[{"@type":"SearchAction","target":{"@type":"EntryPoint","urlTemplate":"https:\/\/clair.si\/?s={search_term_string}"},"query-input":{"@type":"PropertyValueSpecification","valueRequired":true,"valueName":"search_term_string"}}],"inLanguage":"hr"},{"@type":"Organization","@id":"https:\/\/clair.si\/#organization","name":"Clair","url":"https:\/\/clair.si\/","logo":{"@type":"ImageObject","inLanguage":"hr","@id":"https:\/\/clair.si\/#\/schema\/logo\/image\/","url":"https:\/\/clair.si\/wp-content\/uploads\/2022\/11\/clair_logo_2022.jpg","contentUrl":"https:\/\/clair.si\/wp-content\/uploads\/2022\/11\/clair_logo_2022.jpg","width":1920,"height":1920,"caption":"Clair"},"image":{"@id":"https:\/\/clair.si\/#\/schema\/logo\/image\/"},"sameAs":["https:\/\/www.facebook.com\/TrgovinaClair\/"]}]}},"_links":{"self":[{"href":"https:\/\/clair.si\/hr\/wp-json\/wp\/v2\/product\/104265","targetHints":{"allow":["GET"]}}],"collection":[{"href":"https:\/\/clair.si\/hr\/wp-json\/wp\/v2\/product"}],"about":[{"href":"https:\/\/clair.si\/hr\/wp-json\/wp\/v2\/types\/product"}],"version-history":[{"count":0,"href":"https:\/\/clair.si\/hr\/wp-json\/wp\/v2\/product\/104265\/revisions"}],"wp:featuredmedia":[{"embeddable":true,"href":"https:\/\/clair.si\/hr\/wp-json\/wp\/v2\/media\/104267"}],"wp:attachment":[{"href":"https:\/\/clair.si\/hr\/wp-json\/wp\/v2\/media?parent=104265"}],"wp:term":[{"taxonomy":"product_brand","embeddable":true,"href":"https:\/\/clair.si\/hr\/wp-json\/wp\/v2\/product_brand?post=104265"},{"taxonomy":"product_cat","embeddable":true,"href":"https:\/\/clair.si\/hr\/wp-json\/wp\/v2\/product_cat?post=104265"},{"taxonomy":"product_tag","embeddable":true,"href":"https:\/\/clair.si\/hr\/wp-json\/wp\/v2\/product_tag?post=104265"}],"curies":[{"name":"wp","href":"https:\/\/api.w.org\/{rel}","templated":true}]}}