{"id":104274,"date":"2022-06-21T10:07:52","date_gmt":"2022-06-21T08:07:52","guid":{"rendered":"https:\/\/clair.si\/izdelek\/sedlo-wintec-pro-endurance-hart\/"},"modified":"2025-09-24T10:57:04","modified_gmt":"2025-09-24T08:57:04","slug":"sedlo-wintec-pro-endurance-hart","status":"publish","type":"product","link":"https:\/\/clair.si\/hr\/izdelek\/sedlo-wintec-pro-endurance-hart\/","title":{"rendered":"Sedlo WINTEC PRO Endurance HART"},"content":{"rendered":"<p><strong>Sinteti\u010dko sedlo WINTEC PRO Endurance HART<\/strong> nudi iskustvo neusporedive udobnosti i pru\u017ea potporu na zahtjevnim stazama i putevima te je namijenjeno za sve terene koje si jaha\u010d uop\u0107e mo\u017ee zamisliti.<\/p>\n<p>Jaha\u010d se nje\u017eno potopi u iznimno mekanom sjedalu sedla WINTEC PRO Endurance HART i osjeti trenutnu udobnost, koju je mogu\u0107e personalizirati pomicanjem stremena za optimalni polo\u017eaj noge. Izme\u0111u pomi\u010dne potpore za nogu FlexiBlock na prednjem dijelu sedla i niske, fiksne potpore na zadnjem dijelu sedla, jaha\u010deva noga \u0107e lako prona\u0107i prirodan polo\u017eaj i dugu vo\u017enju obilje\u017eiti s manje umora. <\/p>\n<p>Konju super meki jastuci CAIR, koji se oblikuju u sklopu le\u0111ne mi\u0161ice i oko nje, obujme mi\u0161i\u0107nu le\u0111nu jedinstvenu strukturu, ponude udobnost te za\u0161titu.<\/p>\n<p>Sedlo mo\u017eete bilo kada, jednostavno i brzo prilagoditi u \u0161irini ramenog dijela konja zamjenom sedelnih lukova EASY-CHANGE Fit Solution.<\/p>\n<p>Sedlo WINTEC PRO Endurance HART izra\u0111eno je od umjetnog materijala, \u010dije je odr\u017eavanje vrlo jednostavno.<\/p>\n<p><strong>Elastiflex sedlena osnova<\/strong> \u2013 zamislite udobnost sedlene osnove sa sposobno\u0161\u0107u savijanja i pomicanja sa svakim konjevim korakom. Kralje\u017enica va\u0161eg konja za\u0161ti\u0107ena je od udarnih sila, dok bo\u010dna fleksija omogu\u0107uje da le\u0111a va\u0161eg konja zanji\u0161u i kre\u0107u se neometano i prirodno. Elastiflex sedlena osnova izra\u0111ena je od simetri\u010dnih materijala, izuzetno je lagana i sna\u017ena te za\u0161ti\u0107ena od loma ili uvijanja.   S HART tehnologijom ste u sigurnim rukama u sedlu.<\/p>\n<p><strong>Sustav sedlenih jastuka CAIR<\/strong> \u2013 vjerujte jednostavno u najbolju za\u0161titu koju mo\u017eete ponuditi svom konju. Super mekani zra\u010dni jastuci u stalnom su kontaktu s gibljivim le\u0111nim mi\u0161i\u0107ima va\u0161eg konja. Pru\u017eaju potpunu udobnost zbog ravnomjernog i ni\u017eeg pritiska u kombinaciji s najboljom apsorpcijom udaraca.   S CAIR sustavom va\u0161 \u0107e konj reagirati sa slobodom kretanja koju mo\u017eete osjetiti.<\/p>\n<p><strong>EASY-CHANGE Fit Solution<\/strong> \u2013 Kada je va\u0161 konj va\u0161 svijet, razumijemo va\u0161u potrebu za potpunim jamstvom o savr\u0161enom rje\u0161enju sada i u budu\u0107nosti. Opustite se s povjerenjem u potpunu prilagodljivost sedla. S najve\u0107im opsegom prilago\u0111avanja, koji je mjerljiv, simetri\u010dan i potpuno reverzibilan, znate da svojem konju dajete sve s rje\u0161enjem zamjenjivih sedelnih lukova.  <\/p>\n<p><strong>S tehnologijom HART ste u sigurnim rukama.<\/strong><\/p>\n","protected":false},"excerpt":{"rendered":"<p><strong>Udobnost za kiloooometre!<\/strong>  Sedlo WINTEC PRO Endurance HART nudi iskustvo neusporedive udobnosti i pru\u017ea potporu na zahtjevnim stazama i putevima te je namijenjeno za sve terene koje si jaha\u010d uop\u0107e mo\u017ee zamisliti.<\/p>\n","protected":false},"featured_media":104278,"template":"","meta":{"footnotes":""},"product_brand":[],"product_cat":[5624,5940,6854],"product_tag":[],"class_list":{"0":"post-104274","1":"product","2":"type-product","3":"status-publish","4":"has-post-thumbnail","6":"product_cat-konj-hr","7":"product_cat-sedla-hr","8":"product_cat-visenamjenska-sedla","10":"first","11":"onbackorder","12":"sale","13":"shipping-taxable","14":"purchasable","15":"product-type-variable"},"yoast_head":"<!-- This site is optimized with the Yoast SEO plugin v27.4 - https:\/\/yoast.com\/product\/yoast-seo-wordpress\/ -->\n<title>Sedlo WINTEC PRO Endurance HART - Clair<\/title>\n<meta name=\"description\" content=\"Sedlo WINTEC PRO Endurance HART nudi iskustvo neusporedive udobnosti i pru\u017ea potporu na zahtjevnim stazama i putevima.\" \/>\n<meta name=\"robots\" content=\"index, follow, max-snippet:-1, max-image-preview:large, max-video-preview:-1\" \/>\n<link rel=\"canonical\" href=\"https:\/\/clair.si\/hr\/izdelek\/sedlo-wintec-pro-endurance-hart\/\" \/>\n<meta property=\"og:locale\" content=\"hr_HR\" \/>\n<meta property=\"og:type\" content=\"article\" \/>\n<meta property=\"og:title\" content=\"Sedlo WINTEC PRO Endurance HART - Clair\" \/>\n<meta property=\"og:description\" content=\"Sedlo WINTEC PRO Endurance HART nudi iskustvo neusporedive udobnosti i pru\u017ea potporu na zahtjevnim stazama i putevima.\" \/>\n<meta property=\"og:url\" content=\"https:\/\/clair.si\/hr\/izdelek\/sedlo-wintec-pro-endurance-hart\/\" \/>\n<meta property=\"og:site_name\" content=\"Clair\" \/>\n<meta property=\"article:publisher\" content=\"https:\/\/www.facebook.com\/TrgovinaClair\/\" \/>\n<meta property=\"article:modified_time\" content=\"2025-09-24T08:57:04+00:00\" \/>\n<meta property=\"og:image\" content=\"https:\/\/clair.si\/wp-content\/uploads\/2022\/06\/wintec-pro-endurance-hart-sedlo.jpg\" \/>\n\t<meta property=\"og:image:width\" content=\"800\" \/>\n\t<meta property=\"og:image:height\" content=\"800\" \/>\n\t<meta property=\"og:image:type\" content=\"image\/jpeg\" \/>\n<meta name=\"twitter:card\" content=\"summary_large_image\" \/>\n<meta name=\"twitter:label1\" content=\"Procijenjeno vrijeme \u010ditanja\" \/>\n\t<meta name=\"twitter:data1\" content=\"2 minute\" \/>\n<script type=\"application\/ld+json\" class=\"yoast-schema-graph\">{\"@context\":\"https:\\\/\\\/schema.org\",\"@graph\":[{\"@type\":\"WebPage\",\"@id\":\"https:\\\/\\\/clair.si\\\/hr\\\/izdelek\\\/sedlo-wintec-pro-endurance-hart\\\/\",\"url\":\"https:\\\/\\\/clair.si\\\/hr\\\/izdelek\\\/sedlo-wintec-pro-endurance-hart\\\/\",\"name\":\"Sedlo WINTEC PRO Endurance HART - Clair\",\"isPartOf\":{\"@id\":\"https:\\\/\\\/clair.si\\\/#website\"},\"primaryImageOfPage\":{\"@id\":\"https:\\\/\\\/clair.si\\\/hr\\\/izdelek\\\/sedlo-wintec-pro-endurance-hart\\\/#primaryimage\"},\"image\":{\"@id\":\"https:\\\/\\\/clair.si\\\/hr\\\/izdelek\\\/sedlo-wintec-pro-endurance-hart\\\/#primaryimage\"},\"thumbnailUrl\":\"https:\\\/\\\/clair.si\\\/wp-content\\\/uploads\\\/2022\\\/06\\\/wintec-pro-endurance-hart-sedlo.webp\",\"datePublished\":\"2022-06-21T08:07:52+00:00\",\"dateModified\":\"2025-09-24T08:57:04+00:00\",\"description\":\"Sedlo WINTEC PRO Endurance HART nudi iskustvo neusporedive udobnosti i pru\u017ea potporu na zahtjevnim stazama i putevima.\",\"breadcrumb\":{\"@id\":\"https:\\\/\\\/clair.si\\\/hr\\\/izdelek\\\/sedlo-wintec-pro-endurance-hart\\\/#breadcrumb\"},\"inLanguage\":\"hr\",\"potentialAction\":[{\"@type\":\"ReadAction\",\"target\":[\"https:\\\/\\\/clair.si\\\/hr\\\/izdelek\\\/sedlo-wintec-pro-endurance-hart\\\/\"]}]},{\"@type\":\"ImageObject\",\"inLanguage\":\"hr\",\"@id\":\"https:\\\/\\\/clair.si\\\/hr\\\/izdelek\\\/sedlo-wintec-pro-endurance-hart\\\/#primaryimage\",\"url\":\"https:\\\/\\\/clair.si\\\/wp-content\\\/uploads\\\/2022\\\/06\\\/wintec-pro-endurance-hart-sedlo.webp\",\"contentUrl\":\"https:\\\/\\\/clair.si\\\/wp-content\\\/uploads\\\/2022\\\/06\\\/wintec-pro-endurance-hart-sedlo.webp\",\"width\":800,\"height\":800,\"caption\":\"Endurance sedlo Wintec Pro.\"},{\"@type\":\"BreadcrumbList\",\"@id\":\"https:\\\/\\\/clair.si\\\/hr\\\/izdelek\\\/sedlo-wintec-pro-endurance-hart\\\/#breadcrumb\",\"itemListElement\":[{\"@type\":\"ListItem\",\"position\":1,\"name\":\"Home\",\"item\":\"https:\\\/\\\/clair.si\\\/hr\\\/\"},{\"@type\":\"ListItem\",\"position\":2,\"name\":\"Trgovina\",\"item\":\"https:\\\/\\\/clair.si\\\/trgovina\\\/\"},{\"@type\":\"ListItem\",\"position\":3,\"name\":\"Sedlo WINTEC PRO Endurance HART\"}]},{\"@type\":\"WebSite\",\"@id\":\"https:\\\/\\\/clair.si\\\/#website\",\"url\":\"https:\\\/\\\/clair.si\\\/\",\"name\":\"Clair\",\"description\":\"Trgovina s konjeni\u0161ko opremo\",\"publisher\":{\"@id\":\"https:\\\/\\\/clair.si\\\/#organization\"},\"potentialAction\":[{\"@type\":\"SearchAction\",\"target\":{\"@type\":\"EntryPoint\",\"urlTemplate\":\"https:\\\/\\\/clair.si\\\/?s={search_term_string}\"},\"query-input\":{\"@type\":\"PropertyValueSpecification\",\"valueRequired\":true,\"valueName\":\"search_term_string\"}}],\"inLanguage\":\"hr\"},{\"@type\":\"Organization\",\"@id\":\"https:\\\/\\\/clair.si\\\/#organization\",\"name\":\"Clair\",\"url\":\"https:\\\/\\\/clair.si\\\/\",\"logo\":{\"@type\":\"ImageObject\",\"inLanguage\":\"hr\",\"@id\":\"https:\\\/\\\/clair.si\\\/#\\\/schema\\\/logo\\\/image\\\/\",\"url\":\"https:\\\/\\\/clair.si\\\/wp-content\\\/uploads\\\/2022\\\/11\\\/clair_logo_2022.jpg\",\"contentUrl\":\"https:\\\/\\\/clair.si\\\/wp-content\\\/uploads\\\/2022\\\/11\\\/clair_logo_2022.jpg\",\"width\":1920,\"height\":1920,\"caption\":\"Clair\"},\"image\":{\"@id\":\"https:\\\/\\\/clair.si\\\/#\\\/schema\\\/logo\\\/image\\\/\"},\"sameAs\":[\"https:\\\/\\\/www.facebook.com\\\/TrgovinaClair\\\/\"]}]}<\/script>\n<!-- \/ Yoast SEO plugin. -->","yoast_head_json":{"title":"Sedlo WINTEC PRO Endurance HART - Clair","description":"Sedlo WINTEC PRO Endurance HART nudi iskustvo neusporedive udobnosti i pru\u017ea potporu na zahtjevnim stazama i putevima.","robots":{"index":"index","follow":"follow","max-snippet":"max-snippet:-1","max-image-preview":"max-image-preview:large","max-video-preview":"max-video-preview:-1"},"canonical":"https:\/\/clair.si\/hr\/izdelek\/sedlo-wintec-pro-endurance-hart\/","og_locale":"hr_HR","og_type":"article","og_title":"Sedlo WINTEC PRO Endurance HART - Clair","og_description":"Sedlo WINTEC PRO Endurance HART nudi iskustvo neusporedive udobnosti i pru\u017ea potporu na zahtjevnim stazama i putevima.","og_url":"https:\/\/clair.si\/hr\/izdelek\/sedlo-wintec-pro-endurance-hart\/","og_site_name":"Clair","article_publisher":"https:\/\/www.facebook.com\/TrgovinaClair\/","article_modified_time":"2025-09-24T08:57:04+00:00","og_image":[{"width":800,"height":800,"url":"https:\/\/clair.si\/wp-content\/uploads\/2022\/06\/wintec-pro-endurance-hart-sedlo.jpg","type":"image\/jpeg"}],"twitter_card":"summary_large_image","twitter_misc":{"Procijenjeno vrijeme \u010ditanja":"2 minute"},"schema":{"@context":"https:\/\/schema.org","@graph":[{"@type":"WebPage","@id":"https:\/\/clair.si\/hr\/izdelek\/sedlo-wintec-pro-endurance-hart\/","url":"https:\/\/clair.si\/hr\/izdelek\/sedlo-wintec-pro-endurance-hart\/","name":"Sedlo WINTEC PRO Endurance HART - Clair","isPartOf":{"@id":"https:\/\/clair.si\/#website"},"primaryImageOfPage":{"@id":"https:\/\/clair.si\/hr\/izdelek\/sedlo-wintec-pro-endurance-hart\/#primaryimage"},"image":{"@id":"https:\/\/clair.si\/hr\/izdelek\/sedlo-wintec-pro-endurance-hart\/#primaryimage"},"thumbnailUrl":"https:\/\/clair.si\/wp-content\/uploads\/2022\/06\/wintec-pro-endurance-hart-sedlo.webp","datePublished":"2022-06-21T08:07:52+00:00","dateModified":"2025-09-24T08:57:04+00:00","description":"Sedlo WINTEC PRO Endurance HART nudi iskustvo neusporedive udobnosti i pru\u017ea potporu na zahtjevnim stazama i putevima.","breadcrumb":{"@id":"https:\/\/clair.si\/hr\/izdelek\/sedlo-wintec-pro-endurance-hart\/#breadcrumb"},"inLanguage":"hr","potentialAction":[{"@type":"ReadAction","target":["https:\/\/clair.si\/hr\/izdelek\/sedlo-wintec-pro-endurance-hart\/"]}]},{"@type":"ImageObject","inLanguage":"hr","@id":"https:\/\/clair.si\/hr\/izdelek\/sedlo-wintec-pro-endurance-hart\/#primaryimage","url":"https:\/\/clair.si\/wp-content\/uploads\/2022\/06\/wintec-pro-endurance-hart-sedlo.webp","contentUrl":"https:\/\/clair.si\/wp-content\/uploads\/2022\/06\/wintec-pro-endurance-hart-sedlo.webp","width":800,"height":800,"caption":"Endurance sedlo Wintec Pro."},{"@type":"BreadcrumbList","@id":"https:\/\/clair.si\/hr\/izdelek\/sedlo-wintec-pro-endurance-hart\/#breadcrumb","itemListElement":[{"@type":"ListItem","position":1,"name":"Home","item":"https:\/\/clair.si\/hr\/"},{"@type":"ListItem","position":2,"name":"Trgovina","item":"https:\/\/clair.si\/trgovina\/"},{"@type":"ListItem","position":3,"name":"Sedlo WINTEC PRO Endurance HART"}]},{"@type":"WebSite","@id":"https:\/\/clair.si\/#website","url":"https:\/\/clair.si\/","name":"Clair","description":"Trgovina s konjeni\u0161ko opremo","publisher":{"@id":"https:\/\/clair.si\/#organization"},"potentialAction":[{"@type":"SearchAction","target":{"@type":"EntryPoint","urlTemplate":"https:\/\/clair.si\/?s={search_term_string}"},"query-input":{"@type":"PropertyValueSpecification","valueRequired":true,"valueName":"search_term_string"}}],"inLanguage":"hr"},{"@type":"Organization","@id":"https:\/\/clair.si\/#organization","name":"Clair","url":"https:\/\/clair.si\/","logo":{"@type":"ImageObject","inLanguage":"hr","@id":"https:\/\/clair.si\/#\/schema\/logo\/image\/","url":"https:\/\/clair.si\/wp-content\/uploads\/2022\/11\/clair_logo_2022.jpg","contentUrl":"https:\/\/clair.si\/wp-content\/uploads\/2022\/11\/clair_logo_2022.jpg","width":1920,"height":1920,"caption":"Clair"},"image":{"@id":"https:\/\/clair.si\/#\/schema\/logo\/image\/"},"sameAs":["https:\/\/www.facebook.com\/TrgovinaClair\/"]}]}},"_links":{"self":[{"href":"https:\/\/clair.si\/hr\/wp-json\/wp\/v2\/product\/104274","targetHints":{"allow":["GET"]}}],"collection":[{"href":"https:\/\/clair.si\/hr\/wp-json\/wp\/v2\/product"}],"about":[{"href":"https:\/\/clair.si\/hr\/wp-json\/wp\/v2\/types\/product"}],"version-history":[{"count":0,"href":"https:\/\/clair.si\/hr\/wp-json\/wp\/v2\/product\/104274\/revisions"}],"wp:featuredmedia":[{"embeddable":true,"href":"https:\/\/clair.si\/hr\/wp-json\/wp\/v2\/media\/104278"}],"wp:attachment":[{"href":"https:\/\/clair.si\/hr\/wp-json\/wp\/v2\/media?parent=104274"}],"wp:term":[{"taxonomy":"product_brand","embeddable":true,"href":"https:\/\/clair.si\/hr\/wp-json\/wp\/v2\/product_brand?post=104274"},{"taxonomy":"product_cat","embeddable":true,"href":"https:\/\/clair.si\/hr\/wp-json\/wp\/v2\/product_cat?post=104274"},{"taxonomy":"product_tag","embeddable":true,"href":"https:\/\/clair.si\/hr\/wp-json\/wp\/v2\/product_tag?post=104274"}],"curies":[{"name":"wp","href":"https:\/\/api.w.org\/{rel}","templated":true}]}}