{"id":104291,"date":"2022-06-22T13:04:31","date_gmt":"2022-06-22T11:04:31","guid":{"rendered":"https:\/\/clair.si\/izdelek\/jfc-hranilica-za-konje\/"},"modified":"2025-08-27T15:38:05","modified_gmt":"2025-08-27T13:38:05","slug":"jfc-hranilica-za-konje","status":"publish","type":"product","link":"https:\/\/clair.si\/hr\/izdelek\/jfc-hranilica-za-konje\/","title":{"rendered":"JFC hranilica za konje"},"content":{"rendered":"<p><strong>JFC hranilica za konje<\/strong> izuzetno je izdr\u017eljiva i otporna na svaku grubu igru i pona\u0161anje konja.<\/p>\n<p><strong>Zna\u010dajke:<\/strong><\/p>\n<ul>\n<li>Tri rupe na stra\u017enjoj strani za sigurno pri\u010dvr\u0161\u0107ivanje na zid<\/li>\n<li>Ispusni \u010dep (13 mm) za lak\u0161e \u010di\u0161\u0107enje<\/li>\n<li>Hranilica je dizajnirana tako da bude sigurna za \u017eivotinje<\/li>\n<li>Deblji rub smanjuje koli\u010dinu rasute ili prolivene hrane<\/li>\n<li>Glatka povr\u0161ina za dodatnu sigurnost \u017eivotinja i jednostavno \u010di\u0161\u0107enje<\/li>\n<li>Zapremina 15 L<\/li>\n<\/ul>\n","protected":false},"excerpt":{"rendered":"<p>JFC hranilica za konje izuzetno je izdr\u017eljiva i otporna na svaku grubu igru i pona\u0161anje konja. Zna\u010dajke: Tri rupe na<\/p>\n","protected":false},"featured_media":104293,"template":"","meta":{"footnotes":""},"product_brand":[],"product_cat":[5824,5627],"product_tag":[],"class_list":{"0":"post-104291","1":"product","2":"type-product","3":"status-publish","4":"has-post-thumbnail","6":"product_cat-hranilice","7":"product_cat-stala-i-pasnjak","9":"first","10":"instock","11":"sale","12":"shipping-taxable","13":"purchasable","14":"product-type-simple"},"yoast_head":"<!-- This site is optimized with the Yoast SEO plugin v27.4 - https:\/\/yoast.com\/product\/yoast-seo-wordpress\/ -->\n<title>JFC hranilica za konje - Clair<\/title>\n<meta name=\"description\" content=\"Izdr\u017eljiva i prostrana JFC hranilica za konje lako se montira na zid va\u0161e staje. Vi\u0161e informacija pro\u010ditajte online!\" \/>\n<meta name=\"robots\" content=\"index, follow, max-snippet:-1, max-image-preview:large, max-video-preview:-1\" \/>\n<link rel=\"canonical\" href=\"https:\/\/clair.si\/hr\/izdelek\/jfc-hranilica-za-konje\/\" \/>\n<meta property=\"og:locale\" content=\"hr_HR\" \/>\n<meta property=\"og:type\" content=\"article\" \/>\n<meta property=\"og:title\" content=\"JFC hranilica za konje - Clair\" \/>\n<meta property=\"og:description\" content=\"Izdr\u017eljiva i prostrana JFC hranilica za konje lako se montira na zid va\u0161e staje. Vi\u0161e informacija pro\u010ditajte online!\" \/>\n<meta property=\"og:url\" content=\"https:\/\/clair.si\/hr\/izdelek\/jfc-hranilica-za-konje\/\" \/>\n<meta property=\"og:site_name\" content=\"Clair\" \/>\n<meta property=\"article:publisher\" content=\"https:\/\/www.facebook.com\/TrgovinaClair\/\" \/>\n<meta property=\"article:modified_time\" content=\"2025-08-27T13:38:05+00:00\" \/>\n<meta property=\"og:image\" content=\"https:\/\/clair.si\/wp-content\/uploads\/2022\/06\/KRMILNIK-ZA-KONJA-JFC-40x34-_1253082_1-1.jpeg\" \/>\n\t<meta property=\"og:image:width\" content=\"600\" \/>\n\t<meta property=\"og:image:height\" content=\"600\" \/>\n\t<meta property=\"og:image:type\" content=\"image\/jpeg\" \/>\n<meta name=\"twitter:card\" content=\"summary_large_image\" \/>\n<script type=\"application\/ld+json\" class=\"yoast-schema-graph\">{\"@context\":\"https:\\\/\\\/schema.org\",\"@graph\":[{\"@type\":\"WebPage\",\"@id\":\"https:\\\/\\\/clair.si\\\/hr\\\/izdelek\\\/jfc-hranilica-za-konje\\\/\",\"url\":\"https:\\\/\\\/clair.si\\\/hr\\\/izdelek\\\/jfc-hranilica-za-konje\\\/\",\"name\":\"JFC hranilica za konje - Clair\",\"isPartOf\":{\"@id\":\"https:\\\/\\\/clair.si\\\/#website\"},\"primaryImageOfPage\":{\"@id\":\"https:\\\/\\\/clair.si\\\/hr\\\/izdelek\\\/jfc-hranilica-za-konje\\\/#primaryimage\"},\"image\":{\"@id\":\"https:\\\/\\\/clair.si\\\/hr\\\/izdelek\\\/jfc-hranilica-za-konje\\\/#primaryimage\"},\"thumbnailUrl\":\"https:\\\/\\\/clair.si\\\/wp-content\\\/uploads\\\/2022\\\/06\\\/KRMILNIK-ZA-KONJA-JFC-40x34-_1253082_1-1.webp\",\"datePublished\":\"2022-06-22T11:04:31+00:00\",\"dateModified\":\"2025-08-27T13:38:05+00:00\",\"description\":\"Izdr\u017eljiva i prostrana JFC hranilica za konje lako se montira na zid va\u0161e staje. Vi\u0161e informacija pro\u010ditajte online!\",\"breadcrumb\":{\"@id\":\"https:\\\/\\\/clair.si\\\/hr\\\/izdelek\\\/jfc-hranilica-za-konje\\\/#breadcrumb\"},\"inLanguage\":\"hr\",\"potentialAction\":[{\"@type\":\"ReadAction\",\"target\":[\"https:\\\/\\\/clair.si\\\/hr\\\/izdelek\\\/jfc-hranilica-za-konje\\\/\"]}]},{\"@type\":\"ImageObject\",\"inLanguage\":\"hr\",\"@id\":\"https:\\\/\\\/clair.si\\\/hr\\\/izdelek\\\/jfc-hranilica-za-konje\\\/#primaryimage\",\"url\":\"https:\\\/\\\/clair.si\\\/wp-content\\\/uploads\\\/2022\\\/06\\\/KRMILNIK-ZA-KONJA-JFC-40x34-_1253082_1-1.webp\",\"contentUrl\":\"https:\\\/\\\/clair.si\\\/wp-content\\\/uploads\\\/2022\\\/06\\\/KRMILNIK-ZA-KONJA-JFC-40x34-_1253082_1-1.webp\",\"width\":600,\"height\":600},{\"@type\":\"BreadcrumbList\",\"@id\":\"https:\\\/\\\/clair.si\\\/hr\\\/izdelek\\\/jfc-hranilica-za-konje\\\/#breadcrumb\",\"itemListElement\":[{\"@type\":\"ListItem\",\"position\":1,\"name\":\"Home\",\"item\":\"https:\\\/\\\/clair.si\\\/hr\\\/\"},{\"@type\":\"ListItem\",\"position\":2,\"name\":\"Trgovina\",\"item\":\"https:\\\/\\\/clair.si\\\/trgovina\\\/\"},{\"@type\":\"ListItem\",\"position\":3,\"name\":\"JFC hranilica za konje\"}]},{\"@type\":\"WebSite\",\"@id\":\"https:\\\/\\\/clair.si\\\/#website\",\"url\":\"https:\\\/\\\/clair.si\\\/\",\"name\":\"Clair\",\"description\":\"Trgovina s konjeni\u0161ko opremo\",\"publisher\":{\"@id\":\"https:\\\/\\\/clair.si\\\/#organization\"},\"potentialAction\":[{\"@type\":\"SearchAction\",\"target\":{\"@type\":\"EntryPoint\",\"urlTemplate\":\"https:\\\/\\\/clair.si\\\/?s={search_term_string}\"},\"query-input\":{\"@type\":\"PropertyValueSpecification\",\"valueRequired\":true,\"valueName\":\"search_term_string\"}}],\"inLanguage\":\"hr\"},{\"@type\":\"Organization\",\"@id\":\"https:\\\/\\\/clair.si\\\/#organization\",\"name\":\"Clair\",\"url\":\"https:\\\/\\\/clair.si\\\/\",\"logo\":{\"@type\":\"ImageObject\",\"inLanguage\":\"hr\",\"@id\":\"https:\\\/\\\/clair.si\\\/#\\\/schema\\\/logo\\\/image\\\/\",\"url\":\"https:\\\/\\\/clair.si\\\/wp-content\\\/uploads\\\/2022\\\/11\\\/clair_logo_2022.jpg\",\"contentUrl\":\"https:\\\/\\\/clair.si\\\/wp-content\\\/uploads\\\/2022\\\/11\\\/clair_logo_2022.jpg\",\"width\":1920,\"height\":1920,\"caption\":\"Clair\"},\"image\":{\"@id\":\"https:\\\/\\\/clair.si\\\/#\\\/schema\\\/logo\\\/image\\\/\"},\"sameAs\":[\"https:\\\/\\\/www.facebook.com\\\/TrgovinaClair\\\/\"]}]}<\/script>\n<!-- \/ Yoast SEO plugin. -->","yoast_head_json":{"title":"JFC hranilica za konje - Clair","description":"Izdr\u017eljiva i prostrana JFC hranilica za konje lako se montira na zid va\u0161e staje. Vi\u0161e informacija pro\u010ditajte online!","robots":{"index":"index","follow":"follow","max-snippet":"max-snippet:-1","max-image-preview":"max-image-preview:large","max-video-preview":"max-video-preview:-1"},"canonical":"https:\/\/clair.si\/hr\/izdelek\/jfc-hranilica-za-konje\/","og_locale":"hr_HR","og_type":"article","og_title":"JFC hranilica za konje - Clair","og_description":"Izdr\u017eljiva i prostrana JFC hranilica za konje lako se montira na zid va\u0161e staje. Vi\u0161e informacija pro\u010ditajte online!","og_url":"https:\/\/clair.si\/hr\/izdelek\/jfc-hranilica-za-konje\/","og_site_name":"Clair","article_publisher":"https:\/\/www.facebook.com\/TrgovinaClair\/","article_modified_time":"2025-08-27T13:38:05+00:00","og_image":[{"width":600,"height":600,"url":"https:\/\/clair.si\/wp-content\/uploads\/2022\/06\/KRMILNIK-ZA-KONJA-JFC-40x34-_1253082_1-1.jpeg","type":"image\/jpeg"}],"twitter_card":"summary_large_image","schema":{"@context":"https:\/\/schema.org","@graph":[{"@type":"WebPage","@id":"https:\/\/clair.si\/hr\/izdelek\/jfc-hranilica-za-konje\/","url":"https:\/\/clair.si\/hr\/izdelek\/jfc-hranilica-za-konje\/","name":"JFC hranilica za konje - Clair","isPartOf":{"@id":"https:\/\/clair.si\/#website"},"primaryImageOfPage":{"@id":"https:\/\/clair.si\/hr\/izdelek\/jfc-hranilica-za-konje\/#primaryimage"},"image":{"@id":"https:\/\/clair.si\/hr\/izdelek\/jfc-hranilica-za-konje\/#primaryimage"},"thumbnailUrl":"https:\/\/clair.si\/wp-content\/uploads\/2022\/06\/KRMILNIK-ZA-KONJA-JFC-40x34-_1253082_1-1.webp","datePublished":"2022-06-22T11:04:31+00:00","dateModified":"2025-08-27T13:38:05+00:00","description":"Izdr\u017eljiva i prostrana JFC hranilica za konje lako se montira na zid va\u0161e staje. Vi\u0161e informacija pro\u010ditajte online!","breadcrumb":{"@id":"https:\/\/clair.si\/hr\/izdelek\/jfc-hranilica-za-konje\/#breadcrumb"},"inLanguage":"hr","potentialAction":[{"@type":"ReadAction","target":["https:\/\/clair.si\/hr\/izdelek\/jfc-hranilica-za-konje\/"]}]},{"@type":"ImageObject","inLanguage":"hr","@id":"https:\/\/clair.si\/hr\/izdelek\/jfc-hranilica-za-konje\/#primaryimage","url":"https:\/\/clair.si\/wp-content\/uploads\/2022\/06\/KRMILNIK-ZA-KONJA-JFC-40x34-_1253082_1-1.webp","contentUrl":"https:\/\/clair.si\/wp-content\/uploads\/2022\/06\/KRMILNIK-ZA-KONJA-JFC-40x34-_1253082_1-1.webp","width":600,"height":600},{"@type":"BreadcrumbList","@id":"https:\/\/clair.si\/hr\/izdelek\/jfc-hranilica-za-konje\/#breadcrumb","itemListElement":[{"@type":"ListItem","position":1,"name":"Home","item":"https:\/\/clair.si\/hr\/"},{"@type":"ListItem","position":2,"name":"Trgovina","item":"https:\/\/clair.si\/trgovina\/"},{"@type":"ListItem","position":3,"name":"JFC hranilica za konje"}]},{"@type":"WebSite","@id":"https:\/\/clair.si\/#website","url":"https:\/\/clair.si\/","name":"Clair","description":"Trgovina s konjeni\u0161ko opremo","publisher":{"@id":"https:\/\/clair.si\/#organization"},"potentialAction":[{"@type":"SearchAction","target":{"@type":"EntryPoint","urlTemplate":"https:\/\/clair.si\/?s={search_term_string}"},"query-input":{"@type":"PropertyValueSpecification","valueRequired":true,"valueName":"search_term_string"}}],"inLanguage":"hr"},{"@type":"Organization","@id":"https:\/\/clair.si\/#organization","name":"Clair","url":"https:\/\/clair.si\/","logo":{"@type":"ImageObject","inLanguage":"hr","@id":"https:\/\/clair.si\/#\/schema\/logo\/image\/","url":"https:\/\/clair.si\/wp-content\/uploads\/2022\/11\/clair_logo_2022.jpg","contentUrl":"https:\/\/clair.si\/wp-content\/uploads\/2022\/11\/clair_logo_2022.jpg","width":1920,"height":1920,"caption":"Clair"},"image":{"@id":"https:\/\/clair.si\/#\/schema\/logo\/image\/"},"sameAs":["https:\/\/www.facebook.com\/TrgovinaClair\/"]}]}},"_links":{"self":[{"href":"https:\/\/clair.si\/hr\/wp-json\/wp\/v2\/product\/104291","targetHints":{"allow":["GET"]}}],"collection":[{"href":"https:\/\/clair.si\/hr\/wp-json\/wp\/v2\/product"}],"about":[{"href":"https:\/\/clair.si\/hr\/wp-json\/wp\/v2\/types\/product"}],"version-history":[{"count":0,"href":"https:\/\/clair.si\/hr\/wp-json\/wp\/v2\/product\/104291\/revisions"}],"wp:featuredmedia":[{"embeddable":true,"href":"https:\/\/clair.si\/hr\/wp-json\/wp\/v2\/media\/104293"}],"wp:attachment":[{"href":"https:\/\/clair.si\/hr\/wp-json\/wp\/v2\/media?parent=104291"}],"wp:term":[{"taxonomy":"product_brand","embeddable":true,"href":"https:\/\/clair.si\/hr\/wp-json\/wp\/v2\/product_brand?post=104291"},{"taxonomy":"product_cat","embeddable":true,"href":"https:\/\/clair.si\/hr\/wp-json\/wp\/v2\/product_cat?post=104291"},{"taxonomy":"product_tag","embeddable":true,"href":"https:\/\/clair.si\/hr\/wp-json\/wp\/v2\/product_tag?post=104291"}],"curies":[{"name":"wp","href":"https:\/\/api.w.org\/{rel}","templated":true}]}}