{"id":104337,"date":"2022-06-09T17:56:04","date_gmt":"2022-06-09T15:56:04","guid":{"rendered":"https:\/\/clair.si\/?post_type=product&#038;p=104337"},"modified":"2025-11-10T13:42:13","modified_gmt":"2025-11-10T12:42:13","slug":"skakacko-sedlo-bates-caprilli-cair-close-contact","status":"publish","type":"product","link":"https:\/\/clair.si\/hr\/izdelek\/skakacko-sedlo-bates-caprilli-cair-close-contact\/","title":{"rendered":"Skaka\u010dko sedlo BATES Caprilli CAIR Close Contact"},"content":{"rendered":"<p><span class=\"VIiyi\" lang=\"sl\"><span class=\"JLqJ4b ChMk0b\" data-language-for-alternatives=\"sl\" data-language-to-translate-into=\"de\" data-phrase-index=\"0\" data-number-of-phrases=\"9\"><span class=\"Q4iAWc\"><strong>Ko\u017eno skaka\u010dko sedlo Bates Caprilli CAIR Close Contact<\/strong> idealno je za svakog jaha\u010da koji tra\u017ei \u010distu u\u010dinkovitost.<\/span><\/span> <\/span><\/p>\n<p><span class=\"VIiyi\" lang=\"sl\"><span class=\"JLqJ4b ChMk0b\" data-language-for-alternatives=\"sl\" data-language-to-translate-into=\"de\" data-phrase-index=\"2\" data-number-of-phrases=\"9\"><span class=\"Q4iAWc\">Bez obzira tek zapo\u010dinjete li svoju skaka\u010dku karijeru ili se natje\u010dete na najvi\u0161oj razini, u\u017eivat \u0107ete u iznimnoj ravnote\u017ei i udobnosti.<\/span><\/span> Sedlo je <span class=\"JLqJ4b ChMk0b\" data-language-for-alternatives=\"sl\" data-language-to-translate-into=\"de\" data-phrase-index=\"4\" data-number-of-phrases=\"9\"><span class=\"Q4iAWc\">dizajnirano da vam ponudi konkurentsku prednost, ima ravno sjedalo, s dobro podstavljenim dijelom za koljena i podesivim Flexibloc sustavom (podesivi oslonci za nogu) za siguran i udoban doskok.<\/span><\/span> <\/span><\/p>\n<p><span class=\"VIiyi\" lang=\"sl\"><span class=\"JLqJ4b ChMk0b\" data-language-for-alternatives=\"sl\" data-language-to-translate-into=\"de\" data-phrase-index=\"6\" data-number-of-phrases=\"9\"><span class=\"Q4iAWc\">Skaka\u010dko sedlo Bates Caprilli Cair Close Contact nudi iznimnu podr\u0161ku konjevim mi\u0161i\u0107ima koji rade, prilago\u0111ava im se i omogu\u0107uje ve\u0107u slobodu kretanja.<\/span><\/span> Sedlo je p<span class=\"JLqJ4b ChMk0b\" data-language-for-alternatives=\"sl\" data-language-to-translate-into=\"de\" data-phrase-index=\"8\" data-number-of-phrases=\"9\"><span class=\"Q4iAWc\">otpuno prilagodljivo sa sustavom Cair Cushion (sjedalne jastuke su punjene zrakom) i sustavom za prileganje Easy change (mogu\u0107nost zamjene sedelnih lukova).<br \/>\n<\/span><\/span><\/span><\/p>\n<p><strong>Elastiflex sedlena osnova<\/strong> \u2013 zamislite udobnost sedlene osnove sa sposobno\u0161\u0107u savijanja i pomicanja sa svakim konjevim korakom. Kralje\u017enica va\u0161eg konja za\u0161ti\u0107ena je od udarnih sila, dok bo\u010dna fleksija omogu\u0107uje da le\u0111a va\u0161eg konja zanji\u0161u i kre\u0107u se neometano i prirodno. Elastiflex sedlena osnova izra\u0111ena je od simetri\u010dnih materijala, izuzetno je lagana i sna\u017ena te za\u0161ti\u0107ena od loma ili uvijanja.  <\/p>\n<p><strong>Sustav sedlenih jastuka CAIR<\/strong> \u2013 vjerujte jednostavno u najbolju za\u0161titu koju mo\u017eete ponuditi svom konju. Super mekani zra\u010dni jastuci u stalnom su kontaktu s gibljivim le\u0111nim mi\u0161i\u0107ima va\u0161eg konja. Pru\u017eaju potpunu udobnost zbog ravnomjernog i ni\u017eeg pritiska u kombinaciji s najboljom apsorpcijom udaraca.   S CAIR sustavom va\u0161 \u0107e konj reagirati sa slobodom kretanja koju mo\u017eete osjetiti.<\/p>\n<p><strong>EASY-CHANGE Fit Solution<\/strong> \u2013 Kada je va\u0161 konj va\u0161 svijet, razumijemo va\u0161u potrebu za potpunim jamstvom, o potpunom rje\u0161enju sada i u budu\u0107nosti. Opustite se s povjerenjem u potpunu prilagodljivost sedla. S najve\u0107im opsegom prilago\u0111avanja, koji je mjerljiv, simetri\u010dan i potpuno reverzibilan. Tako znate da svom konju dajete sve s rje\u0161enjem <strong>zamjenjivih sedelnih lukova<\/strong>.   <\/p>\n","protected":false},"excerpt":{"rendered":"<p><span class=\"VIiyi\" lang=\"sl\"><span class=\"JLqJ4b ChMk0b\" data-language-for-alternatives=\"sl\" data-language-to-translate-into=\"de\" data-phrase-index=\"2\" data-number-of-phrases=\"9\"><span class=\"Q4iAWc\"><strong>Skaka\u010dko sedlo Bates Caprilli CAIR Close Contact<\/strong> idealno je za svakog jaha\u010da koji tra\u017ei \u010distu u\u010dinkovitost. Bez obzira tek zapo\u010dinjete li svoju skaka\u010dku karijeru ili se natje\u010dete na najvi\u0161oj razini, u\u017eivat \u0107ete u iznimnoj ravnote\u017ei i udobnosti. <\/span><\/span> <\/span><\/p>\n","protected":false},"featured_media":104338,"template":"","meta":{"footnotes":""},"product_brand":[],"product_cat":[5624,5940,6936],"product_tag":[],"class_list":{"0":"post-104337","1":"product","2":"type-product","3":"status-publish","4":"has-post-thumbnail","6":"product_cat-konj-hr","7":"product_cat-sedla-hr","8":"product_cat-skakacka-sedla","10":"first","11":"instock","12":"sale","13":"shipping-taxable","14":"purchasable","15":"product-type-simple"},"yoast_head":"<!-- This site is optimized with the Yoast SEO plugin v27.4 - https:\/\/yoast.com\/product\/yoast-seo-wordpress\/ -->\n<title>Skaka\u010dko sedlo BATES Caprilli CAIR Close Contact -<\/title>\n<meta name=\"description\" content=\"Skaka\u010dko sedlo Bates Caprilli CAIR Close Contact idealno je za svakog jaha\u010da koji tra\u017ei \u010distu u\u010dinkovitost sedla za svog konja!\" \/>\n<meta name=\"robots\" content=\"index, follow, max-snippet:-1, max-image-preview:large, max-video-preview:-1\" \/>\n<link rel=\"canonical\" href=\"https:\/\/clair.si\/hr\/izdelek\/skakacko-sedlo-bates-caprilli-cair-close-contact\/\" \/>\n<meta property=\"og:locale\" content=\"hr_HR\" \/>\n<meta property=\"og:type\" content=\"article\" \/>\n<meta property=\"og:title\" content=\"Skaka\u010dko sedlo BATES Caprilli CAIR Close Contact -\" \/>\n<meta property=\"og:description\" content=\"Skaka\u010dko sedlo Bates Caprilli CAIR Close Contact idealno je za svakog jaha\u010da koji tra\u017ei \u010distu u\u010dinkovitost sedla za svog konja!\" \/>\n<meta property=\"og:url\" content=\"https:\/\/clair.si\/hr\/izdelek\/skakacko-sedlo-bates-caprilli-cair-close-contact\/\" \/>\n<meta property=\"og:site_name\" content=\"Clair\" \/>\n<meta property=\"article:publisher\" content=\"https:\/\/www.facebook.com\/TrgovinaClair\/\" \/>\n<meta property=\"article:modified_time\" content=\"2025-11-10T12:42:13+00:00\" \/>\n<meta property=\"og:image\" content=\"https:\/\/clair.si\/wp-content\/uploads\/2022\/06\/bates-caprilli-cair-close-contact-sedlo.jpg\" \/>\n\t<meta property=\"og:image:width\" content=\"800\" \/>\n\t<meta property=\"og:image:height\" content=\"800\" \/>\n\t<meta property=\"og:image:type\" content=\"image\/jpeg\" \/>\n<meta name=\"twitter:card\" content=\"summary_large_image\" \/>\n<meta name=\"twitter:label1\" content=\"Procijenjeno vrijeme \u010ditanja\" \/>\n\t<meta name=\"twitter:data1\" content=\"2 minute\" \/>\n<script type=\"application\/ld+json\" class=\"yoast-schema-graph\">{\"@context\":\"https:\\\/\\\/schema.org\",\"@graph\":[{\"@type\":\"WebPage\",\"@id\":\"https:\\\/\\\/clair.si\\\/hr\\\/izdelek\\\/skakacko-sedlo-bates-caprilli-cair-close-contact\\\/\",\"url\":\"https:\\\/\\\/clair.si\\\/hr\\\/izdelek\\\/skakacko-sedlo-bates-caprilli-cair-close-contact\\\/\",\"name\":\"Skaka\u010dko sedlo BATES Caprilli CAIR Close Contact -\",\"isPartOf\":{\"@id\":\"https:\\\/\\\/clair.si\\\/#website\"},\"primaryImageOfPage\":{\"@id\":\"https:\\\/\\\/clair.si\\\/hr\\\/izdelek\\\/skakacko-sedlo-bates-caprilli-cair-close-contact\\\/#primaryimage\"},\"image\":{\"@id\":\"https:\\\/\\\/clair.si\\\/hr\\\/izdelek\\\/skakacko-sedlo-bates-caprilli-cair-close-contact\\\/#primaryimage\"},\"thumbnailUrl\":\"https:\\\/\\\/clair.si\\\/wp-content\\\/uploads\\\/2022\\\/06\\\/bates-caprilli-cair-close-contact-sedlo.webp\",\"datePublished\":\"2022-06-09T15:56:04+00:00\",\"dateModified\":\"2025-11-10T12:42:13+00:00\",\"description\":\"Skaka\u010dko sedlo Bates Caprilli CAIR Close Contact idealno je za svakog jaha\u010da koji tra\u017ei \u010distu u\u010dinkovitost sedla za svog konja!\",\"breadcrumb\":{\"@id\":\"https:\\\/\\\/clair.si\\\/hr\\\/izdelek\\\/skakacko-sedlo-bates-caprilli-cair-close-contact\\\/#breadcrumb\"},\"inLanguage\":\"hr\",\"potentialAction\":[{\"@type\":\"ReadAction\",\"target\":[\"https:\\\/\\\/clair.si\\\/hr\\\/izdelek\\\/skakacko-sedlo-bates-caprilli-cair-close-contact\\\/\"]}]},{\"@type\":\"ImageObject\",\"inLanguage\":\"hr\",\"@id\":\"https:\\\/\\\/clair.si\\\/hr\\\/izdelek\\\/skakacko-sedlo-bates-caprilli-cair-close-contact\\\/#primaryimage\",\"url\":\"https:\\\/\\\/clair.si\\\/wp-content\\\/uploads\\\/2022\\\/06\\\/bates-caprilli-cair-close-contact-sedlo.webp\",\"contentUrl\":\"https:\\\/\\\/clair.si\\\/wp-content\\\/uploads\\\/2022\\\/06\\\/bates-caprilli-cair-close-contact-sedlo.webp\",\"width\":800,\"height\":800,\"caption\":\"Skakalno sedlo Bates Caprili.\"},{\"@type\":\"BreadcrumbList\",\"@id\":\"https:\\\/\\\/clair.si\\\/hr\\\/izdelek\\\/skakacko-sedlo-bates-caprilli-cair-close-contact\\\/#breadcrumb\",\"itemListElement\":[{\"@type\":\"ListItem\",\"position\":1,\"name\":\"Home\",\"item\":\"https:\\\/\\\/clair.si\\\/hr\\\/\"},{\"@type\":\"ListItem\",\"position\":2,\"name\":\"Trgovina\",\"item\":\"https:\\\/\\\/clair.si\\\/trgovina\\\/\"},{\"@type\":\"ListItem\",\"position\":3,\"name\":\"Skaka\u010dko sedlo BATES Caprilli CAIR Close Contact\"}]},{\"@type\":\"WebSite\",\"@id\":\"https:\\\/\\\/clair.si\\\/#website\",\"url\":\"https:\\\/\\\/clair.si\\\/\",\"name\":\"Clair\",\"description\":\"Trgovina s konjeni\u0161ko opremo\",\"publisher\":{\"@id\":\"https:\\\/\\\/clair.si\\\/#organization\"},\"potentialAction\":[{\"@type\":\"SearchAction\",\"target\":{\"@type\":\"EntryPoint\",\"urlTemplate\":\"https:\\\/\\\/clair.si\\\/?s={search_term_string}\"},\"query-input\":{\"@type\":\"PropertyValueSpecification\",\"valueRequired\":true,\"valueName\":\"search_term_string\"}}],\"inLanguage\":\"hr\"},{\"@type\":\"Organization\",\"@id\":\"https:\\\/\\\/clair.si\\\/#organization\",\"name\":\"Clair\",\"url\":\"https:\\\/\\\/clair.si\\\/\",\"logo\":{\"@type\":\"ImageObject\",\"inLanguage\":\"hr\",\"@id\":\"https:\\\/\\\/clair.si\\\/#\\\/schema\\\/logo\\\/image\\\/\",\"url\":\"https:\\\/\\\/clair.si\\\/wp-content\\\/uploads\\\/2022\\\/11\\\/clair_logo_2022.jpg\",\"contentUrl\":\"https:\\\/\\\/clair.si\\\/wp-content\\\/uploads\\\/2022\\\/11\\\/clair_logo_2022.jpg\",\"width\":1920,\"height\":1920,\"caption\":\"Clair\"},\"image\":{\"@id\":\"https:\\\/\\\/clair.si\\\/#\\\/schema\\\/logo\\\/image\\\/\"},\"sameAs\":[\"https:\\\/\\\/www.facebook.com\\\/TrgovinaClair\\\/\"]}]}<\/script>\n<!-- \/ Yoast SEO plugin. -->","yoast_head_json":{"title":"Skaka\u010dko sedlo BATES Caprilli CAIR Close Contact -","description":"Skaka\u010dko sedlo Bates Caprilli CAIR Close Contact idealno je za svakog jaha\u010da koji tra\u017ei \u010distu u\u010dinkovitost sedla za svog konja!","robots":{"index":"index","follow":"follow","max-snippet":"max-snippet:-1","max-image-preview":"max-image-preview:large","max-video-preview":"max-video-preview:-1"},"canonical":"https:\/\/clair.si\/hr\/izdelek\/skakacko-sedlo-bates-caprilli-cair-close-contact\/","og_locale":"hr_HR","og_type":"article","og_title":"Skaka\u010dko sedlo BATES Caprilli CAIR Close Contact -","og_description":"Skaka\u010dko sedlo Bates Caprilli CAIR Close Contact idealno je za svakog jaha\u010da koji tra\u017ei \u010distu u\u010dinkovitost sedla za svog konja!","og_url":"https:\/\/clair.si\/hr\/izdelek\/skakacko-sedlo-bates-caprilli-cair-close-contact\/","og_site_name":"Clair","article_publisher":"https:\/\/www.facebook.com\/TrgovinaClair\/","article_modified_time":"2025-11-10T12:42:13+00:00","og_image":[{"width":800,"height":800,"url":"https:\/\/clair.si\/wp-content\/uploads\/2022\/06\/bates-caprilli-cair-close-contact-sedlo.jpg","type":"image\/jpeg"}],"twitter_card":"summary_large_image","twitter_misc":{"Procijenjeno vrijeme \u010ditanja":"2 minute"},"schema":{"@context":"https:\/\/schema.org","@graph":[{"@type":"WebPage","@id":"https:\/\/clair.si\/hr\/izdelek\/skakacko-sedlo-bates-caprilli-cair-close-contact\/","url":"https:\/\/clair.si\/hr\/izdelek\/skakacko-sedlo-bates-caprilli-cair-close-contact\/","name":"Skaka\u010dko sedlo BATES Caprilli CAIR Close Contact -","isPartOf":{"@id":"https:\/\/clair.si\/#website"},"primaryImageOfPage":{"@id":"https:\/\/clair.si\/hr\/izdelek\/skakacko-sedlo-bates-caprilli-cair-close-contact\/#primaryimage"},"image":{"@id":"https:\/\/clair.si\/hr\/izdelek\/skakacko-sedlo-bates-caprilli-cair-close-contact\/#primaryimage"},"thumbnailUrl":"https:\/\/clair.si\/wp-content\/uploads\/2022\/06\/bates-caprilli-cair-close-contact-sedlo.webp","datePublished":"2022-06-09T15:56:04+00:00","dateModified":"2025-11-10T12:42:13+00:00","description":"Skaka\u010dko sedlo Bates Caprilli CAIR Close Contact idealno je za svakog jaha\u010da koji tra\u017ei \u010distu u\u010dinkovitost sedla za svog konja!","breadcrumb":{"@id":"https:\/\/clair.si\/hr\/izdelek\/skakacko-sedlo-bates-caprilli-cair-close-contact\/#breadcrumb"},"inLanguage":"hr","potentialAction":[{"@type":"ReadAction","target":["https:\/\/clair.si\/hr\/izdelek\/skakacko-sedlo-bates-caprilli-cair-close-contact\/"]}]},{"@type":"ImageObject","inLanguage":"hr","@id":"https:\/\/clair.si\/hr\/izdelek\/skakacko-sedlo-bates-caprilli-cair-close-contact\/#primaryimage","url":"https:\/\/clair.si\/wp-content\/uploads\/2022\/06\/bates-caprilli-cair-close-contact-sedlo.webp","contentUrl":"https:\/\/clair.si\/wp-content\/uploads\/2022\/06\/bates-caprilli-cair-close-contact-sedlo.webp","width":800,"height":800,"caption":"Skakalno sedlo Bates Caprili."},{"@type":"BreadcrumbList","@id":"https:\/\/clair.si\/hr\/izdelek\/skakacko-sedlo-bates-caprilli-cair-close-contact\/#breadcrumb","itemListElement":[{"@type":"ListItem","position":1,"name":"Home","item":"https:\/\/clair.si\/hr\/"},{"@type":"ListItem","position":2,"name":"Trgovina","item":"https:\/\/clair.si\/trgovina\/"},{"@type":"ListItem","position":3,"name":"Skaka\u010dko sedlo BATES Caprilli CAIR Close Contact"}]},{"@type":"WebSite","@id":"https:\/\/clair.si\/#website","url":"https:\/\/clair.si\/","name":"Clair","description":"Trgovina s konjeni\u0161ko opremo","publisher":{"@id":"https:\/\/clair.si\/#organization"},"potentialAction":[{"@type":"SearchAction","target":{"@type":"EntryPoint","urlTemplate":"https:\/\/clair.si\/?s={search_term_string}"},"query-input":{"@type":"PropertyValueSpecification","valueRequired":true,"valueName":"search_term_string"}}],"inLanguage":"hr"},{"@type":"Organization","@id":"https:\/\/clair.si\/#organization","name":"Clair","url":"https:\/\/clair.si\/","logo":{"@type":"ImageObject","inLanguage":"hr","@id":"https:\/\/clair.si\/#\/schema\/logo\/image\/","url":"https:\/\/clair.si\/wp-content\/uploads\/2022\/11\/clair_logo_2022.jpg","contentUrl":"https:\/\/clair.si\/wp-content\/uploads\/2022\/11\/clair_logo_2022.jpg","width":1920,"height":1920,"caption":"Clair"},"image":{"@id":"https:\/\/clair.si\/#\/schema\/logo\/image\/"},"sameAs":["https:\/\/www.facebook.com\/TrgovinaClair\/"]}]}},"_links":{"self":[{"href":"https:\/\/clair.si\/hr\/wp-json\/wp\/v2\/product\/104337","targetHints":{"allow":["GET"]}}],"collection":[{"href":"https:\/\/clair.si\/hr\/wp-json\/wp\/v2\/product"}],"about":[{"href":"https:\/\/clair.si\/hr\/wp-json\/wp\/v2\/types\/product"}],"version-history":[{"count":1,"href":"https:\/\/clair.si\/hr\/wp-json\/wp\/v2\/product\/104337\/revisions"}],"predecessor-version":[{"id":119983,"href":"https:\/\/clair.si\/hr\/wp-json\/wp\/v2\/product\/104337\/revisions\/119983"}],"wp:featuredmedia":[{"embeddable":true,"href":"https:\/\/clair.si\/hr\/wp-json\/wp\/v2\/media\/104338"}],"wp:attachment":[{"href":"https:\/\/clair.si\/hr\/wp-json\/wp\/v2\/media?parent=104337"}],"wp:term":[{"taxonomy":"product_brand","embeddable":true,"href":"https:\/\/clair.si\/hr\/wp-json\/wp\/v2\/product_brand?post=104337"},{"taxonomy":"product_cat","embeddable":true,"href":"https:\/\/clair.si\/hr\/wp-json\/wp\/v2\/product_cat?post=104337"},{"taxonomy":"product_tag","embeddable":true,"href":"https:\/\/clair.si\/hr\/wp-json\/wp\/v2\/product_tag?post=104337"}],"curies":[{"name":"wp","href":"https:\/\/api.w.org\/{rel}","templated":true}]}}