{"id":104377,"date":"2022-06-09T10:45:14","date_gmt":"2022-06-09T08:45:14","guid":{"rendered":"https:\/\/clair.si\/izdelek\/grebenasti-luk-eric-thomas-fitter\/"},"modified":"2025-09-24T10:59:34","modified_gmt":"2025-09-24T08:59:34","slug":"grebenasti-luk-eric-thomas-fitter","status":"publish","type":"product","link":"https:\/\/clair.si\/hr\/izdelek\/grebenasti-luk-eric-thomas-fitter\/","title":{"rendered":"Greben za sedlo Eric Thomas Fitter"},"content":{"rendered":"<p><strong>Greben za sedlo Eric Thomas Fitter<\/strong> &#8211; za jednostavno i brzo prilago\u0111avanje sedla va\u0161em konju.<\/p>\n<p><strong>Boje i veli\u010dine sedlenih vrpca:<\/strong><\/p>\n<ul>\n<li>bijela S: 25,00 cm<\/li>\n<li>crvena S\/M: 26,00 cm<\/li>\n<li>plava M: 27,00 cm<\/li>\n<li>crna M\/L: 28,00 cm<\/li>\n<li>zelena L: 29,00 cm<\/li>\n<li>\u017euta XL: 30,00 cm<\/li>\n<\/ul>\n<p><strong><span class=\"VIiyi\" lang=\"sl\"><span class=\"JLqJ4b ChMk0b\" data-language-for-alternatives=\"sl\" data-language-to-translate-into=\"de\" data-phrase-index=\"1\" data-number-of-phrases=\"12\"><span class=\"Q4iAWc\">KAKO MJERIMO?<\/span><\/span><\/span><\/strong><\/p>\n<p><span class=\"VIiyi\" lang=\"sl\"><span class=\"JLqJ4b ChMk0b\" data-language-for-alternatives=\"sl\" data-language-to-translate-into=\"de\" data-phrase-index=\"3\" data-number-of-phrases=\"12\"><span class=\"Q4iAWc\"><strong>1. korak:<\/strong> Za precizno mjerenje postavite sedlo u pravilan polo\u017eaj na le\u0111a konja.<\/span><\/span> <span class=\"JLqJ4b ChMk0b\" data-language-for-alternatives=\"sl\" data-language-to-translate-into=\"de\" data-phrase-index=\"4\" data-number-of-phrases=\"12\"><span class=\"Q4iAWc\">Ozna\u010dite mjesta na va\u0161em konju tik ispod vijaka sedla. Za ozna\u010davanje mo\u017eete koristiti vidljivi marker ili kredu.<br \/>\n<\/span><\/span><\/span><\/p>\n<p><span class=\"VIiyi\" lang=\"sl\"> <span class=\"JLqJ4b ChMk0b\" data-language-for-alternatives=\"sl\" data-language-to-translate-into=\"de\" data-phrase-index=\"6\" data-number-of-phrases=\"12\"><span class=\"Q4iAWc\"><strong>2. korak:<\/strong> skinite sedlo i postavite \u0161ablonu okomito na oznake koje ste zarisali na konju.<\/span><\/span> <\/span><\/p>\n<p><span class=\"VIiyi\" lang=\"sl\"><span class=\"JLqJ4b ChMk0b\" data-language-for-alternatives=\"sl\" data-language-to-translate-into=\"de\" data-phrase-index=\"8\" data-number-of-phrases=\"12\"><span class=\"Q4iAWc\"><strong>3. korak:<\/strong> Gurnite mjerilo grebena prema dolje dok se kontaktne povr\u0161ine ne dotaknu va\u0161eg konja.<\/span><\/span> <\/span><\/p>\n<p><span class=\"VIiyi\" lang=\"sl\"><span class=\"JLqJ4b ChMk0b\" data-language-for-alternatives=\"sl\" data-language-to-translate-into=\"de\" data-phrase-index=\"10\" data-number-of-phrases=\"12\"><span class=\"Q4iAWc\"><strong>4. korak:<\/strong> Mjerilo grebena vam sada pokazuje koju grebenastu vrpcu (veli\u010dinu\/boju) trebate za svog konja.<\/span><\/span> <\/span><\/p>\n<p><strong>Mjera\u010d grebena za sedla Eric Thomas, model Fitter, mo\u017eete prona\u0107i u na\u0161oj web trgovini pod \u0161ifrom proizvoda 301.702051001.<\/strong><\/p>\n<p><em><span class=\"VIiyi\" lang=\"sl\"><span class=\"JLqJ4b ChMk0b\" data-language-for-alternatives=\"sl\" data-language-to-translate-into=\"de\" data-phrase-index=\"11\" data-number-of-phrases=\"12\"><span class=\"Q4iAWc\">Ovo mjerenje preporu\u010dljivo je ponoviti 3 do 4 puta godi\u0161nje, jer se konji s treningom i razvojem mogu konstitucijski promijeniti.<br \/>\n<\/span><\/span><\/span><\/em><\/p>\n<p>U galeriji slika tako\u0111er mo\u017eete prona\u0107i slikovni prikaz zamjene sedlene vrpce.<\/p>\n","protected":false},"excerpt":{"rendered":"<p><strong>Greben za sedlo Eric Thomas Fitter<\/strong> &#8211; za jednostavno i brzo prilago\u0111avanje sedla va\u0161em konju.<\/p>\n","protected":false},"featured_media":104380,"template":"","meta":{"footnotes":""},"product_brand":[],"product_cat":[5942,5624,5940],"product_tag":[],"class_list":{"0":"post-104377","1":"product","2":"type-product","3":"status-publish","4":"has-post-thumbnail","6":"product_cat-dodatna-oprema-za-sedla","7":"product_cat-konj-hr","8":"product_cat-sedla-hr","10":"first","11":"instock","12":"sale","13":"shipping-taxable","14":"purchasable","15":"product-type-variable"},"yoast_head":"<!-- This site is optimized with the Yoast SEO plugin v27.4 - https:\/\/yoast.com\/product\/yoast-seo-wordpress\/ -->\n<title>Greben za sedlo Eric Thomas Fitter - Clair<\/title>\n<meta name=\"description\" content=\"Za svu pomo\u0107 pri mjerenju i zamjeni grebena za sedla, na raspolaganju vam je tim u trgovini Clair Zbilje i Clair Maribor!\" \/>\n<meta name=\"robots\" content=\"index, follow, max-snippet:-1, max-image-preview:large, max-video-preview:-1\" \/>\n<link rel=\"canonical\" href=\"https:\/\/clair.si\/hr\/izdelek\/grebenasti-luk-eric-thomas-fitter\/\" \/>\n<meta property=\"og:locale\" content=\"hr_HR\" \/>\n<meta property=\"og:type\" content=\"article\" \/>\n<meta property=\"og:title\" content=\"Greben za sedlo Eric Thomas Fitter - Clair\" \/>\n<meta property=\"og:description\" content=\"Za svu pomo\u0107 pri mjerenju i zamjeni grebena za sedla, na raspolaganju vam je tim u trgovini Clair Zbilje i Clair Maribor!\" \/>\n<meta property=\"og:url\" content=\"https:\/\/clair.si\/hr\/izdelek\/grebenasti-luk-eric-thomas-fitter\/\" \/>\n<meta property=\"og:site_name\" content=\"Clair\" \/>\n<meta property=\"article:publisher\" content=\"https:\/\/www.facebook.com\/TrgovinaClair\/\" \/>\n<meta property=\"article:modified_time\" content=\"2025-09-24T08:59:34+00:00\" \/>\n<meta property=\"og:image\" content=\"https:\/\/clair.si\/wp-content\/uploads\/2022\/06\/viherni-lok-Eric-Thomas.jpg\" \/>\n\t<meta property=\"og:image:width\" content=\"800\" \/>\n\t<meta property=\"og:image:height\" content=\"800\" \/>\n\t<meta property=\"og:image:type\" content=\"image\/jpeg\" \/>\n<meta name=\"twitter:card\" content=\"summary_large_image\" \/>\n<meta name=\"twitter:label1\" content=\"Procijenjeno vrijeme \u010ditanja\" \/>\n\t<meta name=\"twitter:data1\" content=\"1 minuta\" \/>\n<script type=\"application\/ld+json\" class=\"yoast-schema-graph\">{\"@context\":\"https:\\\/\\\/schema.org\",\"@graph\":[{\"@type\":\"WebPage\",\"@id\":\"https:\\\/\\\/clair.si\\\/hr\\\/izdelek\\\/grebenasti-luk-eric-thomas-fitter\\\/\",\"url\":\"https:\\\/\\\/clair.si\\\/hr\\\/izdelek\\\/grebenasti-luk-eric-thomas-fitter\\\/\",\"name\":\"Greben za sedlo Eric Thomas Fitter - Clair\",\"isPartOf\":{\"@id\":\"https:\\\/\\\/clair.si\\\/#website\"},\"primaryImageOfPage\":{\"@id\":\"https:\\\/\\\/clair.si\\\/hr\\\/izdelek\\\/grebenasti-luk-eric-thomas-fitter\\\/#primaryimage\"},\"image\":{\"@id\":\"https:\\\/\\\/clair.si\\\/hr\\\/izdelek\\\/grebenasti-luk-eric-thomas-fitter\\\/#primaryimage\"},\"thumbnailUrl\":\"https:\\\/\\\/clair.si\\\/wp-content\\\/uploads\\\/2022\\\/06\\\/viherni-lok-Eric-Thomas.webp\",\"datePublished\":\"2022-06-09T08:45:14+00:00\",\"dateModified\":\"2025-09-24T08:59:34+00:00\",\"description\":\"Za svu pomo\u0107 pri mjerenju i zamjeni grebena za sedla, na raspolaganju vam je tim u trgovini Clair Zbilje i Clair Maribor!\",\"breadcrumb\":{\"@id\":\"https:\\\/\\\/clair.si\\\/hr\\\/izdelek\\\/grebenasti-luk-eric-thomas-fitter\\\/#breadcrumb\"},\"inLanguage\":\"hr\",\"potentialAction\":[{\"@type\":\"ReadAction\",\"target\":[\"https:\\\/\\\/clair.si\\\/hr\\\/izdelek\\\/grebenasti-luk-eric-thomas-fitter\\\/\"]}]},{\"@type\":\"ImageObject\",\"inLanguage\":\"hr\",\"@id\":\"https:\\\/\\\/clair.si\\\/hr\\\/izdelek\\\/grebenasti-luk-eric-thomas-fitter\\\/#primaryimage\",\"url\":\"https:\\\/\\\/clair.si\\\/wp-content\\\/uploads\\\/2022\\\/06\\\/viherni-lok-Eric-Thomas.webp\",\"contentUrl\":\"https:\\\/\\\/clair.si\\\/wp-content\\\/uploads\\\/2022\\\/06\\\/viherni-lok-Eric-Thomas.webp\",\"width\":800,\"height\":800,\"caption\":\"Viherni loki za sedla Eric Thomas Fitter.\"},{\"@type\":\"BreadcrumbList\",\"@id\":\"https:\\\/\\\/clair.si\\\/hr\\\/izdelek\\\/grebenasti-luk-eric-thomas-fitter\\\/#breadcrumb\",\"itemListElement\":[{\"@type\":\"ListItem\",\"position\":1,\"name\":\"Home\",\"item\":\"https:\\\/\\\/clair.si\\\/hr\\\/\"},{\"@type\":\"ListItem\",\"position\":2,\"name\":\"Trgovina\",\"item\":\"https:\\\/\\\/clair.si\\\/trgovina\\\/\"},{\"@type\":\"ListItem\",\"position\":3,\"name\":\"Greben za sedlo Eric Thomas Fitter\"}]},{\"@type\":\"WebSite\",\"@id\":\"https:\\\/\\\/clair.si\\\/#website\",\"url\":\"https:\\\/\\\/clair.si\\\/\",\"name\":\"Clair\",\"description\":\"Trgovina s konjeni\u0161ko opremo\",\"publisher\":{\"@id\":\"https:\\\/\\\/clair.si\\\/#organization\"},\"potentialAction\":[{\"@type\":\"SearchAction\",\"target\":{\"@type\":\"EntryPoint\",\"urlTemplate\":\"https:\\\/\\\/clair.si\\\/?s={search_term_string}\"},\"query-input\":{\"@type\":\"PropertyValueSpecification\",\"valueRequired\":true,\"valueName\":\"search_term_string\"}}],\"inLanguage\":\"hr\"},{\"@type\":\"Organization\",\"@id\":\"https:\\\/\\\/clair.si\\\/#organization\",\"name\":\"Clair\",\"url\":\"https:\\\/\\\/clair.si\\\/\",\"logo\":{\"@type\":\"ImageObject\",\"inLanguage\":\"hr\",\"@id\":\"https:\\\/\\\/clair.si\\\/#\\\/schema\\\/logo\\\/image\\\/\",\"url\":\"https:\\\/\\\/clair.si\\\/wp-content\\\/uploads\\\/2022\\\/11\\\/clair_logo_2022.jpg\",\"contentUrl\":\"https:\\\/\\\/clair.si\\\/wp-content\\\/uploads\\\/2022\\\/11\\\/clair_logo_2022.jpg\",\"width\":1920,\"height\":1920,\"caption\":\"Clair\"},\"image\":{\"@id\":\"https:\\\/\\\/clair.si\\\/#\\\/schema\\\/logo\\\/image\\\/\"},\"sameAs\":[\"https:\\\/\\\/www.facebook.com\\\/TrgovinaClair\\\/\"]}]}<\/script>\n<!-- \/ Yoast SEO plugin. -->","yoast_head_json":{"title":"Greben za sedlo Eric Thomas Fitter - Clair","description":"Za svu pomo\u0107 pri mjerenju i zamjeni grebena za sedla, na raspolaganju vam je tim u trgovini Clair Zbilje i Clair Maribor!","robots":{"index":"index","follow":"follow","max-snippet":"max-snippet:-1","max-image-preview":"max-image-preview:large","max-video-preview":"max-video-preview:-1"},"canonical":"https:\/\/clair.si\/hr\/izdelek\/grebenasti-luk-eric-thomas-fitter\/","og_locale":"hr_HR","og_type":"article","og_title":"Greben za sedlo Eric Thomas Fitter - Clair","og_description":"Za svu pomo\u0107 pri mjerenju i zamjeni grebena za sedla, na raspolaganju vam je tim u trgovini Clair Zbilje i Clair Maribor!","og_url":"https:\/\/clair.si\/hr\/izdelek\/grebenasti-luk-eric-thomas-fitter\/","og_site_name":"Clair","article_publisher":"https:\/\/www.facebook.com\/TrgovinaClair\/","article_modified_time":"2025-09-24T08:59:34+00:00","og_image":[{"width":800,"height":800,"url":"https:\/\/clair.si\/wp-content\/uploads\/2022\/06\/viherni-lok-Eric-Thomas.jpg","type":"image\/jpeg"}],"twitter_card":"summary_large_image","twitter_misc":{"Procijenjeno vrijeme \u010ditanja":"1 minuta"},"schema":{"@context":"https:\/\/schema.org","@graph":[{"@type":"WebPage","@id":"https:\/\/clair.si\/hr\/izdelek\/grebenasti-luk-eric-thomas-fitter\/","url":"https:\/\/clair.si\/hr\/izdelek\/grebenasti-luk-eric-thomas-fitter\/","name":"Greben za sedlo Eric Thomas Fitter - Clair","isPartOf":{"@id":"https:\/\/clair.si\/#website"},"primaryImageOfPage":{"@id":"https:\/\/clair.si\/hr\/izdelek\/grebenasti-luk-eric-thomas-fitter\/#primaryimage"},"image":{"@id":"https:\/\/clair.si\/hr\/izdelek\/grebenasti-luk-eric-thomas-fitter\/#primaryimage"},"thumbnailUrl":"https:\/\/clair.si\/wp-content\/uploads\/2022\/06\/viherni-lok-Eric-Thomas.webp","datePublished":"2022-06-09T08:45:14+00:00","dateModified":"2025-09-24T08:59:34+00:00","description":"Za svu pomo\u0107 pri mjerenju i zamjeni grebena za sedla, na raspolaganju vam je tim u trgovini Clair Zbilje i Clair Maribor!","breadcrumb":{"@id":"https:\/\/clair.si\/hr\/izdelek\/grebenasti-luk-eric-thomas-fitter\/#breadcrumb"},"inLanguage":"hr","potentialAction":[{"@type":"ReadAction","target":["https:\/\/clair.si\/hr\/izdelek\/grebenasti-luk-eric-thomas-fitter\/"]}]},{"@type":"ImageObject","inLanguage":"hr","@id":"https:\/\/clair.si\/hr\/izdelek\/grebenasti-luk-eric-thomas-fitter\/#primaryimage","url":"https:\/\/clair.si\/wp-content\/uploads\/2022\/06\/viherni-lok-Eric-Thomas.webp","contentUrl":"https:\/\/clair.si\/wp-content\/uploads\/2022\/06\/viherni-lok-Eric-Thomas.webp","width":800,"height":800,"caption":"Viherni loki za sedla Eric Thomas Fitter."},{"@type":"BreadcrumbList","@id":"https:\/\/clair.si\/hr\/izdelek\/grebenasti-luk-eric-thomas-fitter\/#breadcrumb","itemListElement":[{"@type":"ListItem","position":1,"name":"Home","item":"https:\/\/clair.si\/hr\/"},{"@type":"ListItem","position":2,"name":"Trgovina","item":"https:\/\/clair.si\/trgovina\/"},{"@type":"ListItem","position":3,"name":"Greben za sedlo Eric Thomas Fitter"}]},{"@type":"WebSite","@id":"https:\/\/clair.si\/#website","url":"https:\/\/clair.si\/","name":"Clair","description":"Trgovina s konjeni\u0161ko opremo","publisher":{"@id":"https:\/\/clair.si\/#organization"},"potentialAction":[{"@type":"SearchAction","target":{"@type":"EntryPoint","urlTemplate":"https:\/\/clair.si\/?s={search_term_string}"},"query-input":{"@type":"PropertyValueSpecification","valueRequired":true,"valueName":"search_term_string"}}],"inLanguage":"hr"},{"@type":"Organization","@id":"https:\/\/clair.si\/#organization","name":"Clair","url":"https:\/\/clair.si\/","logo":{"@type":"ImageObject","inLanguage":"hr","@id":"https:\/\/clair.si\/#\/schema\/logo\/image\/","url":"https:\/\/clair.si\/wp-content\/uploads\/2022\/11\/clair_logo_2022.jpg","contentUrl":"https:\/\/clair.si\/wp-content\/uploads\/2022\/11\/clair_logo_2022.jpg","width":1920,"height":1920,"caption":"Clair"},"image":{"@id":"https:\/\/clair.si\/#\/schema\/logo\/image\/"},"sameAs":["https:\/\/www.facebook.com\/TrgovinaClair\/"]}]}},"_links":{"self":[{"href":"https:\/\/clair.si\/hr\/wp-json\/wp\/v2\/product\/104377","targetHints":{"allow":["GET"]}}],"collection":[{"href":"https:\/\/clair.si\/hr\/wp-json\/wp\/v2\/product"}],"about":[{"href":"https:\/\/clair.si\/hr\/wp-json\/wp\/v2\/types\/product"}],"version-history":[{"count":0,"href":"https:\/\/clair.si\/hr\/wp-json\/wp\/v2\/product\/104377\/revisions"}],"wp:featuredmedia":[{"embeddable":true,"href":"https:\/\/clair.si\/hr\/wp-json\/wp\/v2\/media\/104380"}],"wp:attachment":[{"href":"https:\/\/clair.si\/hr\/wp-json\/wp\/v2\/media?parent=104377"}],"wp:term":[{"taxonomy":"product_brand","embeddable":true,"href":"https:\/\/clair.si\/hr\/wp-json\/wp\/v2\/product_brand?post=104377"},{"taxonomy":"product_cat","embeddable":true,"href":"https:\/\/clair.si\/hr\/wp-json\/wp\/v2\/product_cat?post=104377"},{"taxonomy":"product_tag","embeddable":true,"href":"https:\/\/clair.si\/hr\/wp-json\/wp\/v2\/product_tag?post=104377"}],"curies":[{"name":"wp","href":"https:\/\/api.w.org\/{rel}","templated":true}]}}