{"id":104379,"date":"2022-06-08T15:10:26","date_gmt":"2022-06-08T13:10:26","guid":{"rendered":"https:\/\/clair.si\/izdelek\/mjerac-grebena-norton-pro-eric-thomas-hybrid\/"},"modified":"2025-08-28T06:54:32","modified_gmt":"2025-08-28T04:54:32","slug":"mjerac-grebena-norton-pro-eric-thomas-hybrid","status":"publish","type":"product","link":"https:\/\/clair.si\/hr\/izdelek\/mjerac-grebena-norton-pro-eric-thomas-hybrid\/","title":{"rendered":"Mjera\u010d grebena Norton Pro &amp; Eric Thomas Hybrid"},"content":{"rendered":"<p><span class=\"VIiyi\" lang=\"sl\"><span class=\"JLqJ4b ChMk0b\" data-language-for-alternatives=\"sl\" data-language-to-translate-into=\"de\" data-phrase-index=\"0\" data-number-of-phrases=\"12\"><span class=\"Q4iAWc\"><strong>Mjera\u010d grebena Norton Pro &amp; Eric Thomas Hybrid<\/strong> je \u0161ablona za odre\u0111ivanje prave veli\u010dine \u0161irine i visine sedla za va\u0161eg konja u podru\u010dju grebena i ramena. <\/span><\/span><\/span><\/p>\n<p><strong><span class=\"VIiyi\" lang=\"sl\"><span class=\"JLqJ4b ChMk0b\" data-language-for-alternatives=\"sl\" data-language-to-translate-into=\"de\" data-phrase-index=\"0\" data-number-of-phrases=\"12\"><span class=\"Q4iAWc\">Mjera\u010d grebena je prikladan z<\/span><\/span><span class=\"JLqJ4b ChMk0b\" data-language-for-alternatives=\"sl\" data-language-to-translate-into=\"de\" data-phrase-index=\"1\" data-number-of-phrases=\"12\"><span class=\"Q4iAWc\">a sedla ERIC THOMAS HYBRID i NORTON Pro.<\/span><\/span><\/span><\/strong><\/p>\n<p><strong><span class=\"VIiyi\" lang=\"sl\"><span class=\"JLqJ4b ChMk0b\" data-language-for-alternatives=\"sl\" data-language-to-translate-into=\"de\" data-phrase-index=\"1\" data-number-of-phrases=\"12\"><span class=\"Q4iAWc\">KAKO MJERIMO?<\/span><\/span><\/span><\/strong><\/p>\n<p><span class=\"VIiyi\" lang=\"sl\"><span class=\"JLqJ4b ChMk0b\" data-language-for-alternatives=\"sl\" data-language-to-translate-into=\"de\" data-phrase-index=\"3\" data-number-of-phrases=\"12\"><span class=\"Q4iAWc\"><strong>1. korak:<\/strong> Za precizno mjerenje postavite sedlo u pravilan polo\u017eaj na le\u0111a konja.<\/span><\/span> <span class=\"JLqJ4b ChMk0b\" data-language-for-alternatives=\"sl\" data-language-to-translate-into=\"de\" data-phrase-index=\"4\" data-number-of-phrases=\"12\"><span class=\"Q4iAWc\">Ozna\u010dite mjesta na va\u0161em konju tik ispod vijaka sedla. Za ozna\u010davanje mo\u017eete koristiti vidljivi marker ili kredu.<br \/>\n<\/span><\/span><\/span><\/p>\n<p><span class=\"VIiyi\" lang=\"sl\"> <span class=\"JLqJ4b ChMk0b\" data-language-for-alternatives=\"sl\" data-language-to-translate-into=\"de\" data-phrase-index=\"6\" data-number-of-phrases=\"12\"><span class=\"Q4iAWc\"><strong>2. korak:<\/strong> skinite sedlo i postavite \u0161ablonu okomito na oznake koje ste zarisali na konju.<\/span><\/span> <\/span><\/p>\n<p><span class=\"VIiyi\" lang=\"sl\"><span class=\"JLqJ4b ChMk0b\" data-language-for-alternatives=\"sl\" data-language-to-translate-into=\"de\" data-phrase-index=\"8\" data-number-of-phrases=\"12\"><span class=\"Q4iAWc\"><strong>3. korak:<\/strong> Gurnite mjerilo grebena prema dolje dok se kontaktne povr\u0161ine ne dotaknu va\u0161eg konja.<\/span><\/span> <\/span><\/p>\n<p><span class=\"VIiyi\" lang=\"sl\"><span class=\"JLqJ4b ChMk0b\" data-language-for-alternatives=\"sl\" data-language-to-translate-into=\"de\" data-phrase-index=\"10\" data-number-of-phrases=\"12\"><span class=\"Q4iAWc\"><strong>4. korak:<\/strong> Mjerilo grebena vam sada pokazuje koju grebenastu vrpcu (veli\u010dinu\/boju) trebate za svog konja.<\/span><\/span> <\/span><\/p>\n<p><em><span class=\"VIiyi\" lang=\"sl\"><span class=\"JLqJ4b ChMk0b\" data-language-for-alternatives=\"sl\" data-language-to-translate-into=\"de\" data-phrase-index=\"11\" data-number-of-phrases=\"12\"><span class=\"Q4iAWc\">Ovo mjerenje preporu\u010dljivo je ponoviti 3 do 4 puta godi\u0161nje, jer se konji s treningom i razvojem mogu konstitucijski promijeniti.<br \/>\n<\/span><\/span><\/span><\/em><\/p>\n<p>U galeriji slika prona\u0111ite slikovni prikaz zamjene sedlenog luka.<\/p>\n","protected":false},"excerpt":{"rendered":"<p>Mjera\u010d grebena Norton Pro &amp; Eric Thomas Hybrid je \u0161ablona za odre\u0111ivanje prave veli\u010dine \u0161irine i visine sedla za va\u0161eg<\/p>\n","protected":false},"featured_media":104386,"template":"","meta":{"footnotes":""},"product_brand":[],"product_cat":[5942,5624,5940],"product_tag":[],"class_list":{"0":"post-104379","1":"product","2":"type-product","3":"status-publish","4":"has-post-thumbnail","6":"product_cat-dodatna-oprema-za-sedla","7":"product_cat-konj-hr","8":"product_cat-sedla-hr","10":"first","11":"instock","12":"sale","13":"shipping-taxable","14":"purchasable","15":"product-type-simple"},"yoast_head":"<!-- This site is optimized with the Yoast SEO plugin v27.4 - https:\/\/yoast.com\/product\/yoast-seo-wordpress\/ -->\n<title>Mjera\u010d grebena Norton Pro &amp; Eric Thomas Hybrid - Clair<\/title>\n<meta name=\"description\" content=\"Mjera\u010d grebena Norton Pro &amp; ET Hybrid za odre\u0111ivanje prave veli\u010dine, \u0161irine i visine sedla za va\u0161eg konja, u podru\u010dju grebena i ramena.\" \/>\n<meta name=\"robots\" content=\"index, follow, max-snippet:-1, max-image-preview:large, max-video-preview:-1\" \/>\n<link rel=\"canonical\" href=\"https:\/\/clair.si\/hr\/izdelek\/mjerac-grebena-norton-pro-eric-thomas-hybrid\/\" \/>\n<meta property=\"og:locale\" content=\"hr_HR\" \/>\n<meta property=\"og:type\" content=\"article\" \/>\n<meta property=\"og:title\" content=\"Mjera\u010d grebena Norton Pro &amp; Eric Thomas Hybrid - Clair\" \/>\n<meta property=\"og:description\" content=\"Mjera\u010d grebena Norton Pro &amp; ET Hybrid za odre\u0111ivanje prave veli\u010dine, \u0161irine i visine sedla za va\u0161eg konja, u podru\u010dju grebena i ramena.\" \/>\n<meta property=\"og:url\" content=\"https:\/\/clair.si\/hr\/izdelek\/mjerac-grebena-norton-pro-eric-thomas-hybrid\/\" \/>\n<meta property=\"og:site_name\" content=\"Clair\" \/>\n<meta property=\"article:publisher\" content=\"https:\/\/www.facebook.com\/TrgovinaClair\/\" \/>\n<meta property=\"article:modified_time\" content=\"2025-08-28T04:54:32+00:00\" \/>\n<meta property=\"og:image\" content=\"https:\/\/clair.si\/wp-content\/uploads\/2022\/06\/Merilec-virha-norton-pro-eric-thomas-hybrid.jpg\" \/>\n\t<meta property=\"og:image:width\" content=\"800\" \/>\n\t<meta property=\"og:image:height\" content=\"800\" \/>\n\t<meta property=\"og:image:type\" content=\"image\/jpeg\" \/>\n<meta name=\"twitter:card\" content=\"summary_large_image\" \/>\n<meta name=\"twitter:label1\" content=\"Procijenjeno vrijeme \u010ditanja\" \/>\n\t<meta name=\"twitter:data1\" content=\"1 minuta\" \/>\n<script type=\"application\/ld+json\" class=\"yoast-schema-graph\">{\"@context\":\"https:\\\/\\\/schema.org\",\"@graph\":[{\"@type\":\"WebPage\",\"@id\":\"https:\\\/\\\/clair.si\\\/hr\\\/izdelek\\\/mjerac-grebena-norton-pro-eric-thomas-hybrid\\\/\",\"url\":\"https:\\\/\\\/clair.si\\\/hr\\\/izdelek\\\/mjerac-grebena-norton-pro-eric-thomas-hybrid\\\/\",\"name\":\"Mjera\u010d grebena Norton Pro &amp; Eric Thomas Hybrid - Clair\",\"isPartOf\":{\"@id\":\"https:\\\/\\\/clair.si\\\/#website\"},\"primaryImageOfPage\":{\"@id\":\"https:\\\/\\\/clair.si\\\/hr\\\/izdelek\\\/mjerac-grebena-norton-pro-eric-thomas-hybrid\\\/#primaryimage\"},\"image\":{\"@id\":\"https:\\\/\\\/clair.si\\\/hr\\\/izdelek\\\/mjerac-grebena-norton-pro-eric-thomas-hybrid\\\/#primaryimage\"},\"thumbnailUrl\":\"https:\\\/\\\/clair.si\\\/wp-content\\\/uploads\\\/2022\\\/06\\\/Merilec-virha-norton-pro-eric-thomas-hybrid.webp\",\"datePublished\":\"2022-06-08T13:10:26+00:00\",\"dateModified\":\"2025-08-28T04:54:32+00:00\",\"description\":\"Mjera\u010d grebena Norton Pro & ET Hybrid za odre\u0111ivanje prave veli\u010dine, \u0161irine i visine sedla za va\u0161eg konja, u podru\u010dju grebena i ramena.\",\"breadcrumb\":{\"@id\":\"https:\\\/\\\/clair.si\\\/hr\\\/izdelek\\\/mjerac-grebena-norton-pro-eric-thomas-hybrid\\\/#breadcrumb\"},\"inLanguage\":\"hr\",\"potentialAction\":[{\"@type\":\"ReadAction\",\"target\":[\"https:\\\/\\\/clair.si\\\/hr\\\/izdelek\\\/mjerac-grebena-norton-pro-eric-thomas-hybrid\\\/\"]}]},{\"@type\":\"ImageObject\",\"inLanguage\":\"hr\",\"@id\":\"https:\\\/\\\/clair.si\\\/hr\\\/izdelek\\\/mjerac-grebena-norton-pro-eric-thomas-hybrid\\\/#primaryimage\",\"url\":\"https:\\\/\\\/clair.si\\\/wp-content\\\/uploads\\\/2022\\\/06\\\/Merilec-virha-norton-pro-eric-thomas-hybrid.webp\",\"contentUrl\":\"https:\\\/\\\/clair.si\\\/wp-content\\\/uploads\\\/2022\\\/06\\\/Merilec-virha-norton-pro-eric-thomas-hybrid.webp\",\"width\":800,\"height\":800,\"caption\":\"Merilec vihra Norton Pro & ET Hybrid.\"},{\"@type\":\"BreadcrumbList\",\"@id\":\"https:\\\/\\\/clair.si\\\/hr\\\/izdelek\\\/mjerac-grebena-norton-pro-eric-thomas-hybrid\\\/#breadcrumb\",\"itemListElement\":[{\"@type\":\"ListItem\",\"position\":1,\"name\":\"Home\",\"item\":\"https:\\\/\\\/clair.si\\\/hr\\\/\"},{\"@type\":\"ListItem\",\"position\":2,\"name\":\"Trgovina\",\"item\":\"https:\\\/\\\/clair.si\\\/trgovina\\\/\"},{\"@type\":\"ListItem\",\"position\":3,\"name\":\"Mjera\u010d grebena Norton Pro &amp; Eric Thomas Hybrid\"}]},{\"@type\":\"WebSite\",\"@id\":\"https:\\\/\\\/clair.si\\\/#website\",\"url\":\"https:\\\/\\\/clair.si\\\/\",\"name\":\"Clair\",\"description\":\"Trgovina s konjeni\u0161ko opremo\",\"publisher\":{\"@id\":\"https:\\\/\\\/clair.si\\\/#organization\"},\"potentialAction\":[{\"@type\":\"SearchAction\",\"target\":{\"@type\":\"EntryPoint\",\"urlTemplate\":\"https:\\\/\\\/clair.si\\\/?s={search_term_string}\"},\"query-input\":{\"@type\":\"PropertyValueSpecification\",\"valueRequired\":true,\"valueName\":\"search_term_string\"}}],\"inLanguage\":\"hr\"},{\"@type\":\"Organization\",\"@id\":\"https:\\\/\\\/clair.si\\\/#organization\",\"name\":\"Clair\",\"url\":\"https:\\\/\\\/clair.si\\\/\",\"logo\":{\"@type\":\"ImageObject\",\"inLanguage\":\"hr\",\"@id\":\"https:\\\/\\\/clair.si\\\/#\\\/schema\\\/logo\\\/image\\\/\",\"url\":\"https:\\\/\\\/clair.si\\\/wp-content\\\/uploads\\\/2022\\\/11\\\/clair_logo_2022.jpg\",\"contentUrl\":\"https:\\\/\\\/clair.si\\\/wp-content\\\/uploads\\\/2022\\\/11\\\/clair_logo_2022.jpg\",\"width\":1920,\"height\":1920,\"caption\":\"Clair\"},\"image\":{\"@id\":\"https:\\\/\\\/clair.si\\\/#\\\/schema\\\/logo\\\/image\\\/\"},\"sameAs\":[\"https:\\\/\\\/www.facebook.com\\\/TrgovinaClair\\\/\"]}]}<\/script>\n<!-- \/ Yoast SEO plugin. -->","yoast_head_json":{"title":"Mjera\u010d grebena Norton Pro &amp; Eric Thomas Hybrid - Clair","description":"Mjera\u010d grebena Norton Pro & ET Hybrid za odre\u0111ivanje prave veli\u010dine, \u0161irine i visine sedla za va\u0161eg konja, u podru\u010dju grebena i ramena.","robots":{"index":"index","follow":"follow","max-snippet":"max-snippet:-1","max-image-preview":"max-image-preview:large","max-video-preview":"max-video-preview:-1"},"canonical":"https:\/\/clair.si\/hr\/izdelek\/mjerac-grebena-norton-pro-eric-thomas-hybrid\/","og_locale":"hr_HR","og_type":"article","og_title":"Mjera\u010d grebena Norton Pro &amp; Eric Thomas Hybrid - Clair","og_description":"Mjera\u010d grebena Norton Pro & ET Hybrid za odre\u0111ivanje prave veli\u010dine, \u0161irine i visine sedla za va\u0161eg konja, u podru\u010dju grebena i ramena.","og_url":"https:\/\/clair.si\/hr\/izdelek\/mjerac-grebena-norton-pro-eric-thomas-hybrid\/","og_site_name":"Clair","article_publisher":"https:\/\/www.facebook.com\/TrgovinaClair\/","article_modified_time":"2025-08-28T04:54:32+00:00","og_image":[{"width":800,"height":800,"url":"https:\/\/clair.si\/wp-content\/uploads\/2022\/06\/Merilec-virha-norton-pro-eric-thomas-hybrid.jpg","type":"image\/jpeg"}],"twitter_card":"summary_large_image","twitter_misc":{"Procijenjeno vrijeme \u010ditanja":"1 minuta"},"schema":{"@context":"https:\/\/schema.org","@graph":[{"@type":"WebPage","@id":"https:\/\/clair.si\/hr\/izdelek\/mjerac-grebena-norton-pro-eric-thomas-hybrid\/","url":"https:\/\/clair.si\/hr\/izdelek\/mjerac-grebena-norton-pro-eric-thomas-hybrid\/","name":"Mjera\u010d grebena Norton Pro &amp; Eric Thomas Hybrid - Clair","isPartOf":{"@id":"https:\/\/clair.si\/#website"},"primaryImageOfPage":{"@id":"https:\/\/clair.si\/hr\/izdelek\/mjerac-grebena-norton-pro-eric-thomas-hybrid\/#primaryimage"},"image":{"@id":"https:\/\/clair.si\/hr\/izdelek\/mjerac-grebena-norton-pro-eric-thomas-hybrid\/#primaryimage"},"thumbnailUrl":"https:\/\/clair.si\/wp-content\/uploads\/2022\/06\/Merilec-virha-norton-pro-eric-thomas-hybrid.webp","datePublished":"2022-06-08T13:10:26+00:00","dateModified":"2025-08-28T04:54:32+00:00","description":"Mjera\u010d grebena Norton Pro & ET Hybrid za odre\u0111ivanje prave veli\u010dine, \u0161irine i visine sedla za va\u0161eg konja, u podru\u010dju grebena i ramena.","breadcrumb":{"@id":"https:\/\/clair.si\/hr\/izdelek\/mjerac-grebena-norton-pro-eric-thomas-hybrid\/#breadcrumb"},"inLanguage":"hr","potentialAction":[{"@type":"ReadAction","target":["https:\/\/clair.si\/hr\/izdelek\/mjerac-grebena-norton-pro-eric-thomas-hybrid\/"]}]},{"@type":"ImageObject","inLanguage":"hr","@id":"https:\/\/clair.si\/hr\/izdelek\/mjerac-grebena-norton-pro-eric-thomas-hybrid\/#primaryimage","url":"https:\/\/clair.si\/wp-content\/uploads\/2022\/06\/Merilec-virha-norton-pro-eric-thomas-hybrid.webp","contentUrl":"https:\/\/clair.si\/wp-content\/uploads\/2022\/06\/Merilec-virha-norton-pro-eric-thomas-hybrid.webp","width":800,"height":800,"caption":"Merilec vihra Norton Pro & ET Hybrid."},{"@type":"BreadcrumbList","@id":"https:\/\/clair.si\/hr\/izdelek\/mjerac-grebena-norton-pro-eric-thomas-hybrid\/#breadcrumb","itemListElement":[{"@type":"ListItem","position":1,"name":"Home","item":"https:\/\/clair.si\/hr\/"},{"@type":"ListItem","position":2,"name":"Trgovina","item":"https:\/\/clair.si\/trgovina\/"},{"@type":"ListItem","position":3,"name":"Mjera\u010d grebena Norton Pro &amp; Eric Thomas Hybrid"}]},{"@type":"WebSite","@id":"https:\/\/clair.si\/#website","url":"https:\/\/clair.si\/","name":"Clair","description":"Trgovina s konjeni\u0161ko opremo","publisher":{"@id":"https:\/\/clair.si\/#organization"},"potentialAction":[{"@type":"SearchAction","target":{"@type":"EntryPoint","urlTemplate":"https:\/\/clair.si\/?s={search_term_string}"},"query-input":{"@type":"PropertyValueSpecification","valueRequired":true,"valueName":"search_term_string"}}],"inLanguage":"hr"},{"@type":"Organization","@id":"https:\/\/clair.si\/#organization","name":"Clair","url":"https:\/\/clair.si\/","logo":{"@type":"ImageObject","inLanguage":"hr","@id":"https:\/\/clair.si\/#\/schema\/logo\/image\/","url":"https:\/\/clair.si\/wp-content\/uploads\/2022\/11\/clair_logo_2022.jpg","contentUrl":"https:\/\/clair.si\/wp-content\/uploads\/2022\/11\/clair_logo_2022.jpg","width":1920,"height":1920,"caption":"Clair"},"image":{"@id":"https:\/\/clair.si\/#\/schema\/logo\/image\/"},"sameAs":["https:\/\/www.facebook.com\/TrgovinaClair\/"]}]}},"_links":{"self":[{"href":"https:\/\/clair.si\/hr\/wp-json\/wp\/v2\/product\/104379","targetHints":{"allow":["GET"]}}],"collection":[{"href":"https:\/\/clair.si\/hr\/wp-json\/wp\/v2\/product"}],"about":[{"href":"https:\/\/clair.si\/hr\/wp-json\/wp\/v2\/types\/product"}],"version-history":[{"count":0,"href":"https:\/\/clair.si\/hr\/wp-json\/wp\/v2\/product\/104379\/revisions"}],"wp:featuredmedia":[{"embeddable":true,"href":"https:\/\/clair.si\/hr\/wp-json\/wp\/v2\/media\/104386"}],"wp:attachment":[{"href":"https:\/\/clair.si\/hr\/wp-json\/wp\/v2\/media?parent=104379"}],"wp:term":[{"taxonomy":"product_brand","embeddable":true,"href":"https:\/\/clair.si\/hr\/wp-json\/wp\/v2\/product_brand?post=104379"},{"taxonomy":"product_cat","embeddable":true,"href":"https:\/\/clair.si\/hr\/wp-json\/wp\/v2\/product_cat?post=104379"},{"taxonomy":"product_tag","embeddable":true,"href":"https:\/\/clair.si\/hr\/wp-json\/wp\/v2\/product_tag?post=104379"}],"curies":[{"name":"wp","href":"https:\/\/api.w.org\/{rel}","templated":true}]}}