{"id":104396,"date":"2022-06-08T18:13:38","date_gmt":"2022-06-08T16:13:38","guid":{"rendered":"https:\/\/clair.si\/izdelek\/mjerac-grebena-wintec-bates\/"},"modified":"2025-08-28T06:54:34","modified_gmt":"2025-08-28T04:54:34","slug":"mjerac-grebena-wintec-bates","status":"publish","type":"product","link":"https:\/\/clair.si\/hr\/izdelek\/mjerac-grebena-wintec-bates\/","title":{"rendered":"Mjera\u010d grebena Wintec &amp; Bates"},"content":{"rendered":"<p><span class=\"VIiyi\" lang=\"sl\"><span class=\"JLqJ4b ChMk0b C1N51c\" data-language-for-alternatives=\"sl\" data-language-to-translate-into=\"de\" data-phrase-index=\"0\" data-number-of-phrases=\"2\"><span class=\"Q4iAWc\"><strong>Mjera\u010d grebena Wintec &amp; Bates<\/strong> &#8211; jedno mjerenje za odre\u0111ivanje veli\u010dine luka grebena koji odgovara morfologiji va\u0161eg konja.<\/span><\/span><\/span><\/p>\n<p><span class=\"VIiyi\" lang=\"sl\"><span class=\"JLqJ4b ChMk0b\" data-language-for-alternatives=\"sl\" data-language-to-translate-into=\"de\" data-phrase-index=\"0\" data-number-of-phrases=\"1\"><span class=\"Q4iAWc\">Mjera\u010d grebena je <strong>prikladan za sedla BATES i WINTEC<\/strong>, opremljena sustavom EASY-CHANGE\u2122 Standard ili XL.<\/span><\/span><\/span><\/p>\n<p><strong>Tako\u0111er je prikladan za sedla:<\/strong><\/p>\n<ul>\n<li><span class=\"VIiyi\" lang=\"sl\"><span class=\"JLqJ4b ChMk0b\" data-language-for-alternatives=\"sl\" data-language-to-translate-into=\"de\" data-phrase-index=\"3\" data-number-of-phrases=\"10\"><span class=\"Q4iAWc\">Dresurno sedlo NORTON CLUB Rexine Evol; broj artikla 301.111117<\/span><\/span><\/span><\/li>\n<li><span class=\"VIiyi\" lang=\"sl\"><span class=\"JLqJ4b ChMk0b\" data-language-for-alternatives=\"sl\" data-language-to-translate-into=\"de\" data-phrase-index=\"3\" data-number-of-phrases=\"10\"><span class=\"Q4iAWc\"> Univerzalno sedlo Rexine Evol; broj artikla 301.111116<\/span><\/span><\/span><\/li>\n<li><span class=\"VIiyi\" lang=\"sl\"><span class=\"JLqJ4b ChMk0b\" data-language-for-alternatives=\"sl\" data-language-to-translate-into=\"de\" data-phrase-index=\"3\" data-number-of-phrases=\"10\"><span class=\"Q4iAWc\"> Skaka\u010dko sedlo Rexine Evol; broj artikla 301.117115<\/span><\/span><\/span><\/li>\n<li><span class=\"VIiyi\" lang=\"sl\"><span class=\"JLqJ4b ChMk0b\" data-language-for-alternatives=\"sl\" data-language-to-translate-into=\"de\" data-phrase-index=\"5\" data-number-of-phrases=\"10\"><span class=\"Q4iAWc\"> NORTON CLUB &#8220;Spring Evol&#8221; skaka\u010dko sedlo; br. 301.117118<\/span><\/span><\/span><\/li>\n<li><span class=\"VIiyi\" lang=\"sl\"><span class=\"JLqJ4b ChMk0b\" data-language-for-alternatives=\"sl\" data-language-to-translate-into=\"de\" data-phrase-index=\"7\" data-number-of-phrases=\"10\"><span class=\"Q4iAWc\"> Stari modeli NORTON &#8220;Rexine&#8221;<\/span><\/span><\/span><\/li>\n<li><span class=\"VIiyi\" lang=\"sl\"><span class=\"JLqJ4b ChMk0b\" data-language-for-alternatives=\"sl\" data-language-to-translate-into=\"de\" data-phrase-index=\"9\" data-number-of-phrases=\"10\"><span class=\"Q4iAWc\"> Stari modeli ERIC THOMAS &#8220;Advance&#8221; &#8220;Jerez&#8221; i &#8220;Madrid&#8221;.<\/span><\/span><\/span><\/li>\n<\/ul>\n<p><strong><span class=\"VIiyi\" lang=\"sl\"><span class=\"JLqJ4b ChMk0b\" data-language-for-alternatives=\"sl\" data-language-to-translate-into=\"de\" data-phrase-index=\"1\" data-number-of-phrases=\"12\"><span class=\"Q4iAWc\">KAKO MJERIMO?<\/span><\/span><\/span><\/strong><\/p>\n<p><span class=\"VIiyi\" lang=\"sl\"><span class=\"JLqJ4b ChMk0b\" data-language-for-alternatives=\"sl\" data-language-to-translate-into=\"de\" data-phrase-index=\"3\" data-number-of-phrases=\"12\"><span class=\"Q4iAWc\"><strong>1. korak:<\/strong> Za precizno mjerenje postavite sedlo u pravilan polo\u017eaj na le\u0111a konja.<\/span><\/span> <span class=\"JLqJ4b ChMk0b\" data-language-for-alternatives=\"sl\" data-language-to-translate-into=\"de\" data-phrase-index=\"4\" data-number-of-phrases=\"12\"><span class=\"Q4iAWc\">Ozna\u010dite mjesta na va\u0161em konju tik ispod vijaka sedla. Za ozna\u010davanje mo\u017eete koristiti vidljivi marker ili kredu.<br \/>\n<\/span><\/span><\/span><\/p>\n<p><span class=\"VIiyi\" lang=\"sl\"> <span class=\"JLqJ4b ChMk0b\" data-language-for-alternatives=\"sl\" data-language-to-translate-into=\"de\" data-phrase-index=\"6\" data-number-of-phrases=\"12\"><span class=\"Q4iAWc\"><strong>2. korak:<\/strong> skinite sedlo i postavite \u0161ablonu okomito na oznake koje ste zarisali na konju.<\/span><\/span> <\/span><\/p>\n<p><span class=\"VIiyi\" lang=\"sl\"><span class=\"JLqJ4b ChMk0b\" data-language-for-alternatives=\"sl\" data-language-to-translate-into=\"de\" data-phrase-index=\"8\" data-number-of-phrases=\"12\"><span class=\"Q4iAWc\"><strong>3. korak:<\/strong> Gurnite mjerilo grebena prema dolje dok se kontaktne povr\u0161ine ne dotaknu va\u0161eg konja.<\/span><\/span> <\/span><\/p>\n<p><span class=\"VIiyi\" lang=\"sl\"><span class=\"JLqJ4b ChMk0b\" data-language-for-alternatives=\"sl\" data-language-to-translate-into=\"de\" data-phrase-index=\"10\" data-number-of-phrases=\"12\"><span class=\"Q4iAWc\"><strong>4. korak:<\/strong> Mjerilo grebena vam sada pokazuje koju grebenastu vrpcu (veli\u010dinu\/boju) trebate za svog konja.<\/span><\/span> <\/span><\/p>\n<p><em><span class=\"VIiyi\" lang=\"sl\"><span class=\"JLqJ4b ChMk0b\" data-language-for-alternatives=\"sl\" data-language-to-translate-into=\"de\" data-phrase-index=\"11\" data-number-of-phrases=\"12\"><span class=\"Q4iAWc\">Ovo mjerenje preporu\u010dljivo je ponoviti 3 do 4 puta godi\u0161nje, jer se konji s treningom i razvojem mogu konstitucijski promijeniti.<br \/>\n<\/span><\/span><\/span><\/em><\/p>\n<p>U galeriji slika tako\u0111er mo\u017eete prona\u0107i slikovni prikaz zamjene sedlene vrpce.<\/p>\n<p><strong>Sedleni lukovi su dostupni u na\u0161oj web trgovini!<\/strong><\/p>\n<p>&nbsp;<\/p>\n","protected":false},"excerpt":{"rendered":"<p><span class=\"VIiyi\" lang=\"sl\"><span class=\"JLqJ4b ChMk0b\" data-language-for-alternatives=\"sl\" data-language-to-translate-into=\"de\" data-phrase-index=\"0\" data-number-of-phrases=\"1\"><span class=\"Q4iAWc\">Mjera\u010d grebena je <strong>prikladan za sedla BATES i WINTEC<\/strong>, opremljena sustavom EASY-CHANGE\u2122 Standard ili XL.<\/span><\/span><\/span><\/p>\n","protected":false},"featured_media":104403,"template":"","meta":{"footnotes":""},"product_brand":[],"product_cat":[5942,5624,5940],"product_tag":[],"class_list":{"0":"post-104396","1":"product","2":"type-product","3":"status-publish","4":"has-post-thumbnail","6":"product_cat-dodatna-oprema-za-sedla","7":"product_cat-konj-hr","8":"product_cat-sedla-hr","10":"first","11":"instock","12":"sale","13":"shipping-taxable","14":"purchasable","15":"product-type-simple"},"yoast_head":"<!-- This site is optimized with the Yoast SEO plugin v27.4 - https:\/\/yoast.com\/product\/yoast-seo-wordpress\/ -->\n<title>Mjera\u010d grebena Wintec &amp; Bates - Clair<\/title>\n<meta name=\"description\" content=\"Mjera\u010d grebena Wintec &amp; Bates - jedno mjerenje za odre\u0111ivanje veli\u010dine luka grebena koji odgovara morfologiji va\u0161eg konja.\" \/>\n<meta name=\"robots\" content=\"index, follow, max-snippet:-1, max-image-preview:large, max-video-preview:-1\" \/>\n<link rel=\"canonical\" href=\"https:\/\/clair.si\/hr\/izdelek\/mjerac-grebena-wintec-bates\/\" \/>\n<meta property=\"og:locale\" content=\"hr_HR\" \/>\n<meta property=\"og:type\" content=\"article\" \/>\n<meta property=\"og:title\" content=\"Mjera\u010d grebena Wintec &amp; Bates - Clair\" \/>\n<meta property=\"og:description\" content=\"Mjera\u010d grebena Wintec &amp; Bates - jedno mjerenje za odre\u0111ivanje veli\u010dine luka grebena koji odgovara morfologiji va\u0161eg konja.\" \/>\n<meta property=\"og:url\" content=\"https:\/\/clair.si\/hr\/izdelek\/mjerac-grebena-wintec-bates\/\" \/>\n<meta property=\"og:site_name\" content=\"Clair\" \/>\n<meta property=\"article:publisher\" content=\"https:\/\/www.facebook.com\/TrgovinaClair\/\" \/>\n<meta property=\"article:modified_time\" content=\"2025-08-28T04:54:34+00:00\" \/>\n<meta property=\"og:image\" content=\"https:\/\/clair.si\/wp-content\/uploads\/2022\/06\/merilec-vihra-wintec-bates-norton-eric-thomas.jpg\" \/>\n\t<meta property=\"og:image:width\" content=\"372\" \/>\n\t<meta property=\"og:image:height\" content=\"372\" \/>\n\t<meta property=\"og:image:type\" content=\"image\/jpeg\" \/>\n<meta name=\"twitter:card\" content=\"summary_large_image\" \/>\n<meta name=\"twitter:label1\" content=\"Procijenjeno vrijeme \u010ditanja\" \/>\n\t<meta name=\"twitter:data1\" content=\"1 minuta\" \/>\n<script type=\"application\/ld+json\" class=\"yoast-schema-graph\">{\"@context\":\"https:\\\/\\\/schema.org\",\"@graph\":[{\"@type\":\"WebPage\",\"@id\":\"https:\\\/\\\/clair.si\\\/hr\\\/izdelek\\\/mjerac-grebena-wintec-bates\\\/\",\"url\":\"https:\\\/\\\/clair.si\\\/hr\\\/izdelek\\\/mjerac-grebena-wintec-bates\\\/\",\"name\":\"Mjera\u010d grebena Wintec &amp; Bates - Clair\",\"isPartOf\":{\"@id\":\"https:\\\/\\\/clair.si\\\/#website\"},\"primaryImageOfPage\":{\"@id\":\"https:\\\/\\\/clair.si\\\/hr\\\/izdelek\\\/mjerac-grebena-wintec-bates\\\/#primaryimage\"},\"image\":{\"@id\":\"https:\\\/\\\/clair.si\\\/hr\\\/izdelek\\\/mjerac-grebena-wintec-bates\\\/#primaryimage\"},\"thumbnailUrl\":\"https:\\\/\\\/clair.si\\\/wp-content\\\/uploads\\\/2022\\\/06\\\/merilec-vihra-wintec-bates-norton-eric-thomas.webp\",\"datePublished\":\"2022-06-08T16:13:38+00:00\",\"dateModified\":\"2025-08-28T04:54:34+00:00\",\"description\":\"Mjera\u010d grebena Wintec & Bates - jedno mjerenje za odre\u0111ivanje veli\u010dine luka grebena koji odgovara morfologiji va\u0161eg konja.\",\"breadcrumb\":{\"@id\":\"https:\\\/\\\/clair.si\\\/hr\\\/izdelek\\\/mjerac-grebena-wintec-bates\\\/#breadcrumb\"},\"inLanguage\":\"hr\",\"potentialAction\":[{\"@type\":\"ReadAction\",\"target\":[\"https:\\\/\\\/clair.si\\\/hr\\\/izdelek\\\/mjerac-grebena-wintec-bates\\\/\"]}]},{\"@type\":\"ImageObject\",\"inLanguage\":\"hr\",\"@id\":\"https:\\\/\\\/clair.si\\\/hr\\\/izdelek\\\/mjerac-grebena-wintec-bates\\\/#primaryimage\",\"url\":\"https:\\\/\\\/clair.si\\\/wp-content\\\/uploads\\\/2022\\\/06\\\/merilec-vihra-wintec-bates-norton-eric-thomas.webp\",\"contentUrl\":\"https:\\\/\\\/clair.si\\\/wp-content\\\/uploads\\\/2022\\\/06\\\/merilec-vihra-wintec-bates-norton-eric-thomas.webp\",\"width\":372,\"height\":372},{\"@type\":\"BreadcrumbList\",\"@id\":\"https:\\\/\\\/clair.si\\\/hr\\\/izdelek\\\/mjerac-grebena-wintec-bates\\\/#breadcrumb\",\"itemListElement\":[{\"@type\":\"ListItem\",\"position\":1,\"name\":\"Home\",\"item\":\"https:\\\/\\\/clair.si\\\/hr\\\/\"},{\"@type\":\"ListItem\",\"position\":2,\"name\":\"Trgovina\",\"item\":\"https:\\\/\\\/clair.si\\\/trgovina\\\/\"},{\"@type\":\"ListItem\",\"position\":3,\"name\":\"Mjera\u010d grebena Wintec &amp; Bates\"}]},{\"@type\":\"WebSite\",\"@id\":\"https:\\\/\\\/clair.si\\\/#website\",\"url\":\"https:\\\/\\\/clair.si\\\/\",\"name\":\"Clair\",\"description\":\"Trgovina s konjeni\u0161ko opremo\",\"publisher\":{\"@id\":\"https:\\\/\\\/clair.si\\\/#organization\"},\"potentialAction\":[{\"@type\":\"SearchAction\",\"target\":{\"@type\":\"EntryPoint\",\"urlTemplate\":\"https:\\\/\\\/clair.si\\\/?s={search_term_string}\"},\"query-input\":{\"@type\":\"PropertyValueSpecification\",\"valueRequired\":true,\"valueName\":\"search_term_string\"}}],\"inLanguage\":\"hr\"},{\"@type\":\"Organization\",\"@id\":\"https:\\\/\\\/clair.si\\\/#organization\",\"name\":\"Clair\",\"url\":\"https:\\\/\\\/clair.si\\\/\",\"logo\":{\"@type\":\"ImageObject\",\"inLanguage\":\"hr\",\"@id\":\"https:\\\/\\\/clair.si\\\/#\\\/schema\\\/logo\\\/image\\\/\",\"url\":\"https:\\\/\\\/clair.si\\\/wp-content\\\/uploads\\\/2022\\\/11\\\/clair_logo_2022.jpg\",\"contentUrl\":\"https:\\\/\\\/clair.si\\\/wp-content\\\/uploads\\\/2022\\\/11\\\/clair_logo_2022.jpg\",\"width\":1920,\"height\":1920,\"caption\":\"Clair\"},\"image\":{\"@id\":\"https:\\\/\\\/clair.si\\\/#\\\/schema\\\/logo\\\/image\\\/\"},\"sameAs\":[\"https:\\\/\\\/www.facebook.com\\\/TrgovinaClair\\\/\"]}]}<\/script>\n<!-- \/ Yoast SEO plugin. -->","yoast_head_json":{"title":"Mjera\u010d grebena Wintec &amp; Bates - Clair","description":"Mjera\u010d grebena Wintec & Bates - jedno mjerenje za odre\u0111ivanje veli\u010dine luka grebena koji odgovara morfologiji va\u0161eg konja.","robots":{"index":"index","follow":"follow","max-snippet":"max-snippet:-1","max-image-preview":"max-image-preview:large","max-video-preview":"max-video-preview:-1"},"canonical":"https:\/\/clair.si\/hr\/izdelek\/mjerac-grebena-wintec-bates\/","og_locale":"hr_HR","og_type":"article","og_title":"Mjera\u010d grebena Wintec &amp; Bates - Clair","og_description":"Mjera\u010d grebena Wintec & Bates - jedno mjerenje za odre\u0111ivanje veli\u010dine luka grebena koji odgovara morfologiji va\u0161eg konja.","og_url":"https:\/\/clair.si\/hr\/izdelek\/mjerac-grebena-wintec-bates\/","og_site_name":"Clair","article_publisher":"https:\/\/www.facebook.com\/TrgovinaClair\/","article_modified_time":"2025-08-28T04:54:34+00:00","og_image":[{"width":372,"height":372,"url":"https:\/\/clair.si\/wp-content\/uploads\/2022\/06\/merilec-vihra-wintec-bates-norton-eric-thomas.jpg","type":"image\/jpeg"}],"twitter_card":"summary_large_image","twitter_misc":{"Procijenjeno vrijeme \u010ditanja":"1 minuta"},"schema":{"@context":"https:\/\/schema.org","@graph":[{"@type":"WebPage","@id":"https:\/\/clair.si\/hr\/izdelek\/mjerac-grebena-wintec-bates\/","url":"https:\/\/clair.si\/hr\/izdelek\/mjerac-grebena-wintec-bates\/","name":"Mjera\u010d grebena Wintec &amp; Bates - Clair","isPartOf":{"@id":"https:\/\/clair.si\/#website"},"primaryImageOfPage":{"@id":"https:\/\/clair.si\/hr\/izdelek\/mjerac-grebena-wintec-bates\/#primaryimage"},"image":{"@id":"https:\/\/clair.si\/hr\/izdelek\/mjerac-grebena-wintec-bates\/#primaryimage"},"thumbnailUrl":"https:\/\/clair.si\/wp-content\/uploads\/2022\/06\/merilec-vihra-wintec-bates-norton-eric-thomas.webp","datePublished":"2022-06-08T16:13:38+00:00","dateModified":"2025-08-28T04:54:34+00:00","description":"Mjera\u010d grebena Wintec & Bates - jedno mjerenje za odre\u0111ivanje veli\u010dine luka grebena koji odgovara morfologiji va\u0161eg konja.","breadcrumb":{"@id":"https:\/\/clair.si\/hr\/izdelek\/mjerac-grebena-wintec-bates\/#breadcrumb"},"inLanguage":"hr","potentialAction":[{"@type":"ReadAction","target":["https:\/\/clair.si\/hr\/izdelek\/mjerac-grebena-wintec-bates\/"]}]},{"@type":"ImageObject","inLanguage":"hr","@id":"https:\/\/clair.si\/hr\/izdelek\/mjerac-grebena-wintec-bates\/#primaryimage","url":"https:\/\/clair.si\/wp-content\/uploads\/2022\/06\/merilec-vihra-wintec-bates-norton-eric-thomas.webp","contentUrl":"https:\/\/clair.si\/wp-content\/uploads\/2022\/06\/merilec-vihra-wintec-bates-norton-eric-thomas.webp","width":372,"height":372},{"@type":"BreadcrumbList","@id":"https:\/\/clair.si\/hr\/izdelek\/mjerac-grebena-wintec-bates\/#breadcrumb","itemListElement":[{"@type":"ListItem","position":1,"name":"Home","item":"https:\/\/clair.si\/hr\/"},{"@type":"ListItem","position":2,"name":"Trgovina","item":"https:\/\/clair.si\/trgovina\/"},{"@type":"ListItem","position":3,"name":"Mjera\u010d grebena Wintec &amp; Bates"}]},{"@type":"WebSite","@id":"https:\/\/clair.si\/#website","url":"https:\/\/clair.si\/","name":"Clair","description":"Trgovina s konjeni\u0161ko opremo","publisher":{"@id":"https:\/\/clair.si\/#organization"},"potentialAction":[{"@type":"SearchAction","target":{"@type":"EntryPoint","urlTemplate":"https:\/\/clair.si\/?s={search_term_string}"},"query-input":{"@type":"PropertyValueSpecification","valueRequired":true,"valueName":"search_term_string"}}],"inLanguage":"hr"},{"@type":"Organization","@id":"https:\/\/clair.si\/#organization","name":"Clair","url":"https:\/\/clair.si\/","logo":{"@type":"ImageObject","inLanguage":"hr","@id":"https:\/\/clair.si\/#\/schema\/logo\/image\/","url":"https:\/\/clair.si\/wp-content\/uploads\/2022\/11\/clair_logo_2022.jpg","contentUrl":"https:\/\/clair.si\/wp-content\/uploads\/2022\/11\/clair_logo_2022.jpg","width":1920,"height":1920,"caption":"Clair"},"image":{"@id":"https:\/\/clair.si\/#\/schema\/logo\/image\/"},"sameAs":["https:\/\/www.facebook.com\/TrgovinaClair\/"]}]}},"_links":{"self":[{"href":"https:\/\/clair.si\/hr\/wp-json\/wp\/v2\/product\/104396","targetHints":{"allow":["GET"]}}],"collection":[{"href":"https:\/\/clair.si\/hr\/wp-json\/wp\/v2\/product"}],"about":[{"href":"https:\/\/clair.si\/hr\/wp-json\/wp\/v2\/types\/product"}],"version-history":[{"count":0,"href":"https:\/\/clair.si\/hr\/wp-json\/wp\/v2\/product\/104396\/revisions"}],"wp:featuredmedia":[{"embeddable":true,"href":"https:\/\/clair.si\/hr\/wp-json\/wp\/v2\/media\/104403"}],"wp:attachment":[{"href":"https:\/\/clair.si\/hr\/wp-json\/wp\/v2\/media?parent=104396"}],"wp:term":[{"taxonomy":"product_brand","embeddable":true,"href":"https:\/\/clair.si\/hr\/wp-json\/wp\/v2\/product_brand?post=104396"},{"taxonomy":"product_cat","embeddable":true,"href":"https:\/\/clair.si\/hr\/wp-json\/wp\/v2\/product_cat?post=104396"},{"taxonomy":"product_tag","embeddable":true,"href":"https:\/\/clair.si\/hr\/wp-json\/wp\/v2\/product_tag?post=104396"}],"curies":[{"name":"wp","href":"https:\/\/api.w.org\/{rel}","templated":true}]}}