{"id":104419,"date":"2022-06-09T17:31:37","date_gmt":"2022-06-09T15:31:37","guid":{"rendered":"https:\/\/clair.si\/izdelek\/skakacko-sedlo-wintec-500-close-contact-hart\/"},"modified":"2025-08-28T06:55:07","modified_gmt":"2025-08-28T04:55:07","slug":"skakacko-sedlo-wintec-500-close-contact-hart","status":"publish","type":"product","link":"https:\/\/clair.si\/hr\/izdelek\/skakacko-sedlo-wintec-500-close-contact-hart\/","title":{"rendered":"Skaka\u010dko sedlo WINTEC 500 Close Contact HART"},"content":{"rendered":"<p id=\"tw-target-text\" class=\"tw-data-text tw-text-large tw-ta\" dir=\"ltr\" data-placeholder=\"Translation\"><span class=\"Y2IQFc\" lang=\"sl\"><strong>Skaka\u010dko sinteti\u010dko sedlo WINTEC 500 Close Contact HART<\/strong> &#8211; jaha\u010di \u0107e biti spremni presko\u010diti bilo koju prepreku uz potpunu slobodu kretanja. <\/span><\/p>\n<p class=\"tw-data-text tw-text-large tw-ta\" dir=\"ltr\" data-placeholder=\"Translation\"><span class=\"Y2IQFc\" lang=\"sl\">Ovo skaka\u010dko sedlo s otvorenim sjedi\u0161tem i niskim nagibom jaha\u010du daje samopouzdanje uz udobnost i prianjanje najfleksibilnijeg i najizdr\u017eljivijeg sedla za skakanje, koje je jednostavno za odr\u017eavanje. Nakon napornog dana treninga mo\u017eete jednostavno obrisati znoj i prljav\u0161tinu sa sedla. Jednostavno ga je odr\u017eavati!   <\/span><\/p>\n<p class=\"tw-data-text tw-text-large tw-ta\" dir=\"ltr\" data-placeholder=\"Translation\"><span class=\"Y2IQFc\" lang=\"sl\">Tako\u0111er, <strong>Skaka\u010dko sedlo WINTEC 500 Close Contact HART<\/strong> konju nudi super mekane sedlene jastu\u010di\u0107e, koji se oblikuju oko njihovih mi\u0161i\u0107a koji rade i obgrle ih pri svakom koraku, omogu\u0107uju\u0107i im da &#8221;lete&#8221;.<\/span><\/p>\n<p><strong>Elastiflex sedlena osnova<\/strong> \u2013 zamislite udobnost sedlene osnove sa sposobno\u0161\u0107u savijanja i pomicanja sa svakim konjevim korakom. Kralje\u017enica va\u0161eg konja za\u0161ti\u0107ena je od udarnih sila, dok bo\u010dna fleksija omogu\u0107uje da le\u0111a va\u0161eg konja zanji\u0161u i kre\u0107u se neometano i prirodno. Elastiflex sedlena osnova izra\u0111ena je od simetri\u010dnih materijala, izuzetno je lagana i sna\u017ena te za\u0161ti\u0107ena od loma ili uvijanja.  <\/p>\n<p><strong>Sustav sedlenih jastuka CAIR<\/strong> \u2013 vjerujte jednostavno u najbolju za\u0161titu koju mo\u017eete ponuditi svom konju. Super mekani zra\u010dni jastuci u stalnom su kontaktu s gibljivim le\u0111nim mi\u0161i\u0107ima va\u0161eg konja. Pru\u017eaju potpunu udobnost zbog ravnomjernog i ni\u017eeg pritiska u kombinaciji s najboljom apsorpcijom udaraca.   S CAIR sustavom va\u0161 \u0107e konj reagirati sa slobodom kretanja koju mo\u017eete osjetiti.<\/p>\n<p dir=\"ltr\" data-placeholder=\"Translation\"><strong>EASY-CHANGE Fit Solution<\/strong> \u2013 Kada je va\u0161 konj va\u0161 svijet, razumijemo va\u0161u potrebu za potpunim jamstvom savr\u0161enog rje\u0161enja sada i u budu\u0107nosti. Opustite se uz povjerenje u potpunu prilagodljivost sedla. S najve\u0107im rasponom prilagodbe koji je mjerljiv, simetri\u010dan i potpuno reverzibilan. Tako znate da svom konju dajete sve s rje\u0161enjem <strong>zamjenjivih sedlenih lukova.<\/strong>   <\/p>\n","protected":false},"excerpt":{"rendered":"<p><span class=\"Y2IQFc\" lang=\"sl\"><strong>Skaka\u010dko sedlo WINTEC 500 Close Contact HART<\/strong> &#8211; jaha\u010di \u0107e biti spremni presko\u010diti bilo koju prepreku uz potpunu slobodu kretanja. <\/span><\/p>\n","protected":false},"featured_media":104421,"template":"","meta":{"footnotes":""},"product_brand":[],"product_cat":[5624,5940,6936],"product_tag":[],"class_list":{"0":"post-104419","1":"product","2":"type-product","3":"status-publish","4":"has-post-thumbnail","6":"product_cat-konj-hr","7":"product_cat-sedla-hr","8":"product_cat-skakacka-sedla","10":"first","11":"onbackorder","12":"sale","13":"shipping-taxable","14":"purchasable","15":"product-type-variable"},"yoast_head":"<!-- This site is optimized with the Yoast SEO plugin v27.4 - https:\/\/yoast.com\/product\/yoast-seo-wordpress\/ -->\n<title>Skaka\u010dko sedlo WINTEC 500 Close Contact HART -<\/title>\n<meta name=\"description\" content=\"Skaka\u010dko sedlo WINTEC 500 Close Contact HART - jaha\u010di \u0107e biti spremni presko\u010diti bilo koju prepreku uz potpunu slobodu kretanja.\" \/>\n<meta name=\"robots\" content=\"index, follow, max-snippet:-1, max-image-preview:large, max-video-preview:-1\" \/>\n<link rel=\"canonical\" href=\"https:\/\/clair.si\/hr\/izdelek\/skakacko-sedlo-wintec-500-close-contact-hart\/\" \/>\n<meta property=\"og:locale\" content=\"hr_HR\" \/>\n<meta property=\"og:type\" content=\"article\" \/>\n<meta property=\"og:title\" content=\"Skaka\u010dko sedlo WINTEC 500 Close Contact HART -\" \/>\n<meta property=\"og:description\" content=\"Skaka\u010dko sedlo WINTEC 500 Close Contact HART - jaha\u010di \u0107e biti spremni presko\u010diti bilo koju prepreku uz potpunu slobodu kretanja.\" \/>\n<meta property=\"og:url\" content=\"https:\/\/clair.si\/hr\/izdelek\/skakacko-sedlo-wintec-500-close-contact-hart\/\" \/>\n<meta property=\"og:site_name\" content=\"Clair\" \/>\n<meta property=\"article:publisher\" content=\"https:\/\/www.facebook.com\/TrgovinaClair\/\" \/>\n<meta property=\"article:modified_time\" content=\"2025-08-28T04:55:07+00:00\" \/>\n<meta property=\"og:image\" content=\"https:\/\/clair.si\/wp-content\/uploads\/2022\/06\/wintec-500-close-contact-hart-sedlo.jpg\" \/>\n\t<meta property=\"og:image:width\" content=\"800\" \/>\n\t<meta property=\"og:image:height\" content=\"800\" \/>\n\t<meta property=\"og:image:type\" content=\"image\/jpeg\" \/>\n<meta name=\"twitter:card\" content=\"summary_large_image\" \/>\n<meta name=\"twitter:label1\" content=\"Procijenjeno vrijeme \u010ditanja\" \/>\n\t<meta name=\"twitter:data1\" content=\"2 minute\" \/>\n<script type=\"application\/ld+json\" class=\"yoast-schema-graph\">{\"@context\":\"https:\\\/\\\/schema.org\",\"@graph\":[{\"@type\":\"WebPage\",\"@id\":\"https:\\\/\\\/clair.si\\\/hr\\\/izdelek\\\/skakacko-sedlo-wintec-500-close-contact-hart\\\/\",\"url\":\"https:\\\/\\\/clair.si\\\/hr\\\/izdelek\\\/skakacko-sedlo-wintec-500-close-contact-hart\\\/\",\"name\":\"Skaka\u010dko sedlo WINTEC 500 Close Contact HART -\",\"isPartOf\":{\"@id\":\"https:\\\/\\\/clair.si\\\/#website\"},\"primaryImageOfPage\":{\"@id\":\"https:\\\/\\\/clair.si\\\/hr\\\/izdelek\\\/skakacko-sedlo-wintec-500-close-contact-hart\\\/#primaryimage\"},\"image\":{\"@id\":\"https:\\\/\\\/clair.si\\\/hr\\\/izdelek\\\/skakacko-sedlo-wintec-500-close-contact-hart\\\/#primaryimage\"},\"thumbnailUrl\":\"https:\\\/\\\/clair.si\\\/wp-content\\\/uploads\\\/2022\\\/06\\\/wintec-500-close-contact-hart-sedlo.webp\",\"datePublished\":\"2022-06-09T15:31:37+00:00\",\"dateModified\":\"2025-08-28T04:55:07+00:00\",\"description\":\"Skaka\u010dko sedlo WINTEC 500 Close Contact HART - jaha\u010di \u0107e biti spremni presko\u010diti bilo koju prepreku uz potpunu slobodu kretanja.\",\"breadcrumb\":{\"@id\":\"https:\\\/\\\/clair.si\\\/hr\\\/izdelek\\\/skakacko-sedlo-wintec-500-close-contact-hart\\\/#breadcrumb\"},\"inLanguage\":\"hr\",\"potentialAction\":[{\"@type\":\"ReadAction\",\"target\":[\"https:\\\/\\\/clair.si\\\/hr\\\/izdelek\\\/skakacko-sedlo-wintec-500-close-contact-hart\\\/\"]}]},{\"@type\":\"ImageObject\",\"inLanguage\":\"hr\",\"@id\":\"https:\\\/\\\/clair.si\\\/hr\\\/izdelek\\\/skakacko-sedlo-wintec-500-close-contact-hart\\\/#primaryimage\",\"url\":\"https:\\\/\\\/clair.si\\\/wp-content\\\/uploads\\\/2022\\\/06\\\/wintec-500-close-contact-hart-sedlo.webp\",\"contentUrl\":\"https:\\\/\\\/clair.si\\\/wp-content\\\/uploads\\\/2022\\\/06\\\/wintec-500-close-contact-hart-sedlo.webp\",\"width\":800,\"height\":800,\"caption\":\"Skakalno sedlo Wintec 500 close contact hart.\"},{\"@type\":\"BreadcrumbList\",\"@id\":\"https:\\\/\\\/clair.si\\\/hr\\\/izdelek\\\/skakacko-sedlo-wintec-500-close-contact-hart\\\/#breadcrumb\",\"itemListElement\":[{\"@type\":\"ListItem\",\"position\":1,\"name\":\"Home\",\"item\":\"https:\\\/\\\/clair.si\\\/hr\\\/\"},{\"@type\":\"ListItem\",\"position\":2,\"name\":\"Trgovina\",\"item\":\"https:\\\/\\\/clair.si\\\/trgovina\\\/\"},{\"@type\":\"ListItem\",\"position\":3,\"name\":\"Skaka\u010dko sedlo WINTEC 500 Close Contact HART\"}]},{\"@type\":\"WebSite\",\"@id\":\"https:\\\/\\\/clair.si\\\/#website\",\"url\":\"https:\\\/\\\/clair.si\\\/\",\"name\":\"Clair\",\"description\":\"Trgovina s konjeni\u0161ko opremo\",\"publisher\":{\"@id\":\"https:\\\/\\\/clair.si\\\/#organization\"},\"potentialAction\":[{\"@type\":\"SearchAction\",\"target\":{\"@type\":\"EntryPoint\",\"urlTemplate\":\"https:\\\/\\\/clair.si\\\/?s={search_term_string}\"},\"query-input\":{\"@type\":\"PropertyValueSpecification\",\"valueRequired\":true,\"valueName\":\"search_term_string\"}}],\"inLanguage\":\"hr\"},{\"@type\":\"Organization\",\"@id\":\"https:\\\/\\\/clair.si\\\/#organization\",\"name\":\"Clair\",\"url\":\"https:\\\/\\\/clair.si\\\/\",\"logo\":{\"@type\":\"ImageObject\",\"inLanguage\":\"hr\",\"@id\":\"https:\\\/\\\/clair.si\\\/#\\\/schema\\\/logo\\\/image\\\/\",\"url\":\"https:\\\/\\\/clair.si\\\/wp-content\\\/uploads\\\/2022\\\/11\\\/clair_logo_2022.jpg\",\"contentUrl\":\"https:\\\/\\\/clair.si\\\/wp-content\\\/uploads\\\/2022\\\/11\\\/clair_logo_2022.jpg\",\"width\":1920,\"height\":1920,\"caption\":\"Clair\"},\"image\":{\"@id\":\"https:\\\/\\\/clair.si\\\/#\\\/schema\\\/logo\\\/image\\\/\"},\"sameAs\":[\"https:\\\/\\\/www.facebook.com\\\/TrgovinaClair\\\/\"]}]}<\/script>\n<!-- \/ Yoast SEO plugin. -->","yoast_head_json":{"title":"Skaka\u010dko sedlo WINTEC 500 Close Contact HART -","description":"Skaka\u010dko sedlo WINTEC 500 Close Contact HART - jaha\u010di \u0107e biti spremni presko\u010diti bilo koju prepreku uz potpunu slobodu kretanja.","robots":{"index":"index","follow":"follow","max-snippet":"max-snippet:-1","max-image-preview":"max-image-preview:large","max-video-preview":"max-video-preview:-1"},"canonical":"https:\/\/clair.si\/hr\/izdelek\/skakacko-sedlo-wintec-500-close-contact-hart\/","og_locale":"hr_HR","og_type":"article","og_title":"Skaka\u010dko sedlo WINTEC 500 Close Contact HART -","og_description":"Skaka\u010dko sedlo WINTEC 500 Close Contact HART - jaha\u010di \u0107e biti spremni presko\u010diti bilo koju prepreku uz potpunu slobodu kretanja.","og_url":"https:\/\/clair.si\/hr\/izdelek\/skakacko-sedlo-wintec-500-close-contact-hart\/","og_site_name":"Clair","article_publisher":"https:\/\/www.facebook.com\/TrgovinaClair\/","article_modified_time":"2025-08-28T04:55:07+00:00","og_image":[{"width":800,"height":800,"url":"https:\/\/clair.si\/wp-content\/uploads\/2022\/06\/wintec-500-close-contact-hart-sedlo.jpg","type":"image\/jpeg"}],"twitter_card":"summary_large_image","twitter_misc":{"Procijenjeno vrijeme \u010ditanja":"2 minute"},"schema":{"@context":"https:\/\/schema.org","@graph":[{"@type":"WebPage","@id":"https:\/\/clair.si\/hr\/izdelek\/skakacko-sedlo-wintec-500-close-contact-hart\/","url":"https:\/\/clair.si\/hr\/izdelek\/skakacko-sedlo-wintec-500-close-contact-hart\/","name":"Skaka\u010dko sedlo WINTEC 500 Close Contact HART -","isPartOf":{"@id":"https:\/\/clair.si\/#website"},"primaryImageOfPage":{"@id":"https:\/\/clair.si\/hr\/izdelek\/skakacko-sedlo-wintec-500-close-contact-hart\/#primaryimage"},"image":{"@id":"https:\/\/clair.si\/hr\/izdelek\/skakacko-sedlo-wintec-500-close-contact-hart\/#primaryimage"},"thumbnailUrl":"https:\/\/clair.si\/wp-content\/uploads\/2022\/06\/wintec-500-close-contact-hart-sedlo.webp","datePublished":"2022-06-09T15:31:37+00:00","dateModified":"2025-08-28T04:55:07+00:00","description":"Skaka\u010dko sedlo WINTEC 500 Close Contact HART - jaha\u010di \u0107e biti spremni presko\u010diti bilo koju prepreku uz potpunu slobodu kretanja.","breadcrumb":{"@id":"https:\/\/clair.si\/hr\/izdelek\/skakacko-sedlo-wintec-500-close-contact-hart\/#breadcrumb"},"inLanguage":"hr","potentialAction":[{"@type":"ReadAction","target":["https:\/\/clair.si\/hr\/izdelek\/skakacko-sedlo-wintec-500-close-contact-hart\/"]}]},{"@type":"ImageObject","inLanguage":"hr","@id":"https:\/\/clair.si\/hr\/izdelek\/skakacko-sedlo-wintec-500-close-contact-hart\/#primaryimage","url":"https:\/\/clair.si\/wp-content\/uploads\/2022\/06\/wintec-500-close-contact-hart-sedlo.webp","contentUrl":"https:\/\/clair.si\/wp-content\/uploads\/2022\/06\/wintec-500-close-contact-hart-sedlo.webp","width":800,"height":800,"caption":"Skakalno sedlo Wintec 500 close contact hart."},{"@type":"BreadcrumbList","@id":"https:\/\/clair.si\/hr\/izdelek\/skakacko-sedlo-wintec-500-close-contact-hart\/#breadcrumb","itemListElement":[{"@type":"ListItem","position":1,"name":"Home","item":"https:\/\/clair.si\/hr\/"},{"@type":"ListItem","position":2,"name":"Trgovina","item":"https:\/\/clair.si\/trgovina\/"},{"@type":"ListItem","position":3,"name":"Skaka\u010dko sedlo WINTEC 500 Close Contact HART"}]},{"@type":"WebSite","@id":"https:\/\/clair.si\/#website","url":"https:\/\/clair.si\/","name":"Clair","description":"Trgovina s konjeni\u0161ko opremo","publisher":{"@id":"https:\/\/clair.si\/#organization"},"potentialAction":[{"@type":"SearchAction","target":{"@type":"EntryPoint","urlTemplate":"https:\/\/clair.si\/?s={search_term_string}"},"query-input":{"@type":"PropertyValueSpecification","valueRequired":true,"valueName":"search_term_string"}}],"inLanguage":"hr"},{"@type":"Organization","@id":"https:\/\/clair.si\/#organization","name":"Clair","url":"https:\/\/clair.si\/","logo":{"@type":"ImageObject","inLanguage":"hr","@id":"https:\/\/clair.si\/#\/schema\/logo\/image\/","url":"https:\/\/clair.si\/wp-content\/uploads\/2022\/11\/clair_logo_2022.jpg","contentUrl":"https:\/\/clair.si\/wp-content\/uploads\/2022\/11\/clair_logo_2022.jpg","width":1920,"height":1920,"caption":"Clair"},"image":{"@id":"https:\/\/clair.si\/#\/schema\/logo\/image\/"},"sameAs":["https:\/\/www.facebook.com\/TrgovinaClair\/"]}]}},"_links":{"self":[{"href":"https:\/\/clair.si\/hr\/wp-json\/wp\/v2\/product\/104419","targetHints":{"allow":["GET"]}}],"collection":[{"href":"https:\/\/clair.si\/hr\/wp-json\/wp\/v2\/product"}],"about":[{"href":"https:\/\/clair.si\/hr\/wp-json\/wp\/v2\/types\/product"}],"version-history":[{"count":0,"href":"https:\/\/clair.si\/hr\/wp-json\/wp\/v2\/product\/104419\/revisions"}],"wp:featuredmedia":[{"embeddable":true,"href":"https:\/\/clair.si\/hr\/wp-json\/wp\/v2\/media\/104421"}],"wp:attachment":[{"href":"https:\/\/clair.si\/hr\/wp-json\/wp\/v2\/media?parent=104419"}],"wp:term":[{"taxonomy":"product_brand","embeddable":true,"href":"https:\/\/clair.si\/hr\/wp-json\/wp\/v2\/product_brand?post=104419"},{"taxonomy":"product_cat","embeddable":true,"href":"https:\/\/clair.si\/hr\/wp-json\/wp\/v2\/product_cat?post=104419"},{"taxonomy":"product_tag","embeddable":true,"href":"https:\/\/clair.si\/hr\/wp-json\/wp\/v2\/product_tag?post=104419"}],"curies":[{"name":"wp","href":"https:\/\/api.w.org\/{rel}","templated":true}]}}