{"id":104426,"date":"2022-06-09T17:37:52","date_gmt":"2022-06-09T15:37:52","guid":{"rendered":"https:\/\/clair.si\/izdelek\/skakacko-sedlo-wintec-pro-jump-pony\/"},"modified":"2025-08-28T06:55:09","modified_gmt":"2025-08-28T04:55:09","slug":"skakacko-sedlo-wintec-pro-jump-pony","status":"publish","type":"product","link":"https:\/\/clair.si\/hr\/izdelek\/skakacko-sedlo-wintec-pro-jump-pony\/","title":{"rendered":"Skaka\u010dko sedlo WINTEC PRO Jump Pony"},"content":{"rendered":"<div id=\"tw-target-text-container\" class=\"tw-ta-container F0azHf tw-nfl\" tabindex=\"0\">\n<p id=\"tw-target-text\" class=\"tw-data-text tw-text-large tw-ta\" dir=\"ltr\" data-placeholder=\"Translation\"><span class=\"Y2IQFc\" lang=\"sl\"><strong><a href=\"https:\/\/clair.si\/hr\/kategorija\/skakacka-sedla\/\">Sinteti\u010dko skaka\u010dko sedlo<\/a> WINTEC PRO Jump Pony 16&#8243; <\/strong>mladim jaha\u010dima nudi sigurnost, dobrobit i tako \u0107e se samouvjereno upustiti u bilo koji parkur, jer iznimno mekano duboko sjedalo osigurava savr\u0161en oprijem za potporu njihove ravnote\u017ee, a da pritom ne ograni\u010dava njihovo kretanje. <\/span><\/p>\n<p class=\"tw-data-text tw-text-large tw-ta\" dir=\"ltr\" data-placeholder=\"Translation\"><span class=\"Y2IQFc\" lang=\"sl\">U ovom sedlu \u0107e njihova noga, zahvaljuju\u0107i FlexiBlock sustavu, lako prona\u0107i prirodan polo\u017eaj, a njihov kontakt i komunikacija s konjem postat \u0107e jednostavno lagani. <\/span><\/p>\n<p class=\"tw-data-text tw-text-large tw-ta\" dir=\"ltr\" data-placeholder=\"Translation\"><span class=\"Y2IQFc\" lang=\"sl\">Za jaha\u010devog ponija Wintec je stvorio super mekane sedelne jastuke te fleksibilnu sedelnu konstrukciju koja se prilago\u0111ava mi\u0161i\u0107ima ponijevih le\u0111a pri svakom koraku i omogu\u0107uje im lagano kretanje.<\/span><\/p>\n<p><strong>Elastiflex sedlena osnova<\/strong> \u2013 zamislite udobnost sedlene osnove sa sposobno\u0161\u0107u savijanja i pomicanja sa svakim konjevim korakom. Kralje\u017enica va\u0161eg konja za\u0161ti\u0107ena je od udarnih sila, dok bo\u010dna fleksija omogu\u0107uje da le\u0111a va\u0161eg konja zanji\u0161u i kre\u0107u se neometano i prirodno. Elastiflex sedlena osnova izra\u0111ena je od simetri\u010dnih materijala, izuzetno je lagana i sna\u017ena te za\u0161ti\u0107ena od loma ili uvijanja.   S HART tehnologijom ste u sigurnim rukama u sedlu.<\/p>\n<p><strong>Sustav sedlenih jastuka CAIR<\/strong> \u2013 vjerujte jednostavno u najbolju za\u0161titu koju mo\u017eete ponuditi svom konju. Super mekani zra\u010dni jastuci u stalnom su kontaktu s gibljivim le\u0111nim mi\u0161i\u0107ima va\u0161eg konja. Pru\u017eaju potpunu udobnost zbog ravnomjernog i ni\u017eeg pritiska u kombinaciji s najboljom apsorpcijom udaraca.   S CAIR sustavom va\u0161 \u0107e konj reagirati sa slobodom kretanja koju mo\u017eete osjetiti.<\/p>\n<p><strong>EASY-CHANGE Fit Solution<\/strong> \u2013 Kada je va\u0161 konj va\u0161 svijet, razumijemo va\u0161u potrebu za potpunim jamstvom savr\u0161enog rje\u0161enja sada i u budu\u0107nosti. Opustite se s povjerenjem u potpunu prilagodljivost sedla. S najve\u0107im opsegom prilagodbe koji je mjerljiv, simetri\u010dan i potpuno reverzibilan. Tako znate da svom konju dajete sve s rje\u0161enjem <strong>zamjenjivih sedlenih lukova<\/strong>.   <\/p>\n<\/div>\n","protected":false},"excerpt":{"rendered":"<p><strong><span class=\"Y2IQFc\" lang=\"sl\">Mladi jaha\u010di se u ovom sedlu osje\u0107aju sigurno i samouvjereno! <\/span><\/strong><span class=\"Y2IQFc\" lang=\"sl\">Za njihovog ponija Wintec je stvorio super mekane sedelne jastuke te fleksibilnu sedelnu konstrukciju koja se prilago\u0111ava mi\u0161i\u0107ima le\u0111a pri svakom koraku i omogu\u0107uje im lagano kretanje.<\/span><strong><span class=\"Y2IQFc\" lang=\"sl\"><br \/>\n<\/span><\/strong><\/p>\n","protected":false},"featured_media":104428,"template":"","meta":{"footnotes":""},"product_brand":[],"product_cat":[5657,5624,5940,6024,6936],"product_tag":[],"class_list":{"0":"post-104426","1":"product","2":"type-product","3":"status-publish","4":"has-post-thumbnail","6":"product_cat-kategorije-hr","7":"product_cat-konj-hr","8":"product_cat-sedla-hr","9":"product_cat-sedla-za-ponije-hr","10":"product_cat-skakacka-sedla","12":"first","13":"onbackorder","14":"sale","15":"shipping-taxable","16":"purchasable","17":"product-type-simple"},"yoast_head":"<!-- This site is optimized with the Yoast SEO plugin v27.4 - https:\/\/yoast.com\/product\/yoast-seo-wordpress\/ -->\n<title>Skaka\u010dko sedlo WINTEC PRO Jump Pony - Clair<\/title>\n<meta name=\"description\" content=\"Skaka\u010dko sedlo WINTEC PRO Jump Pony mladim jaha\u010dima nudi sigurnost, dobrobit i tako \u0107e se samouvjereno upustiti u bilo koji parkur.\" \/>\n<meta name=\"robots\" content=\"index, follow, max-snippet:-1, max-image-preview:large, max-video-preview:-1\" \/>\n<link rel=\"canonical\" href=\"https:\/\/clair.si\/hr\/izdelek\/skakacko-sedlo-wintec-pro-jump-pony\/\" \/>\n<meta property=\"og:locale\" content=\"hr_HR\" \/>\n<meta property=\"og:type\" content=\"article\" \/>\n<meta property=\"og:title\" content=\"Skaka\u010dko sedlo WINTEC PRO Jump Pony - Clair\" \/>\n<meta property=\"og:description\" content=\"Skaka\u010dko sedlo WINTEC PRO Jump Pony mladim jaha\u010dima nudi sigurnost, dobrobit i tako \u0107e se samouvjereno upustiti u bilo koji parkur.\" \/>\n<meta property=\"og:url\" content=\"https:\/\/clair.si\/hr\/izdelek\/skakacko-sedlo-wintec-pro-jump-pony\/\" \/>\n<meta property=\"og:site_name\" content=\"Clair\" \/>\n<meta property=\"article:publisher\" content=\"https:\/\/www.facebook.com\/TrgovinaClair\/\" \/>\n<meta property=\"article:modified_time\" content=\"2025-08-28T04:55:09+00:00\" \/>\n<meta property=\"og:image\" content=\"https:\/\/clair.si\/wp-content\/uploads\/2022\/06\/wintec-pro-jump-pony-sedlo.jpg\" \/>\n\t<meta property=\"og:image:width\" content=\"800\" \/>\n\t<meta property=\"og:image:height\" content=\"800\" \/>\n\t<meta property=\"og:image:type\" content=\"image\/jpeg\" \/>\n<meta name=\"twitter:card\" content=\"summary_large_image\" \/>\n<meta name=\"twitter:label1\" content=\"Procijenjeno vrijeme \u010ditanja\" \/>\n\t<meta name=\"twitter:data1\" content=\"2 minute\" \/>\n<script type=\"application\/ld+json\" class=\"yoast-schema-graph\">{\"@context\":\"https:\\\/\\\/schema.org\",\"@graph\":[{\"@type\":\"WebPage\",\"@id\":\"https:\\\/\\\/clair.si\\\/hr\\\/izdelek\\\/skakacko-sedlo-wintec-pro-jump-pony\\\/\",\"url\":\"https:\\\/\\\/clair.si\\\/hr\\\/izdelek\\\/skakacko-sedlo-wintec-pro-jump-pony\\\/\",\"name\":\"Skaka\u010dko sedlo WINTEC PRO Jump Pony - Clair\",\"isPartOf\":{\"@id\":\"https:\\\/\\\/clair.si\\\/#website\"},\"primaryImageOfPage\":{\"@id\":\"https:\\\/\\\/clair.si\\\/hr\\\/izdelek\\\/skakacko-sedlo-wintec-pro-jump-pony\\\/#primaryimage\"},\"image\":{\"@id\":\"https:\\\/\\\/clair.si\\\/hr\\\/izdelek\\\/skakacko-sedlo-wintec-pro-jump-pony\\\/#primaryimage\"},\"thumbnailUrl\":\"https:\\\/\\\/clair.si\\\/wp-content\\\/uploads\\\/2022\\\/06\\\/wintec-pro-jump-pony-sedlo.webp\",\"datePublished\":\"2022-06-09T15:37:52+00:00\",\"dateModified\":\"2025-08-28T04:55:09+00:00\",\"description\":\"Skaka\u010dko sedlo WINTEC PRO Jump Pony mladim jaha\u010dima nudi sigurnost, dobrobit i tako \u0107e se samouvjereno upustiti u bilo koji parkur.\",\"breadcrumb\":{\"@id\":\"https:\\\/\\\/clair.si\\\/hr\\\/izdelek\\\/skakacko-sedlo-wintec-pro-jump-pony\\\/#breadcrumb\"},\"inLanguage\":\"hr\",\"potentialAction\":[{\"@type\":\"ReadAction\",\"target\":[\"https:\\\/\\\/clair.si\\\/hr\\\/izdelek\\\/skakacko-sedlo-wintec-pro-jump-pony\\\/\"]}]},{\"@type\":\"ImageObject\",\"inLanguage\":\"hr\",\"@id\":\"https:\\\/\\\/clair.si\\\/hr\\\/izdelek\\\/skakacko-sedlo-wintec-pro-jump-pony\\\/#primaryimage\",\"url\":\"https:\\\/\\\/clair.si\\\/wp-content\\\/uploads\\\/2022\\\/06\\\/wintec-pro-jump-pony-sedlo.webp\",\"contentUrl\":\"https:\\\/\\\/clair.si\\\/wp-content\\\/uploads\\\/2022\\\/06\\\/wintec-pro-jump-pony-sedlo.webp\",\"width\":800,\"height\":800,\"caption\":\"Wintec Pro Jump Pony skakalno sedlo.\"},{\"@type\":\"BreadcrumbList\",\"@id\":\"https:\\\/\\\/clair.si\\\/hr\\\/izdelek\\\/skakacko-sedlo-wintec-pro-jump-pony\\\/#breadcrumb\",\"itemListElement\":[{\"@type\":\"ListItem\",\"position\":1,\"name\":\"Home\",\"item\":\"https:\\\/\\\/clair.si\\\/hr\\\/\"},{\"@type\":\"ListItem\",\"position\":2,\"name\":\"Trgovina\",\"item\":\"https:\\\/\\\/clair.si\\\/trgovina\\\/\"},{\"@type\":\"ListItem\",\"position\":3,\"name\":\"Skaka\u010dko sedlo WINTEC PRO Jump Pony\"}]},{\"@type\":\"WebSite\",\"@id\":\"https:\\\/\\\/clair.si\\\/#website\",\"url\":\"https:\\\/\\\/clair.si\\\/\",\"name\":\"Clair\",\"description\":\"Trgovina s konjeni\u0161ko opremo\",\"publisher\":{\"@id\":\"https:\\\/\\\/clair.si\\\/#organization\"},\"potentialAction\":[{\"@type\":\"SearchAction\",\"target\":{\"@type\":\"EntryPoint\",\"urlTemplate\":\"https:\\\/\\\/clair.si\\\/?s={search_term_string}\"},\"query-input\":{\"@type\":\"PropertyValueSpecification\",\"valueRequired\":true,\"valueName\":\"search_term_string\"}}],\"inLanguage\":\"hr\"},{\"@type\":\"Organization\",\"@id\":\"https:\\\/\\\/clair.si\\\/#organization\",\"name\":\"Clair\",\"url\":\"https:\\\/\\\/clair.si\\\/\",\"logo\":{\"@type\":\"ImageObject\",\"inLanguage\":\"hr\",\"@id\":\"https:\\\/\\\/clair.si\\\/#\\\/schema\\\/logo\\\/image\\\/\",\"url\":\"https:\\\/\\\/clair.si\\\/wp-content\\\/uploads\\\/2022\\\/11\\\/clair_logo_2022.jpg\",\"contentUrl\":\"https:\\\/\\\/clair.si\\\/wp-content\\\/uploads\\\/2022\\\/11\\\/clair_logo_2022.jpg\",\"width\":1920,\"height\":1920,\"caption\":\"Clair\"},\"image\":{\"@id\":\"https:\\\/\\\/clair.si\\\/#\\\/schema\\\/logo\\\/image\\\/\"},\"sameAs\":[\"https:\\\/\\\/www.facebook.com\\\/TrgovinaClair\\\/\"]}]}<\/script>\n<!-- \/ Yoast SEO plugin. -->","yoast_head_json":{"title":"Skaka\u010dko sedlo WINTEC PRO Jump Pony - Clair","description":"Skaka\u010dko sedlo WINTEC PRO Jump Pony mladim jaha\u010dima nudi sigurnost, dobrobit i tako \u0107e se samouvjereno upustiti u bilo koji parkur.","robots":{"index":"index","follow":"follow","max-snippet":"max-snippet:-1","max-image-preview":"max-image-preview:large","max-video-preview":"max-video-preview:-1"},"canonical":"https:\/\/clair.si\/hr\/izdelek\/skakacko-sedlo-wintec-pro-jump-pony\/","og_locale":"hr_HR","og_type":"article","og_title":"Skaka\u010dko sedlo WINTEC PRO Jump Pony - Clair","og_description":"Skaka\u010dko sedlo WINTEC PRO Jump Pony mladim jaha\u010dima nudi sigurnost, dobrobit i tako \u0107e se samouvjereno upustiti u bilo koji parkur.","og_url":"https:\/\/clair.si\/hr\/izdelek\/skakacko-sedlo-wintec-pro-jump-pony\/","og_site_name":"Clair","article_publisher":"https:\/\/www.facebook.com\/TrgovinaClair\/","article_modified_time":"2025-08-28T04:55:09+00:00","og_image":[{"width":800,"height":800,"url":"https:\/\/clair.si\/wp-content\/uploads\/2022\/06\/wintec-pro-jump-pony-sedlo.jpg","type":"image\/jpeg"}],"twitter_card":"summary_large_image","twitter_misc":{"Procijenjeno vrijeme \u010ditanja":"2 minute"},"schema":{"@context":"https:\/\/schema.org","@graph":[{"@type":"WebPage","@id":"https:\/\/clair.si\/hr\/izdelek\/skakacko-sedlo-wintec-pro-jump-pony\/","url":"https:\/\/clair.si\/hr\/izdelek\/skakacko-sedlo-wintec-pro-jump-pony\/","name":"Skaka\u010dko sedlo WINTEC PRO Jump Pony - Clair","isPartOf":{"@id":"https:\/\/clair.si\/#website"},"primaryImageOfPage":{"@id":"https:\/\/clair.si\/hr\/izdelek\/skakacko-sedlo-wintec-pro-jump-pony\/#primaryimage"},"image":{"@id":"https:\/\/clair.si\/hr\/izdelek\/skakacko-sedlo-wintec-pro-jump-pony\/#primaryimage"},"thumbnailUrl":"https:\/\/clair.si\/wp-content\/uploads\/2022\/06\/wintec-pro-jump-pony-sedlo.webp","datePublished":"2022-06-09T15:37:52+00:00","dateModified":"2025-08-28T04:55:09+00:00","description":"Skaka\u010dko sedlo WINTEC PRO Jump Pony mladim jaha\u010dima nudi sigurnost, dobrobit i tako \u0107e se samouvjereno upustiti u bilo koji parkur.","breadcrumb":{"@id":"https:\/\/clair.si\/hr\/izdelek\/skakacko-sedlo-wintec-pro-jump-pony\/#breadcrumb"},"inLanguage":"hr","potentialAction":[{"@type":"ReadAction","target":["https:\/\/clair.si\/hr\/izdelek\/skakacko-sedlo-wintec-pro-jump-pony\/"]}]},{"@type":"ImageObject","inLanguage":"hr","@id":"https:\/\/clair.si\/hr\/izdelek\/skakacko-sedlo-wintec-pro-jump-pony\/#primaryimage","url":"https:\/\/clair.si\/wp-content\/uploads\/2022\/06\/wintec-pro-jump-pony-sedlo.webp","contentUrl":"https:\/\/clair.si\/wp-content\/uploads\/2022\/06\/wintec-pro-jump-pony-sedlo.webp","width":800,"height":800,"caption":"Wintec Pro Jump Pony skakalno sedlo."},{"@type":"BreadcrumbList","@id":"https:\/\/clair.si\/hr\/izdelek\/skakacko-sedlo-wintec-pro-jump-pony\/#breadcrumb","itemListElement":[{"@type":"ListItem","position":1,"name":"Home","item":"https:\/\/clair.si\/hr\/"},{"@type":"ListItem","position":2,"name":"Trgovina","item":"https:\/\/clair.si\/trgovina\/"},{"@type":"ListItem","position":3,"name":"Skaka\u010dko sedlo WINTEC PRO Jump Pony"}]},{"@type":"WebSite","@id":"https:\/\/clair.si\/#website","url":"https:\/\/clair.si\/","name":"Clair","description":"Trgovina s konjeni\u0161ko opremo","publisher":{"@id":"https:\/\/clair.si\/#organization"},"potentialAction":[{"@type":"SearchAction","target":{"@type":"EntryPoint","urlTemplate":"https:\/\/clair.si\/?s={search_term_string}"},"query-input":{"@type":"PropertyValueSpecification","valueRequired":true,"valueName":"search_term_string"}}],"inLanguage":"hr"},{"@type":"Organization","@id":"https:\/\/clair.si\/#organization","name":"Clair","url":"https:\/\/clair.si\/","logo":{"@type":"ImageObject","inLanguage":"hr","@id":"https:\/\/clair.si\/#\/schema\/logo\/image\/","url":"https:\/\/clair.si\/wp-content\/uploads\/2022\/11\/clair_logo_2022.jpg","contentUrl":"https:\/\/clair.si\/wp-content\/uploads\/2022\/11\/clair_logo_2022.jpg","width":1920,"height":1920,"caption":"Clair"},"image":{"@id":"https:\/\/clair.si\/#\/schema\/logo\/image\/"},"sameAs":["https:\/\/www.facebook.com\/TrgovinaClair\/"]}]}},"_links":{"self":[{"href":"https:\/\/clair.si\/hr\/wp-json\/wp\/v2\/product\/104426","targetHints":{"allow":["GET"]}}],"collection":[{"href":"https:\/\/clair.si\/hr\/wp-json\/wp\/v2\/product"}],"about":[{"href":"https:\/\/clair.si\/hr\/wp-json\/wp\/v2\/types\/product"}],"version-history":[{"count":0,"href":"https:\/\/clair.si\/hr\/wp-json\/wp\/v2\/product\/104426\/revisions"}],"wp:featuredmedia":[{"embeddable":true,"href":"https:\/\/clair.si\/hr\/wp-json\/wp\/v2\/media\/104428"}],"wp:attachment":[{"href":"https:\/\/clair.si\/hr\/wp-json\/wp\/v2\/media?parent=104426"}],"wp:term":[{"taxonomy":"product_brand","embeddable":true,"href":"https:\/\/clair.si\/hr\/wp-json\/wp\/v2\/product_brand?post=104426"},{"taxonomy":"product_cat","embeddable":true,"href":"https:\/\/clair.si\/hr\/wp-json\/wp\/v2\/product_cat?post=104426"},{"taxonomy":"product_tag","embeddable":true,"href":"https:\/\/clair.si\/hr\/wp-json\/wp\/v2\/product_tag?post=104426"}],"curies":[{"name":"wp","href":"https:\/\/api.w.org\/{rel}","templated":true}]}}