{"id":104447,"date":"2022-06-07T11:21:48","date_gmt":"2022-06-07T09:21:48","guid":{"rendered":"https:\/\/clair.si\/izdelek\/lizalni-kamen-equine-pro\/"},"modified":"2026-04-07T15:26:01","modified_gmt":"2026-04-07T13:26:01","slug":"lizalni-kamen-equine-pro","status":"publish","type":"product","link":"https:\/\/clair.si\/hr\/izdelek\/lizalni-kamen-equine-pro\/","title":{"rendered":"Kamen za lizanje Equine Pro"},"content":{"rendered":"<p><span class=\"VIiyi\" lang=\"sl\"><span class=\"JLqJ4b ChMk0b\" data-language-for-alternatives=\"sl\" data-language-to-translate-into=\"en\" data-phrase-index=\"0\" data-number-of-phrases=\"17\"><span class=\"Q4iAWc\"><strong>Kamen za lizanje za konje Equine Pro<\/strong> je mineralno-vitaminski kamen za lizanje koji i<\/span><\/span><span class=\"JLqJ4b ChMk0b\" data-language-for-alternatives=\"sl\" data-language-to-translate-into=\"en\" data-phrase-index=\"2\" data-number-of-phrases=\"17\"><span class=\"Q4iAWc\">zbolj\u0161ava rast i zdravlje kopita s sadr\u017eajem biotina. <\/span><\/span><span class=\"JLqJ4b ChMk0b\" data-language-for-alternatives=\"sl\" data-language-to-translate-into=\"en\" data-phrase-index=\"4\" data-number-of-phrases=\"17\"><span class=\"Q4iAWc\">Podr\u017eava i optimizira metabolizam, plodnost, krv, cirkulaciju i k<\/span><\/span><span class=\"JLqJ4b ChMk0b\" data-language-for-alternatives=\"sl\" data-language-to-translate-into=\"en\" data-phrase-index=\"6\" data-number-of-phrases=\"17\"><span class=\"Q4iAWc\">repi zglobove, tetive te vezivno tkivo.<\/span><\/span> <span class=\"JLqJ4b ChMk0b\" data-language-for-alternatives=\"sl\" data-language-to-translate-into=\"en\" data-phrase-index=\"8\" data-number-of-phrases=\"17\"><span class=\"Q4iAWc\">Pobolj\u0161ava ko\u017eu i dlaku, tako da poma\u017ee pri tvorbi keratina.<\/span><\/span> <span class=\"JLqJ4b ChMk0b\" data-language-for-alternatives=\"sl\" data-language-to-translate-into=\"en\" data-phrase-index=\"10\" data-number-of-phrases=\"17\"><span class=\"Q4iAWc\">Poma\u017ee ja\u010danju konjskog imunolo\u0161kog sustava<\/span><\/span>. <span class=\"JLqJ4b ChMk0b\" data-language-for-alternatives=\"sl\" data-language-to-translate-into=\"en\" data-phrase-index=\"12\" data-number-of-phrases=\"17\"><span class=\"Q4iAWc\">Pobolj\u0161ava performanse i dobrobit konja.<\/span><\/span><\/span><\/p>\n<p><span class=\"VIiyi\" lang=\"sl\"> <span class=\"JLqJ4b ChMk0b\" data-language-for-alternatives=\"sl\" data-language-to-translate-into=\"en\" data-phrase-index=\"14\" data-number-of-phrases=\"17\"><span class=\"Q4iAWc\">Zbog svog posebnog sastava, bogatog cinkom, kobaltom i selenom, kamen za lizanje Equine Pro idealno je rje\u0161enje za sprje\u010davanje problema s mi\u0161i\u0107ima, a istovremeno pozitivno djeluje na sna\u017ean i zdrav rast kopita te na kvalitetu ko\u017ee i grive.<\/span><\/span> <span class=\"JLqJ4b ChMk0b\" data-language-for-alternatives=\"sl\" data-language-to-translate-into=\"en\" data-phrase-index=\"16\" data-number-of-phrases=\"17\"><span class=\"Q4iAWc\">Poma\u017ee i pri tvorbi vitamina B12, koji je potreban za metabolizam hrane.<\/span><\/span><\/span><\/p>\n<p><strong>Sadr\u017ei:<\/strong> <em>natrij (Na) 34,8%, kalcij (Ca) 1,45%, magnezij (Mg) 1,5%, fosfor (P) 0,5%. Dodaci po kg: cinkov oksid 4000 mg, manganov oksid 2000mg, \u017eeljezov sulfat monohidrat (II) 1500 mg, bakrov sulfat pentahidrat 500mg, granuliran bezvodni kalcijev jodat 80 mg, prevu\u010den granuliran kobalt (II) karbonat 60mg, prevu\u010den granuliran natrijev selerit 10mg, vit. A 15000 I.E., vit. D3 2500 I.E., nikotinsku kiselinu 125 mg, kalcijev-D- pantotenat 110 mg, vit. B1 90 mg, vit. E 70 mg, vit B6 40 mg, biotin 25 mg, vit. B12 1,5mg      <\/em><em>.<\/em><\/p>\n<p>Uputa za hranjenje: zbog visoke vsebnosti dodatkov ta krmna me\u0161anica me sme presegati ve\u010d kot 1,5% dnevnega obroka. Kamen i vodo naj imajo \u017eivali na voljo. Priporo\u010damo en kamen na 1-5 konjev. Namestite ga v hlevu, na pa\u0161i, napajali\u0161\u010di in \/ali krmi\u0161\u010du. Pred krmljenjem odstranite etiketo iz kamna. Skladi\u0161\u010diti na hladnem in suhem mestu.     <\/p>\n","protected":false},"excerpt":{"rendered":"<p><strong>Te\u017eina: 3 kg<\/strong><\/p>\n","protected":false},"featured_media":104450,"template":"","meta":{"footnotes":""},"product_brand":[],"product_cat":[5782,5710,5712,5627],"product_tag":[],"class_list":{"0":"post-104447","1":"product","2":"type-product","3":"status-publish","4":"has-post-thumbnail","6":"product_cat-kolacici-i-kamenje-soli","7":"product_cat-hrana-za-konje-hr","8":"product_cat-prehrambeni-dodaci","9":"product_cat-stala-i-pasnjak","11":"first","12":"instock","13":"shipping-taxable","14":"purchasable","15":"product-type-simple"},"yoast_head":"<!-- This site is optimized with the Yoast SEO plugin v27.3 - https:\/\/yoast.com\/product\/yoast-seo-wordpress\/ -->\n<title>Kamen za lizanje Equine Pro - Clair<\/title>\n<meta name=\"description\" content=\"Zbog svog sastava, bogatog cinkom, kobaltom i selenom, kamen za lizanje Equine Pro idealno je rje\u0161enje za sprje\u010davanje problema s mi\u0161i\u0107ima.\" \/>\n<meta name=\"robots\" content=\"index, follow, max-snippet:-1, max-image-preview:large, max-video-preview:-1\" \/>\n<link rel=\"canonical\" href=\"https:\/\/clair.si\/hr\/izdelek\/lizalni-kamen-equine-pro\/\" \/>\n<meta property=\"og:locale\" content=\"hr_HR\" \/>\n<meta property=\"og:type\" content=\"article\" \/>\n<meta property=\"og:title\" content=\"Kamen za lizanje Equine Pro - Clair\" \/>\n<meta property=\"og:description\" content=\"Zbog svog sastava, bogatog cinkom, kobaltom i selenom, kamen za lizanje Equine Pro idealno je rje\u0161enje za sprje\u010davanje problema s mi\u0161i\u0107ima.\" \/>\n<meta property=\"og:url\" content=\"https:\/\/clair.si\/hr\/izdelek\/lizalni-kamen-equine-pro\/\" \/>\n<meta property=\"og:site_name\" content=\"Clair\" \/>\n<meta property=\"article:publisher\" content=\"https:\/\/www.facebook.com\/TrgovinaClair\/\" \/>\n<meta property=\"article:modified_time\" content=\"2026-04-07T13:26:01+00:00\" \/>\n<meta property=\"og:image\" content=\"https:\/\/clair.si\/wp-content\/uploads\/2022\/06\/lizalni-kamen-za-konje.jpg\" \/>\n\t<meta property=\"og:image:width\" content=\"1200\" \/>\n\t<meta property=\"og:image:height\" content=\"1200\" \/>\n\t<meta property=\"og:image:type\" content=\"image\/jpeg\" \/>\n<meta name=\"twitter:card\" content=\"summary_large_image\" \/>\n<meta name=\"twitter:label1\" content=\"Procijenjeno vrijeme \u010ditanja\" \/>\n\t<meta name=\"twitter:data1\" content=\"1 minuta\" \/>\n<script type=\"application\/ld+json\" class=\"yoast-schema-graph\">{\"@context\":\"https:\\\/\\\/schema.org\",\"@graph\":[{\"@type\":\"WebPage\",\"@id\":\"https:\\\/\\\/clair.si\\\/hr\\\/izdelek\\\/lizalni-kamen-equine-pro\\\/\",\"url\":\"https:\\\/\\\/clair.si\\\/hr\\\/izdelek\\\/lizalni-kamen-equine-pro\\\/\",\"name\":\"Kamen za lizanje Equine Pro - Clair\",\"isPartOf\":{\"@id\":\"https:\\\/\\\/clair.si\\\/#website\"},\"primaryImageOfPage\":{\"@id\":\"https:\\\/\\\/clair.si\\\/hr\\\/izdelek\\\/lizalni-kamen-equine-pro\\\/#primaryimage\"},\"image\":{\"@id\":\"https:\\\/\\\/clair.si\\\/hr\\\/izdelek\\\/lizalni-kamen-equine-pro\\\/#primaryimage\"},\"thumbnailUrl\":\"https:\\\/\\\/clair.si\\\/wp-content\\\/uploads\\\/2022\\\/06\\\/lizalni-kamen-za-konje.webp\",\"datePublished\":\"2022-06-07T09:21:48+00:00\",\"dateModified\":\"2026-04-07T13:26:01+00:00\",\"description\":\"Zbog svog sastava, bogatog cinkom, kobaltom i selenom, kamen za lizanje Equine Pro idealno je rje\u0161enje za sprje\u010davanje problema s mi\u0161i\u0107ima.\",\"breadcrumb\":{\"@id\":\"https:\\\/\\\/clair.si\\\/hr\\\/izdelek\\\/lizalni-kamen-equine-pro\\\/#breadcrumb\"},\"inLanguage\":\"hr\",\"potentialAction\":[{\"@type\":\"ReadAction\",\"target\":[\"https:\\\/\\\/clair.si\\\/hr\\\/izdelek\\\/lizalni-kamen-equine-pro\\\/\"]}]},{\"@type\":\"ImageObject\",\"inLanguage\":\"hr\",\"@id\":\"https:\\\/\\\/clair.si\\\/hr\\\/izdelek\\\/lizalni-kamen-equine-pro\\\/#primaryimage\",\"url\":\"https:\\\/\\\/clair.si\\\/wp-content\\\/uploads\\\/2022\\\/06\\\/lizalni-kamen-za-konje.webp\",\"contentUrl\":\"https:\\\/\\\/clair.si\\\/wp-content\\\/uploads\\\/2022\\\/06\\\/lizalni-kamen-za-konje.webp\",\"width\":1200,\"height\":1200,\"caption\":\"Mineralno vitaminski lizalni kamen za konje Equine Pro.\"},{\"@type\":\"BreadcrumbList\",\"@id\":\"https:\\\/\\\/clair.si\\\/hr\\\/izdelek\\\/lizalni-kamen-equine-pro\\\/#breadcrumb\",\"itemListElement\":[{\"@type\":\"ListItem\",\"position\":1,\"name\":\"Home\",\"item\":\"https:\\\/\\\/clair.si\\\/hr\\\/\"},{\"@type\":\"ListItem\",\"position\":2,\"name\":\"Trgovina\",\"item\":\"https:\\\/\\\/clair.si\\\/trgovina\\\/\"},{\"@type\":\"ListItem\",\"position\":3,\"name\":\"Kamen za lizanje Equine Pro\"}]},{\"@type\":\"WebSite\",\"@id\":\"https:\\\/\\\/clair.si\\\/#website\",\"url\":\"https:\\\/\\\/clair.si\\\/\",\"name\":\"Clair\",\"description\":\"Trgovina s konjeni\u0161ko opremo\",\"publisher\":{\"@id\":\"https:\\\/\\\/clair.si\\\/#organization\"},\"potentialAction\":[{\"@type\":\"SearchAction\",\"target\":{\"@type\":\"EntryPoint\",\"urlTemplate\":\"https:\\\/\\\/clair.si\\\/?s={search_term_string}\"},\"query-input\":{\"@type\":\"PropertyValueSpecification\",\"valueRequired\":true,\"valueName\":\"search_term_string\"}}],\"inLanguage\":\"hr\"},{\"@type\":\"Organization\",\"@id\":\"https:\\\/\\\/clair.si\\\/#organization\",\"name\":\"Clair\",\"url\":\"https:\\\/\\\/clair.si\\\/\",\"logo\":{\"@type\":\"ImageObject\",\"inLanguage\":\"hr\",\"@id\":\"https:\\\/\\\/clair.si\\\/#\\\/schema\\\/logo\\\/image\\\/\",\"url\":\"https:\\\/\\\/clair.si\\\/wp-content\\\/uploads\\\/2022\\\/11\\\/clair_logo_2022.jpg\",\"contentUrl\":\"https:\\\/\\\/clair.si\\\/wp-content\\\/uploads\\\/2022\\\/11\\\/clair_logo_2022.jpg\",\"width\":1920,\"height\":1920,\"caption\":\"Clair\"},\"image\":{\"@id\":\"https:\\\/\\\/clair.si\\\/#\\\/schema\\\/logo\\\/image\\\/\"},\"sameAs\":[\"https:\\\/\\\/www.facebook.com\\\/TrgovinaClair\\\/\"]}]}<\/script>\n<!-- \/ Yoast SEO plugin. -->","yoast_head_json":{"title":"Kamen za lizanje Equine Pro - Clair","description":"Zbog svog sastava, bogatog cinkom, kobaltom i selenom, kamen za lizanje Equine Pro idealno je rje\u0161enje za sprje\u010davanje problema s mi\u0161i\u0107ima.","robots":{"index":"index","follow":"follow","max-snippet":"max-snippet:-1","max-image-preview":"max-image-preview:large","max-video-preview":"max-video-preview:-1"},"canonical":"https:\/\/clair.si\/hr\/izdelek\/lizalni-kamen-equine-pro\/","og_locale":"hr_HR","og_type":"article","og_title":"Kamen za lizanje Equine Pro - Clair","og_description":"Zbog svog sastava, bogatog cinkom, kobaltom i selenom, kamen za lizanje Equine Pro idealno je rje\u0161enje za sprje\u010davanje problema s mi\u0161i\u0107ima.","og_url":"https:\/\/clair.si\/hr\/izdelek\/lizalni-kamen-equine-pro\/","og_site_name":"Clair","article_publisher":"https:\/\/www.facebook.com\/TrgovinaClair\/","article_modified_time":"2026-04-07T13:26:01+00:00","og_image":[{"width":1200,"height":1200,"url":"https:\/\/clair.si\/wp-content\/uploads\/2022\/06\/lizalni-kamen-za-konje.jpg","type":"image\/jpeg"}],"twitter_card":"summary_large_image","twitter_misc":{"Procijenjeno vrijeme \u010ditanja":"1 minuta"},"schema":{"@context":"https:\/\/schema.org","@graph":[{"@type":"WebPage","@id":"https:\/\/clair.si\/hr\/izdelek\/lizalni-kamen-equine-pro\/","url":"https:\/\/clair.si\/hr\/izdelek\/lizalni-kamen-equine-pro\/","name":"Kamen za lizanje Equine Pro - Clair","isPartOf":{"@id":"https:\/\/clair.si\/#website"},"primaryImageOfPage":{"@id":"https:\/\/clair.si\/hr\/izdelek\/lizalni-kamen-equine-pro\/#primaryimage"},"image":{"@id":"https:\/\/clair.si\/hr\/izdelek\/lizalni-kamen-equine-pro\/#primaryimage"},"thumbnailUrl":"https:\/\/clair.si\/wp-content\/uploads\/2022\/06\/lizalni-kamen-za-konje.webp","datePublished":"2022-06-07T09:21:48+00:00","dateModified":"2026-04-07T13:26:01+00:00","description":"Zbog svog sastava, bogatog cinkom, kobaltom i selenom, kamen za lizanje Equine Pro idealno je rje\u0161enje za sprje\u010davanje problema s mi\u0161i\u0107ima.","breadcrumb":{"@id":"https:\/\/clair.si\/hr\/izdelek\/lizalni-kamen-equine-pro\/#breadcrumb"},"inLanguage":"hr","potentialAction":[{"@type":"ReadAction","target":["https:\/\/clair.si\/hr\/izdelek\/lizalni-kamen-equine-pro\/"]}]},{"@type":"ImageObject","inLanguage":"hr","@id":"https:\/\/clair.si\/hr\/izdelek\/lizalni-kamen-equine-pro\/#primaryimage","url":"https:\/\/clair.si\/wp-content\/uploads\/2022\/06\/lizalni-kamen-za-konje.webp","contentUrl":"https:\/\/clair.si\/wp-content\/uploads\/2022\/06\/lizalni-kamen-za-konje.webp","width":1200,"height":1200,"caption":"Mineralno vitaminski lizalni kamen za konje Equine Pro."},{"@type":"BreadcrumbList","@id":"https:\/\/clair.si\/hr\/izdelek\/lizalni-kamen-equine-pro\/#breadcrumb","itemListElement":[{"@type":"ListItem","position":1,"name":"Home","item":"https:\/\/clair.si\/hr\/"},{"@type":"ListItem","position":2,"name":"Trgovina","item":"https:\/\/clair.si\/trgovina\/"},{"@type":"ListItem","position":3,"name":"Kamen za lizanje Equine Pro"}]},{"@type":"WebSite","@id":"https:\/\/clair.si\/#website","url":"https:\/\/clair.si\/","name":"Clair","description":"Trgovina s konjeni\u0161ko opremo","publisher":{"@id":"https:\/\/clair.si\/#organization"},"potentialAction":[{"@type":"SearchAction","target":{"@type":"EntryPoint","urlTemplate":"https:\/\/clair.si\/?s={search_term_string}"},"query-input":{"@type":"PropertyValueSpecification","valueRequired":true,"valueName":"search_term_string"}}],"inLanguage":"hr"},{"@type":"Organization","@id":"https:\/\/clair.si\/#organization","name":"Clair","url":"https:\/\/clair.si\/","logo":{"@type":"ImageObject","inLanguage":"hr","@id":"https:\/\/clair.si\/#\/schema\/logo\/image\/","url":"https:\/\/clair.si\/wp-content\/uploads\/2022\/11\/clair_logo_2022.jpg","contentUrl":"https:\/\/clair.si\/wp-content\/uploads\/2022\/11\/clair_logo_2022.jpg","width":1920,"height":1920,"caption":"Clair"},"image":{"@id":"https:\/\/clair.si\/#\/schema\/logo\/image\/"},"sameAs":["https:\/\/www.facebook.com\/TrgovinaClair\/"]}]}},"_links":{"self":[{"href":"https:\/\/clair.si\/hr\/wp-json\/wp\/v2\/product\/104447","targetHints":{"allow":["GET"]}}],"collection":[{"href":"https:\/\/clair.si\/hr\/wp-json\/wp\/v2\/product"}],"about":[{"href":"https:\/\/clair.si\/hr\/wp-json\/wp\/v2\/types\/product"}],"version-history":[{"count":0,"href":"https:\/\/clair.si\/hr\/wp-json\/wp\/v2\/product\/104447\/revisions"}],"wp:featuredmedia":[{"embeddable":true,"href":"https:\/\/clair.si\/hr\/wp-json\/wp\/v2\/media\/104450"}],"wp:attachment":[{"href":"https:\/\/clair.si\/hr\/wp-json\/wp\/v2\/media?parent=104447"}],"wp:term":[{"taxonomy":"product_brand","embeddable":true,"href":"https:\/\/clair.si\/hr\/wp-json\/wp\/v2\/product_brand?post=104447"},{"taxonomy":"product_cat","embeddable":true,"href":"https:\/\/clair.si\/hr\/wp-json\/wp\/v2\/product_cat?post=104447"},{"taxonomy":"product_tag","embeddable":true,"href":"https:\/\/clair.si\/hr\/wp-json\/wp\/v2\/product_tag?post=104447"}],"curies":[{"name":"wp","href":"https:\/\/api.w.org\/{rel}","templated":true}]}}