{"id":104451,"date":"2022-06-06T13:49:01","date_gmt":"2022-06-06T11:49:01","guid":{"rendered":"https:\/\/clair.si\/izdelek\/effax-combi-za-zastitu-i-njegu-koze\/"},"modified":"2025-08-28T05:39:52","modified_gmt":"2025-08-28T03:39:52","slug":"effax-combi-za-zastitu-i-njegu-koze","status":"publish","type":"product","link":"https:\/\/clair.si\/hr\/izdelek\/effax-combi-za-zastitu-i-njegu-koze\/","title":{"rendered":"Effax Combi+ za za\u0161titu i njegu ko\u017ee"},"content":{"rendered":"<p><span class=\"VIiyi\" lang=\"sl\"><span class=\"JLqJ4b ChMk0b\" data-language-for-alternatives=\"sl\" data-language-to-translate-into=\"en\" data-phrase-index=\"2\" data-number-of-phrases=\"20\"><span class=\"Q4iAWc\"><strong>Effax Combi+ za za\u0161titu i njegu ko\u017ee<\/strong> pokazao se u\u010dinkovitim i dostupan je s funkcijom prskanja i pjene.<\/span><\/span> <\/span><\/p>\n<p><span class=\"VIiyi\" lang=\"sl\"><span class=\"JLqJ4b ChMk0b\" data-language-for-alternatives=\"sl\" data-language-to-translate-into=\"en\" data-phrase-index=\"4\" data-number-of-phrases=\"20\"><span class=\"Q4iAWc\">Sna\u017ena formula koja ne masti uklanja tvrdokornu i osu\u0161enu prljav\u0161tinu, poput ostataka znoja i pra\u0161ine.<\/span><\/span> <span class=\"JLqJ4b ChMk0b\" data-language-for-alternatives=\"sl\" data-language-to-translate-into=\"en\" data-phrase-index=\"5\" data-number-of-phrases=\"20\"><span class=\"Q4iAWc\">Inovativna za\u0161titna formula n<\/span><\/span><span class=\"JLqJ4b ChMk0b\" data-language-for-alternatives=\"sl\" data-language-to-translate-into=\"en\" data-phrase-index=\"6\" data-number-of-phrases=\"20\"><span class=\"Q4iAWc\">jeguje prirodna svojstva ko\u017ee<\/span><\/span> i \u0161titi je od vlage.<br \/>\n<\/span><\/p>\n<p><span class=\"VIiyi\" lang=\"sl\"><span class=\"JLqJ4b ChMk0b\" data-language-for-alternatives=\"sl\" data-language-to-translate-into=\"en\" data-phrase-index=\"18\" data-number-of-phrases=\"20\"><span class=\"Q4iAWc\"><strong>Sastav:<\/strong><em> <\/em><\/span><\/span><em><span class=\"JLqJ4b ChMk0b\" data-language-for-alternatives=\"sl\" data-language-to-translate-into=\"en\" data-phrase-index=\"19\" data-number-of-phrases=\"20\"><span class=\"Q4iAWc\"> &lt;5 % anionskih povr\u0161inski aktivnih tvari, &lt; 5 % neionskih povr\u0161inski aktivnih tvari, izopropanol, parfem.<\/span><\/span><\/em><\/span><\/p>\n","protected":false},"excerpt":{"rendered":"<p><span class=\"VIiyi\" lang=\"sl\"><strong><span class=\"JLqJ4b ChMk0b\" data-language-for-alternatives=\"sl\" data-language-to-translate-into=\"en\" data-phrase-index=\"0\" data-number-of-phrases=\"9\"><span class=\"Q4iAWc\">Intenzivna njega u spreju<\/span><\/span><\/strong> <\/span><\/p>\n<ul>\n<li><span class=\"VIiyi\" lang=\"sl\"><span class=\"JLqJ4b ChMk0b\" data-language-for-alternatives=\"sl\" data-language-to-translate-into=\"en\" data-phrase-index=\"2\" data-number-of-phrases=\"9\"><span class=\"Q4iAWc\"> sprej koji se pretvara u pjenu<\/span><\/span> <\/span><\/li>\n<li><span class=\"VIiyi\" lang=\"sl\"><span class=\"JLqJ4b ChMk0b\" data-language-for-alternatives=\"sl\" data-language-to-translate-into=\"en\" data-phrase-index=\"6\" data-number-of-phrases=\"9\"><span class=\"Q4iAWc\"> \u0161titi od vlage<\/span><\/span> <\/span><\/li>\n<li><span class=\"VIiyi\" lang=\"sl\"><span class=\"JLqJ4b ChMk0b\" data-language-for-alternatives=\"sl\" data-language-to-translate-into=\"en\" data-phrase-index=\"8\" data-number-of-phrases=\"9\"><span class=\"Q4iAWc\">brzo uklanja masno\u0107u i prljav\u0161tinu<\/span><\/span><\/span><\/li>\n<\/ul>\n<p><strong>Koli\u010dina: 500 ml<\/strong><\/p>\n","protected":false},"featured_media":104453,"template":"","meta":{"footnotes":""},"product_brand":[],"product_cat":[5867,5627],"product_tag":[],"class_list":{"0":"post-104451","1":"product","2":"type-product","3":"status-publish","4":"has-post-thumbnail","6":"product_cat-njega-koze","7":"product_cat-stala-i-pasnjak","9":"first","10":"instock","11":"shipping-taxable","12":"purchasable","13":"product-type-simple"},"yoast_head":"<!-- This site is optimized with the Yoast SEO plugin v27.4 - https:\/\/yoast.com\/product\/yoast-seo-wordpress\/ -->\n<title>Effax Combi+ za za\u0161titu i njegu ko\u017ee - Clair<\/title>\n<meta name=\"description\" content=\"Effax Combi+ za za\u0161titu i njegu ko\u017ee pokazao se u\u010dinkovitim i dostupan je s funkcijom prskanja i pjene.\" \/>\n<meta name=\"robots\" content=\"index, follow, max-snippet:-1, max-image-preview:large, max-video-preview:-1\" \/>\n<link rel=\"canonical\" href=\"https:\/\/clair.si\/hr\/izdelek\/effax-combi-za-zastitu-i-njegu-koze\/\" \/>\n<meta property=\"og:locale\" content=\"hr_HR\" \/>\n<meta property=\"og:type\" content=\"article\" \/>\n<meta property=\"og:title\" content=\"Effax Combi+ za za\u0161titu i njegu ko\u017ee - Clair\" \/>\n<meta property=\"og:description\" content=\"Effax Combi+ za za\u0161titu i njegu ko\u017ee pokazao se u\u010dinkovitim i dostupan je s funkcijom prskanja i pjene.\" \/>\n<meta property=\"og:url\" content=\"https:\/\/clair.si\/hr\/izdelek\/effax-combi-za-zastitu-i-njegu-koze\/\" \/>\n<meta property=\"og:site_name\" content=\"Clair\" \/>\n<meta property=\"article:publisher\" content=\"https:\/\/www.facebook.com\/TrgovinaClair\/\" \/>\n<meta property=\"article:modified_time\" content=\"2025-08-28T03:39:52+00:00\" \/>\n<meta property=\"og:image\" content=\"https:\/\/clair.si\/wp-content\/uploads\/2022\/06\/effax-combi-za-zascito-in-nego-usnja.jpg\" \/>\n\t<meta property=\"og:image:width\" content=\"1600\" \/>\n\t<meta property=\"og:image:height\" content=\"1600\" \/>\n\t<meta property=\"og:image:type\" content=\"image\/jpeg\" \/>\n<meta name=\"twitter:card\" content=\"summary_large_image\" \/>\n<script type=\"application\/ld+json\" class=\"yoast-schema-graph\">{\"@context\":\"https:\\\/\\\/schema.org\",\"@graph\":[{\"@type\":\"WebPage\",\"@id\":\"https:\\\/\\\/clair.si\\\/hr\\\/izdelek\\\/effax-combi-za-zastitu-i-njegu-koze\\\/\",\"url\":\"https:\\\/\\\/clair.si\\\/hr\\\/izdelek\\\/effax-combi-za-zastitu-i-njegu-koze\\\/\",\"name\":\"Effax Combi+ za za\u0161titu i njegu ko\u017ee - Clair\",\"isPartOf\":{\"@id\":\"https:\\\/\\\/clair.si\\\/#website\"},\"primaryImageOfPage\":{\"@id\":\"https:\\\/\\\/clair.si\\\/hr\\\/izdelek\\\/effax-combi-za-zastitu-i-njegu-koze\\\/#primaryimage\"},\"image\":{\"@id\":\"https:\\\/\\\/clair.si\\\/hr\\\/izdelek\\\/effax-combi-za-zastitu-i-njegu-koze\\\/#primaryimage\"},\"thumbnailUrl\":\"https:\\\/\\\/clair.si\\\/wp-content\\\/uploads\\\/2022\\\/06\\\/effax-combi-za-zascito-in-nego-usnja.webp\",\"datePublished\":\"2022-06-06T11:49:01+00:00\",\"dateModified\":\"2025-08-28T03:39:52+00:00\",\"description\":\"Effax Combi+ za za\u0161titu i njegu ko\u017ee pokazao se u\u010dinkovitim i dostupan je s funkcijom prskanja i pjene.\",\"breadcrumb\":{\"@id\":\"https:\\\/\\\/clair.si\\\/hr\\\/izdelek\\\/effax-combi-za-zastitu-i-njegu-koze\\\/#breadcrumb\"},\"inLanguage\":\"hr\",\"potentialAction\":[{\"@type\":\"ReadAction\",\"target\":[\"https:\\\/\\\/clair.si\\\/hr\\\/izdelek\\\/effax-combi-za-zastitu-i-njegu-koze\\\/\"]}]},{\"@type\":\"ImageObject\",\"inLanguage\":\"hr\",\"@id\":\"https:\\\/\\\/clair.si\\\/hr\\\/izdelek\\\/effax-combi-za-zastitu-i-njegu-koze\\\/#primaryimage\",\"url\":\"https:\\\/\\\/clair.si\\\/wp-content\\\/uploads\\\/2022\\\/06\\\/effax-combi-za-zascito-in-nego-usnja.webp\",\"contentUrl\":\"https:\\\/\\\/clair.si\\\/wp-content\\\/uploads\\\/2022\\\/06\\\/effax-combi-za-zascito-in-nego-usnja.webp\",\"width\":1600,\"height\":1600,\"caption\":\"Effax Combi + za za\u0161\u010dito in nego usnja.\"},{\"@type\":\"BreadcrumbList\",\"@id\":\"https:\\\/\\\/clair.si\\\/hr\\\/izdelek\\\/effax-combi-za-zastitu-i-njegu-koze\\\/#breadcrumb\",\"itemListElement\":[{\"@type\":\"ListItem\",\"position\":1,\"name\":\"Home\",\"item\":\"https:\\\/\\\/clair.si\\\/hr\\\/\"},{\"@type\":\"ListItem\",\"position\":2,\"name\":\"Trgovina\",\"item\":\"https:\\\/\\\/clair.si\\\/trgovina\\\/\"},{\"@type\":\"ListItem\",\"position\":3,\"name\":\"Effax Combi+ za za\u0161titu i njegu ko\u017ee\"}]},{\"@type\":\"WebSite\",\"@id\":\"https:\\\/\\\/clair.si\\\/#website\",\"url\":\"https:\\\/\\\/clair.si\\\/\",\"name\":\"Clair\",\"description\":\"Trgovina s konjeni\u0161ko opremo\",\"publisher\":{\"@id\":\"https:\\\/\\\/clair.si\\\/#organization\"},\"potentialAction\":[{\"@type\":\"SearchAction\",\"target\":{\"@type\":\"EntryPoint\",\"urlTemplate\":\"https:\\\/\\\/clair.si\\\/?s={search_term_string}\"},\"query-input\":{\"@type\":\"PropertyValueSpecification\",\"valueRequired\":true,\"valueName\":\"search_term_string\"}}],\"inLanguage\":\"hr\"},{\"@type\":\"Organization\",\"@id\":\"https:\\\/\\\/clair.si\\\/#organization\",\"name\":\"Clair\",\"url\":\"https:\\\/\\\/clair.si\\\/\",\"logo\":{\"@type\":\"ImageObject\",\"inLanguage\":\"hr\",\"@id\":\"https:\\\/\\\/clair.si\\\/#\\\/schema\\\/logo\\\/image\\\/\",\"url\":\"https:\\\/\\\/clair.si\\\/wp-content\\\/uploads\\\/2022\\\/11\\\/clair_logo_2022.jpg\",\"contentUrl\":\"https:\\\/\\\/clair.si\\\/wp-content\\\/uploads\\\/2022\\\/11\\\/clair_logo_2022.jpg\",\"width\":1920,\"height\":1920,\"caption\":\"Clair\"},\"image\":{\"@id\":\"https:\\\/\\\/clair.si\\\/#\\\/schema\\\/logo\\\/image\\\/\"},\"sameAs\":[\"https:\\\/\\\/www.facebook.com\\\/TrgovinaClair\\\/\"]}]}<\/script>\n<!-- \/ Yoast SEO plugin. -->","yoast_head_json":{"title":"Effax Combi+ za za\u0161titu i njegu ko\u017ee - Clair","description":"Effax Combi+ za za\u0161titu i njegu ko\u017ee pokazao se u\u010dinkovitim i dostupan je s funkcijom prskanja i pjene.","robots":{"index":"index","follow":"follow","max-snippet":"max-snippet:-1","max-image-preview":"max-image-preview:large","max-video-preview":"max-video-preview:-1"},"canonical":"https:\/\/clair.si\/hr\/izdelek\/effax-combi-za-zastitu-i-njegu-koze\/","og_locale":"hr_HR","og_type":"article","og_title":"Effax Combi+ za za\u0161titu i njegu ko\u017ee - Clair","og_description":"Effax Combi+ za za\u0161titu i njegu ko\u017ee pokazao se u\u010dinkovitim i dostupan je s funkcijom prskanja i pjene.","og_url":"https:\/\/clair.si\/hr\/izdelek\/effax-combi-za-zastitu-i-njegu-koze\/","og_site_name":"Clair","article_publisher":"https:\/\/www.facebook.com\/TrgovinaClair\/","article_modified_time":"2025-08-28T03:39:52+00:00","og_image":[{"width":1600,"height":1600,"url":"https:\/\/clair.si\/wp-content\/uploads\/2022\/06\/effax-combi-za-zascito-in-nego-usnja.jpg","type":"image\/jpeg"}],"twitter_card":"summary_large_image","schema":{"@context":"https:\/\/schema.org","@graph":[{"@type":"WebPage","@id":"https:\/\/clair.si\/hr\/izdelek\/effax-combi-za-zastitu-i-njegu-koze\/","url":"https:\/\/clair.si\/hr\/izdelek\/effax-combi-za-zastitu-i-njegu-koze\/","name":"Effax Combi+ za za\u0161titu i njegu ko\u017ee - Clair","isPartOf":{"@id":"https:\/\/clair.si\/#website"},"primaryImageOfPage":{"@id":"https:\/\/clair.si\/hr\/izdelek\/effax-combi-za-zastitu-i-njegu-koze\/#primaryimage"},"image":{"@id":"https:\/\/clair.si\/hr\/izdelek\/effax-combi-za-zastitu-i-njegu-koze\/#primaryimage"},"thumbnailUrl":"https:\/\/clair.si\/wp-content\/uploads\/2022\/06\/effax-combi-za-zascito-in-nego-usnja.webp","datePublished":"2022-06-06T11:49:01+00:00","dateModified":"2025-08-28T03:39:52+00:00","description":"Effax Combi+ za za\u0161titu i njegu ko\u017ee pokazao se u\u010dinkovitim i dostupan je s funkcijom prskanja i pjene.","breadcrumb":{"@id":"https:\/\/clair.si\/hr\/izdelek\/effax-combi-za-zastitu-i-njegu-koze\/#breadcrumb"},"inLanguage":"hr","potentialAction":[{"@type":"ReadAction","target":["https:\/\/clair.si\/hr\/izdelek\/effax-combi-za-zastitu-i-njegu-koze\/"]}]},{"@type":"ImageObject","inLanguage":"hr","@id":"https:\/\/clair.si\/hr\/izdelek\/effax-combi-za-zastitu-i-njegu-koze\/#primaryimage","url":"https:\/\/clair.si\/wp-content\/uploads\/2022\/06\/effax-combi-za-zascito-in-nego-usnja.webp","contentUrl":"https:\/\/clair.si\/wp-content\/uploads\/2022\/06\/effax-combi-za-zascito-in-nego-usnja.webp","width":1600,"height":1600,"caption":"Effax Combi + za za\u0161\u010dito in nego usnja."},{"@type":"BreadcrumbList","@id":"https:\/\/clair.si\/hr\/izdelek\/effax-combi-za-zastitu-i-njegu-koze\/#breadcrumb","itemListElement":[{"@type":"ListItem","position":1,"name":"Home","item":"https:\/\/clair.si\/hr\/"},{"@type":"ListItem","position":2,"name":"Trgovina","item":"https:\/\/clair.si\/trgovina\/"},{"@type":"ListItem","position":3,"name":"Effax Combi+ za za\u0161titu i njegu ko\u017ee"}]},{"@type":"WebSite","@id":"https:\/\/clair.si\/#website","url":"https:\/\/clair.si\/","name":"Clair","description":"Trgovina s konjeni\u0161ko opremo","publisher":{"@id":"https:\/\/clair.si\/#organization"},"potentialAction":[{"@type":"SearchAction","target":{"@type":"EntryPoint","urlTemplate":"https:\/\/clair.si\/?s={search_term_string}"},"query-input":{"@type":"PropertyValueSpecification","valueRequired":true,"valueName":"search_term_string"}}],"inLanguage":"hr"},{"@type":"Organization","@id":"https:\/\/clair.si\/#organization","name":"Clair","url":"https:\/\/clair.si\/","logo":{"@type":"ImageObject","inLanguage":"hr","@id":"https:\/\/clair.si\/#\/schema\/logo\/image\/","url":"https:\/\/clair.si\/wp-content\/uploads\/2022\/11\/clair_logo_2022.jpg","contentUrl":"https:\/\/clair.si\/wp-content\/uploads\/2022\/11\/clair_logo_2022.jpg","width":1920,"height":1920,"caption":"Clair"},"image":{"@id":"https:\/\/clair.si\/#\/schema\/logo\/image\/"},"sameAs":["https:\/\/www.facebook.com\/TrgovinaClair\/"]}]}},"_links":{"self":[{"href":"https:\/\/clair.si\/hr\/wp-json\/wp\/v2\/product\/104451","targetHints":{"allow":["GET"]}}],"collection":[{"href":"https:\/\/clair.si\/hr\/wp-json\/wp\/v2\/product"}],"about":[{"href":"https:\/\/clair.si\/hr\/wp-json\/wp\/v2\/types\/product"}],"version-history":[{"count":0,"href":"https:\/\/clair.si\/hr\/wp-json\/wp\/v2\/product\/104451\/revisions"}],"wp:featuredmedia":[{"embeddable":true,"href":"https:\/\/clair.si\/hr\/wp-json\/wp\/v2\/media\/104453"}],"wp:attachment":[{"href":"https:\/\/clair.si\/hr\/wp-json\/wp\/v2\/media?parent=104451"}],"wp:term":[{"taxonomy":"product_brand","embeddable":true,"href":"https:\/\/clair.si\/hr\/wp-json\/wp\/v2\/product_brand?post=104451"},{"taxonomy":"product_cat","embeddable":true,"href":"https:\/\/clair.si\/hr\/wp-json\/wp\/v2\/product_cat?post=104451"},{"taxonomy":"product_tag","embeddable":true,"href":"https:\/\/clair.si\/hr\/wp-json\/wp\/v2\/product_tag?post=104451"}],"curies":[{"name":"wp","href":"https:\/\/api.w.org\/{rel}","templated":true}]}}