{"id":104452,"date":"2022-06-07T11:50:53","date_gmt":"2022-06-07T09:50:53","guid":{"rendered":"https:\/\/clair.si\/izdelek\/lizalni-kamen-premium-bez-cu\/"},"modified":"2025-12-02T23:00:21","modified_gmt":"2025-12-02T22:00:21","slug":"lizalni-kamen-premium-bez-cu","status":"publish","type":"product","link":"https:\/\/clair.si\/hr\/izdelek\/lizalni-kamen-premium-bez-cu\/","title":{"rendered":"Premium lizalni kamen bez bakra"},"content":{"rendered":"<p><span class=\"VIiyi\" lang=\"sl\"><span class=\"JLqJ4b ChMk0b\" data-language-for-alternatives=\"sl\" data-language-to-translate-into=\"en\" data-phrase-index=\"0\" data-number-of-phrases=\"2\"><span class=\"Q4iAWc\"><strong>Premium lizalni kamen bez Cu (bakra)<\/strong> sadr\u017ei minerale, sol i elemente u tragovima, koji su vrlo va\u017eni za svakodnevnu prehranu konja. <\/span><\/span><\/span><\/p>\n<p><span class=\"VIiyi\" lang=\"sl\"><span class=\"JLqJ4b ChMk0b\" data-language-for-alternatives=\"sl\" data-language-to-translate-into=\"en\" data-phrase-index=\"0\" data-number-of-phrases=\"2\"><span class=\"Q4iAWc\"><strong>Premium lizalni kamen<\/strong> za konje, oboga\u0107uje dnevni omjer solju, elementima u tragovima i najva\u017enijim mineralima, kao \u0161to su fosfor, magnezij i kalcij, koji zna\u010dajno doprinose<\/span><\/span> <span class=\"JLqJ4b ChMk0b\" data-language-for-alternatives=\"sl\" data-language-to-translate-into=\"en\" data-phrase-index=\"1\" data-number-of-phrases=\"2\"><span class=\"Q4iAWc\">pobolj\u0161anju op\u0107eg zdravlja i sprje\u010davaju deficitarne bolesti, koje se pojavljuju zbog neuravnote\u017eenih prehrambenih obroka za konje.<br \/>\n<\/span><\/span><\/span><\/p>\n<p><strong>Sadr\u017ei:<\/strong> <em>natrij (Na) 37,7%, kalcij (Ca) 0,49%, magnezij (Mg) 0,35%, fosfor (P) 0,0% Dodaci po kg: \u017eeljezov sulfat monohidrat (II) 930 mg, manganov oksid 273 mg, cinkov oksid 145 mg, oblo\u017een, granuliran bezvodni kalcijev jodat 60 mg, oblo\u017een granuliran kobaltov (II) karbonat 25 mg, oblo\u017een granuliran natrijev selenit 7,5 mg.<\/em><\/p>\n<p>Uputa za hranjenje: zbog visokog sadr\u017eaja dodataka, ova krmna smjesa ne smije predstavljati vi\u0161e od 1,5% dnevnog obroka. Kamen i voda moraju biti dostupni \u017eivotinjama. Preporu\u010damo 1 kamen na 2-5 goveda &amp; konja ili na 5 &#8211; 10 ovaca &amp; koza. Postavite ga u staji, na pa\u0161i, pojili\u0161tu ili hranili\u0161tu. Prije hranjenja uklonite etiketu s kamena. Skladi\u0161titi na hladnom i suhom mjestu.     <\/p>\n","protected":false},"excerpt":{"rendered":"<p><strong>Minerali i elementi u tragovima, bez bakra.<br \/>\n<\/strong><\/p>\n<p><strong>Koli\u010dina: 5 kg<\/strong><\/p>\n<p>&nbsp;<\/p>\n","protected":false},"featured_media":104454,"template":"","meta":{"footnotes":""},"product_brand":[],"product_cat":[5782,5710,5712,5627],"product_tag":[],"class_list":{"0":"post-104452","1":"product","2":"type-product","3":"status-publish","4":"has-post-thumbnail","6":"product_cat-kolacici-i-kamenje-soli","7":"product_cat-hrana-za-konje-hr","8":"product_cat-prehrambeni-dodaci","9":"product_cat-stala-i-pasnjak","11":"first","12":"instock","13":"sale","14":"shipping-taxable","15":"purchasable","16":"product-type-simple"},"yoast_head":"<!-- This site is optimized with the Yoast SEO plugin v27.4 - https:\/\/yoast.com\/product\/yoast-seo-wordpress\/ -->\n<title>Premium lizalni kamen bez bakra - Clair<\/title>\n<meta name=\"description\" content=\"Premium lizalni kamen za konje, oboga\u0107uje dnevni omjer solju, elementima u tragovima i najva\u017enijim mineralima, kao \u0161to su fosfor, magnezij i kalcij.\" \/>\n<meta name=\"robots\" content=\"index, follow, max-snippet:-1, max-image-preview:large, max-video-preview:-1\" \/>\n<link rel=\"canonical\" href=\"https:\/\/clair.si\/hr\/izdelek\/lizalni-kamen-premium-bez-cu\/\" \/>\n<meta property=\"og:locale\" content=\"hr_HR\" \/>\n<meta property=\"og:type\" content=\"article\" \/>\n<meta property=\"og:title\" content=\"Premium lizalni kamen bez bakra - Clair\" \/>\n<meta property=\"og:description\" content=\"Premium lizalni kamen za konje, oboga\u0107uje dnevni omjer solju, elementima u tragovima i najva\u017enijim mineralima, kao \u0161to su fosfor, magnezij i kalcij.\" \/>\n<meta property=\"og:url\" content=\"https:\/\/clair.si\/hr\/izdelek\/lizalni-kamen-premium-bez-cu\/\" \/>\n<meta property=\"og:site_name\" content=\"Clair\" \/>\n<meta property=\"article:publisher\" content=\"https:\/\/www.facebook.com\/TrgovinaClair\/\" \/>\n<meta property=\"article:modified_time\" content=\"2025-12-02T22:00:21+00:00\" \/>\n<meta property=\"og:image\" content=\"https:\/\/clair.si\/wp-content\/uploads\/2022\/06\/lizalni-kamen-Premium-za-konje.jpg\" \/>\n\t<meta property=\"og:image:width\" content=\"1200\" \/>\n\t<meta property=\"og:image:height\" content=\"1200\" \/>\n\t<meta property=\"og:image:type\" content=\"image\/jpeg\" \/>\n<meta name=\"twitter:card\" content=\"summary_large_image\" \/>\n<meta name=\"twitter:label1\" content=\"Procijenjeno vrijeme \u010ditanja\" \/>\n\t<meta name=\"twitter:data1\" content=\"1 minuta\" \/>\n<script type=\"application\/ld+json\" class=\"yoast-schema-graph\">{\"@context\":\"https:\\\/\\\/schema.org\",\"@graph\":[{\"@type\":\"WebPage\",\"@id\":\"https:\\\/\\\/clair.si\\\/hr\\\/izdelek\\\/lizalni-kamen-premium-bez-cu\\\/\",\"url\":\"https:\\\/\\\/clair.si\\\/hr\\\/izdelek\\\/lizalni-kamen-premium-bez-cu\\\/\",\"name\":\"Premium lizalni kamen bez bakra - Clair\",\"isPartOf\":{\"@id\":\"https:\\\/\\\/clair.si\\\/#website\"},\"primaryImageOfPage\":{\"@id\":\"https:\\\/\\\/clair.si\\\/hr\\\/izdelek\\\/lizalni-kamen-premium-bez-cu\\\/#primaryimage\"},\"image\":{\"@id\":\"https:\\\/\\\/clair.si\\\/hr\\\/izdelek\\\/lizalni-kamen-premium-bez-cu\\\/#primaryimage\"},\"thumbnailUrl\":\"https:\\\/\\\/clair.si\\\/wp-content\\\/uploads\\\/2022\\\/06\\\/lizalni-kamen-Premium-za-konje.webp\",\"datePublished\":\"2022-06-07T09:50:53+00:00\",\"dateModified\":\"2025-12-02T22:00:21+00:00\",\"description\":\"Premium lizalni kamen za konje, oboga\u0107uje dnevni omjer solju, elementima u tragovima i najva\u017enijim mineralima, kao \u0161to su fosfor, magnezij i kalcij.\",\"breadcrumb\":{\"@id\":\"https:\\\/\\\/clair.si\\\/hr\\\/izdelek\\\/lizalni-kamen-premium-bez-cu\\\/#breadcrumb\"},\"inLanguage\":\"hr\",\"potentialAction\":[{\"@type\":\"ReadAction\",\"target\":[\"https:\\\/\\\/clair.si\\\/hr\\\/izdelek\\\/lizalni-kamen-premium-bez-cu\\\/\"]}]},{\"@type\":\"ImageObject\",\"inLanguage\":\"hr\",\"@id\":\"https:\\\/\\\/clair.si\\\/hr\\\/izdelek\\\/lizalni-kamen-premium-bez-cu\\\/#primaryimage\",\"url\":\"https:\\\/\\\/clair.si\\\/wp-content\\\/uploads\\\/2022\\\/06\\\/lizalni-kamen-Premium-za-konje.webp\",\"contentUrl\":\"https:\\\/\\\/clair.si\\\/wp-content\\\/uploads\\\/2022\\\/06\\\/lizalni-kamen-Premium-za-konje.webp\",\"width\":1200,\"height\":1200,\"caption\":\"Lizalni kamen za konje Premium.\"},{\"@type\":\"BreadcrumbList\",\"@id\":\"https:\\\/\\\/clair.si\\\/hr\\\/izdelek\\\/lizalni-kamen-premium-bez-cu\\\/#breadcrumb\",\"itemListElement\":[{\"@type\":\"ListItem\",\"position\":1,\"name\":\"Home\",\"item\":\"https:\\\/\\\/clair.si\\\/hr\\\/\"},{\"@type\":\"ListItem\",\"position\":2,\"name\":\"Trgovina\",\"item\":\"https:\\\/\\\/clair.si\\\/trgovina\\\/\"},{\"@type\":\"ListItem\",\"position\":3,\"name\":\"Premium lizalni kamen bez bakra\"}]},{\"@type\":\"WebSite\",\"@id\":\"https:\\\/\\\/clair.si\\\/#website\",\"url\":\"https:\\\/\\\/clair.si\\\/\",\"name\":\"Clair\",\"description\":\"Trgovina s konjeni\u0161ko opremo\",\"publisher\":{\"@id\":\"https:\\\/\\\/clair.si\\\/#organization\"},\"potentialAction\":[{\"@type\":\"SearchAction\",\"target\":{\"@type\":\"EntryPoint\",\"urlTemplate\":\"https:\\\/\\\/clair.si\\\/?s={search_term_string}\"},\"query-input\":{\"@type\":\"PropertyValueSpecification\",\"valueRequired\":true,\"valueName\":\"search_term_string\"}}],\"inLanguage\":\"hr\"},{\"@type\":\"Organization\",\"@id\":\"https:\\\/\\\/clair.si\\\/#organization\",\"name\":\"Clair\",\"url\":\"https:\\\/\\\/clair.si\\\/\",\"logo\":{\"@type\":\"ImageObject\",\"inLanguage\":\"hr\",\"@id\":\"https:\\\/\\\/clair.si\\\/#\\\/schema\\\/logo\\\/image\\\/\",\"url\":\"https:\\\/\\\/clair.si\\\/wp-content\\\/uploads\\\/2022\\\/11\\\/clair_logo_2022.jpg\",\"contentUrl\":\"https:\\\/\\\/clair.si\\\/wp-content\\\/uploads\\\/2022\\\/11\\\/clair_logo_2022.jpg\",\"width\":1920,\"height\":1920,\"caption\":\"Clair\"},\"image\":{\"@id\":\"https:\\\/\\\/clair.si\\\/#\\\/schema\\\/logo\\\/image\\\/\"},\"sameAs\":[\"https:\\\/\\\/www.facebook.com\\\/TrgovinaClair\\\/\"]}]}<\/script>\n<!-- \/ Yoast SEO plugin. -->","yoast_head_json":{"title":"Premium lizalni kamen bez bakra - Clair","description":"Premium lizalni kamen za konje, oboga\u0107uje dnevni omjer solju, elementima u tragovima i najva\u017enijim mineralima, kao \u0161to su fosfor, magnezij i kalcij.","robots":{"index":"index","follow":"follow","max-snippet":"max-snippet:-1","max-image-preview":"max-image-preview:large","max-video-preview":"max-video-preview:-1"},"canonical":"https:\/\/clair.si\/hr\/izdelek\/lizalni-kamen-premium-bez-cu\/","og_locale":"hr_HR","og_type":"article","og_title":"Premium lizalni kamen bez bakra - Clair","og_description":"Premium lizalni kamen za konje, oboga\u0107uje dnevni omjer solju, elementima u tragovima i najva\u017enijim mineralima, kao \u0161to su fosfor, magnezij i kalcij.","og_url":"https:\/\/clair.si\/hr\/izdelek\/lizalni-kamen-premium-bez-cu\/","og_site_name":"Clair","article_publisher":"https:\/\/www.facebook.com\/TrgovinaClair\/","article_modified_time":"2025-12-02T22:00:21+00:00","og_image":[{"width":1200,"height":1200,"url":"https:\/\/clair.si\/wp-content\/uploads\/2022\/06\/lizalni-kamen-Premium-za-konje.jpg","type":"image\/jpeg"}],"twitter_card":"summary_large_image","twitter_misc":{"Procijenjeno vrijeme \u010ditanja":"1 minuta"},"schema":{"@context":"https:\/\/schema.org","@graph":[{"@type":"WebPage","@id":"https:\/\/clair.si\/hr\/izdelek\/lizalni-kamen-premium-bez-cu\/","url":"https:\/\/clair.si\/hr\/izdelek\/lizalni-kamen-premium-bez-cu\/","name":"Premium lizalni kamen bez bakra - Clair","isPartOf":{"@id":"https:\/\/clair.si\/#website"},"primaryImageOfPage":{"@id":"https:\/\/clair.si\/hr\/izdelek\/lizalni-kamen-premium-bez-cu\/#primaryimage"},"image":{"@id":"https:\/\/clair.si\/hr\/izdelek\/lizalni-kamen-premium-bez-cu\/#primaryimage"},"thumbnailUrl":"https:\/\/clair.si\/wp-content\/uploads\/2022\/06\/lizalni-kamen-Premium-za-konje.webp","datePublished":"2022-06-07T09:50:53+00:00","dateModified":"2025-12-02T22:00:21+00:00","description":"Premium lizalni kamen za konje, oboga\u0107uje dnevni omjer solju, elementima u tragovima i najva\u017enijim mineralima, kao \u0161to su fosfor, magnezij i kalcij.","breadcrumb":{"@id":"https:\/\/clair.si\/hr\/izdelek\/lizalni-kamen-premium-bez-cu\/#breadcrumb"},"inLanguage":"hr","potentialAction":[{"@type":"ReadAction","target":["https:\/\/clair.si\/hr\/izdelek\/lizalni-kamen-premium-bez-cu\/"]}]},{"@type":"ImageObject","inLanguage":"hr","@id":"https:\/\/clair.si\/hr\/izdelek\/lizalni-kamen-premium-bez-cu\/#primaryimage","url":"https:\/\/clair.si\/wp-content\/uploads\/2022\/06\/lizalni-kamen-Premium-za-konje.webp","contentUrl":"https:\/\/clair.si\/wp-content\/uploads\/2022\/06\/lizalni-kamen-Premium-za-konje.webp","width":1200,"height":1200,"caption":"Lizalni kamen za konje Premium."},{"@type":"BreadcrumbList","@id":"https:\/\/clair.si\/hr\/izdelek\/lizalni-kamen-premium-bez-cu\/#breadcrumb","itemListElement":[{"@type":"ListItem","position":1,"name":"Home","item":"https:\/\/clair.si\/hr\/"},{"@type":"ListItem","position":2,"name":"Trgovina","item":"https:\/\/clair.si\/trgovina\/"},{"@type":"ListItem","position":3,"name":"Premium lizalni kamen bez bakra"}]},{"@type":"WebSite","@id":"https:\/\/clair.si\/#website","url":"https:\/\/clair.si\/","name":"Clair","description":"Trgovina s konjeni\u0161ko opremo","publisher":{"@id":"https:\/\/clair.si\/#organization"},"potentialAction":[{"@type":"SearchAction","target":{"@type":"EntryPoint","urlTemplate":"https:\/\/clair.si\/?s={search_term_string}"},"query-input":{"@type":"PropertyValueSpecification","valueRequired":true,"valueName":"search_term_string"}}],"inLanguage":"hr"},{"@type":"Organization","@id":"https:\/\/clair.si\/#organization","name":"Clair","url":"https:\/\/clair.si\/","logo":{"@type":"ImageObject","inLanguage":"hr","@id":"https:\/\/clair.si\/#\/schema\/logo\/image\/","url":"https:\/\/clair.si\/wp-content\/uploads\/2022\/11\/clair_logo_2022.jpg","contentUrl":"https:\/\/clair.si\/wp-content\/uploads\/2022\/11\/clair_logo_2022.jpg","width":1920,"height":1920,"caption":"Clair"},"image":{"@id":"https:\/\/clair.si\/#\/schema\/logo\/image\/"},"sameAs":["https:\/\/www.facebook.com\/TrgovinaClair\/"]}]}},"_links":{"self":[{"href":"https:\/\/clair.si\/hr\/wp-json\/wp\/v2\/product\/104452","targetHints":{"allow":["GET"]}}],"collection":[{"href":"https:\/\/clair.si\/hr\/wp-json\/wp\/v2\/product"}],"about":[{"href":"https:\/\/clair.si\/hr\/wp-json\/wp\/v2\/types\/product"}],"version-history":[{"count":0,"href":"https:\/\/clair.si\/hr\/wp-json\/wp\/v2\/product\/104452\/revisions"}],"wp:featuredmedia":[{"embeddable":true,"href":"https:\/\/clair.si\/hr\/wp-json\/wp\/v2\/media\/104454"}],"wp:attachment":[{"href":"https:\/\/clair.si\/hr\/wp-json\/wp\/v2\/media?parent=104452"}],"wp:term":[{"taxonomy":"product_brand","embeddable":true,"href":"https:\/\/clair.si\/hr\/wp-json\/wp\/v2\/product_brand?post=104452"},{"taxonomy":"product_cat","embeddable":true,"href":"https:\/\/clair.si\/hr\/wp-json\/wp\/v2\/product_cat?post=104452"},{"taxonomy":"product_tag","embeddable":true,"href":"https:\/\/clair.si\/hr\/wp-json\/wp\/v2\/product_tag?post=104452"}],"curies":[{"name":"wp","href":"https:\/\/api.w.org\/{rel}","templated":true}]}}