{"id":104456,"date":"2022-06-07T12:09:57","date_gmt":"2022-06-07T10:09:57","guid":{"rendered":"https:\/\/clair.si\/izdelek\/kamena-sol-za-konje-mediteran\/"},"modified":"2026-03-23T08:12:46","modified_gmt":"2026-03-23T07:12:46","slug":"kamena-sol-za-konje-mediteran","status":"publish","type":"product","link":"https:\/\/clair.si\/hr\/izdelek\/kamena-sol-za-konje-mediteran\/","title":{"rendered":"Slani kamen za konje Mediteran"},"content":{"rendered":"<p><strong>Slani kamen za konje Mediteran<\/strong> osigurava dovoljnu zalihu soli i minerala, koji su vrlo va\u017eni za zdravlje va\u0161ih konja.<\/p>\n<p>Prirodni slani lizalni kameni izra\u0111eni su od \u010diste kamene ili isparene soli posebnim postupkom pre\u0161anja i otporni su na vremenske uvjete. Mogu se postaviti i vani. <\/p>\n<p><strong>Proizvod se mo\u017ee koristiti u ekolo\u0161koj proizvodnji<\/strong> u skladu s uredbama (ES) 834\/2007 i (ES) 889\/2008.<\/p>\n<p><strong>Sastav:<\/strong> <em>natrijev klorid (99%), natrij (39%).<\/em><\/p>\n<p>UPUTE ZA UPORABU:<br \/>\nLizalni kamen konji trebaju uvijek imati na raspolaganju, zajedno s dovoljnom koli\u010dinom vode. Postavite ih u staji, na pa\u0161njaku, pojili\u0161tu i hranili\u0161tu. <\/p>\n<p><strong>Te\u017eina: 5 kg<\/strong><\/p>\n","protected":false},"excerpt":{"rendered":"<p><strong>Te\u017eina: 5 kg<\/strong><\/p>\n","protected":false},"featured_media":104458,"template":"","meta":{"footnotes":""},"product_brand":[],"product_cat":[5782,5710,5712,5627],"product_tag":[],"class_list":{"0":"post-104456","1":"product","2":"type-product","3":"status-publish","4":"has-post-thumbnail","6":"product_cat-kolacici-i-kamenje-soli","7":"product_cat-hrana-za-konje-hr","8":"product_cat-prehrambeni-dodaci","9":"product_cat-stala-i-pasnjak","11":"first","12":"instock","13":"sale","14":"shipping-taxable","15":"purchasable","16":"product-type-simple"},"yoast_head":"<!-- This site is optimized with the Yoast SEO plugin v27.4 - https:\/\/yoast.com\/product\/yoast-seo-wordpress\/ -->\n<title>Slani kamen za konje Mediteran - Clair<\/title>\n<meta name=\"description\" content=\"Slani kamen za konje izra\u0111en je od \u010diste kamene ili isparene soli posebnim postupkom pre\u0161anja i otporan je na vremenske uvjete.\" \/>\n<meta name=\"robots\" content=\"index, follow, max-snippet:-1, max-image-preview:large, max-video-preview:-1\" \/>\n<link rel=\"canonical\" href=\"https:\/\/clair.si\/hr\/izdelek\/kamena-sol-za-konje-mediteran\/\" \/>\n<meta property=\"og:locale\" content=\"hr_HR\" \/>\n<meta property=\"og:type\" content=\"article\" \/>\n<meta property=\"og:title\" content=\"Slani kamen za konje Mediteran - Clair\" \/>\n<meta property=\"og:description\" content=\"Slani kamen za konje izra\u0111en je od \u010diste kamene ili isparene soli posebnim postupkom pre\u0161anja i otporan je na vremenske uvjete.\" \/>\n<meta property=\"og:url\" content=\"https:\/\/clair.si\/hr\/izdelek\/kamena-sol-za-konje-mediteran\/\" \/>\n<meta property=\"og:site_name\" content=\"Clair\" \/>\n<meta property=\"article:publisher\" content=\"https:\/\/www.facebook.com\/TrgovinaClair\/\" \/>\n<meta property=\"article:modified_time\" content=\"2026-03-23T07:12:46+00:00\" \/>\n<meta property=\"og:image\" content=\"https:\/\/clair.si\/wp-content\/uploads\/2022\/06\/Mediterran-solni_kamen_1215084-_trgovina_agro_clair-removebg-preview-jpg.webp\" \/>\n\t<meta property=\"og:image:width\" content=\"500\" \/>\n\t<meta property=\"og:image:height\" content=\"500\" \/>\n\t<meta property=\"og:image:type\" content=\"image\/jpeg\" \/>\n<meta name=\"twitter:card\" content=\"summary_large_image\" \/>\n<meta name=\"twitter:label1\" content=\"Procijenjeno vrijeme \u010ditanja\" \/>\n\t<meta name=\"twitter:data1\" content=\"1 minuta\" \/>\n<script type=\"application\/ld+json\" class=\"yoast-schema-graph\">{\"@context\":\"https:\\\/\\\/schema.org\",\"@graph\":[{\"@type\":\"WebPage\",\"@id\":\"https:\\\/\\\/clair.si\\\/hr\\\/izdelek\\\/kamena-sol-za-konje-mediteran\\\/\",\"url\":\"https:\\\/\\\/clair.si\\\/hr\\\/izdelek\\\/kamena-sol-za-konje-mediteran\\\/\",\"name\":\"Slani kamen za konje Mediteran - Clair\",\"isPartOf\":{\"@id\":\"https:\\\/\\\/clair.si\\\/#website\"},\"primaryImageOfPage\":{\"@id\":\"https:\\\/\\\/clair.si\\\/hr\\\/izdelek\\\/kamena-sol-za-konje-mediteran\\\/#primaryimage\"},\"image\":{\"@id\":\"https:\\\/\\\/clair.si\\\/hr\\\/izdelek\\\/kamena-sol-za-konje-mediteran\\\/#primaryimage\"},\"thumbnailUrl\":\"https:\\\/\\\/clair.si\\\/wp-content\\\/uploads\\\/2022\\\/06\\\/Mediterran-solni_kamen_1215084-_trgovina_agro_clair-removebg-preview-jpg.webp\",\"datePublished\":\"2022-06-07T10:09:57+00:00\",\"dateModified\":\"2026-03-23T07:12:46+00:00\",\"description\":\"Slani kamen za konje izra\u0111en je od \u010diste kamene ili isparene soli posebnim postupkom pre\u0161anja i otporan je na vremenske uvjete.\",\"breadcrumb\":{\"@id\":\"https:\\\/\\\/clair.si\\\/hr\\\/izdelek\\\/kamena-sol-za-konje-mediteran\\\/#breadcrumb\"},\"inLanguage\":\"hr\",\"potentialAction\":[{\"@type\":\"ReadAction\",\"target\":[\"https:\\\/\\\/clair.si\\\/hr\\\/izdelek\\\/kamena-sol-za-konje-mediteran\\\/\"]}]},{\"@type\":\"ImageObject\",\"inLanguage\":\"hr\",\"@id\":\"https:\\\/\\\/clair.si\\\/hr\\\/izdelek\\\/kamena-sol-za-konje-mediteran\\\/#primaryimage\",\"url\":\"https:\\\/\\\/clair.si\\\/wp-content\\\/uploads\\\/2022\\\/06\\\/Mediterran-solni_kamen_1215084-_trgovina_agro_clair-removebg-preview-jpg.webp\",\"contentUrl\":\"https:\\\/\\\/clair.si\\\/wp-content\\\/uploads\\\/2022\\\/06\\\/Mediterran-solni_kamen_1215084-_trgovina_agro_clair-removebg-preview-jpg.webp\",\"width\":500,\"height\":500},{\"@type\":\"BreadcrumbList\",\"@id\":\"https:\\\/\\\/clair.si\\\/hr\\\/izdelek\\\/kamena-sol-za-konje-mediteran\\\/#breadcrumb\",\"itemListElement\":[{\"@type\":\"ListItem\",\"position\":1,\"name\":\"Home\",\"item\":\"https:\\\/\\\/clair.si\\\/hr\\\/\"},{\"@type\":\"ListItem\",\"position\":2,\"name\":\"Trgovina\",\"item\":\"https:\\\/\\\/clair.si\\\/trgovina\\\/\"},{\"@type\":\"ListItem\",\"position\":3,\"name\":\"Slani kamen za konje Mediteran\"}]},{\"@type\":\"WebSite\",\"@id\":\"https:\\\/\\\/clair.si\\\/#website\",\"url\":\"https:\\\/\\\/clair.si\\\/\",\"name\":\"Clair\",\"description\":\"Trgovina s konjeni\u0161ko opremo\",\"publisher\":{\"@id\":\"https:\\\/\\\/clair.si\\\/#organization\"},\"potentialAction\":[{\"@type\":\"SearchAction\",\"target\":{\"@type\":\"EntryPoint\",\"urlTemplate\":\"https:\\\/\\\/clair.si\\\/?s={search_term_string}\"},\"query-input\":{\"@type\":\"PropertyValueSpecification\",\"valueRequired\":true,\"valueName\":\"search_term_string\"}}],\"inLanguage\":\"hr\"},{\"@type\":\"Organization\",\"@id\":\"https:\\\/\\\/clair.si\\\/#organization\",\"name\":\"Clair\",\"url\":\"https:\\\/\\\/clair.si\\\/\",\"logo\":{\"@type\":\"ImageObject\",\"inLanguage\":\"hr\",\"@id\":\"https:\\\/\\\/clair.si\\\/#\\\/schema\\\/logo\\\/image\\\/\",\"url\":\"https:\\\/\\\/clair.si\\\/wp-content\\\/uploads\\\/2022\\\/11\\\/clair_logo_2022.jpg\",\"contentUrl\":\"https:\\\/\\\/clair.si\\\/wp-content\\\/uploads\\\/2022\\\/11\\\/clair_logo_2022.jpg\",\"width\":1920,\"height\":1920,\"caption\":\"Clair\"},\"image\":{\"@id\":\"https:\\\/\\\/clair.si\\\/#\\\/schema\\\/logo\\\/image\\\/\"},\"sameAs\":[\"https:\\\/\\\/www.facebook.com\\\/TrgovinaClair\\\/\"]}]}<\/script>\n<!-- \/ Yoast SEO plugin. -->","yoast_head_json":{"title":"Slani kamen za konje Mediteran - Clair","description":"Slani kamen za konje izra\u0111en je od \u010diste kamene ili isparene soli posebnim postupkom pre\u0161anja i otporan je na vremenske uvjete.","robots":{"index":"index","follow":"follow","max-snippet":"max-snippet:-1","max-image-preview":"max-image-preview:large","max-video-preview":"max-video-preview:-1"},"canonical":"https:\/\/clair.si\/hr\/izdelek\/kamena-sol-za-konje-mediteran\/","og_locale":"hr_HR","og_type":"article","og_title":"Slani kamen za konje Mediteran - Clair","og_description":"Slani kamen za konje izra\u0111en je od \u010diste kamene ili isparene soli posebnim postupkom pre\u0161anja i otporan je na vremenske uvjete.","og_url":"https:\/\/clair.si\/hr\/izdelek\/kamena-sol-za-konje-mediteran\/","og_site_name":"Clair","article_publisher":"https:\/\/www.facebook.com\/TrgovinaClair\/","article_modified_time":"2026-03-23T07:12:46+00:00","og_image":[{"width":500,"height":500,"url":"https:\/\/clair.si\/wp-content\/uploads\/2022\/06\/Mediterran-solni_kamen_1215084-_trgovina_agro_clair-removebg-preview-jpg.webp","type":"image\/jpeg"}],"twitter_card":"summary_large_image","twitter_misc":{"Procijenjeno vrijeme \u010ditanja":"1 minuta"},"schema":{"@context":"https:\/\/schema.org","@graph":[{"@type":"WebPage","@id":"https:\/\/clair.si\/hr\/izdelek\/kamena-sol-za-konje-mediteran\/","url":"https:\/\/clair.si\/hr\/izdelek\/kamena-sol-za-konje-mediteran\/","name":"Slani kamen za konje Mediteran - Clair","isPartOf":{"@id":"https:\/\/clair.si\/#website"},"primaryImageOfPage":{"@id":"https:\/\/clair.si\/hr\/izdelek\/kamena-sol-za-konje-mediteran\/#primaryimage"},"image":{"@id":"https:\/\/clair.si\/hr\/izdelek\/kamena-sol-za-konje-mediteran\/#primaryimage"},"thumbnailUrl":"https:\/\/clair.si\/wp-content\/uploads\/2022\/06\/Mediterran-solni_kamen_1215084-_trgovina_agro_clair-removebg-preview-jpg.webp","datePublished":"2022-06-07T10:09:57+00:00","dateModified":"2026-03-23T07:12:46+00:00","description":"Slani kamen za konje izra\u0111en je od \u010diste kamene ili isparene soli posebnim postupkom pre\u0161anja i otporan je na vremenske uvjete.","breadcrumb":{"@id":"https:\/\/clair.si\/hr\/izdelek\/kamena-sol-za-konje-mediteran\/#breadcrumb"},"inLanguage":"hr","potentialAction":[{"@type":"ReadAction","target":["https:\/\/clair.si\/hr\/izdelek\/kamena-sol-za-konje-mediteran\/"]}]},{"@type":"ImageObject","inLanguage":"hr","@id":"https:\/\/clair.si\/hr\/izdelek\/kamena-sol-za-konje-mediteran\/#primaryimage","url":"https:\/\/clair.si\/wp-content\/uploads\/2022\/06\/Mediterran-solni_kamen_1215084-_trgovina_agro_clair-removebg-preview-jpg.webp","contentUrl":"https:\/\/clair.si\/wp-content\/uploads\/2022\/06\/Mediterran-solni_kamen_1215084-_trgovina_agro_clair-removebg-preview-jpg.webp","width":500,"height":500},{"@type":"BreadcrumbList","@id":"https:\/\/clair.si\/hr\/izdelek\/kamena-sol-za-konje-mediteran\/#breadcrumb","itemListElement":[{"@type":"ListItem","position":1,"name":"Home","item":"https:\/\/clair.si\/hr\/"},{"@type":"ListItem","position":2,"name":"Trgovina","item":"https:\/\/clair.si\/trgovina\/"},{"@type":"ListItem","position":3,"name":"Slani kamen za konje Mediteran"}]},{"@type":"WebSite","@id":"https:\/\/clair.si\/#website","url":"https:\/\/clair.si\/","name":"Clair","description":"Trgovina s konjeni\u0161ko opremo","publisher":{"@id":"https:\/\/clair.si\/#organization"},"potentialAction":[{"@type":"SearchAction","target":{"@type":"EntryPoint","urlTemplate":"https:\/\/clair.si\/?s={search_term_string}"},"query-input":{"@type":"PropertyValueSpecification","valueRequired":true,"valueName":"search_term_string"}}],"inLanguage":"hr"},{"@type":"Organization","@id":"https:\/\/clair.si\/#organization","name":"Clair","url":"https:\/\/clair.si\/","logo":{"@type":"ImageObject","inLanguage":"hr","@id":"https:\/\/clair.si\/#\/schema\/logo\/image\/","url":"https:\/\/clair.si\/wp-content\/uploads\/2022\/11\/clair_logo_2022.jpg","contentUrl":"https:\/\/clair.si\/wp-content\/uploads\/2022\/11\/clair_logo_2022.jpg","width":1920,"height":1920,"caption":"Clair"},"image":{"@id":"https:\/\/clair.si\/#\/schema\/logo\/image\/"},"sameAs":["https:\/\/www.facebook.com\/TrgovinaClair\/"]}]}},"_links":{"self":[{"href":"https:\/\/clair.si\/hr\/wp-json\/wp\/v2\/product\/104456","targetHints":{"allow":["GET"]}}],"collection":[{"href":"https:\/\/clair.si\/hr\/wp-json\/wp\/v2\/product"}],"about":[{"href":"https:\/\/clair.si\/hr\/wp-json\/wp\/v2\/types\/product"}],"version-history":[{"count":0,"href":"https:\/\/clair.si\/hr\/wp-json\/wp\/v2\/product\/104456\/revisions"}],"wp:featuredmedia":[{"embeddable":true,"href":"https:\/\/clair.si\/hr\/wp-json\/wp\/v2\/media\/104458"}],"wp:attachment":[{"href":"https:\/\/clair.si\/hr\/wp-json\/wp\/v2\/media?parent=104456"}],"wp:term":[{"taxonomy":"product_brand","embeddable":true,"href":"https:\/\/clair.si\/hr\/wp-json\/wp\/v2\/product_brand?post=104456"},{"taxonomy":"product_cat","embeddable":true,"href":"https:\/\/clair.si\/hr\/wp-json\/wp\/v2\/product_cat?post=104456"},{"taxonomy":"product_tag","embeddable":true,"href":"https:\/\/clair.si\/hr\/wp-json\/wp\/v2\/product_tag?post=104456"}],"curies":[{"name":"wp","href":"https:\/\/api.w.org\/{rel}","templated":true}]}}