{"id":104483,"date":"2022-06-07T13:35:39","date_gmt":"2022-06-07T11:35:39","guid":{"rendered":"https:\/\/clair.si\/izdelek\/pony-sedlo-evolution-jumping\/"},"modified":"2025-09-24T11:02:05","modified_gmt":"2025-09-24T09:02:05","slug":"pony-sedlo-evolution-jumping","status":"publish","type":"product","link":"https:\/\/clair.si\/hr\/izdelek\/pony-sedlo-evolution-jumping\/","title":{"rendered":"Pony sedlo Evolution Jumping"},"content":{"rendered":"<p><span class=\"VIiyi\" lang=\"sl\"><span class=\"JLqJ4b\" data-language-for-alternatives=\"sl\" data-language-to-translate-into=\"de\" data-phrase-index=\"0\" data-number-of-phrases=\"1\"><span class=\"Q4iAWc\"><strong>Pony sedlo Evolution Jumping predstavlja udobnost i sigurnost za djecu<\/strong> te je izra\u0111eno kao prilagodljivi jastu\u010di\u0107 za sedlo sa sigurnosnim dr\u017ea\u010dem za male dje\u010dje ruke. <\/span><\/span><\/span><\/p>\n<p><span class=\"VIiyi\" lang=\"sl\"><span class=\"JLqJ4b\" data-language-for-alternatives=\"sl\" data-language-to-translate-into=\"de\" data-phrase-index=\"0\" data-number-of-phrases=\"1\"><span class=\"Q4iAWc\">Prednji i stra\u017enji blok za nogu poma\u017eu u odr\u017eavanju ravnote\u017ee pri izvo\u0111enju gimnastike za konje te skokovima. Guy Cantin je razvijao Pony sedlo Evolution Jumping zajedno s mladim jaha\u010dem. U prvi plan je stavio sigurnost za dijete i udobnost jastu\u010di\u0107a za sedlo za ponija u kombinaciji s tehni\u010dkim karakteristikama i dugim vijekom trajanja ovog sedla!   <\/span><\/span><\/span><\/p>\n<p><span class=\"VIiyi\" lang=\"sl\"><span class=\"JLqJ4b\" data-language-for-alternatives=\"sl\" data-language-to-translate-into=\"de\" data-phrase-index=\"0\" data-number-of-phrases=\"1\"><span class=\"Q4iAWc\">Ovo sedlo je dizajnirano tako da se potpuno prilago\u0111ava razli\u010ditim tipovima ponija i njihovim mladim jaha\u010dima. <strong>Koljena i sjedalo su izra\u0111eni od izdr\u017eljive pune ko\u017ee.<\/strong>  Svi modeli su opremljeni s D-prstenom za podrepnik, kako bi sedlo ostalo na mjestu. <\/span><\/span><\/span><\/p>\n<p><span class=\"VIiyi\" lang=\"sl\"><span class=\"JLqJ4b\" data-language-for-alternatives=\"sl\" data-language-to-translate-into=\"de\" data-phrase-index=\"0\" data-number-of-phrases=\"1\"><span class=\"Q4iAWc\"><strong>Sedlo za ponija Evolution Jumping je ultra lagano, jer te\u017ei samo 2,6 kg.<\/strong> <\/span><\/span><\/span><\/p>\n<p><span class=\"VIiyi\" lang=\"sl\"><span class=\"JLqJ4b\" data-language-for-alternatives=\"sl\" data-language-to-translate-into=\"de\" data-phrase-index=\"0\" data-number-of-phrases=\"1\"><span class=\"Q4iAWc\">Sedlo za ponije Evolution Jumping omogu\u0107uje mladim jaha\u010dima da nau\u010de pravilnu ravnote\u017eu ve\u0107 u samom po\u010detku.<br \/>\n<\/span><\/span><\/span><\/p>\n<p><span class=\"VIiyi\" lang=\"sl\"><span class=\"JLqJ4b\" data-language-for-alternatives=\"sl\" data-language-to-translate-into=\"de\" data-phrase-index=\"0\" data-number-of-phrases=\"1\"><span class=\"Q4iAWc\">Upute za njegu: Prije prve uporabe novo sedlo nauljite uljem za ko\u017eu. Za svakodnevnu njegu koristite glicerinski sapun. Redovito njegujte ko\u017eu balzamom ili ma\u0161\u0107u, kako bi ko\u017ea ostala podatna i fleksibilna. Sve proizvode za njegu ko\u017ee mo\u017eete prona\u0107i u na\u0161oj web trgovini.<br \/>\n<\/span><\/span><\/span><\/p>\n","protected":false},"excerpt":{"rendered":"<p>Pony sedlo Evolution Jumping predstavlja udobnost i sigurnost za djecu te je izra\u0111eno kao prilagodljivi jastu\u010di\u0107 za sedlo sa sigurnosnim<\/p>\n","protected":false},"featured_media":104494,"template":"","meta":{"footnotes":""},"product_brand":[],"product_cat":[5657,5624,5940,6024,6936],"product_tag":[],"class_list":{"0":"post-104483","1":"product","2":"type-product","3":"status-publish","4":"has-post-thumbnail","6":"product_cat-kategorije-hr","7":"product_cat-konj-hr","8":"product_cat-sedla-hr","9":"product_cat-sedla-za-ponije-hr","10":"product_cat-skakacka-sedla","12":"first","13":"onbackorder","14":"shipping-taxable","15":"purchasable","16":"product-type-variable"},"yoast_head":"<!-- This site is optimized with the Yoast SEO plugin v27.3 - https:\/\/yoast.com\/product\/yoast-seo-wordpress\/ -->\n<title>Pony sedlo Evolution Jumping - Clair<\/title>\n<meta name=\"description\" content=\"Pony sedlo Evolution Jumping predstavlja udobnost i sigurnost za djecu te je izra\u0111eno kao prilagodljivi jastu\u010di\u0107 za sedlo sa sigurnosnim dr\u017ea\u010dem.\" \/>\n<meta name=\"robots\" content=\"index, follow, max-snippet:-1, max-image-preview:large, max-video-preview:-1\" \/>\n<link rel=\"canonical\" href=\"https:\/\/clair.si\/hr\/izdelek\/pony-sedlo-evolution-jumping\/\" \/>\n<meta property=\"og:locale\" content=\"hr_HR\" \/>\n<meta property=\"og:type\" content=\"article\" \/>\n<meta property=\"og:title\" content=\"Pony sedlo Evolution Jumping - Clair\" \/>\n<meta property=\"og:description\" content=\"Pony sedlo Evolution Jumping predstavlja udobnost i sigurnost za djecu te je izra\u0111eno kao prilagodljivi jastu\u010di\u0107 za sedlo sa sigurnosnim dr\u017ea\u010dem.\" \/>\n<meta property=\"og:url\" content=\"https:\/\/clair.si\/hr\/izdelek\/pony-sedlo-evolution-jumping\/\" \/>\n<meta property=\"og:site_name\" content=\"Clair\" \/>\n<meta property=\"article:publisher\" content=\"https:\/\/www.facebook.com\/TrgovinaClair\/\" \/>\n<meta property=\"article:modified_time\" content=\"2025-09-24T09:02:05+00:00\" \/>\n<meta property=\"og:image\" content=\"https:\/\/clair.si\/wp-content\/uploads\/2022\/06\/guy-cantin-evolution-jumping-pony-sedlo.jpg\" \/>\n\t<meta property=\"og:image:width\" content=\"800\" \/>\n\t<meta property=\"og:image:height\" content=\"800\" \/>\n\t<meta property=\"og:image:type\" content=\"image\/jpeg\" \/>\n<meta name=\"twitter:card\" content=\"summary_large_image\" \/>\n<meta name=\"twitter:label1\" content=\"Procijenjeno vrijeme \u010ditanja\" \/>\n\t<meta name=\"twitter:data1\" content=\"1 minuta\" \/>\n<script type=\"application\/ld+json\" class=\"yoast-schema-graph\">{\"@context\":\"https:\\\/\\\/schema.org\",\"@graph\":[{\"@type\":\"WebPage\",\"@id\":\"https:\\\/\\\/clair.si\\\/hr\\\/izdelek\\\/pony-sedlo-evolution-jumping\\\/\",\"url\":\"https:\\\/\\\/clair.si\\\/hr\\\/izdelek\\\/pony-sedlo-evolution-jumping\\\/\",\"name\":\"Pony sedlo Evolution Jumping - Clair\",\"isPartOf\":{\"@id\":\"https:\\\/\\\/clair.si\\\/#website\"},\"primaryImageOfPage\":{\"@id\":\"https:\\\/\\\/clair.si\\\/hr\\\/izdelek\\\/pony-sedlo-evolution-jumping\\\/#primaryimage\"},\"image\":{\"@id\":\"https:\\\/\\\/clair.si\\\/hr\\\/izdelek\\\/pony-sedlo-evolution-jumping\\\/#primaryimage\"},\"thumbnailUrl\":\"https:\\\/\\\/clair.si\\\/wp-content\\\/uploads\\\/2022\\\/06\\\/guy-cantin-evolution-jumping-pony-sedlo.webp\",\"datePublished\":\"2022-06-07T11:35:39+00:00\",\"dateModified\":\"2025-09-24T09:02:05+00:00\",\"description\":\"Pony sedlo Evolution Jumping predstavlja udobnost i sigurnost za djecu te je izra\u0111eno kao prilagodljivi jastu\u010di\u0107 za sedlo sa sigurnosnim dr\u017ea\u010dem.\",\"breadcrumb\":{\"@id\":\"https:\\\/\\\/clair.si\\\/hr\\\/izdelek\\\/pony-sedlo-evolution-jumping\\\/#breadcrumb\"},\"inLanguage\":\"hr\",\"potentialAction\":[{\"@type\":\"ReadAction\",\"target\":[\"https:\\\/\\\/clair.si\\\/hr\\\/izdelek\\\/pony-sedlo-evolution-jumping\\\/\"]}]},{\"@type\":\"ImageObject\",\"inLanguage\":\"hr\",\"@id\":\"https:\\\/\\\/clair.si\\\/hr\\\/izdelek\\\/pony-sedlo-evolution-jumping\\\/#primaryimage\",\"url\":\"https:\\\/\\\/clair.si\\\/wp-content\\\/uploads\\\/2022\\\/06\\\/guy-cantin-evolution-jumping-pony-sedlo.webp\",\"contentUrl\":\"https:\\\/\\\/clair.si\\\/wp-content\\\/uploads\\\/2022\\\/06\\\/guy-cantin-evolution-jumping-pony-sedlo.webp\",\"width\":800,\"height\":800,\"caption\":\"Pony sedlo Evolution.\"},{\"@type\":\"BreadcrumbList\",\"@id\":\"https:\\\/\\\/clair.si\\\/hr\\\/izdelek\\\/pony-sedlo-evolution-jumping\\\/#breadcrumb\",\"itemListElement\":[{\"@type\":\"ListItem\",\"position\":1,\"name\":\"Home\",\"item\":\"https:\\\/\\\/clair.si\\\/hr\\\/\"},{\"@type\":\"ListItem\",\"position\":2,\"name\":\"Trgovina\",\"item\":\"https:\\\/\\\/clair.si\\\/trgovina\\\/\"},{\"@type\":\"ListItem\",\"position\":3,\"name\":\"Pony sedlo Evolution Jumping\"}]},{\"@type\":\"WebSite\",\"@id\":\"https:\\\/\\\/clair.si\\\/#website\",\"url\":\"https:\\\/\\\/clair.si\\\/\",\"name\":\"Clair\",\"description\":\"Trgovina s konjeni\u0161ko opremo\",\"publisher\":{\"@id\":\"https:\\\/\\\/clair.si\\\/#organization\"},\"potentialAction\":[{\"@type\":\"SearchAction\",\"target\":{\"@type\":\"EntryPoint\",\"urlTemplate\":\"https:\\\/\\\/clair.si\\\/?s={search_term_string}\"},\"query-input\":{\"@type\":\"PropertyValueSpecification\",\"valueRequired\":true,\"valueName\":\"search_term_string\"}}],\"inLanguage\":\"hr\"},{\"@type\":\"Organization\",\"@id\":\"https:\\\/\\\/clair.si\\\/#organization\",\"name\":\"Clair\",\"url\":\"https:\\\/\\\/clair.si\\\/\",\"logo\":{\"@type\":\"ImageObject\",\"inLanguage\":\"hr\",\"@id\":\"https:\\\/\\\/clair.si\\\/#\\\/schema\\\/logo\\\/image\\\/\",\"url\":\"https:\\\/\\\/clair.si\\\/wp-content\\\/uploads\\\/2022\\\/11\\\/clair_logo_2022.jpg\",\"contentUrl\":\"https:\\\/\\\/clair.si\\\/wp-content\\\/uploads\\\/2022\\\/11\\\/clair_logo_2022.jpg\",\"width\":1920,\"height\":1920,\"caption\":\"Clair\"},\"image\":{\"@id\":\"https:\\\/\\\/clair.si\\\/#\\\/schema\\\/logo\\\/image\\\/\"},\"sameAs\":[\"https:\\\/\\\/www.facebook.com\\\/TrgovinaClair\\\/\"]}]}<\/script>\n<!-- \/ Yoast SEO plugin. -->","yoast_head_json":{"title":"Pony sedlo Evolution Jumping - Clair","description":"Pony sedlo Evolution Jumping predstavlja udobnost i sigurnost za djecu te je izra\u0111eno kao prilagodljivi jastu\u010di\u0107 za sedlo sa sigurnosnim dr\u017ea\u010dem.","robots":{"index":"index","follow":"follow","max-snippet":"max-snippet:-1","max-image-preview":"max-image-preview:large","max-video-preview":"max-video-preview:-1"},"canonical":"https:\/\/clair.si\/hr\/izdelek\/pony-sedlo-evolution-jumping\/","og_locale":"hr_HR","og_type":"article","og_title":"Pony sedlo Evolution Jumping - Clair","og_description":"Pony sedlo Evolution Jumping predstavlja udobnost i sigurnost za djecu te je izra\u0111eno kao prilagodljivi jastu\u010di\u0107 za sedlo sa sigurnosnim dr\u017ea\u010dem.","og_url":"https:\/\/clair.si\/hr\/izdelek\/pony-sedlo-evolution-jumping\/","og_site_name":"Clair","article_publisher":"https:\/\/www.facebook.com\/TrgovinaClair\/","article_modified_time":"2025-09-24T09:02:05+00:00","og_image":[{"width":800,"height":800,"url":"https:\/\/clair.si\/wp-content\/uploads\/2022\/06\/guy-cantin-evolution-jumping-pony-sedlo.jpg","type":"image\/jpeg"}],"twitter_card":"summary_large_image","twitter_misc":{"Procijenjeno vrijeme \u010ditanja":"1 minuta"},"schema":{"@context":"https:\/\/schema.org","@graph":[{"@type":"WebPage","@id":"https:\/\/clair.si\/hr\/izdelek\/pony-sedlo-evolution-jumping\/","url":"https:\/\/clair.si\/hr\/izdelek\/pony-sedlo-evolution-jumping\/","name":"Pony sedlo Evolution Jumping - Clair","isPartOf":{"@id":"https:\/\/clair.si\/#website"},"primaryImageOfPage":{"@id":"https:\/\/clair.si\/hr\/izdelek\/pony-sedlo-evolution-jumping\/#primaryimage"},"image":{"@id":"https:\/\/clair.si\/hr\/izdelek\/pony-sedlo-evolution-jumping\/#primaryimage"},"thumbnailUrl":"https:\/\/clair.si\/wp-content\/uploads\/2022\/06\/guy-cantin-evolution-jumping-pony-sedlo.webp","datePublished":"2022-06-07T11:35:39+00:00","dateModified":"2025-09-24T09:02:05+00:00","description":"Pony sedlo Evolution Jumping predstavlja udobnost i sigurnost za djecu te je izra\u0111eno kao prilagodljivi jastu\u010di\u0107 za sedlo sa sigurnosnim dr\u017ea\u010dem.","breadcrumb":{"@id":"https:\/\/clair.si\/hr\/izdelek\/pony-sedlo-evolution-jumping\/#breadcrumb"},"inLanguage":"hr","potentialAction":[{"@type":"ReadAction","target":["https:\/\/clair.si\/hr\/izdelek\/pony-sedlo-evolution-jumping\/"]}]},{"@type":"ImageObject","inLanguage":"hr","@id":"https:\/\/clair.si\/hr\/izdelek\/pony-sedlo-evolution-jumping\/#primaryimage","url":"https:\/\/clair.si\/wp-content\/uploads\/2022\/06\/guy-cantin-evolution-jumping-pony-sedlo.webp","contentUrl":"https:\/\/clair.si\/wp-content\/uploads\/2022\/06\/guy-cantin-evolution-jumping-pony-sedlo.webp","width":800,"height":800,"caption":"Pony sedlo Evolution."},{"@type":"BreadcrumbList","@id":"https:\/\/clair.si\/hr\/izdelek\/pony-sedlo-evolution-jumping\/#breadcrumb","itemListElement":[{"@type":"ListItem","position":1,"name":"Home","item":"https:\/\/clair.si\/hr\/"},{"@type":"ListItem","position":2,"name":"Trgovina","item":"https:\/\/clair.si\/trgovina\/"},{"@type":"ListItem","position":3,"name":"Pony sedlo Evolution Jumping"}]},{"@type":"WebSite","@id":"https:\/\/clair.si\/#website","url":"https:\/\/clair.si\/","name":"Clair","description":"Trgovina s konjeni\u0161ko opremo","publisher":{"@id":"https:\/\/clair.si\/#organization"},"potentialAction":[{"@type":"SearchAction","target":{"@type":"EntryPoint","urlTemplate":"https:\/\/clair.si\/?s={search_term_string}"},"query-input":{"@type":"PropertyValueSpecification","valueRequired":true,"valueName":"search_term_string"}}],"inLanguage":"hr"},{"@type":"Organization","@id":"https:\/\/clair.si\/#organization","name":"Clair","url":"https:\/\/clair.si\/","logo":{"@type":"ImageObject","inLanguage":"hr","@id":"https:\/\/clair.si\/#\/schema\/logo\/image\/","url":"https:\/\/clair.si\/wp-content\/uploads\/2022\/11\/clair_logo_2022.jpg","contentUrl":"https:\/\/clair.si\/wp-content\/uploads\/2022\/11\/clair_logo_2022.jpg","width":1920,"height":1920,"caption":"Clair"},"image":{"@id":"https:\/\/clair.si\/#\/schema\/logo\/image\/"},"sameAs":["https:\/\/www.facebook.com\/TrgovinaClair\/"]}]}},"_links":{"self":[{"href":"https:\/\/clair.si\/hr\/wp-json\/wp\/v2\/product\/104483","targetHints":{"allow":["GET"]}}],"collection":[{"href":"https:\/\/clair.si\/hr\/wp-json\/wp\/v2\/product"}],"about":[{"href":"https:\/\/clair.si\/hr\/wp-json\/wp\/v2\/types\/product"}],"version-history":[{"count":0,"href":"https:\/\/clair.si\/hr\/wp-json\/wp\/v2\/product\/104483\/revisions"}],"wp:featuredmedia":[{"embeddable":true,"href":"https:\/\/clair.si\/hr\/wp-json\/wp\/v2\/media\/104494"}],"wp:attachment":[{"href":"https:\/\/clair.si\/hr\/wp-json\/wp\/v2\/media?parent=104483"}],"wp:term":[{"taxonomy":"product_brand","embeddable":true,"href":"https:\/\/clair.si\/hr\/wp-json\/wp\/v2\/product_brand?post=104483"},{"taxonomy":"product_cat","embeddable":true,"href":"https:\/\/clair.si\/hr\/wp-json\/wp\/v2\/product_cat?post=104483"},{"taxonomy":"product_tag","embeddable":true,"href":"https:\/\/clair.si\/hr\/wp-json\/wp\/v2\/product_tag?post=104483"}],"curies":[{"name":"wp","href":"https:\/\/api.w.org\/{rel}","templated":true}]}}