{"id":104521,"date":"2022-06-08T11:23:33","date_gmt":"2022-06-08T09:23:33","guid":{"rendered":"https:\/\/clair.si\/izdelek\/skakacko-sedlo-norton-pro-jump\/"},"modified":"2026-04-12T08:17:41","modified_gmt":"2026-04-12T06:17:41","slug":"skakacko-sedlo-norton-pro-jump","status":"publish","type":"product","link":"https:\/\/clair.si\/hr\/izdelek\/skakacko-sedlo-norton-pro-jump\/","title":{"rendered":"Skaka\u010dko sedlo NORTON Pro Jump"},"content":{"rendered":"<p><span class=\"VIiyi\" lang=\"sl\"><span class=\"JLqJ4b ChMk0b\" data-language-for-alternatives=\"sl\" data-language-to-translate-into=\"de\" data-phrase-index=\"0\" data-number-of-phrases=\"7\"><span class=\"Q4iAWc\"><strong>Skaka\u010dko sedlo Norton Pro Jump<\/strong> izra\u0111eno je od takozvanih mikrovlakana &#8220;Clarino&#8221; s \u010dak 7 godina garancije!<\/span><\/span> <\/span><\/p>\n<p>Sedlasta osnova od umjetne mase, polipropilena, zamjenjivi pripenjalni sedlasti remeni i vihorni lukovi, koje kad god, brzo zamijenimo i prilagodimo, nude svu udobnost za konja. Sedlasti lukovi su dostupni u na\u0161oj web trgovini. <\/p>\n<p><span class=\"VIiyi\" lang=\"sl\"><span class=\"JLqJ4b ChMk0b\" data-language-for-alternatives=\"sl\" data-language-to-translate-into=\"de\" data-phrase-index=\"1\" data-number-of-phrases=\"7\"><span class=\"Q4iAWc\">Blokovi za koljena su snemljivi i mogu\u0107e ih je prilagoditi ili odstraniti s Velcro \u010di\u010dcima. Svaki jaha\u010d mo\u017ee na taj na\u010din sam namjestiti polo\u017eaj noge u sedlu. <\/span><\/span><\/span><\/p>\n<p><span class=\"VIiyi\" lang=\"sl\"> <span class=\"JLqJ4b ChMk0b\" data-language-for-alternatives=\"sl\" data-language-to-translate-into=\"de\" data-phrase-index=\"4\" data-number-of-phrases=\"7\"><span class=\"Q4iAWc\">Sjedi\u0161te sedla je oblo\u017eeno poliuretanom visoke gusto\u0107e.<\/span><\/span> <span class=\"JLqJ4b ChMk0b\" data-language-for-alternatives=\"sl\" data-language-to-translate-into=\"de\" data-phrase-index=\"5\" data-number-of-phrases=\"7\"><span class=\"Q4iAWc\">Sedlaste jastu\u010di\u0107e su podlo\u017eene mje\u0161avinom prave i sinteti\u010dke vune.<\/span><\/span> <\/span><\/p>\n<p><span class=\"VIiyi\" lang=\"sl\"><span class=\"JLqJ4b ChMk0b\" data-language-for-alternatives=\"sl\" data-language-to-translate-into=\"de\" data-phrase-index=\"6\" data-number-of-phrases=\"7\"><span class=\"Q4iAWc\">Skaka\u010dko sedlo Norton Pro Jump ima<strong> 3 godine garancije na sedlastu osnovu i \u010dak 7 godina garancije na gornji materijal sedla, &#8221;Clarino&#8221;!<\/strong><br \/>\n<\/span><\/span><\/span><\/p>\n","protected":false},"excerpt":{"rendered":"<p><span class=\"VIiyi\" lang=\"sl\"><span class=\"JLqJ4b ChMk0b\" data-language-for-alternatives=\"sl\" data-language-to-translate-into=\"en\" data-phrase-index=\"0\" data-number-of-phrases=\"1\"><span class=\"Q4iAWc\"><strong>S skaka\u010dkim sedlom Norton Pro Jump<\/strong> \u0107ete instinktivno prona\u0107i svoje mjesto u sedlu, va\u0161e noge \u0107e zauzeti prirodan polo\u017eaj i pomo\u0107i vam dose\u0107i pravilan sjed.<\/span><\/span><\/span><\/p>\n","protected":false},"featured_media":104529,"template":"","meta":{"footnotes":""},"product_brand":[],"product_cat":[5624,5940,6936],"product_tag":[],"class_list":{"0":"post-104521","1":"product","2":"type-product","3":"status-publish","4":"has-post-thumbnail","6":"product_cat-konj-hr","7":"product_cat-sedla-hr","8":"product_cat-skakacka-sedla","10":"first","11":"instock","12":"sale","13":"shipping-taxable","14":"purchasable","15":"product-type-variable"},"yoast_head":"<!-- This site is optimized with the Yoast SEO plugin v27.4 - https:\/\/yoast.com\/product\/yoast-seo-wordpress\/ -->\n<title>Skaka\u010dko sedlo NORTON Pro Jump - Clair<\/title>\n<meta name=\"description\" content=\"Skaka\u010dko sedlo Norton Pro Jump izra\u0111eno je od takozvanih mikrovlakana &quot;Clarino&quot;, za udobnost i sa \u010dak 7 godina garancije!\" \/>\n<meta name=\"robots\" content=\"index, follow, max-snippet:-1, max-image-preview:large, max-video-preview:-1\" \/>\n<link rel=\"canonical\" href=\"https:\/\/clair.si\/hr\/izdelek\/skakacko-sedlo-norton-pro-jump\/\" \/>\n<meta property=\"og:locale\" content=\"hr_HR\" \/>\n<meta property=\"og:type\" content=\"article\" \/>\n<meta property=\"og:title\" content=\"Skaka\u010dko sedlo NORTON Pro Jump - Clair\" \/>\n<meta property=\"og:description\" content=\"Skaka\u010dko sedlo Norton Pro Jump izra\u0111eno je od takozvanih mikrovlakana &quot;Clarino&quot;, za udobnost i sa \u010dak 7 godina garancije!\" \/>\n<meta property=\"og:url\" content=\"https:\/\/clair.si\/hr\/izdelek\/skakacko-sedlo-norton-pro-jump\/\" \/>\n<meta property=\"og:site_name\" content=\"Clair\" \/>\n<meta property=\"article:publisher\" content=\"https:\/\/www.facebook.com\/TrgovinaClair\/\" \/>\n<meta property=\"article:modified_time\" content=\"2026-04-12T06:17:41+00:00\" \/>\n<meta property=\"og:image\" content=\"https:\/\/clair.si\/wp-content\/uploads\/2022\/06\/norton-pro-skakalno-sedlo.jpg\" \/>\n\t<meta property=\"og:image:width\" content=\"800\" \/>\n\t<meta property=\"og:image:height\" content=\"800\" \/>\n\t<meta property=\"og:image:type\" content=\"image\/jpeg\" \/>\n<meta name=\"twitter:card\" content=\"summary_large_image\" \/>\n<meta name=\"twitter:label1\" content=\"Procijenjeno vrijeme \u010ditanja\" \/>\n\t<meta name=\"twitter:data1\" content=\"1 minuta\" \/>\n<script type=\"application\/ld+json\" class=\"yoast-schema-graph\">{\"@context\":\"https:\\\/\\\/schema.org\",\"@graph\":[{\"@type\":\"WebPage\",\"@id\":\"https:\\\/\\\/clair.si\\\/hr\\\/izdelek\\\/skakacko-sedlo-norton-pro-jump\\\/\",\"url\":\"https:\\\/\\\/clair.si\\\/hr\\\/izdelek\\\/skakacko-sedlo-norton-pro-jump\\\/\",\"name\":\"Skaka\u010dko sedlo NORTON Pro Jump - Clair\",\"isPartOf\":{\"@id\":\"https:\\\/\\\/clair.si\\\/#website\"},\"primaryImageOfPage\":{\"@id\":\"https:\\\/\\\/clair.si\\\/hr\\\/izdelek\\\/skakacko-sedlo-norton-pro-jump\\\/#primaryimage\"},\"image\":{\"@id\":\"https:\\\/\\\/clair.si\\\/hr\\\/izdelek\\\/skakacko-sedlo-norton-pro-jump\\\/#primaryimage\"},\"thumbnailUrl\":\"https:\\\/\\\/clair.si\\\/wp-content\\\/uploads\\\/2022\\\/06\\\/norton-pro-skakalno-sedlo.webp\",\"datePublished\":\"2022-06-08T09:23:33+00:00\",\"dateModified\":\"2026-04-12T06:17:41+00:00\",\"description\":\"Skaka\u010dko sedlo Norton Pro Jump izra\u0111eno je od takozvanih mikrovlakana \\\"Clarino\\\", za udobnost i sa \u010dak 7 godina garancije!\",\"breadcrumb\":{\"@id\":\"https:\\\/\\\/clair.si\\\/hr\\\/izdelek\\\/skakacko-sedlo-norton-pro-jump\\\/#breadcrumb\"},\"inLanguage\":\"hr\",\"potentialAction\":[{\"@type\":\"ReadAction\",\"target\":[\"https:\\\/\\\/clair.si\\\/hr\\\/izdelek\\\/skakacko-sedlo-norton-pro-jump\\\/\"]}]},{\"@type\":\"ImageObject\",\"inLanguage\":\"hr\",\"@id\":\"https:\\\/\\\/clair.si\\\/hr\\\/izdelek\\\/skakacko-sedlo-norton-pro-jump\\\/#primaryimage\",\"url\":\"https:\\\/\\\/clair.si\\\/wp-content\\\/uploads\\\/2022\\\/06\\\/norton-pro-skakalno-sedlo.webp\",\"contentUrl\":\"https:\\\/\\\/clair.si\\\/wp-content\\\/uploads\\\/2022\\\/06\\\/norton-pro-skakalno-sedlo.webp\",\"width\":800,\"height\":800,\"caption\":\"Norton Pro Jump skakalno sedlo.\"},{\"@type\":\"BreadcrumbList\",\"@id\":\"https:\\\/\\\/clair.si\\\/hr\\\/izdelek\\\/skakacko-sedlo-norton-pro-jump\\\/#breadcrumb\",\"itemListElement\":[{\"@type\":\"ListItem\",\"position\":1,\"name\":\"Home\",\"item\":\"https:\\\/\\\/clair.si\\\/hr\\\/\"},{\"@type\":\"ListItem\",\"position\":2,\"name\":\"Trgovina\",\"item\":\"https:\\\/\\\/clair.si\\\/trgovina\\\/\"},{\"@type\":\"ListItem\",\"position\":3,\"name\":\"Skaka\u010dko sedlo NORTON Pro Jump\"}]},{\"@type\":\"WebSite\",\"@id\":\"https:\\\/\\\/clair.si\\\/#website\",\"url\":\"https:\\\/\\\/clair.si\\\/\",\"name\":\"Clair\",\"description\":\"Trgovina s konjeni\u0161ko opremo\",\"publisher\":{\"@id\":\"https:\\\/\\\/clair.si\\\/#organization\"},\"potentialAction\":[{\"@type\":\"SearchAction\",\"target\":{\"@type\":\"EntryPoint\",\"urlTemplate\":\"https:\\\/\\\/clair.si\\\/?s={search_term_string}\"},\"query-input\":{\"@type\":\"PropertyValueSpecification\",\"valueRequired\":true,\"valueName\":\"search_term_string\"}}],\"inLanguage\":\"hr\"},{\"@type\":\"Organization\",\"@id\":\"https:\\\/\\\/clair.si\\\/#organization\",\"name\":\"Clair\",\"url\":\"https:\\\/\\\/clair.si\\\/\",\"logo\":{\"@type\":\"ImageObject\",\"inLanguage\":\"hr\",\"@id\":\"https:\\\/\\\/clair.si\\\/#\\\/schema\\\/logo\\\/image\\\/\",\"url\":\"https:\\\/\\\/clair.si\\\/wp-content\\\/uploads\\\/2022\\\/11\\\/clair_logo_2022.jpg\",\"contentUrl\":\"https:\\\/\\\/clair.si\\\/wp-content\\\/uploads\\\/2022\\\/11\\\/clair_logo_2022.jpg\",\"width\":1920,\"height\":1920,\"caption\":\"Clair\"},\"image\":{\"@id\":\"https:\\\/\\\/clair.si\\\/#\\\/schema\\\/logo\\\/image\\\/\"},\"sameAs\":[\"https:\\\/\\\/www.facebook.com\\\/TrgovinaClair\\\/\"]}]}<\/script>\n<!-- \/ Yoast SEO plugin. -->","yoast_head_json":{"title":"Skaka\u010dko sedlo NORTON Pro Jump - Clair","description":"Skaka\u010dko sedlo Norton Pro Jump izra\u0111eno je od takozvanih mikrovlakana \"Clarino\", za udobnost i sa \u010dak 7 godina garancije!","robots":{"index":"index","follow":"follow","max-snippet":"max-snippet:-1","max-image-preview":"max-image-preview:large","max-video-preview":"max-video-preview:-1"},"canonical":"https:\/\/clair.si\/hr\/izdelek\/skakacko-sedlo-norton-pro-jump\/","og_locale":"hr_HR","og_type":"article","og_title":"Skaka\u010dko sedlo NORTON Pro Jump - Clair","og_description":"Skaka\u010dko sedlo Norton Pro Jump izra\u0111eno je od takozvanih mikrovlakana \"Clarino\", za udobnost i sa \u010dak 7 godina garancije!","og_url":"https:\/\/clair.si\/hr\/izdelek\/skakacko-sedlo-norton-pro-jump\/","og_site_name":"Clair","article_publisher":"https:\/\/www.facebook.com\/TrgovinaClair\/","article_modified_time":"2026-04-12T06:17:41+00:00","og_image":[{"width":800,"height":800,"url":"https:\/\/clair.si\/wp-content\/uploads\/2022\/06\/norton-pro-skakalno-sedlo.jpg","type":"image\/jpeg"}],"twitter_card":"summary_large_image","twitter_misc":{"Procijenjeno vrijeme \u010ditanja":"1 minuta"},"schema":{"@context":"https:\/\/schema.org","@graph":[{"@type":"WebPage","@id":"https:\/\/clair.si\/hr\/izdelek\/skakacko-sedlo-norton-pro-jump\/","url":"https:\/\/clair.si\/hr\/izdelek\/skakacko-sedlo-norton-pro-jump\/","name":"Skaka\u010dko sedlo NORTON Pro Jump - Clair","isPartOf":{"@id":"https:\/\/clair.si\/#website"},"primaryImageOfPage":{"@id":"https:\/\/clair.si\/hr\/izdelek\/skakacko-sedlo-norton-pro-jump\/#primaryimage"},"image":{"@id":"https:\/\/clair.si\/hr\/izdelek\/skakacko-sedlo-norton-pro-jump\/#primaryimage"},"thumbnailUrl":"https:\/\/clair.si\/wp-content\/uploads\/2022\/06\/norton-pro-skakalno-sedlo.webp","datePublished":"2022-06-08T09:23:33+00:00","dateModified":"2026-04-12T06:17:41+00:00","description":"Skaka\u010dko sedlo Norton Pro Jump izra\u0111eno je od takozvanih mikrovlakana \"Clarino\", za udobnost i sa \u010dak 7 godina garancije!","breadcrumb":{"@id":"https:\/\/clair.si\/hr\/izdelek\/skakacko-sedlo-norton-pro-jump\/#breadcrumb"},"inLanguage":"hr","potentialAction":[{"@type":"ReadAction","target":["https:\/\/clair.si\/hr\/izdelek\/skakacko-sedlo-norton-pro-jump\/"]}]},{"@type":"ImageObject","inLanguage":"hr","@id":"https:\/\/clair.si\/hr\/izdelek\/skakacko-sedlo-norton-pro-jump\/#primaryimage","url":"https:\/\/clair.si\/wp-content\/uploads\/2022\/06\/norton-pro-skakalno-sedlo.webp","contentUrl":"https:\/\/clair.si\/wp-content\/uploads\/2022\/06\/norton-pro-skakalno-sedlo.webp","width":800,"height":800,"caption":"Norton Pro Jump skakalno sedlo."},{"@type":"BreadcrumbList","@id":"https:\/\/clair.si\/hr\/izdelek\/skakacko-sedlo-norton-pro-jump\/#breadcrumb","itemListElement":[{"@type":"ListItem","position":1,"name":"Home","item":"https:\/\/clair.si\/hr\/"},{"@type":"ListItem","position":2,"name":"Trgovina","item":"https:\/\/clair.si\/trgovina\/"},{"@type":"ListItem","position":3,"name":"Skaka\u010dko sedlo NORTON Pro Jump"}]},{"@type":"WebSite","@id":"https:\/\/clair.si\/#website","url":"https:\/\/clair.si\/","name":"Clair","description":"Trgovina s konjeni\u0161ko opremo","publisher":{"@id":"https:\/\/clair.si\/#organization"},"potentialAction":[{"@type":"SearchAction","target":{"@type":"EntryPoint","urlTemplate":"https:\/\/clair.si\/?s={search_term_string}"},"query-input":{"@type":"PropertyValueSpecification","valueRequired":true,"valueName":"search_term_string"}}],"inLanguage":"hr"},{"@type":"Organization","@id":"https:\/\/clair.si\/#organization","name":"Clair","url":"https:\/\/clair.si\/","logo":{"@type":"ImageObject","inLanguage":"hr","@id":"https:\/\/clair.si\/#\/schema\/logo\/image\/","url":"https:\/\/clair.si\/wp-content\/uploads\/2022\/11\/clair_logo_2022.jpg","contentUrl":"https:\/\/clair.si\/wp-content\/uploads\/2022\/11\/clair_logo_2022.jpg","width":1920,"height":1920,"caption":"Clair"},"image":{"@id":"https:\/\/clair.si\/#\/schema\/logo\/image\/"},"sameAs":["https:\/\/www.facebook.com\/TrgovinaClair\/"]}]}},"_links":{"self":[{"href":"https:\/\/clair.si\/hr\/wp-json\/wp\/v2\/product\/104521","targetHints":{"allow":["GET"]}}],"collection":[{"href":"https:\/\/clair.si\/hr\/wp-json\/wp\/v2\/product"}],"about":[{"href":"https:\/\/clair.si\/hr\/wp-json\/wp\/v2\/types\/product"}],"version-history":[{"count":0,"href":"https:\/\/clair.si\/hr\/wp-json\/wp\/v2\/product\/104521\/revisions"}],"wp:featuredmedia":[{"embeddable":true,"href":"https:\/\/clair.si\/hr\/wp-json\/wp\/v2\/media\/104529"}],"wp:attachment":[{"href":"https:\/\/clair.si\/hr\/wp-json\/wp\/v2\/media?parent=104521"}],"wp:term":[{"taxonomy":"product_brand","embeddable":true,"href":"https:\/\/clair.si\/hr\/wp-json\/wp\/v2\/product_brand?post=104521"},{"taxonomy":"product_cat","embeddable":true,"href":"https:\/\/clair.si\/hr\/wp-json\/wp\/v2\/product_cat?post=104521"},{"taxonomy":"product_tag","embeddable":true,"href":"https:\/\/clair.si\/hr\/wp-json\/wp\/v2\/product_tag?post=104521"}],"curies":[{"name":"wp","href":"https:\/\/api.w.org\/{rel}","templated":true}]}}