{"id":104549,"date":"2022-05-23T22:41:21","date_gmt":"2022-05-23T20:41:21","guid":{"rendered":"https:\/\/clair.si\/izdelek\/marstall-wiesen-cobs\/"},"modified":"2025-08-28T19:49:07","modified_gmt":"2025-08-28T17:49:07","slug":"marstall-wiesen-cobs","status":"publish","type":"product","link":"https:\/\/clair.si\/hr\/izdelek\/marstall-wiesen-cobs\/","title":{"rendered":"Marstall Wiesen-Cobs"},"content":{"rendered":"<p><span class=\"VIiyi\" lang=\"sl\"><span class=\"JLqJ4b ChMk0b\" data-language-for-alternatives=\"sl\" data-language-to-translate-into=\"en\" data-phrase-index=\"0\" data-number-of-phrases=\"12\"><span class=\"Q4iAWc\"><strong>Marstall Wiesen-Cobs<\/strong> sadr\u017ei na toplom zraku su\u0161eno sijeno s bioraznolikih travnjaka Allg\u00e4ua (Njema\u010dka).<\/span><\/span> <strong><span class=\"JLqJ4b ChMk0b\" data-language-for-alternatives=\"sl\" data-language-to-translate-into=\"en\" data-phrase-index=\"1\" data-number-of-phrases=\"12\"><span class=\"Q4iAWc\">Briketi sijena su potpuno prirodni, imaju malo proteina i puno vlakana.<\/span><\/span><\/strong> <span class=\"JLqJ4b ChMk0b\" data-language-for-alternatives=\"sl\" data-language-to-translate-into=\"en\" data-phrase-index=\"2\" data-number-of-phrases=\"12\"><span class=\"Q4iAWc\">Tijekom proizvodnog procesa se ne dodaje melasa, a briketi sijena za konje sadr\u017ee vrlo malo fruktana.<\/span><\/span> <\/span><\/p>\n<p><span class=\"VIiyi\" lang=\"sl\"><strong><span class=\"JLqJ4b ChMk0b\" data-language-for-alternatives=\"sl\" data-language-to-translate-into=\"en\" data-phrase-index=\"4\" data-number-of-phrases=\"12\"><span class=\"Q4iAWc\">Namo\u010deni Marstal Wiesen-Cobs briketi sijena su idealna zamjena za sijeno \u2013 tako\u0111er za konje s problemima pri \u017evakanju<\/span><\/span>.<\/strong> <\/span><\/p>\n<p><span class=\"VIiyi\" lang=\"sl\"><span class=\"JLqJ4b ChMk0b\" data-language-for-alternatives=\"sl\" data-language-to-translate-into=\"en\" data-phrase-index=\"6\" data-number-of-phrases=\"12\"><span class=\"Q4iAWc\">Kao vrsta, konji su se razvili tako da s lako\u0107om probavljaju bujne bogate trave.<\/span><\/span> <span class=\"JLqJ4b ChMk0b\" data-language-for-alternatives=\"sl\" data-language-to-translate-into=\"en\" data-phrase-index=\"7\" data-number-of-phrases=\"12\"><span class=\"Q4iAWc\">Travnjaci Allg\u00e4ua su dom najrazli\u010ditijih trava. Kasna ko\u0161nja, nje\u017ean postupak sjeckanja i trenutno su\u0161enje na toplom zraku zna\u010de da su Marstall briketi sijena Wiesen-Cobs vrhunski izvor krme s odli\u010dnim strukturnim u\u010dinkom. <\/span><\/span><br \/>\n<\/span><\/p>\n<p><span class=\"VIiyi\" lang=\"sl\"><span class=\"JLqJ4b ChMk0b\" data-language-for-alternatives=\"sl\" data-language-to-translate-into=\"en\" data-phrase-index=\"9\" data-number-of-phrases=\"12\"><span class=\"Q4iAWc\"><strong>Marstall Wiesen-Cobs<\/strong> se mo\u017ee hraniti <strong>kao krmni dodatak ili kao potpuna zamjena za sijeno<\/strong> i idealan je i za stare konje.<\/span><\/span> <\/span><\/p>\n<p><span class=\"VIiyi\" lang=\"sl\"><span class=\"JLqJ4b ChMk0b\" data-language-for-alternatives=\"sl\" data-language-to-translate-into=\"en\" data-phrase-index=\"10\" data-number-of-phrases=\"12\"><span class=\"Q4iAWc\">Kad govorimo o skladi\u0161tenju, u prosjeku 16 mm veliki briketi sijena zauzimaju malo prostora i ne sadr\u017ee pra\u0161inu.<\/span><\/span> <\/span><\/p>\n<p><strong><span class=\"VIiyi\" lang=\"sl\"><span class=\"JLqJ4b ChMk0b\" data-language-for-alternatives=\"sl\" data-language-to-translate-into=\"en\" data-phrase-index=\"11\" data-number-of-phrases=\"12\"><span class=\"Q4iAWc\">Prije hranjenja ih je potrebno namo\u010diti s dovoljnom koli\u010dinom vode na otprilike pola sata!<\/span><\/span><\/span><\/strong><\/p>\n<p><strong>Sastav:<\/strong><\/p>\n<p><em><span class=\"VIiyi\" lang=\"sl\"><span class=\"JLqJ4b ChMk0b\" data-language-for-alternatives=\"sl\" data-language-to-translate-into=\"en\" data-phrase-index=\"0\" data-number-of-phrases=\"1\"><span class=\"Q4iAWc\">Trava, su\u0161ena pri visokoj temperaturi (100,00 %)<\/span><\/span><\/span>.<\/em><\/p>\n<p>Analiti\u010dki sastav: sirove bjelan\u010devine (SB): 9,30 %, probavljive sirove bjelan\u010devine (PSB): 6,10 %, sirova mast (SM): 2,50 %, sirova vlaknina (SV): 25,10 %, sirovi pepeo (SP): 7,80 %, energija (DE): 8,20 MJ\/kg, energija (ME) GfE 2014: 7,20 MJ\/kg, fruktoza: 3,90 %.<br \/>\nNutritivni dodaci (na 1 kg):<br \/>\nGlavni elementi: kalcij 0,50 %, fosfor 0,30 %, natrij 0,20 %, kalij 1,20 %, magnezij 0,30 %.<br \/>\nU masti topljivi vitamini: vitamin E 80,00 mg, karoten 41,20 mg.<br \/>\nElementi u tragovima: \u017eeljezo 225,00 mg, bakar 7,80 mg, cink 30,00 mg, mangan 140,00 mg, kobalt 0,13 mg, jod 0,22 mg, selen 0,10 mg.<\/p>\n","protected":false},"excerpt":{"rendered":"<p><strong>Za ovaj proizvod se zbog dimenzija ili te\u017eine obra\u010dunavaju dodatni tro\u0161kovi po\u0161tarine u vrijednosti 15\u20ac \/ kom.<\/strong><\/p>\n<p>&nbsp;<\/p>\n<p><span class=\"VIiyi\" lang=\"sl\"><strong><span class=\"JLqJ4b ChMk0b\" data-language-for-alternatives=\"sl\" data-language-to-translate-into=\"en\" data-phrase-index=\"0\" data-number-of-phrases=\"9\"><span class=\"Q4iAWc\">\u010cisto Allg\u00e4u sijeno!<\/span><\/span> <\/strong><\/span><\/p>\n<ul>\n<li><span class=\"VIiyi\" lang=\"sl\"><span class=\"JLqJ4b ChMk0b\" data-language-for-alternatives=\"sl\" data-language-to-translate-into=\"en\" data-phrase-index=\"2\" data-number-of-phrases=\"9\"><span class=\"Q4iAWc\">nje\u017eno osu\u0161eno<\/span><\/span> <\/span><\/li>\n<li><span class=\"VIiyi\" lang=\"sl\"><span class=\"JLqJ4b ChMk0b\" data-language-for-alternatives=\"sl\" data-language-to-translate-into=\"en\" data-phrase-index=\"4\" data-number-of-phrases=\"9\"><span class=\"Q4iAWc\">bez pra\u0161ine<\/span><\/span><\/span><\/li>\n<li><span class=\"VIiyi\" lang=\"sl\"> <span class=\"JLqJ4b ChMk0b\" data-language-for-alternatives=\"sl\" data-language-to-translate-into=\"en\" data-phrase-index=\"6\" data-number-of-phrases=\"9\"><span class=\"Q4iAWc\">nizak udio fruktana<\/span><\/span><\/span><\/li>\n<li><span class=\"VIiyi\" lang=\"sl\"> <span class=\"JLqJ4b ChMk0b\" data-language-for-alternatives=\"sl\" data-language-to-translate-into=\"en\" data-phrase-index=\"8\" data-number-of-phrases=\"9\"><span class=\"Q4iAWc\">bez dodataka<\/span><\/span><\/span><\/li>\n<\/ul>\n<p><strong>Koli\u010dina: 20 kg<\/strong><\/p>\n","protected":false},"featured_media":104550,"template":"","meta":{"footnotes":""},"product_brand":[],"product_cat":[5710,6089,6302],"product_tag":[],"class_list":{"0":"post-104549","1":"product","2":"type-product","3":"status-publish","4":"has-post-thumbnail","6":"product_cat-hrana-za-konje-hr","7":"product_cat-marstall-hr","8":"product_cat-puno-strukture","9":"product_shipping_class-marstall-hr","11":"first","12":"instock","13":"sale","14":"featured","15":"shipping-taxable","16":"purchasable","17":"product-type-simple"},"yoast_head":"<!-- This site is optimized with the Yoast SEO plugin v27.4 - https:\/\/yoast.com\/product\/yoast-seo-wordpress\/ -->\n<title>Marstall Wiesen-Cobs - Clair<\/title>\n<meta name=\"description\" content=\"Marstall Wiesen-Cobs briketi sijena su potpuno prirodni, imaju malo proteina i puno vlakana. Pogledajte cijelu na\u0161u ponudu hrane za konje Marstall!\" \/>\n<meta name=\"robots\" content=\"index, follow, max-snippet:-1, max-image-preview:large, max-video-preview:-1\" \/>\n<link rel=\"canonical\" href=\"https:\/\/clair.si\/izdelek\/marstall-wiesen-cobs\/\" \/>\n<meta property=\"og:locale\" content=\"hr_HR\" \/>\n<meta property=\"og:type\" content=\"article\" \/>\n<meta property=\"og:title\" content=\"Marstall Wiesen-Cobs - Clair\" \/>\n<meta property=\"og:description\" content=\"Marstall Wiesen-Cobs briketi sijena su potpuno prirodni, imaju malo proteina i puno vlakana. Pogledajte cijelu na\u0161u ponudu hrane za konje Marstall!\" \/>\n<meta property=\"og:url\" content=\"https:\/\/clair.si\/izdelek\/marstall-wiesen-cobs\/\" \/>\n<meta property=\"og:site_name\" content=\"Clair\" \/>\n<meta property=\"article:publisher\" content=\"https:\/\/www.facebook.com\/TrgovinaClair\/\" \/>\n<meta property=\"article:modified_time\" content=\"2025-08-28T17:49:07+00:00\" \/>\n<meta property=\"og:image\" content=\"https:\/\/clair.si\/wp-content\/uploads\/2022\/05\/wiesen-cobs-marstall-briketi-seno-za-konje.jpg\" \/>\n\t<meta property=\"og:image:width\" content=\"800\" \/>\n\t<meta property=\"og:image:height\" content=\"800\" \/>\n\t<meta property=\"og:image:type\" content=\"image\/jpeg\" \/>\n<meta name=\"twitter:card\" content=\"summary_large_image\" \/>\n<meta name=\"twitter:label1\" content=\"Procijenjeno vrijeme \u010ditanja\" \/>\n\t<meta name=\"twitter:data1\" content=\"2 minute\" \/>\n<script type=\"application\/ld+json\" class=\"yoast-schema-graph\">{\"@context\":\"https:\\\/\\\/schema.org\",\"@graph\":[{\"@type\":\"WebPage\",\"@id\":\"https:\\\/\\\/clair.si\\\/izdelek\\\/marstall-wiesen-cobs\\\/\",\"url\":\"https:\\\/\\\/clair.si\\\/izdelek\\\/marstall-wiesen-cobs\\\/\",\"name\":\"Marstall Wiesen-Cobs - Clair\",\"isPartOf\":{\"@id\":\"https:\\\/\\\/clair.si\\\/#website\"},\"primaryImageOfPage\":{\"@id\":\"https:\\\/\\\/clair.si\\\/izdelek\\\/marstall-wiesen-cobs\\\/#primaryimage\"},\"image\":{\"@id\":\"https:\\\/\\\/clair.si\\\/izdelek\\\/marstall-wiesen-cobs\\\/#primaryimage\"},\"thumbnailUrl\":\"https:\\\/\\\/clair.si\\\/wp-content\\\/uploads\\\/2022\\\/05\\\/wiesen-cobs-marstall-briketi-seno-za-konje.webp\",\"datePublished\":\"2022-05-23T20:41:21+00:00\",\"dateModified\":\"2025-08-28T17:49:07+00:00\",\"description\":\"Marstall Wiesen-Cobs briketi sijena su potpuno prirodni, imaju malo proteina i puno vlakana. Pogledajte cijelu na\u0161u ponudu hrane za konje Marstall!\",\"breadcrumb\":{\"@id\":\"https:\\\/\\\/clair.si\\\/izdelek\\\/marstall-wiesen-cobs\\\/#breadcrumb\"},\"inLanguage\":\"hr\",\"potentialAction\":[{\"@type\":\"ReadAction\",\"target\":[\"https:\\\/\\\/clair.si\\\/izdelek\\\/marstall-wiesen-cobs\\\/\"]}]},{\"@type\":\"ImageObject\",\"inLanguage\":\"hr\",\"@id\":\"https:\\\/\\\/clair.si\\\/izdelek\\\/marstall-wiesen-cobs\\\/#primaryimage\",\"url\":\"https:\\\/\\\/clair.si\\\/wp-content\\\/uploads\\\/2022\\\/05\\\/wiesen-cobs-marstall-briketi-seno-za-konje.webp\",\"contentUrl\":\"https:\\\/\\\/clair.si\\\/wp-content\\\/uploads\\\/2022\\\/05\\\/wiesen-cobs-marstall-briketi-seno-za-konje.webp\",\"width\":800,\"height\":800},{\"@type\":\"BreadcrumbList\",\"@id\":\"https:\\\/\\\/clair.si\\\/izdelek\\\/marstall-wiesen-cobs\\\/#breadcrumb\",\"itemListElement\":[{\"@type\":\"ListItem\",\"position\":1,\"name\":\"Home\",\"item\":\"https:\\\/\\\/clair.si\\\/hr\\\/\"},{\"@type\":\"ListItem\",\"position\":2,\"name\":\"Trgovina\",\"item\":\"https:\\\/\\\/clair.si\\\/trgovina\\\/\"},{\"@type\":\"ListItem\",\"position\":3,\"name\":\"Marstall Wiesen-Cobs\"}]},{\"@type\":\"WebSite\",\"@id\":\"https:\\\/\\\/clair.si\\\/#website\",\"url\":\"https:\\\/\\\/clair.si\\\/\",\"name\":\"Clair\",\"description\":\"Trgovina s konjeni\u0161ko opremo\",\"publisher\":{\"@id\":\"https:\\\/\\\/clair.si\\\/#organization\"},\"potentialAction\":[{\"@type\":\"SearchAction\",\"target\":{\"@type\":\"EntryPoint\",\"urlTemplate\":\"https:\\\/\\\/clair.si\\\/?s={search_term_string}\"},\"query-input\":{\"@type\":\"PropertyValueSpecification\",\"valueRequired\":true,\"valueName\":\"search_term_string\"}}],\"inLanguage\":\"hr\"},{\"@type\":\"Organization\",\"@id\":\"https:\\\/\\\/clair.si\\\/#organization\",\"name\":\"Clair\",\"url\":\"https:\\\/\\\/clair.si\\\/\",\"logo\":{\"@type\":\"ImageObject\",\"inLanguage\":\"hr\",\"@id\":\"https:\\\/\\\/clair.si\\\/#\\\/schema\\\/logo\\\/image\\\/\",\"url\":\"https:\\\/\\\/clair.si\\\/wp-content\\\/uploads\\\/2022\\\/11\\\/clair_logo_2022.jpg\",\"contentUrl\":\"https:\\\/\\\/clair.si\\\/wp-content\\\/uploads\\\/2022\\\/11\\\/clair_logo_2022.jpg\",\"width\":1920,\"height\":1920,\"caption\":\"Clair\"},\"image\":{\"@id\":\"https:\\\/\\\/clair.si\\\/#\\\/schema\\\/logo\\\/image\\\/\"},\"sameAs\":[\"https:\\\/\\\/www.facebook.com\\\/TrgovinaClair\\\/\"]}]}<\/script>\n<!-- \/ Yoast SEO plugin. -->","yoast_head_json":{"title":"Marstall Wiesen-Cobs - Clair","description":"Marstall Wiesen-Cobs briketi sijena su potpuno prirodni, imaju malo proteina i puno vlakana. Pogledajte cijelu na\u0161u ponudu hrane za konje Marstall!","robots":{"index":"index","follow":"follow","max-snippet":"max-snippet:-1","max-image-preview":"max-image-preview:large","max-video-preview":"max-video-preview:-1"},"canonical":"https:\/\/clair.si\/izdelek\/marstall-wiesen-cobs\/","og_locale":"hr_HR","og_type":"article","og_title":"Marstall Wiesen-Cobs - Clair","og_description":"Marstall Wiesen-Cobs briketi sijena su potpuno prirodni, imaju malo proteina i puno vlakana. Pogledajte cijelu na\u0161u ponudu hrane za konje Marstall!","og_url":"https:\/\/clair.si\/izdelek\/marstall-wiesen-cobs\/","og_site_name":"Clair","article_publisher":"https:\/\/www.facebook.com\/TrgovinaClair\/","article_modified_time":"2025-08-28T17:49:07+00:00","og_image":[{"width":800,"height":800,"url":"https:\/\/clair.si\/wp-content\/uploads\/2022\/05\/wiesen-cobs-marstall-briketi-seno-za-konje.jpg","type":"image\/jpeg"}],"twitter_card":"summary_large_image","twitter_misc":{"Procijenjeno vrijeme \u010ditanja":"2 minute"},"schema":{"@context":"https:\/\/schema.org","@graph":[{"@type":"WebPage","@id":"https:\/\/clair.si\/izdelek\/marstall-wiesen-cobs\/","url":"https:\/\/clair.si\/izdelek\/marstall-wiesen-cobs\/","name":"Marstall Wiesen-Cobs - Clair","isPartOf":{"@id":"https:\/\/clair.si\/#website"},"primaryImageOfPage":{"@id":"https:\/\/clair.si\/izdelek\/marstall-wiesen-cobs\/#primaryimage"},"image":{"@id":"https:\/\/clair.si\/izdelek\/marstall-wiesen-cobs\/#primaryimage"},"thumbnailUrl":"https:\/\/clair.si\/wp-content\/uploads\/2022\/05\/wiesen-cobs-marstall-briketi-seno-za-konje.webp","datePublished":"2022-05-23T20:41:21+00:00","dateModified":"2025-08-28T17:49:07+00:00","description":"Marstall Wiesen-Cobs briketi sijena su potpuno prirodni, imaju malo proteina i puno vlakana. Pogledajte cijelu na\u0161u ponudu hrane za konje Marstall!","breadcrumb":{"@id":"https:\/\/clair.si\/izdelek\/marstall-wiesen-cobs\/#breadcrumb"},"inLanguage":"hr","potentialAction":[{"@type":"ReadAction","target":["https:\/\/clair.si\/izdelek\/marstall-wiesen-cobs\/"]}]},{"@type":"ImageObject","inLanguage":"hr","@id":"https:\/\/clair.si\/izdelek\/marstall-wiesen-cobs\/#primaryimage","url":"https:\/\/clair.si\/wp-content\/uploads\/2022\/05\/wiesen-cobs-marstall-briketi-seno-za-konje.webp","contentUrl":"https:\/\/clair.si\/wp-content\/uploads\/2022\/05\/wiesen-cobs-marstall-briketi-seno-za-konje.webp","width":800,"height":800},{"@type":"BreadcrumbList","@id":"https:\/\/clair.si\/izdelek\/marstall-wiesen-cobs\/#breadcrumb","itemListElement":[{"@type":"ListItem","position":1,"name":"Home","item":"https:\/\/clair.si\/hr\/"},{"@type":"ListItem","position":2,"name":"Trgovina","item":"https:\/\/clair.si\/trgovina\/"},{"@type":"ListItem","position":3,"name":"Marstall Wiesen-Cobs"}]},{"@type":"WebSite","@id":"https:\/\/clair.si\/#website","url":"https:\/\/clair.si\/","name":"Clair","description":"Trgovina s konjeni\u0161ko opremo","publisher":{"@id":"https:\/\/clair.si\/#organization"},"potentialAction":[{"@type":"SearchAction","target":{"@type":"EntryPoint","urlTemplate":"https:\/\/clair.si\/?s={search_term_string}"},"query-input":{"@type":"PropertyValueSpecification","valueRequired":true,"valueName":"search_term_string"}}],"inLanguage":"hr"},{"@type":"Organization","@id":"https:\/\/clair.si\/#organization","name":"Clair","url":"https:\/\/clair.si\/","logo":{"@type":"ImageObject","inLanguage":"hr","@id":"https:\/\/clair.si\/#\/schema\/logo\/image\/","url":"https:\/\/clair.si\/wp-content\/uploads\/2022\/11\/clair_logo_2022.jpg","contentUrl":"https:\/\/clair.si\/wp-content\/uploads\/2022\/11\/clair_logo_2022.jpg","width":1920,"height":1920,"caption":"Clair"},"image":{"@id":"https:\/\/clair.si\/#\/schema\/logo\/image\/"},"sameAs":["https:\/\/www.facebook.com\/TrgovinaClair\/"]}]}},"_links":{"self":[{"href":"https:\/\/clair.si\/hr\/wp-json\/wp\/v2\/product\/104549","targetHints":{"allow":["GET"]}}],"collection":[{"href":"https:\/\/clair.si\/hr\/wp-json\/wp\/v2\/product"}],"about":[{"href":"https:\/\/clair.si\/hr\/wp-json\/wp\/v2\/types\/product"}],"version-history":[{"count":1,"href":"https:\/\/clair.si\/hr\/wp-json\/wp\/v2\/product\/104549\/revisions"}],"predecessor-version":[{"id":122385,"href":"https:\/\/clair.si\/hr\/wp-json\/wp\/v2\/product\/104549\/revisions\/122385"}],"wp:featuredmedia":[{"embeddable":true,"href":"https:\/\/clair.si\/hr\/wp-json\/wp\/v2\/media\/104550"}],"wp:attachment":[{"href":"https:\/\/clair.si\/hr\/wp-json\/wp\/v2\/media?parent=104549"}],"wp:term":[{"taxonomy":"product_brand","embeddable":true,"href":"https:\/\/clair.si\/hr\/wp-json\/wp\/v2\/product_brand?post=104549"},{"taxonomy":"product_cat","embeddable":true,"href":"https:\/\/clair.si\/hr\/wp-json\/wp\/v2\/product_cat?post=104549"},{"taxonomy":"product_tag","embeddable":true,"href":"https:\/\/clair.si\/hr\/wp-json\/wp\/v2\/product_tag?post=104549"}],"curies":[{"name":"wp","href":"https:\/\/api.w.org\/{rel}","templated":true}]}}