{"id":104553,"date":"2022-05-23T12:56:53","date_gmt":"2022-05-23T10:56:53","guid":{"rendered":"https:\/\/clair.si\/izdelek\/marstall-senior-plus\/"},"modified":"2025-08-28T19:50:31","modified_gmt":"2025-08-28T17:50:31","slug":"marstall-senior-plus","status":"publish","type":"product","link":"https:\/\/clair.si\/hr\/izdelek\/marstall-senior-plus\/","title":{"rendered":"Marstall Senior Plus"},"content":{"rendered":"<p><strong>Marstall Senior Plus<\/strong> su m\u00fcsliji odli\u010dnog okusa, s visokim udjelom energije, lako su probavljivi i odgovaraju potrebama starijih konja i konja u oporavku. Poti\u010du apetit izbirljivih veterana i poma\u017eu bolesnim konjima u rehabilitaciji da ponovno stanu na noge. Tako\u0111er, pospje\u0161uju metabolizam i mogu pomo\u0107i u sprje\u010davanju gubitka te\u017eine povezanog sa staro\u0161\u0107u.<\/p>\n<p>Ovi &#8220;m\u00fcsliji protiv starenja&#8221; osiguravaju ve\u0107u vitalnost, otpornost i kvalitetu \u017eivota konja u starosti.<\/p>\n<p><strong> Marstall Senior Plu<\/strong>s su visokokvalitetni vrhunski m\u00fcsliji: njihove hidrotermalno macerirane \u017eitne pahuljice osiguravaju energiju u lako probavljivom obliku, tako da stariji konji s sporijom probavom i &#8216;lijenim metabolizmom&#8217;, koji se mogu pojaviti s godinama, ne izgube kondiciju i te\u017einu. Sastojci s visokim udjelom bjelan\u010devina, kao \u0161to su pivski kvasac, laneno bra\u0161no i pahuljice gra\u0161ka, poti\u010du \u017evakanje, \u0161to je kod starijih konja \u010desto problemati\u010dno zbog zuba, i podr\u017eavaju razvoj mi\u0161i\u0107a kod konja u oporavku. Kada konji stare (za toplokrvne od otprilike 20 godina nadalje), konji trebaju 20 &#8211; 25% vi\u0161e energije i bjelan\u010devina nego mla\u0111i konji. Laneno sjeme, pahuljice mrkve i ka\u0161a od jabuke osiguravaju odli\u010dan okus i opskrbljuju dragocjenim masnim kiselinama omega 3, vitaminima i prehrambenim vlaknima za zdrava crijeva. Ekstrakt morskih algi osigurava dodatne vitamine (A, E, B kompleks i C-vitamin).<\/p>\n<p>Marstall Senior Plus tako\u0111er sadr\u017ei ve\u0107e koli\u010dine elemenata u tragovima (bakar, cink, jod i selen).<\/p>\n<p>Marstall Senior Plus je idealan i za izgradnju tjelesne mase kod konja svih dobi. U kombinaciji s Marstall Mash, Marstall ProCaval-Struktur i Marstall Wiesen-Cobs, mo\u017eemo ponuditi svom konju cjelovit program prehrane, koji osigurava koncentriranu krmu i krmu za konje s dentalnim problemima.<\/p>\n<p><strong>Sastav:<\/strong><\/p>\n<p><em><span class=\"VIiyi\" lang=\"sl\"><span class=\"JLqJ4b ChMk0b\" data-language-for-alternatives=\"sl\" data-language-to-translate-into=\"en\" data-phrase-index=\"0\" data-number-of-phrases=\"3\"><span class=\"Q4iAWc\">Je\u010dmene pahuljice (34,00 %), kukuruzne pahuljice (27,00 %), zobene pahuljice (10,00 %), suhi gro\u017e\u0111ani trop (6,00 %), laneno sjeme (5,00 %), repina melasa (4,50 %), ekstrahirano laneno sjeme (3,00 %),<\/span><\/span> <span class=\"JLqJ4b ChMk0b\" data-language-for-alternatives=\"sl\" data-language-to-translate-into=\"en\" data-phrase-index=\"1\" data-number-of-phrases=\"3\"><span class=\"Q4iAWc\">pivski kvasac (3,00 %), pahuljice gra\u0161ka (1,50 %), pivska zrna (1,20 %), pahuljice mrkve (1,00 %), trava, su\u0161ena na visokoj temperaturi (1,00 %), natrijev klorid (0,60 %), bra\u0161no od morskih algi<\/span><\/span> <span class=\"JLqJ4b ChMk0b\" data-language-for-alternatives=\"sl\" data-language-to-translate-into=\"en\" data-phrase-index=\"2\" data-number-of-phrases=\"3\"><span class=\"Q4iAWc\">(0,50 %), kalcijev karbonat (0,5 %), monokalcijev fosfat (0,3 %), magnezijev oksid (0,25 %).<\/span><\/span><\/span><\/em><\/p>\n<p>Analiti\u010dki sastav: sirove bjelan\u010devine (SB); 12,00 %, probavljive sirove bjelan\u010devine (PSB): 9,50 %, sirova mast (SM): 4,60 %, sirova vlaknina (SV): 6,00 %, sirovi pepeo (SP): 5,00 %, energija (DE): 12,50 MJ\/kg, energija (ME) GfE 2014: 11,30 MJ\/kg, kalcij: 0,60 %, fosfor: 0,40 %, natrij: 0,30 %, magnezij: 0,30 %. Aminokiseline: lizin: 0,50 %, metionin: 0,20 %.<br \/>\nNutritivni dodaci (na 1 kg):<br \/>\nVitamini topljivi u masti: vitamin A (E 672) 30.000,00 I.E., vitamin D3 (E 671) 1.450,00 I.E., vitamin E 480,00 mg, vitamin K3 8,00 mg.<br \/>\nVitamini topljivi u vodi: vitamin C (3a312) 85,00 mg, vitamin B1 (3a821) 28,00 mg, vitamin B2 (riboflavin) 8,80 mg, vitamin B6 (piridoksin hidroklorid (3a831)) 20,00 mg, vitamin B12 (cijanokobalamin) 100,00 \u00b5g, biotin (3a880) 570,00 \u00b5g, folna kiselina (3a316) 12,00 mg, kolin klorid (3a890) 410,00 mg, kalcijev D-pantotenat (3a841) 29,00 mg, niacin (3a314) 49,00 mg.<br \/>\nElementi u tragovima: \u017eeljezo kao \u017eeljezov (II) sulfat, monohidrat (E1) 280,00 mg, bakar kao bakrov sulfat, pentahidrat (E4) 55,00 mg, cink kao cinkov oksid (E 6) 360,00 mg, mangan kao manganov (II) oksid (E 5) 185,00 mg, jod kao bezvodni kalcijev jodat (E 2) 1,30 mg, selen kao natrijev selenit (E 8) 1,10 mg.<\/p>\n","protected":false},"excerpt":{"rendered":"<p><strong>Za ovaj proizvod se zbog dimenzija ili te\u017eine obra\u010dunavaju dodatni tro\u0161kovi po\u0161tarine u vrijednosti 15\u20ac \/ kom.<\/strong><\/p>\n<p>&nbsp;<\/p>\n<p><strong>M\u00fcsli dobrog osje\u0107anja za starije konje<\/strong><\/p>\n<ul>\n<li>za vitalnost i otpornost<\/li>\n<li>za odr\u017eavanje dobre kondicije<\/li>\n<li>uravnote\u017eena koli\u010dina vitamina i minerala<\/li>\n<li>pogodno za namakanje<\/li>\n<\/ul>\n<p><strong>Koli\u010dina: 20 kg<\/strong><\/p>\n","protected":false},"featured_media":119636,"template":"","meta":{"footnotes":""},"product_brand":[],"product_cat":[5710,6089,6163],"product_tag":[],"class_list":{"0":"post-104553","1":"product","2":"type-product","3":"status-publish","4":"has-post-thumbnail","6":"product_cat-hrana-za-konje-hr","7":"product_cat-marstall-hr","8":"product_cat-univerzalna-linija","9":"product_shipping_class-marstall-hr","11":"first","12":"instock","13":"shipping-taxable","14":"purchasable","15":"product-type-simple"},"yoast_head":"<!-- This site is optimized with the Yoast SEO plugin v27.3 - https:\/\/yoast.com\/product\/yoast-seo-wordpress\/ -->\n<title>Marstall Senior Plus - Clair<\/title>\n<meta name=\"description\" content=\"Marstall Senior Plus su m\u00fcsliji koji osiguravaju ve\u0107u vitalnost, otpornost i kvalitetu \u017eivota konja u starosti. Provjerite ponudu!\" \/>\n<meta name=\"robots\" content=\"index, follow, max-snippet:-1, max-image-preview:large, max-video-preview:-1\" \/>\n<link rel=\"canonical\" href=\"https:\/\/clair.si\/hr\/izdelek\/marstall-senior-plus\/\" \/>\n<meta property=\"og:locale\" content=\"hr_HR\" \/>\n<meta property=\"og:type\" content=\"article\" \/>\n<meta property=\"og:title\" content=\"Marstall Senior Plus - Clair\" \/>\n<meta property=\"og:description\" content=\"Marstall Senior Plus su m\u00fcsliji koji osiguravaju ve\u0107u vitalnost, otpornost i kvalitetu \u017eivota konja u starosti. Provjerite ponudu!\" \/>\n<meta property=\"og:url\" content=\"https:\/\/clair.si\/hr\/izdelek\/marstall-senior-plus\/\" \/>\n<meta property=\"og:site_name\" content=\"Clair\" \/>\n<meta property=\"article:publisher\" content=\"https:\/\/www.facebook.com\/TrgovinaClair\/\" \/>\n<meta property=\"article:modified_time\" content=\"2025-08-28T17:50:31+00:00\" \/>\n<meta property=\"og:image\" content=\"https:\/\/clair.si\/wp-content\/uploads\/2022\/05\/Senior-plus.webp\" \/>\n\t<meta property=\"og:image:width\" content=\"800\" \/>\n\t<meta property=\"og:image:height\" content=\"800\" \/>\n\t<meta property=\"og:image:type\" content=\"image\/jpeg\" \/>\n<meta name=\"twitter:card\" content=\"summary_large_image\" \/>\n<meta name=\"twitter:label1\" content=\"Procijenjeno vrijeme \u010ditanja\" \/>\n\t<meta name=\"twitter:data1\" content=\"4 minute\" \/>\n<script type=\"application\/ld+json\" class=\"yoast-schema-graph\">{\"@context\":\"https:\\\/\\\/schema.org\",\"@graph\":[{\"@type\":\"WebPage\",\"@id\":\"https:\\\/\\\/clair.si\\\/hr\\\/izdelek\\\/marstall-senior-plus\\\/\",\"url\":\"https:\\\/\\\/clair.si\\\/hr\\\/izdelek\\\/marstall-senior-plus\\\/\",\"name\":\"Marstall Senior Plus - Clair\",\"isPartOf\":{\"@id\":\"https:\\\/\\\/clair.si\\\/#website\"},\"primaryImageOfPage\":{\"@id\":\"https:\\\/\\\/clair.si\\\/hr\\\/izdelek\\\/marstall-senior-plus\\\/#primaryimage\"},\"image\":{\"@id\":\"https:\\\/\\\/clair.si\\\/hr\\\/izdelek\\\/marstall-senior-plus\\\/#primaryimage\"},\"thumbnailUrl\":\"https:\\\/\\\/clair.si\\\/wp-content\\\/uploads\\\/2022\\\/05\\\/Senior-plus.webp\",\"datePublished\":\"2022-05-23T10:56:53+00:00\",\"dateModified\":\"2025-08-28T17:50:31+00:00\",\"description\":\"Marstall Senior Plus su m\u00fcsliji koji osiguravaju ve\u0107u vitalnost, otpornost i kvalitetu \u017eivota konja u starosti. Provjerite ponudu!\",\"breadcrumb\":{\"@id\":\"https:\\\/\\\/clair.si\\\/hr\\\/izdelek\\\/marstall-senior-plus\\\/#breadcrumb\"},\"inLanguage\":\"hr\",\"potentialAction\":[{\"@type\":\"ReadAction\",\"target\":[\"https:\\\/\\\/clair.si\\\/hr\\\/izdelek\\\/marstall-senior-plus\\\/\"]}]},{\"@type\":\"ImageObject\",\"inLanguage\":\"hr\",\"@id\":\"https:\\\/\\\/clair.si\\\/hr\\\/izdelek\\\/marstall-senior-plus\\\/#primaryimage\",\"url\":\"https:\\\/\\\/clair.si\\\/wp-content\\\/uploads\\\/2022\\\/05\\\/Senior-plus.webp\",\"contentUrl\":\"https:\\\/\\\/clair.si\\\/wp-content\\\/uploads\\\/2022\\\/05\\\/Senior-plus.webp\",\"width\":800,\"height\":800},{\"@type\":\"BreadcrumbList\",\"@id\":\"https:\\\/\\\/clair.si\\\/hr\\\/izdelek\\\/marstall-senior-plus\\\/#breadcrumb\",\"itemListElement\":[{\"@type\":\"ListItem\",\"position\":1,\"name\":\"Home\",\"item\":\"https:\\\/\\\/clair.si\\\/hr\\\/\"},{\"@type\":\"ListItem\",\"position\":2,\"name\":\"Trgovina\",\"item\":\"https:\\\/\\\/clair.si\\\/trgovina\\\/\"},{\"@type\":\"ListItem\",\"position\":3,\"name\":\"Marstall Senior Plus\"}]},{\"@type\":\"WebSite\",\"@id\":\"https:\\\/\\\/clair.si\\\/#website\",\"url\":\"https:\\\/\\\/clair.si\\\/\",\"name\":\"Clair\",\"description\":\"Trgovina s konjeni\u0161ko opremo\",\"publisher\":{\"@id\":\"https:\\\/\\\/clair.si\\\/#organization\"},\"potentialAction\":[{\"@type\":\"SearchAction\",\"target\":{\"@type\":\"EntryPoint\",\"urlTemplate\":\"https:\\\/\\\/clair.si\\\/?s={search_term_string}\"},\"query-input\":{\"@type\":\"PropertyValueSpecification\",\"valueRequired\":true,\"valueName\":\"search_term_string\"}}],\"inLanguage\":\"hr\"},{\"@type\":\"Organization\",\"@id\":\"https:\\\/\\\/clair.si\\\/#organization\",\"name\":\"Clair\",\"url\":\"https:\\\/\\\/clair.si\\\/\",\"logo\":{\"@type\":\"ImageObject\",\"inLanguage\":\"hr\",\"@id\":\"https:\\\/\\\/clair.si\\\/#\\\/schema\\\/logo\\\/image\\\/\",\"url\":\"https:\\\/\\\/clair.si\\\/wp-content\\\/uploads\\\/2022\\\/11\\\/clair_logo_2022.jpg\",\"contentUrl\":\"https:\\\/\\\/clair.si\\\/wp-content\\\/uploads\\\/2022\\\/11\\\/clair_logo_2022.jpg\",\"width\":1920,\"height\":1920,\"caption\":\"Clair\"},\"image\":{\"@id\":\"https:\\\/\\\/clair.si\\\/#\\\/schema\\\/logo\\\/image\\\/\"},\"sameAs\":[\"https:\\\/\\\/www.facebook.com\\\/TrgovinaClair\\\/\"]}]}<\/script>\n<!-- \/ Yoast SEO plugin. -->","yoast_head_json":{"title":"Marstall Senior Plus - Clair","description":"Marstall Senior Plus su m\u00fcsliji koji osiguravaju ve\u0107u vitalnost, otpornost i kvalitetu \u017eivota konja u starosti. Provjerite ponudu!","robots":{"index":"index","follow":"follow","max-snippet":"max-snippet:-1","max-image-preview":"max-image-preview:large","max-video-preview":"max-video-preview:-1"},"canonical":"https:\/\/clair.si\/hr\/izdelek\/marstall-senior-plus\/","og_locale":"hr_HR","og_type":"article","og_title":"Marstall Senior Plus - Clair","og_description":"Marstall Senior Plus su m\u00fcsliji koji osiguravaju ve\u0107u vitalnost, otpornost i kvalitetu \u017eivota konja u starosti. Provjerite ponudu!","og_url":"https:\/\/clair.si\/hr\/izdelek\/marstall-senior-plus\/","og_site_name":"Clair","article_publisher":"https:\/\/www.facebook.com\/TrgovinaClair\/","article_modified_time":"2025-08-28T17:50:31+00:00","og_image":[{"width":800,"height":800,"url":"https:\/\/clair.si\/wp-content\/uploads\/2022\/05\/Senior-plus.webp","type":"image\/jpeg"}],"twitter_card":"summary_large_image","twitter_misc":{"Procijenjeno vrijeme \u010ditanja":"4 minute"},"schema":{"@context":"https:\/\/schema.org","@graph":[{"@type":"WebPage","@id":"https:\/\/clair.si\/hr\/izdelek\/marstall-senior-plus\/","url":"https:\/\/clair.si\/hr\/izdelek\/marstall-senior-plus\/","name":"Marstall Senior Plus - Clair","isPartOf":{"@id":"https:\/\/clair.si\/#website"},"primaryImageOfPage":{"@id":"https:\/\/clair.si\/hr\/izdelek\/marstall-senior-plus\/#primaryimage"},"image":{"@id":"https:\/\/clair.si\/hr\/izdelek\/marstall-senior-plus\/#primaryimage"},"thumbnailUrl":"https:\/\/clair.si\/wp-content\/uploads\/2022\/05\/Senior-plus.webp","datePublished":"2022-05-23T10:56:53+00:00","dateModified":"2025-08-28T17:50:31+00:00","description":"Marstall Senior Plus su m\u00fcsliji koji osiguravaju ve\u0107u vitalnost, otpornost i kvalitetu \u017eivota konja u starosti. Provjerite ponudu!","breadcrumb":{"@id":"https:\/\/clair.si\/hr\/izdelek\/marstall-senior-plus\/#breadcrumb"},"inLanguage":"hr","potentialAction":[{"@type":"ReadAction","target":["https:\/\/clair.si\/hr\/izdelek\/marstall-senior-plus\/"]}]},{"@type":"ImageObject","inLanguage":"hr","@id":"https:\/\/clair.si\/hr\/izdelek\/marstall-senior-plus\/#primaryimage","url":"https:\/\/clair.si\/wp-content\/uploads\/2022\/05\/Senior-plus.webp","contentUrl":"https:\/\/clair.si\/wp-content\/uploads\/2022\/05\/Senior-plus.webp","width":800,"height":800},{"@type":"BreadcrumbList","@id":"https:\/\/clair.si\/hr\/izdelek\/marstall-senior-plus\/#breadcrumb","itemListElement":[{"@type":"ListItem","position":1,"name":"Home","item":"https:\/\/clair.si\/hr\/"},{"@type":"ListItem","position":2,"name":"Trgovina","item":"https:\/\/clair.si\/trgovina\/"},{"@type":"ListItem","position":3,"name":"Marstall Senior Plus"}]},{"@type":"WebSite","@id":"https:\/\/clair.si\/#website","url":"https:\/\/clair.si\/","name":"Clair","description":"Trgovina s konjeni\u0161ko opremo","publisher":{"@id":"https:\/\/clair.si\/#organization"},"potentialAction":[{"@type":"SearchAction","target":{"@type":"EntryPoint","urlTemplate":"https:\/\/clair.si\/?s={search_term_string}"},"query-input":{"@type":"PropertyValueSpecification","valueRequired":true,"valueName":"search_term_string"}}],"inLanguage":"hr"},{"@type":"Organization","@id":"https:\/\/clair.si\/#organization","name":"Clair","url":"https:\/\/clair.si\/","logo":{"@type":"ImageObject","inLanguage":"hr","@id":"https:\/\/clair.si\/#\/schema\/logo\/image\/","url":"https:\/\/clair.si\/wp-content\/uploads\/2022\/11\/clair_logo_2022.jpg","contentUrl":"https:\/\/clair.si\/wp-content\/uploads\/2022\/11\/clair_logo_2022.jpg","width":1920,"height":1920,"caption":"Clair"},"image":{"@id":"https:\/\/clair.si\/#\/schema\/logo\/image\/"},"sameAs":["https:\/\/www.facebook.com\/TrgovinaClair\/"]}]}},"_links":{"self":[{"href":"https:\/\/clair.si\/hr\/wp-json\/wp\/v2\/product\/104553","targetHints":{"allow":["GET"]}}],"collection":[{"href":"https:\/\/clair.si\/hr\/wp-json\/wp\/v2\/product"}],"about":[{"href":"https:\/\/clair.si\/hr\/wp-json\/wp\/v2\/types\/product"}],"version-history":[{"count":0,"href":"https:\/\/clair.si\/hr\/wp-json\/wp\/v2\/product\/104553\/revisions"}],"wp:featuredmedia":[{"embeddable":true,"href":"https:\/\/clair.si\/hr\/wp-json\/wp\/v2\/media\/119636"}],"wp:attachment":[{"href":"https:\/\/clair.si\/hr\/wp-json\/wp\/v2\/media?parent=104553"}],"wp:term":[{"taxonomy":"product_brand","embeddable":true,"href":"https:\/\/clair.si\/hr\/wp-json\/wp\/v2\/product_brand?post=104553"},{"taxonomy":"product_cat","embeddable":true,"href":"https:\/\/clair.si\/hr\/wp-json\/wp\/v2\/product_cat?post=104553"},{"taxonomy":"product_tag","embeddable":true,"href":"https:\/\/clair.si\/hr\/wp-json\/wp\/v2\/product_tag?post=104553"}],"curies":[{"name":"wp","href":"https:\/\/api.w.org\/{rel}","templated":true}]}}