{"id":104559,"date":"2022-05-23T13:09:18","date_gmt":"2022-05-23T11:09:18","guid":{"rendered":"https:\/\/clair.si\/izdelek\/marstall-freizeit\/"},"modified":"2025-08-28T19:50:24","modified_gmt":"2025-08-28T17:50:24","slug":"marstall-freizeit","status":"publish","type":"product","link":"https:\/\/clair.si\/hr\/izdelek\/marstall-freizeit\/","title":{"rendered":"Marstall Freizeit"},"content":{"rendered":"<p><strong>Marstall Freizeit<\/strong> je ekonomi\u010dan m\u00fcsli za univerzalnu upotrebu, baziran na hidrotermalno obra\u0111enim, lako probavljivim \u017eitnim pahuljicama. Zbog niskog udjela energije i proteina te visokog udjela sirovih vlakana, idealan je za hranjenje konja pri laganom radu. Sadr\u017ei sve va\u017ene vitamine, minerale i elemente u tragovima te je idealan za potrebe konja za slobodno vrijeme.<\/p>\n<p>Marstall Freizeit je univerzalan i istovremeno \u0161tedljiv m\u00fcsli s kvalitetom koju o\u010dekujete od Marstalla.<\/p>\n<p>Konji pri laganom radu mogu brzo dobiti na te\u017eini. Stoga je za njih idealan m\u00fcsli s visokim udjelom sirovih vlakana te niskim udjelom energije i proteina. Marstall Freizeit, kao i mnogi Marstallovi proizvodi, temelji se na hidrotermalno obra\u0111enim \u017eitnim pahuljicama. One se lak\u0161e i potpunije probavljaju od drobljenih \u017eitarica ili cijelih zrna je\u010dma i kukuruza. S tako obra\u0111enim \u017eitaricama smanjujemo gubitke energije i \u0161titimo crijeva, koja tako\u0111er imaju koristi od visokog udjela sirovih vlakana. \u0160tovi\u0161e, Marstall Freizeit sadr\u017ei i sve va\u017ene vitamine, minerale i elemente u tragovima. Tako po potrebi mo\u017eete samo dopuniti niske razine bakra, cinka i selena.<\/p>\n<p><strong>Marstall Freizeit<\/strong> je idealna uravnote\u017eena hrana za konje pri laganom radu i konje koji odmaraju ili su samo na pa\u0161i. Ako hranite manje od preporu\u010dene koli\u010dine Marstall Freizeita, preostale vitamine i minerale mo\u017eete dopuniti s Marstall Force. Sli\u010dno, ako se potreba za energijom pove\u0107a, na primjer zbog u\u010destalijeg rada, marstall Freizeit mo\u017eete dopuniti sa \u017eitaricama ili sportskom linijom hrane za konje Marstall.<\/p>\n<p><strong>Sastav:<\/strong><\/p>\n<p><em><span class=\"VIiyi\" lang=\"sl\"><span class=\"JLqJ4b ChMk0b\" data-language-for-alternatives=\"sl\" data-language-to-translate-into=\"en\" data-phrase-index=\"0\" data-number-of-phrases=\"2\"><span class=\"Q4iAWc\">Je\u010dmene pahuljice (20,00 %), kukuruzne pahuljice (20,00 %), mekinje (15,00 %), zobene mekinje (12,00 %), su\u0161ena pulpa \u0161e\u0107erne repe u melasi (12,00 %), kukuruzni gluten (6,50 %), p\u0161eni\u010dne mekinje (5,50 %)<\/span><\/span> <span class=\"JLqJ4b ChMk0b\" data-language-for-alternatives=\"sl\" data-language-to-translate-into=\"en\" data-phrase-index=\"1\" data-number-of-phrases=\"2\"><span class=\"Q4iAWc\">%), repina melasa (4,00 %), kalcijev karbonat (2,00 %), natrijev klorid (0,80 %), monokalcijev fosfat (0,70 %).<\/span><\/span><\/span><\/em><\/p>\n<p>Analiti\u010dki sastav: sirove bjelan\u010devine (SB): 9,80 %, probavljive sirove bjelan\u010devine (PSB): 6,90 %, sirova mast (SM): 3,00 %, sirova vlaknina (SV): 2,00 %, sirovi pepeo (SP): 7,00 %, energija (DE): 10,70 MJ\/kg, energija (ME) GfE 2014: 9,30 MJ\/kg, kalcij: 1,00 %, fosfor: 0,50 %, natrij: 0,35 %, magnezij: 0,15 %.<br \/>\nNutritivni dodaci (na 1 kg):<br \/>\nU mastima topljivi vitamini: vitamin A (E 672) 11.000,00 I.E., vitamin D3 (E 671) 500,00 I.E., vitamin E 190,00 mg, vitamin K3 4,30 mg.<br \/>\nU vodi topljivi vitamini: vitamin C (3a312) 25,00 mg, vitamin B1 (3a821) 12,00 mg, vitamin B2 (riboflavin) 3,00 mg, vitamin B6 (piridoksin hidroklorid (3a831)) 9,00 mg, vitamin B12 (cijanokobalamin) 24,50 \u00b5g, biotin (3a880) 152,00 \u00b5g, folna kiselina (3a316) 4,00 mg, kolin klorid (3a890) 120,00 mg, kalcijev D-pantotenat (3a841) 14,50 mg, niacin (3a314) 20,00 mg.<br \/>\nElementi u tragovima: \u017eeljezo kao \u017eeljezov (II) sulfat, monohidrat (E1) 120,00 mg, bakar kao bakrov sulfat, pentahidrat (E4) 22,00 mg, cink kao cinkov oksid (E 6) 160,00 mg, mangan kao manganov (II) oksid (E 5) 102,00 mg, jod kao bezvodni kalcijev jodat (E 2) 0,50 mg, selen kao natrijev selenit (E 8) 0,45 mg.<\/p>\n<p>&nbsp;<\/p>\n","protected":false},"excerpt":{"rendered":"<p><strong>Za ovaj proizvod se zbog dimenzija ili te\u017eine obra\u010dunavaju dodatni tro\u0161kovi po\u0161tarine u vrijednosti 15\u20ac \/ kom.<\/strong><\/p>\n<p>&nbsp;<\/p>\n<p><strong>M\u00fcsliji s niskim udjelom proteina<\/strong><\/p>\n<ul>\n<li>za konje koji obavljaju lagani rad<\/li>\n<li>bez zobi<\/li>\n<li>niska energetska vrijednost<\/li>\n<li>potpuni obrok<\/li>\n<\/ul>\n<p><strong>Koli\u010dina: 20 kg<\/strong><\/p>\n","protected":false},"featured_media":119618,"template":"","meta":{"footnotes":""},"product_brand":[],"product_cat":[5710,6089,6163],"product_tag":[],"class_list":{"0":"post-104559","1":"product","2":"type-product","3":"status-publish","4":"has-post-thumbnail","6":"product_cat-hrana-za-konje-hr","7":"product_cat-marstall-hr","8":"product_cat-univerzalna-linija","9":"product_shipping_class-marstall-hr","11":"first","12":"instock","13":"featured","14":"shipping-taxable","15":"purchasable","16":"product-type-simple"},"yoast_head":"<!-- This site is optimized with the Yoast SEO plugin v27.3 - https:\/\/yoast.com\/product\/yoast-seo-wordpress\/ -->\n<title>Marstall Freizeit - Clair<\/title>\n<meta name=\"description\" content=\"Marstall Freizeit je ekonomi\u010dan m\u00fcsli za univerzalnu upotrebu. Savr\u0161en je za hranjenje konja koji su u laganom treningu. Provjerite na webu!\" \/>\n<meta name=\"robots\" content=\"index, follow, max-snippet:-1, max-image-preview:large, max-video-preview:-1\" \/>\n<link rel=\"canonical\" href=\"https:\/\/clair.si\/izdelek\/marstall-freizeit\/\" \/>\n<meta property=\"og:locale\" content=\"hr_HR\" \/>\n<meta property=\"og:type\" content=\"article\" \/>\n<meta property=\"og:title\" content=\"Marstall Freizeit - Clair\" \/>\n<meta property=\"og:description\" content=\"Marstall Freizeit je ekonomi\u010dan m\u00fcsli za univerzalnu upotrebu. Savr\u0161en je za hranjenje konja koji su u laganom treningu. Provjerite na webu!\" \/>\n<meta property=\"og:url\" content=\"https:\/\/clair.si\/izdelek\/marstall-freizeit\/\" \/>\n<meta property=\"og:site_name\" content=\"Clair\" \/>\n<meta property=\"article:publisher\" content=\"https:\/\/www.facebook.com\/TrgovinaClair\/\" \/>\n<meta property=\"article:modified_time\" content=\"2025-08-28T17:50:24+00:00\" \/>\n<meta property=\"og:image\" content=\"https:\/\/clair.si\/wp-content\/uploads\/2022\/05\/marstall_Freizeit_musli.jpg\" \/>\n\t<meta property=\"og:image:width\" content=\"800\" \/>\n\t<meta property=\"og:image:height\" content=\"800\" \/>\n\t<meta property=\"og:image:type\" content=\"image\/jpeg\" \/>\n<meta name=\"twitter:card\" content=\"summary_large_image\" \/>\n<meta name=\"twitter:label1\" content=\"Procijenjeno vrijeme \u010ditanja\" \/>\n\t<meta name=\"twitter:data1\" content=\"3 minute\" \/>\n<script type=\"application\/ld+json\" class=\"yoast-schema-graph\">{\"@context\":\"https:\\\/\\\/schema.org\",\"@graph\":[{\"@type\":\"WebPage\",\"@id\":\"https:\\\/\\\/clair.si\\\/izdelek\\\/marstall-freizeit\\\/\",\"url\":\"https:\\\/\\\/clair.si\\\/izdelek\\\/marstall-freizeit\\\/\",\"name\":\"Marstall Freizeit - Clair\",\"isPartOf\":{\"@id\":\"https:\\\/\\\/clair.si\\\/#website\"},\"primaryImageOfPage\":{\"@id\":\"https:\\\/\\\/clair.si\\\/izdelek\\\/marstall-freizeit\\\/#primaryimage\"},\"image\":{\"@id\":\"https:\\\/\\\/clair.si\\\/izdelek\\\/marstall-freizeit\\\/#primaryimage\"},\"thumbnailUrl\":\"https:\\\/\\\/clair.si\\\/wp-content\\\/uploads\\\/2022\\\/05\\\/Freizeit.webp\",\"datePublished\":\"2022-05-23T11:09:18+00:00\",\"dateModified\":\"2025-08-28T17:50:24+00:00\",\"description\":\"Marstall Freizeit je ekonomi\u010dan m\u00fcsli za univerzalnu upotrebu. Savr\u0161en je za hranjenje konja koji su u laganom treningu. Provjerite na webu!\",\"breadcrumb\":{\"@id\":\"https:\\\/\\\/clair.si\\\/izdelek\\\/marstall-freizeit\\\/#breadcrumb\"},\"inLanguage\":\"hr\",\"potentialAction\":[{\"@type\":\"ReadAction\",\"target\":[\"https:\\\/\\\/clair.si\\\/izdelek\\\/marstall-freizeit\\\/\"]}]},{\"@type\":\"ImageObject\",\"inLanguage\":\"hr\",\"@id\":\"https:\\\/\\\/clair.si\\\/izdelek\\\/marstall-freizeit\\\/#primaryimage\",\"url\":\"https:\\\/\\\/clair.si\\\/wp-content\\\/uploads\\\/2022\\\/05\\\/Freizeit.webp\",\"contentUrl\":\"https:\\\/\\\/clair.si\\\/wp-content\\\/uploads\\\/2022\\\/05\\\/Freizeit.webp\",\"width\":800,\"height\":800},{\"@type\":\"BreadcrumbList\",\"@id\":\"https:\\\/\\\/clair.si\\\/izdelek\\\/marstall-freizeit\\\/#breadcrumb\",\"itemListElement\":[{\"@type\":\"ListItem\",\"position\":1,\"name\":\"Home\",\"item\":\"https:\\\/\\\/clair.si\\\/hr\\\/\"},{\"@type\":\"ListItem\",\"position\":2,\"name\":\"Trgovina\",\"item\":\"https:\\\/\\\/clair.si\\\/trgovina\\\/\"},{\"@type\":\"ListItem\",\"position\":3,\"name\":\"Marstall Freizeit\"}]},{\"@type\":\"WebSite\",\"@id\":\"https:\\\/\\\/clair.si\\\/#website\",\"url\":\"https:\\\/\\\/clair.si\\\/\",\"name\":\"Clair\",\"description\":\"Trgovina s konjeni\u0161ko opremo\",\"publisher\":{\"@id\":\"https:\\\/\\\/clair.si\\\/#organization\"},\"potentialAction\":[{\"@type\":\"SearchAction\",\"target\":{\"@type\":\"EntryPoint\",\"urlTemplate\":\"https:\\\/\\\/clair.si\\\/?s={search_term_string}\"},\"query-input\":{\"@type\":\"PropertyValueSpecification\",\"valueRequired\":true,\"valueName\":\"search_term_string\"}}],\"inLanguage\":\"hr\"},{\"@type\":\"Organization\",\"@id\":\"https:\\\/\\\/clair.si\\\/#organization\",\"name\":\"Clair\",\"url\":\"https:\\\/\\\/clair.si\\\/\",\"logo\":{\"@type\":\"ImageObject\",\"inLanguage\":\"hr\",\"@id\":\"https:\\\/\\\/clair.si\\\/#\\\/schema\\\/logo\\\/image\\\/\",\"url\":\"https:\\\/\\\/clair.si\\\/wp-content\\\/uploads\\\/2022\\\/11\\\/clair_logo_2022.jpg\",\"contentUrl\":\"https:\\\/\\\/clair.si\\\/wp-content\\\/uploads\\\/2022\\\/11\\\/clair_logo_2022.jpg\",\"width\":1920,\"height\":1920,\"caption\":\"Clair\"},\"image\":{\"@id\":\"https:\\\/\\\/clair.si\\\/#\\\/schema\\\/logo\\\/image\\\/\"},\"sameAs\":[\"https:\\\/\\\/www.facebook.com\\\/TrgovinaClair\\\/\"]}]}<\/script>\n<!-- \/ Yoast SEO plugin. -->","yoast_head_json":{"title":"Marstall Freizeit - Clair","description":"Marstall Freizeit je ekonomi\u010dan m\u00fcsli za univerzalnu upotrebu. Savr\u0161en je za hranjenje konja koji su u laganom treningu. Provjerite na webu!","robots":{"index":"index","follow":"follow","max-snippet":"max-snippet:-1","max-image-preview":"max-image-preview:large","max-video-preview":"max-video-preview:-1"},"canonical":"https:\/\/clair.si\/izdelek\/marstall-freizeit\/","og_locale":"hr_HR","og_type":"article","og_title":"Marstall Freizeit - Clair","og_description":"Marstall Freizeit je ekonomi\u010dan m\u00fcsli za univerzalnu upotrebu. Savr\u0161en je za hranjenje konja koji su u laganom treningu. Provjerite na webu!","og_url":"https:\/\/clair.si\/izdelek\/marstall-freizeit\/","og_site_name":"Clair","article_publisher":"https:\/\/www.facebook.com\/TrgovinaClair\/","article_modified_time":"2025-08-28T17:50:24+00:00","og_image":[{"width":800,"height":800,"url":"https:\/\/clair.si\/wp-content\/uploads\/2022\/05\/marstall_Freizeit_musli.jpg","type":"image\/jpeg"}],"twitter_card":"summary_large_image","twitter_misc":{"Procijenjeno vrijeme \u010ditanja":"3 minute"},"schema":{"@context":"https:\/\/schema.org","@graph":[{"@type":"WebPage","@id":"https:\/\/clair.si\/izdelek\/marstall-freizeit\/","url":"https:\/\/clair.si\/izdelek\/marstall-freizeit\/","name":"Marstall Freizeit - Clair","isPartOf":{"@id":"https:\/\/clair.si\/#website"},"primaryImageOfPage":{"@id":"https:\/\/clair.si\/izdelek\/marstall-freizeit\/#primaryimage"},"image":{"@id":"https:\/\/clair.si\/izdelek\/marstall-freizeit\/#primaryimage"},"thumbnailUrl":"https:\/\/clair.si\/wp-content\/uploads\/2022\/05\/Freizeit.webp","datePublished":"2022-05-23T11:09:18+00:00","dateModified":"2025-08-28T17:50:24+00:00","description":"Marstall Freizeit je ekonomi\u010dan m\u00fcsli za univerzalnu upotrebu. Savr\u0161en je za hranjenje konja koji su u laganom treningu. Provjerite na webu!","breadcrumb":{"@id":"https:\/\/clair.si\/izdelek\/marstall-freizeit\/#breadcrumb"},"inLanguage":"hr","potentialAction":[{"@type":"ReadAction","target":["https:\/\/clair.si\/izdelek\/marstall-freizeit\/"]}]},{"@type":"ImageObject","inLanguage":"hr","@id":"https:\/\/clair.si\/izdelek\/marstall-freizeit\/#primaryimage","url":"https:\/\/clair.si\/wp-content\/uploads\/2022\/05\/Freizeit.webp","contentUrl":"https:\/\/clair.si\/wp-content\/uploads\/2022\/05\/Freizeit.webp","width":800,"height":800},{"@type":"BreadcrumbList","@id":"https:\/\/clair.si\/izdelek\/marstall-freizeit\/#breadcrumb","itemListElement":[{"@type":"ListItem","position":1,"name":"Home","item":"https:\/\/clair.si\/hr\/"},{"@type":"ListItem","position":2,"name":"Trgovina","item":"https:\/\/clair.si\/trgovina\/"},{"@type":"ListItem","position":3,"name":"Marstall Freizeit"}]},{"@type":"WebSite","@id":"https:\/\/clair.si\/#website","url":"https:\/\/clair.si\/","name":"Clair","description":"Trgovina s konjeni\u0161ko opremo","publisher":{"@id":"https:\/\/clair.si\/#organization"},"potentialAction":[{"@type":"SearchAction","target":{"@type":"EntryPoint","urlTemplate":"https:\/\/clair.si\/?s={search_term_string}"},"query-input":{"@type":"PropertyValueSpecification","valueRequired":true,"valueName":"search_term_string"}}],"inLanguage":"hr"},{"@type":"Organization","@id":"https:\/\/clair.si\/#organization","name":"Clair","url":"https:\/\/clair.si\/","logo":{"@type":"ImageObject","inLanguage":"hr","@id":"https:\/\/clair.si\/#\/schema\/logo\/image\/","url":"https:\/\/clair.si\/wp-content\/uploads\/2022\/11\/clair_logo_2022.jpg","contentUrl":"https:\/\/clair.si\/wp-content\/uploads\/2022\/11\/clair_logo_2022.jpg","width":1920,"height":1920,"caption":"Clair"},"image":{"@id":"https:\/\/clair.si\/#\/schema\/logo\/image\/"},"sameAs":["https:\/\/www.facebook.com\/TrgovinaClair\/"]}]}},"_links":{"self":[{"href":"https:\/\/clair.si\/hr\/wp-json\/wp\/v2\/product\/104559","targetHints":{"allow":["GET"]}}],"collection":[{"href":"https:\/\/clair.si\/hr\/wp-json\/wp\/v2\/product"}],"about":[{"href":"https:\/\/clair.si\/hr\/wp-json\/wp\/v2\/types\/product"}],"version-history":[{"count":0,"href":"https:\/\/clair.si\/hr\/wp-json\/wp\/v2\/product\/104559\/revisions"}],"wp:featuredmedia":[{"embeddable":true,"href":"https:\/\/clair.si\/hr\/wp-json\/wp\/v2\/media\/119618"}],"wp:attachment":[{"href":"https:\/\/clair.si\/hr\/wp-json\/wp\/v2\/media?parent=104559"}],"wp:term":[{"taxonomy":"product_brand","embeddable":true,"href":"https:\/\/clair.si\/hr\/wp-json\/wp\/v2\/product_brand?post=104559"},{"taxonomy":"product_cat","embeddable":true,"href":"https:\/\/clair.si\/hr\/wp-json\/wp\/v2\/product_cat?post=104559"},{"taxonomy":"product_tag","embeddable":true,"href":"https:\/\/clair.si\/hr\/wp-json\/wp\/v2\/product_tag?post=104559"}],"curies":[{"name":"wp","href":"https:\/\/api.w.org\/{rel}","templated":true}]}}