{"id":104562,"date":"2022-05-23T13:16:40","date_gmt":"2022-05-23T11:16:40","guid":{"rendered":"https:\/\/clair.si\/izdelek\/marstall-haferfrei\/"},"modified":"2025-11-28T19:44:18","modified_gmt":"2025-11-28T18:44:18","slug":"marstall-haferfrei","status":"publish","type":"product","link":"https:\/\/clair.si\/hr\/izdelek\/marstall-haferfrei\/","title":{"rendered":"Marstall Haferfrei"},"content":{"rendered":"<p><strong>Marstall Haferfrei<\/strong> je najbolja hrana za svakog konja u svim okolnostima. Njegov recept se neprestano razvijao vi\u0161e od 25 godina. Daje najbolje rezultate kod konja s umjerenim temperamentom. Marstall Haferfrei mo\u017eete individualno i ekonomi\u010dno kombinirati s va\u0161im izborom \u017eitarica. Sastoji se od lako probavljivih, hidrotermalno maceriranih \u017eitnih pahuljica i posebnih, koncentriranih hranjivih peleta. Zbog visoke koli\u010dine vitamina, minerala i elemenata u tragovima mo\u017eete smanjiti koli\u010dinu koncentrata, \u0161to vam \u0161tedi novac i ugodnije je za konjski \u017eeludac.<\/p>\n<p>Pri hranjenju, kao \u0161to je preporu\u010deno, mineralni dodaci nisu potrebni.<\/p>\n<p><strong>Marstall Haferfrei<\/strong> je najpoznatiji i najpopularniji musli bez zobi. On je osnova za svakodnevno hranjenje ve\u0107ine konja. Mnoga ljeta vjernosti i zadovoljstva kupaca potvr\u0111uju kvalitetu ovog neprestano usavr\u0161avanog izvornog recepta. Marstall Haferfrei je prikladan za hranjenje kao samostalna hrana ili u kombinaciji sa \u017eitaricama.<\/p>\n<p>Budu\u0107i da \u017eitarice imaju vrlo uzak omjer izme\u0111u Ca i P, Marstall Haferfrei je formuliran s posebno \u0161irokim omjerom Ca:P= 3:1. Zbog dvostruke koli\u010dine vitamina i minerala, Marstall Haferfrei je idealan za upotrebu kao mje\u0161avina u omjeru 1:1 s drugim \u017eitaricama, peletima ili muslijima. To zna\u010di da mo\u017eete stvoriti varijantu vlastite krmne smjese, prilago\u0111ene pojedinom konju i njegovom radu, tako da odgovara energetskim potrebama.<\/p>\n<p><strong>Marstall Haferfrei<\/strong> osigurava sve vitamine i minerale koji su potrebni svakom konju, a posebno elemente u tragovima, koji se nalaze samo u malim koli\u010dinama u sijenu (bakar, cink, selen).<\/p>\n<p>Isprobani originalni Marstall Haferfrei osigurava uravnote\u017eenu, ekonomi\u010dnu individualno prilago\u0111enu hranu, koja odgovara potrebama va\u0161eg konja. Dnevnu koli\u010dinu koncentrirane hrane mogu\u0107e je smanjiti i nema potrebe za dodatnim mineralnim dodacima.<\/p>\n<p><strong>Sastav:<\/strong><\/p>\n<p><em><span class=\"VIiyi\" lang=\"sl\"><span class=\"JLqJ4b ChMk0b\" data-language-for-alternatives=\"sl\" data-language-to-translate-into=\"en\" data-phrase-index=\"0\" data-number-of-phrases=\"2\"><span class=\"Q4iAWc\">Je\u010dmene pahuljice (30,00 %), kukuruzne pahuljice (20,00 %), trava, su\u0161ena pri visokoj temperaturi (15,00 %), posije (14,50 %), su\u0161ena repina pulpa melasirana (14,50 %), repina melasa (3,50 %), <\/span><\/span> <span class=\"JLqJ4b ChMk0b\" data-language-for-alternatives=\"sl\" data-language-to-translate-into=\"en\" data-phrase-index=\"1\" data-number-of-phrases=\"2\"><span class=\"Q4iAWc\">karbonat (1,60 %), natrijev klorid (0,35 %).<\/span><\/span><\/span><\/em><\/p>\n<p>Analiti\u010dki sastav: sirove bjelan\u010devine (SB): 9,80 %, probavljive sirove bjelan\u010devine (PSB): 7,20 %, sirova mast (SM): 3,60 %, sirova vlaknina (SV): 10,00 %, sirovi pepeo (SP): 6,00 %, energija (DE): 12,50 MJ\/kg, energija (ME) GfE 2014: 11,00 MJ\/kg, kalcij: 0,90 %, fosfor: 0,30 %, natrij: 0,20 %, magnezij: 0,20 %.<br \/>\nNutritivni dodaci (na 1 kg):<br \/>\nVitamini topljivi u mastima: vitamin A (E 672) 18.500,00 I.E., vitamin D3 (E 671) 800,00 I.E., vitamin E 550,00 mg, vitamin K3 6,30 mg.<br \/>\nVitamini topljivi u vodi: vitamin C 38,00 mg, vitamin B1 18,50 mg, vitamin B2 (riboflavin) 4,40 mg, vitamin B6 (piridoksin hidroklorid (3a831)) 13,40 mg, vitamin B12 (cianokobalamin) 36,70 \u00b5g, biotin (3a880) 225,00 \u00b5g, folna kiselina (3a316) 6,50 mg, holin klorid (3a890) 180,00 mg, kalcijev D-pantotenat (3a841) 20,60 mg, niacin (3a314) 30,00 mg.<br \/>\nElementi u tragovima: \u017eeljezo kao \u017eeljezov (II) sulfat, monohidrat (E 1) 130,00 mg, bakar kao bakrov (II) sulfat, pentahidrat (E 4) 42,00 mg, cink kao cinkov oksid (E 6) 260,00 mg, mangan kao manganov (II) oksid (E 5) 130,00 mg, jod kao bezvodni kalcijev jodat (E 2) 1,30 mg, selen kao natrijev selenit (E 8) 0,95 mg.<\/p>\n","protected":false},"excerpt":{"rendered":"<p><strong>Za ovaj proizvod se zbog dimenzija ili te\u017eine obra\u010dunavaju dodatni tro\u0161kovi po\u0161tarine u vrijednosti 15\u20ac \/ kom.<\/strong><\/p>\n<p>&nbsp;<\/p>\n<p><strong>Marstall-ov original<\/strong><\/p>\n<ul>\n<li>visoko probavljiv<\/li>\n<li>s dodatnim mineralima i vitaminima<\/li>\n<li>optimalna opskrba<\/li>\n<li>bez zobi<\/li>\n<\/ul>\n<p><strong>Koli\u010dina: 20 kg<\/strong><\/p>\n<p><strong>Rok upotrebe: 23.09.2024.<\/strong><\/p>\n","protected":false},"featured_media":121919,"template":"","meta":{"footnotes":""},"product_brand":[],"product_cat":[5710,6089,6163],"product_tag":[],"class_list":{"0":"post-104562","1":"product","2":"type-product","3":"status-publish","4":"has-post-thumbnail","6":"product_cat-hrana-za-konje-hr","7":"product_cat-marstall-hr","8":"product_cat-univerzalna-linija","9":"product_shipping_class-marstall-hr","11":"first","12":"instock","13":"shipping-taxable","14":"purchasable","15":"product-type-simple"},"yoast_head":"<!-- This site is optimized with the Yoast SEO plugin v27.3 - https:\/\/yoast.com\/product\/yoast-seo-wordpress\/ -->\n<title>Marstall Haferfrei - Clair<\/title>\n<meta name=\"description\" content=\"Marstall Haferfrei je osnova za svakodnevno hranjenje va\u0161ih konja. Ponudu Marstallovih proizvoda mo\u017eete pogledati u web trgovini.\" \/>\n<meta name=\"robots\" content=\"index, follow, max-snippet:-1, max-image-preview:large, max-video-preview:-1\" \/>\n<link rel=\"canonical\" href=\"https:\/\/clair.si\/izdelek\/marstall-haferfrei\/\" \/>\n<meta property=\"og:locale\" content=\"hr_HR\" \/>\n<meta property=\"og:type\" content=\"article\" \/>\n<meta property=\"og:title\" content=\"Marstall Haferfrei - Clair\" \/>\n<meta property=\"og:description\" content=\"Marstall Haferfrei je osnova za svakodnevno hranjenje va\u0161ih konja. Ponudu Marstallovih proizvoda mo\u017eete pogledati u web trgovini.\" \/>\n<meta property=\"og:url\" content=\"https:\/\/clair.si\/izdelek\/marstall-haferfrei\/\" \/>\n<meta property=\"og:site_name\" content=\"Clair\" \/>\n<meta property=\"article:publisher\" content=\"https:\/\/www.facebook.com\/TrgovinaClair\/\" \/>\n<meta property=\"article:modified_time\" content=\"2025-11-28T18:44:18+00:00\" \/>\n<meta property=\"og:image\" content=\"https:\/\/clair.si\/wp-content\/uploads\/2022\/05\/marstall_haferfrei.jpg\" \/>\n\t<meta property=\"og:image:width\" content=\"440\" \/>\n\t<meta property=\"og:image:height\" content=\"440\" \/>\n\t<meta property=\"og:image:type\" content=\"image\/jpeg\" \/>\n<meta name=\"twitter:card\" content=\"summary_large_image\" \/>\n<meta name=\"twitter:label1\" content=\"Procijenjeno vrijeme \u010ditanja\" \/>\n\t<meta name=\"twitter:data1\" content=\"3 minute\" \/>\n<script type=\"application\/ld+json\" class=\"yoast-schema-graph\">{\"@context\":\"https:\\\/\\\/schema.org\",\"@graph\":[{\"@type\":\"WebPage\",\"@id\":\"https:\\\/\\\/clair.si\\\/izdelek\\\/marstall-haferfrei\\\/\",\"url\":\"https:\\\/\\\/clair.si\\\/izdelek\\\/marstall-haferfrei\\\/\",\"name\":\"Marstall Haferfrei - Clair\",\"isPartOf\":{\"@id\":\"https:\\\/\\\/clair.si\\\/#website\"},\"primaryImageOfPage\":{\"@id\":\"https:\\\/\\\/clair.si\\\/izdelek\\\/marstall-haferfrei\\\/#primaryimage\"},\"image\":{\"@id\":\"https:\\\/\\\/clair.si\\\/izdelek\\\/marstall-haferfrei\\\/#primaryimage\"},\"thumbnailUrl\":\"https:\\\/\\\/clair.si\\\/wp-content\\\/uploads\\\/2022\\\/05\\\/novi-haferfrei.webp\",\"datePublished\":\"2022-05-23T11:16:40+00:00\",\"dateModified\":\"2025-11-28T18:44:18+00:00\",\"description\":\"Marstall Haferfrei je osnova za svakodnevno hranjenje va\u0161ih konja. Ponudu Marstallovih proizvoda mo\u017eete pogledati u web trgovini.\",\"breadcrumb\":{\"@id\":\"https:\\\/\\\/clair.si\\\/izdelek\\\/marstall-haferfrei\\\/#breadcrumb\"},\"inLanguage\":\"hr\",\"potentialAction\":[{\"@type\":\"ReadAction\",\"target\":[\"https:\\\/\\\/clair.si\\\/izdelek\\\/marstall-haferfrei\\\/\"]}]},{\"@type\":\"ImageObject\",\"inLanguage\":\"hr\",\"@id\":\"https:\\\/\\\/clair.si\\\/izdelek\\\/marstall-haferfrei\\\/#primaryimage\",\"url\":\"https:\\\/\\\/clair.si\\\/wp-content\\\/uploads\\\/2022\\\/05\\\/novi-haferfrei.webp\",\"contentUrl\":\"https:\\\/\\\/clair.si\\\/wp-content\\\/uploads\\\/2022\\\/05\\\/novi-haferfrei.webp\",\"width\":800,\"height\":800},{\"@type\":\"BreadcrumbList\",\"@id\":\"https:\\\/\\\/clair.si\\\/izdelek\\\/marstall-haferfrei\\\/#breadcrumb\",\"itemListElement\":[{\"@type\":\"ListItem\",\"position\":1,\"name\":\"Home\",\"item\":\"https:\\\/\\\/clair.si\\\/hr\\\/\"},{\"@type\":\"ListItem\",\"position\":2,\"name\":\"Trgovina\",\"item\":\"https:\\\/\\\/clair.si\\\/trgovina\\\/\"},{\"@type\":\"ListItem\",\"position\":3,\"name\":\"Marstall Haferfrei\"}]},{\"@type\":\"WebSite\",\"@id\":\"https:\\\/\\\/clair.si\\\/#website\",\"url\":\"https:\\\/\\\/clair.si\\\/\",\"name\":\"Clair\",\"description\":\"Trgovina s konjeni\u0161ko opremo\",\"publisher\":{\"@id\":\"https:\\\/\\\/clair.si\\\/#organization\"},\"potentialAction\":[{\"@type\":\"SearchAction\",\"target\":{\"@type\":\"EntryPoint\",\"urlTemplate\":\"https:\\\/\\\/clair.si\\\/?s={search_term_string}\"},\"query-input\":{\"@type\":\"PropertyValueSpecification\",\"valueRequired\":true,\"valueName\":\"search_term_string\"}}],\"inLanguage\":\"hr\"},{\"@type\":\"Organization\",\"@id\":\"https:\\\/\\\/clair.si\\\/#organization\",\"name\":\"Clair\",\"url\":\"https:\\\/\\\/clair.si\\\/\",\"logo\":{\"@type\":\"ImageObject\",\"inLanguage\":\"hr\",\"@id\":\"https:\\\/\\\/clair.si\\\/#\\\/schema\\\/logo\\\/image\\\/\",\"url\":\"https:\\\/\\\/clair.si\\\/wp-content\\\/uploads\\\/2022\\\/11\\\/clair_logo_2022.jpg\",\"contentUrl\":\"https:\\\/\\\/clair.si\\\/wp-content\\\/uploads\\\/2022\\\/11\\\/clair_logo_2022.jpg\",\"width\":1920,\"height\":1920,\"caption\":\"Clair\"},\"image\":{\"@id\":\"https:\\\/\\\/clair.si\\\/#\\\/schema\\\/logo\\\/image\\\/\"},\"sameAs\":[\"https:\\\/\\\/www.facebook.com\\\/TrgovinaClair\\\/\"]}]}<\/script>\n<!-- \/ Yoast SEO plugin. -->","yoast_head_json":{"title":"Marstall Haferfrei - Clair","description":"Marstall Haferfrei je osnova za svakodnevno hranjenje va\u0161ih konja. Ponudu Marstallovih proizvoda mo\u017eete pogledati u web trgovini.","robots":{"index":"index","follow":"follow","max-snippet":"max-snippet:-1","max-image-preview":"max-image-preview:large","max-video-preview":"max-video-preview:-1"},"canonical":"https:\/\/clair.si\/izdelek\/marstall-haferfrei\/","og_locale":"hr_HR","og_type":"article","og_title":"Marstall Haferfrei - Clair","og_description":"Marstall Haferfrei je osnova za svakodnevno hranjenje va\u0161ih konja. Ponudu Marstallovih proizvoda mo\u017eete pogledati u web trgovini.","og_url":"https:\/\/clair.si\/izdelek\/marstall-haferfrei\/","og_site_name":"Clair","article_publisher":"https:\/\/www.facebook.com\/TrgovinaClair\/","article_modified_time":"2025-11-28T18:44:18+00:00","og_image":[{"width":440,"height":440,"url":"https:\/\/clair.si\/wp-content\/uploads\/2022\/05\/marstall_haferfrei.jpg","type":"image\/jpeg"}],"twitter_card":"summary_large_image","twitter_misc":{"Procijenjeno vrijeme \u010ditanja":"3 minute"},"schema":{"@context":"https:\/\/schema.org","@graph":[{"@type":"WebPage","@id":"https:\/\/clair.si\/izdelek\/marstall-haferfrei\/","url":"https:\/\/clair.si\/izdelek\/marstall-haferfrei\/","name":"Marstall Haferfrei - Clair","isPartOf":{"@id":"https:\/\/clair.si\/#website"},"primaryImageOfPage":{"@id":"https:\/\/clair.si\/izdelek\/marstall-haferfrei\/#primaryimage"},"image":{"@id":"https:\/\/clair.si\/izdelek\/marstall-haferfrei\/#primaryimage"},"thumbnailUrl":"https:\/\/clair.si\/wp-content\/uploads\/2022\/05\/novi-haferfrei.webp","datePublished":"2022-05-23T11:16:40+00:00","dateModified":"2025-11-28T18:44:18+00:00","description":"Marstall Haferfrei je osnova za svakodnevno hranjenje va\u0161ih konja. Ponudu Marstallovih proizvoda mo\u017eete pogledati u web trgovini.","breadcrumb":{"@id":"https:\/\/clair.si\/izdelek\/marstall-haferfrei\/#breadcrumb"},"inLanguage":"hr","potentialAction":[{"@type":"ReadAction","target":["https:\/\/clair.si\/izdelek\/marstall-haferfrei\/"]}]},{"@type":"ImageObject","inLanguage":"hr","@id":"https:\/\/clair.si\/izdelek\/marstall-haferfrei\/#primaryimage","url":"https:\/\/clair.si\/wp-content\/uploads\/2022\/05\/novi-haferfrei.webp","contentUrl":"https:\/\/clair.si\/wp-content\/uploads\/2022\/05\/novi-haferfrei.webp","width":800,"height":800},{"@type":"BreadcrumbList","@id":"https:\/\/clair.si\/izdelek\/marstall-haferfrei\/#breadcrumb","itemListElement":[{"@type":"ListItem","position":1,"name":"Home","item":"https:\/\/clair.si\/hr\/"},{"@type":"ListItem","position":2,"name":"Trgovina","item":"https:\/\/clair.si\/trgovina\/"},{"@type":"ListItem","position":3,"name":"Marstall Haferfrei"}]},{"@type":"WebSite","@id":"https:\/\/clair.si\/#website","url":"https:\/\/clair.si\/","name":"Clair","description":"Trgovina s konjeni\u0161ko opremo","publisher":{"@id":"https:\/\/clair.si\/#organization"},"potentialAction":[{"@type":"SearchAction","target":{"@type":"EntryPoint","urlTemplate":"https:\/\/clair.si\/?s={search_term_string}"},"query-input":{"@type":"PropertyValueSpecification","valueRequired":true,"valueName":"search_term_string"}}],"inLanguage":"hr"},{"@type":"Organization","@id":"https:\/\/clair.si\/#organization","name":"Clair","url":"https:\/\/clair.si\/","logo":{"@type":"ImageObject","inLanguage":"hr","@id":"https:\/\/clair.si\/#\/schema\/logo\/image\/","url":"https:\/\/clair.si\/wp-content\/uploads\/2022\/11\/clair_logo_2022.jpg","contentUrl":"https:\/\/clair.si\/wp-content\/uploads\/2022\/11\/clair_logo_2022.jpg","width":1920,"height":1920,"caption":"Clair"},"image":{"@id":"https:\/\/clair.si\/#\/schema\/logo\/image\/"},"sameAs":["https:\/\/www.facebook.com\/TrgovinaClair\/"]}]}},"_links":{"self":[{"href":"https:\/\/clair.si\/hr\/wp-json\/wp\/v2\/product\/104562","targetHints":{"allow":["GET"]}}],"collection":[{"href":"https:\/\/clair.si\/hr\/wp-json\/wp\/v2\/product"}],"about":[{"href":"https:\/\/clair.si\/hr\/wp-json\/wp\/v2\/types\/product"}],"version-history":[{"count":0,"href":"https:\/\/clair.si\/hr\/wp-json\/wp\/v2\/product\/104562\/revisions"}],"wp:featuredmedia":[{"embeddable":true,"href":"https:\/\/clair.si\/hr\/wp-json\/wp\/v2\/media\/121919"}],"wp:attachment":[{"href":"https:\/\/clair.si\/hr\/wp-json\/wp\/v2\/media?parent=104562"}],"wp:term":[{"taxonomy":"product_brand","embeddable":true,"href":"https:\/\/clair.si\/hr\/wp-json\/wp\/v2\/product_brand?post=104562"},{"taxonomy":"product_cat","embeddable":true,"href":"https:\/\/clair.si\/hr\/wp-json\/wp\/v2\/product_cat?post=104562"},{"taxonomy":"product_tag","embeddable":true,"href":"https:\/\/clair.si\/hr\/wp-json\/wp\/v2\/product_tag?post=104562"}],"curies":[{"name":"wp","href":"https:\/\/api.w.org\/{rel}","templated":true}]}}