{"id":104565,"date":"2022-05-23T13:33:22","date_gmt":"2022-05-23T11:33:22","guid":{"rendered":"https:\/\/clair.si\/izdelek\/marstall-vito\/"},"modified":"2025-08-28T19:50:08","modified_gmt":"2025-08-28T17:50:08","slug":"marstall-vito","status":"publish","type":"product","link":"https:\/\/clair.si\/hr\/izdelek\/marstall-vito\/","title":{"rendered":"Marstall Vito"},"content":{"rendered":"<p><strong>Marstall Vito<\/strong> je musli bez \u017eitarica za sve konje s metaboli\u010dkim problemima povezanim s hranom. Vitu su do minimuma oduzeti \u0161krob i \u0161e\u0107eri, bez melase je i bogat sirovim vlaknima, uljima, vitaminom E, cinkom i selenom.<\/p>\n<p>Marstall Vito idealan je za sve rekreacijske i sportske konje &#8211; \u010dak i one koji trebaju prehranu bez \u017eitarica.<\/p>\n<p>Ako je konju dijagnosticiran metaboli\u010dki poreme\u0107aj, kao \u0161to je polisaharidna miopatija skladi\u0161tenja (PSSM), konjski metaboli\u010dki sindrom (EMS) ili Cushingova bolest, to ne zna\u010di kraj njegove karijere. Uz odgovaraju\u0107u njegu, vje\u017ebu i plan hranjenja, konji s poreme\u0107ajima u metabolizmu i dalje mogu \u017eivjeti punim \u017eivotom.<\/p>\n<p><strong>Marstall Vito<\/strong> se temelji na vlaknima iz sijena i ne sadr\u017ei \u017eitarice ili melasu. Kao m\u00fcsli s vrlo niskim udjelom \u0161e\u0107era i \u0161kroba, Vito je idealna hrana za konje s poreme\u0107ajima u metabolizmu, intolerancijom na \u0161e\u0107er i \u0161krob ili one koji su skloni laminitisu. Marstall Vito sadr\u017ei visoku razinu cinka, vitamina E i protuupalnih omega-3 masnih kiselina. Njegov visoki udio ulja zna\u010di da i Marstall Vito mo\u017ee sportskim konjima osigurati velike koli\u010dine energije bez \u017eitarica, a istovremeno je nje\u017ean za \u017eeludac. Marstall Vito zaokru\u017een je ukusnim prirodnim sastojcima, poput pahuljica mrkve i \u010de\u0161njaka.<\/p>\n<p>Za konje koji imaju problema sa zubima ili koji &#8216;\u017eure s hranom&#8217;, preporu\u010dujemo hranjenje Marstalla Vito namo\u010denog s otprilike jednim litrom vode na litru Marstall Vita.<\/p>\n<p><strong>Sastav Marstall Vito:<\/strong><\/p>\n<p><em>Trava, su\u0161ena na visokoj temperaturi (82,00 %), ulje uljane repice, rafinirano (5,00 %), lucerna, su\u0161ena na visokim temperaturama (4,00 %), pahuljice mrkve (3,00 %), gro\u017e\u0111ani trop, su\u0161eni (1,20 %), natrijev klorid (0,90 %), kalcijev karbonat (0,70 %), pahuljice \u010de\u0161njaka (0,50 %), laneno sjeme (0,50 %), monokalcijev fosfat (0,50 %), magnezijev oksid (0,35 %), pivski kvasac (0,25 %).<\/em><\/p>\n<p>Analiti\u010dki sastav: sirove bjelan\u010devine (SB): 11,50 %* (58,00 g pcv*), sirova vlakna (SV): 19,00 %, sirove masti (SM): 8,00 %, sirovi pepeo (SP): 12,00 %, energija (DE): 10,50 MJ\/kg, energija (ME) GfE 2014: 9,00 MJ\/kg, kalcij: 0,90 %, fosfor: 0,40 %, natrij: 0,50 %, magnezij: 0,40 %; drugo: \u0161krob: 3,50 %, \u0161e\u0107eri: 3,90 %. *pcv: probavljivo, konjima dostupno.<br \/>\nNutritivni dodaci (na 1 kg):<br \/>\nVitamini topljivi u mastima: vitamin A (3a672a) 25.800,00 I.E., vitamin D3 (3a671) 1.000,00 I.E., vitamin E (3a700) 610,00 mg, vitamin K3 (3a711) 4,50 mg.<br \/>\nVitamini topljivi u vodi: vitamin C (3a312) 79,00 mg, vitamin B1 (3a821) 18,00 mg, vitamin B2 (riboflavin) 6,50 mg, vitamin B6 (piridoksin hidroklorid (3a831)) 15,00 mg, vitamin B12 (cijanokobalamin) 100,00 \u00b5g, biotin (3a880) 630,00 \u00b5g, folna kiselina (3a316) 10,00 mg, kolin klorid (3a890) 270,00 mg, kalcijev D-pantotenat (3a841) 15,00 mg, niacin (3a314) 25,00 mg.<br \/>\nElementi u tragovima: \u017eeljezo kao \u017eeljezov (II) sulfat, monohidrat (E1) 170,00 mg, bakar kao bakrov sulfat, pentahidrat (E4) 42,00 mg, cink kao cinkov oksid (3b603) 280,00 mg, mangan kao manganov oksid (II) (3b502) 125,00 mg, jod kao bezvodni kalcijev jodat (3b202) 1,00 mg, selen kao natrijev selenit (E 8) 0,90 mg.<\/p>\n","protected":false},"excerpt":{"rendered":"<p><strong>Za ovaj proizvod se zbog dimenzija ili te\u017eine obra\u010dunavaju dodatni tro\u0161kovi po\u0161tarine u vrijednosti 15\u20ac \/ kom.<\/strong><\/p>\n<p>&nbsp;<\/p>\n<p><strong>M\u00fcsli bez \u017eitarica i melase<br \/>\n<\/strong><\/p>\n<ul>\n<li>s dodanom energijom<\/li>\n<li>pogodan i za sportske konje<\/li>\n<li>s visokim udjelom vitamina i minerala<\/li>\n<\/ul>\n<p><strong>Koli\u010dina: 20 kg<\/strong><\/p>\n","protected":false},"featured_media":104566,"template":"","meta":{"footnotes":""},"product_brand":[],"product_cat":[6090,5710,6089],"product_tag":[],"class_list":{"0":"post-104565","1":"product","2":"type-product","3":"status-publish","4":"has-post-thumbnail","6":"product_cat-bez-zitarica","7":"product_cat-hrana-za-konje-hr","8":"product_cat-marstall-hr","9":"product_shipping_class-marstall-hr","11":"first","12":"instock","13":"sale","14":"shipping-taxable","15":"purchasable","16":"product-type-simple"},"yoast_head":"<!-- This site is optimized with the Yoast SEO plugin v27.4 - https:\/\/yoast.com\/product\/yoast-seo-wordpress\/ -->\n<title>Marstall Vito - Clair<\/title>\n<meta name=\"description\" content=\"Marstall Vito je hrana prikladna za konje koji imaju problema s metabolizmom. Provjerite raznoliku ponudu Marstall hrane u na\u0161oj web trgovini!\" \/>\n<meta name=\"robots\" content=\"index, follow, max-snippet:-1, max-image-preview:large, max-video-preview:-1\" \/>\n<link rel=\"canonical\" href=\"https:\/\/clair.si\/hr\/izdelek\/marstall-vito\/\" \/>\n<meta property=\"og:locale\" content=\"hr_HR\" \/>\n<meta property=\"og:type\" content=\"article\" \/>\n<meta property=\"og:title\" content=\"Marstall Vito - Clair\" \/>\n<meta property=\"og:description\" content=\"Marstall Vito je hrana prikladna za konje koji imaju problema s metabolizmom. Provjerite raznoliku ponudu Marstall hrane u na\u0161oj web trgovini!\" \/>\n<meta property=\"og:url\" content=\"https:\/\/clair.si\/hr\/izdelek\/marstall-vito\/\" \/>\n<meta property=\"og:site_name\" content=\"Clair\" \/>\n<meta property=\"article:publisher\" content=\"https:\/\/www.facebook.com\/TrgovinaClair\/\" \/>\n<meta property=\"article:modified_time\" content=\"2025-08-28T17:50:08+00:00\" \/>\n<meta property=\"og:image\" content=\"https:\/\/clair.si\/wp-content\/uploads\/2022\/05\/Marstall-vito-hrana-za-konje.jpg\" \/>\n\t<meta property=\"og:image:width\" content=\"800\" \/>\n\t<meta property=\"og:image:height\" content=\"800\" \/>\n\t<meta property=\"og:image:type\" content=\"image\/jpeg\" \/>\n<meta name=\"twitter:card\" content=\"summary_large_image\" \/>\n<meta name=\"twitter:label1\" content=\"Procijenjeno vrijeme \u010ditanja\" \/>\n\t<meta name=\"twitter:data1\" content=\"3 minute\" \/>\n<script type=\"application\/ld+json\" class=\"yoast-schema-graph\">{\"@context\":\"https:\\\/\\\/schema.org\",\"@graph\":[{\"@type\":\"WebPage\",\"@id\":\"https:\\\/\\\/clair.si\\\/hr\\\/izdelek\\\/marstall-vito\\\/\",\"url\":\"https:\\\/\\\/clair.si\\\/hr\\\/izdelek\\\/marstall-vito\\\/\",\"name\":\"Marstall Vito - Clair\",\"isPartOf\":{\"@id\":\"https:\\\/\\\/clair.si\\\/#website\"},\"primaryImageOfPage\":{\"@id\":\"https:\\\/\\\/clair.si\\\/hr\\\/izdelek\\\/marstall-vito\\\/#primaryimage\"},\"image\":{\"@id\":\"https:\\\/\\\/clair.si\\\/hr\\\/izdelek\\\/marstall-vito\\\/#primaryimage\"},\"thumbnailUrl\":\"https:\\\/\\\/clair.si\\\/wp-content\\\/uploads\\\/2022\\\/05\\\/Marstall-vito-hrana-za-konje.webp\",\"datePublished\":\"2022-05-23T11:33:22+00:00\",\"dateModified\":\"2025-08-28T17:50:08+00:00\",\"description\":\"Marstall Vito je hrana prikladna za konje koji imaju problema s metabolizmom. Provjerite raznoliku ponudu Marstall hrane u na\u0161oj web trgovini!\",\"breadcrumb\":{\"@id\":\"https:\\\/\\\/clair.si\\\/hr\\\/izdelek\\\/marstall-vito\\\/#breadcrumb\"},\"inLanguage\":\"hr\",\"potentialAction\":[{\"@type\":\"ReadAction\",\"target\":[\"https:\\\/\\\/clair.si\\\/hr\\\/izdelek\\\/marstall-vito\\\/\"]}]},{\"@type\":\"ImageObject\",\"inLanguage\":\"hr\",\"@id\":\"https:\\\/\\\/clair.si\\\/hr\\\/izdelek\\\/marstall-vito\\\/#primaryimage\",\"url\":\"https:\\\/\\\/clair.si\\\/wp-content\\\/uploads\\\/2022\\\/05\\\/Marstall-vito-hrana-za-konje.webp\",\"contentUrl\":\"https:\\\/\\\/clair.si\\\/wp-content\\\/uploads\\\/2022\\\/05\\\/Marstall-vito-hrana-za-konje.webp\",\"width\":800,\"height\":800,\"caption\":\"Marstall Vito krma za konje.\"},{\"@type\":\"BreadcrumbList\",\"@id\":\"https:\\\/\\\/clair.si\\\/hr\\\/izdelek\\\/marstall-vito\\\/#breadcrumb\",\"itemListElement\":[{\"@type\":\"ListItem\",\"position\":1,\"name\":\"Home\",\"item\":\"https:\\\/\\\/clair.si\\\/hr\\\/\"},{\"@type\":\"ListItem\",\"position\":2,\"name\":\"Trgovina\",\"item\":\"https:\\\/\\\/clair.si\\\/trgovina\\\/\"},{\"@type\":\"ListItem\",\"position\":3,\"name\":\"Marstall Vito\"}]},{\"@type\":\"WebSite\",\"@id\":\"https:\\\/\\\/clair.si\\\/#website\",\"url\":\"https:\\\/\\\/clair.si\\\/\",\"name\":\"Clair\",\"description\":\"Trgovina s konjeni\u0161ko opremo\",\"publisher\":{\"@id\":\"https:\\\/\\\/clair.si\\\/#organization\"},\"potentialAction\":[{\"@type\":\"SearchAction\",\"target\":{\"@type\":\"EntryPoint\",\"urlTemplate\":\"https:\\\/\\\/clair.si\\\/?s={search_term_string}\"},\"query-input\":{\"@type\":\"PropertyValueSpecification\",\"valueRequired\":true,\"valueName\":\"search_term_string\"}}],\"inLanguage\":\"hr\"},{\"@type\":\"Organization\",\"@id\":\"https:\\\/\\\/clair.si\\\/#organization\",\"name\":\"Clair\",\"url\":\"https:\\\/\\\/clair.si\\\/\",\"logo\":{\"@type\":\"ImageObject\",\"inLanguage\":\"hr\",\"@id\":\"https:\\\/\\\/clair.si\\\/#\\\/schema\\\/logo\\\/image\\\/\",\"url\":\"https:\\\/\\\/clair.si\\\/wp-content\\\/uploads\\\/2022\\\/11\\\/clair_logo_2022.jpg\",\"contentUrl\":\"https:\\\/\\\/clair.si\\\/wp-content\\\/uploads\\\/2022\\\/11\\\/clair_logo_2022.jpg\",\"width\":1920,\"height\":1920,\"caption\":\"Clair\"},\"image\":{\"@id\":\"https:\\\/\\\/clair.si\\\/#\\\/schema\\\/logo\\\/image\\\/\"},\"sameAs\":[\"https:\\\/\\\/www.facebook.com\\\/TrgovinaClair\\\/\"]}]}<\/script>\n<!-- \/ Yoast SEO plugin. -->","yoast_head_json":{"title":"Marstall Vito - Clair","description":"Marstall Vito je hrana prikladna za konje koji imaju problema s metabolizmom. Provjerite raznoliku ponudu Marstall hrane u na\u0161oj web trgovini!","robots":{"index":"index","follow":"follow","max-snippet":"max-snippet:-1","max-image-preview":"max-image-preview:large","max-video-preview":"max-video-preview:-1"},"canonical":"https:\/\/clair.si\/hr\/izdelek\/marstall-vito\/","og_locale":"hr_HR","og_type":"article","og_title":"Marstall Vito - Clair","og_description":"Marstall Vito je hrana prikladna za konje koji imaju problema s metabolizmom. Provjerite raznoliku ponudu Marstall hrane u na\u0161oj web trgovini!","og_url":"https:\/\/clair.si\/hr\/izdelek\/marstall-vito\/","og_site_name":"Clair","article_publisher":"https:\/\/www.facebook.com\/TrgovinaClair\/","article_modified_time":"2025-08-28T17:50:08+00:00","og_image":[{"width":800,"height":800,"url":"https:\/\/clair.si\/wp-content\/uploads\/2022\/05\/Marstall-vito-hrana-za-konje.jpg","type":"image\/jpeg"}],"twitter_card":"summary_large_image","twitter_misc":{"Procijenjeno vrijeme \u010ditanja":"3 minute"},"schema":{"@context":"https:\/\/schema.org","@graph":[{"@type":"WebPage","@id":"https:\/\/clair.si\/hr\/izdelek\/marstall-vito\/","url":"https:\/\/clair.si\/hr\/izdelek\/marstall-vito\/","name":"Marstall Vito - Clair","isPartOf":{"@id":"https:\/\/clair.si\/#website"},"primaryImageOfPage":{"@id":"https:\/\/clair.si\/hr\/izdelek\/marstall-vito\/#primaryimage"},"image":{"@id":"https:\/\/clair.si\/hr\/izdelek\/marstall-vito\/#primaryimage"},"thumbnailUrl":"https:\/\/clair.si\/wp-content\/uploads\/2022\/05\/Marstall-vito-hrana-za-konje.webp","datePublished":"2022-05-23T11:33:22+00:00","dateModified":"2025-08-28T17:50:08+00:00","description":"Marstall Vito je hrana prikladna za konje koji imaju problema s metabolizmom. Provjerite raznoliku ponudu Marstall hrane u na\u0161oj web trgovini!","breadcrumb":{"@id":"https:\/\/clair.si\/hr\/izdelek\/marstall-vito\/#breadcrumb"},"inLanguage":"hr","potentialAction":[{"@type":"ReadAction","target":["https:\/\/clair.si\/hr\/izdelek\/marstall-vito\/"]}]},{"@type":"ImageObject","inLanguage":"hr","@id":"https:\/\/clair.si\/hr\/izdelek\/marstall-vito\/#primaryimage","url":"https:\/\/clair.si\/wp-content\/uploads\/2022\/05\/Marstall-vito-hrana-za-konje.webp","contentUrl":"https:\/\/clair.si\/wp-content\/uploads\/2022\/05\/Marstall-vito-hrana-za-konje.webp","width":800,"height":800,"caption":"Marstall Vito krma za konje."},{"@type":"BreadcrumbList","@id":"https:\/\/clair.si\/hr\/izdelek\/marstall-vito\/#breadcrumb","itemListElement":[{"@type":"ListItem","position":1,"name":"Home","item":"https:\/\/clair.si\/hr\/"},{"@type":"ListItem","position":2,"name":"Trgovina","item":"https:\/\/clair.si\/trgovina\/"},{"@type":"ListItem","position":3,"name":"Marstall Vito"}]},{"@type":"WebSite","@id":"https:\/\/clair.si\/#website","url":"https:\/\/clair.si\/","name":"Clair","description":"Trgovina s konjeni\u0161ko opremo","publisher":{"@id":"https:\/\/clair.si\/#organization"},"potentialAction":[{"@type":"SearchAction","target":{"@type":"EntryPoint","urlTemplate":"https:\/\/clair.si\/?s={search_term_string}"},"query-input":{"@type":"PropertyValueSpecification","valueRequired":true,"valueName":"search_term_string"}}],"inLanguage":"hr"},{"@type":"Organization","@id":"https:\/\/clair.si\/#organization","name":"Clair","url":"https:\/\/clair.si\/","logo":{"@type":"ImageObject","inLanguage":"hr","@id":"https:\/\/clair.si\/#\/schema\/logo\/image\/","url":"https:\/\/clair.si\/wp-content\/uploads\/2022\/11\/clair_logo_2022.jpg","contentUrl":"https:\/\/clair.si\/wp-content\/uploads\/2022\/11\/clair_logo_2022.jpg","width":1920,"height":1920,"caption":"Clair"},"image":{"@id":"https:\/\/clair.si\/#\/schema\/logo\/image\/"},"sameAs":["https:\/\/www.facebook.com\/TrgovinaClair\/"]}]}},"_links":{"self":[{"href":"https:\/\/clair.si\/hr\/wp-json\/wp\/v2\/product\/104565","targetHints":{"allow":["GET"]}}],"collection":[{"href":"https:\/\/clair.si\/hr\/wp-json\/wp\/v2\/product"}],"about":[{"href":"https:\/\/clair.si\/hr\/wp-json\/wp\/v2\/types\/product"}],"version-history":[{"count":0,"href":"https:\/\/clair.si\/hr\/wp-json\/wp\/v2\/product\/104565\/revisions"}],"wp:featuredmedia":[{"embeddable":true,"href":"https:\/\/clair.si\/hr\/wp-json\/wp\/v2\/media\/104566"}],"wp:attachment":[{"href":"https:\/\/clair.si\/hr\/wp-json\/wp\/v2\/media?parent=104565"}],"wp:term":[{"taxonomy":"product_brand","embeddable":true,"href":"https:\/\/clair.si\/hr\/wp-json\/wp\/v2\/product_brand?post=104565"},{"taxonomy":"product_cat","embeddable":true,"href":"https:\/\/clair.si\/hr\/wp-json\/wp\/v2\/product_cat?post=104565"},{"taxonomy":"product_tag","embeddable":true,"href":"https:\/\/clair.si\/hr\/wp-json\/wp\/v2\/product_tag?post=104565"}],"curies":[{"name":"wp","href":"https:\/\/api.w.org\/{rel}","templated":true}]}}