{"id":104568,"date":"2022-05-23T14:10:04","date_gmt":"2022-05-23T12:10:04","guid":{"rendered":"https:\/\/clair.si\/izdelek\/marstall-amino-sport-musli\/"},"modified":"2026-04-09T09:21:15","modified_gmt":"2026-04-09T07:21:15","slug":"marstall-amino-sport-musli","status":"publish","type":"product","link":"https:\/\/clair.si\/hr\/izdelek\/marstall-amino-sport-musli\/","title":{"rendered":"Marstall Amino-Sport M\u00fcsli"},"content":{"rendered":"<p><strong>Marstall Amino-Sport M\u00fcsli<\/strong> razvijen je na temelju najnovijih znanstvenih spoznaja o hranjenju visoko u\u010dinkovitih natjecateljskih konja. Ova mje\u0161avina vlakana i masti sa smanjenim udjelom \u0161kroba sadr\u017ei esencijalne aminokiseline u njihovom naj\u010di\u0161\u0107em obliku, zajedno s puno vitamina E i C.<\/p>\n<p>Prehrana sa smanjenim udjelom \u0161kroba postaje sve va\u017enija i u sportskom sektoru zbog metaboli\u010dkih problema ili \u017eelu\u010danih ulkusa. Stoga Marstall Amino-Sport M\u00fcsli sadr\u017ei samo male koli\u010dine zobi i \u017eitnih pahuljica. Ulje repice s visokim udjelom omega-3 masnih kiselina, strukturnih vlakana i posebne aminokiselinske formule osiguravaju mi\u0161i\u0107ima lako probavljivu energiju koja \u0161tedi glikogen. Marstall Amino-Sport M\u00fcsli sadr\u017ei posebno visoke razine najva\u017enijih kristalnih aminokiselina u \u010distom obliku L i DL. Te su aminokiseline 100 % dostupne konju i prelaze izravno u krv i dalje u mi\u0161i\u0107e.<\/p>\n<p>Budu\u0107i da vitamin C pove\u0107ava antioksidativni u\u010dinak vitamina E, mje\u0161avina Marstall Amino-Sport sadr\u017ei visoke razine oba. Lecitin podr\u017eava metabolizam masti i koristi \u017eivcima. Probioti\u010dki \u017eivi kvasac i \u017eva\u010dna struktura poti\u010du uravnote\u017eeno djelovanje crijeva za dobru probavu i apsorpciju hranjivih tvari, \u010dak i u stresnim situacijama.<\/p>\n<p><strong>\u0160to rade aminokiseline?<\/strong><\/p>\n<p>Aminokiseline opskrbljuju mi\u0161i\u0107e i jetru energijom. Time \u0161tedimo glikogen (pohranjenu energiju u mi\u0161i\u0107ima), pobolj\u0161avamo djelovanje mi\u0161i\u0107a i smanjujemo njihov umor. Mi\u0161i\u0107no tkivo se pravilno gradi samo ako su prave esencijalne aminokiseline prisutne u pravim koli\u010dinama i me\u0111usobnim omjerima. \u010cak i jedna aminokislina koja nedostaje mo\u017ee usporiti ili smanjiti izgradnju mi\u0161i\u0107a. Posebno kod konja, gdje se od njih o\u010dekuje visoka, trajna izvedba, esencijalne aminokiseline poma\u017eu u odr\u017eavanju performansi.<\/p>\n<p><strong>Sastav:<\/strong><\/p>\n<p><em><span class=\"VIiyi\" lang=\"sl\"><span class=\"JLqJ4b ChMk0b\" data-language-for-alternatives=\"sl\" data-language-to-translate-into=\"en\" data-phrase-index=\"0\" data-number-of-phrases=\"2\"><span class=\"Q4iAWc\">Kukuruzne pahuljice, sojine pahuljice, zob (10,00 %), je\u010dmene pahuljice, zobene ljuske, mje\u0161avine p\u0161eni\u010dnih mekinja, repina melasa, krupica, ulje repice, rafinirano (4,00 %), su\u0161ena repina pulpa melasirana, trava, su\u0161ena pri visokoj temperaturi,<\/span><\/span> <span class=\"JLqJ4b ChMk0b\" data-language-for-alternatives=\"sl\" data-language-to-translate-into=\"en\" data-phrase-index=\"1\" data-number-of-phrases=\"2\"><span class=\"Q4iAWc\">sojino bra\u0161no, lucerna su\u0161ena pri visokoj temperaturi, ulje repice, rafinirano, hidrogenirano (2,00 %), kalcijev karbonat, gra\u0161kove pahuljice, obrano mlijeko u prahu, monokalcijev fosfat, natrijev klorid, magnezijev oksid.<\/span><\/span><\/span><\/em><\/p>\n<p>Analiti\u010dki sastav: sirove bjelan\u010devine (SB): 16,00 %, probavljive sirove bjelan\u010devine (PSB): 10,70 %, sirove masti (SM): 11,20 %, sirova vlaknina (SV): 8,60 %, sirovi pepeo (SP): 6,60 %, \u0161krob: 22,00 %, energija (DE): 13,50 MJ\/kg, energija (ME) GfE 2014: 12,00 MJ\/kg, kalcij: 0,85 %, fosfor: 0,35 %, natrij: 0,18 %, magnezij: 0,30 %. Aminokiseline lizin: 0,90 %, treonin: 1,20 %, metionin + cistein: 0,80 %, triptofan: 0,15 %.<\/p>\n<p>Nutritivni dodaci (na 1 kg):<br \/>\nVitamini, topljivi u mastima: vitamin A (E 672) 16.300,00 I.E., vitamin D3 (E 671) 710,00 I.E., vitamin E 950,00 mg, vitamin K3 3,00 mg.<br \/>\nVitamini, topljivi u vodi: vitamin C (3a312) 500,00 mg, vitamin B1 (3a821) 13,00 mg, vitamin B2 (riboflavin) 4,50 mg, vitamin B6 (piridoksin hidroklorid (3a831)) 9,00 mg, vitamin B12 (cianokobalamin) 75,00 \u00b5g, biotin (3a880) 440,00 \u00b5g, folna kiselina (3a316) 7,00 mg, holin klorid (3a890) 180,00 mg, kalcijev D-pantotenat (3a841) 10,00 mg, niacin (3a314) 16,00 mg.<br \/>\nElementi u tragovima: \u017eeljezo kao \u017eeljezov (II) sulfat, monohidrat (E1) 120,00 mg, bakar kao bakrov sulfat, pentahidrat (E4) 35,00 mg, cink kao cinkov oksid (3b603) 250,00 mg, mangan kao manganov oksid (II) (3b502) 100,00 mg, jod kao bezvodni kalcijev jodat (3b202) 1,20 mg, selen kao natrijev selenit (E 8) 0,90 mg. Detaljnije informacije mo\u017eete prona\u0107i na www.marstall.eu.<\/p>\n<p>Dodaci (na 1 kg) (zootehni\u010dki dodaci): Saccharomyces cerevisiae CBS 493.94 6 x 109 KBE<\/p>\n<p>&nbsp;<\/p>\n","protected":false},"excerpt":{"rendered":"<p><strong>Za ovaj proizvod se zbog dimenzija ili te\u017eine obra\u010dunavaju dodatni tro\u0161kovi po\u0161tarine u vrijednosti 15\u20ac \/ kom.<\/strong><\/p>\n<p>&nbsp;<\/p>\n<p><strong>M\u00fcsli za mi\u0161i\u0107nu snagu<\/strong><\/p>\n<ul>\n<li>s \u010distim aminokiselinama<\/li>\n<li>za brzi oporavak nakon napornog rada<\/li>\n<li>za maksimalnu u\u010dinkovitost<\/li>\n<\/ul>\n<p><strong>Koli\u010dina: 20 kg<\/strong><\/p>\n<p>&nbsp;<\/p>\n","protected":false},"featured_media":104571,"template":"","meta":{"footnotes":""},"product_brand":[],"product_cat":[5710,6089,6941],"product_tag":[],"class_list":{"0":"post-104568","1":"product","2":"type-product","3":"status-publish","4":"has-post-thumbnail","6":"product_cat-hrana-za-konje-hr","7":"product_cat-marstall-hr","8":"product_cat-sportska-linija","9":"product_shipping_class-marstall-hr","11":"first","12":"instock","13":"shipping-taxable","14":"purchasable","15":"product-type-simple"},"yoast_head":"<!-- This site is optimized with the Yoast SEO plugin v27.3 - https:\/\/yoast.com\/product\/yoast-seo-wordpress\/ -->\n<title>Marstall Amino-Sport M\u00fcsli - Clair<\/title>\n<meta name=\"description\" content=\"Marstall Amino-Sport M\u00fcsli sadr\u017ei malo \u017eitnih pahuljica i zobi. Kvalitetnu hranu marke Marstall mo\u017eete prona\u0107i u na\u0161oj web trgovini!\" \/>\n<meta name=\"robots\" content=\"index, follow, max-snippet:-1, max-image-preview:large, max-video-preview:-1\" \/>\n<link rel=\"canonical\" href=\"https:\/\/clair.si\/hr\/izdelek\/marstall-amino-sport-musli\/\" \/>\n<meta property=\"og:locale\" content=\"hr_HR\" \/>\n<meta property=\"og:type\" content=\"article\" \/>\n<meta property=\"og:title\" content=\"Marstall Amino-Sport M\u00fcsli - Clair\" \/>\n<meta property=\"og:description\" content=\"Marstall Amino-Sport M\u00fcsli sadr\u017ei malo \u017eitnih pahuljica i zobi. Kvalitetnu hranu marke Marstall mo\u017eete prona\u0107i u na\u0161oj web trgovini!\" \/>\n<meta property=\"og:url\" content=\"https:\/\/clair.si\/hr\/izdelek\/marstall-amino-sport-musli\/\" \/>\n<meta property=\"og:site_name\" content=\"Clair\" \/>\n<meta property=\"article:publisher\" content=\"https:\/\/www.facebook.com\/TrgovinaClair\/\" \/>\n<meta property=\"article:modified_time\" content=\"2026-04-09T07:21:15+00:00\" \/>\n<meta property=\"og:image\" content=\"https:\/\/clair.si\/wp-content\/uploads\/2022\/05\/amino-sport-marstall-hrana-za-konje.webp\" \/>\n\t<meta property=\"og:image:width\" content=\"800\" \/>\n\t<meta property=\"og:image:height\" content=\"800\" \/>\n\t<meta property=\"og:image:type\" content=\"image\/jpeg\" \/>\n<meta name=\"twitter:card\" content=\"summary_large_image\" \/>\n<meta name=\"twitter:label1\" content=\"Procijenjeno vrijeme \u010ditanja\" \/>\n\t<meta name=\"twitter:data1\" content=\"4 minute\" \/>\n<script type=\"application\/ld+json\" class=\"yoast-schema-graph\">{\"@context\":\"https:\\\/\\\/schema.org\",\"@graph\":[{\"@type\":\"WebPage\",\"@id\":\"https:\\\/\\\/clair.si\\\/hr\\\/izdelek\\\/marstall-amino-sport-musli\\\/\",\"url\":\"https:\\\/\\\/clair.si\\\/hr\\\/izdelek\\\/marstall-amino-sport-musli\\\/\",\"name\":\"Marstall Amino-Sport M\u00fcsli - Clair\",\"isPartOf\":{\"@id\":\"https:\\\/\\\/clair.si\\\/#website\"},\"primaryImageOfPage\":{\"@id\":\"https:\\\/\\\/clair.si\\\/hr\\\/izdelek\\\/marstall-amino-sport-musli\\\/#primaryimage\"},\"image\":{\"@id\":\"https:\\\/\\\/clair.si\\\/hr\\\/izdelek\\\/marstall-amino-sport-musli\\\/#primaryimage\"},\"thumbnailUrl\":\"https:\\\/\\\/clair.si\\\/wp-content\\\/uploads\\\/2022\\\/05\\\/amino-sport-marstall-hrana-za-konje.webp\",\"datePublished\":\"2022-05-23T12:10:04+00:00\",\"dateModified\":\"2026-04-09T07:21:15+00:00\",\"description\":\"Marstall Amino-Sport M\u00fcsli sadr\u017ei malo \u017eitnih pahuljica i zobi. Kvalitetnu hranu marke Marstall mo\u017eete prona\u0107i u na\u0161oj web trgovini!\",\"breadcrumb\":{\"@id\":\"https:\\\/\\\/clair.si\\\/hr\\\/izdelek\\\/marstall-amino-sport-musli\\\/#breadcrumb\"},\"inLanguage\":\"hr\",\"potentialAction\":[{\"@type\":\"ReadAction\",\"target\":[\"https:\\\/\\\/clair.si\\\/hr\\\/izdelek\\\/marstall-amino-sport-musli\\\/\"]}]},{\"@type\":\"ImageObject\",\"inLanguage\":\"hr\",\"@id\":\"https:\\\/\\\/clair.si\\\/hr\\\/izdelek\\\/marstall-amino-sport-musli\\\/#primaryimage\",\"url\":\"https:\\\/\\\/clair.si\\\/wp-content\\\/uploads\\\/2022\\\/05\\\/amino-sport-marstall-hrana-za-konje.webp\",\"contentUrl\":\"https:\\\/\\\/clair.si\\\/wp-content\\\/uploads\\\/2022\\\/05\\\/amino-sport-marstall-hrana-za-konje.webp\",\"width\":800,\"height\":800,\"caption\":\"Amino sport musli Marstall hrana za konje.\"},{\"@type\":\"BreadcrumbList\",\"@id\":\"https:\\\/\\\/clair.si\\\/hr\\\/izdelek\\\/marstall-amino-sport-musli\\\/#breadcrumb\",\"itemListElement\":[{\"@type\":\"ListItem\",\"position\":1,\"name\":\"Home\",\"item\":\"https:\\\/\\\/clair.si\\\/hr\\\/\"},{\"@type\":\"ListItem\",\"position\":2,\"name\":\"Trgovina\",\"item\":\"https:\\\/\\\/clair.si\\\/trgovina\\\/\"},{\"@type\":\"ListItem\",\"position\":3,\"name\":\"Marstall Amino-Sport M\u00fcsli\"}]},{\"@type\":\"WebSite\",\"@id\":\"https:\\\/\\\/clair.si\\\/#website\",\"url\":\"https:\\\/\\\/clair.si\\\/\",\"name\":\"Clair\",\"description\":\"Trgovina s konjeni\u0161ko opremo\",\"publisher\":{\"@id\":\"https:\\\/\\\/clair.si\\\/#organization\"},\"potentialAction\":[{\"@type\":\"SearchAction\",\"target\":{\"@type\":\"EntryPoint\",\"urlTemplate\":\"https:\\\/\\\/clair.si\\\/?s={search_term_string}\"},\"query-input\":{\"@type\":\"PropertyValueSpecification\",\"valueRequired\":true,\"valueName\":\"search_term_string\"}}],\"inLanguage\":\"hr\"},{\"@type\":\"Organization\",\"@id\":\"https:\\\/\\\/clair.si\\\/#organization\",\"name\":\"Clair\",\"url\":\"https:\\\/\\\/clair.si\\\/\",\"logo\":{\"@type\":\"ImageObject\",\"inLanguage\":\"hr\",\"@id\":\"https:\\\/\\\/clair.si\\\/#\\\/schema\\\/logo\\\/image\\\/\",\"url\":\"https:\\\/\\\/clair.si\\\/wp-content\\\/uploads\\\/2022\\\/11\\\/clair_logo_2022.jpg\",\"contentUrl\":\"https:\\\/\\\/clair.si\\\/wp-content\\\/uploads\\\/2022\\\/11\\\/clair_logo_2022.jpg\",\"width\":1920,\"height\":1920,\"caption\":\"Clair\"},\"image\":{\"@id\":\"https:\\\/\\\/clair.si\\\/#\\\/schema\\\/logo\\\/image\\\/\"},\"sameAs\":[\"https:\\\/\\\/www.facebook.com\\\/TrgovinaClair\\\/\"]}]}<\/script>\n<!-- \/ Yoast SEO plugin. -->","yoast_head_json":{"title":"Marstall Amino-Sport M\u00fcsli - Clair","description":"Marstall Amino-Sport M\u00fcsli sadr\u017ei malo \u017eitnih pahuljica i zobi. Kvalitetnu hranu marke Marstall mo\u017eete prona\u0107i u na\u0161oj web trgovini!","robots":{"index":"index","follow":"follow","max-snippet":"max-snippet:-1","max-image-preview":"max-image-preview:large","max-video-preview":"max-video-preview:-1"},"canonical":"https:\/\/clair.si\/hr\/izdelek\/marstall-amino-sport-musli\/","og_locale":"hr_HR","og_type":"article","og_title":"Marstall Amino-Sport M\u00fcsli - Clair","og_description":"Marstall Amino-Sport M\u00fcsli sadr\u017ei malo \u017eitnih pahuljica i zobi. Kvalitetnu hranu marke Marstall mo\u017eete prona\u0107i u na\u0161oj web trgovini!","og_url":"https:\/\/clair.si\/hr\/izdelek\/marstall-amino-sport-musli\/","og_site_name":"Clair","article_publisher":"https:\/\/www.facebook.com\/TrgovinaClair\/","article_modified_time":"2026-04-09T07:21:15+00:00","og_image":[{"width":800,"height":800,"url":"https:\/\/clair.si\/wp-content\/uploads\/2022\/05\/amino-sport-marstall-hrana-za-konje.webp","type":"image\/jpeg"}],"twitter_card":"summary_large_image","twitter_misc":{"Procijenjeno vrijeme \u010ditanja":"4 minute"},"schema":{"@context":"https:\/\/schema.org","@graph":[{"@type":"WebPage","@id":"https:\/\/clair.si\/hr\/izdelek\/marstall-amino-sport-musli\/","url":"https:\/\/clair.si\/hr\/izdelek\/marstall-amino-sport-musli\/","name":"Marstall Amino-Sport M\u00fcsli - Clair","isPartOf":{"@id":"https:\/\/clair.si\/#website"},"primaryImageOfPage":{"@id":"https:\/\/clair.si\/hr\/izdelek\/marstall-amino-sport-musli\/#primaryimage"},"image":{"@id":"https:\/\/clair.si\/hr\/izdelek\/marstall-amino-sport-musli\/#primaryimage"},"thumbnailUrl":"https:\/\/clair.si\/wp-content\/uploads\/2022\/05\/amino-sport-marstall-hrana-za-konje.webp","datePublished":"2022-05-23T12:10:04+00:00","dateModified":"2026-04-09T07:21:15+00:00","description":"Marstall Amino-Sport M\u00fcsli sadr\u017ei malo \u017eitnih pahuljica i zobi. Kvalitetnu hranu marke Marstall mo\u017eete prona\u0107i u na\u0161oj web trgovini!","breadcrumb":{"@id":"https:\/\/clair.si\/hr\/izdelek\/marstall-amino-sport-musli\/#breadcrumb"},"inLanguage":"hr","potentialAction":[{"@type":"ReadAction","target":["https:\/\/clair.si\/hr\/izdelek\/marstall-amino-sport-musli\/"]}]},{"@type":"ImageObject","inLanguage":"hr","@id":"https:\/\/clair.si\/hr\/izdelek\/marstall-amino-sport-musli\/#primaryimage","url":"https:\/\/clair.si\/wp-content\/uploads\/2022\/05\/amino-sport-marstall-hrana-za-konje.webp","contentUrl":"https:\/\/clair.si\/wp-content\/uploads\/2022\/05\/amino-sport-marstall-hrana-za-konje.webp","width":800,"height":800,"caption":"Amino sport musli Marstall hrana za konje."},{"@type":"BreadcrumbList","@id":"https:\/\/clair.si\/hr\/izdelek\/marstall-amino-sport-musli\/#breadcrumb","itemListElement":[{"@type":"ListItem","position":1,"name":"Home","item":"https:\/\/clair.si\/hr\/"},{"@type":"ListItem","position":2,"name":"Trgovina","item":"https:\/\/clair.si\/trgovina\/"},{"@type":"ListItem","position":3,"name":"Marstall Amino-Sport M\u00fcsli"}]},{"@type":"WebSite","@id":"https:\/\/clair.si\/#website","url":"https:\/\/clair.si\/","name":"Clair","description":"Trgovina s konjeni\u0161ko opremo","publisher":{"@id":"https:\/\/clair.si\/#organization"},"potentialAction":[{"@type":"SearchAction","target":{"@type":"EntryPoint","urlTemplate":"https:\/\/clair.si\/?s={search_term_string}"},"query-input":{"@type":"PropertyValueSpecification","valueRequired":true,"valueName":"search_term_string"}}],"inLanguage":"hr"},{"@type":"Organization","@id":"https:\/\/clair.si\/#organization","name":"Clair","url":"https:\/\/clair.si\/","logo":{"@type":"ImageObject","inLanguage":"hr","@id":"https:\/\/clair.si\/#\/schema\/logo\/image\/","url":"https:\/\/clair.si\/wp-content\/uploads\/2022\/11\/clair_logo_2022.jpg","contentUrl":"https:\/\/clair.si\/wp-content\/uploads\/2022\/11\/clair_logo_2022.jpg","width":1920,"height":1920,"caption":"Clair"},"image":{"@id":"https:\/\/clair.si\/#\/schema\/logo\/image\/"},"sameAs":["https:\/\/www.facebook.com\/TrgovinaClair\/"]}]}},"_links":{"self":[{"href":"https:\/\/clair.si\/hr\/wp-json\/wp\/v2\/product\/104568","targetHints":{"allow":["GET"]}}],"collection":[{"href":"https:\/\/clair.si\/hr\/wp-json\/wp\/v2\/product"}],"about":[{"href":"https:\/\/clair.si\/hr\/wp-json\/wp\/v2\/types\/product"}],"version-history":[{"count":1,"href":"https:\/\/clair.si\/hr\/wp-json\/wp\/v2\/product\/104568\/revisions"}],"predecessor-version":[{"id":133698,"href":"https:\/\/clair.si\/hr\/wp-json\/wp\/v2\/product\/104568\/revisions\/133698"}],"wp:featuredmedia":[{"embeddable":true,"href":"https:\/\/clair.si\/hr\/wp-json\/wp\/v2\/media\/104571"}],"wp:attachment":[{"href":"https:\/\/clair.si\/hr\/wp-json\/wp\/v2\/media?parent=104568"}],"wp:term":[{"taxonomy":"product_brand","embeddable":true,"href":"https:\/\/clair.si\/hr\/wp-json\/wp\/v2\/product_brand?post=104568"},{"taxonomy":"product_cat","embeddable":true,"href":"https:\/\/clair.si\/hr\/wp-json\/wp\/v2\/product_cat?post=104568"},{"taxonomy":"product_tag","embeddable":true,"href":"https:\/\/clair.si\/hr\/wp-json\/wp\/v2\/product_tag?post=104568"}],"curies":[{"name":"wp","href":"https:\/\/api.w.org\/{rel}","templated":true}]}}