{"id":104572,"date":"2022-05-23T13:41:00","date_gmt":"2022-05-23T11:41:00","guid":{"rendered":"https:\/\/clair.si\/izdelek\/marstall-bergweisen-mash\/"},"modified":"2025-08-28T19:49:57","modified_gmt":"2025-08-28T17:49:57","slug":"marstall-bergweisen-mash","status":"publish","type":"product","link":"https:\/\/clair.si\/hr\/izdelek\/marstall-bergweisen-mash\/","title":{"rendered":"Marstall Bergweisen-Mash"},"content":{"rendered":"<p><strong>Marstall Bergwiesen-Mash<\/strong> je alternativa tradicionalnim ka\u0161ama, ali bez \u017eitarica i s niskim udjelom \u0161e\u0107era. Njegov iznimno lako probavljiv recept je prijateljski prema crijevima, pospje\u0161uje probavu i poti\u010de apetit. Bez \u017eitarica je, melase ili umjetnih \u0161e\u0107era, mekinja ili aroma te bez dodanih vitamina i minerala.<\/p>\n<p>Bogate Allg\u00e4u trave, korisno bilje i sastojci koji dokazano poma\u017eu pri probavi, kao \u0161to su laneno sjeme, pivska zrna i pivski kvasac, poma\u017eu u odr\u017eavanju zdravog \u017eeluca i crijeva. Marstall Bergwiesen-Mash mo\u017ee se hraniti kao topao ili hladan obrok. Blagotvorni i dijetetski u\u010dinak ka\u0161e poznat je ve\u0107 tisu\u0107lje\u0107ima. Voditelji \u0161tala ve\u0107 generacijama koriste tople obroke u razli\u010ditim situacijama, na primjer kod (kroni\u010dnih) probavnih tegoba, prije i tijekom izmjene dlake, tijekom oporavka, za konje s osjetljivim metabolizmom, starije konje, one sa zubnim problemima&#8230;<\/p>\n<p><strong>Marstall Bergwiesen-Mash<\/strong> kombinira pozitivne osobine tradicionalne tople \u017eitne ka\u0161e, ali je potpuno bez \u017eitarica i stoga s receptom bez \u0161kroba.<\/p>\n<p>Osnova je nje\u017eno na toplom zraku su\u0161ena i sitno sjeckana trava Allg\u00e4u. Ta je bogata prirodnim sastojcima, kao \u0161to su sekundarni biljni materijali. Osigurava sirova vlakna s prebioti\u010dkim svojstvima, koja poma\u017eu stabilizirati crijevnu floru. Ta vlakna odr\u017eavaju nisku razinu inzulina, poma\u017eu pri metabolizmu i podr\u017eavaju probavu.<\/p>\n<p>Ekstrakt lanenog bra\u0161na i \u017euto-zlatno laneno sjeme proizvode esencijalnu sluz, koja stvara za\u0161titni sloj na osjetljivim sluznicama crijeva i kao topljiva vlakna pozitivno utje\u010de na probavu. Osim toga, u ka\u0161u su dodane visoke koli\u010dine bjelan\u010devina i masti kao potrebna hranjiva i protuupalne omega-3 masne kiseline.<\/p>\n<p>Pivska zrna i pivski kvasac dokazano pozitivno utje\u010du na crijevnu floru i bogati su bitnim vitalnim elementima. Blagotvorno i aromati\u010dno bilje te jabu\u010dna ka\u0161a, bogata prehrambenim vlaknima i okusom, dopunjuju recept.<\/p>\n<p><strong>Sastav Marstall Bergweisen-Mash:<\/strong><\/p>\n<p><em>Trava, su\u0161ena pri visokoj temperaturi (iz trajno zelenog travnjaka iz Allg\u00e4ua) (35,50 %), ekstrahirana lanena sjemena (22,50 %), jabu\u010dna ka\u0161a, su\u0161ena (20,00 %), laneno sjeme (10,00 %), repi\u010dino ulje, rafinirano (3,00 %), su\u0161ena melasa iz \u0161e\u0107erne trske, aromati\u010dno bilje (kopriva, eukaliptus, korijander, sjemenke komora\u010da, listovi mo\u010dvarnog sljeza, timijan, kamilica, gr\u010dko sijeno, brezovi listovi, anis, smrekove iglice, rebratica, \u017ealfija, jagode, \u010de\u0161njak) (2,00 %), kalcijev karbonat, pivska zrna, pivski kvasac (0,80 %), sjemenke gr\u010dkog sijena (mljevene), natrijev klorid.<\/em><\/p>\n<p>Analiti\u010dki sastav: Sirove bjelan\u010devine 14,80 %, pcd* sirove bjelan\u010devine98,00 g, Sirova mast8,50 %, Sirova vlaknina16,40 %, Sirovi pepeo7,00 %, energija (DE)11.30 MJ, energija (ME)9,80 MJ, kalcij0,90 %, Fosfor0,40 %, natrij0,25 %, magnezij0,25 %, \u0161krob4,50 %, \u0160e\u0107er5,00 %<br \/>\n*pcd = precaekalna probavljivost = lako se probavi u tankom crijevu = na voljo konju<\/p>\n","protected":false},"excerpt":{"rendered":"<p><strong>Za ovaj proizvod se zbog dimenzija ili te\u017eine obra\u010dunavaju dodatni tro\u0161kovi po\u0161tarine u vrijednosti 15\u20ac \/ kom.<\/strong><\/p>\n<p><strong>Mash (ka\u0161a) bez \u017eitarica i melase<\/strong><\/p>\n<ul>\n<li>uravnote\u017euje rad crijeva<\/li>\n<li>brzo pripremljen obrok<\/li>\n<li>ukusan topao ili hladan<\/li>\n<li>s biljem<\/li>\n<\/ul>\n<p><strong>Koli\u010dina: 12,5 kg<\/strong><\/p>\n","protected":false},"featured_media":119640,"template":"","meta":{"footnotes":""},"product_brand":[],"product_cat":[6090,5710,6089],"product_tag":[],"class_list":{"0":"post-104572","1":"product","2":"type-product","3":"status-publish","4":"has-post-thumbnail","6":"product_cat-bez-zitarica","7":"product_cat-hrana-za-konje-hr","8":"product_cat-marstall-hr","9":"product_shipping_class-marstall-hr","11":"first","12":"instock","13":"sale","14":"shipping-taxable","15":"purchasable","16":"product-type-simple"},"yoast_head":"<!-- This site is optimized with the Yoast SEO plugin v27.4 - https:\/\/yoast.com\/product\/yoast-seo-wordpress\/ -->\n<title>Marstall Bergwiesen-Mash - Clair<\/title>\n<meta name=\"description\" content=\"Marstall Bergwiesen-Mash kombinira pozitivne osobine tradicionalne tople \u017eitne ka\u0161e, ali je potpuno bez \u017eitarica i stoga s receptom bez \u0161kroba.\" \/>\n<meta name=\"robots\" content=\"index, follow, max-snippet:-1, max-image-preview:large, max-video-preview:-1\" \/>\n<link rel=\"canonical\" href=\"https:\/\/clair.si\/hr\/izdelek\/marstall-bergweisen-mash\/\" \/>\n<meta property=\"og:locale\" content=\"hr_HR\" \/>\n<meta property=\"og:type\" content=\"article\" \/>\n<meta property=\"og:title\" content=\"Marstall Bergwiesen-Mash - Clair\" \/>\n<meta property=\"og:description\" content=\"Marstall Bergwiesen-Mash kombinira pozitivne osobine tradicionalne tople \u017eitne ka\u0161e, ali je potpuno bez \u017eitarica i stoga s receptom bez \u0161kroba.\" \/>\n<meta property=\"og:url\" content=\"https:\/\/clair.si\/hr\/izdelek\/marstall-bergweisen-mash\/\" \/>\n<meta property=\"og:site_name\" content=\"Clair\" \/>\n<meta property=\"article:publisher\" content=\"https:\/\/www.facebook.com\/TrgovinaClair\/\" \/>\n<meta property=\"article:modified_time\" content=\"2025-08-28T17:49:57+00:00\" \/>\n<meta property=\"og:image\" content=\"https:\/\/clair.si\/wp-content\/uploads\/2022\/05\/Bergwiesen-mash.webp\" \/>\n\t<meta property=\"og:image:width\" content=\"800\" \/>\n\t<meta property=\"og:image:height\" content=\"800\" \/>\n\t<meta property=\"og:image:type\" content=\"image\/jpeg\" \/>\n<meta name=\"twitter:card\" content=\"summary_large_image\" \/>\n<meta name=\"twitter:label1\" content=\"Procijenjeno vrijeme \u010ditanja\" \/>\n\t<meta name=\"twitter:data1\" content=\"3 minute\" \/>\n<script type=\"application\/ld+json\" class=\"yoast-schema-graph\">{\"@context\":\"https:\\\/\\\/schema.org\",\"@graph\":[{\"@type\":\"WebPage\",\"@id\":\"https:\\\/\\\/clair.si\\\/hr\\\/izdelek\\\/marstall-bergweisen-mash\\\/\",\"url\":\"https:\\\/\\\/clair.si\\\/hr\\\/izdelek\\\/marstall-bergweisen-mash\\\/\",\"name\":\"Marstall Bergwiesen-Mash - Clair\",\"isPartOf\":{\"@id\":\"https:\\\/\\\/clair.si\\\/#website\"},\"primaryImageOfPage\":{\"@id\":\"https:\\\/\\\/clair.si\\\/hr\\\/izdelek\\\/marstall-bergweisen-mash\\\/#primaryimage\"},\"image\":{\"@id\":\"https:\\\/\\\/clair.si\\\/hr\\\/izdelek\\\/marstall-bergweisen-mash\\\/#primaryimage\"},\"thumbnailUrl\":\"https:\\\/\\\/clair.si\\\/wp-content\\\/uploads\\\/2022\\\/05\\\/Bergwiesen-mash.webp\",\"datePublished\":\"2022-05-23T11:41:00+00:00\",\"dateModified\":\"2025-08-28T17:49:57+00:00\",\"description\":\"Marstall Bergwiesen-Mash kombinira pozitivne osobine tradicionalne tople \u017eitne ka\u0161e, ali je potpuno bez \u017eitarica i stoga s receptom bez \u0161kroba.\",\"breadcrumb\":{\"@id\":\"https:\\\/\\\/clair.si\\\/hr\\\/izdelek\\\/marstall-bergweisen-mash\\\/#breadcrumb\"},\"inLanguage\":\"hr\",\"potentialAction\":[{\"@type\":\"ReadAction\",\"target\":[\"https:\\\/\\\/clair.si\\\/hr\\\/izdelek\\\/marstall-bergweisen-mash\\\/\"]}]},{\"@type\":\"ImageObject\",\"inLanguage\":\"hr\",\"@id\":\"https:\\\/\\\/clair.si\\\/hr\\\/izdelek\\\/marstall-bergweisen-mash\\\/#primaryimage\",\"url\":\"https:\\\/\\\/clair.si\\\/wp-content\\\/uploads\\\/2022\\\/05\\\/Bergwiesen-mash.webp\",\"contentUrl\":\"https:\\\/\\\/clair.si\\\/wp-content\\\/uploads\\\/2022\\\/05\\\/Bergwiesen-mash.webp\",\"width\":800,\"height\":800},{\"@type\":\"BreadcrumbList\",\"@id\":\"https:\\\/\\\/clair.si\\\/hr\\\/izdelek\\\/marstall-bergweisen-mash\\\/#breadcrumb\",\"itemListElement\":[{\"@type\":\"ListItem\",\"position\":1,\"name\":\"Home\",\"item\":\"https:\\\/\\\/clair.si\\\/hr\\\/\"},{\"@type\":\"ListItem\",\"position\":2,\"name\":\"Trgovina\",\"item\":\"https:\\\/\\\/clair.si\\\/trgovina\\\/\"},{\"@type\":\"ListItem\",\"position\":3,\"name\":\"Marstall Bergweisen-Mash\"}]},{\"@type\":\"WebSite\",\"@id\":\"https:\\\/\\\/clair.si\\\/#website\",\"url\":\"https:\\\/\\\/clair.si\\\/\",\"name\":\"Clair\",\"description\":\"Trgovina s konjeni\u0161ko opremo\",\"publisher\":{\"@id\":\"https:\\\/\\\/clair.si\\\/#organization\"},\"potentialAction\":[{\"@type\":\"SearchAction\",\"target\":{\"@type\":\"EntryPoint\",\"urlTemplate\":\"https:\\\/\\\/clair.si\\\/?s={search_term_string}\"},\"query-input\":{\"@type\":\"PropertyValueSpecification\",\"valueRequired\":true,\"valueName\":\"search_term_string\"}}],\"inLanguage\":\"hr\"},{\"@type\":\"Organization\",\"@id\":\"https:\\\/\\\/clair.si\\\/#organization\",\"name\":\"Clair\",\"url\":\"https:\\\/\\\/clair.si\\\/\",\"logo\":{\"@type\":\"ImageObject\",\"inLanguage\":\"hr\",\"@id\":\"https:\\\/\\\/clair.si\\\/#\\\/schema\\\/logo\\\/image\\\/\",\"url\":\"https:\\\/\\\/clair.si\\\/wp-content\\\/uploads\\\/2022\\\/11\\\/clair_logo_2022.jpg\",\"contentUrl\":\"https:\\\/\\\/clair.si\\\/wp-content\\\/uploads\\\/2022\\\/11\\\/clair_logo_2022.jpg\",\"width\":1920,\"height\":1920,\"caption\":\"Clair\"},\"image\":{\"@id\":\"https:\\\/\\\/clair.si\\\/#\\\/schema\\\/logo\\\/image\\\/\"},\"sameAs\":[\"https:\\\/\\\/www.facebook.com\\\/TrgovinaClair\\\/\"]}]}<\/script>\n<!-- \/ Yoast SEO plugin. -->","yoast_head_json":{"title":"Marstall Bergwiesen-Mash - Clair","description":"Marstall Bergwiesen-Mash kombinira pozitivne osobine tradicionalne tople \u017eitne ka\u0161e, ali je potpuno bez \u017eitarica i stoga s receptom bez \u0161kroba.","robots":{"index":"index","follow":"follow","max-snippet":"max-snippet:-1","max-image-preview":"max-image-preview:large","max-video-preview":"max-video-preview:-1"},"canonical":"https:\/\/clair.si\/hr\/izdelek\/marstall-bergweisen-mash\/","og_locale":"hr_HR","og_type":"article","og_title":"Marstall Bergwiesen-Mash - Clair","og_description":"Marstall Bergwiesen-Mash kombinira pozitivne osobine tradicionalne tople \u017eitne ka\u0161e, ali je potpuno bez \u017eitarica i stoga s receptom bez \u0161kroba.","og_url":"https:\/\/clair.si\/hr\/izdelek\/marstall-bergweisen-mash\/","og_site_name":"Clair","article_publisher":"https:\/\/www.facebook.com\/TrgovinaClair\/","article_modified_time":"2025-08-28T17:49:57+00:00","og_image":[{"width":800,"height":800,"url":"https:\/\/clair.si\/wp-content\/uploads\/2022\/05\/Bergwiesen-mash.webp","type":"image\/jpeg"}],"twitter_card":"summary_large_image","twitter_misc":{"Procijenjeno vrijeme \u010ditanja":"3 minute"},"schema":{"@context":"https:\/\/schema.org","@graph":[{"@type":"WebPage","@id":"https:\/\/clair.si\/hr\/izdelek\/marstall-bergweisen-mash\/","url":"https:\/\/clair.si\/hr\/izdelek\/marstall-bergweisen-mash\/","name":"Marstall Bergwiesen-Mash - Clair","isPartOf":{"@id":"https:\/\/clair.si\/#website"},"primaryImageOfPage":{"@id":"https:\/\/clair.si\/hr\/izdelek\/marstall-bergweisen-mash\/#primaryimage"},"image":{"@id":"https:\/\/clair.si\/hr\/izdelek\/marstall-bergweisen-mash\/#primaryimage"},"thumbnailUrl":"https:\/\/clair.si\/wp-content\/uploads\/2022\/05\/Bergwiesen-mash.webp","datePublished":"2022-05-23T11:41:00+00:00","dateModified":"2025-08-28T17:49:57+00:00","description":"Marstall Bergwiesen-Mash kombinira pozitivne osobine tradicionalne tople \u017eitne ka\u0161e, ali je potpuno bez \u017eitarica i stoga s receptom bez \u0161kroba.","breadcrumb":{"@id":"https:\/\/clair.si\/hr\/izdelek\/marstall-bergweisen-mash\/#breadcrumb"},"inLanguage":"hr","potentialAction":[{"@type":"ReadAction","target":["https:\/\/clair.si\/hr\/izdelek\/marstall-bergweisen-mash\/"]}]},{"@type":"ImageObject","inLanguage":"hr","@id":"https:\/\/clair.si\/hr\/izdelek\/marstall-bergweisen-mash\/#primaryimage","url":"https:\/\/clair.si\/wp-content\/uploads\/2022\/05\/Bergwiesen-mash.webp","contentUrl":"https:\/\/clair.si\/wp-content\/uploads\/2022\/05\/Bergwiesen-mash.webp","width":800,"height":800},{"@type":"BreadcrumbList","@id":"https:\/\/clair.si\/hr\/izdelek\/marstall-bergweisen-mash\/#breadcrumb","itemListElement":[{"@type":"ListItem","position":1,"name":"Home","item":"https:\/\/clair.si\/hr\/"},{"@type":"ListItem","position":2,"name":"Trgovina","item":"https:\/\/clair.si\/trgovina\/"},{"@type":"ListItem","position":3,"name":"Marstall Bergweisen-Mash"}]},{"@type":"WebSite","@id":"https:\/\/clair.si\/#website","url":"https:\/\/clair.si\/","name":"Clair","description":"Trgovina s konjeni\u0161ko opremo","publisher":{"@id":"https:\/\/clair.si\/#organization"},"potentialAction":[{"@type":"SearchAction","target":{"@type":"EntryPoint","urlTemplate":"https:\/\/clair.si\/?s={search_term_string}"},"query-input":{"@type":"PropertyValueSpecification","valueRequired":true,"valueName":"search_term_string"}}],"inLanguage":"hr"},{"@type":"Organization","@id":"https:\/\/clair.si\/#organization","name":"Clair","url":"https:\/\/clair.si\/","logo":{"@type":"ImageObject","inLanguage":"hr","@id":"https:\/\/clair.si\/#\/schema\/logo\/image\/","url":"https:\/\/clair.si\/wp-content\/uploads\/2022\/11\/clair_logo_2022.jpg","contentUrl":"https:\/\/clair.si\/wp-content\/uploads\/2022\/11\/clair_logo_2022.jpg","width":1920,"height":1920,"caption":"Clair"},"image":{"@id":"https:\/\/clair.si\/#\/schema\/logo\/image\/"},"sameAs":["https:\/\/www.facebook.com\/TrgovinaClair\/"]}]}},"_links":{"self":[{"href":"https:\/\/clair.si\/hr\/wp-json\/wp\/v2\/product\/104572","targetHints":{"allow":["GET"]}}],"collection":[{"href":"https:\/\/clair.si\/hr\/wp-json\/wp\/v2\/product"}],"about":[{"href":"https:\/\/clair.si\/hr\/wp-json\/wp\/v2\/types\/product"}],"version-history":[{"count":0,"href":"https:\/\/clair.si\/hr\/wp-json\/wp\/v2\/product\/104572\/revisions"}],"wp:featuredmedia":[{"embeddable":true,"href":"https:\/\/clair.si\/hr\/wp-json\/wp\/v2\/media\/119640"}],"wp:attachment":[{"href":"https:\/\/clair.si\/hr\/wp-json\/wp\/v2\/media?parent=104572"}],"wp:term":[{"taxonomy":"product_brand","embeddable":true,"href":"https:\/\/clair.si\/hr\/wp-json\/wp\/v2\/product_brand?post=104572"},{"taxonomy":"product_cat","embeddable":true,"href":"https:\/\/clair.si\/hr\/wp-json\/wp\/v2\/product_cat?post=104572"},{"taxonomy":"product_tag","embeddable":true,"href":"https:\/\/clair.si\/hr\/wp-json\/wp\/v2\/product_tag?post=104572"}],"curies":[{"name":"wp","href":"https:\/\/api.w.org\/{rel}","templated":true}]}}