{"id":104575,"date":"2022-05-23T13:45:20","date_gmt":"2022-05-23T11:45:20","guid":{"rendered":"https:\/\/clair.si\/izdelek\/marstall-faser-light\/"},"modified":"2025-08-28T19:49:50","modified_gmt":"2025-08-28T17:49:50","slug":"marstall-faser-light","status":"publish","type":"product","link":"https:\/\/clair.si\/hr\/izdelek\/marstall-faser-light\/","title":{"rendered":"Marstall Faser-Light"},"content":{"rendered":"<p><strong>Marstall Faser-Light<\/strong> je strukturna hrana sa smanjenim udjelom \u0161kroba i energije, s prebioti\u010dkim u\u010dinkom.<\/p>\n<p>Marstall Faser-Light je savr\u0161en za konje koji obavljaju lagani rad ili uop\u0107e ne rade. Formuliran je tako da zadovolji sve potrebe i ne sadr\u017ei \u017eitarice ili melasu, stoga ima vrlo malo \u0161kroba i \u0161e\u0107era. To odr\u017eava nisku razinu inzulina a podr\u017eava metabolizam.<\/p>\n<p><strong>Marstall Faser-Light<\/strong> je bogat visokokvalitetnim vlaknima i biljkama s livada Allg\u00e4u. Zadovoljava potrebe konja za \u017evakanjem, pove\u0107ava se proizvodnja sline, a ta poma\u017ee neutralizirati kiselost u crijevima. Posebna mje\u0161avina Marstall Previta-Fibre daje ovoj strukturnoj hrani prebioti\u010dki u\u010dinak. Probava razli\u010ditih vlakana od strane mikroba u debelom crijevu stvara dragocjena hranjiva, koja su bitna za zdravlje crijeva i dobar metabolizam, koji konj treba: kratkoveri\u017ene masne kiseline. Ti odr\u017eavaju crijevne stanice i konju osiguravaju energiju, a da ne utje\u010du na razinu inzulina u krvi.<\/p>\n<p>Osim dragocjenih vlakana Marstall Faser-Light sadr\u017ei sve va\u017ene minerale, elemente u tragovima i vitamine, zbog \u010dega je idealna krmna smjesa sa smanjenim kalorijama. U mje\u0161ovitom krdu konja s Marstal Faser-Light izbjegavamo pro\u017edrljivost nekih konja, jer i dobri jeda\u010di imaju ne\u0161to u svom koritu. Tekstura poti\u010de \u017evakanje, \u010dime hranjenje traje du\u017ee.<\/p>\n<p>Dugotrajna uporaba hrane, koja sadr\u017ei puno \u0161kroba i \u0161e\u0107era, mo\u017ee kod konja, koji ne rade ili obavljaju lagani rad, uzrokovati pove\u0107anje tjelesne mase i metaboli\u010dke poreme\u0107aje povezane s prehranom, kao \u0161to su otpornost na inzulin, EMS ili laminitis. Ti konji bi op\u0107enito trebali dobiti hranu bez \u017eitarica i melase. Travni\u010dka pa\u0161na trava mo\u017ee tako\u0111er sadr\u017eavati puno \u0161e\u0107era, stoga je potrebno vrijeme pa\u0161e po potrebi ograni\u010diti.<\/p>\n<p><strong>Sastav:<\/strong><\/p>\n<p><em>Trava, su\u0161ena pri visokim temperaturama (s trajnih pa\u0161njaka Allg\u00e4uja) (43,00 %), jabu\u010dna ka\u0161a, su\u0161ena, gra\u0161kovi kosmi\u010di, lucerna, su\u0161ena pri visokim temperaturama (5,00 %), repi\u010dino ulje, rafinirano, pivovarska zrna, koren\u010dkovi kosmi\u010di, su\u0161eni pulpa cikorije (2,80 %), pivski kvasac, lignoceluloza (iz smreke) (2,10 %), suncokretova sjemena, kalcijev karbonat, monokalcijev fosfat, natrijev klorid, magnezijev oksid, sjemena badlja, kopriva i korijen masla\u010dka.<\/em><\/p>\n<p>Analiti\u010dki sastav: sirove bjelan\u010devine (SB): 9,50 %, probavljive sirove bjelan\u010devine (PSB): 5,20 %, sirova mast (SM): 7,00 %, sirova vlaknina (SV): 21,00 %, sirov pepeo (SP): 11,00 %, energija (DE): 9,50 MJ\/kg, energija (ME) GfE 2014: 8,00 MJ\/kg, \u0161krob: 2,60 %, \u0161e\u0107eri: 5,90 %, kalcij: 1,00 %, fosfor: 0,50 %, natrij: 0,50 %, magnezij: 0,90 %.<\/p>\n<p>Nutritivni dodaci (na 1 kg):<br \/>\nU masti topljivi vitamini: vitamin A (E 672) 29.000,00 I.E., vitamin D3 (E 671) 1.200,00 I.E., vitamin E 585,00 mg, vitamin K3 4,50 mg.<br \/>\nU vodi topljivi vitamini: vitamin C (3a312) 80,00 mg, vitamin B1 (3a821) 24,00 mg, vitamin B2 (riboflavin) 9,00 mg, vitamin B6 (piridoksin hidroklorid (3a831)) 15,00 mg, vitamin B12 (cianokobalamin) 100,00 \u00b5g, biotin (3a880) 1.600,00 \u00b5g, folna kiselina (3a316) 10,00 mg, holin klorid (3a890) 410,00 mg, kalcijev D-pantotenat (3a841) 20,00 mg, niacin (3a314) 35,00 mg.<br \/>\nElementi u tragovima: \u017eeljezo kao \u017eeljezov (II) sulfat, monohidrat (E1) 200,00 mg, bakar kao bakrov sulfat, pentahidrat (E4) 50,00 mg, cink kao cinkov oksid (E 6) 300,00 mg, mangan kao manganov (II) oksid (E 5) 180,00 mg, jod kao bezvodni kalcijev jodat (E 2) 2,40 mg, selen kao natrijev selenit (E 8) 1,40 mg.<\/p>\n","protected":false},"excerpt":{"rendered":"<p><strong>Za ovaj proizvod se zbog dimenzija ili te\u017eine obra\u010dunavaju dodatni tro\u0161kovi po\u0161tarine u vrijednosti 15\u20ac \/ kom.<\/strong><\/p>\n<p>&nbsp;<\/p>\n<p><strong>Niska energija i puno vlakana<\/strong><\/p>\n<ul>\n<li>sadr\u017ei visokogorsko sijeno<\/li>\n<li>s visokim udjelom vitamina i minerala<\/li>\n<li>bez \u017eitarica i melase<\/li>\n<\/ul>\n<p><strong>Koli\u010dina: 15 kg<\/strong><\/p>\n","protected":false},"featured_media":121925,"template":"","meta":{"footnotes":""},"product_brand":[],"product_cat":[6090,5710,6089],"product_tag":[],"class_list":{"0":"post-104575","1":"product","2":"type-product","3":"status-publish","4":"has-post-thumbnail","6":"product_cat-bez-zitarica","7":"product_cat-hrana-za-konje-hr","8":"product_cat-marstall-hr","9":"product_shipping_class-marstall-hr","11":"first","12":"instock","13":"shipping-taxable","14":"purchasable","15":"product-type-simple"},"yoast_head":"<!-- This site is optimized with the Yoast SEO plugin v27.3 - https:\/\/yoast.com\/product\/yoast-seo-wordpress\/ -->\n<title>Marstall Faser-Light - Clair<\/title>\n<meta name=\"description\" content=\"Marstall Faser-Light je savr\u0161en za konje koji obavljaju lagane poslove ili uop\u0107e ne rade. Provjerite ponudu Marstall hrane u na\u0161oj web trgovini!\" \/>\n<meta name=\"robots\" content=\"index, follow, max-snippet:-1, max-image-preview:large, max-video-preview:-1\" \/>\n<link rel=\"canonical\" href=\"https:\/\/clair.si\/hr\/izdelek\/marstall-faser-light\/\" \/>\n<meta property=\"og:locale\" content=\"hr_HR\" \/>\n<meta property=\"og:type\" content=\"article\" \/>\n<meta property=\"og:title\" content=\"Marstall Faser-Light - Clair\" \/>\n<meta property=\"og:description\" content=\"Marstall Faser-Light je savr\u0161en za konje koji obavljaju lagane poslove ili uop\u0107e ne rade. Provjerite ponudu Marstall hrane u na\u0161oj web trgovini!\" \/>\n<meta property=\"og:url\" content=\"https:\/\/clair.si\/hr\/izdelek\/marstall-faser-light\/\" \/>\n<meta property=\"og:site_name\" content=\"Clair\" \/>\n<meta property=\"article:publisher\" content=\"https:\/\/www.facebook.com\/TrgovinaClair\/\" \/>\n<meta property=\"article:modified_time\" content=\"2025-08-28T17:49:50+00:00\" \/>\n<meta property=\"og:image\" content=\"https:\/\/clair.si\/wp-content\/uploads\/2022\/05\/marstall-faser-light-hrana-za-konje.jpg\" \/>\n\t<meta property=\"og:image:width\" content=\"800\" \/>\n\t<meta property=\"og:image:height\" content=\"800\" \/>\n\t<meta property=\"og:image:type\" content=\"image\/jpeg\" \/>\n<meta name=\"twitter:card\" content=\"summary_large_image\" \/>\n<meta name=\"twitter:label1\" content=\"Procijenjeno vrijeme \u010ditanja\" \/>\n\t<meta name=\"twitter:data1\" content=\"3 minute\" \/>\n<script type=\"application\/ld+json\" class=\"yoast-schema-graph\">{\"@context\":\"https:\\\/\\\/schema.org\",\"@graph\":[{\"@type\":\"WebPage\",\"@id\":\"https:\\\/\\\/clair.si\\\/hr\\\/izdelek\\\/marstall-faser-light\\\/\",\"url\":\"https:\\\/\\\/clair.si\\\/hr\\\/izdelek\\\/marstall-faser-light\\\/\",\"name\":\"Marstall Faser-Light - Clair\",\"isPartOf\":{\"@id\":\"https:\\\/\\\/clair.si\\\/#website\"},\"primaryImageOfPage\":{\"@id\":\"https:\\\/\\\/clair.si\\\/hr\\\/izdelek\\\/marstall-faser-light\\\/#primaryimage\"},\"image\":{\"@id\":\"https:\\\/\\\/clair.si\\\/hr\\\/izdelek\\\/marstall-faser-light\\\/#primaryimage\"},\"thumbnailUrl\":\"https:\\\/\\\/clair.si\\\/wp-content\\\/uploads\\\/2022\\\/05\\\/faser-novi.webp\",\"datePublished\":\"2022-05-23T11:45:20+00:00\",\"dateModified\":\"2025-08-28T17:49:50+00:00\",\"description\":\"Marstall Faser-Light je savr\u0161en za konje koji obavljaju lagane poslove ili uop\u0107e ne rade. Provjerite ponudu Marstall hrane u na\u0161oj web trgovini!\",\"breadcrumb\":{\"@id\":\"https:\\\/\\\/clair.si\\\/hr\\\/izdelek\\\/marstall-faser-light\\\/#breadcrumb\"},\"inLanguage\":\"hr\",\"potentialAction\":[{\"@type\":\"ReadAction\",\"target\":[\"https:\\\/\\\/clair.si\\\/hr\\\/izdelek\\\/marstall-faser-light\\\/\"]}]},{\"@type\":\"ImageObject\",\"inLanguage\":\"hr\",\"@id\":\"https:\\\/\\\/clair.si\\\/hr\\\/izdelek\\\/marstall-faser-light\\\/#primaryimage\",\"url\":\"https:\\\/\\\/clair.si\\\/wp-content\\\/uploads\\\/2022\\\/05\\\/faser-novi.webp\",\"contentUrl\":\"https:\\\/\\\/clair.si\\\/wp-content\\\/uploads\\\/2022\\\/05\\\/faser-novi.webp\",\"width\":800,\"height\":800},{\"@type\":\"BreadcrumbList\",\"@id\":\"https:\\\/\\\/clair.si\\\/hr\\\/izdelek\\\/marstall-faser-light\\\/#breadcrumb\",\"itemListElement\":[{\"@type\":\"ListItem\",\"position\":1,\"name\":\"Home\",\"item\":\"https:\\\/\\\/clair.si\\\/hr\\\/\"},{\"@type\":\"ListItem\",\"position\":2,\"name\":\"Trgovina\",\"item\":\"https:\\\/\\\/clair.si\\\/trgovina\\\/\"},{\"@type\":\"ListItem\",\"position\":3,\"name\":\"Marstall Faser-Light\"}]},{\"@type\":\"WebSite\",\"@id\":\"https:\\\/\\\/clair.si\\\/#website\",\"url\":\"https:\\\/\\\/clair.si\\\/\",\"name\":\"Clair\",\"description\":\"Trgovina s konjeni\u0161ko opremo\",\"publisher\":{\"@id\":\"https:\\\/\\\/clair.si\\\/#organization\"},\"potentialAction\":[{\"@type\":\"SearchAction\",\"target\":{\"@type\":\"EntryPoint\",\"urlTemplate\":\"https:\\\/\\\/clair.si\\\/?s={search_term_string}\"},\"query-input\":{\"@type\":\"PropertyValueSpecification\",\"valueRequired\":true,\"valueName\":\"search_term_string\"}}],\"inLanguage\":\"hr\"},{\"@type\":\"Organization\",\"@id\":\"https:\\\/\\\/clair.si\\\/#organization\",\"name\":\"Clair\",\"url\":\"https:\\\/\\\/clair.si\\\/\",\"logo\":{\"@type\":\"ImageObject\",\"inLanguage\":\"hr\",\"@id\":\"https:\\\/\\\/clair.si\\\/#\\\/schema\\\/logo\\\/image\\\/\",\"url\":\"https:\\\/\\\/clair.si\\\/wp-content\\\/uploads\\\/2022\\\/11\\\/clair_logo_2022.jpg\",\"contentUrl\":\"https:\\\/\\\/clair.si\\\/wp-content\\\/uploads\\\/2022\\\/11\\\/clair_logo_2022.jpg\",\"width\":1920,\"height\":1920,\"caption\":\"Clair\"},\"image\":{\"@id\":\"https:\\\/\\\/clair.si\\\/#\\\/schema\\\/logo\\\/image\\\/\"},\"sameAs\":[\"https:\\\/\\\/www.facebook.com\\\/TrgovinaClair\\\/\"]}]}<\/script>\n<!-- \/ Yoast SEO plugin. -->","yoast_head_json":{"title":"Marstall Faser-Light - Clair","description":"Marstall Faser-Light je savr\u0161en za konje koji obavljaju lagane poslove ili uop\u0107e ne rade. Provjerite ponudu Marstall hrane u na\u0161oj web trgovini!","robots":{"index":"index","follow":"follow","max-snippet":"max-snippet:-1","max-image-preview":"max-image-preview:large","max-video-preview":"max-video-preview:-1"},"canonical":"https:\/\/clair.si\/hr\/izdelek\/marstall-faser-light\/","og_locale":"hr_HR","og_type":"article","og_title":"Marstall Faser-Light - Clair","og_description":"Marstall Faser-Light je savr\u0161en za konje koji obavljaju lagane poslove ili uop\u0107e ne rade. Provjerite ponudu Marstall hrane u na\u0161oj web trgovini!","og_url":"https:\/\/clair.si\/hr\/izdelek\/marstall-faser-light\/","og_site_name":"Clair","article_publisher":"https:\/\/www.facebook.com\/TrgovinaClair\/","article_modified_time":"2025-08-28T17:49:50+00:00","og_image":[{"width":800,"height":800,"url":"https:\/\/clair.si\/wp-content\/uploads\/2022\/05\/marstall-faser-light-hrana-za-konje.jpg","type":"image\/jpeg"}],"twitter_card":"summary_large_image","twitter_misc":{"Procijenjeno vrijeme \u010ditanja":"3 minute"},"schema":{"@context":"https:\/\/schema.org","@graph":[{"@type":"WebPage","@id":"https:\/\/clair.si\/hr\/izdelek\/marstall-faser-light\/","url":"https:\/\/clair.si\/hr\/izdelek\/marstall-faser-light\/","name":"Marstall Faser-Light - Clair","isPartOf":{"@id":"https:\/\/clair.si\/#website"},"primaryImageOfPage":{"@id":"https:\/\/clair.si\/hr\/izdelek\/marstall-faser-light\/#primaryimage"},"image":{"@id":"https:\/\/clair.si\/hr\/izdelek\/marstall-faser-light\/#primaryimage"},"thumbnailUrl":"https:\/\/clair.si\/wp-content\/uploads\/2022\/05\/faser-novi.webp","datePublished":"2022-05-23T11:45:20+00:00","dateModified":"2025-08-28T17:49:50+00:00","description":"Marstall Faser-Light je savr\u0161en za konje koji obavljaju lagane poslove ili uop\u0107e ne rade. Provjerite ponudu Marstall hrane u na\u0161oj web trgovini!","breadcrumb":{"@id":"https:\/\/clair.si\/hr\/izdelek\/marstall-faser-light\/#breadcrumb"},"inLanguage":"hr","potentialAction":[{"@type":"ReadAction","target":["https:\/\/clair.si\/hr\/izdelek\/marstall-faser-light\/"]}]},{"@type":"ImageObject","inLanguage":"hr","@id":"https:\/\/clair.si\/hr\/izdelek\/marstall-faser-light\/#primaryimage","url":"https:\/\/clair.si\/wp-content\/uploads\/2022\/05\/faser-novi.webp","contentUrl":"https:\/\/clair.si\/wp-content\/uploads\/2022\/05\/faser-novi.webp","width":800,"height":800},{"@type":"BreadcrumbList","@id":"https:\/\/clair.si\/hr\/izdelek\/marstall-faser-light\/#breadcrumb","itemListElement":[{"@type":"ListItem","position":1,"name":"Home","item":"https:\/\/clair.si\/hr\/"},{"@type":"ListItem","position":2,"name":"Trgovina","item":"https:\/\/clair.si\/trgovina\/"},{"@type":"ListItem","position":3,"name":"Marstall Faser-Light"}]},{"@type":"WebSite","@id":"https:\/\/clair.si\/#website","url":"https:\/\/clair.si\/","name":"Clair","description":"Trgovina s konjeni\u0161ko opremo","publisher":{"@id":"https:\/\/clair.si\/#organization"},"potentialAction":[{"@type":"SearchAction","target":{"@type":"EntryPoint","urlTemplate":"https:\/\/clair.si\/?s={search_term_string}"},"query-input":{"@type":"PropertyValueSpecification","valueRequired":true,"valueName":"search_term_string"}}],"inLanguage":"hr"},{"@type":"Organization","@id":"https:\/\/clair.si\/#organization","name":"Clair","url":"https:\/\/clair.si\/","logo":{"@type":"ImageObject","inLanguage":"hr","@id":"https:\/\/clair.si\/#\/schema\/logo\/image\/","url":"https:\/\/clair.si\/wp-content\/uploads\/2022\/11\/clair_logo_2022.jpg","contentUrl":"https:\/\/clair.si\/wp-content\/uploads\/2022\/11\/clair_logo_2022.jpg","width":1920,"height":1920,"caption":"Clair"},"image":{"@id":"https:\/\/clair.si\/#\/schema\/logo\/image\/"},"sameAs":["https:\/\/www.facebook.com\/TrgovinaClair\/"]}]}},"_links":{"self":[{"href":"https:\/\/clair.si\/hr\/wp-json\/wp\/v2\/product\/104575","targetHints":{"allow":["GET"]}}],"collection":[{"href":"https:\/\/clair.si\/hr\/wp-json\/wp\/v2\/product"}],"about":[{"href":"https:\/\/clair.si\/hr\/wp-json\/wp\/v2\/types\/product"}],"version-history":[{"count":0,"href":"https:\/\/clair.si\/hr\/wp-json\/wp\/v2\/product\/104575\/revisions"}],"wp:featuredmedia":[{"embeddable":true,"href":"https:\/\/clair.si\/hr\/wp-json\/wp\/v2\/media\/121925"}],"wp:attachment":[{"href":"https:\/\/clair.si\/hr\/wp-json\/wp\/v2\/media?parent=104575"}],"wp:term":[{"taxonomy":"product_brand","embeddable":true,"href":"https:\/\/clair.si\/hr\/wp-json\/wp\/v2\/product_brand?post=104575"},{"taxonomy":"product_cat","embeddable":true,"href":"https:\/\/clair.si\/hr\/wp-json\/wp\/v2\/product_cat?post=104575"},{"taxonomy":"product_tag","embeddable":true,"href":"https:\/\/clair.si\/hr\/wp-json\/wp\/v2\/product_tag?post=104575"}],"curies":[{"name":"wp","href":"https:\/\/api.w.org\/{rel}","templated":true}]}}