{"id":104578,"date":"2022-05-23T13:50:17","date_gmt":"2022-05-23T11:50:17","guid":{"rendered":"https:\/\/clair.si\/izdelek\/marstall-gastro-musli\/"},"modified":"2025-12-21T15:21:07","modified_gmt":"2025-12-21T14:21:07","slug":"marstall-gastro-musli","status":"publish","type":"product","link":"https:\/\/clair.si\/hr\/izdelek\/marstall-gastro-musli\/","title":{"rendered":"Marstall Gastro-M\u00fcsli"},"content":{"rendered":"<p><strong>Marstall Gastro-M\u00fcsli<\/strong> je osmi\u0161ljen prema najnovijim znanstvenim spoznajama za konje s osjetljivim \u017eelucem ili \u017eelu\u010danim problemima. Osim toga, nervozni i mr\u0161avi konji imaju koristi od ovog muslija jer je rije\u010d o receptu bez \u017eitarica koji ubla\u017eava \u017eelu\u010danu kiselinu i istovremeno je optimalno probavljiv. Musli bez melase je vrlo ukusan, jer su konji s problemima sa \u017eelucem \u010desto izbirljivi.<\/p>\n<p>Zahvaljuju\u0107i sjenenim vlaknima Allg\u00e4ua i mekoj timotejevoj travi, Gastro-M\u00fcsli ima visoku strukturnu vrijednost. To poti\u010de aktivnost \u017evakanja i time poti\u010de nastanak vi\u0161e sline. Ta zajedno s dodanim bikarbonatom ubla\u017eava \u017eelu\u010danu kiselinu. Recept bez \u017eitarica i bez melase tako\u0111er poma\u017ee u sprje\u010davanju ekstremne zakiseljenosti \u017eeluca.<\/p>\n<p>Grozdne tropine donose protuupalne polifenole u Marstall Gastro-M\u00fcsli, a antioksidansi i omega-3 masne kiseline dodatno podupiru taj u\u010dinak. Manan-oligosaharidi i \u00df-glukani podupiru zdravo probavno-crijevno okru\u017eenje s tvorbom prirodnog biofilma na crijevnoj sluznici, ja\u010daju imunolo\u0161ki sustav i ve\u017eu mikotoksine. Imaju i prebioti\u010dki u\u010dinak. Visoka vsebnost prebavljivih beljakovin v tankem \u010drevesu v musliju podpira mi\u0161ice in pomaga zlasti bolnikom s manj\u0161im \u017eelodcem, da ponovno pridobijo ve\u010d telesne mase.<\/p>\n<p>Budu\u0107i da stres i \u017eelu\u010dani problemi \u010desto idu ruku pod ruku, Gastro-M\u00fcsli sadr\u017ei dodatni magnezij. Od toga nemaju koristi samo nervozni konji, ve\u0107 je magnezij va\u017ean i za opu\u0161tanje mi\u0161i\u0107a.<\/p>\n<p><strong>Sastav:<\/strong><\/p>\n<p><em>Trava, su\u0161ena pri visokoj temperaturi (48%), suhe grozdne tropine (15%), sojino bra\u0161no (14%), ekstrahirano laneno sjeme (10,5%), biljna mast (uljana repica, rafinirana) (4%), trava su\u0161ena pri visokoj temperaturi (Timothy) (3%), kalcijev karbonat (1%), stijenke stanica pivskog kvasca (Saccharomyces cerevisiae) (1%), magnezijev oksid (0,9%), natrijev bikarbonat (0,8%), monokalcijev fosfat (0,5%).<\/em><\/p>\n<p>Sirove bjelan\u010devine 16,50 %, pcd* sirove bjelan\u010devine 110,00 g, sirova mast 6,80 %,<br \/>\nSirova vlaknina 17,00 %, sirovi pepeo 10,30 %, energija (DE) 10,50 MJ, energija (ME) 8,80 MJ,<br \/>\nKalcij 1,00 %, fosfor 0,45 %, natrij 0,30 %, magnezij 0,70 %, \u0161krob 4,20 %, \u0161e\u0107er 6,50 %, amino kiseline lizin* 0,60 %, SAS(metionin + cistein)* 0,35 %, treonin* 0,45 %, triptofan 0,15 %, valin 0,60 %<br \/>\n*pcd = precekalna probavljivost = lako se probavlja u tankom crijevu = na raspolaganju konju<br \/>\nPrehrambeni dodaci na kg marstall Gastro-M\u00fcsli Vitamini topljivi u mastima: vitamin A-14.500,00 I.E., vitamin D3-650,00 I.E., vitamin E-280,00 mg, vitamin K3-5,50 mg<br \/>\nVodotopivi vitamini: vitamin C-30,00 mg, vitamin B1-17,00 mg, vitamin B2-4,00 mg, vitamin B6\/piridoksin hidroklorid-11,50 mg, vitamin B12\/cianokobalamin-30,00 mcg, biotin-195,00 mcg, folna kiselina-5,80 mg, holin klorid-190,00 mg, kalcijev D-pantotenat-18,50 mg, niacin-29,00 mg<br \/>\nElementi u tragovima: \u017eeljezo kao monohidrat \u017eeljezovog (II) sulfata-100,00 mg, bakar kao bakrov (II) sulfat pentahidrat-25,00 mg, cink kao cinkov oksid-165,00 mg, mangan kao manganov (II) oksid-95,00 mg, jod kao bezvodni kalcijev jodat-0,45 mg, selen kao natrijev selenit-0,50 mg<\/p>\n","protected":false},"excerpt":{"rendered":"<p><strong>Za ovaj proizvod se zbog dimenzija ili te\u017eine obra\u010dunavaju dodatni tro\u0161kovi po\u0161tarine u vrijednosti 15\u20ac \/ kom.<\/strong><\/p>\n<p>&nbsp;<\/p>\n<p><strong>Nje\u017eno za \u017eeludac<\/strong><\/p>\n<ul>\n<li>ubla\u017eava \u017eelu\u010danu kiselinu<\/li>\n<li>tako\u0111er za nervozne konje<\/li>\n<li>bez \u017eitarica i bez melase<\/li>\n<\/ul>\n<p><strong>Koli\u010dina: 20 kg<\/strong><\/p>\n","protected":false},"featured_media":121923,"template":"","meta":{"footnotes":""},"product_brand":[],"product_cat":[6090,5710,6089],"product_tag":[],"class_list":{"0":"post-104578","1":"product","2":"type-product","3":"status-publish","4":"has-post-thumbnail","6":"product_cat-bez-zitarica","7":"product_cat-hrana-za-konje-hr","8":"product_cat-marstall-hr","9":"product_shipping_class-marstall-hr","11":"first","12":"instock","13":"shipping-taxable","14":"purchasable","15":"product-type-simple"},"yoast_head":"<!-- This site is optimized with the Yoast SEO plugin v27.3 - https:\/\/yoast.com\/product\/yoast-seo-wordpress\/ -->\n<title>Marstall Gastro-M\u00fcsli - Clair<\/title>\n<meta name=\"description\" content=\"Marstall Gastro-M\u00fcsli je savr\u0161en za nervozne konje i konje koji imaju problema sa \u017eelucem. Sadr\u017ei i magnezij koji poma\u017ee pri opu\u0161tanju mi\u0161i\u0107a.\" \/>\n<meta name=\"robots\" content=\"index, follow, max-snippet:-1, max-image-preview:large, max-video-preview:-1\" \/>\n<link rel=\"canonical\" href=\"https:\/\/clair.si\/izdelek\/marstall-gastro-musli\/\" \/>\n<meta property=\"og:locale\" content=\"hr_HR\" \/>\n<meta property=\"og:type\" content=\"article\" \/>\n<meta property=\"og:title\" content=\"Marstall Gastro-M\u00fcsli - Clair\" \/>\n<meta property=\"og:description\" content=\"Marstall Gastro-M\u00fcsli je savr\u0161en za nervozne konje i konje koji imaju problema sa \u017eelucem. Sadr\u017ei i magnezij koji poma\u017ee pri opu\u0161tanju mi\u0161i\u0107a.\" \/>\n<meta property=\"og:url\" content=\"https:\/\/clair.si\/izdelek\/marstall-gastro-musli\/\" \/>\n<meta property=\"og:site_name\" content=\"Clair\" \/>\n<meta property=\"article:publisher\" content=\"https:\/\/www.facebook.com\/TrgovinaClair\/\" \/>\n<meta property=\"article:modified_time\" content=\"2025-12-21T14:21:07+00:00\" \/>\n<meta property=\"og:image\" content=\"https:\/\/clair.si\/wp-content\/uploads\/2022\/05\/marstall-gastromusli-za-konje.jpg\" \/>\n\t<meta property=\"og:image:width\" content=\"800\" \/>\n\t<meta property=\"og:image:height\" content=\"800\" \/>\n\t<meta property=\"og:image:type\" content=\"image\/jpeg\" \/>\n<meta name=\"twitter:card\" content=\"summary_large_image\" \/>\n<meta name=\"twitter:label1\" content=\"Procijenjeno vrijeme \u010ditanja\" \/>\n\t<meta name=\"twitter:data1\" content=\"3 minute\" \/>\n<script type=\"application\/ld+json\" class=\"yoast-schema-graph\">{\"@context\":\"https:\\\/\\\/schema.org\",\"@graph\":[{\"@type\":\"WebPage\",\"@id\":\"https:\\\/\\\/clair.si\\\/izdelek\\\/marstall-gastro-musli\\\/\",\"url\":\"https:\\\/\\\/clair.si\\\/izdelek\\\/marstall-gastro-musli\\\/\",\"name\":\"Marstall Gastro-M\u00fcsli - Clair\",\"isPartOf\":{\"@id\":\"https:\\\/\\\/clair.si\\\/#website\"},\"primaryImageOfPage\":{\"@id\":\"https:\\\/\\\/clair.si\\\/izdelek\\\/marstall-gastro-musli\\\/#primaryimage\"},\"image\":{\"@id\":\"https:\\\/\\\/clair.si\\\/izdelek\\\/marstall-gastro-musli\\\/#primaryimage\"},\"thumbnailUrl\":\"https:\\\/\\\/clair.si\\\/wp-content\\\/uploads\\\/2022\\\/05\\\/novi-gastro.webp\",\"datePublished\":\"2022-05-23T11:50:17+00:00\",\"dateModified\":\"2025-12-21T14:21:07+00:00\",\"description\":\"Marstall Gastro-M\u00fcsli je savr\u0161en za nervozne konje i konje koji imaju problema sa \u017eelucem. Sadr\u017ei i magnezij koji poma\u017ee pri opu\u0161tanju mi\u0161i\u0107a.\",\"breadcrumb\":{\"@id\":\"https:\\\/\\\/clair.si\\\/izdelek\\\/marstall-gastro-musli\\\/#breadcrumb\"},\"inLanguage\":\"hr\",\"potentialAction\":[{\"@type\":\"ReadAction\",\"target\":[\"https:\\\/\\\/clair.si\\\/izdelek\\\/marstall-gastro-musli\\\/\"]}]},{\"@type\":\"ImageObject\",\"inLanguage\":\"hr\",\"@id\":\"https:\\\/\\\/clair.si\\\/izdelek\\\/marstall-gastro-musli\\\/#primaryimage\",\"url\":\"https:\\\/\\\/clair.si\\\/wp-content\\\/uploads\\\/2022\\\/05\\\/novi-gastro.webp\",\"contentUrl\":\"https:\\\/\\\/clair.si\\\/wp-content\\\/uploads\\\/2022\\\/05\\\/novi-gastro.webp\",\"width\":800,\"height\":800},{\"@type\":\"BreadcrumbList\",\"@id\":\"https:\\\/\\\/clair.si\\\/izdelek\\\/marstall-gastro-musli\\\/#breadcrumb\",\"itemListElement\":[{\"@type\":\"ListItem\",\"position\":1,\"name\":\"Home\",\"item\":\"https:\\\/\\\/clair.si\\\/hr\\\/\"},{\"@type\":\"ListItem\",\"position\":2,\"name\":\"Trgovina\",\"item\":\"https:\\\/\\\/clair.si\\\/trgovina\\\/\"},{\"@type\":\"ListItem\",\"position\":3,\"name\":\"Marstall Gastro-M\u00fcsli\"}]},{\"@type\":\"WebSite\",\"@id\":\"https:\\\/\\\/clair.si\\\/#website\",\"url\":\"https:\\\/\\\/clair.si\\\/\",\"name\":\"Clair\",\"description\":\"Trgovina s konjeni\u0161ko opremo\",\"publisher\":{\"@id\":\"https:\\\/\\\/clair.si\\\/#organization\"},\"potentialAction\":[{\"@type\":\"SearchAction\",\"target\":{\"@type\":\"EntryPoint\",\"urlTemplate\":\"https:\\\/\\\/clair.si\\\/?s={search_term_string}\"},\"query-input\":{\"@type\":\"PropertyValueSpecification\",\"valueRequired\":true,\"valueName\":\"search_term_string\"}}],\"inLanguage\":\"hr\"},{\"@type\":\"Organization\",\"@id\":\"https:\\\/\\\/clair.si\\\/#organization\",\"name\":\"Clair\",\"url\":\"https:\\\/\\\/clair.si\\\/\",\"logo\":{\"@type\":\"ImageObject\",\"inLanguage\":\"hr\",\"@id\":\"https:\\\/\\\/clair.si\\\/#\\\/schema\\\/logo\\\/image\\\/\",\"url\":\"https:\\\/\\\/clair.si\\\/wp-content\\\/uploads\\\/2022\\\/11\\\/clair_logo_2022.jpg\",\"contentUrl\":\"https:\\\/\\\/clair.si\\\/wp-content\\\/uploads\\\/2022\\\/11\\\/clair_logo_2022.jpg\",\"width\":1920,\"height\":1920,\"caption\":\"Clair\"},\"image\":{\"@id\":\"https:\\\/\\\/clair.si\\\/#\\\/schema\\\/logo\\\/image\\\/\"},\"sameAs\":[\"https:\\\/\\\/www.facebook.com\\\/TrgovinaClair\\\/\"]}]}<\/script>\n<!-- \/ Yoast SEO plugin. -->","yoast_head_json":{"title":"Marstall Gastro-M\u00fcsli - Clair","description":"Marstall Gastro-M\u00fcsli je savr\u0161en za nervozne konje i konje koji imaju problema sa \u017eelucem. Sadr\u017ei i magnezij koji poma\u017ee pri opu\u0161tanju mi\u0161i\u0107a.","robots":{"index":"index","follow":"follow","max-snippet":"max-snippet:-1","max-image-preview":"max-image-preview:large","max-video-preview":"max-video-preview:-1"},"canonical":"https:\/\/clair.si\/izdelek\/marstall-gastro-musli\/","og_locale":"hr_HR","og_type":"article","og_title":"Marstall Gastro-M\u00fcsli - Clair","og_description":"Marstall Gastro-M\u00fcsli je savr\u0161en za nervozne konje i konje koji imaju problema sa \u017eelucem. Sadr\u017ei i magnezij koji poma\u017ee pri opu\u0161tanju mi\u0161i\u0107a.","og_url":"https:\/\/clair.si\/izdelek\/marstall-gastro-musli\/","og_site_name":"Clair","article_publisher":"https:\/\/www.facebook.com\/TrgovinaClair\/","article_modified_time":"2025-12-21T14:21:07+00:00","og_image":[{"width":800,"height":800,"url":"https:\/\/clair.si\/wp-content\/uploads\/2022\/05\/marstall-gastromusli-za-konje.jpg","type":"image\/jpeg"}],"twitter_card":"summary_large_image","twitter_misc":{"Procijenjeno vrijeme \u010ditanja":"3 minute"},"schema":{"@context":"https:\/\/schema.org","@graph":[{"@type":"WebPage","@id":"https:\/\/clair.si\/izdelek\/marstall-gastro-musli\/","url":"https:\/\/clair.si\/izdelek\/marstall-gastro-musli\/","name":"Marstall Gastro-M\u00fcsli - Clair","isPartOf":{"@id":"https:\/\/clair.si\/#website"},"primaryImageOfPage":{"@id":"https:\/\/clair.si\/izdelek\/marstall-gastro-musli\/#primaryimage"},"image":{"@id":"https:\/\/clair.si\/izdelek\/marstall-gastro-musli\/#primaryimage"},"thumbnailUrl":"https:\/\/clair.si\/wp-content\/uploads\/2022\/05\/novi-gastro.webp","datePublished":"2022-05-23T11:50:17+00:00","dateModified":"2025-12-21T14:21:07+00:00","description":"Marstall Gastro-M\u00fcsli je savr\u0161en za nervozne konje i konje koji imaju problema sa \u017eelucem. Sadr\u017ei i magnezij koji poma\u017ee pri opu\u0161tanju mi\u0161i\u0107a.","breadcrumb":{"@id":"https:\/\/clair.si\/izdelek\/marstall-gastro-musli\/#breadcrumb"},"inLanguage":"hr","potentialAction":[{"@type":"ReadAction","target":["https:\/\/clair.si\/izdelek\/marstall-gastro-musli\/"]}]},{"@type":"ImageObject","inLanguage":"hr","@id":"https:\/\/clair.si\/izdelek\/marstall-gastro-musli\/#primaryimage","url":"https:\/\/clair.si\/wp-content\/uploads\/2022\/05\/novi-gastro.webp","contentUrl":"https:\/\/clair.si\/wp-content\/uploads\/2022\/05\/novi-gastro.webp","width":800,"height":800},{"@type":"BreadcrumbList","@id":"https:\/\/clair.si\/izdelek\/marstall-gastro-musli\/#breadcrumb","itemListElement":[{"@type":"ListItem","position":1,"name":"Home","item":"https:\/\/clair.si\/hr\/"},{"@type":"ListItem","position":2,"name":"Trgovina","item":"https:\/\/clair.si\/trgovina\/"},{"@type":"ListItem","position":3,"name":"Marstall Gastro-M\u00fcsli"}]},{"@type":"WebSite","@id":"https:\/\/clair.si\/#website","url":"https:\/\/clair.si\/","name":"Clair","description":"Trgovina s konjeni\u0161ko opremo","publisher":{"@id":"https:\/\/clair.si\/#organization"},"potentialAction":[{"@type":"SearchAction","target":{"@type":"EntryPoint","urlTemplate":"https:\/\/clair.si\/?s={search_term_string}"},"query-input":{"@type":"PropertyValueSpecification","valueRequired":true,"valueName":"search_term_string"}}],"inLanguage":"hr"},{"@type":"Organization","@id":"https:\/\/clair.si\/#organization","name":"Clair","url":"https:\/\/clair.si\/","logo":{"@type":"ImageObject","inLanguage":"hr","@id":"https:\/\/clair.si\/#\/schema\/logo\/image\/","url":"https:\/\/clair.si\/wp-content\/uploads\/2022\/11\/clair_logo_2022.jpg","contentUrl":"https:\/\/clair.si\/wp-content\/uploads\/2022\/11\/clair_logo_2022.jpg","width":1920,"height":1920,"caption":"Clair"},"image":{"@id":"https:\/\/clair.si\/#\/schema\/logo\/image\/"},"sameAs":["https:\/\/www.facebook.com\/TrgovinaClair\/"]}]}},"_links":{"self":[{"href":"https:\/\/clair.si\/hr\/wp-json\/wp\/v2\/product\/104578","targetHints":{"allow":["GET"]}}],"collection":[{"href":"https:\/\/clair.si\/hr\/wp-json\/wp\/v2\/product"}],"about":[{"href":"https:\/\/clair.si\/hr\/wp-json\/wp\/v2\/types\/product"}],"version-history":[{"count":0,"href":"https:\/\/clair.si\/hr\/wp-json\/wp\/v2\/product\/104578\/revisions"}],"wp:featuredmedia":[{"embeddable":true,"href":"https:\/\/clair.si\/hr\/wp-json\/wp\/v2\/media\/121923"}],"wp:attachment":[{"href":"https:\/\/clair.si\/hr\/wp-json\/wp\/v2\/media?parent=104578"}],"wp:term":[{"taxonomy":"product_brand","embeddable":true,"href":"https:\/\/clair.si\/hr\/wp-json\/wp\/v2\/product_brand?post=104578"},{"taxonomy":"product_cat","embeddable":true,"href":"https:\/\/clair.si\/hr\/wp-json\/wp\/v2\/product_cat?post=104578"},{"taxonomy":"product_tag","embeddable":true,"href":"https:\/\/clair.si\/hr\/wp-json\/wp\/v2\/product_tag?post=104578"}],"curies":[{"name":"wp","href":"https:\/\/api.w.org\/{rel}","templated":true}]}}